{"id":3176,"date":"2024-09-16T08:15:44","date_gmt":"2024-09-16T08:15:44","guid":{"rendered":"https:\/\/nembutalboutique.com\/?post_type=product&#038;p=3176"},"modified":"2024-09-20T09:25:48","modified_gmt":"2024-09-20T09:25:48","slug":"u-48800","status":"publish","type":"product","link":"https:\/\/nembutalboutique.com\/pl\/produkt\/buy-u-48800\/","title":{"rendered":"U-48800"},"content":{"rendered":"<h2>Kup chlorowodorek U-48800 (CAS 2749298-67-5) online.<\/h2>\n<p><a href=\"https:\/\/nembutalboutique.com\/produit\/u-48800\/\">Kup, U-48800<\/a> Analityczna substancja referencyjna, Buy U-48800 (chlorowodorek), ma struktur\u0119 podobn\u0105 do dobrze znanych opioid\u00f3w. Zastosowania badawcze i kryminalistyczne s\u0105 rynkami docelowymi dla tego urz\u0105dzenia.<\/p>\n<p>Ten produkt spe\u0142nia wymagania produkcyjne i testowe ISO\/IEC 17025 i ISO Guide 34, co czyni go kwalifikowanym materia\u0142em odniesienia (QRM). Materia\u0142y te s\u0105 analizowane przy u\u017cyciu zatwierdzonych technik analitycznych z wykorzystaniem certyfikowanego sprz\u0119tu w celu zapewnienia powtarzalno\u015bci pomiar\u00f3w.<\/p>\n<h3>Dostawca U-48800<\/h3>\n<p>W tym miejscu mo\u017cna wyszuka\u0107 wszystkie MR, kt\u00f3re mo\u017cna namierzy\u0107, korzystaj\u0105c z numeru do\u0142adowania na etykiecie produktu, a tak\u017ce sprawdzi\u0107 ich CofA. Aby uzyska\u0107 oficjaln\u0105 kopi\u0119 CofA, skontaktuj si\u0119 z naszym dzia\u0142em pomocy technicznej.<\/p>\n<h3>Ostrze\u017cenie: unika\u0107 stosowania tego produktu na ludziach lub zwierz\u0119tach.<\/h3>\n<p>Dostawca U-48800 : <a href=\"https:\/\/en.wikipedia.org\/wiki\/U-48800\">U-48800<\/a> jest niezwykle silnym agonist\u0105 opioidowym, kt\u00f3ry powoduje przedawkowanie opioid\u00f3w i skutki uboczne. Nie jest on strukturalnie powi\u0105zany z fentanylem. Nowe syntetyczne opioidy (NSO), kt\u00f3re s\u0105 produkowane i sprzedawane nielegalnie w Dark Web za po\u015brednictwem tradycyjnych kana\u0142\u00f3w, to syntetyczne opioidy bez znanych korzy\u015bci medycznych, kt\u00f3re zosta\u0142y stworzone w celu omini\u0119cia przepis\u00f3w dotycz\u0105cych kontroli narkotyk\u00f3w, takich jak U-48800. Ten certyfikowany roztw\u00f3r Spiking\u00ae nadaje si\u0119 do stosowania w toksykologii klinicznej, analizie kryminalistycznej za pomoc\u0105 LC-MS\/MS lub GC\/MS oraz do bada\u0144 przesiewowych na obecno\u015b\u0107 narkotyk\u00f3w w moczu.<\/p>\n<h3>Fentanyl (U-47700, U-48800) mo\u017cna kupi\u0107 tutaj.<\/h3>\n<p>Ten produkt Cerilliant jest cz\u0119\u015bci\u0105 zestaw\u00f3w Opioid-CRM Centers for Disease Control and Prevention (CDC), kt\u00f3re zawieraj\u0105 ponad 40 CRM do u\u017cytku laboratoryjnego w odpowiedzi na kryzys opioidowy. Dost\u0119p do zestaw\u00f3w jest bezp\u0142atny dla o\u015brodk\u00f3w testowania narkotyk\u00f3w w Stanach Zjednoczonych.<\/p>","protected":false},"excerpt":{"rendered":"<p>Acheter du chlorhydrate (CAS 2749298-67-5) U-48800 en ligne. Acheter, U-48800 La substance de r\u00e9f\u00e9rence analytique, Buy U-48800 (chlorhydrate), a une structure ressemblant \u00e0 celle des opio\u00efdes bien connus. Les applications dans la recherche et la criminalistique sont les march\u00e9s cibles de cet appareil. Ce produit satisfait aux exigences de fabrication et de test de la [&hellip;]<\/p>","protected":false},"featured_media":3206,"comment_status":"open","ping_status":"closed","template":"","meta":{"_joinchat":[]},"product_brand":[],"product_cat":[529],"product_tag":[],"class_list":{"0":"post-3176","1":"product","2":"type-product","3":"status-publish","4":"has-post-thumbnail","6":"product_cat-opioids","8":"first","9":"instock","10":"shipping-taxable","11":"purchasable","12":"product-type-variable"},"yoast_head":"<!-- This site is optimized with the Yoast SEO plugin v23.5 - https:\/\/yoast.com\/wordpress\/plugins\/seo\/ -->\n<title>Achetez U-48800 en ligne - Poudre U-48800 \u00e0 vendre<\/title>\n<meta name=\"description\" content=\"Voici l&#039;occasion de vous procurer de la poudre U-48800 \u00e0 bas prix. La boutique en ligne Nembutal Boutique vend de la poudre U-48800 dans le monde entier. Commandez bient\u00f4t pour acheter de la poudre U-48800 en ligne !\" \/>\n<meta name=\"robots\" content=\"index, follow, max-snippet:-1, max-image-preview:large, max-video-preview:-1\" \/>\n<link rel=\"canonical\" href=\"https:\/\/nembutalboutique.com\/pl\/produkt\/buy-u-48800\/\" \/>\n<meta property=\"og:locale\" content=\"pl_PL\" \/>\n<meta property=\"og:type\" content=\"article\" \/>\n<meta property=\"og:title\" content=\"Achetez U-48800 en ligne - Poudre U-48800 \u00e0 vendre\" \/>\n<meta property=\"og:description\" content=\"Voici l&#039;occasion de vous procurer de la poudre U-48800 \u00e0 bas prix. La boutique en ligne Nembutal Boutique vend de la poudre U-48800 dans le monde entier. Commandez bient\u00f4t pour acheter de la poudre U-48800 en ligne !\" \/>\n<meta property=\"og:url\" content=\"https:\/\/nembutalboutique.com\/pl\/produkt\/buy-u-48800\/\" \/>\n<meta property=\"og:site_name\" content=\"Nembutal Boutique\" \/>\n<meta property=\"article:modified_time\" content=\"2024-09-20T09:25:48+00:00\" \/>\n<meta property=\"og:image\" content=\"https:\/\/nembutalboutique.com\/wp-content\/uploads\/2024\/09\/U-48800.gif\" \/>\n\t<meta property=\"og:image:width\" content=\"600\" \/>\n\t<meta property=\"og:image:height\" content=\"600\" \/>\n\t<meta property=\"og:image:type\" content=\"image\/gif\" \/>\n<meta name=\"twitter:card\" content=\"summary_large_image\" \/>\n<meta name=\"twitter:label1\" content=\"Szacowany czas czytania\" \/>\n\t<meta name=\"twitter:data1\" content=\"2 minuty\" \/>\n<script type=\"application\/ld+json\" class=\"yoast-schema-graph\">{\"@context\":\"https:\/\/schema.org\",\"@graph\":[{\"@type\":\"WebPage\",\"@id\":\"https:\/\/nembutalboutique.com\/produit\/u-48800\/\",\"url\":\"https:\/\/nembutalboutique.com\/produit\/u-48800\/\",\"name\":\"Achetez U-48800 en ligne - Poudre U-48800 \u00e0 vendre\",\"isPartOf\":{\"@id\":\"https:\/\/nembutalboutique.com\/#website\"},\"primaryImageOfPage\":{\"@id\":\"https:\/\/nembutalboutique.com\/produit\/u-48800\/#primaryimage\"},\"image\":{\"@id\":\"https:\/\/nembutalboutique.com\/produit\/u-48800\/#primaryimage\"},\"thumbnailUrl\":\"https:\/\/nembutalboutique.com\/wp-content\/uploads\/2024\/09\/U-48800.gif\",\"datePublished\":\"2024-09-16T08:15:44+00:00\",\"dateModified\":\"2024-09-20T09:25:48+00:00\",\"description\":\"Voici l'occasion de vous procurer de la poudre U-48800 \u00e0 bas prix. La boutique en ligne Nembutal Boutique vend de la poudre U-48800 dans le monde entier. Commandez bient\u00f4t pour acheter de la poudre U-48800 en ligne !\",\"breadcrumb\":{\"@id\":\"https:\/\/nembutalboutique.com\/produit\/u-48800\/#breadcrumb\"},\"inLanguage\":\"pl-PL\",\"potentialAction\":[{\"@type\":\"ReadAction\",\"target\":[\"https:\/\/nembutalboutique.com\/produit\/u-48800\/\"]}]},{\"@type\":\"ImageObject\",\"inLanguage\":\"pl-PL\",\"@id\":\"https:\/\/nembutalboutique.com\/produit\/u-48800\/#primaryimage\",\"url\":\"https:\/\/nembutalboutique.com\/wp-content\/uploads\/2024\/09\/U-48800.gif\",\"contentUrl\":\"https:\/\/nembutalboutique.com\/wp-content\/uploads\/2024\/09\/U-48800.gif\",\"width\":600,\"height\":600,\"caption\":\"Acheter U-48800.gif\"},{\"@type\":\"BreadcrumbList\",\"@id\":\"https:\/\/nembutalboutique.com\/produit\/u-48800\/#breadcrumb\",\"itemListElement\":[{\"@type\":\"ListItem\",\"position\":1,\"name\":\"Home\",\"item\":\"https:\/\/nembutalboutique.com\/\"},{\"@type\":\"ListItem\",\"position\":2,\"name\":\"Boutique\",\"item\":\"https:\/\/nembutalboutique.com\/shop\/\"},{\"@type\":\"ListItem\",\"position\":3,\"name\":\"U-48800\"}]},{\"@type\":\"WebSite\",\"@id\":\"https:\/\/nembutalboutique.com\/#website\",\"url\":\"https:\/\/nembutalboutique.com\/\",\"name\":\"Nembutal Boutique\",\"description\":\"My WordPress Blog\",\"publisher\":{\"@id\":\"https:\/\/nembutalboutique.com\/#organization\"},\"potentialAction\":[{\"@type\":\"SearchAction\",\"target\":{\"@type\":\"EntryPoint\",\"urlTemplate\":\"https:\/\/nembutalboutique.com\/?s={search_term_string}\"},\"query-input\":{\"@type\":\"PropertyValueSpecification\",\"valueRequired\":true,\"valueName\":\"search_term_string\"}}],\"inLanguage\":\"pl-PL\"},{\"@type\":\"Organization\",\"@id\":\"https:\/\/nembutalboutique.com\/#organization\",\"name\":\"Nembutal Boutique\",\"url\":\"https:\/\/nembutalboutique.com\/\",\"logo\":{\"@type\":\"ImageObject\",\"inLanguage\":\"pl-PL\",\"@id\":\"https:\/\/nembutalboutique.com\/#\/schema\/logo\/image\/\",\"url\":\"https:\/\/nembutalboutique.com\/wp-content\/uploads\/2024\/01\/logo.png\",\"contentUrl\":\"https:\/\/nembutalboutique.com\/wp-content\/uploads\/2024\/01\/logo.png\",\"width\":494,\"height\":121,\"caption\":\"Nembutal Boutique\"},\"image\":{\"@id\":\"https:\/\/nembutalboutique.com\/#\/schema\/logo\/image\/\"}}]}<\/script>\n<!-- \/ Yoast SEO plugin. -->","yoast_head_json":{"title":"Kup U-48800 online - Proszek U-48800 na sprzeda\u017c","description":"Oto Twoja szansa na zakup proszku U-48800 w niskiej cenie. Nembutal Boutique sprzedaje proszek U-48800 na ca\u0142ym \u015bwiecie. Zam\u00f3w wkr\u00f3tce, aby kupi\u0107 proszek U-48800 online!","robots":{"index":"index","follow":"follow","max-snippet":"max-snippet:-1","max-image-preview":"max-image-preview:large","max-video-preview":"max-video-preview:-1"},"canonical":"https:\/\/nembutalboutique.com\/pl\/produkt\/buy-u-48800\/","og_locale":"pl_PL","og_type":"article","og_title":"Achetez U-48800 en ligne - Poudre U-48800 \u00e0 vendre","og_description":"Voici l'occasion de vous procurer de la poudre U-48800 \u00e0 bas prix. La boutique en ligne Nembutal Boutique vend de la poudre U-48800 dans le monde entier. Commandez bient\u00f4t pour acheter de la poudre U-48800 en ligne !","og_url":"https:\/\/nembutalboutique.com\/pl\/produkt\/buy-u-48800\/","og_site_name":"Nembutal Boutique","article_modified_time":"2024-09-20T09:25:48+00:00","og_image":[{"width":600,"height":600,"url":"https:\/\/nembutalboutique.com\/wp-content\/uploads\/2024\/09\/U-48800.gif","type":"image\/gif"}],"twitter_card":"summary_large_image","twitter_misc":{"Szacowany czas czytania":"2 minuty"},"schema":{"@context":"https:\/\/schema.org","@graph":[{"@type":"WebPage","@id":"https:\/\/nembutalboutique.com\/produit\/u-48800\/","url":"https:\/\/nembutalboutique.com\/produit\/u-48800\/","name":"Kup U-48800 online - Proszek U-48800 na sprzeda\u017c","isPartOf":{"@id":"https:\/\/nembutalboutique.com\/#website"},"primaryImageOfPage":{"@id":"https:\/\/nembutalboutique.com\/produit\/u-48800\/#primaryimage"},"image":{"@id":"https:\/\/nembutalboutique.com\/produit\/u-48800\/#primaryimage"},"thumbnailUrl":"https:\/\/nembutalboutique.com\/wp-content\/uploads\/2024\/09\/U-48800.gif","datePublished":"2024-09-16T08:15:44+00:00","dateModified":"2024-09-20T09:25:48+00:00","description":"Oto Twoja szansa na zakup proszku U-48800 w niskiej cenie. Nembutal Boutique sprzedaje proszek U-48800 na ca\u0142ym \u015bwiecie. Zam\u00f3w wkr\u00f3tce, aby kupi\u0107 proszek U-48800 online!","breadcrumb":{"@id":"https:\/\/nembutalboutique.com\/produit\/u-48800\/#breadcrumb"},"inLanguage":"pl-PL","potentialAction":[{"@type":"ReadAction","target":["https:\/\/nembutalboutique.com\/produit\/u-48800\/"]}]},{"@type":"ImageObject","inLanguage":"pl-PL","@id":"https:\/\/nembutalboutique.com\/produit\/u-48800\/#primaryimage","url":"https:\/\/nembutalboutique.com\/wp-content\/uploads\/2024\/09\/U-48800.gif","contentUrl":"https:\/\/nembutalboutique.com\/wp-content\/uploads\/2024\/09\/U-48800.gif","width":600,"height":600,"caption":"Acheter U-48800.gif"},{"@type":"BreadcrumbList","@id":"https:\/\/nembutalboutique.com\/produit\/u-48800\/#breadcrumb","itemListElement":[{"@type":"ListItem","position":1,"name":"Home","item":"https:\/\/nembutalboutique.com\/"},{"@type":"ListItem","position":2,"name":"Boutique","item":"https:\/\/nembutalboutique.com\/shop\/"},{"@type":"ListItem","position":3,"name":"U-48800"}]},{"@type":"WebSite","@id":"https:\/\/nembutalboutique.com\/#website","url":"https:\/\/nembutalboutique.com\/","name":"Butik Nembutal","description":"M\u00f3j blog WordPress","publisher":{"@id":"https:\/\/nembutalboutique.com\/#organization"},"potentialAction":[{"@type":"SearchAction","target":{"@type":"EntryPoint","urlTemplate":"https:\/\/nembutalboutique.com\/?s={search_term_string}"},"query-input":{"@type":"PropertyValueSpecification","valueRequired":true,"valueName":"search_term_string"}}],"inLanguage":"pl-PL"},{"@type":"Organization","@id":"https:\/\/nembutalboutique.com\/#organization","name":"Butik Nembutal","url":"https:\/\/nembutalboutique.com\/","logo":{"@type":"ImageObject","inLanguage":"pl-PL","@id":"https:\/\/nembutalboutique.com\/#\/schema\/logo\/image\/","url":"https:\/\/nembutalboutique.com\/wp-content\/uploads\/2024\/01\/logo.png","contentUrl":"https:\/\/nembutalboutique.com\/wp-content\/uploads\/2024\/01\/logo.png","width":494,"height":121,"caption":"Nembutal Boutique"},"image":{"@id":"https:\/\/nembutalboutique.com\/#\/schema\/logo\/image\/"}}]}},"_links":{"self":[{"href":"https:\/\/nembutalboutique.com\/pl\/wp-json\/wp\/v2\/product\/3176"}],"collection":[{"href":"https:\/\/nembutalboutique.com\/pl\/wp-json\/wp\/v2\/product"}],"about":[{"href":"https:\/\/nembutalboutique.com\/pl\/wp-json\/wp\/v2\/types\/product"}],"replies":[{"embeddable":true,"href":"https:\/\/nembutalboutique.com\/pl\/wp-json\/wp\/v2\/comments?post=3176"}],"wp:featuredmedia":[{"embeddable":true,"href":"https:\/\/nembutalboutique.com\/pl\/wp-json\/wp\/v2\/media\/3206"}],"wp:attachment":[{"href":"https:\/\/nembutalboutique.com\/pl\/wp-json\/wp\/v2\/media?parent=3176"}],"wp:term":[{"taxonomy":"product_brand","embeddable":true,"href":"https:\/\/nembutalboutique.com\/pl\/wp-json\/wp\/v2\/product_brand?post=3176"},{"taxonomy":"product_cat","embeddable":true,"href":"https:\/\/nembutalboutique.com\/pl\/wp-json\/wp\/v2\/product_cat?post=3176"},{"taxonomy":"product_tag","embeddable":true,"href":"https:\/\/nembutalboutique.com\/pl\/wp-json\/wp\/v2\/product_tag?post=3176"}],"curies":[{"name":"wp","href":"https:\/\/api.w.org\/{rel}","templated":true}]}}