{"id":3120,"date":"2024-09-16T08:15:14","date_gmt":"2024-09-16T08:15:14","guid":{"rendered":"https:\/\/nembutalboutique.com\/?post_type=product&#038;p=3120"},"modified":"2024-09-20T07:45:57","modified_gmt":"2024-09-20T07:45:57","slug":"25b-nbome","status":"publish","type":"product","link":"https:\/\/nembutalboutique.com\/pl\/produkt\/kup-25b-nbome\/","title":{"rendered":"25B-NBOMe"},"content":{"rendered":"<h2>Aby kupi\u0107 25B-NBOMe online<\/h2>\n<p>Kliknij ten link i post\u0119puj zgodnie z instrukcjami. \u0179r\u00f3d\u0142em 25B-NBOMe jest psychodeliczna fenyloetyloamina 2C-B, odkryta w 2004 roku przez Ralfa Heima na Wolnym Uniwersytecie w Berlinie. Aby kupi\u0107 <a href=\"https:\/\/nembutalboutique.com\/produit\/acheter-25b-nbome\/\">25B-NBOMe<\/a> online, wykonaj nast\u0119puj\u0105ce kroki.<\/p>\n<p>Cimbi-36, znany r\u00f3wnie\u017c jako 2C-B-NBOMe lub 25B-NBOMe, to nowo zsyntetyzowany lek psychodeliczny nale\u017c\u0105cy do klasy chemicznej fenetyloaminy. Po za\u017cyciu wywo\u0142uje szereg dezorientuj\u0105cych i wizualnie przyt\u0142aczaj\u0105cych efekt\u00f3w psychodelicznych.<\/p>\n<p>25b Nbome dla zakup\u00f3w online :<\/p>\n<p>2C-B, psychodelik indukowany przez fenetyloamin\u0119, jest \u017ar\u00f3d\u0142em skr\u00f3tu 25B-NBOMe, kt\u00f3ry oznacza 2C-B-NBOMe.<\/p>\n<p>Ma silne dzia\u0142anie cz\u0119\u015bciowo agonistyczne na receptor 5-HT2A.<\/p>\n<p>Poniewa\u017c jest on nieszkodliwy dla ludzkiego zdrowia, dawka wynosi tylko jeden mikrogram.<\/p>\n<p>Anegdotyczne raporty u\u017cytkownik\u00f3w sugeruj\u0105, \u017ce 25B-NBOMe jest niezawodny. Przy aktywnej dawce wynosz\u0105cej zaledwie 250-500 mcg, Bromo-DragonFLY jest por\u00f3wnywalny z innymi halucynogenami zawieraj\u0105cymi fenetyloamin\u0119.<\/p>\n<p>Historia u\u017cycia przez ludzi, zanim trafi\u0142 do sprzeda\u017cy online.<\/p>\n<p>Liczne badania podkre\u015bli\u0142y r\u00f3wnie\u017c jego nieprzewidywalne skutki i niezwykle wra\u017cliwy stosunek dawki do wra\u017cliwo\u015bci.<\/p>\n<p>Dlatego te\u017c, je\u015bli zdecydujesz si\u0119 na spo\u017cycie tej ma\u0142o znanej i potencjalnie \u015bmiertelnej psychodelicznej substancji chemicznej, zdecydowanie zaleca si\u0119 zachowanie ostro\u017cno\u015bci i post\u0119powanie zgodnie z instrukcjami, aby zminimalizowa\u0107 ryzyko.<\/p>\n<p>Znany r\u00f3wnie\u017c jako cimbi-36 i 2c-b-nbome, 25b-nbome to nowa syntetyczna substancja psychodeliczna pochodz\u0105ca z klasy chemicznej fenetyloamin, kt\u00f3ra po podaniu wywo\u0142uje r\u00f3\u017cnorodne wizualnie dominuj\u0105ce i stymuluj\u0105ce efekty psychodeliczne.<\/p>\n<p>Termin 25b-nbome, kt\u00f3ry jest skr\u00f3tem od 2c-b-nbome, jest pochodn\u0105 psychodelicznej fenyloetyloaminy 2c-b. W 2004 roku urodzi\u0142 si\u0119 Ralph Heim. odkryty na Wolnym Uniwersytecie w Berlinie. Dzia\u0142a jako silny cz\u0119\u015bciowy agonista receptora 5-HT2a. Zosta\u0142 u\u017cyty do pomiaru bezpiecze\u0144stwa u ludzi w badaniach klinicznych w dawce zaledwie jednego mikrograma. Stwierdzono, \u017ce dawka ta stanowi zaledwie 1\/300 dawki, przy kt\u00f3rej dzia\u0142aj\u0105 ludzkie halucynogeny, a dawka uwa\u017cana za bezpieczn\u0105 dla ludzi zosta\u0142aby znacznie przekroczona przez u\u017cytkownika rekreacyjnego.<\/p>\n<p>Anegdotyczne raporty od u\u017cytkownik\u00f3w sugeruj\u0105, \u017ce <a href=\"https:\/\/en.wikipedia.org\/wiki\/25B-NBOMe\">25b-Nbome<\/a> jest aktywnym hormonem ju\u017c w dawce od 250 do 500 mcg, co czyni go tak silnym, jak inne hormony ekstrahowane z fenyloetyloaminy, takie jak bromlibella. Nale\u017cy zauwa\u017cy\u0107, \u017ce zwi\u0105zki z klasy Nbome nie s\u0105 aktywne doustnie i zamiast tego musz\u0105 by\u0107 przyjmowane podj\u0119zykowo, co pozwala na stopniowe wch\u0142anianie substancji w jamie ustnej i wch\u0142anianie w ci\u0105gu 15 do 30 minut.<\/p>\n<p>Substancja ta nie by\u0142a u\u017cywana przez ludzi do 2010 roku, kiedy to by\u0142a sprzedawana online jako narkotyk syntetyczny. Bardzo niewiele wiadomo na temat w\u0142a\u015bciwo\u015bci farmakologicznych, wymiany narkotyk\u00f3w i toksyczno\u015bci 25b-Nbome u ludzi. Wielu cz\u0142onk\u00f3w epidemii 25x-Nbome zosta\u0142o hospitalizowanych, a zgony zosta\u0142y powi\u0105zane z epidemi\u0105. W po\u0142\u0105czeniu z bardzo wra\u017cliwym dawkowaniem i nieprzewidywalnymi skutkami ubocznymi, wiele raport\u00f3w sugeruje r\u00f3wnie\u017c, \u017ce bezpieczne stosowanie tej substancji mo\u017ce by\u0107 bardzo trudne. Dlatego te\u017c, je\u015bli zdecydujesz si\u0119 za\u017cy\u0107 t\u0119 s\u0142abo poznan\u0105 i potencjalnie \u015bmierteln\u0105 substancj\u0119 psychodeliczn\u0105, zdecydowanie zaleca si\u0119 podej\u015bcie do niej z odpowiednim poziomem ostro\u017cno\u015bci i technikami redukcji ryzyka.<br \/>\nChemia<\/p>\n<p>25b-nbome, znany r\u00f3wnie\u017c jako 2c-b-nbome, jest pochodn\u0105 n-benzylu pochodz\u0105c\u0105 od serotoniny, dobrze znanej psychodelicznej podstawionej fenyloetyloaminy, 2c-b. 25b-nbome jest podstawion\u0105 fenyloetyloamin\u0105 z bromatomem przy\u0142\u0105czonym do atomu w\u0119gla r4 i dwiema grupami metoksylowymi ch3o przy\u0142\u0105czonymi do atom\u00f3w w\u0119gla r2 i r5. Jej struktura r\u00f3\u017cni si\u0119 od struktury 2c-b podstawieniem grupy 2-metylobenzylowej (bome) w miejsce jednego z aminokwas\u00f3w (nh2). To podstawienie 2-metoksybenzylowe jest wsp\u00f3lne dla 25b-nbome z innymi cz\u0142onkami rodziny chemicznej nbome. Ten dodatek nbome obejmuje ch3o-metoksyeter, Kaufen 25B-NBOMe, kt\u00f3ry jest przy\u0142\u0105czony do pier\u015bcienia benzolowego r2.<\/p>\n<h3>produkty farmaceutyczne<\/h3>\n<p>Dzia\u0142aj\u0105c na receptor 5-HT2A, 25b-nbome funkcjonuje jako silny cz\u0119\u015bciowy agonista. Jednak rola tych interakcji i spos\u00f3b, w jaki przyczyniaj\u0105 si\u0119 one do do\u015bwiadczenia psychodelicznego, pozostaj\u0105 niejasne.<\/p>","protected":false},"excerpt":{"rendered":"<p>Pour acheter du 25B-NBOMe en ligne Cliquez sur ce lien et suivez les \u00e9tapes. La source de l&rsquo;achat en ligne de 25B-NBOMe est la ph\u00e9n\u00e9thylamine psych\u00e9d\u00e9lique 2C-B, d\u00e9couverte en 2004 par Ralf Heim \u00e0 l&rsquo;Universit\u00e9 libre de Berlin. Pour acheter du 25B-NBOMe en ligne, suivez ces \u00e9tapes. Le Cimbi-36, \u00e9galement connu sous le nom de [&hellip;]<\/p>","protected":false},"featured_media":3139,"comment_status":"open","ping_status":"closed","template":"","meta":{"_joinchat":[]},"product_brand":[],"product_cat":[385],"product_tag":[514,522,523,524,525,526,527,528],"class_list":{"0":"post-3120","1":"product","2":"type-product","3":"status-publish","4":"has-post-thumbnail","6":"product_cat-forschung-schemikalien","7":"product_tag-25b-nbome","8":"product_tag-25b-nbome-derivat","9":"product_tag-25b-nbome-gefahren","10":"product_tag-25b-nbome-todesfalle","11":"product_tag-25b-nbome-todliche-dosis","12":"product_tag-25b-nbome-vergiftung","13":"product_tag-25b-nbome-vorlaufer","14":"product_tag-ist-25b-nbome-todlich","16":"first","17":"instock","18":"shipping-taxable","19":"purchasable","20":"product-type-variable"},"yoast_head":"<!-- This site is optimized with the Yoast SEO plugin v23.5 - https:\/\/yoast.com\/wordpress\/plugins\/seo\/ -->\n<title>Achetez 25B-NBOME en ligne - 25B-NBOME \u00e0 vendre<\/title>\n<meta name=\"description\" content=\"Trouvez du 25B-NBOME premium \u00e0 vendre dans notre boutique en ligne, offrant une plate-forme s\u00e9curis\u00e9e pour acheter du 25B-NBOME en ligne en toute simplicit\u00e9, r\u00e9pondant \u00e0 vos besoins de recherche.\" \/>\n<meta name=\"robots\" content=\"index, follow, max-snippet:-1, max-image-preview:large, max-video-preview:-1\" \/>\n<link rel=\"canonical\" href=\"https:\/\/nembutalboutique.com\/pl\/produkt\/kup-25b-nbome\/\" \/>\n<meta property=\"og:locale\" content=\"pl_PL\" \/>\n<meta property=\"og:type\" content=\"article\" \/>\n<meta property=\"og:title\" content=\"Achetez 25B-NBOME en ligne - 25B-NBOME \u00e0 vendre\" \/>\n<meta property=\"og:description\" content=\"Trouvez du 25B-NBOME premium \u00e0 vendre dans notre boutique en ligne, offrant une plate-forme s\u00e9curis\u00e9e pour acheter du 25B-NBOME en ligne en toute simplicit\u00e9, r\u00e9pondant \u00e0 vos besoins de recherche.\" \/>\n<meta property=\"og:url\" content=\"https:\/\/nembutalboutique.com\/pl\/produkt\/kup-25b-nbome\/\" \/>\n<meta property=\"og:site_name\" content=\"Nembutal Boutique\" \/>\n<meta property=\"article:modified_time\" content=\"2024-09-20T07:45:57+00:00\" \/>\n<meta property=\"og:image\" content=\"https:\/\/nembutalboutique.com\/wp-content\/uploads\/2024\/09\/25B-NBOMe.gif\" \/>\n\t<meta property=\"og:image:width\" content=\"600\" \/>\n\t<meta property=\"og:image:height\" content=\"600\" \/>\n\t<meta property=\"og:image:type\" content=\"image\/gif\" \/>\n<meta name=\"twitter:card\" content=\"summary_large_image\" \/>\n<meta name=\"twitter:label1\" content=\"Szacowany czas czytania\" \/>\n\t<meta name=\"twitter:data1\" content=\"4 minuty\" \/>\n<script type=\"application\/ld+json\" class=\"yoast-schema-graph\">{\"@context\":\"https:\/\/schema.org\",\"@graph\":[{\"@type\":\"WebPage\",\"@id\":\"https:\/\/nembutalboutique.com\/produit\/25b-nbome\/\",\"url\":\"https:\/\/nembutalboutique.com\/produit\/25b-nbome\/\",\"name\":\"Achetez 25B-NBOME en ligne - 25B-NBOME \u00e0 vendre\",\"isPartOf\":{\"@id\":\"https:\/\/nembutalboutique.com\/#website\"},\"primaryImageOfPage\":{\"@id\":\"https:\/\/nembutalboutique.com\/produit\/25b-nbome\/#primaryimage\"},\"image\":{\"@id\":\"https:\/\/nembutalboutique.com\/produit\/25b-nbome\/#primaryimage\"},\"thumbnailUrl\":\"https:\/\/nembutalboutique.com\/wp-content\/uploads\/2024\/09\/25B-NBOMe.gif\",\"datePublished\":\"2024-09-16T08:15:14+00:00\",\"dateModified\":\"2024-09-20T07:45:57+00:00\",\"description\":\"Trouvez du 25B-NBOME premium \u00e0 vendre dans notre boutique en ligne, offrant une plate-forme s\u00e9curis\u00e9e pour acheter du 25B-NBOME en ligne en toute simplicit\u00e9, r\u00e9pondant \u00e0 vos besoins de recherche.\",\"breadcrumb\":{\"@id\":\"https:\/\/nembutalboutique.com\/produit\/25b-nbome\/#breadcrumb\"},\"inLanguage\":\"pl-PL\",\"potentialAction\":[{\"@type\":\"ReadAction\",\"target\":[\"https:\/\/nembutalboutique.com\/produit\/25b-nbome\/\"]}]},{\"@type\":\"ImageObject\",\"inLanguage\":\"pl-PL\",\"@id\":\"https:\/\/nembutalboutique.com\/produit\/25b-nbome\/#primaryimage\",\"url\":\"https:\/\/nembutalboutique.com\/wp-content\/uploads\/2024\/09\/25B-NBOMe.gif\",\"contentUrl\":\"https:\/\/nembutalboutique.com\/wp-content\/uploads\/2024\/09\/25B-NBOMe.gif\",\"width\":600,\"height\":600,\"caption\":\"Achetez 25B-NBOME\"},{\"@type\":\"BreadcrumbList\",\"@id\":\"https:\/\/nembutalboutique.com\/produit\/25b-nbome\/#breadcrumb\",\"itemListElement\":[{\"@type\":\"ListItem\",\"position\":1,\"name\":\"Home\",\"item\":\"https:\/\/nembutalboutique.com\/\"},{\"@type\":\"ListItem\",\"position\":2,\"name\":\"Boutique\",\"item\":\"https:\/\/nembutalboutique.com\/shop\/\"},{\"@type\":\"ListItem\",\"position\":3,\"name\":\"25B-NBOMe\"}]},{\"@type\":\"WebSite\",\"@id\":\"https:\/\/nembutalboutique.com\/#website\",\"url\":\"https:\/\/nembutalboutique.com\/\",\"name\":\"Nembutal Boutique\",\"description\":\"My WordPress Blog\",\"publisher\":{\"@id\":\"https:\/\/nembutalboutique.com\/#organization\"},\"potentialAction\":[{\"@type\":\"SearchAction\",\"target\":{\"@type\":\"EntryPoint\",\"urlTemplate\":\"https:\/\/nembutalboutique.com\/?s={search_term_string}\"},\"query-input\":{\"@type\":\"PropertyValueSpecification\",\"valueRequired\":true,\"valueName\":\"search_term_string\"}}],\"inLanguage\":\"pl-PL\"},{\"@type\":\"Organization\",\"@id\":\"https:\/\/nembutalboutique.com\/#organization\",\"name\":\"Nembutal Boutique\",\"url\":\"https:\/\/nembutalboutique.com\/\",\"logo\":{\"@type\":\"ImageObject\",\"inLanguage\":\"pl-PL\",\"@id\":\"https:\/\/nembutalboutique.com\/#\/schema\/logo\/image\/\",\"url\":\"https:\/\/nembutalboutique.com\/wp-content\/uploads\/2024\/01\/logo.png\",\"contentUrl\":\"https:\/\/nembutalboutique.com\/wp-content\/uploads\/2024\/01\/logo.png\",\"width\":494,\"height\":121,\"caption\":\"Nembutal Boutique\"},\"image\":{\"@id\":\"https:\/\/nembutalboutique.com\/#\/schema\/logo\/image\/\"}}]}<\/script>\n<!-- \/ Yoast SEO plugin. -->","yoast_head_json":{"title":"Kup 25B-NBOME online - 25B-NBOME na sprzeda\u017c","description":"Znajd\u017a premium 25B-NBOME na sprzeda\u017c w naszym sklepie internetowym, oferuj\u0105cym bezpieczn\u0105 platform\u0119 do \u0142atwego zakupu 25B-NBOME online, spe\u0142niaj\u0105c\u0105 Twoje potrzeby wyszukiwania.","robots":{"index":"index","follow":"follow","max-snippet":"max-snippet:-1","max-image-preview":"max-image-preview:large","max-video-preview":"max-video-preview:-1"},"canonical":"https:\/\/nembutalboutique.com\/pl\/produkt\/kup-25b-nbome\/","og_locale":"pl_PL","og_type":"article","og_title":"Achetez 25B-NBOME en ligne - 25B-NBOME \u00e0 vendre","og_description":"Trouvez du 25B-NBOME premium \u00e0 vendre dans notre boutique en ligne, offrant une plate-forme s\u00e9curis\u00e9e pour acheter du 25B-NBOME en ligne en toute simplicit\u00e9, r\u00e9pondant \u00e0 vos besoins de recherche.","og_url":"https:\/\/nembutalboutique.com\/pl\/produkt\/kup-25b-nbome\/","og_site_name":"Nembutal Boutique","article_modified_time":"2024-09-20T07:45:57+00:00","og_image":[{"width":600,"height":600,"url":"https:\/\/nembutalboutique.com\/wp-content\/uploads\/2024\/09\/25B-NBOMe.gif","type":"image\/gif"}],"twitter_card":"summary_large_image","twitter_misc":{"Szacowany czas czytania":"4 minuty"},"schema":{"@context":"https:\/\/schema.org","@graph":[{"@type":"WebPage","@id":"https:\/\/nembutalboutique.com\/produit\/25b-nbome\/","url":"https:\/\/nembutalboutique.com\/produit\/25b-nbome\/","name":"Kup 25B-NBOME online - 25B-NBOME na sprzeda\u017c","isPartOf":{"@id":"https:\/\/nembutalboutique.com\/#website"},"primaryImageOfPage":{"@id":"https:\/\/nembutalboutique.com\/produit\/25b-nbome\/#primaryimage"},"image":{"@id":"https:\/\/nembutalboutique.com\/produit\/25b-nbome\/#primaryimage"},"thumbnailUrl":"https:\/\/nembutalboutique.com\/wp-content\/uploads\/2024\/09\/25B-NBOMe.gif","datePublished":"2024-09-16T08:15:14+00:00","dateModified":"2024-09-20T07:45:57+00:00","description":"Znajd\u017a premium 25B-NBOME na sprzeda\u017c w naszym sklepie internetowym, oferuj\u0105cym bezpieczn\u0105 platform\u0119 do \u0142atwego zakupu 25B-NBOME online, spe\u0142niaj\u0105c\u0105 Twoje potrzeby wyszukiwania.","breadcrumb":{"@id":"https:\/\/nembutalboutique.com\/produit\/25b-nbome\/#breadcrumb"},"inLanguage":"pl-PL","potentialAction":[{"@type":"ReadAction","target":["https:\/\/nembutalboutique.com\/produit\/25b-nbome\/"]}]},{"@type":"ImageObject","inLanguage":"pl-PL","@id":"https:\/\/nembutalboutique.com\/produit\/25b-nbome\/#primaryimage","url":"https:\/\/nembutalboutique.com\/wp-content\/uploads\/2024\/09\/25B-NBOMe.gif","contentUrl":"https:\/\/nembutalboutique.com\/wp-content\/uploads\/2024\/09\/25B-NBOMe.gif","width":600,"height":600,"caption":"Achetez 25B-NBOME"},{"@type":"BreadcrumbList","@id":"https:\/\/nembutalboutique.com\/produit\/25b-nbome\/#breadcrumb","itemListElement":[{"@type":"ListItem","position":1,"name":"Home","item":"https:\/\/nembutalboutique.com\/"},{"@type":"ListItem","position":2,"name":"Boutique","item":"https:\/\/nembutalboutique.com\/shop\/"},{"@type":"ListItem","position":3,"name":"25B-NBOMe"}]},{"@type":"WebSite","@id":"https:\/\/nembutalboutique.com\/#website","url":"https:\/\/nembutalboutique.com\/","name":"Butik Nembutal","description":"M\u00f3j blog WordPress","publisher":{"@id":"https:\/\/nembutalboutique.com\/#organization"},"potentialAction":[{"@type":"SearchAction","target":{"@type":"EntryPoint","urlTemplate":"https:\/\/nembutalboutique.com\/?s={search_term_string}"},"query-input":{"@type":"PropertyValueSpecification","valueRequired":true,"valueName":"search_term_string"}}],"inLanguage":"pl-PL"},{"@type":"Organization","@id":"https:\/\/nembutalboutique.com\/#organization","name":"Butik Nembutal","url":"https:\/\/nembutalboutique.com\/","logo":{"@type":"ImageObject","inLanguage":"pl-PL","@id":"https:\/\/nembutalboutique.com\/#\/schema\/logo\/image\/","url":"https:\/\/nembutalboutique.com\/wp-content\/uploads\/2024\/01\/logo.png","contentUrl":"https:\/\/nembutalboutique.com\/wp-content\/uploads\/2024\/01\/logo.png","width":494,"height":121,"caption":"Nembutal Boutique"},"image":{"@id":"https:\/\/nembutalboutique.com\/#\/schema\/logo\/image\/"}}]}},"_links":{"self":[{"href":"https:\/\/nembutalboutique.com\/pl\/wp-json\/wp\/v2\/product\/3120"}],"collection":[{"href":"https:\/\/nembutalboutique.com\/pl\/wp-json\/wp\/v2\/product"}],"about":[{"href":"https:\/\/nembutalboutique.com\/pl\/wp-json\/wp\/v2\/types\/product"}],"replies":[{"embeddable":true,"href":"https:\/\/nembutalboutique.com\/pl\/wp-json\/wp\/v2\/comments?post=3120"}],"wp:featuredmedia":[{"embeddable":true,"href":"https:\/\/nembutalboutique.com\/pl\/wp-json\/wp\/v2\/media\/3139"}],"wp:attachment":[{"href":"https:\/\/nembutalboutique.com\/pl\/wp-json\/wp\/v2\/media?parent=3120"}],"wp:term":[{"taxonomy":"product_brand","embeddable":true,"href":"https:\/\/nembutalboutique.com\/pl\/wp-json\/wp\/v2\/product_brand?post=3120"},{"taxonomy":"product_cat","embeddable":true,"href":"https:\/\/nembutalboutique.com\/pl\/wp-json\/wp\/v2\/product_cat?post=3120"},{"taxonomy":"product_tag","embeddable":true,"href":"https:\/\/nembutalboutique.com\/pl\/wp-json\/wp\/v2\/product_tag?post=3120"}],"curies":[{"name":"wp","href":"https:\/\/api.w.org\/{rel}","templated":true}]}}