{"id":3063,"date":"2024-09-16T08:14:39","date_gmt":"2024-09-16T08:14:39","guid":{"rendered":"https:\/\/nembutalboutique.com\/?post_type=product&#038;p=3063"},"modified":"2024-09-20T09:44:33","modified_gmt":"2024-09-20T09:44:33","slug":"25c-nbome","status":"publish","type":"product","link":"https:\/\/nembutalboutique.com\/pl\/produkt\/kupic-25c-nbome-online\/","title":{"rendered":"25C-NBOMe"},"content":{"rendered":"<h2>Kup online 25C-NBOMe<\/h2>\n<p>Kupi\u0107 25C-NBOMe, w tym 25I, 25B i <a href=\"https:\/\/nembutalboutique.com\/produit\/25c-nbome\/\">25C NBOMe<\/a>na papierze. Analiza pochodnych dimetoksyfenylo-N-[(2-metoksyfenylo)metylo]etanaminy (dost\u0119pna do pobrania w formacie PDF). Publikacja \"Analysis of 25I-NBOMe, 25B-NBOMe, 25C-NBOMe and other dimethoxyphenyl-N-[(2-methoxyphenyl)methyl]ethanamine derivatives on blotting paper\" (281847988) jest dost\u0119pna po klikni\u0119ciu na poni\u017cszy link.<\/p>\n<p>Inne s\u0142owa<\/p>\n<h3>2C-C-NBOMe<\/h3>\n<p>Klasyfikacja strukturalna analitycznego wzorca odniesienia 2C-NBOMe (nr art. 9001096) to fenetyloamina. Pochodna 2C-C z dodatkiem N-(2-metoksybenzylu) do aminy to <a href=\"https:\/\/en.wikipedia.org\/wiki\/25C-NBOMe\">25C-NBOMe<\/a>. 2C-C jest dobrze znanym halucynogenem, kt\u00f3ry zmniejsza zdolno\u015b\u0107 synaptosom\u00f3w szczur\u00f3w do ponownego wch\u0142aniania serotoniny i noradrenaliny oraz zwi\u0119ksza aktywno\u015b\u0107 receptor\u00f3w monoaminowych (IC50 = 31 do 63 \u03bcM).1, 2 N-(2-metoksybenzyl) dodany do 2C-NBOMe zwi\u0119ksza powinowactwo i selektywno\u015b\u0107 receptora 5-HT2A w stosunku do innych receptor\u00f3w serotoninowych.3 .Przy u\u017cyciu znakowanego radioaktywnie 25C-NBOMe, receptory 5-HT2A u \u015bwi\u0144 zosta\u0142y zmapowane za pomoc\u0105 pozytonowej tomografii emisyjnej.4 Zamierzone zastosowania tego produktu to dochodzenia i badania kryminalistyczne.<\/p>\n<p>Syntetyczne zwi\u0105zki, takie jak pochodne N-metoksybenzylo-metoksyfenyloetyloaminy (NBOMe), zyska\u0142y w ostatnich latach popularno\u015b\u0107 jako leki na zaburzenia osobowo\u015bci. Substancje te spowodowa\u0142y niezwykle powa\u017cne obra\u017cenia i zgony. Dzia\u0142aj\u0105 one jako antagoni\u015bci receptora 5-HT2A i powoduj\u0105 znany zesp\u00f3\u0142 serotoninopodobny objawiaj\u0105cy si\u0119 silnym l\u0119kiem, pobudzeniem i epizodami trwaj\u0105cymi do trzech dni. 25-(4-jod-2,5-dimetoksyfenylo)-N-[(2-metoksyfenylo)metylo]etanamina, N-(2-metoksybenzylo)-2, 5-dimetoksy lub 25I-NBOMe, 25B-NBOMe i 25C-NBOMeNajcz\u0119\u015bciej wymienianymi pochodnymi s\u0105 N-(2-metoksybenzylo)-2,5-dimetoksy-4-chlorofenyloamina i -4-bromofenyloamina. Podobnie jak wiele halucynogen\u00f3w w niskich dawkach, chemikalia te s\u0105 cz\u0119sto sprzedawane na papierze l\u00f6sch. Mo\u017cliwe by\u0142o uzyskanie trzech r\u00f3\u017cnych rodzaj\u00f3w dost\u0119pnego na rynku papieru do l\u0105dowania zawieraj\u0105cego wi\u0105zania NBOMe. Bezpo\u015brednia analiza w czasie rzeczywistym Do filtrowania tych papier\u00f3w l\u00f6sch i wysokowydajnych ciek\u0142ych kryszta\u0142\u00f3w zastosowano spektrometry masowe AccuTOFTM.<\/p>\n<p>Chromatograficzna spektrometria mas z potr\u00f3jnym kwadrupolem. Ka\u017cdy z trzech produkt\u00f3w Blotter (25I-NBOMe, 25C-NBOMe lub 25B-NBOMe) zawiera\u0142 okre\u015blony lek pierwotny. Ponadto stwierdzono obecno\u015b\u0107 kilku ilo\u015bci dw\u00f3ch lub trzech NBOMe-Derivative-Verunreinigungen 25H-NBOMe, 25I-NBOMe, 25C-NBOMe, 25B-NBOMe i\/lub 25D-NBOMe w papierach l\u00f6sch.<\/p>\n<p>Finest NembuKauFlog to europejska firma, kt\u00f3ra zosta\u0142a za\u0142o\u017cona i koncentruje si\u0119 na indywidualnej i wielkoskalowej sprzeda\u017cy najlepszych, ponownie odkrytych produkt\u00f3w Nembutalbotique.<\/p>\n<p>Aby zaspokoi\u0107 potrzeby naszych klient\u00f3w, od samego pocz\u0105tku opracowali\u015bmy szerok\u0105 gam\u0119 produkt\u00f3w.<\/p>\n<p>Psychodeliczny lek 25C-NBOMe (znany r\u00f3wnie\u017c jako NBOMe-2C-C, 2C-C-NBOMe i Cimbi-82) pochodzi z psychodelicznej fenyloetyloaminy 2C-C. 25C-NBOMe zosta\u0142 opublikowany w Internecie przez Nembutalbotique.<\/p>","protected":false},"excerpt":{"rendered":"<p>Achetez 25C-NBOMe en ligne Achetez du 25C-NBOMe, y compris 25I, 25B et 25C NBOMe, sur papier. Analysez les d\u00e9riv\u00e9s de dim\u00e9thoxyph\u00e9nyl-N-[(2-m\u00e9thoxyph\u00e9nyl)m\u00e9thyl]\u00e9thanamine (disponibles en t\u00e9l\u00e9chargement au format PDF). La publication \u00ab Analyse de 25I-NBOMe, 25B-NBOMe, 25C-NBOMe et d&rsquo;autres d\u00e9riv\u00e9s de dim\u00e9thoxyph\u00e9nyl-N-2-m\u00e9thoxyph\u00e9nyl m\u00e9thyl\u00e9thanamine sur papier buvard \u00bb (281847988) est accessible en cliquant sur le lien suivant. Autres [&hellip;]<\/p>","protected":false},"featured_media":3078,"comment_status":"open","ping_status":"closed","template":"","meta":{"_joinchat":[]},"product_brand":[],"product_cat":[385],"product_tag":[514,515,516,517,518,519,520,521],"class_list":{"0":"post-3063","1":"product","2":"type-product","3":"status-publish","4":"has-post-thumbnail","6":"product_cat-forschung-schemikalien","7":"product_tag-25b-nbome","8":"product_tag-25b-nbome-serum","9":"product_tag-25c-2c-nbome","10":"product_tag-25c-nbome-5ht","11":"product_tag-25c-nbome-chemisch","12":"product_tag-25c-nbome-droge","13":"product_tag-25c-nbome-pulver","14":"product_tag-25c-nbome-zu-verkaufen","16":"first","17":"instock","18":"shipping-taxable","19":"purchasable","20":"product-type-variable"},"yoast_head":"<!-- This site is optimized with the Yoast SEO plugin v23.5 - https:\/\/yoast.com\/wordpress\/plugins\/seo\/ -->\n<title>25C-NBOME \u00e0 vendre - Achetez 25C-NBOME en ligne<\/title>\n<meta name=\"description\" content=\"Vous recherchez une source fiable pour acheter du 25C-NBOME en ligne ? Votre recherche s&#039;arr\u00eate ici. Commandez du 25C-NBOME en ligne dans notre boutique de confiance et profitez d&#039;un processus d&#039;achat transparent adapt\u00e9 \u00e0 vos besoins de recherche.\" \/>\n<meta name=\"robots\" content=\"index, follow, max-snippet:-1, max-image-preview:large, max-video-preview:-1\" \/>\n<link rel=\"canonical\" href=\"https:\/\/nembutalboutique.com\/pl\/produkt\/kupic-25c-nbome-online\/\" \/>\n<meta property=\"og:locale\" content=\"pl_PL\" \/>\n<meta property=\"og:type\" content=\"article\" \/>\n<meta property=\"og:title\" content=\"25C-NBOME \u00e0 vendre - Achetez 25C-NBOME en ligne\" \/>\n<meta property=\"og:description\" content=\"Vous recherchez une source fiable pour acheter du 25C-NBOME en ligne ? Votre recherche s&#039;arr\u00eate ici. Commandez du 25C-NBOME en ligne dans notre boutique de confiance et profitez d&#039;un processus d&#039;achat transparent adapt\u00e9 \u00e0 vos besoins de recherche.\" \/>\n<meta property=\"og:url\" content=\"https:\/\/nembutalboutique.com\/pl\/produkt\/kupic-25c-nbome-online\/\" \/>\n<meta property=\"og:site_name\" content=\"Nembutal Boutique\" \/>\n<meta property=\"article:modified_time\" content=\"2024-09-20T09:44:33+00:00\" \/>\n<meta property=\"og:image\" content=\"https:\/\/nembutalboutique.com\/wp-content\/uploads\/2024\/09\/25C-NBOMe.gif\" \/>\n\t<meta property=\"og:image:width\" content=\"600\" \/>\n\t<meta property=\"og:image:height\" content=\"600\" \/>\n\t<meta property=\"og:image:type\" content=\"image\/gif\" \/>\n<meta name=\"twitter:card\" content=\"summary_large_image\" \/>\n<meta name=\"twitter:label1\" content=\"Szacowany czas czytania\" \/>\n\t<meta name=\"twitter:data1\" content=\"3 minuty\" \/>\n<script type=\"application\/ld+json\" class=\"yoast-schema-graph\">{\"@context\":\"https:\/\/schema.org\",\"@graph\":[{\"@type\":\"WebPage\",\"@id\":\"https:\/\/nembutalboutique.com\/produit\/25c-nbome\/\",\"url\":\"https:\/\/nembutalboutique.com\/produit\/25c-nbome\/\",\"name\":\"25C-NBOME \u00e0 vendre - Achetez 25C-NBOME en ligne\",\"isPartOf\":{\"@id\":\"https:\/\/nembutalboutique.com\/#website\"},\"primaryImageOfPage\":{\"@id\":\"https:\/\/nembutalboutique.com\/produit\/25c-nbome\/#primaryimage\"},\"image\":{\"@id\":\"https:\/\/nembutalboutique.com\/produit\/25c-nbome\/#primaryimage\"},\"thumbnailUrl\":\"https:\/\/nembutalboutique.com\/wp-content\/uploads\/2024\/09\/25C-NBOMe.gif\",\"datePublished\":\"2024-09-16T08:14:39+00:00\",\"dateModified\":\"2024-09-20T09:44:33+00:00\",\"description\":\"Vous recherchez une source fiable pour acheter du 25C-NBOME en ligne ? Votre recherche s'arr\u00eate ici. Commandez du 25C-NBOME en ligne dans notre boutique de confiance et profitez d'un processus d'achat transparent adapt\u00e9 \u00e0 vos besoins de recherche.\",\"breadcrumb\":{\"@id\":\"https:\/\/nembutalboutique.com\/produit\/25c-nbome\/#breadcrumb\"},\"inLanguage\":\"pl-PL\",\"potentialAction\":[{\"@type\":\"ReadAction\",\"target\":[\"https:\/\/nembutalboutique.com\/produit\/25c-nbome\/\"]}]},{\"@type\":\"ImageObject\",\"inLanguage\":\"pl-PL\",\"@id\":\"https:\/\/nembutalboutique.com\/produit\/25c-nbome\/#primaryimage\",\"url\":\"https:\/\/nembutalboutique.com\/wp-content\/uploads\/2024\/09\/25C-NBOMe.gif\",\"contentUrl\":\"https:\/\/nembutalboutique.com\/wp-content\/uploads\/2024\/09\/25C-NBOMe.gif\",\"width\":600,\"height\":600,\"caption\":\"Achetez 25C-NBOME\"},{\"@type\":\"BreadcrumbList\",\"@id\":\"https:\/\/nembutalboutique.com\/produit\/25c-nbome\/#breadcrumb\",\"itemListElement\":[{\"@type\":\"ListItem\",\"position\":1,\"name\":\"Home\",\"item\":\"https:\/\/nembutalboutique.com\/\"},{\"@type\":\"ListItem\",\"position\":2,\"name\":\"Boutique\",\"item\":\"https:\/\/nembutalboutique.com\/shop\/\"},{\"@type\":\"ListItem\",\"position\":3,\"name\":\"25C-NBOMe\"}]},{\"@type\":\"WebSite\",\"@id\":\"https:\/\/nembutalboutique.com\/#website\",\"url\":\"https:\/\/nembutalboutique.com\/\",\"name\":\"Nembutal Boutique\",\"description\":\"My WordPress Blog\",\"publisher\":{\"@id\":\"https:\/\/nembutalboutique.com\/#organization\"},\"potentialAction\":[{\"@type\":\"SearchAction\",\"target\":{\"@type\":\"EntryPoint\",\"urlTemplate\":\"https:\/\/nembutalboutique.com\/?s={search_term_string}\"},\"query-input\":{\"@type\":\"PropertyValueSpecification\",\"valueRequired\":true,\"valueName\":\"search_term_string\"}}],\"inLanguage\":\"pl-PL\"},{\"@type\":\"Organization\",\"@id\":\"https:\/\/nembutalboutique.com\/#organization\",\"name\":\"Nembutal Boutique\",\"url\":\"https:\/\/nembutalboutique.com\/\",\"logo\":{\"@type\":\"ImageObject\",\"inLanguage\":\"pl-PL\",\"@id\":\"https:\/\/nembutalboutique.com\/#\/schema\/logo\/image\/\",\"url\":\"https:\/\/nembutalboutique.com\/wp-content\/uploads\/2024\/01\/logo.png\",\"contentUrl\":\"https:\/\/nembutalboutique.com\/wp-content\/uploads\/2024\/01\/logo.png\",\"width\":494,\"height\":121,\"caption\":\"Nembutal Boutique\"},\"image\":{\"@id\":\"https:\/\/nembutalboutique.com\/#\/schema\/logo\/image\/\"}}]}<\/script>\n<!-- \/ Yoast SEO plugin. -->","yoast_head_json":{"title":"25C-NBOME na sprzeda\u017c - Kup 25C-NBOME online","description":"Szukasz wiarygodnego \u017ar\u00f3d\u0142a, aby kupi\u0107 25C-NBOME online? Twoje poszukiwania ko\u0144cz\u0105 si\u0119 tutaj. Zam\u00f3w 25C-NBOME online w naszym zaufanym sklepie i ciesz si\u0119 p\u0142ynnym procesem zakupu dostosowanym do Twoich potrzeb badawczych.","robots":{"index":"index","follow":"follow","max-snippet":"max-snippet:-1","max-image-preview":"max-image-preview:large","max-video-preview":"max-video-preview:-1"},"canonical":"https:\/\/nembutalboutique.com\/pl\/produkt\/kupic-25c-nbome-online\/","og_locale":"pl_PL","og_type":"article","og_title":"25C-NBOME \u00e0 vendre - Achetez 25C-NBOME en ligne","og_description":"Vous recherchez une source fiable pour acheter du 25C-NBOME en ligne ? Votre recherche s'arr\u00eate ici. Commandez du 25C-NBOME en ligne dans notre boutique de confiance et profitez d'un processus d'achat transparent adapt\u00e9 \u00e0 vos besoins de recherche.","og_url":"https:\/\/nembutalboutique.com\/pl\/produkt\/kupic-25c-nbome-online\/","og_site_name":"Nembutal Boutique","article_modified_time":"2024-09-20T09:44:33+00:00","og_image":[{"width":600,"height":600,"url":"https:\/\/nembutalboutique.com\/wp-content\/uploads\/2024\/09\/25C-NBOMe.gif","type":"image\/gif"}],"twitter_card":"summary_large_image","twitter_misc":{"Szacowany czas czytania":"3 minuty"},"schema":{"@context":"https:\/\/schema.org","@graph":[{"@type":"WebPage","@id":"https:\/\/nembutalboutique.com\/produit\/25c-nbome\/","url":"https:\/\/nembutalboutique.com\/produit\/25c-nbome\/","name":"25C-NBOME na sprzeda\u017c - Kup 25C-NBOME online","isPartOf":{"@id":"https:\/\/nembutalboutique.com\/#website"},"primaryImageOfPage":{"@id":"https:\/\/nembutalboutique.com\/produit\/25c-nbome\/#primaryimage"},"image":{"@id":"https:\/\/nembutalboutique.com\/produit\/25c-nbome\/#primaryimage"},"thumbnailUrl":"https:\/\/nembutalboutique.com\/wp-content\/uploads\/2024\/09\/25C-NBOMe.gif","datePublished":"2024-09-16T08:14:39+00:00","dateModified":"2024-09-20T09:44:33+00:00","description":"Szukasz wiarygodnego \u017ar\u00f3d\u0142a, aby kupi\u0107 25C-NBOME online? Twoje poszukiwania ko\u0144cz\u0105 si\u0119 tutaj. Zam\u00f3w 25C-NBOME online w naszym zaufanym sklepie i ciesz si\u0119 p\u0142ynnym procesem zakupu dostosowanym do Twoich potrzeb badawczych.","breadcrumb":{"@id":"https:\/\/nembutalboutique.com\/produit\/25c-nbome\/#breadcrumb"},"inLanguage":"pl-PL","potentialAction":[{"@type":"ReadAction","target":["https:\/\/nembutalboutique.com\/produit\/25c-nbome\/"]}]},{"@type":"ImageObject","inLanguage":"pl-PL","@id":"https:\/\/nembutalboutique.com\/produit\/25c-nbome\/#primaryimage","url":"https:\/\/nembutalboutique.com\/wp-content\/uploads\/2024\/09\/25C-NBOMe.gif","contentUrl":"https:\/\/nembutalboutique.com\/wp-content\/uploads\/2024\/09\/25C-NBOMe.gif","width":600,"height":600,"caption":"Achetez 25C-NBOME"},{"@type":"BreadcrumbList","@id":"https:\/\/nembutalboutique.com\/produit\/25c-nbome\/#breadcrumb","itemListElement":[{"@type":"ListItem","position":1,"name":"Home","item":"https:\/\/nembutalboutique.com\/"},{"@type":"ListItem","position":2,"name":"Boutique","item":"https:\/\/nembutalboutique.com\/shop\/"},{"@type":"ListItem","position":3,"name":"25C-NBOMe"}]},{"@type":"WebSite","@id":"https:\/\/nembutalboutique.com\/#website","url":"https:\/\/nembutalboutique.com\/","name":"Butik Nembutal","description":"M\u00f3j blog WordPress","publisher":{"@id":"https:\/\/nembutalboutique.com\/#organization"},"potentialAction":[{"@type":"SearchAction","target":{"@type":"EntryPoint","urlTemplate":"https:\/\/nembutalboutique.com\/?s={search_term_string}"},"query-input":{"@type":"PropertyValueSpecification","valueRequired":true,"valueName":"search_term_string"}}],"inLanguage":"pl-PL"},{"@type":"Organization","@id":"https:\/\/nembutalboutique.com\/#organization","name":"Butik Nembutal","url":"https:\/\/nembutalboutique.com\/","logo":{"@type":"ImageObject","inLanguage":"pl-PL","@id":"https:\/\/nembutalboutique.com\/#\/schema\/logo\/image\/","url":"https:\/\/nembutalboutique.com\/wp-content\/uploads\/2024\/01\/logo.png","contentUrl":"https:\/\/nembutalboutique.com\/wp-content\/uploads\/2024\/01\/logo.png","width":494,"height":121,"caption":"Nembutal Boutique"},"image":{"@id":"https:\/\/nembutalboutique.com\/#\/schema\/logo\/image\/"}}]}},"_links":{"self":[{"href":"https:\/\/nembutalboutique.com\/pl\/wp-json\/wp\/v2\/product\/3063"}],"collection":[{"href":"https:\/\/nembutalboutique.com\/pl\/wp-json\/wp\/v2\/product"}],"about":[{"href":"https:\/\/nembutalboutique.com\/pl\/wp-json\/wp\/v2\/types\/product"}],"replies":[{"embeddable":true,"href":"https:\/\/nembutalboutique.com\/pl\/wp-json\/wp\/v2\/comments?post=3063"}],"wp:featuredmedia":[{"embeddable":true,"href":"https:\/\/nembutalboutique.com\/pl\/wp-json\/wp\/v2\/media\/3078"}],"wp:attachment":[{"href":"https:\/\/nembutalboutique.com\/pl\/wp-json\/wp\/v2\/media?parent=3063"}],"wp:term":[{"taxonomy":"product_brand","embeddable":true,"href":"https:\/\/nembutalboutique.com\/pl\/wp-json\/wp\/v2\/product_brand?post=3063"},{"taxonomy":"product_cat","embeddable":true,"href":"https:\/\/nembutalboutique.com\/pl\/wp-json\/wp\/v2\/product_cat?post=3063"},{"taxonomy":"product_tag","embeddable":true,"href":"https:\/\/nembutalboutique.com\/pl\/wp-json\/wp\/v2\/product_tag?post=3063"}],"curies":[{"name":"wp","href":"https:\/\/api.w.org\/{rel}","templated":true}]}}