{"id":3058,"date":"2024-09-16T08:14:38","date_gmt":"2024-09-16T08:14:38","guid":{"rendered":"https:\/\/nembutalboutique.com\/?post_type=product&#038;p=3058"},"modified":"2024-09-20T09:44:10","modified_gmt":"2024-09-20T09:44:10","slug":"3-meo-pcp","status":"publish","type":"product","link":"https:\/\/nembutalboutique.com\/pl\/produkt\/kup-3-meo-pcp\/","title":{"rendered":"3-MEO-PCP"},"content":{"rendered":"<h2>Kup 3-MeO-PCP online<\/h2>\n<p>Szczypce do bezpo\u015bredniego kontaktu 3-MeO-PCP 3-MEO-PCP<\/p>\n<p>znany r\u00f3wnie\u017c jako 3-metoksyfencyklidyna lub <a href=\"https:\/\/en.wikipedia.org\/wiki\/3-MeO-PCP\">3-MeO-PCP<\/a>jest now\u0105 i stosunkowo nieznan\u0105 substancj\u0105 dysocjacyjn\u0105 z klasy arylocykloheksyloamin. 3-MeO-PCP jest pochodn\u0105 fencyklidyny (PCP) i jest chemicznie spokrewniona z substancjami takimi jak metyloksetamina i 3-MeO-PCE. \u0141agodzi swoje dzia\u0142anie poprzez blokowanie receptor\u00f3w NMDA w m\u00f3zgu.<\/p>\n<p>3-Methoxyphencyclidine, czasami okre\u015blana jako 3-MeO-PCP BUY ONLINE, to syntetyczny zwi\u0105zek diazowy nale\u017c\u0105cy do rodziny arylocykloheksyloamin. Sze\u015bciopier\u015bcieniowy pier\u015bcie\u0144 inicjuj\u0105cy, cykloheksan, jest obecny w 3-MeO-PCP i jest po\u0142\u0105czony z dwoma innymi pier\u015bcieniami poprzez R1. Sze\u015bciowarstwowy pier\u015bcie\u0144 piperydyny, kt\u00f3ry jest po\u0142\u0105czony z grup\u0105 stickstoff, jest jednym z tych pier\u015bcieni. Drugi pier\u015bcie\u0144 jest aromatycznym pier\u015bcieniem fenylowym, kt\u00f3ry ma podstawion\u0105 grup\u0119 metoksylow\u0105 w pozycji R3.<br \/>\nPod wzgl\u0119dem strukturalnym <a href=\"https:\/\/nembutalboutique.com\/produit\/3-meo-pcp\/\">3-MeO-PCP<\/a> jest podobny do 4-MeO-PCP.<\/p>\n<p>Chocia\u017c 3-MeO-PCP by\u0142 pocz\u0105tkowo uznawany za substancj\u0119 o dzia\u0142aniu opioidowym lub dopaminergicznym (na podstawie wcze\u015bniejszych analiz fenomenologicznych), dowody sugeruj\u0105, \u017ce 3-MeO-PCP jest silnym i selektywnym ligandem dla receptora NMDA o znikomym powinowactwie do dopaminy, zar\u00f3wno jako transportera, jak i receptora \u00b5-opioidowego. Przed komercjalizacj\u0105 mniej dyskryminuj\u0105cego 4-MeO-PCP jako badanej substancji chemicznej w 2011 r., 3-MeO-PCP by\u0142o dost\u0119pne na rynku.<\/p>\n<p>Ten produkt jest przeznaczony do u\u017cytku wy\u0142\u0105cznie w \u015brodowiskach bada\u0144 laboratoryjnych. Wszystkim zaanga\u017cowanym osobom zaleca si\u0119 zapoznanie si\u0119 z odpowiednim sprz\u0119tem zabezpieczaj\u0105cym i przestrzeganie ustalonych procedur bezpiecze\u0144stwa.<\/p>\n<p>Najwi\u0119kszy sklep z chemikaliami badawczymi, w kt\u00f3rym mo\u017cna uzyska\u0107 aktualne materia\u0142y do bada\u0144. Potrzebujesz zaufanego dostawcy, kt\u00f3ry dostarczy Ci oryginalne, czyste chemikalia 100 %. Wsp\u00f3\u0142pracuj\u0105c z nami, mo\u017cesz si\u0119 o tym przekona\u0107. Jeste\u015bmy bardzo dumni, \u017ce dzi\u0119ki naszemu zaanga\u017cowaniu w jako\u015b\u0107 i rzetelno\u015b\u0107 naukow\u0105 stali\u015bmy si\u0119 jednym z najbardziej renomowanych dostawc\u00f3w w bran\u017cy.<\/p>","protected":false},"excerpt":{"rendered":"<p>Acheter 3-MeO-PCP en ligne La pince \u00e0 contact direct 3-MeO-PCP 3-MEO-PCP \u00e9galement appel\u00e9e 3-m\u00e9thoxyphencyclidine ou 3-MeO-PCP, est une nouvelle substance dissociative relativement inconnue de la classe des arylcyclohexylamines. La 3-MeO-PCP est un d\u00e9riv\u00e9 de la phencyclidine (PCP) et est chimiquement apparent\u00e9e \u00e0 des substances telles que la m\u00e9thylx\u00e9tamine et la 3-MeO-PCE. Elle att\u00e9nue ses effets [&hellip;]<\/p>","protected":false},"featured_media":3073,"comment_status":"open","ping_status":"closed","template":"","meta":{"_joinchat":[]},"product_brand":[],"product_cat":[385],"product_tag":[],"class_list":{"0":"post-3058","1":"product","2":"type-product","3":"status-publish","4":"has-post-thumbnail","6":"product_cat-forschung-schemikalien","8":"first","9":"instock","10":"shipping-taxable","11":"purchasable","12":"product-type-variable"},"yoast_head":"<!-- This site is optimized with the Yoast SEO plugin v23.5 - https:\/\/yoast.com\/wordpress\/plugins\/seo\/ -->\n<title>Acheter 3-Meo PCP en ligne - 3-Meo PCP \u00e0 vendre<\/title>\n<meta name=\"description\" content=\"Si vous souhaitez acheter du 3-Meo PCP en ligne, notre boutique en ligne Nembutal peut vous aider. Nous avons du 3-Meo PCP en vente aux meilleurs prix ici. Passez votre commande maintenant !\" \/>\n<meta name=\"robots\" content=\"index, follow, max-snippet:-1, max-image-preview:large, max-video-preview:-1\" \/>\n<link rel=\"canonical\" href=\"https:\/\/nembutalboutique.com\/pl\/produkt\/kup-3-meo-pcp\/\" \/>\n<meta property=\"og:locale\" content=\"pl_PL\" \/>\n<meta property=\"og:type\" content=\"article\" \/>\n<meta property=\"og:title\" content=\"Acheter 3-Meo PCP en ligne - 3-Meo PCP \u00e0 vendre\" \/>\n<meta property=\"og:description\" content=\"Si vous souhaitez acheter du 3-Meo PCP en ligne, notre boutique en ligne Nembutal peut vous aider. Nous avons du 3-Meo PCP en vente aux meilleurs prix ici. Passez votre commande maintenant !\" \/>\n<meta property=\"og:url\" content=\"https:\/\/nembutalboutique.com\/pl\/produkt\/kup-3-meo-pcp\/\" \/>\n<meta property=\"og:site_name\" content=\"Nembutal Boutique\" \/>\n<meta property=\"article:modified_time\" content=\"2024-09-20T09:44:10+00:00\" \/>\n<meta property=\"og:image\" content=\"https:\/\/nembutalboutique.com\/wp-content\/uploads\/2024\/09\/3-meo-pcp.gif\" \/>\n\t<meta property=\"og:image:width\" content=\"600\" \/>\n\t<meta property=\"og:image:height\" content=\"600\" \/>\n\t<meta property=\"og:image:type\" content=\"image\/gif\" \/>\n<meta name=\"twitter:card\" content=\"summary_large_image\" \/>\n<meta name=\"twitter:label1\" content=\"Szacowany czas czytania\" \/>\n\t<meta name=\"twitter:data1\" content=\"2 minuty\" \/>\n<script type=\"application\/ld+json\" class=\"yoast-schema-graph\">{\"@context\":\"https:\/\/schema.org\",\"@graph\":[{\"@type\":\"WebPage\",\"@id\":\"https:\/\/nembutalboutique.com\/produit\/3-meo-pcp\/\",\"url\":\"https:\/\/nembutalboutique.com\/produit\/3-meo-pcp\/\",\"name\":\"Acheter 3-Meo PCP en ligne - 3-Meo PCP \u00e0 vendre\",\"isPartOf\":{\"@id\":\"https:\/\/nembutalboutique.com\/#website\"},\"primaryImageOfPage\":{\"@id\":\"https:\/\/nembutalboutique.com\/produit\/3-meo-pcp\/#primaryimage\"},\"image\":{\"@id\":\"https:\/\/nembutalboutique.com\/produit\/3-meo-pcp\/#primaryimage\"},\"thumbnailUrl\":\"https:\/\/nembutalboutique.com\/wp-content\/uploads\/2024\/09\/3-meo-pcp.gif\",\"datePublished\":\"2024-09-16T08:14:38+00:00\",\"dateModified\":\"2024-09-20T09:44:10+00:00\",\"description\":\"Si vous souhaitez acheter du 3-Meo PCP en ligne, notre boutique en ligne Nembutal peut vous aider. Nous avons du 3-Meo PCP en vente aux meilleurs prix ici. Passez votre commande maintenant !\",\"breadcrumb\":{\"@id\":\"https:\/\/nembutalboutique.com\/produit\/3-meo-pcp\/#breadcrumb\"},\"inLanguage\":\"pl-PL\",\"potentialAction\":[{\"@type\":\"ReadAction\",\"target\":[\"https:\/\/nembutalboutique.com\/produit\/3-meo-pcp\/\"]}]},{\"@type\":\"ImageObject\",\"inLanguage\":\"pl-PL\",\"@id\":\"https:\/\/nembutalboutique.com\/produit\/3-meo-pcp\/#primaryimage\",\"url\":\"https:\/\/nembutalboutique.com\/wp-content\/uploads\/2024\/09\/3-meo-pcp.gif\",\"contentUrl\":\"https:\/\/nembutalboutique.com\/wp-content\/uploads\/2024\/09\/3-meo-pcp.gif\",\"width\":600,\"height\":600,\"caption\":\"Acheter 3-meo-pcp.gif\"},{\"@type\":\"BreadcrumbList\",\"@id\":\"https:\/\/nembutalboutique.com\/produit\/3-meo-pcp\/#breadcrumb\",\"itemListElement\":[{\"@type\":\"ListItem\",\"position\":1,\"name\":\"Home\",\"item\":\"https:\/\/nembutalboutique.com\/\"},{\"@type\":\"ListItem\",\"position\":2,\"name\":\"Boutique\",\"item\":\"https:\/\/nembutalboutique.com\/shop\/\"},{\"@type\":\"ListItem\",\"position\":3,\"name\":\"3-MEO-PCP\"}]},{\"@type\":\"WebSite\",\"@id\":\"https:\/\/nembutalboutique.com\/#website\",\"url\":\"https:\/\/nembutalboutique.com\/\",\"name\":\"Nembutal Boutique\",\"description\":\"My WordPress Blog\",\"publisher\":{\"@id\":\"https:\/\/nembutalboutique.com\/#organization\"},\"potentialAction\":[{\"@type\":\"SearchAction\",\"target\":{\"@type\":\"EntryPoint\",\"urlTemplate\":\"https:\/\/nembutalboutique.com\/?s={search_term_string}\"},\"query-input\":{\"@type\":\"PropertyValueSpecification\",\"valueRequired\":true,\"valueName\":\"search_term_string\"}}],\"inLanguage\":\"pl-PL\"},{\"@type\":\"Organization\",\"@id\":\"https:\/\/nembutalboutique.com\/#organization\",\"name\":\"Nembutal Boutique\",\"url\":\"https:\/\/nembutalboutique.com\/\",\"logo\":{\"@type\":\"ImageObject\",\"inLanguage\":\"pl-PL\",\"@id\":\"https:\/\/nembutalboutique.com\/#\/schema\/logo\/image\/\",\"url\":\"https:\/\/nembutalboutique.com\/wp-content\/uploads\/2024\/01\/logo.png\",\"contentUrl\":\"https:\/\/nembutalboutique.com\/wp-content\/uploads\/2024\/01\/logo.png\",\"width\":494,\"height\":121,\"caption\":\"Nembutal Boutique\"},\"image\":{\"@id\":\"https:\/\/nembutalboutique.com\/#\/schema\/logo\/image\/\"}}]}<\/script>\n<!-- \/ Yoast SEO plugin. -->","yoast_head_json":{"title":"Kup 3-Meo PCP online - 3-Meo PCP na sprzeda\u017c","description":"Je\u015bli chcesz kupi\u0107 3-Meo PCP online, nasz sklep internetowy Nembutal mo\u017ce Ci pom\u00f3c. Mamy 3-Meo PCP na sprzeda\u017c w najlepszych cenach tutaj. Z\u0142\u00f3\u017c zam\u00f3wienie teraz!","robots":{"index":"index","follow":"follow","max-snippet":"max-snippet:-1","max-image-preview":"max-image-preview:large","max-video-preview":"max-video-preview:-1"},"canonical":"https:\/\/nembutalboutique.com\/pl\/produkt\/kup-3-meo-pcp\/","og_locale":"pl_PL","og_type":"article","og_title":"Acheter 3-Meo PCP en ligne - 3-Meo PCP \u00e0 vendre","og_description":"Si vous souhaitez acheter du 3-Meo PCP en ligne, notre boutique en ligne Nembutal peut vous aider. Nous avons du 3-Meo PCP en vente aux meilleurs prix ici. Passez votre commande maintenant !","og_url":"https:\/\/nembutalboutique.com\/pl\/produkt\/kup-3-meo-pcp\/","og_site_name":"Nembutal Boutique","article_modified_time":"2024-09-20T09:44:10+00:00","og_image":[{"width":600,"height":600,"url":"https:\/\/nembutalboutique.com\/wp-content\/uploads\/2024\/09\/3-meo-pcp.gif","type":"image\/gif"}],"twitter_card":"summary_large_image","twitter_misc":{"Szacowany czas czytania":"2 minuty"},"schema":{"@context":"https:\/\/schema.org","@graph":[{"@type":"WebPage","@id":"https:\/\/nembutalboutique.com\/produit\/3-meo-pcp\/","url":"https:\/\/nembutalboutique.com\/produit\/3-meo-pcp\/","name":"Kup 3-Meo PCP online - 3-Meo PCP na sprzeda\u017c","isPartOf":{"@id":"https:\/\/nembutalboutique.com\/#website"},"primaryImageOfPage":{"@id":"https:\/\/nembutalboutique.com\/produit\/3-meo-pcp\/#primaryimage"},"image":{"@id":"https:\/\/nembutalboutique.com\/produit\/3-meo-pcp\/#primaryimage"},"thumbnailUrl":"https:\/\/nembutalboutique.com\/wp-content\/uploads\/2024\/09\/3-meo-pcp.gif","datePublished":"2024-09-16T08:14:38+00:00","dateModified":"2024-09-20T09:44:10+00:00","description":"Je\u015bli chcesz kupi\u0107 3-Meo PCP online, nasz sklep internetowy Nembutal mo\u017ce Ci pom\u00f3c. Mamy 3-Meo PCP na sprzeda\u017c w najlepszych cenach tutaj. Z\u0142\u00f3\u017c zam\u00f3wienie teraz!","breadcrumb":{"@id":"https:\/\/nembutalboutique.com\/produit\/3-meo-pcp\/#breadcrumb"},"inLanguage":"pl-PL","potentialAction":[{"@type":"ReadAction","target":["https:\/\/nembutalboutique.com\/produit\/3-meo-pcp\/"]}]},{"@type":"ImageObject","inLanguage":"pl-PL","@id":"https:\/\/nembutalboutique.com\/produit\/3-meo-pcp\/#primaryimage","url":"https:\/\/nembutalboutique.com\/wp-content\/uploads\/2024\/09\/3-meo-pcp.gif","contentUrl":"https:\/\/nembutalboutique.com\/wp-content\/uploads\/2024\/09\/3-meo-pcp.gif","width":600,"height":600,"caption":"Acheter 3-meo-pcp.gif"},{"@type":"BreadcrumbList","@id":"https:\/\/nembutalboutique.com\/produit\/3-meo-pcp\/#breadcrumb","itemListElement":[{"@type":"ListItem","position":1,"name":"Home","item":"https:\/\/nembutalboutique.com\/"},{"@type":"ListItem","position":2,"name":"Boutique","item":"https:\/\/nembutalboutique.com\/shop\/"},{"@type":"ListItem","position":3,"name":"3-MEO-PCP"}]},{"@type":"WebSite","@id":"https:\/\/nembutalboutique.com\/#website","url":"https:\/\/nembutalboutique.com\/","name":"Butik Nembutal","description":"M\u00f3j blog WordPress","publisher":{"@id":"https:\/\/nembutalboutique.com\/#organization"},"potentialAction":[{"@type":"SearchAction","target":{"@type":"EntryPoint","urlTemplate":"https:\/\/nembutalboutique.com\/?s={search_term_string}"},"query-input":{"@type":"PropertyValueSpecification","valueRequired":true,"valueName":"search_term_string"}}],"inLanguage":"pl-PL"},{"@type":"Organization","@id":"https:\/\/nembutalboutique.com\/#organization","name":"Butik Nembutal","url":"https:\/\/nembutalboutique.com\/","logo":{"@type":"ImageObject","inLanguage":"pl-PL","@id":"https:\/\/nembutalboutique.com\/#\/schema\/logo\/image\/","url":"https:\/\/nembutalboutique.com\/wp-content\/uploads\/2024\/01\/logo.png","contentUrl":"https:\/\/nembutalboutique.com\/wp-content\/uploads\/2024\/01\/logo.png","width":494,"height":121,"caption":"Nembutal Boutique"},"image":{"@id":"https:\/\/nembutalboutique.com\/#\/schema\/logo\/image\/"}}]}},"_links":{"self":[{"href":"https:\/\/nembutalboutique.com\/pl\/wp-json\/wp\/v2\/product\/3058"}],"collection":[{"href":"https:\/\/nembutalboutique.com\/pl\/wp-json\/wp\/v2\/product"}],"about":[{"href":"https:\/\/nembutalboutique.com\/pl\/wp-json\/wp\/v2\/types\/product"}],"replies":[{"embeddable":true,"href":"https:\/\/nembutalboutique.com\/pl\/wp-json\/wp\/v2\/comments?post=3058"}],"wp:featuredmedia":[{"embeddable":true,"href":"https:\/\/nembutalboutique.com\/pl\/wp-json\/wp\/v2\/media\/3073"}],"wp:attachment":[{"href":"https:\/\/nembutalboutique.com\/pl\/wp-json\/wp\/v2\/media?parent=3058"}],"wp:term":[{"taxonomy":"product_brand","embeddable":true,"href":"https:\/\/nembutalboutique.com\/pl\/wp-json\/wp\/v2\/product_brand?post=3058"},{"taxonomy":"product_cat","embeddable":true,"href":"https:\/\/nembutalboutique.com\/pl\/wp-json\/wp\/v2\/product_cat?post=3058"},{"taxonomy":"product_tag","embeddable":true,"href":"https:\/\/nembutalboutique.com\/pl\/wp-json\/wp\/v2\/product_tag?post=3058"}],"curies":[{"name":"wp","href":"https:\/\/api.w.org\/{rel}","templated":true}]}}