{"id":3013,"date":"2024-09-16T08:14:16","date_gmt":"2024-09-16T08:14:16","guid":{"rendered":"https:\/\/nembutalboutique.com\/?post_type=product&#038;p=3013"},"modified":"2024-09-20T09:58:56","modified_gmt":"2024-09-20T09:58:56","slug":"1b-lsd","status":"publish","type":"product","link":"https:\/\/nembutalboutique.com\/pl\/produkt\/kupic-1b-lsd-online\/","title":{"rendered":"1B-LSD"},"content":{"rendered":"<h2>Achetez 1B-LSD en ligne<\/h2>\n<p>Acheter du 1B-LSD en ligne Faites toujours des recherches minutieuses et r\u00e9fl\u00e9chies. Il est conseill\u00e9 de vous renseigner dans la litt\u00e9rature avant de faire une \u00e9tude chimique. Vous pouvez trouver des ressources et des informations incroyablement utiles sur le <a href=\"https:\/\/nembutalboutique.com\/produit\/1b-lsd\/\">1B-LSD<\/a> sur le Wikip\u00e9dia Psychonaut. N&rsquo;utilisez jamais une substance pour apprendre sans avoir au pr\u00e9alable appris quelque chose \u00e0 son sujet. Ce produit est uniquement destin\u00e9 \u00e0 \u00eatre utilis\u00e9 dans des environnements m\u00e9dico-l\u00e9gaux.<\/p>\n<p>Avertissement : \u00e9vitez d&rsquo;utiliser ce produit sur des humains ou des animaux.<\/p>\n<h3>1B-LSD : qu&rsquo;est-ce que c&rsquo;est ?<\/h3>\n<p>Le nouveau m\u00e9dicament psychoactif <a href=\"https:\/\/en.wikipedia.org\/wiki\/1B-LSD\">1B-LSD<\/a> (1-Butanoyl-d-lysergs\u00e4urediethylamid) fait partie de la classe des lysergamides. Il devrait avoir des effets presque identiques \u00e0 ceux du LSD et du 1P-LSD, auxquels il est \u00e9troitement associ\u00e9. La pharmacologie du 1B-LSD est inconnue, mais il agit tr\u00e8s probablement sur les r\u00e9cepteurs de la s\u00e9rotonine d&rsquo;apr\u00e8s la connaissance des processus initiaux du LSD. Contrairement \u00e0 d&rsquo;autres produits chimiques de recherche, le 1B-LSD n&rsquo;\u00e9tait pas mentionn\u00e9 dans la litt\u00e9rature scientifique avant sa d\u00e9couverte, et on ne sait pas quand il a \u00e9t\u00e9 synth\u00e9tis\u00e9 pour la premi\u00e8re fois. En 2018, le 1B-LSD a commenc\u00e9 \u00e0 faire surface en ligne et a commenc\u00e9 \u00e0 recevoir une couverture m\u00e9diatique dans le secteur de la recherche chimique.<\/p>\n<p>Les rapports des utilisateurs indiquent que les effets subjectifs du 1B- et du 1P-LSD sont plut\u00f4t comparables. Il est \u00e9galement admis qu&rsquo;il fonctionne comme un m\u00e9dicament pr\u00e9curseur du LSD. En raison de leurs structures chimiques tr\u00e8s similaires, on s&rsquo;attend \u00e0 ce que le 1B-LSD et le LSD aient des profils pharmacologiques presque identiques, les principales diff\u00e9rences \u00e9tant la dur\u00e9e et le taux d&rsquo;absorption. Un sympt\u00f4me caract\u00e9ristique est une dilatation du temps, une auto-d\u00e9charge accrue, des hallucinations visuelles g\u00e9om\u00e9triques et une perte de poids. En raison de sa nature bien tol\u00e9r\u00e9e et de ses effets psych\u00e9d\u00e9liques bien \u00e9tablis, il est devenu une nouvelle substance psychoactive populaire parmi les consommateurs. Il peut \u00eatre utilis\u00e9 de mani\u00e8re interchangeable avec le LSD.<br \/>\nIl existe peu d&rsquo;informations disponibles sur les caract\u00e9ristiques pharmacologiques, le m\u00e9tabolisme et la toxicit\u00e9 du 1B-LSD. M\u00eame si les donn\u00e9es appuyant cette th\u00e9orie sont actuellement peu nombreuses, on peut supposer que la toxicit\u00e9 et le profil de risque du LSD sont comparables. Il est fortement conseill\u00e9 d&rsquo;utiliser des techniques de r\u00e9duction des dommages lors de la manipulation de ces produits chimiques.<\/p>\n<h3>Achats l\u00e9gaux de LSD en ligne jusqu&rsquo;en juin 2024<\/h3>\n<p>Le 1T-LSD, parfois appel\u00e9 1D-LSD, est une forme synth\u00e9tique du LSD-25 et de la lysergine interdits qui se trouvent naturellement dans la feuille de ma\u00efs. La substance 1-(thioph\u00e8ne-2-carbonyl)-Lysergacide Diethylamid hemi-L-Tartrat n&rsquo;est actuellement pas couverte par la loi sur les produits pharmaceutiques (AMG), la loi sur les produits pharmaceutiques (BtMG) ou la nouvelle loi sur les stocks psychoactifs (NpSG) !<\/p>\n<p>Le fondement de cette situation r\u00e9side dans la structure du 1T-LSD. Vous vous rendez compte que le LSD-25 est seulement l\u00e9ger, ce qui signifie qu&rsquo;il ne fait pas partie de la cat\u00e9gorie des substances interdites. Comme il poss\u00e8de un groupe 1-t\u00e9traline suppl\u00e9mentaire, il peut \u00eatre consid\u00e9r\u00e9 comme un d\u00e9riv\u00e9 du LSD-25.<\/p>\n<p>Selon certaines informations, le 1T-LSD ne peut pas \u00eatre distingu\u00e9 du LSD conventionnel. On suppose donc que la substance se transforme en LSD dans le corps.<\/p>\n<p>Votre magasin de 1D- ou 1T-LSD<\/p>\n<h3>\u00cates-vous pr\u00eat \u00e0 entrer dans une nouvelle dimension en utilisant des psych\u00e9d\u00e9liques l\u00e9gaux ?<\/h3>\n<p>D\u00e9couvrons ensemble le 1T-LSD, ou m\u00eame le 1D-LSD ? une substance r\u00e9volutionnaire qui \u00e9veille vos sens et vous emm\u00e8ne dans un voyage inoubliable !<\/p>\n<p>Avec nos produits, nous sommes ravis de faire partie de votre parcours scientifique et d&rsquo;\u00eatre votre \u00ab pionnier \u00bb. Nous sommes impatients de voir les r\u00e9sultats fascinants que vous pouvez obtenir avec le 1T-LSD\u00a0!<\/p>\n<p>Le 1D-LSD a toujours \u00e9t\u00e9 consid\u00e9r\u00e9 comme le LSD \u00ab\u00a0de r\u00eave\u00a0\u00bb. Le fabricant nous a inform\u00e9s que le 1D-LSD n&rsquo;a jamais \u00e9t\u00e9 pr\u00e9sent. Il s&rsquo;agissait toujours du 1T-LSD\u00a0! Une l\u00e9gende, un stratag\u00e8me astucieux du fabricant pour contourner l&rsquo;interdiction en utilisant un faux \u00e9tiquetage et un moyen parfaitement l\u00e9gitime d&rsquo;acheter du 1B-LSD en ligne.<\/p>\n<p>Parmi les effets les plus fr\u00e9quemment rapport\u00e9s figurent : K\u00f6rperlich \u2022 Excitation \u2022 Perception intuitive du corps \u2022 Am\u00e9lioration tactile \u2022 Dauerverbesserung \u2022 R\u00e9duction de l&rsquo;app\u00e9tit \u2022 Am\u00e9lioration du contr\u00f4le corporel Cognitif \u2022 Analyse et am\u00e9lioration \u2022 Peur et suspicion \u2022 Konzept-Denken \u2022 Stimulation de la cr\u00e9ativit\u00e9 \u2022 \u00c9l\u00e9vation des \u00e9motions \u2022 Extension de neutralisation \u2022 Diminution des pr\u00e9conceptions personnelles \u2022 Expansion de la signification personnelle \u2022 Fokussing \u2022 Am\u00e9lioration de l&rsquo;immersion \u2022 Augmentation de la suggestibilit\u00e9 \u2022 Euphorie mentale \u2022 T\u00e4uschung \u2022 R\u00e9current \u2022 Ich-Ersatz \u2022 Erh\u00f6hte Libido \u2022 Error beim Verst\u00e4ndnis der Musik<\/p>\n<p>P<\/p>","protected":false},"excerpt":{"rendered":"<p>Achetez 1B-LSD en ligne Acheter du 1B-LSD en ligne Faites toujours des recherches minutieuses et r\u00e9fl\u00e9chies. Il est conseill\u00e9 de vous renseigner dans la litt\u00e9rature avant de faire une \u00e9tude chimique. Vous pouvez trouver des ressources et des informations incroyablement utiles sur le 1B-LSD sur le Wikip\u00e9dia Psychonaut. N&rsquo;utilisez jamais une substance pour apprendre sans [&hellip;]<\/p>","protected":false},"featured_media":3039,"comment_status":"open","ping_status":"closed","template":"","meta":{"_joinchat":[]},"product_brand":[],"product_cat":[385],"product_tag":[460,461,462,463,464,465,466],"class_list":{"0":"post-3013","1":"product","2":"type-product","3":"status-publish","4":"has-post-thumbnail","6":"product_cat-forschung-schemikalien","7":"product_tag-1d-lsd-online-kaufen","8":"product_tag-1d-lsd-pellets-preis","9":"product_tag-1d-lsd-zu-verkaufen","10":"product_tag-1v-lsd","11":"product_tag-1v-lsd-pellets","12":"product_tag-1v-lsd-preis","13":"product_tag-lysergamides-lsd","15":"first","16":"instock","17":"shipping-taxable","18":"purchasable","19":"product-type-variable","20":"has-default-attributes"},"yoast_head":"<!-- This site is optimized with the Yoast SEO plugin v23.5 - https:\/\/yoast.com\/wordpress\/plugins\/seo\/ -->\n<title>Acheter 1B-LSD en ligne - 1B-LSD \u00e0 vendre<\/title>\n<meta name=\"description\" content=\"Nous sommes le magasin leader proposant du 1B-LSD \u00e0 la vente. Si vous souhaitez acheter du 1B-LSD, contactez-nous imm\u00e9diatement et faites livrer votre commande. Commandez maintenant !\" \/>\n<meta name=\"robots\" content=\"index, follow, max-snippet:-1, max-image-preview:large, max-video-preview:-1\" \/>\n<link rel=\"canonical\" href=\"https:\/\/nembutalboutique.com\/pl\/produkt\/kupic-1b-lsd-online\/\" \/>\n<meta property=\"og:locale\" content=\"pl_PL\" \/>\n<meta property=\"og:type\" content=\"article\" \/>\n<meta property=\"og:title\" content=\"Acheter 1B-LSD en ligne - 1B-LSD \u00e0 vendre\" \/>\n<meta property=\"og:description\" content=\"Nous sommes le magasin leader proposant du 1B-LSD \u00e0 la vente. Si vous souhaitez acheter du 1B-LSD, contactez-nous imm\u00e9diatement et faites livrer votre commande. Commandez maintenant !\" \/>\n<meta property=\"og:url\" content=\"https:\/\/nembutalboutique.com\/pl\/produkt\/kupic-1b-lsd-online\/\" \/>\n<meta property=\"og:site_name\" content=\"Nembutal Boutique\" \/>\n<meta property=\"article:modified_time\" content=\"2024-09-20T09:58:56+00:00\" \/>\n<meta property=\"og:image\" content=\"https:\/\/nembutalboutique.com\/wp-content\/uploads\/2024\/09\/1B-LSD.gif\" \/>\n\t<meta property=\"og:image:width\" content=\"600\" \/>\n\t<meta property=\"og:image:height\" content=\"600\" \/>\n\t<meta property=\"og:image:type\" content=\"image\/gif\" \/>\n<meta name=\"twitter:card\" content=\"summary_large_image\" \/>\n<meta name=\"twitter:label1\" content=\"Szacowany czas czytania\" \/>\n\t<meta name=\"twitter:data1\" content=\"4 minuty\" \/>\n<script type=\"application\/ld+json\" class=\"yoast-schema-graph\">{\"@context\":\"https:\/\/schema.org\",\"@graph\":[{\"@type\":\"WebPage\",\"@id\":\"https:\/\/nembutalboutique.com\/produit\/1b-lsd\/\",\"url\":\"https:\/\/nembutalboutique.com\/produit\/1b-lsd\/\",\"name\":\"Acheter 1B-LSD en ligne - 1B-LSD \u00e0 vendre\",\"isPartOf\":{\"@id\":\"https:\/\/nembutalboutique.com\/#website\"},\"primaryImageOfPage\":{\"@id\":\"https:\/\/nembutalboutique.com\/produit\/1b-lsd\/#primaryimage\"},\"image\":{\"@id\":\"https:\/\/nembutalboutique.com\/produit\/1b-lsd\/#primaryimage\"},\"thumbnailUrl\":\"https:\/\/nembutalboutique.com\/wp-content\/uploads\/2024\/09\/1B-LSD.gif\",\"datePublished\":\"2024-09-16T08:14:16+00:00\",\"dateModified\":\"2024-09-20T09:58:56+00:00\",\"description\":\"Nous sommes le magasin leader proposant du 1B-LSD \u00e0 la vente. Si vous souhaitez acheter du 1B-LSD, contactez-nous imm\u00e9diatement et faites livrer votre commande. Commandez maintenant !\",\"breadcrumb\":{\"@id\":\"https:\/\/nembutalboutique.com\/produit\/1b-lsd\/#breadcrumb\"},\"inLanguage\":\"pl-PL\",\"potentialAction\":[{\"@type\":\"ReadAction\",\"target\":[\"https:\/\/nembutalboutique.com\/produit\/1b-lsd\/\"]}]},{\"@type\":\"ImageObject\",\"inLanguage\":\"pl-PL\",\"@id\":\"https:\/\/nembutalboutique.com\/produit\/1b-lsd\/#primaryimage\",\"url\":\"https:\/\/nembutalboutique.com\/wp-content\/uploads\/2024\/09\/1B-LSD.gif\",\"contentUrl\":\"https:\/\/nembutalboutique.com\/wp-content\/uploads\/2024\/09\/1B-LSD.gif\",\"width\":600,\"height\":600,\"caption\":\"Acheter 1B-LSD.gif\"},{\"@type\":\"BreadcrumbList\",\"@id\":\"https:\/\/nembutalboutique.com\/produit\/1b-lsd\/#breadcrumb\",\"itemListElement\":[{\"@type\":\"ListItem\",\"position\":1,\"name\":\"Home\",\"item\":\"https:\/\/nembutalboutique.com\/\"},{\"@type\":\"ListItem\",\"position\":2,\"name\":\"Boutique\",\"item\":\"https:\/\/nembutalboutique.com\/shop\/\"},{\"@type\":\"ListItem\",\"position\":3,\"name\":\"1B-LSD\"}]},{\"@type\":\"WebSite\",\"@id\":\"https:\/\/nembutalboutique.com\/#website\",\"url\":\"https:\/\/nembutalboutique.com\/\",\"name\":\"Nembutal Boutique\",\"description\":\"My WordPress Blog\",\"publisher\":{\"@id\":\"https:\/\/nembutalboutique.com\/#organization\"},\"potentialAction\":[{\"@type\":\"SearchAction\",\"target\":{\"@type\":\"EntryPoint\",\"urlTemplate\":\"https:\/\/nembutalboutique.com\/?s={search_term_string}\"},\"query-input\":{\"@type\":\"PropertyValueSpecification\",\"valueRequired\":true,\"valueName\":\"search_term_string\"}}],\"inLanguage\":\"pl-PL\"},{\"@type\":\"Organization\",\"@id\":\"https:\/\/nembutalboutique.com\/#organization\",\"name\":\"Nembutal Boutique\",\"url\":\"https:\/\/nembutalboutique.com\/\",\"logo\":{\"@type\":\"ImageObject\",\"inLanguage\":\"pl-PL\",\"@id\":\"https:\/\/nembutalboutique.com\/#\/schema\/logo\/image\/\",\"url\":\"https:\/\/nembutalboutique.com\/wp-content\/uploads\/2024\/01\/logo.png\",\"contentUrl\":\"https:\/\/nembutalboutique.com\/wp-content\/uploads\/2024\/01\/logo.png\",\"width\":494,\"height\":121,\"caption\":\"Nembutal Boutique\"},\"image\":{\"@id\":\"https:\/\/nembutalboutique.com\/#\/schema\/logo\/image\/\"}}]}<\/script>\n<!-- \/ Yoast SEO plugin. -->","yoast_head_json":{"title":"Acheter 1B-LSD en ligne - 1B-LSD \u00e0 vendre","description":"Nous sommes le magasin leader proposant du 1B-LSD \u00e0 la vente. Si vous souhaitez acheter du 1B-LSD, contactez-nous imm\u00e9diatement et faites livrer votre commande. Commandez maintenant !","robots":{"index":"index","follow":"follow","max-snippet":"max-snippet:-1","max-image-preview":"max-image-preview:large","max-video-preview":"max-video-preview:-1"},"canonical":"https:\/\/nembutalboutique.com\/pl\/produkt\/kupic-1b-lsd-online\/","og_locale":"pl_PL","og_type":"article","og_title":"Acheter 1B-LSD en ligne - 1B-LSD \u00e0 vendre","og_description":"Nous sommes le magasin leader proposant du 1B-LSD \u00e0 la vente. Si vous souhaitez acheter du 1B-LSD, contactez-nous imm\u00e9diatement et faites livrer votre commande. Commandez maintenant !","og_url":"https:\/\/nembutalboutique.com\/pl\/produkt\/kupic-1b-lsd-online\/","og_site_name":"Nembutal Boutique","article_modified_time":"2024-09-20T09:58:56+00:00","og_image":[{"width":600,"height":600,"url":"https:\/\/nembutalboutique.com\/wp-content\/uploads\/2024\/09\/1B-LSD.gif","type":"image\/gif"}],"twitter_card":"summary_large_image","twitter_misc":{"Szacowany czas czytania":"4 minuty"},"schema":{"@context":"https:\/\/schema.org","@graph":[{"@type":"WebPage","@id":"https:\/\/nembutalboutique.com\/produit\/1b-lsd\/","url":"https:\/\/nembutalboutique.com\/produit\/1b-lsd\/","name":"Acheter 1B-LSD en ligne - 1B-LSD \u00e0 vendre","isPartOf":{"@id":"https:\/\/nembutalboutique.com\/#website"},"primaryImageOfPage":{"@id":"https:\/\/nembutalboutique.com\/produit\/1b-lsd\/#primaryimage"},"image":{"@id":"https:\/\/nembutalboutique.com\/produit\/1b-lsd\/#primaryimage"},"thumbnailUrl":"https:\/\/nembutalboutique.com\/wp-content\/uploads\/2024\/09\/1B-LSD.gif","datePublished":"2024-09-16T08:14:16+00:00","dateModified":"2024-09-20T09:58:56+00:00","description":"Nous sommes le magasin leader proposant du 1B-LSD \u00e0 la vente. Si vous souhaitez acheter du 1B-LSD, contactez-nous imm\u00e9diatement et faites livrer votre commande. Commandez maintenant !","breadcrumb":{"@id":"https:\/\/nembutalboutique.com\/produit\/1b-lsd\/#breadcrumb"},"inLanguage":"pl-PL","potentialAction":[{"@type":"ReadAction","target":["https:\/\/nembutalboutique.com\/produit\/1b-lsd\/"]}]},{"@type":"ImageObject","inLanguage":"pl-PL","@id":"https:\/\/nembutalboutique.com\/produit\/1b-lsd\/#primaryimage","url":"https:\/\/nembutalboutique.com\/wp-content\/uploads\/2024\/09\/1B-LSD.gif","contentUrl":"https:\/\/nembutalboutique.com\/wp-content\/uploads\/2024\/09\/1B-LSD.gif","width":600,"height":600,"caption":"Acheter 1B-LSD.gif"},{"@type":"BreadcrumbList","@id":"https:\/\/nembutalboutique.com\/produit\/1b-lsd\/#breadcrumb","itemListElement":[{"@type":"ListItem","position":1,"name":"Home","item":"https:\/\/nembutalboutique.com\/"},{"@type":"ListItem","position":2,"name":"Boutique","item":"https:\/\/nembutalboutique.com\/shop\/"},{"@type":"ListItem","position":3,"name":"1B-LSD"}]},{"@type":"WebSite","@id":"https:\/\/nembutalboutique.com\/#website","url":"https:\/\/nembutalboutique.com\/","name":"Butik Nembutal","description":"M\u00f3j blog WordPress","publisher":{"@id":"https:\/\/nembutalboutique.com\/#organization"},"potentialAction":[{"@type":"SearchAction","target":{"@type":"EntryPoint","urlTemplate":"https:\/\/nembutalboutique.com\/?s={search_term_string}"},"query-input":{"@type":"PropertyValueSpecification","valueRequired":true,"valueName":"search_term_string"}}],"inLanguage":"pl-PL"},{"@type":"Organization","@id":"https:\/\/nembutalboutique.com\/#organization","name":"Butik Nembutal","url":"https:\/\/nembutalboutique.com\/","logo":{"@type":"ImageObject","inLanguage":"pl-PL","@id":"https:\/\/nembutalboutique.com\/#\/schema\/logo\/image\/","url":"https:\/\/nembutalboutique.com\/wp-content\/uploads\/2024\/01\/logo.png","contentUrl":"https:\/\/nembutalboutique.com\/wp-content\/uploads\/2024\/01\/logo.png","width":494,"height":121,"caption":"Nembutal Boutique"},"image":{"@id":"https:\/\/nembutalboutique.com\/#\/schema\/logo\/image\/"}}]}},"_links":{"self":[{"href":"https:\/\/nembutalboutique.com\/pl\/wp-json\/wp\/v2\/product\/3013"}],"collection":[{"href":"https:\/\/nembutalboutique.com\/pl\/wp-json\/wp\/v2\/product"}],"about":[{"href":"https:\/\/nembutalboutique.com\/pl\/wp-json\/wp\/v2\/types\/product"}],"replies":[{"embeddable":true,"href":"https:\/\/nembutalboutique.com\/pl\/wp-json\/wp\/v2\/comments?post=3013"}],"wp:featuredmedia":[{"embeddable":true,"href":"https:\/\/nembutalboutique.com\/pl\/wp-json\/wp\/v2\/media\/3039"}],"wp:attachment":[{"href":"https:\/\/nembutalboutique.com\/pl\/wp-json\/wp\/v2\/media?parent=3013"}],"wp:term":[{"taxonomy":"product_brand","embeddable":true,"href":"https:\/\/nembutalboutique.com\/pl\/wp-json\/wp\/v2\/product_brand?post=3013"},{"taxonomy":"product_cat","embeddable":true,"href":"https:\/\/nembutalboutique.com\/pl\/wp-json\/wp\/v2\/product_cat?post=3013"},{"taxonomy":"product_tag","embeddable":true,"href":"https:\/\/nembutalboutique.com\/pl\/wp-json\/wp\/v2\/product_tag?post=3013"}],"curies":[{"name":"wp","href":"https:\/\/api.w.org\/{rel}","templated":true}]}}