{"id":2931,"date":"2024-09-16T08:13:34","date_gmt":"2024-09-16T08:13:34","guid":{"rendered":"https:\/\/nembutalboutique.com\/?post_type=product&#038;p=2931"},"modified":"2024-09-20T10:13:13","modified_gmt":"2024-09-20T10:13:13","slug":"mdma","status":"publish","type":"product","link":"https:\/\/nembutalboutique.com\/pl\/produkt\/kup-mdma-online\/","title":{"rendered":"MDMA"},"content":{"rendered":"<h2>MDMA-Kristalle kupi\u0107 online - MDMA-Kristalle online<\/h2>\n<p>MDMA, znane r\u00f3wnie\u017c jako 3,4-metylendioksymetamfetamina, jest substancj\u0105 psychoaktywn\u0105, kt\u00f3ra wywo\u0142uje szcz\u0119\u015bcie i empati\u0119. MDMA zosta\u0142o pierwotnie opracowane jako lek na recept\u0119 do leczenia zespo\u0142u stresu pourazowego (PTSD). Ze wzgl\u0119du na powszechne stosowanie jako narkotyk imprezowy, \u0142atwo dost\u0119pne czyste MDMA zyska\u0142o popularno\u015b\u0107 jako substancja rekreacyjna. Lek ten jest czasami okre\u015blany jako Ecstasy lub Molly. MDMA-Kristalle online jest silnym stymulantem, kt\u00f3ry zmienia lustro serotoniny w organizmie. Skutkuje to zwi\u0119kszon\u0105 witalno\u015bci\u0105, koncentracj\u0105 i szcz\u0119\u015bciem.<\/p>\n<h3>Kup MDMDA online od wiarygodnego dostawcy lub sprzedawcy MDMDA.<\/h3>\n<p>Metylendioksymetamfetamina, znana r\u00f3wnie\u017c jako MDMA, jest substancj\u0105 psychoaktywn\u0105, kt\u00f3ra sprawia, \u017ce u\u017cytkownicy czuj\u0105 si\u0119 optymistycznie, energicznie, refleksyjnie i pobudzeni. Kiedy MDMA zosta\u0142o po raz pierwszy wyprodukowane jako substancja chemiczna do bada\u0144 w 1912 roku, zosta\u0142o zsyntetyzowane. Jednak w latach 70. MDMA zacz\u0119\u0142o zyskiwa\u0107 popularno\u015b\u0107 w\u015br\u00f3d os\u00f3b, kt\u00f3re u\u017cywa\u0142y go dla przyjemno\u015bci. Zgodnie z ustaw\u0105 o substancjach kontrolowanych MDMA jest nadal nielegalne.<\/p>\n<h3>Gdzie mog\u0119 kupi\u0107 MDMA online?<\/h3>\n<p>Istnieje kilka miejsc, w kt\u00f3rych mo\u017cna kupi\u0107 MDMA online. Nasze wyspecjalizowane strony internetowe umo\u017cliwiaj\u0105 zakup MDMA. Czy mog\u0119 kupi\u0107 MDMA online bez recepty? Tak, mo\u017cesz bezpiecznie i dyskretnie kupi\u0107 MDMA online od renomowanego sprzedawcy, takiego jak my.<\/p>\n<h3>Jak mog\u0119 bezpiecznie kupi\u0107 MDMA online? Czy kupowanie MDMA online jest legalne?<\/h3>\n<p>Dopuszczalne jest kupowanie MDMA online. Z drugiej strony nale\u017cy przestrzega\u0107 przepis\u00f3w stanowych. Sprawdzaj\u0105c to, mo\u017cesz upewni\u0107 si\u0119, \u017ce przestrzegasz przepis\u00f3w obowi\u0105zuj\u0105cych w Twojej okolicy. MDMA Wi\u0119kszo\u015b\u0107 kraj\u00f3w na \u015bwiecie uwa\u017ca MDMA za substancj\u0119 zabronion\u0105. MDMA mo\u017cna jednak kupi\u0107 legalnie w wielu cz\u0119\u015bciach Europy, Azji, Australii i Ameryki P\u00f3\u0142nocnej.<\/p>\n<h3>Czy mog\u0119 kupi\u0107 MDM online?<\/h3>\n<p>MDMA mo\u017cna kupi\u0107 online. Jak wszyscy wiemy, wielu sprzedawc\u00f3w detalicznych sprzedaje MDMA online. Wszystko, co musisz wiedzie\u0107, to jak zidentyfikowa\u0107 prawdziwego sprzedawc\u0119 i jakie kroki podj\u0105\u0107 w takiej sytuacji. Istnieje inne okre\u015blenie MDMA: ecstasy. Chocia\u017c MDMA mo\u017ce mie\u0107 niekt\u00f3re z tych samych efekt\u00f3w, nie zmienia cia\u0142a w taki sam spos\u00f3b jak euforia. Gdzie mog\u0119 bezpiecznie i dyskretnie kupi\u0107 MDMA-Kristalle online?<\/p>\n<p>Jeste\u015bmy najlepszym \u017ar\u00f3d\u0142em zakupu nieruchomo\u015bci <a href=\"https:\/\/nembutalboutique.com\/produit\/mdma\/\">MDMA<\/a> online. Sprzedajemy MDMA od 2013 roku. Nasi klienci stale otrzymuj\u0105 najwy\u017cszej jako\u015bci MDMA w rozs\u0105dnych cenach. Wysy\u0142amy wszystko za darmo do dowolnego kraju na \u015bwiecie. MDMA oznacza dost\u0119pno\u015b\u0107 bezpiecznych transakcji online. Skontaktuj si\u0119 z nami, aby dowiedzie\u0107 si\u0119 wi\u0119cej o obs\u0142udze MDMA.<\/p>\n<h3>Jak u\u017cywa si\u0119 MDMA?<\/h3>\n<p>Aby u\u017cy\u0107, wystarczy zmiesza\u0107 1\/8 grama MDMA z dwiema kroplami wody. Nast\u0119pnie po\u015bwi\u0119\u0107 dziesi\u0119\u0107 minut na delektowanie si\u0119 mieszank\u0105 w wolnym czasie. Unikaj spo\u017cywania ca\u0142ego napoju samodzielnie. Zamiast tego we\u017a ma\u0142\u0105, jednolit\u0105 szczypt\u0119.<\/p>\n<h3>MDMA: co to jest?<\/h3>\n<p>Naturaln\u0105 substancj\u0105 wyst\u0119puj\u0105c\u0105 w niekt\u00f3rych bateriach jest <a href=\"https:\/\/en.wikipedia.org\/wiki\/MDMA\">MDMA<\/a>. Jest por\u00f3wnywalny do meskaliny, halucynogennego narkotyku wytwarzanego z ro\u015bliny pejotlu. Silne halucynogeny, takie jak MDMA, mog\u0105 powodowa\u0107 niezwykle bolesne halucynacje u u\u017cytkownik\u00f3w. Ludzie cz\u0119sto zauwa\u017caj\u0105, jak pot\u0119\u017cne i niezwykle autentyczne wydaj\u0105 im si\u0119 te obrazy. Halucynacje te s\u0105 spowodowane uwalnianiem serotoniny w m\u00f3zgu. Serotonina jest neuroprzeka\u017anikiem, kt\u00f3ry pomaga kontrolowa\u0107 nastr\u00f3j, apetyt, wzorce snu i po\u017c\u0105danie seksualne. Gdy poziom serotoniny jest niski, u\u017cytkownicy cz\u0119sto cierpi\u0105 na depresj\u0119. MDMA zwi\u0119ksza lustro serotoniny w m\u00f3zgu, czyni\u0105c u\u017cytkownik\u00f3w szcz\u0119\u015bliwszymi i bardziej energicznymi.<\/p>\n<h3>Czy MDMA jest tragicznym faraonem?<\/h3>\n<p>Tak, MDMA jest bezpieczne, je\u015bli jest u\u017cywane prawid\u0142owo. Jednak MDMA powinno by\u0107 u\u017cywane wy\u0142\u0105cznie przez osoby doros\u0142e w wieku 18 lat i starsze.<\/p>\n<h3>Czy mog\u0119 u\u017cywa\u0107 MDMA podczas ci\u0105\u017cy?<\/h3>\n<p>Kobietom w ci\u0105\u017cy cz\u0119sto odradza si\u0119 stosowanie MDMA. Nie ma dowod\u00f3w na to, \u017ce MDMA jest szkodliwe dla rozwijaj\u0105cego si\u0119 p\u0142odu. Kobiety w ci\u0105\u017cy powinny jednak zachowa\u0107 ostro\u017cno\u015b\u0107 podczas stosowania MDMA. Kup MDMA online.<\/p>","protected":false},"excerpt":{"rendered":"<p>Acheter MDMA-Kristalle en ligne &#8211; MDMA-Kristalle en ligne La MDMA, \u00e9galement connue sous le nom de 3,4-m\u00e9thylendioxym\u00e9thamph\u00e9tamine, est une substance psychoactive qui induit le bonheur et l&#8217;empathie. La MDMA a \u00e9t\u00e9 initialement d\u00e9velopp\u00e9e comme m\u00e9dicament sur ordonnance pour traiter le trouble de stress post-traumatique (TSPT). En raison de son utilisation r\u00e9pandue comme drogue de f\u00eate, [&hellip;]<\/p>","protected":false},"featured_media":2937,"comment_status":"open","ping_status":"closed","template":"","meta":{"_joinchat":[]},"product_brand":[],"product_cat":[385],"product_tag":[],"class_list":{"0":"post-2931","1":"product","2":"type-product","3":"status-publish","4":"has-post-thumbnail","6":"product_cat-forschung-schemikalien","8":"first","9":"instock","10":"shipping-taxable","11":"purchasable","12":"product-type-variable"},"yoast_head":"<!-- This site is optimized with the Yoast SEO plugin v23.5 - https:\/\/yoast.com\/wordpress\/plugins\/seo\/ -->\n<title>Acheter de la MDMA en ligne \u2013 MDMA \u00e0 vendre<\/title>\n<meta name=\"description\" content=\"Vous cherchez \u00e0 acheter de la MDMA en ligne \u00e0 un prix raisonnable ? Visitez notre boutique en ligne r\u00e9put\u00e9e Nembutal Boutique et obtenez de la MDMA en vente d\u00e8s aujourd&#039;hui. Passez une commande maintenant et obtenez le meilleur tarif dans notre magasin.\" \/>\n<meta name=\"robots\" content=\"index, follow, max-snippet:-1, max-image-preview:large, max-video-preview:-1\" \/>\n<link rel=\"canonical\" href=\"https:\/\/nembutalboutique.com\/pl\/produkt\/kup-mdma-online\/\" \/>\n<meta property=\"og:locale\" content=\"pl_PL\" \/>\n<meta property=\"og:type\" content=\"article\" \/>\n<meta property=\"og:title\" content=\"Acheter de la MDMA en ligne \u2013 MDMA \u00e0 vendre\" \/>\n<meta property=\"og:description\" content=\"Vous cherchez \u00e0 acheter de la MDMA en ligne \u00e0 un prix raisonnable ? Visitez notre boutique en ligne r\u00e9put\u00e9e Nembutal Boutique et obtenez de la MDMA en vente d\u00e8s aujourd&#039;hui. Passez une commande maintenant et obtenez le meilleur tarif dans notre magasin.\" \/>\n<meta property=\"og:url\" content=\"https:\/\/nembutalboutique.com\/pl\/produkt\/kup-mdma-online\/\" \/>\n<meta property=\"og:site_name\" content=\"Nembutal Boutique\" \/>\n<meta property=\"article:modified_time\" content=\"2024-09-20T10:13:13+00:00\" \/>\n<meta property=\"og:image\" content=\"https:\/\/nembutalboutique.com\/wp-content\/uploads\/2024\/09\/MDMA.gif\" \/>\n\t<meta property=\"og:image:width\" content=\"600\" \/>\n\t<meta property=\"og:image:height\" content=\"600\" \/>\n\t<meta property=\"og:image:type\" content=\"image\/gif\" \/>\n<meta name=\"twitter:card\" content=\"summary_large_image\" \/>\n<meta name=\"twitter:label1\" content=\"Szacowany czas czytania\" \/>\n\t<meta name=\"twitter:data1\" content=\"4 minuty\" \/>\n<script type=\"application\/ld+json\" class=\"yoast-schema-graph\">{\"@context\":\"https:\/\/schema.org\",\"@graph\":[{\"@type\":\"WebPage\",\"@id\":\"https:\/\/nembutalboutique.com\/produit\/mdma\/\",\"url\":\"https:\/\/nembutalboutique.com\/produit\/mdma\/\",\"name\":\"Acheter de la MDMA en ligne \u2013 MDMA \u00e0 vendre\",\"isPartOf\":{\"@id\":\"https:\/\/nembutalboutique.com\/#website\"},\"primaryImageOfPage\":{\"@id\":\"https:\/\/nembutalboutique.com\/produit\/mdma\/#primaryimage\"},\"image\":{\"@id\":\"https:\/\/nembutalboutique.com\/produit\/mdma\/#primaryimage\"},\"thumbnailUrl\":\"https:\/\/nembutalboutique.com\/wp-content\/uploads\/2024\/09\/MDMA.gif\",\"datePublished\":\"2024-09-16T08:13:34+00:00\",\"dateModified\":\"2024-09-20T10:13:13+00:00\",\"description\":\"Vous cherchez \u00e0 acheter de la MDMA en ligne \u00e0 un prix raisonnable ? Visitez notre boutique en ligne r\u00e9put\u00e9e Nembutal Boutique et obtenez de la MDMA en vente d\u00e8s aujourd'hui. Passez une commande maintenant et obtenez le meilleur tarif dans notre magasin.\",\"breadcrumb\":{\"@id\":\"https:\/\/nembutalboutique.com\/produit\/mdma\/#breadcrumb\"},\"inLanguage\":\"pl-PL\",\"potentialAction\":[{\"@type\":\"ReadAction\",\"target\":[\"https:\/\/nembutalboutique.com\/produit\/mdma\/\"]}]},{\"@type\":\"ImageObject\",\"inLanguage\":\"pl-PL\",\"@id\":\"https:\/\/nembutalboutique.com\/produit\/mdma\/#primaryimage\",\"url\":\"https:\/\/nembutalboutique.com\/wp-content\/uploads\/2024\/09\/MDMA.gif\",\"contentUrl\":\"https:\/\/nembutalboutique.com\/wp-content\/uploads\/2024\/09\/MDMA.gif\",\"width\":600,\"height\":600,\"caption\":\"Acheter MDMA.gif\"},{\"@type\":\"BreadcrumbList\",\"@id\":\"https:\/\/nembutalboutique.com\/produit\/mdma\/#breadcrumb\",\"itemListElement\":[{\"@type\":\"ListItem\",\"position\":1,\"name\":\"Home\",\"item\":\"https:\/\/nembutalboutique.com\/\"},{\"@type\":\"ListItem\",\"position\":2,\"name\":\"Boutique\",\"item\":\"https:\/\/nembutalboutique.com\/shop\/\"},{\"@type\":\"ListItem\",\"position\":3,\"name\":\"MDMA\"}]},{\"@type\":\"WebSite\",\"@id\":\"https:\/\/nembutalboutique.com\/#website\",\"url\":\"https:\/\/nembutalboutique.com\/\",\"name\":\"Nembutal Boutique\",\"description\":\"My WordPress Blog\",\"publisher\":{\"@id\":\"https:\/\/nembutalboutique.com\/#organization\"},\"potentialAction\":[{\"@type\":\"SearchAction\",\"target\":{\"@type\":\"EntryPoint\",\"urlTemplate\":\"https:\/\/nembutalboutique.com\/?s={search_term_string}\"},\"query-input\":{\"@type\":\"PropertyValueSpecification\",\"valueRequired\":true,\"valueName\":\"search_term_string\"}}],\"inLanguage\":\"pl-PL\"},{\"@type\":\"Organization\",\"@id\":\"https:\/\/nembutalboutique.com\/#organization\",\"name\":\"Nembutal Boutique\",\"url\":\"https:\/\/nembutalboutique.com\/\",\"logo\":{\"@type\":\"ImageObject\",\"inLanguage\":\"pl-PL\",\"@id\":\"https:\/\/nembutalboutique.com\/#\/schema\/logo\/image\/\",\"url\":\"https:\/\/nembutalboutique.com\/wp-content\/uploads\/2024\/01\/logo.png\",\"contentUrl\":\"https:\/\/nembutalboutique.com\/wp-content\/uploads\/2024\/01\/logo.png\",\"width\":494,\"height\":121,\"caption\":\"Nembutal Boutique\"},\"image\":{\"@id\":\"https:\/\/nembutalboutique.com\/#\/schema\/logo\/image\/\"}}]}<\/script>\n<!-- \/ Yoast SEO plugin. -->","yoast_head_json":{"title":"Kup MDMA online - MDMA na sprzeda\u017c","description":"Chcesz kupi\u0107 MDMA online w rozs\u0105dnej cenie? Odwied\u017a nasz renomowany sklep internetowy Nembutal Boutique i kup MDMA ju\u017c dzi\u015b. Z\u0142\u00f3\u017c zam\u00f3wienie teraz i uzyskaj najlepsz\u0105 cen\u0119 w naszym sklepie.","robots":{"index":"index","follow":"follow","max-snippet":"max-snippet:-1","max-image-preview":"max-image-preview:large","max-video-preview":"max-video-preview:-1"},"canonical":"https:\/\/nembutalboutique.com\/pl\/produkt\/kup-mdma-online\/","og_locale":"pl_PL","og_type":"article","og_title":"Acheter de la MDMA en ligne \u2013 MDMA \u00e0 vendre","og_description":"Vous cherchez \u00e0 acheter de la MDMA en ligne \u00e0 un prix raisonnable ? Visitez notre boutique en ligne r\u00e9put\u00e9e Nembutal Boutique et obtenez de la MDMA en vente d\u00e8s aujourd'hui. Passez une commande maintenant et obtenez le meilleur tarif dans notre magasin.","og_url":"https:\/\/nembutalboutique.com\/pl\/produkt\/kup-mdma-online\/","og_site_name":"Nembutal Boutique","article_modified_time":"2024-09-20T10:13:13+00:00","og_image":[{"width":600,"height":600,"url":"https:\/\/nembutalboutique.com\/wp-content\/uploads\/2024\/09\/MDMA.gif","type":"image\/gif"}],"twitter_card":"summary_large_image","twitter_misc":{"Szacowany czas czytania":"4 minuty"},"schema":{"@context":"https:\/\/schema.org","@graph":[{"@type":"WebPage","@id":"https:\/\/nembutalboutique.com\/produit\/mdma\/","url":"https:\/\/nembutalboutique.com\/produit\/mdma\/","name":"Kup MDMA online - MDMA na sprzeda\u017c","isPartOf":{"@id":"https:\/\/nembutalboutique.com\/#website"},"primaryImageOfPage":{"@id":"https:\/\/nembutalboutique.com\/produit\/mdma\/#primaryimage"},"image":{"@id":"https:\/\/nembutalboutique.com\/produit\/mdma\/#primaryimage"},"thumbnailUrl":"https:\/\/nembutalboutique.com\/wp-content\/uploads\/2024\/09\/MDMA.gif","datePublished":"2024-09-16T08:13:34+00:00","dateModified":"2024-09-20T10:13:13+00:00","description":"Chcesz kupi\u0107 MDMA online w rozs\u0105dnej cenie? Odwied\u017a nasz renomowany sklep internetowy Nembutal Boutique i kup MDMA ju\u017c dzi\u015b. Z\u0142\u00f3\u017c zam\u00f3wienie teraz i uzyskaj najlepsz\u0105 cen\u0119 w naszym sklepie.","breadcrumb":{"@id":"https:\/\/nembutalboutique.com\/produit\/mdma\/#breadcrumb"},"inLanguage":"pl-PL","potentialAction":[{"@type":"ReadAction","target":["https:\/\/nembutalboutique.com\/produit\/mdma\/"]}]},{"@type":"ImageObject","inLanguage":"pl-PL","@id":"https:\/\/nembutalboutique.com\/produit\/mdma\/#primaryimage","url":"https:\/\/nembutalboutique.com\/wp-content\/uploads\/2024\/09\/MDMA.gif","contentUrl":"https:\/\/nembutalboutique.com\/wp-content\/uploads\/2024\/09\/MDMA.gif","width":600,"height":600,"caption":"Acheter MDMA.gif"},{"@type":"BreadcrumbList","@id":"https:\/\/nembutalboutique.com\/produit\/mdma\/#breadcrumb","itemListElement":[{"@type":"ListItem","position":1,"name":"Home","item":"https:\/\/nembutalboutique.com\/"},{"@type":"ListItem","position":2,"name":"Boutique","item":"https:\/\/nembutalboutique.com\/shop\/"},{"@type":"ListItem","position":3,"name":"MDMA"}]},{"@type":"WebSite","@id":"https:\/\/nembutalboutique.com\/#website","url":"https:\/\/nembutalboutique.com\/","name":"Butik Nembutal","description":"M\u00f3j blog WordPress","publisher":{"@id":"https:\/\/nembutalboutique.com\/#organization"},"potentialAction":[{"@type":"SearchAction","target":{"@type":"EntryPoint","urlTemplate":"https:\/\/nembutalboutique.com\/?s={search_term_string}"},"query-input":{"@type":"PropertyValueSpecification","valueRequired":true,"valueName":"search_term_string"}}],"inLanguage":"pl-PL"},{"@type":"Organization","@id":"https:\/\/nembutalboutique.com\/#organization","name":"Butik Nembutal","url":"https:\/\/nembutalboutique.com\/","logo":{"@type":"ImageObject","inLanguage":"pl-PL","@id":"https:\/\/nembutalboutique.com\/#\/schema\/logo\/image\/","url":"https:\/\/nembutalboutique.com\/wp-content\/uploads\/2024\/01\/logo.png","contentUrl":"https:\/\/nembutalboutique.com\/wp-content\/uploads\/2024\/01\/logo.png","width":494,"height":121,"caption":"Nembutal Boutique"},"image":{"@id":"https:\/\/nembutalboutique.com\/#\/schema\/logo\/image\/"}}]}},"_links":{"self":[{"href":"https:\/\/nembutalboutique.com\/pl\/wp-json\/wp\/v2\/product\/2931"}],"collection":[{"href":"https:\/\/nembutalboutique.com\/pl\/wp-json\/wp\/v2\/product"}],"about":[{"href":"https:\/\/nembutalboutique.com\/pl\/wp-json\/wp\/v2\/types\/product"}],"replies":[{"embeddable":true,"href":"https:\/\/nembutalboutique.com\/pl\/wp-json\/wp\/v2\/comments?post=2931"}],"wp:featuredmedia":[{"embeddable":true,"href":"https:\/\/nembutalboutique.com\/pl\/wp-json\/wp\/v2\/media\/2937"}],"wp:attachment":[{"href":"https:\/\/nembutalboutique.com\/pl\/wp-json\/wp\/v2\/media?parent=2931"}],"wp:term":[{"taxonomy":"product_brand","embeddable":true,"href":"https:\/\/nembutalboutique.com\/pl\/wp-json\/wp\/v2\/product_brand?post=2931"},{"taxonomy":"product_cat","embeddable":true,"href":"https:\/\/nembutalboutique.com\/pl\/wp-json\/wp\/v2\/product_cat?post=2931"},{"taxonomy":"product_tag","embeddable":true,"href":"https:\/\/nembutalboutique.com\/pl\/wp-json\/wp\/v2\/product_tag?post=2931"}],"curies":[{"name":"wp","href":"https:\/\/api.w.org\/{rel}","templated":true}]}}