{"id":2929,"date":"2024-09-16T08:13:34","date_gmt":"2024-09-16T08:13:34","guid":{"rendered":"https:\/\/nembutalboutique.com\/?post_type=product&#038;p=2929"},"modified":"2024-09-20T10:13:43","modified_gmt":"2024-09-20T10:13:43","slug":"neh","status":"publish","type":"product","link":"https:\/\/nembutalboutique.com\/pl\/produkt\/kup-neh-online\/","title":{"rendered":"NEH"},"content":{"rendered":"<h2>Kup NEH Powder online<\/h2>\n<p>Kup NEH Powder to wysokiej jako\u015bci substancja chemiczna do bada\u0144, kt\u00f3r\u0105 mo\u017cna kupi\u0107 online. NDH Powder mo\u017cna kupi\u0107 online po obni\u017conej cenie od niezawodnego dostawcy Nembutalboutique.com.<\/p>\n<p>W Nembutalboutique mamy przyjemno\u015b\u0107 zaprezentowa\u0107 proszek <a href=\"https:\/\/nembutalboutique.com\/produit\/neh\/\">NEH<\/a>Jest on udost\u0119pniany wy\u0142\u0105cznie do cel\u00f3w badawczych. Nie mo\u017ce by\u0107 wykorzystywany do \u017cadnych innych cel\u00f3w, w tym mi\u0119dzy innymi do diagnostyki in vivo, posi\u0142k\u00f3w, lek\u00f3w, urz\u0105dze\u0144 medycznych lub kosmetyk\u00f3w dla ludzi lub zwierz\u0105t.<\/p>\n<p>Przed zakupem tego produktu upewnij si\u0119, \u017ce posiadasz niezb\u0119dne narz\u0119dzia do pracy z chemikaliami badawczymi i \u017ce Twoje miejsce pracy jest odpowiednio wentylowane.<\/p>\n<p>Minimalny wiek do zam\u00f3wienia tego produktu to osiemna\u015bcie lat.<br \/>\nProszek NEH jest legalny w kraju pochodzenia. U\u017cytkownik jest odpowiedzialny za znajomo\u015b\u0107 i przestrzeganie systemu prawnego obowi\u0105zuj\u0105cego w jego kraju. Nie ponosimy \u017cadnej odpowiedzialno\u015bci za jakiekolwiek dzia\u0142ania lub wyniki wynikaj\u0105ce z decyzji o zam\u00f3wieniu lub u\u017cyciu tego produktu.<\/p>\n<h3>Historia i kultura<\/h3>\n<p>La <a href=\"https:\/\/en.wikipedia.org\/wiki\/Neh\">N-etyloheksedron<\/a> zosta\u0142 po raz pierwszy zidentyfikowany w pr\u00f3bce z belgijskiego laboratorium celnego, otrzymanej przez JRC w listopadzie 2015 roku. W styczniu 2016 r. JRC zidentyfikowa\u0142o j\u0105 w pr\u00f3bce dostarczonej przez francuskie s\u0142u\u017cby celne. Nast\u0119pnie, w lutym 2016 r., EMCDDA otrzyma\u0142o powiadomienia o identyfikacji tej substancji z innych kraj\u00f3w, takich jak Szwecja, Holandia, Francja, Belgia i S\u0142owenia.<\/p>\n<h3>Chemia<\/h3>\n<p>N-etyloheksedron jest cz\u0105steczk\u0105 w klasie chemicznej katynonu. Termin \"podstawiony katynon\" odnosi si\u0119 do szerokiej gamy substancji opartych na katynonie, g\u0142\u00f3wnym sk\u0142adniku aktywnym ro\u015bliny khat. Katynon zasadniczo sk\u0142ada si\u0119 z pier\u015bcienia amfetaminowego (pier\u015bcienia fenetyloaminowego z grup\u0105 alkilow\u0105 przy\u0142\u0105czon\u0105 do atomu w\u0119gla alfa) i grupy tlenowej przy\u0142\u0105czonej do atomu w\u0119gla beta. Katynony s\u0105 r\u00f3wnie\u017c znane jako beta ketonowe (\u03b2k) analogi amfetamin (tlen podw\u00f3jnie zwi\u0105zany z atomem w\u0119gla \u03b2).<\/p>\n<p>W szczeg\u00f3lno\u015bci, szkielet katynonu mo\u017ce by\u0107 modyfikowany w trzech r\u00f3\u017cnych miejscach, daj\u0105c pocz\u0105tek setkom mo\u017cliwych zwi\u0105zk\u00f3w, w tym podstawnikom takim jak<br \/>\nna pier\u015bcieniu aromatycznym, na w\u0119glu alfa lub na grupie aminowej.<\/p>\n<h3>Farmakologia<\/h3>\n<p>Dost\u0119pnych jest bardzo niewiele danych na temat farmakokinetyki i farmakodynamiki n-etyloheksedronu i innych podstawionych katynon\u00f3w u ludzi. Podobnie jak amfetaminy, syntetyczne katynony wywieraj\u0105 dzia\u0142anie pobudzaj\u0105ce i sympatykomimetyczne poprzez zwi\u0119kszenie synaptycznego st\u0119\u017cenia katecholamin, takich jak dopamina, serotonina i noradrenalina. Cz\u0105steczki te s\u0105 zdolne do hamowania transporter\u00f3w wychwytu zwrotnego monoamin, co prowadzi do zmniejszenia klirensu neuroprzeka\u017anik\u00f3w z synapsy. Ponadto mog\u0105 one powodowa\u0107 uwalnianie amin biogennych z rezerw wewn\u0105trzkom\u00f3rkowych.<\/p>\n<p>Syntetyczne katynony s\u0105 generalnie mniej zdolne do przekraczania bariery krew-m\u00f3zg ni\u017c amfetaminy, poniewa\u017c grupa beta-keto powoduje zwi\u0119kszon\u0105 polarno\u015b\u0107. W przeciwie\u0144stwie do innych syntetycznych katynon\u00f3w, pochodne pirolidyny maj\u0105 wi\u0119ksz\u0105 zdolno\u015b\u0107 do przekraczania bariery krew-m\u00f3zg, poniewa\u017c pier\u015bcie\u0144 pirolidyny nadaje tym cz\u0105steczkom nisk\u0105 polarno\u015b\u0107. Badania nad metabolizmem syntetycznych katynon\u00f3w wykaza\u0142y, \u017ce s\u0105 one n-demetylowane, przy czym grupa ketonowa jest redukowana do hydroksylowej, a grupy alkilowe w pier\u015bcieniu s\u0105 utleniane.<\/p>","protected":false},"excerpt":{"rendered":"<p><span style=\"vertical-align: inherit;\"><span style=\"vertical-align: inherit;\">N-etyloheksedron (znany r\u00f3wnie\u017c jako \u03b1-etyloaminokaprofenon, heksen lub NEH) to zwi\u0105zek chemiczny, kt\u00f3ry zosta\u0142 zsyntetyzowany w 2011 roku i po raz pierwszy pojawi\u0142 si\u0119 w 2015 roku na tak zwanym rynku \"research chemicals\" (rynek nowych substancji psychoaktywnych). Ten stymulant nale\u017cy do grupy substancji katynonowych.<\/span><\/span><\/p>","protected":false},"featured_media":2935,"comment_status":"open","ping_status":"closed","template":"","meta":{"_joinchat":[]},"product_brand":[],"product_cat":[447],"product_tag":[],"class_list":{"0":"post-2929","1":"product","2":"type-product","3":"status-publish","4":"has-post-thumbnail","6":"product_cat-stimulants","8":"first","9":"instock","10":"shipping-taxable","11":"purchasable","12":"product-type-variable"},"yoast_head":"<!-- This site is optimized with the Yoast SEO plugin v23.5 - https:\/\/yoast.com\/wordpress\/plugins\/seo\/ -->\n<title>Acheter NEH en ligne - NEH \u00e0 vendre | Boutique Nembutal<\/title>\n<meta name=\"description\" content=\"Vous pouvez entrer en contact avec notre boutique NembutalBoutique et acheter du NEH en ligne. Nous avons du NEH \u00e0 vendre \u00e0 des prix bon march\u00e9. Procurez-vous le v\u00f4tre chez vous tout de suite !\" \/>\n<meta name=\"robots\" content=\"index, follow, max-snippet:-1, max-image-preview:large, max-video-preview:-1\" \/>\n<link rel=\"canonical\" href=\"https:\/\/nembutalboutique.com\/pl\/produkt\/kup-neh-online\/\" \/>\n<meta property=\"og:locale\" content=\"pl_PL\" \/>\n<meta property=\"og:type\" content=\"article\" \/>\n<meta property=\"og:title\" content=\"Acheter NEH en ligne - NEH \u00e0 vendre | Boutique Nembutal\" \/>\n<meta property=\"og:description\" content=\"Vous pouvez entrer en contact avec notre boutique NembutalBoutique et acheter du NEH en ligne. Nous avons du NEH \u00e0 vendre \u00e0 des prix bon march\u00e9. Procurez-vous le v\u00f4tre chez vous tout de suite !\" \/>\n<meta property=\"og:url\" content=\"https:\/\/nembutalboutique.com\/pl\/produkt\/kup-neh-online\/\" \/>\n<meta property=\"og:site_name\" content=\"Nembutal Boutique\" \/>\n<meta property=\"article:modified_time\" content=\"2024-09-20T10:13:43+00:00\" \/>\n<meta property=\"og:image\" content=\"https:\/\/nembutalboutique.com\/wp-content\/uploads\/2024\/09\/HEXEN.gif\" \/>\n\t<meta property=\"og:image:width\" content=\"600\" \/>\n\t<meta property=\"og:image:height\" content=\"600\" \/>\n\t<meta property=\"og:image:type\" content=\"image\/gif\" \/>\n<meta name=\"twitter:card\" content=\"summary_large_image\" \/>\n<meta name=\"twitter:label1\" content=\"Szacowany czas czytania\" \/>\n\t<meta name=\"twitter:data1\" content=\"3 minuty\" \/>\n<script type=\"application\/ld+json\" class=\"yoast-schema-graph\">{\"@context\":\"https:\/\/schema.org\",\"@graph\":[{\"@type\":\"WebPage\",\"@id\":\"https:\/\/nembutalboutique.com\/produit\/neh\/\",\"url\":\"https:\/\/nembutalboutique.com\/produit\/neh\/\",\"name\":\"Acheter NEH en ligne - NEH \u00e0 vendre | Boutique Nembutal\",\"isPartOf\":{\"@id\":\"https:\/\/nembutalboutique.com\/#website\"},\"primaryImageOfPage\":{\"@id\":\"https:\/\/nembutalboutique.com\/produit\/neh\/#primaryimage\"},\"image\":{\"@id\":\"https:\/\/nembutalboutique.com\/produit\/neh\/#primaryimage\"},\"thumbnailUrl\":\"https:\/\/nembutalboutique.com\/wp-content\/uploads\/2024\/09\/HEXEN.gif\",\"datePublished\":\"2024-09-16T08:13:34+00:00\",\"dateModified\":\"2024-09-20T10:13:43+00:00\",\"description\":\"Vous pouvez entrer en contact avec notre boutique NembutalBoutique et acheter du NEH en ligne. Nous avons du NEH \u00e0 vendre \u00e0 des prix bon march\u00e9. Procurez-vous le v\u00f4tre chez vous tout de suite !\",\"breadcrumb\":{\"@id\":\"https:\/\/nembutalboutique.com\/produit\/neh\/#breadcrumb\"},\"inLanguage\":\"pl-PL\",\"potentialAction\":[{\"@type\":\"ReadAction\",\"target\":[\"https:\/\/nembutalboutique.com\/produit\/neh\/\"]}]},{\"@type\":\"ImageObject\",\"inLanguage\":\"pl-PL\",\"@id\":\"https:\/\/nembutalboutique.com\/produit\/neh\/#primaryimage\",\"url\":\"https:\/\/nembutalboutique.com\/wp-content\/uploads\/2024\/09\/HEXEN.gif\",\"contentUrl\":\"https:\/\/nembutalboutique.com\/wp-content\/uploads\/2024\/09\/HEXEN.gif\",\"width\":600,\"height\":600,\"caption\":\"Acheter HEXEN.gif\"},{\"@type\":\"BreadcrumbList\",\"@id\":\"https:\/\/nembutalboutique.com\/produit\/neh\/#breadcrumb\",\"itemListElement\":[{\"@type\":\"ListItem\",\"position\":1,\"name\":\"Home\",\"item\":\"https:\/\/nembutalboutique.com\/\"},{\"@type\":\"ListItem\",\"position\":2,\"name\":\"Boutique\",\"item\":\"https:\/\/nembutalboutique.com\/shop\/\"},{\"@type\":\"ListItem\",\"position\":3,\"name\":\"NEH\"}]},{\"@type\":\"WebSite\",\"@id\":\"https:\/\/nembutalboutique.com\/#website\",\"url\":\"https:\/\/nembutalboutique.com\/\",\"name\":\"Nembutal Boutique\",\"description\":\"My WordPress Blog\",\"publisher\":{\"@id\":\"https:\/\/nembutalboutique.com\/#organization\"},\"potentialAction\":[{\"@type\":\"SearchAction\",\"target\":{\"@type\":\"EntryPoint\",\"urlTemplate\":\"https:\/\/nembutalboutique.com\/?s={search_term_string}\"},\"query-input\":{\"@type\":\"PropertyValueSpecification\",\"valueRequired\":true,\"valueName\":\"search_term_string\"}}],\"inLanguage\":\"pl-PL\"},{\"@type\":\"Organization\",\"@id\":\"https:\/\/nembutalboutique.com\/#organization\",\"name\":\"Nembutal Boutique\",\"url\":\"https:\/\/nembutalboutique.com\/\",\"logo\":{\"@type\":\"ImageObject\",\"inLanguage\":\"pl-PL\",\"@id\":\"https:\/\/nembutalboutique.com\/#\/schema\/logo\/image\/\",\"url\":\"https:\/\/nembutalboutique.com\/wp-content\/uploads\/2024\/01\/logo.png\",\"contentUrl\":\"https:\/\/nembutalboutique.com\/wp-content\/uploads\/2024\/01\/logo.png\",\"width\":494,\"height\":121,\"caption\":\"Nembutal Boutique\"},\"image\":{\"@id\":\"https:\/\/nembutalboutique.com\/#\/schema\/logo\/image\/\"}}]}<\/script>\n<!-- \/ Yoast SEO plugin. -->","yoast_head_json":{"title":"Kup NEH online - NEH na sprzeda\u017c | Boutique Nembutal","description":"Mo\u017cesz skontaktowa\u0107 si\u0119 z naszym NembutalBoutique i kupi\u0107 NEH online. Mamy NEH na sprzeda\u017c w niskich cenach. Zdob\u0105d\u017a sw\u00f3j dom od razu!","robots":{"index":"index","follow":"follow","max-snippet":"max-snippet:-1","max-image-preview":"max-image-preview:large","max-video-preview":"max-video-preview:-1"},"canonical":"https:\/\/nembutalboutique.com\/pl\/produkt\/kup-neh-online\/","og_locale":"pl_PL","og_type":"article","og_title":"Acheter NEH en ligne - NEH \u00e0 vendre | Boutique Nembutal","og_description":"Vous pouvez entrer en contact avec notre boutique NembutalBoutique et acheter du NEH en ligne. Nous avons du NEH \u00e0 vendre \u00e0 des prix bon march\u00e9. Procurez-vous le v\u00f4tre chez vous tout de suite !","og_url":"https:\/\/nembutalboutique.com\/pl\/produkt\/kup-neh-online\/","og_site_name":"Nembutal Boutique","article_modified_time":"2024-09-20T10:13:43+00:00","og_image":[{"width":600,"height":600,"url":"https:\/\/nembutalboutique.com\/wp-content\/uploads\/2024\/09\/HEXEN.gif","type":"image\/gif"}],"twitter_card":"summary_large_image","twitter_misc":{"Szacowany czas czytania":"3 minuty"},"schema":{"@context":"https:\/\/schema.org","@graph":[{"@type":"WebPage","@id":"https:\/\/nembutalboutique.com\/produit\/neh\/","url":"https:\/\/nembutalboutique.com\/produit\/neh\/","name":"Kup NEH online - NEH na sprzeda\u017c | Boutique Nembutal","isPartOf":{"@id":"https:\/\/nembutalboutique.com\/#website"},"primaryImageOfPage":{"@id":"https:\/\/nembutalboutique.com\/produit\/neh\/#primaryimage"},"image":{"@id":"https:\/\/nembutalboutique.com\/produit\/neh\/#primaryimage"},"thumbnailUrl":"https:\/\/nembutalboutique.com\/wp-content\/uploads\/2024\/09\/HEXEN.gif","datePublished":"2024-09-16T08:13:34+00:00","dateModified":"2024-09-20T10:13:43+00:00","description":"Mo\u017cesz skontaktowa\u0107 si\u0119 z naszym NembutalBoutique i kupi\u0107 NEH online. Mamy NEH na sprzeda\u017c w niskich cenach. Zdob\u0105d\u017a sw\u00f3j dom od razu!","breadcrumb":{"@id":"https:\/\/nembutalboutique.com\/produit\/neh\/#breadcrumb"},"inLanguage":"pl-PL","potentialAction":[{"@type":"ReadAction","target":["https:\/\/nembutalboutique.com\/produit\/neh\/"]}]},{"@type":"ImageObject","inLanguage":"pl-PL","@id":"https:\/\/nembutalboutique.com\/produit\/neh\/#primaryimage","url":"https:\/\/nembutalboutique.com\/wp-content\/uploads\/2024\/09\/HEXEN.gif","contentUrl":"https:\/\/nembutalboutique.com\/wp-content\/uploads\/2024\/09\/HEXEN.gif","width":600,"height":600,"caption":"Acheter HEXEN.gif"},{"@type":"BreadcrumbList","@id":"https:\/\/nembutalboutique.com\/produit\/neh\/#breadcrumb","itemListElement":[{"@type":"ListItem","position":1,"name":"Home","item":"https:\/\/nembutalboutique.com\/"},{"@type":"ListItem","position":2,"name":"Boutique","item":"https:\/\/nembutalboutique.com\/shop\/"},{"@type":"ListItem","position":3,"name":"NEH"}]},{"@type":"WebSite","@id":"https:\/\/nembutalboutique.com\/#website","url":"https:\/\/nembutalboutique.com\/","name":"Butik Nembutal","description":"M\u00f3j blog WordPress","publisher":{"@id":"https:\/\/nembutalboutique.com\/#organization"},"potentialAction":[{"@type":"SearchAction","target":{"@type":"EntryPoint","urlTemplate":"https:\/\/nembutalboutique.com\/?s={search_term_string}"},"query-input":{"@type":"PropertyValueSpecification","valueRequired":true,"valueName":"search_term_string"}}],"inLanguage":"pl-PL"},{"@type":"Organization","@id":"https:\/\/nembutalboutique.com\/#organization","name":"Butik Nembutal","url":"https:\/\/nembutalboutique.com\/","logo":{"@type":"ImageObject","inLanguage":"pl-PL","@id":"https:\/\/nembutalboutique.com\/#\/schema\/logo\/image\/","url":"https:\/\/nembutalboutique.com\/wp-content\/uploads\/2024\/01\/logo.png","contentUrl":"https:\/\/nembutalboutique.com\/wp-content\/uploads\/2024\/01\/logo.png","width":494,"height":121,"caption":"Nembutal Boutique"},"image":{"@id":"https:\/\/nembutalboutique.com\/#\/schema\/logo\/image\/"}}]}},"_links":{"self":[{"href":"https:\/\/nembutalboutique.com\/pl\/wp-json\/wp\/v2\/product\/2929"}],"collection":[{"href":"https:\/\/nembutalboutique.com\/pl\/wp-json\/wp\/v2\/product"}],"about":[{"href":"https:\/\/nembutalboutique.com\/pl\/wp-json\/wp\/v2\/types\/product"}],"replies":[{"embeddable":true,"href":"https:\/\/nembutalboutique.com\/pl\/wp-json\/wp\/v2\/comments?post=2929"}],"wp:featuredmedia":[{"embeddable":true,"href":"https:\/\/nembutalboutique.com\/pl\/wp-json\/wp\/v2\/media\/2935"}],"wp:attachment":[{"href":"https:\/\/nembutalboutique.com\/pl\/wp-json\/wp\/v2\/media?parent=2929"}],"wp:term":[{"taxonomy":"product_brand","embeddable":true,"href":"https:\/\/nembutalboutique.com\/pl\/wp-json\/wp\/v2\/product_brand?post=2929"},{"taxonomy":"product_cat","embeddable":true,"href":"https:\/\/nembutalboutique.com\/pl\/wp-json\/wp\/v2\/product_cat?post=2929"},{"taxonomy":"product_tag","embeddable":true,"href":"https:\/\/nembutalboutique.com\/pl\/wp-json\/wp\/v2\/product_tag?post=2929"}],"curies":[{"name":"wp","href":"https:\/\/api.w.org\/{rel}","templated":true}]}}