{"id":2769,"date":"2024-09-16T08:12:28","date_gmt":"2024-09-16T08:12:28","guid":{"rendered":"https:\/\/nembutalboutique.com\/?post_type=product&#038;p=2769"},"modified":"2024-09-20T08:20:47","modified_gmt":"2024-09-20T08:20:47","slug":"4-mpd","status":"publish","type":"product","link":"https:\/\/nembutalboutique.com\/pl\/produkt\/kupic-4-mpd-online\/","title":{"rendered":"4-MPD"},"content":{"rendered":"<h2>Acheter 4-MPD en ligne<\/h2>\n<h3>Qu&rsquo;est-ce que le 4-MPD ?<\/h3>\n<p>Ciekawi Ci\u0119 4-MPD?\u00a0<strong>4-MPD<\/strong>\u00a0<strong>lub 4-metylopentedron<\/strong>\u00a0to syntetyczny stymulant nale\u017c\u0105cy do klasy katynon\u00f3w. Znany jest ze swojego stymuluj\u0105cego i euforycznego dzia\u0142ania, kt\u00f3re mo\u017ce by\u0107 podobne do dzia\u0142ania innych katynon\u00f3w, takich jak mefedron, ale ma sw\u00f3j w\u0142asny unikalny profil chemiczny. 4-MPD jest wykorzystywany w kr\u0119gach badawczych i akademickich do badania wp\u0142ywu katynon\u00f3w na organizm ludzki i zosta\u0142 opracowany do cel\u00f3w badawczych.<a href=\"https:\/\/nembutalboutique.com\/produit\/4-mpd\/\">.<\/a><\/p>\n<h3>Rozw\u00f3j 4-MPD<\/h3>\n<p>Le d\u00e9veloppement du 4MPD fait partie de l\u2019\u00e9tude plus large des cathinones, qui a retenu l\u2019attention de la communaut\u00e9 scientifique ces derni\u00e8res ann\u00e9es. Les cathinones int\u00e9ressent les chercheurs en raison de leur influence sur le syst\u00e8me nerveux central, affectant souvent la recapture des neurotransmetteurs comme la dopamine et la s\u00e9rotonine. L&rsquo;\u00e9tude du 4-MPD permet de mieux comprendre les propri\u00e9t\u00e9s pharmacologiques et toxicologiques de nouvelles substances psychoactives<a href=\"https:\/\/fr.wikipedia.org\/wiki\/MPD_Psycho\">.<\/a><\/p>\n<p>Ostrze\u017cenie: 4-MPD jest przeznaczony wy\u0142\u0105cznie do cel\u00f3w badawczych, a nie do stosowania u ludzi.<\/p>\n<h3>Dzia\u0142anie 4-MPD<\/h3>\n<p>Skutki 4MPD mog\u0105 by\u0107 r\u00f3\u017cne, ale powszechne do\u015bwiadczenia obejmuj\u0105:<\/p>\n<ul>\n<li><strong>Stymulacja<\/strong>\u00a0: Augmentation de la sensation d&rsquo;\u00e9nergie et de vigilance.<\/li>\n<li><strong>Euforia<\/strong>\u00a0Uczucie przyjemno\u015bci i dobrego samopoczucia.<\/li>\n<li><strong>Zwi\u0119kszona towarzysko\u015b\u0107<\/strong>\u00a0Zwi\u0119ksza ch\u0119\u0107 interakcji spo\u0142ecznych.<\/li>\n<li><strong>Wzrost cz\u0119sto\u015bci akcji serca<\/strong>\u00a0: Possibilit\u00e9 d&rsquo;acc\u00e9l\u00e9ration de la fr\u00e9quence cardiaque.<\/li>\n<\/ul>\n<p>Efekty te mog\u0105 si\u0119 r\u00f3\u017cni\u0107 w zale\u017cno\u015bci od dawki i indywidualnej reakcji.<\/p>\n<h3>Oznaczanie 4-MPD<\/h3>\n<ul>\n<li><strong>Dawka \u015bwiat\u0142a :<\/strong>\u00a0Niezbyt ugruntowana pozycja, zalecana ostro\u017cno\u015b\u0107.<\/li>\n<li><strong>Zwyk\u0142e dawkowanie :<\/strong>\u00a0Niezbyt ugruntowana pozycja, zalecana ostro\u017cno\u015b\u0107.<\/li>\n<li><strong>Silne dawkowanie:<\/strong>\u00a0Niezbyt ugruntowana pozycja, zalecana ostro\u017cno\u015b\u0107.<\/li>\n<\/ul>\n<p>Ze wzgl\u0119du na brak szeroko zakrojonych bada\u0144 i zmienno\u015b\u0107 syntetycznych katynon\u00f3w, trudno jest poda\u0107 konkretne wytyczne dotycz\u0105ce dawkowania 4-MPD. Stosowanie w warunkach badawczych wymaga precyzyjnego wa\u017cenia i kontroli dawkowania.<\/p>\n<h3>Czas trwania dzia\u0142ania 4-MPD<\/h3>\n<p>La dur\u00e9e des effets du 4-MPD n&rsquo;est pas bien document\u00e9e et peut varier consid\u00e9rablement\u00a0:<\/p>\n<ul>\n<li><strong>Pocz\u0105tek efekt\u00f3w :<\/strong>\u00a0Variable et d\u00e9pendante de la voie d&rsquo;administration.<\/li>\n<li><strong>Efekt szczytowy :<\/strong>\u00a0Nie jest dobrze ugruntowana.<\/li>\n<li><strong>Ca\u0142kowity czas trwania :<\/strong>\u00a0Nie jest dobrze ugruntowana.<\/li>\n<\/ul>\n<p>En raison du manque d&rsquo;\u00e9tudes cliniques approfondies, la dur\u00e9e et l&rsquo;intensit\u00e9 des effets du 4-MPD peuvent varier consid\u00e9rablement et d\u00e9pendre de nombreux facteurs, notamment la dose et la r\u00e9ponse individuelle.<\/p>\n<h3>Dlaczego warto wybra\u0107 Professor.nl?<\/h3>\n<p>Si vous \u00eates un chercheur ou un scientifique \u00e0 la recherche des meilleurs produits chimiques de recherche, nembutalboutique est la boutique en ligne qu&rsquo;il vous faut. De nembutalboutique propose une large gamme de produits de la plus haute qualit\u00e9 au meilleur prix.<\/p>\n<p>Ponadto nembutalboutique oferuje r\u00f3wnie\u017c szybk\u0105 wysy\u0142k\u0119, bezpieczne opcje p\u0142atno\u015bci i doskona\u0142\u0105 obs\u0142ug\u0119 klienta. Profesor przywi\u0105zuje du\u017c\u0105 wag\u0119 do zgodno\u015bci z prawem, a wszystkie produkty s\u0105 wytwarzane zgodnie z obowi\u0105zuj\u0105cymi przepisami i regulacjami. Chcesz zam\u00f3wi\u0107\u00a0<em>4MPD<\/em>\u00a0? Odwiedzi\u0107\u00a0<em>4<\/em>&#8211;<em>MPD<\/em>\u00a0nale\u017cy do grupy Cathinones i jest sprzedawany pod nazw\u0105 Research Chemicals. Mo\u017cna r\u00f3wnie\u017c\u00a0<em>kupowa\u0107<\/em>\u00a0z\u00a0<em>4<\/em>&#8211;<em>MPD<\/em>.<\/p>","protected":false},"excerpt":{"rendered":"<p>Kup najlepszej jako\u015bci 4-MPD do wszystkich swoich bada\u0144 naukowych. Chemikalia badawcze 4-MPD maj\u0105 czysto\u015b\u0107 \u226598 % i nie nadaj\u0105 si\u0119 do stosowania u ludzi.<\/p>","protected":false},"featured_media":2799,"comment_status":"open","ping_status":"closed","template":"","meta":{"_joinchat":[]},"product_brand":[],"product_cat":[447],"product_tag":[],"class_list":{"0":"post-2769","1":"product","2":"type-product","3":"status-publish","4":"has-post-thumbnail","6":"product_cat-stimulants","8":"first","9":"instock","10":"shipping-taxable","11":"purchasable","12":"product-type-variable"},"yoast_head":"<!-- This site is optimized with the Yoast SEO plugin v23.5 - https:\/\/yoast.com\/wordpress\/plugins\/seo\/ -->\n<title>Acheter 4-MPD en ligne - 4-MPD \u00e0 vendre<\/title>\n<meta name=\"description\" content=\"C&#039;est le meilleur moment pour visiter notre boutique en ligne NembutalBoutique et acheter du 4-MPD en ligne. Nous avons du 4-MPD \u00e0 vendre ici. Rencontrez-nous en ligne et passez votre commande d\u00e8s aujourd&#039;hui !\" \/>\n<meta name=\"robots\" content=\"index, follow, max-snippet:-1, max-image-preview:large, max-video-preview:-1\" \/>\n<link rel=\"canonical\" href=\"https:\/\/nembutalboutique.com\/pl\/produkt\/kupic-4-mpd-online\/\" \/>\n<meta property=\"og:locale\" content=\"pl_PL\" \/>\n<meta property=\"og:type\" content=\"article\" \/>\n<meta property=\"og:title\" content=\"Acheter 4-MPD en ligne - 4-MPD \u00e0 vendre\" \/>\n<meta property=\"og:description\" content=\"C&#039;est le meilleur moment pour visiter notre boutique en ligne NembutalBoutique et acheter du 4-MPD en ligne. Nous avons du 4-MPD \u00e0 vendre ici. Rencontrez-nous en ligne et passez votre commande d\u00e8s aujourd&#039;hui !\" \/>\n<meta property=\"og:url\" content=\"https:\/\/nembutalboutique.com\/pl\/produkt\/kupic-4-mpd-online\/\" \/>\n<meta property=\"og:site_name\" content=\"Nembutal Boutique\" \/>\n<meta property=\"article:modified_time\" content=\"2024-09-20T08:20:47+00:00\" \/>\n<meta property=\"og:image\" content=\"https:\/\/nembutalboutique.com\/wp-content\/uploads\/2024\/09\/4-MPD.gif\" \/>\n\t<meta property=\"og:image:width\" content=\"600\" \/>\n\t<meta property=\"og:image:height\" content=\"600\" \/>\n\t<meta property=\"og:image:type\" content=\"image\/gif\" \/>\n<meta name=\"twitter:card\" content=\"summary_large_image\" \/>\n<meta name=\"twitter:label1\" content=\"Szacowany czas czytania\" \/>\n\t<meta name=\"twitter:data1\" content=\"3 minuty\" \/>\n<script type=\"application\/ld+json\" class=\"yoast-schema-graph\">{\"@context\":\"https:\/\/schema.org\",\"@graph\":[{\"@type\":\"WebPage\",\"@id\":\"https:\/\/nembutalboutique.com\/produit\/4-mpd\/\",\"url\":\"https:\/\/nembutalboutique.com\/produit\/4-mpd\/\",\"name\":\"Acheter 4-MPD en ligne - 4-MPD \u00e0 vendre\",\"isPartOf\":{\"@id\":\"https:\/\/nembutalboutique.com\/#website\"},\"primaryImageOfPage\":{\"@id\":\"https:\/\/nembutalboutique.com\/produit\/4-mpd\/#primaryimage\"},\"image\":{\"@id\":\"https:\/\/nembutalboutique.com\/produit\/4-mpd\/#primaryimage\"},\"thumbnailUrl\":\"https:\/\/nembutalboutique.com\/wp-content\/uploads\/2024\/09\/4-MPD.gif\",\"datePublished\":\"2024-09-16T08:12:28+00:00\",\"dateModified\":\"2024-09-20T08:20:47+00:00\",\"description\":\"C'est le meilleur moment pour visiter notre boutique en ligne NembutalBoutique et acheter du 4-MPD en ligne. Nous avons du 4-MPD \u00e0 vendre ici. Rencontrez-nous en ligne et passez votre commande d\u00e8s aujourd'hui !\",\"breadcrumb\":{\"@id\":\"https:\/\/nembutalboutique.com\/produit\/4-mpd\/#breadcrumb\"},\"inLanguage\":\"pl-PL\",\"potentialAction\":[{\"@type\":\"ReadAction\",\"target\":[\"https:\/\/nembutalboutique.com\/produit\/4-mpd\/\"]}]},{\"@type\":\"ImageObject\",\"inLanguage\":\"pl-PL\",\"@id\":\"https:\/\/nembutalboutique.com\/produit\/4-mpd\/#primaryimage\",\"url\":\"https:\/\/nembutalboutique.com\/wp-content\/uploads\/2024\/09\/4-MPD.gif\",\"contentUrl\":\"https:\/\/nembutalboutique.com\/wp-content\/uploads\/2024\/09\/4-MPD.gif\",\"width\":600,\"height\":600,\"caption\":\"Acheter 4-MPD\"},{\"@type\":\"BreadcrumbList\",\"@id\":\"https:\/\/nembutalboutique.com\/produit\/4-mpd\/#breadcrumb\",\"itemListElement\":[{\"@type\":\"ListItem\",\"position\":1,\"name\":\"Home\",\"item\":\"https:\/\/nembutalboutique.com\/\"},{\"@type\":\"ListItem\",\"position\":2,\"name\":\"Boutique\",\"item\":\"https:\/\/nembutalboutique.com\/shop\/\"},{\"@type\":\"ListItem\",\"position\":3,\"name\":\"4-MPD\"}]},{\"@type\":\"WebSite\",\"@id\":\"https:\/\/nembutalboutique.com\/#website\",\"url\":\"https:\/\/nembutalboutique.com\/\",\"name\":\"Nembutal Boutique\",\"description\":\"My WordPress Blog\",\"publisher\":{\"@id\":\"https:\/\/nembutalboutique.com\/#organization\"},\"potentialAction\":[{\"@type\":\"SearchAction\",\"target\":{\"@type\":\"EntryPoint\",\"urlTemplate\":\"https:\/\/nembutalboutique.com\/?s={search_term_string}\"},\"query-input\":{\"@type\":\"PropertyValueSpecification\",\"valueRequired\":true,\"valueName\":\"search_term_string\"}}],\"inLanguage\":\"pl-PL\"},{\"@type\":\"Organization\",\"@id\":\"https:\/\/nembutalboutique.com\/#organization\",\"name\":\"Nembutal Boutique\",\"url\":\"https:\/\/nembutalboutique.com\/\",\"logo\":{\"@type\":\"ImageObject\",\"inLanguage\":\"pl-PL\",\"@id\":\"https:\/\/nembutalboutique.com\/#\/schema\/logo\/image\/\",\"url\":\"https:\/\/nembutalboutique.com\/wp-content\/uploads\/2024\/01\/logo.png\",\"contentUrl\":\"https:\/\/nembutalboutique.com\/wp-content\/uploads\/2024\/01\/logo.png\",\"width\":494,\"height\":121,\"caption\":\"Nembutal Boutique\"},\"image\":{\"@id\":\"https:\/\/nembutalboutique.com\/#\/schema\/logo\/image\/\"}}]}<\/script>\n<!-- \/ Yoast SEO plugin. -->","yoast_head_json":{"title":"Kup 4-MPD online - 4-MPD na sprzeda\u017c","description":"Teraz jest najlepszy czas, aby odwiedzi\u0107 nasz sklep internetowy NembutalBoutique i kupi\u0107 4-MPD online. Mamy 4-MPD na sprzeda\u017c tutaj. Spotkaj si\u0119 z nami online i z\u0142\u00f3\u017c zam\u00f3wienie ju\u017c dzi\u015b!","robots":{"index":"index","follow":"follow","max-snippet":"max-snippet:-1","max-image-preview":"max-image-preview:large","max-video-preview":"max-video-preview:-1"},"canonical":"https:\/\/nembutalboutique.com\/pl\/produkt\/kupic-4-mpd-online\/","og_locale":"pl_PL","og_type":"article","og_title":"Acheter 4-MPD en ligne - 4-MPD \u00e0 vendre","og_description":"C'est le meilleur moment pour visiter notre boutique en ligne NembutalBoutique et acheter du 4-MPD en ligne. Nous avons du 4-MPD \u00e0 vendre ici. Rencontrez-nous en ligne et passez votre commande d\u00e8s aujourd'hui !","og_url":"https:\/\/nembutalboutique.com\/pl\/produkt\/kupic-4-mpd-online\/","og_site_name":"Nembutal Boutique","article_modified_time":"2024-09-20T08:20:47+00:00","og_image":[{"width":600,"height":600,"url":"https:\/\/nembutalboutique.com\/wp-content\/uploads\/2024\/09\/4-MPD.gif","type":"image\/gif"}],"twitter_card":"summary_large_image","twitter_misc":{"Szacowany czas czytania":"3 minuty"},"schema":{"@context":"https:\/\/schema.org","@graph":[{"@type":"WebPage","@id":"https:\/\/nembutalboutique.com\/produit\/4-mpd\/","url":"https:\/\/nembutalboutique.com\/produit\/4-mpd\/","name":"Kup 4-MPD online - 4-MPD na sprzeda\u017c","isPartOf":{"@id":"https:\/\/nembutalboutique.com\/#website"},"primaryImageOfPage":{"@id":"https:\/\/nembutalboutique.com\/produit\/4-mpd\/#primaryimage"},"image":{"@id":"https:\/\/nembutalboutique.com\/produit\/4-mpd\/#primaryimage"},"thumbnailUrl":"https:\/\/nembutalboutique.com\/wp-content\/uploads\/2024\/09\/4-MPD.gif","datePublished":"2024-09-16T08:12:28+00:00","dateModified":"2024-09-20T08:20:47+00:00","description":"Teraz jest najlepszy czas, aby odwiedzi\u0107 nasz sklep internetowy NembutalBoutique i kupi\u0107 4-MPD online. Mamy 4-MPD na sprzeda\u017c tutaj. Spotkaj si\u0119 z nami online i z\u0142\u00f3\u017c zam\u00f3wienie ju\u017c dzi\u015b!","breadcrumb":{"@id":"https:\/\/nembutalboutique.com\/produit\/4-mpd\/#breadcrumb"},"inLanguage":"pl-PL","potentialAction":[{"@type":"ReadAction","target":["https:\/\/nembutalboutique.com\/produit\/4-mpd\/"]}]},{"@type":"ImageObject","inLanguage":"pl-PL","@id":"https:\/\/nembutalboutique.com\/produit\/4-mpd\/#primaryimage","url":"https:\/\/nembutalboutique.com\/wp-content\/uploads\/2024\/09\/4-MPD.gif","contentUrl":"https:\/\/nembutalboutique.com\/wp-content\/uploads\/2024\/09\/4-MPD.gif","width":600,"height":600,"caption":"Acheter 4-MPD"},{"@type":"BreadcrumbList","@id":"https:\/\/nembutalboutique.com\/produit\/4-mpd\/#breadcrumb","itemListElement":[{"@type":"ListItem","position":1,"name":"Home","item":"https:\/\/nembutalboutique.com\/"},{"@type":"ListItem","position":2,"name":"Boutique","item":"https:\/\/nembutalboutique.com\/shop\/"},{"@type":"ListItem","position":3,"name":"4-MPD"}]},{"@type":"WebSite","@id":"https:\/\/nembutalboutique.com\/#website","url":"https:\/\/nembutalboutique.com\/","name":"Butik Nembutal","description":"M\u00f3j blog WordPress","publisher":{"@id":"https:\/\/nembutalboutique.com\/#organization"},"potentialAction":[{"@type":"SearchAction","target":{"@type":"EntryPoint","urlTemplate":"https:\/\/nembutalboutique.com\/?s={search_term_string}"},"query-input":{"@type":"PropertyValueSpecification","valueRequired":true,"valueName":"search_term_string"}}],"inLanguage":"pl-PL"},{"@type":"Organization","@id":"https:\/\/nembutalboutique.com\/#organization","name":"Butik Nembutal","url":"https:\/\/nembutalboutique.com\/","logo":{"@type":"ImageObject","inLanguage":"pl-PL","@id":"https:\/\/nembutalboutique.com\/#\/schema\/logo\/image\/","url":"https:\/\/nembutalboutique.com\/wp-content\/uploads\/2024\/01\/logo.png","contentUrl":"https:\/\/nembutalboutique.com\/wp-content\/uploads\/2024\/01\/logo.png","width":494,"height":121,"caption":"Nembutal Boutique"},"image":{"@id":"https:\/\/nembutalboutique.com\/#\/schema\/logo\/image\/"}}]}},"_links":{"self":[{"href":"https:\/\/nembutalboutique.com\/pl\/wp-json\/wp\/v2\/product\/2769"}],"collection":[{"href":"https:\/\/nembutalboutique.com\/pl\/wp-json\/wp\/v2\/product"}],"about":[{"href":"https:\/\/nembutalboutique.com\/pl\/wp-json\/wp\/v2\/types\/product"}],"replies":[{"embeddable":true,"href":"https:\/\/nembutalboutique.com\/pl\/wp-json\/wp\/v2\/comments?post=2769"}],"wp:featuredmedia":[{"embeddable":true,"href":"https:\/\/nembutalboutique.com\/pl\/wp-json\/wp\/v2\/media\/2799"}],"wp:attachment":[{"href":"https:\/\/nembutalboutique.com\/pl\/wp-json\/wp\/v2\/media?parent=2769"}],"wp:term":[{"taxonomy":"product_brand","embeddable":true,"href":"https:\/\/nembutalboutique.com\/pl\/wp-json\/wp\/v2\/product_brand?post=2769"},{"taxonomy":"product_cat","embeddable":true,"href":"https:\/\/nembutalboutique.com\/pl\/wp-json\/wp\/v2\/product_cat?post=2769"},{"taxonomy":"product_tag","embeddable":true,"href":"https:\/\/nembutalboutique.com\/pl\/wp-json\/wp\/v2\/product_tag?post=2769"}],"curies":[{"name":"wp","href":"https:\/\/api.w.org\/{rel}","templated":true}]}}