{"id":2646,"date":"2024-09-16T08:11:27","date_gmt":"2024-09-16T08:11:27","guid":{"rendered":"https:\/\/nembutalboutique.com\/?post_type=product&#038;p=2646"},"modified":"2024-09-21T03:57:08","modified_gmt":"2024-09-21T03:57:08","slug":"lisotonitazene","status":"publish","type":"product","link":"https:\/\/nembutalboutique.com\/pl\/produkt\/kupic-izotonitazen-online\/","title":{"rendered":"izotonitazen"},"content":{"rendered":"<h2>Kup izotonitazen online<\/h2>\n<p>Zakupy <a href=\"https:\/\/nembutalboutique.com\/produit\/lisotonitazene\/\">izotonitazen<\/a> Nowy lek nie zosta\u0142 jeszcze zakazany: izotonitazen. Jednak liczba zgon\u00f3w ro\u015bnie. W Stanach Zjednoczonych nowy legalny syntetyczny opioid, r\u00f3wnie \u015bmierciono\u015bny jak fentanyl, zosta\u0142 powi\u0105zany z licznymi zgonami z powodu broni palnej. Odkrycie izotonitazenu w dostawach \u017cywno\u015bci w Ameryce P\u00f3\u0142nocnej wydaje si\u0119 potwierdza\u0107 obawy wyra\u017cone w poprzednim roku, \u017ce przemys\u0142 farmaceutyczny, w du\u017cej mierze odpowiedzialny za kryzys opioidowy w kraju, wymkn\u0105\u0142 si\u0119 spod kontroli.<\/p>\n<h3>Gdzie mog\u0119 znale\u017a\u0107 Iso-Pulver w Internecie?<\/h3>\n<p>Barry K. Logan, wiod\u0105cy na \u015bwiecie ekspert w dziedzinie toksykologii s\u0105dowej i g\u0142\u00f3wny naukowiec w laboratorium NMS, poinformowa\u0142, \u017ce od sierpnia ubieg\u0142ego roku jego koledzy odkryli <a href=\"https:\/\/en.wikipedia.org\/wiki\/Isotonitazene\">izotonitazen<\/a>tej samej substancji co fentanyl, w pr\u00f3bkach pobranych od ponad 200 u\u017cytkownik\u00f3w narkotyk\u00f3w, w wi\u0119kszo\u015bci z p\u00f3\u0142nocnego i \u015brodkowego zachodu, kt\u00f3rzy zmarli w Stanach Zjednoczonych. Logan stwierdzi\u0142:<\/p>\n<p>\"Izotonitazyna jest najcz\u0119\u015bciej stosowanym i szeroko rozpowszechnionym nowym \u015brodkiem w Stanach Zjednoczonych\".<\/p>\n<p>Obecnie w Stanach Zjednoczonych ka\u017cdego miesi\u0105ca odnotowuje si\u0119 od 40 do 50 zgon\u00f3w zwi\u0105zanych z izotonitami, w por\u00f3wnaniu z oko\u0142o sze\u015bcioma zgonami w okresie letnim.<\/p>\n<h3>Kupuj dobrze znane syntetyczne opioidy online.<\/h3>\n<p>Logan powiedzia\u0142, \u017ce chocia\u017c jego zesp\u00f3\u0142 odkry\u0142 tylko 12 nowych opioid\u00f3w w USA w ubieg\u0142ym roku, odkrycie izotonitazyny zosta\u0142o szybko szeroko nag\u0142o\u015bnione. \"Izotonitazyna jest \u015brodkiem, kt\u00f3ry ro\u015bnie; wi\u0119kszo\u015b\u0107 nowych opioid\u00f3w widzi nas raz lub dwa\". Zakupy izotoniczne<\/p>\n<h3>Najwi\u0119kszy syntetyczny opioid dost\u0119pny online<\/h3>\n<p>Problem dotkn\u0105\u0142 r\u00f3wnie\u017c Kanad\u0119. W marcu izotonitazyn\u0119 znaleziono w 1900 podrobionych tabletkach w Neufundland i Nowej Szkocji. Lek zosta\u0142 przekszta\u0142cony w tabletki typu hydromorfon.<\/p>","protected":false},"excerpt":{"rendered":"<p>Acheter Isotonitaz\u00e8ne en ligne Achats d&rsquo;isotonitaz\u00e8ne Un nouveau m\u00e9dicament n&rsquo;a pas encore \u00e9t\u00e9 interdit : l&rsquo;isotonitaz\u00e8ne. Cependant, le nombre de d\u00e9c\u00e8s est en hausse. Aux \u00c9tats-Unis, un nouvel opio\u00efde synth\u00e9tique l\u00e9gal, tout aussi mortel que le fentanyl, a \u00e9t\u00e9 li\u00e9 \u00e0 de nombreux d\u00e9c\u00e8s par arme \u00e0 feu. La d\u00e9couverte d&rsquo;isotonitaz\u00e8ne dans l&rsquo;approvisionnement alimentaire nord-am\u00e9ricain [&hellip;]<\/p>","protected":false},"featured_media":2664,"comment_status":"open","ping_status":"closed","template":"","meta":{"_joinchat":[]},"product_brand":[],"product_cat":[385],"product_tag":[],"class_list":{"0":"post-2646","1":"product","2":"type-product","3":"status-publish","4":"has-post-thumbnail","6":"product_cat-forschung-schemikalien","8":"first","9":"instock","10":"shipping-taxable","11":"purchasable","12":"product-type-variable"},"yoast_head":"<!-- This site is optimized with the Yoast SEO plugin v23.5 - https:\/\/yoast.com\/wordpress\/plugins\/seo\/ -->\n<title>Isotonitaz\u00e8ne \u00e0 vendre - Achetez de l&#039;isotonitaz\u00e8ne en ligne<\/title>\n<meta name=\"description\" content=\"Vous recherchez une source fiable pour acheter de la poudre d&#039;isotonitaz\u00e8ne en ligne ? Votre recherche s&#039;arr\u00eate ici. Commandez de la poudre d&#039;isotonitaz\u00e8ne en ligne dans notre magasin de confiance et profitez d&#039;un processus d&#039;achat transparent adapt\u00e9 \u00e0 vos besoins de recherche.\" \/>\n<meta name=\"robots\" content=\"index, follow, max-snippet:-1, max-image-preview:large, max-video-preview:-1\" \/>\n<link rel=\"canonical\" href=\"https:\/\/nembutalboutique.com\/pl\/produkt\/kupic-izotonitazen-online\/\" \/>\n<meta property=\"og:locale\" content=\"pl_PL\" \/>\n<meta property=\"og:type\" content=\"article\" \/>\n<meta property=\"og:title\" content=\"Isotonitaz\u00e8ne \u00e0 vendre - Achetez de l&#039;isotonitaz\u00e8ne en ligne\" \/>\n<meta property=\"og:description\" content=\"Vous recherchez une source fiable pour acheter de la poudre d&#039;isotonitaz\u00e8ne en ligne ? Votre recherche s&#039;arr\u00eate ici. Commandez de la poudre d&#039;isotonitaz\u00e8ne en ligne dans notre magasin de confiance et profitez d&#039;un processus d&#039;achat transparent adapt\u00e9 \u00e0 vos besoins de recherche.\" \/>\n<meta property=\"og:url\" content=\"https:\/\/nembutalboutique.com\/pl\/produkt\/kupic-izotonitazen-online\/\" \/>\n<meta property=\"og:site_name\" content=\"Nembutal Boutique\" \/>\n<meta property=\"article:modified_time\" content=\"2024-09-21T03:57:08+00:00\" \/>\n<meta property=\"og:image\" content=\"https:\/\/nembutalboutique.com\/wp-content\/uploads\/2024\/09\/Asotonitazene.gif\" \/>\n\t<meta property=\"og:image:width\" content=\"600\" \/>\n\t<meta property=\"og:image:height\" content=\"600\" \/>\n\t<meta property=\"og:image:type\" content=\"image\/gif\" \/>\n<meta name=\"twitter:card\" content=\"summary_large_image\" \/>\n<meta name=\"twitter:label1\" content=\"Szacowany czas czytania\" \/>\n\t<meta name=\"twitter:data1\" content=\"2 minuty\" \/>\n<script type=\"application\/ld+json\" class=\"yoast-schema-graph\">{\"@context\":\"https:\/\/schema.org\",\"@graph\":[{\"@type\":\"WebPage\",\"@id\":\"https:\/\/nembutalboutique.com\/produit\/lisotonitazene\/\",\"url\":\"https:\/\/nembutalboutique.com\/produit\/lisotonitazene\/\",\"name\":\"Isotonitaz\u00e8ne \u00e0 vendre - Achetez de l'isotonitaz\u00e8ne en ligne\",\"isPartOf\":{\"@id\":\"https:\/\/nembutalboutique.com\/#website\"},\"primaryImageOfPage\":{\"@id\":\"https:\/\/nembutalboutique.com\/produit\/lisotonitazene\/#primaryimage\"},\"image\":{\"@id\":\"https:\/\/nembutalboutique.com\/produit\/lisotonitazene\/#primaryimage\"},\"thumbnailUrl\":\"https:\/\/nembutalboutique.com\/wp-content\/uploads\/2024\/09\/Asotonitazene.gif\",\"datePublished\":\"2024-09-16T08:11:27+00:00\",\"dateModified\":\"2024-09-21T03:57:08+00:00\",\"description\":\"Vous recherchez une source fiable pour acheter de la poudre d'isotonitaz\u00e8ne en ligne ? Votre recherche s'arr\u00eate ici. Commandez de la poudre d'isotonitaz\u00e8ne en ligne dans notre magasin de confiance et profitez d'un processus d'achat transparent adapt\u00e9 \u00e0 vos besoins de recherche.\",\"breadcrumb\":{\"@id\":\"https:\/\/nembutalboutique.com\/produit\/lisotonitazene\/#breadcrumb\"},\"inLanguage\":\"pl-PL\",\"potentialAction\":[{\"@type\":\"ReadAction\",\"target\":[\"https:\/\/nembutalboutique.com\/produit\/lisotonitazene\/\"]}]},{\"@type\":\"ImageObject\",\"inLanguage\":\"pl-PL\",\"@id\":\"https:\/\/nembutalboutique.com\/produit\/lisotonitazene\/#primaryimage\",\"url\":\"https:\/\/nembutalboutique.com\/wp-content\/uploads\/2024\/09\/Asotonitazene.gif\",\"contentUrl\":\"https:\/\/nembutalboutique.com\/wp-content\/uploads\/2024\/09\/Asotonitazene.gif\",\"width\":600,\"height\":600,\"caption\":\"Acheter Asotonitazene.gif\"},{\"@type\":\"BreadcrumbList\",\"@id\":\"https:\/\/nembutalboutique.com\/produit\/lisotonitazene\/#breadcrumb\",\"itemListElement\":[{\"@type\":\"ListItem\",\"position\":1,\"name\":\"Home\",\"item\":\"https:\/\/nembutalboutique.com\/\"},{\"@type\":\"ListItem\",\"position\":2,\"name\":\"Boutique\",\"item\":\"https:\/\/nembutalboutique.com\/shop\/\"},{\"@type\":\"ListItem\",\"position\":3,\"name\":\"l&#8217;isotonitaz\u00e8ne\"}]},{\"@type\":\"WebSite\",\"@id\":\"https:\/\/nembutalboutique.com\/#website\",\"url\":\"https:\/\/nembutalboutique.com\/\",\"name\":\"Nembutal Boutique\",\"description\":\"My WordPress Blog\",\"publisher\":{\"@id\":\"https:\/\/nembutalboutique.com\/#organization\"},\"potentialAction\":[{\"@type\":\"SearchAction\",\"target\":{\"@type\":\"EntryPoint\",\"urlTemplate\":\"https:\/\/nembutalboutique.com\/?s={search_term_string}\"},\"query-input\":{\"@type\":\"PropertyValueSpecification\",\"valueRequired\":true,\"valueName\":\"search_term_string\"}}],\"inLanguage\":\"pl-PL\"},{\"@type\":\"Organization\",\"@id\":\"https:\/\/nembutalboutique.com\/#organization\",\"name\":\"Nembutal Boutique\",\"url\":\"https:\/\/nembutalboutique.com\/\",\"logo\":{\"@type\":\"ImageObject\",\"inLanguage\":\"pl-PL\",\"@id\":\"https:\/\/nembutalboutique.com\/#\/schema\/logo\/image\/\",\"url\":\"https:\/\/nembutalboutique.com\/wp-content\/uploads\/2024\/01\/logo.png\",\"contentUrl\":\"https:\/\/nembutalboutique.com\/wp-content\/uploads\/2024\/01\/logo.png\",\"width\":494,\"height\":121,\"caption\":\"Nembutal Boutique\"},\"image\":{\"@id\":\"https:\/\/nembutalboutique.com\/#\/schema\/logo\/image\/\"}}]}<\/script>\n<!-- \/ Yoast SEO plugin. -->","yoast_head_json":{"title":"Izotonitazen na sprzeda\u017c - Kup izotonitazen online","description":"Szukasz wiarygodnego \u017ar\u00f3d\u0142a zakupu izotonitazenu w proszku online? Twoje poszukiwania ko\u0144cz\u0105 si\u0119 tutaj. Zam\u00f3w Isotonitazene Powder online w naszym zaufanym sklepie i ciesz si\u0119 p\u0142ynnym procesem zakupu dostosowanym do Twoich potrzeb badawczych.","robots":{"index":"index","follow":"follow","max-snippet":"max-snippet:-1","max-image-preview":"max-image-preview:large","max-video-preview":"max-video-preview:-1"},"canonical":"https:\/\/nembutalboutique.com\/pl\/produkt\/kupic-izotonitazen-online\/","og_locale":"pl_PL","og_type":"article","og_title":"Isotonitaz\u00e8ne \u00e0 vendre - Achetez de l'isotonitaz\u00e8ne en ligne","og_description":"Vous recherchez une source fiable pour acheter de la poudre d'isotonitaz\u00e8ne en ligne ? Votre recherche s'arr\u00eate ici. Commandez de la poudre d'isotonitaz\u00e8ne en ligne dans notre magasin de confiance et profitez d'un processus d'achat transparent adapt\u00e9 \u00e0 vos besoins de recherche.","og_url":"https:\/\/nembutalboutique.com\/pl\/produkt\/kupic-izotonitazen-online\/","og_site_name":"Nembutal Boutique","article_modified_time":"2024-09-21T03:57:08+00:00","og_image":[{"width":600,"height":600,"url":"https:\/\/nembutalboutique.com\/wp-content\/uploads\/2024\/09\/Asotonitazene.gif","type":"image\/gif"}],"twitter_card":"summary_large_image","twitter_misc":{"Szacowany czas czytania":"2 minuty"},"schema":{"@context":"https:\/\/schema.org","@graph":[{"@type":"WebPage","@id":"https:\/\/nembutalboutique.com\/produit\/lisotonitazene\/","url":"https:\/\/nembutalboutique.com\/produit\/lisotonitazene\/","name":"Izotonitazen na sprzeda\u017c - Kup izotonitazen online","isPartOf":{"@id":"https:\/\/nembutalboutique.com\/#website"},"primaryImageOfPage":{"@id":"https:\/\/nembutalboutique.com\/produit\/lisotonitazene\/#primaryimage"},"image":{"@id":"https:\/\/nembutalboutique.com\/produit\/lisotonitazene\/#primaryimage"},"thumbnailUrl":"https:\/\/nembutalboutique.com\/wp-content\/uploads\/2024\/09\/Asotonitazene.gif","datePublished":"2024-09-16T08:11:27+00:00","dateModified":"2024-09-21T03:57:08+00:00","description":"Szukasz wiarygodnego \u017ar\u00f3d\u0142a zakupu izotonitazenu w proszku online? Twoje poszukiwania ko\u0144cz\u0105 si\u0119 tutaj. Zam\u00f3w Isotonitazene Powder online w naszym zaufanym sklepie i ciesz si\u0119 p\u0142ynnym procesem zakupu dostosowanym do Twoich potrzeb badawczych.","breadcrumb":{"@id":"https:\/\/nembutalboutique.com\/produit\/lisotonitazene\/#breadcrumb"},"inLanguage":"pl-PL","potentialAction":[{"@type":"ReadAction","target":["https:\/\/nembutalboutique.com\/produit\/lisotonitazene\/"]}]},{"@type":"ImageObject","inLanguage":"pl-PL","@id":"https:\/\/nembutalboutique.com\/produit\/lisotonitazene\/#primaryimage","url":"https:\/\/nembutalboutique.com\/wp-content\/uploads\/2024\/09\/Asotonitazene.gif","contentUrl":"https:\/\/nembutalboutique.com\/wp-content\/uploads\/2024\/09\/Asotonitazene.gif","width":600,"height":600,"caption":"Acheter Asotonitazene.gif"},{"@type":"BreadcrumbList","@id":"https:\/\/nembutalboutique.com\/produit\/lisotonitazene\/#breadcrumb","itemListElement":[{"@type":"ListItem","position":1,"name":"Home","item":"https:\/\/nembutalboutique.com\/"},{"@type":"ListItem","position":2,"name":"Boutique","item":"https:\/\/nembutalboutique.com\/shop\/"},{"@type":"ListItem","position":3,"name":"l&#8217;isotonitaz\u00e8ne"}]},{"@type":"WebSite","@id":"https:\/\/nembutalboutique.com\/#website","url":"https:\/\/nembutalboutique.com\/","name":"Butik Nembutal","description":"M\u00f3j blog WordPress","publisher":{"@id":"https:\/\/nembutalboutique.com\/#organization"},"potentialAction":[{"@type":"SearchAction","target":{"@type":"EntryPoint","urlTemplate":"https:\/\/nembutalboutique.com\/?s={search_term_string}"},"query-input":{"@type":"PropertyValueSpecification","valueRequired":true,"valueName":"search_term_string"}}],"inLanguage":"pl-PL"},{"@type":"Organization","@id":"https:\/\/nembutalboutique.com\/#organization","name":"Butik Nembutal","url":"https:\/\/nembutalboutique.com\/","logo":{"@type":"ImageObject","inLanguage":"pl-PL","@id":"https:\/\/nembutalboutique.com\/#\/schema\/logo\/image\/","url":"https:\/\/nembutalboutique.com\/wp-content\/uploads\/2024\/01\/logo.png","contentUrl":"https:\/\/nembutalboutique.com\/wp-content\/uploads\/2024\/01\/logo.png","width":494,"height":121,"caption":"Nembutal Boutique"},"image":{"@id":"https:\/\/nembutalboutique.com\/#\/schema\/logo\/image\/"}}]}},"_links":{"self":[{"href":"https:\/\/nembutalboutique.com\/pl\/wp-json\/wp\/v2\/product\/2646"}],"collection":[{"href":"https:\/\/nembutalboutique.com\/pl\/wp-json\/wp\/v2\/product"}],"about":[{"href":"https:\/\/nembutalboutique.com\/pl\/wp-json\/wp\/v2\/types\/product"}],"replies":[{"embeddable":true,"href":"https:\/\/nembutalboutique.com\/pl\/wp-json\/wp\/v2\/comments?post=2646"}],"wp:featuredmedia":[{"embeddable":true,"href":"https:\/\/nembutalboutique.com\/pl\/wp-json\/wp\/v2\/media\/2664"}],"wp:attachment":[{"href":"https:\/\/nembutalboutique.com\/pl\/wp-json\/wp\/v2\/media?parent=2646"}],"wp:term":[{"taxonomy":"product_brand","embeddable":true,"href":"https:\/\/nembutalboutique.com\/pl\/wp-json\/wp\/v2\/product_brand?post=2646"},{"taxonomy":"product_cat","embeddable":true,"href":"https:\/\/nembutalboutique.com\/pl\/wp-json\/wp\/v2\/product_cat?post=2646"},{"taxonomy":"product_tag","embeddable":true,"href":"https:\/\/nembutalboutique.com\/pl\/wp-json\/wp\/v2\/product_tag?post=2646"}],"curies":[{"name":"wp","href":"https:\/\/api.w.org\/{rel}","templated":true}]}}