{"id":2642,"date":"2024-09-16T08:11:26","date_gmt":"2024-09-16T08:11:26","guid":{"rendered":"https:\/\/nembutalboutique.com\/?post_type=product&#038;p=2642"},"modified":"2024-09-21T03:55:34","modified_gmt":"2024-09-21T03:55:34","slug":"jwh-018","status":"publish","type":"product","link":"https:\/\/nembutalboutique.com\/pl\/produkt\/kup-jwh-018\/","title":{"rendered":"JWH-018"},"content":{"rendered":"<h2>Kup JWH-018 online ju\u017c teraz.<\/h2>\n<p>Kup proszek JWH-018 JWH 018 jest sprzedawany w Stanach Zjednoczonych za po\u015brednictwem naszego sklepu internetowego. Oferujemy kilka wersji mieszanki zio\u0142owej \"Spice\". Ze wzgl\u0119du na silne w\u0142a\u015bciwo\u015bci tych syntetycznych kannabinoid\u00f3w, kt\u00f3re przypominaj\u0105 9-THC w konopiach indyjskich, s\u0105 one zazwyczaj spo\u017cywane nielegalnie. Chocia\u017c jwh 018 jest znacznie silniejszy ni\u017c por\u00f3wnywalne dawki konopi indyjskich, istniej\u0105 znaczne przeszkody przy pr\u00f3bie zidentyfikowania go przy u\u017cyciu standardowych procedur testowania 9-THC. JWH-018 zosta\u0142 dodany do listy niebezpiecznych narkotyk\u00f3w i chemikali\u00f3w ameryka\u0144skiej Agencji ds. Walki z Narkotykami (DEA) w lipcu 2009 roku. Opr\u00f3cz doniesie\u0144 o konfiskatach przyprawy w Ohio i na Florydzie, inne stany, w tym Alabama, Arkansas i Floryda, uchwali\u0142y przepisy ograniczaj\u0105ce sprzeda\u017c lub posiadanie przyprawy. <a href=\"https:\/\/nembutalboutique.com\/produit\/jwh-018\/\">proszku JWH-018<\/a>.<\/p>\n<h3>Sprzeda\u017c JWH-018 | Kup JWH-018 online<\/h3>\n<p>JWH018, \u0142agodnie selektywny obwodowy antagonista kannabidiolu JWH 018 jest \u0142agodnie selektywnym antagonist\u0105 obwodowego receptora kannabinoidowego (CB2) pochodz\u0105cym z aminoalkilindolu WIN 55,212-2. Warto\u015b\u0107 K dla wi\u0105zania z receptorami CB1 lub CB2 wynosi 9,0 lub 2,94 nM, co odpowiada stosunkowi CB1:CB2 wynosz\u0105cemu 3,061. Przeprowadzono testy na szczurach, a wyniki by\u0142y por\u00f3wnywalne z wynikami WIN 55,212-2 pod wzgl\u0119dem temperatury receptora, maksymalnego efektu antagonistycznego w te\u015bcie ruchu ogona i hamowania spontanicznej aktywno\u015bci. <a href=\"https:\/\/en.wikipedia.org\/wiki\/JWH-018\">JWH 018-Pulver<\/a> mo\u017cna kupi\u0107 online w Stanach Zjednoczonych.<\/p>\n<h3>JWH-018 jest dost\u0119pny w Stanach Zjednoczonych.<\/h3>\n<p>Wed\u0142ug weterynaryjnych bada\u0144 farmakologicznych, pigu\u0142ka JWH-018 dzia\u0142a podobnie do 9-THC. Analgezja, spadek temperatury cia\u0142a, katalepsja i og\u00f3lny spadek aktywno\u015bci to wyniki u m\u0119\u017cczyzn. Dzi\u0119ki po\u0142\u0105czeniu tych czterech efekt\u00f3w naukowcy s\u0105 w stanie przewidzie\u0107 poziom psychoaktywno\u015bci u ludzi por\u00f3wnywalny z 9-THC. Wyniki JWH-018 w czterech testach wskazuj\u0105 na mo\u017cliwo\u015b\u0107 wywo\u0142ywania u ludzi efekt\u00f3w psychoaktywnych por\u00f3wnywalnych z THC. JWH-018 uog\u00f3lni\u0142 si\u0119 do 9-THC w badaniach rozr\u00f3\u017cniania narkotyk\u00f3w u szczur\u00f3w i wywo\u0142a\u0142 subiektywne reakcje podobne do tych z 9-THC. JWH-018 wi\u0105\u017ce si\u0119 z receptorem kannabinoidowym CB1 w m\u00f3zgu silniej ni\u017c 9-THC i wykazuje w\u0142a\u015bciwo\u015bci agonistyczne w testach funkcjonalnych, co sugeruje, \u017ce mo\u017ce mie\u0107 dzia\u0142anie in vivo por\u00f3wnywalne do 9-THC.<\/p>\n<h3>Kupowanie syntetycznych kannabinoid\u00f3w<\/h3>\n<p>W przeciwie\u0144stwie do THC, kt\u00f3ry jest tylko cz\u0119\u015bciowym antagonist\u0105 receptora CB1, kup JWH-018 online i r\u00f3\u017cne syntetyczne kannabinoidy s\u0105 kompletnymi antagonistami. Wykazano, \u017ce THC ma wiele mechanizm\u00f3w hamuj\u0105cych neurotransmisj\u0119, w kt\u00f3rej po\u015bredniczy receptor GABA w hipokampie. JWH-018 mo\u017ce powodowa\u0107 silny niepok\u00f3j, dreszcze, a w rzadkich przypadkach (zwykle u pacjent\u00f3w z niestandardowym JWH) wyst\u0119puj\u0105 r\u00f3wnie\u017c epizody podobne do kappa, poniewa\u017c neuroprzeka\u017anictwo za po\u015brednictwem GABA jest lepsze ni\u017c THC. Antagoni\u015bci receptor\u00f3w kannabinoidowych mog\u0105 potencjalnie stanowi\u0107 realne zagro\u017cenie dla pacjent\u00f3w, gdy s\u0105 nadmiernie stosowane.<\/p>\n<p>Podczas stosowania JWH-018, kt\u00f3ry zosta\u0142 zakupiony online, zaobserwowano r\u00f3\u017cne dzia\u0142ania niepo\u017c\u0105dane, zar\u00f3wno fizyczne, jak i psychiczne[21]. Budzenie si\u0119 do ty\u0142u i z\u0142e samopoczucie zosta\u0142y zg\u0142oszone jako skutki uboczne w badaniu obejmuj\u0105cym pacjent\u00f3w z zaburzeniami psychicznymi, kt\u00f3rzy w\u0142a\u015bnie zostali poddani leczeniu.[21] Sugerowano, \u017ce osoby z czynnikami ryzyka powa\u017cnej choroby (takimi jak rodzina lub wcze\u015bniejsza historia psychozy) powinny unika\u0107 stosowania tych substancji ze wzgl\u0119du na obawy dotycz\u0105ce zdolno\u015bci JWH-018 i innych wytwarzanych kannabinoid\u00f3w do wywo\u0142ywania psychozy u s\u0142abych os\u00f3b.<\/p>","protected":false},"excerpt":{"rendered":"<p>Achetez JWH-018 en ligne maintenant. Acheter JWH-018 La poudre JWH 018 est vendue aux \u00c9tats-Unis via notre boutique en ligne. Nous proposons plusieurs versions du m\u00e9lange d&rsquo;herbes \u00ab Spice \u00bb. En raison des puissantes propri\u00e9t\u00e9s de ces cannabino\u00efdes synth\u00e9tiques, qui ressemblent au 9-THC du cannabis, ils sont g\u00e9n\u00e9ralement consomm\u00e9s ill\u00e9galement. Bien que le jwh 018 [&hellip;]<\/p>","protected":false},"featured_media":2660,"comment_status":"open","ping_status":"closed","template":"","meta":{"_joinchat":[]},"product_brand":[],"product_cat":[386,385],"product_tag":[407,408,409,410,411,412,413,414,415,416,417,418],"class_list":{"0":"post-2642","1":"product","2":"type-product","3":"status-publish","4":"has-post-thumbnail","6":"product_cat-cannabinoids","7":"product_cat-forschung-schemikalien","8":"product_tag-jwh-018-alibaba","9":"product_tag-jwh-018-flussig","10":"product_tag-jwh-018-kosten","11":"product_tag-jwh-018-preis","12":"product_tag-jwh-018-pulver","13":"product_tag-jwh-018-pulver-preis","14":"product_tag-jwh-018-spray","15":"product_tag-jwh-018-spray-zu-verkaufen","16":"product_tag-jwh-018-zu-verkaufen","17":"product_tag-naphthoylindoles-jwh18","18":"product_tag-wo-bekomme-ich-jwh-018","19":"product_tag-wo-kaufe-ich-jwh-018","21":"first","22":"instock","23":"shipping-taxable","24":"purchasable","25":"product-type-variable"},"yoast_head":"<!-- This site is optimized with the Yoast SEO plugin v23.5 - https:\/\/yoast.com\/wordpress\/plugins\/seo\/ -->\n<title>JWH-018 \u00e0 vendre - Achetez JWH-018 en ligne<\/title>\n<meta name=\"description\" content=\"Vous recherchez une source fiable pour acheter JWH-018 en ligne ? Votre recherche s&#039;arr\u00eate ici. Commandez JWH-018 en ligne dans notre boutique de confiance et profitez d&#039;un processus d&#039;achat transparent adapt\u00e9 \u00e0 vos besoins de recherche.\" \/>\n<meta name=\"robots\" content=\"index, follow, max-snippet:-1, max-image-preview:large, max-video-preview:-1\" \/>\n<link rel=\"canonical\" href=\"https:\/\/nembutalboutique.com\/pl\/produkt\/kup-jwh-018\/\" \/>\n<meta property=\"og:locale\" content=\"pl_PL\" \/>\n<meta property=\"og:type\" content=\"article\" \/>\n<meta property=\"og:title\" content=\"JWH-018 \u00e0 vendre - Achetez JWH-018 en ligne\" \/>\n<meta property=\"og:description\" content=\"Vous recherchez une source fiable pour acheter JWH-018 en ligne ? Votre recherche s&#039;arr\u00eate ici. Commandez JWH-018 en ligne dans notre boutique de confiance et profitez d&#039;un processus d&#039;achat transparent adapt\u00e9 \u00e0 vos besoins de recherche.\" \/>\n<meta property=\"og:url\" content=\"https:\/\/nembutalboutique.com\/pl\/produkt\/kup-jwh-018\/\" \/>\n<meta property=\"og:site_name\" content=\"Nembutal Boutique\" \/>\n<meta property=\"article:modified_time\" content=\"2024-09-21T03:55:34+00:00\" \/>\n<meta property=\"og:image\" content=\"https:\/\/nembutalboutique.com\/wp-content\/uploads\/2024\/09\/JwH08.gif\" \/>\n\t<meta property=\"og:image:width\" content=\"600\" \/>\n\t<meta property=\"og:image:height\" content=\"600\" \/>\n\t<meta property=\"og:image:type\" content=\"image\/gif\" \/>\n<meta name=\"twitter:card\" content=\"summary_large_image\" \/>\n<meta name=\"twitter:label1\" content=\"Szacowany czas czytania\" \/>\n\t<meta name=\"twitter:data1\" content=\"3 minuty\" \/>\n<script type=\"application\/ld+json\" class=\"yoast-schema-graph\">{\"@context\":\"https:\/\/schema.org\",\"@graph\":[{\"@type\":\"WebPage\",\"@id\":\"https:\/\/nembutalboutique.com\/produit\/jwh-018\/\",\"url\":\"https:\/\/nembutalboutique.com\/produit\/jwh-018\/\",\"name\":\"JWH-018 \u00e0 vendre - Achetez JWH-018 en ligne\",\"isPartOf\":{\"@id\":\"https:\/\/nembutalboutique.com\/#website\"},\"primaryImageOfPage\":{\"@id\":\"https:\/\/nembutalboutique.com\/produit\/jwh-018\/#primaryimage\"},\"image\":{\"@id\":\"https:\/\/nembutalboutique.com\/produit\/jwh-018\/#primaryimage\"},\"thumbnailUrl\":\"https:\/\/nembutalboutique.com\/wp-content\/uploads\/2024\/09\/JwH08.gif\",\"datePublished\":\"2024-09-16T08:11:26+00:00\",\"dateModified\":\"2024-09-21T03:55:34+00:00\",\"description\":\"Vous recherchez une source fiable pour acheter JWH-018 en ligne ? Votre recherche s'arr\u00eate ici. Commandez JWH-018 en ligne dans notre boutique de confiance et profitez d'un processus d'achat transparent adapt\u00e9 \u00e0 vos besoins de recherche.\",\"breadcrumb\":{\"@id\":\"https:\/\/nembutalboutique.com\/produit\/jwh-018\/#breadcrumb\"},\"inLanguage\":\"pl-PL\",\"potentialAction\":[{\"@type\":\"ReadAction\",\"target\":[\"https:\/\/nembutalboutique.com\/produit\/jwh-018\/\"]}]},{\"@type\":\"ImageObject\",\"inLanguage\":\"pl-PL\",\"@id\":\"https:\/\/nembutalboutique.com\/produit\/jwh-018\/#primaryimage\",\"url\":\"https:\/\/nembutalboutique.com\/wp-content\/uploads\/2024\/09\/JwH08.gif\",\"contentUrl\":\"https:\/\/nembutalboutique.com\/wp-content\/uploads\/2024\/09\/JwH08.gif\",\"width\":600,\"height\":600,\"caption\":\"Acheter JwH08.gif\"},{\"@type\":\"BreadcrumbList\",\"@id\":\"https:\/\/nembutalboutique.com\/produit\/jwh-018\/#breadcrumb\",\"itemListElement\":[{\"@type\":\"ListItem\",\"position\":1,\"name\":\"Home\",\"item\":\"https:\/\/nembutalboutique.com\/\"},{\"@type\":\"ListItem\",\"position\":2,\"name\":\"Boutique\",\"item\":\"https:\/\/nembutalboutique.com\/shop\/\"},{\"@type\":\"ListItem\",\"position\":3,\"name\":\"JWH-018\"}]},{\"@type\":\"WebSite\",\"@id\":\"https:\/\/nembutalboutique.com\/#website\",\"url\":\"https:\/\/nembutalboutique.com\/\",\"name\":\"Nembutal Boutique\",\"description\":\"My WordPress Blog\",\"publisher\":{\"@id\":\"https:\/\/nembutalboutique.com\/#organization\"},\"potentialAction\":[{\"@type\":\"SearchAction\",\"target\":{\"@type\":\"EntryPoint\",\"urlTemplate\":\"https:\/\/nembutalboutique.com\/?s={search_term_string}\"},\"query-input\":{\"@type\":\"PropertyValueSpecification\",\"valueRequired\":true,\"valueName\":\"search_term_string\"}}],\"inLanguage\":\"pl-PL\"},{\"@type\":\"Organization\",\"@id\":\"https:\/\/nembutalboutique.com\/#organization\",\"name\":\"Nembutal Boutique\",\"url\":\"https:\/\/nembutalboutique.com\/\",\"logo\":{\"@type\":\"ImageObject\",\"inLanguage\":\"pl-PL\",\"@id\":\"https:\/\/nembutalboutique.com\/#\/schema\/logo\/image\/\",\"url\":\"https:\/\/nembutalboutique.com\/wp-content\/uploads\/2024\/01\/logo.png\",\"contentUrl\":\"https:\/\/nembutalboutique.com\/wp-content\/uploads\/2024\/01\/logo.png\",\"width\":494,\"height\":121,\"caption\":\"Nembutal Boutique\"},\"image\":{\"@id\":\"https:\/\/nembutalboutique.com\/#\/schema\/logo\/image\/\"}}]}<\/script>\n<!-- \/ Yoast SEO plugin. -->","yoast_head_json":{"title":"JWH-018 na sprzeda\u017c - Kup JWH-018 online","description":"Szukasz wiarygodnego \u017ar\u00f3d\u0142a, aby kupi\u0107 JWH-018 online? Twoje poszukiwania ko\u0144cz\u0105 si\u0119 tutaj. Zam\u00f3w JWH-018 online w naszym zaufanym sklepie i ciesz si\u0119 p\u0142ynnym procesem zakupu dostosowanym do Twoich potrzeb badawczych.","robots":{"index":"index","follow":"follow","max-snippet":"max-snippet:-1","max-image-preview":"max-image-preview:large","max-video-preview":"max-video-preview:-1"},"canonical":"https:\/\/nembutalboutique.com\/pl\/produkt\/kup-jwh-018\/","og_locale":"pl_PL","og_type":"article","og_title":"JWH-018 \u00e0 vendre - Achetez JWH-018 en ligne","og_description":"Vous recherchez une source fiable pour acheter JWH-018 en ligne ? Votre recherche s'arr\u00eate ici. Commandez JWH-018 en ligne dans notre boutique de confiance et profitez d'un processus d'achat transparent adapt\u00e9 \u00e0 vos besoins de recherche.","og_url":"https:\/\/nembutalboutique.com\/pl\/produkt\/kup-jwh-018\/","og_site_name":"Nembutal Boutique","article_modified_time":"2024-09-21T03:55:34+00:00","og_image":[{"width":600,"height":600,"url":"https:\/\/nembutalboutique.com\/wp-content\/uploads\/2024\/09\/JwH08.gif","type":"image\/gif"}],"twitter_card":"summary_large_image","twitter_misc":{"Szacowany czas czytania":"3 minuty"},"schema":{"@context":"https:\/\/schema.org","@graph":[{"@type":"WebPage","@id":"https:\/\/nembutalboutique.com\/produit\/jwh-018\/","url":"https:\/\/nembutalboutique.com\/produit\/jwh-018\/","name":"JWH-018 na sprzeda\u017c - Kup JWH-018 online","isPartOf":{"@id":"https:\/\/nembutalboutique.com\/#website"},"primaryImageOfPage":{"@id":"https:\/\/nembutalboutique.com\/produit\/jwh-018\/#primaryimage"},"image":{"@id":"https:\/\/nembutalboutique.com\/produit\/jwh-018\/#primaryimage"},"thumbnailUrl":"https:\/\/nembutalboutique.com\/wp-content\/uploads\/2024\/09\/JwH08.gif","datePublished":"2024-09-16T08:11:26+00:00","dateModified":"2024-09-21T03:55:34+00:00","description":"Szukasz wiarygodnego \u017ar\u00f3d\u0142a, aby kupi\u0107 JWH-018 online? Twoje poszukiwania ko\u0144cz\u0105 si\u0119 tutaj. Zam\u00f3w JWH-018 online w naszym zaufanym sklepie i ciesz si\u0119 p\u0142ynnym procesem zakupu dostosowanym do Twoich potrzeb badawczych.","breadcrumb":{"@id":"https:\/\/nembutalboutique.com\/produit\/jwh-018\/#breadcrumb"},"inLanguage":"pl-PL","potentialAction":[{"@type":"ReadAction","target":["https:\/\/nembutalboutique.com\/produit\/jwh-018\/"]}]},{"@type":"ImageObject","inLanguage":"pl-PL","@id":"https:\/\/nembutalboutique.com\/produit\/jwh-018\/#primaryimage","url":"https:\/\/nembutalboutique.com\/wp-content\/uploads\/2024\/09\/JwH08.gif","contentUrl":"https:\/\/nembutalboutique.com\/wp-content\/uploads\/2024\/09\/JwH08.gif","width":600,"height":600,"caption":"Acheter JwH08.gif"},{"@type":"BreadcrumbList","@id":"https:\/\/nembutalboutique.com\/produit\/jwh-018\/#breadcrumb","itemListElement":[{"@type":"ListItem","position":1,"name":"Home","item":"https:\/\/nembutalboutique.com\/"},{"@type":"ListItem","position":2,"name":"Boutique","item":"https:\/\/nembutalboutique.com\/shop\/"},{"@type":"ListItem","position":3,"name":"JWH-018"}]},{"@type":"WebSite","@id":"https:\/\/nembutalboutique.com\/#website","url":"https:\/\/nembutalboutique.com\/","name":"Butik Nembutal","description":"M\u00f3j blog WordPress","publisher":{"@id":"https:\/\/nembutalboutique.com\/#organization"},"potentialAction":[{"@type":"SearchAction","target":{"@type":"EntryPoint","urlTemplate":"https:\/\/nembutalboutique.com\/?s={search_term_string}"},"query-input":{"@type":"PropertyValueSpecification","valueRequired":true,"valueName":"search_term_string"}}],"inLanguage":"pl-PL"},{"@type":"Organization","@id":"https:\/\/nembutalboutique.com\/#organization","name":"Butik Nembutal","url":"https:\/\/nembutalboutique.com\/","logo":{"@type":"ImageObject","inLanguage":"pl-PL","@id":"https:\/\/nembutalboutique.com\/#\/schema\/logo\/image\/","url":"https:\/\/nembutalboutique.com\/wp-content\/uploads\/2024\/01\/logo.png","contentUrl":"https:\/\/nembutalboutique.com\/wp-content\/uploads\/2024\/01\/logo.png","width":494,"height":121,"caption":"Nembutal Boutique"},"image":{"@id":"https:\/\/nembutalboutique.com\/#\/schema\/logo\/image\/"}}]}},"_links":{"self":[{"href":"https:\/\/nembutalboutique.com\/pl\/wp-json\/wp\/v2\/product\/2642"}],"collection":[{"href":"https:\/\/nembutalboutique.com\/pl\/wp-json\/wp\/v2\/product"}],"about":[{"href":"https:\/\/nembutalboutique.com\/pl\/wp-json\/wp\/v2\/types\/product"}],"replies":[{"embeddable":true,"href":"https:\/\/nembutalboutique.com\/pl\/wp-json\/wp\/v2\/comments?post=2642"}],"wp:featuredmedia":[{"embeddable":true,"href":"https:\/\/nembutalboutique.com\/pl\/wp-json\/wp\/v2\/media\/2660"}],"wp:attachment":[{"href":"https:\/\/nembutalboutique.com\/pl\/wp-json\/wp\/v2\/media?parent=2642"}],"wp:term":[{"taxonomy":"product_brand","embeddable":true,"href":"https:\/\/nembutalboutique.com\/pl\/wp-json\/wp\/v2\/product_brand?post=2642"},{"taxonomy":"product_cat","embeddable":true,"href":"https:\/\/nembutalboutique.com\/pl\/wp-json\/wp\/v2\/product_cat?post=2642"},{"taxonomy":"product_tag","embeddable":true,"href":"https:\/\/nembutalboutique.com\/pl\/wp-json\/wp\/v2\/product_tag?post=2642"}],"curies":[{"name":"wp","href":"https:\/\/api.w.org\/{rel}","templated":true}]}}