{"id":2532,"date":"2024-09-16T08:10:44","date_gmt":"2024-09-16T08:10:44","guid":{"rendered":"https:\/\/nembutalboutique.com\/?post_type=product&#038;p=2532"},"modified":"2024-09-21T04:04:24","modified_gmt":"2024-09-21T04:04:24","slug":"4f-bca","status":"publish","type":"product","link":"https:\/\/nembutalboutique.com\/pl\/produkt\/kupic-4f-bca-online\/","title":{"rendered":"4F-BCA"},"content":{"rendered":"<h2>Kup 4F-BCA online w NembutalBoutique!<\/h2>\n<p>Badana substancja chemiczna <a href=\"https:\/\/en.wikipedia.org\/wiki\/BCA\">4F-BCA<\/a> dzieli szereg w\u0142a\u015bciwo\u015bci z innymi substancjami. 2-(1-(5-fluorpentylo)-1h-indazolo-3-karboksyamido)metylo (r)IUPAC oznacza 4f adb jako -3,3-dimetylobutanoat. Kup 4F-BCA tutaj, legalnie, online!<\/p>\n<p>Poniewa\u017c 4F-BCA jest nowym zwi\u0105zkiem chemicznym, nie zosta\u0142 on jeszcze zbadany. Jednak ze wzgl\u0119du na jego podobie\u0144stwa do innych zwi\u0105zk\u00f3w, mo\u017cemy uzyska\u0107 dalszy wgl\u0105d w 4F-BCA, badaj\u0105c t\u0119 struktur\u0119 molekularn\u0105. Zwi\u0105zek 1-(benzofuran-5-ylo)-n-metylopropan-2-amina to nazwa IUPAC nale\u017c\u0105ca do rodziny fenetyloamin i amfetamin.<\/p>\n<p>Bia\u0142y proszek 4F-BCA ma mas\u0119 cz\u0105steczkow\u0105 189,25, wz\u00f3r chemiczny c12h15no i Reinheit od 99,3 do 99,6 %. NembuKauFlog sprzedaje proszek 4F-BCA online w najni\u017cszej mo\u017cliwej cenie. Kup teraz!<\/p>\n<h2>Kup badania naukowe na temat 4F-BCA przez Internet.<\/h2>\n<p>bogactwo wiedzy<\/p>\n<p>Robimy to ju\u017c od d\u0142u\u017cszego czasu.<\/p>\n<p>Mamy wieloletnie do\u015bwiadczenie w tej dziedzinie, eksportuj\u0105c nasze hormony i sterydy na ca\u0142y \u015bwiat i utrzymuj\u0105c z nimi d\u0142ugoterminowe relacje biznesowe.<\/p>\n<p>Wyj\u0105tkowa sp\u00f3jno\u015b\u0107, jako\u015b\u0107 i elastyczno\u015b\u0107<\/p>\n<p>Dobra jako\u015b\u0107 jest jednym z naszych kluczowych czynnik\u00f3w sukcesu; mo\u017cemy zapewni\u0107 najlepszy mo\u017cliwy produkt i najlepszy mo\u017cliwy poziom us\u0142ug.<\/p>\n<p>dostawa, kt\u00f3ra jest zar\u00f3wno praktyczna, jak i bezpieczna<br \/>\nMamy wystarczaj\u0105co du\u017ce zapasy, aby m\u00f3c wysy\u0142a\u0107 towary natychmiast po otrzymaniu p\u0142atno\u015bci. Planujemy wysy\u0142a\u0107 towary do Zollabfertigung szybciej i z wi\u0119ksz\u0105 staranno\u015bci\u0105.<\/p>\n<p>Doskona\u0142e wsparcie po zakupie<\/p>\n<p>Je\u015bli masz jakiekolwiek pytania lub w\u0105tpliwo\u015bci po zakupie produktu, nie wahaj si\u0119 z nami skontaktowa\u0107. Problem zostanie rozwi\u0105zany natychmiast.<\/p>\n<p>Keuschheit<\/p>\n<h3>W jakim celu stosuje si\u0119 4F-BCA?<\/h3>\n<p>Jest to jedna z substancji, kt\u00f3re naukowcy cz\u0119sto wykorzystuj\u0105 w swoich badaniach. Kup 4F-BCA za dolary ameryka\u0144skie. Sprawd\u017a, czy Twoje miejsce pracy jest odpowiednio wentylowane i czy jest skonfigurowane do u\u017cywania chemikali\u00f3w badawczych.<\/p>\n<h3>Jakie s\u0105 skutki uboczne stosowania 4F-BCA?<\/h3>\n<p>Typowe dzia\u0142ania niepo\u017c\u0105dane 4F-BCA obejmuj\u0105:<\/p>\n<p>B\u00f3le g\u0142owy, nudno\u015bci i inne dolegliwo\u015bci<\/p>\n<h3>Jak mog\u0119 kupi\u0107 4F-BCA?<\/h3>\n<p>NembuKauFlog to zesp\u00f3\u0142 przyjaznych i do\u015bwiadczonych handlowc\u00f3w, kt\u00f3rzy zawsze s\u0142u\u017c\u0105 pomoc\u0105 i zaspokajaj\u0105 Twoje potrzeby. Wybierz 4F-BCA, kt\u00f3ry chcesz kupi\u0107 i wprowad\u017a \u017c\u0105dan\u0105 ilo\u015b\u0107. Nast\u0119pnie wybierz \"Dodaj do koszyka\" i przejd\u017a do strony kasy. Obiecujemy, \u017ce do\u0142o\u017cymy wszelkich stara\u0144, aby dostarczy\u0107 towar tak szybko, jak to mo\u017cliwe. Gwarantujemy r\u00f3wnie\u017c bezpiecze\u0144stwo p\u0142atno\u015bci. Kup chemikalia badawcze <a href=\"https:\/\/nembutalboutique.com\/produit\/4f-bca\/\">4F-BCA<\/a> online.<\/p>\n<h3>Najlepsze miejsce do zakupu 4F-BCA online w najni\u017cszej cenie!<\/h3>\n<p>Nasze produkty zosta\u0142y zatwierdzone i s\u0105 ca\u0142kowicie bezpieczne. W naszych dzia\u0142aniach kierujemy si\u0119 takimi zasadami jak przejrzysto\u015b\u0107, empatia, zaufanie, odpowiedzialno\u015b\u0107, rozw\u00f3j zawodowy i zadowolenie klienta. Nasze wyniki opieraj\u0105 si\u0119 na tych przekonaniach.<\/p>","protected":false},"excerpt":{"rendered":"<p>Achetez 4F-BCA en ligne sur NembutalBoutique\u00a0! Le produit chimique de recherche 4F-BCA partage plusieurs propri\u00e9t\u00e9s avec d&rsquo;autres substances. 2-(1-(5-Fluorpentyl)-1h-indazol-3-carboxamido)M\u00e9thyl (r)L&rsquo;IUPAC d\u00e9signe le 4f adb comme -3,3-Dimethylbutanoat. Procurez-vous le 4F-BCA ici, l\u00e9galement, en ligne\u00a0! \u00c9tant donn\u00e9 que le 4F-BCA est un nouveau produit chimique, il n&rsquo;a fait l&rsquo;objet d&rsquo;aucune recherche. Cependant, en raison de ses similitudes [&hellip;]<\/p>","protected":false},"featured_media":2558,"comment_status":"open","ping_status":"closed","template":"","meta":{"_joinchat":[]},"product_brand":[],"product_cat":[386,385],"product_tag":[],"class_list":{"0":"post-2532","1":"product","2":"type-product","3":"status-publish","4":"has-post-thumbnail","6":"product_cat-cannabinoids","7":"product_cat-forschung-schemikalien","9":"first","10":"instock","11":"shipping-taxable","12":"purchasable","13":"product-type-variable"},"yoast_head":"<!-- This site is optimized with the Yoast SEO plugin v23.5 - https:\/\/yoast.com\/wordpress\/plugins\/seo\/ -->\n<title>4F-BCA \u00e0 vendre \u2013 Achetez 4F-BCA en ligne<\/title>\n<meta name=\"description\" content=\"Achetez du 4F-BCA en vente dans l&#039;une des meilleures boutiques en ligne. Nous vous aiderons \u00e0 acheter du 4F-BCA en ligne de haute qualit\u00e9. Ne tardez pas \u00e0 passer votre commande et profitez des derni\u00e8res r\u00e9ductions !\" \/>\n<meta name=\"robots\" content=\"index, follow, max-snippet:-1, max-image-preview:large, max-video-preview:-1\" \/>\n<link rel=\"canonical\" href=\"https:\/\/nembutalboutique.com\/pl\/produkt\/kupic-4f-bca-online\/\" \/>\n<meta property=\"og:locale\" content=\"pl_PL\" \/>\n<meta property=\"og:type\" content=\"article\" \/>\n<meta property=\"og:title\" content=\"4F-BCA \u00e0 vendre \u2013 Achetez 4F-BCA en ligne\" \/>\n<meta property=\"og:description\" content=\"Achetez du 4F-BCA en vente dans l&#039;une des meilleures boutiques en ligne. Nous vous aiderons \u00e0 acheter du 4F-BCA en ligne de haute qualit\u00e9. Ne tardez pas \u00e0 passer votre commande et profitez des derni\u00e8res r\u00e9ductions !\" \/>\n<meta property=\"og:url\" content=\"https:\/\/nembutalboutique.com\/pl\/produkt\/kupic-4f-bca-online\/\" \/>\n<meta property=\"og:site_name\" content=\"Nembutal Boutique\" \/>\n<meta property=\"article:modified_time\" content=\"2024-09-21T04:04:24+00:00\" \/>\n<meta property=\"og:image\" content=\"https:\/\/nembutalboutique.com\/wp-content\/uploads\/2024\/09\/4fbca.gif\" \/>\n\t<meta property=\"og:image:width\" content=\"600\" \/>\n\t<meta property=\"og:image:height\" content=\"600\" \/>\n\t<meta property=\"og:image:type\" content=\"image\/gif\" \/>\n<meta name=\"twitter:card\" content=\"summary_large_image\" \/>\n<meta name=\"twitter:label1\" content=\"Szacowany czas czytania\" \/>\n\t<meta name=\"twitter:data1\" content=\"3 minuty\" \/>\n<script type=\"application\/ld+json\" class=\"yoast-schema-graph\">{\"@context\":\"https:\/\/schema.org\",\"@graph\":[{\"@type\":\"WebPage\",\"@id\":\"https:\/\/nembutalboutique.com\/produit\/4f-bca\/\",\"url\":\"https:\/\/nembutalboutique.com\/produit\/4f-bca\/\",\"name\":\"4F-BCA \u00e0 vendre \u2013 Achetez 4F-BCA en ligne\",\"isPartOf\":{\"@id\":\"https:\/\/nembutalboutique.com\/#website\"},\"primaryImageOfPage\":{\"@id\":\"https:\/\/nembutalboutique.com\/produit\/4f-bca\/#primaryimage\"},\"image\":{\"@id\":\"https:\/\/nembutalboutique.com\/produit\/4f-bca\/#primaryimage\"},\"thumbnailUrl\":\"https:\/\/nembutalboutique.com\/wp-content\/uploads\/2024\/09\/4fbca.gif\",\"datePublished\":\"2024-09-16T08:10:44+00:00\",\"dateModified\":\"2024-09-21T04:04:24+00:00\",\"description\":\"Achetez du 4F-BCA en vente dans l'une des meilleures boutiques en ligne. Nous vous aiderons \u00e0 acheter du 4F-BCA en ligne de haute qualit\u00e9. Ne tardez pas \u00e0 passer votre commande et profitez des derni\u00e8res r\u00e9ductions !\",\"breadcrumb\":{\"@id\":\"https:\/\/nembutalboutique.com\/produit\/4f-bca\/#breadcrumb\"},\"inLanguage\":\"pl-PL\",\"potentialAction\":[{\"@type\":\"ReadAction\",\"target\":[\"https:\/\/nembutalboutique.com\/produit\/4f-bca\/\"]}]},{\"@type\":\"ImageObject\",\"inLanguage\":\"pl-PL\",\"@id\":\"https:\/\/nembutalboutique.com\/produit\/4f-bca\/#primaryimage\",\"url\":\"https:\/\/nembutalboutique.com\/wp-content\/uploads\/2024\/09\/4fbca.gif\",\"contentUrl\":\"https:\/\/nembutalboutique.com\/wp-content\/uploads\/2024\/09\/4fbca.gif\",\"width\":600,\"height\":600,\"caption\":\"Acheter 4F-BCA\"},{\"@type\":\"BreadcrumbList\",\"@id\":\"https:\/\/nembutalboutique.com\/produit\/4f-bca\/#breadcrumb\",\"itemListElement\":[{\"@type\":\"ListItem\",\"position\":1,\"name\":\"Home\",\"item\":\"https:\/\/nembutalboutique.com\/\"},{\"@type\":\"ListItem\",\"position\":2,\"name\":\"Boutique\",\"item\":\"https:\/\/nembutalboutique.com\/shop\/\"},{\"@type\":\"ListItem\",\"position\":3,\"name\":\"4F-BCA\"}]},{\"@type\":\"WebSite\",\"@id\":\"https:\/\/nembutalboutique.com\/#website\",\"url\":\"https:\/\/nembutalboutique.com\/\",\"name\":\"Nembutal Boutique\",\"description\":\"My WordPress Blog\",\"publisher\":{\"@id\":\"https:\/\/nembutalboutique.com\/#organization\"},\"potentialAction\":[{\"@type\":\"SearchAction\",\"target\":{\"@type\":\"EntryPoint\",\"urlTemplate\":\"https:\/\/nembutalboutique.com\/?s={search_term_string}\"},\"query-input\":{\"@type\":\"PropertyValueSpecification\",\"valueRequired\":true,\"valueName\":\"search_term_string\"}}],\"inLanguage\":\"pl-PL\"},{\"@type\":\"Organization\",\"@id\":\"https:\/\/nembutalboutique.com\/#organization\",\"name\":\"Nembutal Boutique\",\"url\":\"https:\/\/nembutalboutique.com\/\",\"logo\":{\"@type\":\"ImageObject\",\"inLanguage\":\"pl-PL\",\"@id\":\"https:\/\/nembutalboutique.com\/#\/schema\/logo\/image\/\",\"url\":\"https:\/\/nembutalboutique.com\/wp-content\/uploads\/2024\/01\/logo.png\",\"contentUrl\":\"https:\/\/nembutalboutique.com\/wp-content\/uploads\/2024\/01\/logo.png\",\"width\":494,\"height\":121,\"caption\":\"Nembutal Boutique\"},\"image\":{\"@id\":\"https:\/\/nembutalboutique.com\/#\/schema\/logo\/image\/\"}}]}<\/script>\n<!-- \/ Yoast SEO plugin. -->","yoast_head_json":{"title":"4F-BCA na sprzeda\u017c - Kup 4F-BCA online","description":"Kup 4F-BCA na sprzeda\u017c z jednego z najlepszych sklep\u00f3w internetowych. Pomo\u017cemy Ci kupi\u0107 wysokiej jako\u015bci 4F-BCA online. Nie zwlekaj ze z\u0142o\u017ceniem zam\u00f3wienia i skorzystaj z najnowszych rabat\u00f3w!","robots":{"index":"index","follow":"follow","max-snippet":"max-snippet:-1","max-image-preview":"max-image-preview:large","max-video-preview":"max-video-preview:-1"},"canonical":"https:\/\/nembutalboutique.com\/pl\/produkt\/kupic-4f-bca-online\/","og_locale":"pl_PL","og_type":"article","og_title":"4F-BCA \u00e0 vendre \u2013 Achetez 4F-BCA en ligne","og_description":"Achetez du 4F-BCA en vente dans l'une des meilleures boutiques en ligne. Nous vous aiderons \u00e0 acheter du 4F-BCA en ligne de haute qualit\u00e9. Ne tardez pas \u00e0 passer votre commande et profitez des derni\u00e8res r\u00e9ductions !","og_url":"https:\/\/nembutalboutique.com\/pl\/produkt\/kupic-4f-bca-online\/","og_site_name":"Nembutal Boutique","article_modified_time":"2024-09-21T04:04:24+00:00","og_image":[{"width":600,"height":600,"url":"https:\/\/nembutalboutique.com\/wp-content\/uploads\/2024\/09\/4fbca.gif","type":"image\/gif"}],"twitter_card":"summary_large_image","twitter_misc":{"Szacowany czas czytania":"3 minuty"},"schema":{"@context":"https:\/\/schema.org","@graph":[{"@type":"WebPage","@id":"https:\/\/nembutalboutique.com\/produit\/4f-bca\/","url":"https:\/\/nembutalboutique.com\/produit\/4f-bca\/","name":"4F-BCA na sprzeda\u017c - Kup 4F-BCA online","isPartOf":{"@id":"https:\/\/nembutalboutique.com\/#website"},"primaryImageOfPage":{"@id":"https:\/\/nembutalboutique.com\/produit\/4f-bca\/#primaryimage"},"image":{"@id":"https:\/\/nembutalboutique.com\/produit\/4f-bca\/#primaryimage"},"thumbnailUrl":"https:\/\/nembutalboutique.com\/wp-content\/uploads\/2024\/09\/4fbca.gif","datePublished":"2024-09-16T08:10:44+00:00","dateModified":"2024-09-21T04:04:24+00:00","description":"Kup 4F-BCA na sprzeda\u017c z jednego z najlepszych sklep\u00f3w internetowych. Pomo\u017cemy Ci kupi\u0107 wysokiej jako\u015bci 4F-BCA online. Nie zwlekaj ze z\u0142o\u017ceniem zam\u00f3wienia i skorzystaj z najnowszych rabat\u00f3w!","breadcrumb":{"@id":"https:\/\/nembutalboutique.com\/produit\/4f-bca\/#breadcrumb"},"inLanguage":"pl-PL","potentialAction":[{"@type":"ReadAction","target":["https:\/\/nembutalboutique.com\/produit\/4f-bca\/"]}]},{"@type":"ImageObject","inLanguage":"pl-PL","@id":"https:\/\/nembutalboutique.com\/produit\/4f-bca\/#primaryimage","url":"https:\/\/nembutalboutique.com\/wp-content\/uploads\/2024\/09\/4fbca.gif","contentUrl":"https:\/\/nembutalboutique.com\/wp-content\/uploads\/2024\/09\/4fbca.gif","width":600,"height":600,"caption":"Acheter 4F-BCA"},{"@type":"BreadcrumbList","@id":"https:\/\/nembutalboutique.com\/produit\/4f-bca\/#breadcrumb","itemListElement":[{"@type":"ListItem","position":1,"name":"Home","item":"https:\/\/nembutalboutique.com\/"},{"@type":"ListItem","position":2,"name":"Boutique","item":"https:\/\/nembutalboutique.com\/shop\/"},{"@type":"ListItem","position":3,"name":"4F-BCA"}]},{"@type":"WebSite","@id":"https:\/\/nembutalboutique.com\/#website","url":"https:\/\/nembutalboutique.com\/","name":"Butik Nembutal","description":"M\u00f3j blog WordPress","publisher":{"@id":"https:\/\/nembutalboutique.com\/#organization"},"potentialAction":[{"@type":"SearchAction","target":{"@type":"EntryPoint","urlTemplate":"https:\/\/nembutalboutique.com\/?s={search_term_string}"},"query-input":{"@type":"PropertyValueSpecification","valueRequired":true,"valueName":"search_term_string"}}],"inLanguage":"pl-PL"},{"@type":"Organization","@id":"https:\/\/nembutalboutique.com\/#organization","name":"Butik Nembutal","url":"https:\/\/nembutalboutique.com\/","logo":{"@type":"ImageObject","inLanguage":"pl-PL","@id":"https:\/\/nembutalboutique.com\/#\/schema\/logo\/image\/","url":"https:\/\/nembutalboutique.com\/wp-content\/uploads\/2024\/01\/logo.png","contentUrl":"https:\/\/nembutalboutique.com\/wp-content\/uploads\/2024\/01\/logo.png","width":494,"height":121,"caption":"Nembutal Boutique"},"image":{"@id":"https:\/\/nembutalboutique.com\/#\/schema\/logo\/image\/"}}]}},"_links":{"self":[{"href":"https:\/\/nembutalboutique.com\/pl\/wp-json\/wp\/v2\/product\/2532"}],"collection":[{"href":"https:\/\/nembutalboutique.com\/pl\/wp-json\/wp\/v2\/product"}],"about":[{"href":"https:\/\/nembutalboutique.com\/pl\/wp-json\/wp\/v2\/types\/product"}],"replies":[{"embeddable":true,"href":"https:\/\/nembutalboutique.com\/pl\/wp-json\/wp\/v2\/comments?post=2532"}],"wp:featuredmedia":[{"embeddable":true,"href":"https:\/\/nembutalboutique.com\/pl\/wp-json\/wp\/v2\/media\/2558"}],"wp:attachment":[{"href":"https:\/\/nembutalboutique.com\/pl\/wp-json\/wp\/v2\/media?parent=2532"}],"wp:term":[{"taxonomy":"product_brand","embeddable":true,"href":"https:\/\/nembutalboutique.com\/pl\/wp-json\/wp\/v2\/product_brand?post=2532"},{"taxonomy":"product_cat","embeddable":true,"href":"https:\/\/nembutalboutique.com\/pl\/wp-json\/wp\/v2\/product_cat?post=2532"},{"taxonomy":"product_tag","embeddable":true,"href":"https:\/\/nembutalboutique.com\/pl\/wp-json\/wp\/v2\/product_tag?post=2532"}],"curies":[{"name":"wp","href":"https:\/\/api.w.org\/{rel}","templated":true}]}}