{"id":2519,"date":"2024-09-16T08:10:31","date_gmt":"2024-09-16T08:10:31","guid":{"rendered":"https:\/\/nembutalboutique.com\/?post_type=product&#038;p=2519"},"modified":"2024-09-21T16:25:58","modified_gmt":"2024-09-21T16:25:58","slug":"alprazolam","status":"publish","type":"product","link":"https:\/\/nembutalboutique.com\/pl\/produkt\/kupic-aprozolam-online\/","title":{"rendered":"Alprazolam"},"content":{"rendered":"<h2>Opis Kup Alprazolam online od produktu<\/h2>\n<p>Kup Alprazolam online, Silne, szybko dzia\u0142aj\u0105ce benzodiazepiny, takie jak Alprazolam, dzia\u0142aj\u0105 uspokajaj\u0105co na o\u015brodkowy uk\u0142ad nerwowy. Je\u015bli chcesz kupi\u0107 proszek Alprazolam online i chcesz mie\u0107 pewno\u015b\u0107, \u017ce otrzymujesz proszek wysokiej jako\u015bci, Shenchulab jest miejscem, do kt\u00f3rego mo\u017cesz si\u0119 uda\u0107.<a href=\"https:\/\/nembutalboutique.com\/produit\/alprazolam\/\">.<\/a><\/p>\n<p>Ponadto rynek proszku alprazolamu jest podzielony na segmenty w oparciu o lokalizacj\u0119, u\u017cytkownika ko\u0144cowego i zastosowanie.<\/p>\n<p>W zwi\u0105zku z tym wyst\u0105pi\u0105 r\u00f3\u017cnice w zale\u017cno\u015bci od stosowania w stanach l\u0119kowych, depresji, bezsenno\u015bci i zaburzeniach paniki.<a href=\"https:\/\/en.wikipedia.org\/wiki\/Alprazolam\">.<\/a><\/p>\n<p>Jest r\u00f3wnie\u017c dystrybuowany do u\u017cytkownik\u00f3w ko\u0144cowych w instytutach badawczych, firmach farmaceutycznych i innych plac\u00f3wkach (szpitalach i klinikach). Alprazolam w proszku na sprzeda\u017c.<br \/>\nJest on jednak badany pod wzgl\u0119dem geograficznym w Ameryce P\u00f3\u0142nocnej, Europie, regionie Azji i Pacyfiku oraz Ameryce \u0141aci\u0144skiej.<br \/>\n- Kluczowe korzy\u015bci: Pomimo tego, badanie zapewnia dog\u0142\u0119bn\u0105 analiz\u0119 globalnego rynku alprazolamu w proszku, a tak\u017ce przysz\u0142e prognozy i obecne trendy w celu zidentyfikowania potencjalnych obszar\u00f3w inwestycji.<\/p>\n<p>- W rezultacie przeprowadzana jest dog\u0142\u0119bna analiza czynnik\u00f3w wspieraj\u0105cych i utrudniaj\u0105cych ekspansj\u0119 rynku.<\/p>\n<p>- Ponadto badanie zapewnia analiz\u0119 ilo\u015bciow\u0105, aby pom\u00f3c zainteresowanym stronom w wykorzystaniu aktualnych trend\u00f3w rynkowych.<\/p>\n<p>- W ten spos\u00f3b dog\u0142\u0119bna analiza kilku kategorii rynkowych u\u0142atwia zrozumienie oferty.<\/p>\n<p>- Aby przewidzie\u0107 konkurencyjny krajobraz rynku, g\u0142\u00f3wni konkurenci s\u0105 profilowani, a ich strategie dog\u0142\u0119bnie analizowane. Kup Alprazolam online w postaci proszku.<\/p>\n<p>Wa\u017cne segmenty rynku proszku alprazolamu:<\/p>\n<p>Wed\u0142ug zastosowania, zaburzenia l\u0119kowe i paniki<\/p>\n<p>Depresja Bezsenno\u015b\u0107<\/p>\n<p>firmy kupuj\u0105ce nembutal, instytuty badawcze u\u017cytkownik\u00f3w ko\u0144cowych i inne odpowiednie podmioty (szpitale i kliniki).<\/p>","protected":false},"excerpt":{"rendered":"<p>Lek ALPRAZOLAM VIATRIS , tabletki powlekane zawiera jako substancj\u0119 czynn\u0105 alprazolam. Lek ten nale\u017cy do klasy benzodiazepin (leki przeciwl\u0119kowe).<\/p>\n<p>Lek ALPRAZOLAM VIATRIS 0,25 mg, tabletki powlekane jest stosowany u os\u00f3b doros\u0142ych w leczeniu ci\u0119\u017ckich objaw\u00f3w l\u0119kowych, kt\u00f3re uniemo\u017cliwiaj\u0105 funkcjonowanie lub powoduj\u0105 skrajny niepok\u00f3j. Lek ten jest stosowany wy\u0142\u0105cznie w leczeniu kr\u00f3tkotrwa\u0142ym.<\/p>","protected":false},"featured_media":2525,"comment_status":"open","ping_status":"closed","template":"","meta":{"_joinchat":[]},"product_brand":[],"product_cat":[385],"product_tag":[],"class_list":{"0":"post-2519","1":"product","2":"type-product","3":"status-publish","4":"has-post-thumbnail","6":"product_cat-forschung-schemikalien","8":"first","9":"instock","10":"shipping-taxable","11":"purchasable","12":"product-type-variable"},"yoast_head":"<!-- This site is optimized with the Yoast SEO plugin v23.5 - https:\/\/yoast.com\/wordpress\/plugins\/seo\/ -->\n<title>Acheter de la poudre d&#039;alprazolam en ligne - Poudre d&#039;alprazolam<\/title>\n<meta name=\"description\" content=\"Si vous n&#039;avez pas encore essay\u00e9 la poudre d&#039;alprazolam dans notre magasin, vous manquez beaucoup de choses. Nous vous aiderons \u00e0 acheter de la poudre d&#039;alprazolam en ligne \u00e0 des prix avantageux. Achetez de la poudre d&#039;alprazolam en vente d\u00e8s aujourd&#039;hui !\" \/>\n<meta name=\"robots\" content=\"index, follow, max-snippet:-1, max-image-preview:large, max-video-preview:-1\" \/>\n<link rel=\"canonical\" href=\"https:\/\/nembutalboutique.com\/pl\/produkt\/kupic-aprozolam-online\/\" \/>\n<meta property=\"og:locale\" content=\"pl_PL\" \/>\n<meta property=\"og:type\" content=\"article\" \/>\n<meta property=\"og:title\" content=\"Acheter de la poudre d&#039;alprazolam en ligne - Poudre d&#039;alprazolam\" \/>\n<meta property=\"og:description\" content=\"Si vous n&#039;avez pas encore essay\u00e9 la poudre d&#039;alprazolam dans notre magasin, vous manquez beaucoup de choses. Nous vous aiderons \u00e0 acheter de la poudre d&#039;alprazolam en ligne \u00e0 des prix avantageux. Achetez de la poudre d&#039;alprazolam en vente d\u00e8s aujourd&#039;hui !\" \/>\n<meta property=\"og:url\" content=\"https:\/\/nembutalboutique.com\/pl\/produkt\/kupic-aprozolam-online\/\" \/>\n<meta property=\"og:site_name\" content=\"Nembutal Boutique\" \/>\n<meta property=\"article:modified_time\" content=\"2024-09-21T16:25:58+00:00\" \/>\n<meta property=\"og:image\" content=\"https:\/\/nembutalboutique.com\/wp-content\/uploads\/2024\/09\/alprazolam.gif\" \/>\n\t<meta property=\"og:image:width\" content=\"600\" \/>\n\t<meta property=\"og:image:height\" content=\"600\" \/>\n\t<meta property=\"og:image:type\" content=\"image\/gif\" \/>\n<meta name=\"twitter:card\" content=\"summary_large_image\" \/>\n<meta name=\"twitter:label1\" content=\"Szacowany czas czytania\" \/>\n\t<meta name=\"twitter:data1\" content=\"2 minuty\" \/>\n<script type=\"application\/ld+json\" class=\"yoast-schema-graph\">{\"@context\":\"https:\/\/schema.org\",\"@graph\":[{\"@type\":\"WebPage\",\"@id\":\"https:\/\/nembutalboutique.com\/produit\/alprazolam\/\",\"url\":\"https:\/\/nembutalboutique.com\/produit\/alprazolam\/\",\"name\":\"Acheter de la poudre d'alprazolam en ligne - Poudre d'alprazolam\",\"isPartOf\":{\"@id\":\"https:\/\/nembutalboutique.com\/#website\"},\"primaryImageOfPage\":{\"@id\":\"https:\/\/nembutalboutique.com\/produit\/alprazolam\/#primaryimage\"},\"image\":{\"@id\":\"https:\/\/nembutalboutique.com\/produit\/alprazolam\/#primaryimage\"},\"thumbnailUrl\":\"https:\/\/nembutalboutique.com\/wp-content\/uploads\/2024\/09\/alprazolam.gif\",\"datePublished\":\"2024-09-16T08:10:31+00:00\",\"dateModified\":\"2024-09-21T16:25:58+00:00\",\"description\":\"Si vous n'avez pas encore essay\u00e9 la poudre d'alprazolam dans notre magasin, vous manquez beaucoup de choses. Nous vous aiderons \u00e0 acheter de la poudre d'alprazolam en ligne \u00e0 des prix avantageux. Achetez de la poudre d'alprazolam en vente d\u00e8s aujourd'hui !\",\"breadcrumb\":{\"@id\":\"https:\/\/nembutalboutique.com\/produit\/alprazolam\/#breadcrumb\"},\"inLanguage\":\"pl-PL\",\"potentialAction\":[{\"@type\":\"ReadAction\",\"target\":[\"https:\/\/nembutalboutique.com\/produit\/alprazolam\/\"]}]},{\"@type\":\"ImageObject\",\"inLanguage\":\"pl-PL\",\"@id\":\"https:\/\/nembutalboutique.com\/produit\/alprazolam\/#primaryimage\",\"url\":\"https:\/\/nembutalboutique.com\/wp-content\/uploads\/2024\/09\/alprazolam.gif\",\"contentUrl\":\"https:\/\/nembutalboutique.com\/wp-content\/uploads\/2024\/09\/alprazolam.gif\",\"width\":600,\"height\":600,\"caption\":\"Acheter alprazolam.gif\"},{\"@type\":\"BreadcrumbList\",\"@id\":\"https:\/\/nembutalboutique.com\/produit\/alprazolam\/#breadcrumb\",\"itemListElement\":[{\"@type\":\"ListItem\",\"position\":1,\"name\":\"Home\",\"item\":\"https:\/\/nembutalboutique.com\/\"},{\"@type\":\"ListItem\",\"position\":2,\"name\":\"Boutique\",\"item\":\"https:\/\/nembutalboutique.com\/shop\/\"},{\"@type\":\"ListItem\",\"position\":3,\"name\":\"Alprazolam\"}]},{\"@type\":\"WebSite\",\"@id\":\"https:\/\/nembutalboutique.com\/#website\",\"url\":\"https:\/\/nembutalboutique.com\/\",\"name\":\"Nembutal Boutique\",\"description\":\"My WordPress Blog\",\"publisher\":{\"@id\":\"https:\/\/nembutalboutique.com\/#organization\"},\"potentialAction\":[{\"@type\":\"SearchAction\",\"target\":{\"@type\":\"EntryPoint\",\"urlTemplate\":\"https:\/\/nembutalboutique.com\/?s={search_term_string}\"},\"query-input\":{\"@type\":\"PropertyValueSpecification\",\"valueRequired\":true,\"valueName\":\"search_term_string\"}}],\"inLanguage\":\"pl-PL\"},{\"@type\":\"Organization\",\"@id\":\"https:\/\/nembutalboutique.com\/#organization\",\"name\":\"Nembutal Boutique\",\"url\":\"https:\/\/nembutalboutique.com\/\",\"logo\":{\"@type\":\"ImageObject\",\"inLanguage\":\"pl-PL\",\"@id\":\"https:\/\/nembutalboutique.com\/#\/schema\/logo\/image\/\",\"url\":\"https:\/\/nembutalboutique.com\/wp-content\/uploads\/2024\/01\/logo.png\",\"contentUrl\":\"https:\/\/nembutalboutique.com\/wp-content\/uploads\/2024\/01\/logo.png\",\"width\":494,\"height\":121,\"caption\":\"Nembutal Boutique\"},\"image\":{\"@id\":\"https:\/\/nembutalboutique.com\/#\/schema\/logo\/image\/\"}}]}<\/script>\n<!-- \/ Yoast SEO plugin. -->","yoast_head_json":{"title":"Kup alprazolam w proszku online - Alprazolam w proszku","description":"Je\u015bli jeszcze nie wypr\u00f3bowa\u0142e\u015b alprazolamu w proszku w naszym sklepie, tracisz szans\u0119. Pomo\u017cemy Ci kupi\u0107 alprazolam w proszku online w atrakcyjnych cenach. Kup alprazolam w proszku w sprzeda\u017cy ju\u017c dzi\u015b!","robots":{"index":"index","follow":"follow","max-snippet":"max-snippet:-1","max-image-preview":"max-image-preview:large","max-video-preview":"max-video-preview:-1"},"canonical":"https:\/\/nembutalboutique.com\/pl\/produkt\/kupic-aprozolam-online\/","og_locale":"pl_PL","og_type":"article","og_title":"Acheter de la poudre d'alprazolam en ligne - Poudre d'alprazolam","og_description":"Si vous n'avez pas encore essay\u00e9 la poudre d'alprazolam dans notre magasin, vous manquez beaucoup de choses. Nous vous aiderons \u00e0 acheter de la poudre d'alprazolam en ligne \u00e0 des prix avantageux. Achetez de la poudre d'alprazolam en vente d\u00e8s aujourd'hui !","og_url":"https:\/\/nembutalboutique.com\/pl\/produkt\/kupic-aprozolam-online\/","og_site_name":"Nembutal Boutique","article_modified_time":"2024-09-21T16:25:58+00:00","og_image":[{"width":600,"height":600,"url":"https:\/\/nembutalboutique.com\/wp-content\/uploads\/2024\/09\/alprazolam.gif","type":"image\/gif"}],"twitter_card":"summary_large_image","twitter_misc":{"Szacowany czas czytania":"2 minuty"},"schema":{"@context":"https:\/\/schema.org","@graph":[{"@type":"WebPage","@id":"https:\/\/nembutalboutique.com\/produit\/alprazolam\/","url":"https:\/\/nembutalboutique.com\/produit\/alprazolam\/","name":"Kup alprazolam w proszku online - Alprazolam w proszku","isPartOf":{"@id":"https:\/\/nembutalboutique.com\/#website"},"primaryImageOfPage":{"@id":"https:\/\/nembutalboutique.com\/produit\/alprazolam\/#primaryimage"},"image":{"@id":"https:\/\/nembutalboutique.com\/produit\/alprazolam\/#primaryimage"},"thumbnailUrl":"https:\/\/nembutalboutique.com\/wp-content\/uploads\/2024\/09\/alprazolam.gif","datePublished":"2024-09-16T08:10:31+00:00","dateModified":"2024-09-21T16:25:58+00:00","description":"Je\u015bli jeszcze nie wypr\u00f3bowa\u0142e\u015b alprazolamu w proszku w naszym sklepie, tracisz szans\u0119. Pomo\u017cemy Ci kupi\u0107 alprazolam w proszku online w atrakcyjnych cenach. Kup alprazolam w proszku w sprzeda\u017cy ju\u017c dzi\u015b!","breadcrumb":{"@id":"https:\/\/nembutalboutique.com\/produit\/alprazolam\/#breadcrumb"},"inLanguage":"pl-PL","potentialAction":[{"@type":"ReadAction","target":["https:\/\/nembutalboutique.com\/produit\/alprazolam\/"]}]},{"@type":"ImageObject","inLanguage":"pl-PL","@id":"https:\/\/nembutalboutique.com\/produit\/alprazolam\/#primaryimage","url":"https:\/\/nembutalboutique.com\/wp-content\/uploads\/2024\/09\/alprazolam.gif","contentUrl":"https:\/\/nembutalboutique.com\/wp-content\/uploads\/2024\/09\/alprazolam.gif","width":600,"height":600,"caption":"Acheter alprazolam.gif"},{"@type":"BreadcrumbList","@id":"https:\/\/nembutalboutique.com\/produit\/alprazolam\/#breadcrumb","itemListElement":[{"@type":"ListItem","position":1,"name":"Home","item":"https:\/\/nembutalboutique.com\/"},{"@type":"ListItem","position":2,"name":"Boutique","item":"https:\/\/nembutalboutique.com\/shop\/"},{"@type":"ListItem","position":3,"name":"Alprazolam"}]},{"@type":"WebSite","@id":"https:\/\/nembutalboutique.com\/#website","url":"https:\/\/nembutalboutique.com\/","name":"Butik Nembutal","description":"M\u00f3j blog WordPress","publisher":{"@id":"https:\/\/nembutalboutique.com\/#organization"},"potentialAction":[{"@type":"SearchAction","target":{"@type":"EntryPoint","urlTemplate":"https:\/\/nembutalboutique.com\/?s={search_term_string}"},"query-input":{"@type":"PropertyValueSpecification","valueRequired":true,"valueName":"search_term_string"}}],"inLanguage":"pl-PL"},{"@type":"Organization","@id":"https:\/\/nembutalboutique.com\/#organization","name":"Butik Nembutal","url":"https:\/\/nembutalboutique.com\/","logo":{"@type":"ImageObject","inLanguage":"pl-PL","@id":"https:\/\/nembutalboutique.com\/#\/schema\/logo\/image\/","url":"https:\/\/nembutalboutique.com\/wp-content\/uploads\/2024\/01\/logo.png","contentUrl":"https:\/\/nembutalboutique.com\/wp-content\/uploads\/2024\/01\/logo.png","width":494,"height":121,"caption":"Nembutal Boutique"},"image":{"@id":"https:\/\/nembutalboutique.com\/#\/schema\/logo\/image\/"}}]}},"_links":{"self":[{"href":"https:\/\/nembutalboutique.com\/pl\/wp-json\/wp\/v2\/product\/2519"}],"collection":[{"href":"https:\/\/nembutalboutique.com\/pl\/wp-json\/wp\/v2\/product"}],"about":[{"href":"https:\/\/nembutalboutique.com\/pl\/wp-json\/wp\/v2\/types\/product"}],"replies":[{"embeddable":true,"href":"https:\/\/nembutalboutique.com\/pl\/wp-json\/wp\/v2\/comments?post=2519"}],"wp:featuredmedia":[{"embeddable":true,"href":"https:\/\/nembutalboutique.com\/pl\/wp-json\/wp\/v2\/media\/2525"}],"wp:attachment":[{"href":"https:\/\/nembutalboutique.com\/pl\/wp-json\/wp\/v2\/media?parent=2519"}],"wp:term":[{"taxonomy":"product_brand","embeddable":true,"href":"https:\/\/nembutalboutique.com\/pl\/wp-json\/wp\/v2\/product_brand?post=2519"},{"taxonomy":"product_cat","embeddable":true,"href":"https:\/\/nembutalboutique.com\/pl\/wp-json\/wp\/v2\/product_cat?post=2519"},{"taxonomy":"product_tag","embeddable":true,"href":"https:\/\/nembutalboutique.com\/pl\/wp-json\/wp\/v2\/product_tag?post=2519"}],"curies":[{"name":"wp","href":"https:\/\/api.w.org\/{rel}","templated":true}]}}