{"id":2318,"date":"2024-01-16T06:05:30","date_gmt":"2024-01-16T06:05:30","guid":{"rendered":"https:\/\/gblexpress.com\/nembu\/?post_type=product&#038;p=2318"},"modified":"2024-09-20T05:13:41","modified_gmt":"2024-09-20T05:13:41","slug":"sodium-seconal-a-vendre","status":"publish","type":"product","link":"https:\/\/nembutalboutique.com\/pl\/produkt\/seconal-sodium-na-sprzedaz\/","title":{"rendered":"Seconal sodu na sprzeda\u017c"},"content":{"rendered":"<p><strong>Kup Seconal Sodium bezpiecznie online na NembutalBoutique.com<\/strong><\/p>\n<p>W NembutalBoutique.com rozumiemy znaczenie dobrego snu dla og\u00f3lnego samopoczucia. Dlatego oferujemy Seconal Sodium, niezawodny \u015brodek uspokajaj\u0105cy, kt\u00f3ry mo\u017ce pom\u00f3c w osi\u0105gni\u0119ciu spokojnego i odm\u0142adzaj\u0105cego snu. Jeste\u015bmy dumni, \u017ce mo\u017cemy zapewni\u0107 zaufane \u017ar\u00f3d\u0142o dla tych, kt\u00f3rzy chc\u0105 <strong><a href=\"https:\/\/nembutalboutique.com\/produit\/sodium-seconal-a-vendre\/\">kupi\u0107 Seconal Sodium online<\/a>.<\/strong><\/p>\n<p><strong>Gdzie legalnie kupi\u0107 Seconal Sodium?<\/strong><\/p>\n<p>Jeste\u015b <strong>zapyta\u0107 gdzie legalnie kupi\u0107 Seconal Sodium?<\/strong> Nie szukaj dalej ni\u017c nasz sklep <strong>Seconal Sodium na<\/strong> NembutalBoutique.com. Na pierwszym miejscu stawiamy Twoje bezpiecze\u0144stwo i dobre samopoczucie, zapewniaj\u0105c, \u017ce ka\u017cdy zakup jest dokonywany zgodnie z przepisami prawa. Mo\u017cesz spa\u0107 spokojnie, wiedz\u0105c, \u017ce mo\u017cesz liczy\u0107 na bezpieczn\u0105 i legaln\u0105 transakcj\u0119.<\/p>\n<p><strong>Zam\u00f3w Seconal sodium z pewno\u015bci\u0105<\/strong><\/p>\n<p>W NembutalBoutique.com usprawniamy proces zamawiania Seconal Sodium, zapewniaj\u0105c przyjazn\u0105 dla u\u017cytkownika platform\u0119 dla bezproblemowego do\u015bwiadczenia. Wystarczy przejrze\u0107 nasz\u0105 ofert\u0119, wybra\u0107 \u017c\u0105dan\u0105 ilo\u015b\u0107 i przej\u015b\u0107 do kasy. Nasze zaanga\u017cowanie w zadowolenie klienta zapewnia p\u0142ynn\u0105 transakcj\u0119 od z\u0142o\u017cenia zam\u00f3wienia do dostawy do domu.<\/p>\n<p><strong>Seconal Sodium na sprzeda\u017c we Francji<\/strong><\/p>\n<p>Zaopatrujemy klient\u00f3w na ca\u0142ym \u015bwiecie, w tym we Francji, kt\u00f3rzy szukaj\u0105 <strong>Seconal Sodium na sprzeda\u017c.<\/strong> Nasze mi\u0119dzynarodowe us\u0142ugi wysy\u0142kowe zapewniaj\u0105 dost\u0119p do potrzebnych \u015brodk\u00f3w nasennych bez wzgl\u0119du na to, gdzie si\u0119 znajdujesz. Odkryj wygod\u0119 dostawy Seconal Sodium do Twoich drzwi dzi\u0119ki uprzejmo\u015bci Example.com.<\/p>\n<p><strong>Ogarnij spok\u00f3j - Kup Seconal Sodium online<\/strong><\/p>\n<p>Wyrusz w podr\u00f3\u017c do lepszego snu z NembutalBoutique.com jako zaufanym partnerem. <strong>Kup Seconal Sodium online i odkryj<\/strong> spok\u00f3j i cisz\u0119, kt\u00f3re przychodz\u0105 wraz z dobrym snem. Nasze zaanga\u017cowanie w jako\u015b\u0107, legalno\u015b\u0107 i zadowolenie klienta wyr\u00f3\u017cnia nas jako \u017ar\u00f3d\u0142o Seconal Sodium.<\/p>\n<p>Je\u015bli chodzi o zapewnienie spokojnego snu, NembutalBoutique.com wyr\u00f3\u017cnia si\u0119 jako pierwsze miejsce docelowe dla <strong>kupi\u0107 Seconal Sodium online.<\/strong> Zaufaj nam i pozw\u00f3l, aby\u015bmy pomogli Ci uzyska\u0107 spokojny sen, na kt\u00f3ry zas\u0142ugujesz.<\/p>","protected":false},"excerpt":{"rendered":"<p>Achetez Seconal Sodium en ligne en toute s\u00e9curit\u00e9 sur NembutalBoutique.com Chez NembutalBoutique.com, nous comprenons l&rsquo;importance d&rsquo;une bonne nuit de sommeil pour votre bien-\u00eatre g\u00e9n\u00e9ral. C&rsquo;est pourquoi nous proposons Seconal Sodium, un s\u00e9datif fiable qui peut vous aider \u00e0 obtenir un sommeil r\u00e9parateur et rajeunissant. Nous sommes fiers de fournir une source fiable \u00e0 ceux qui [&hellip;]<\/p>","protected":false},"featured_media":2345,"comment_status":"closed","ping_status":"closed","template":"","meta":{"_joinchat":[]},"product_brand":[],"product_cat":[116],"product_tag":[],"class_list":{"0":"post-2318","1":"product","2":"type-product","3":"status-publish","4":"has-post-thumbnail","6":"product_cat-nembutal","8":"first","9":"instock","10":"shipping-taxable","11":"purchasable","12":"product-type-variable"},"yoast_head":"<!-- This site is optimized with the Yoast SEO plugin v23.5 - https:\/\/yoast.com\/wordpress\/plugins\/seo\/ -->\n<title>Achetez du Seconal Sodium en ligne - Seconal Sodium \u00e0 vendre<\/title>\n<meta name=\"description\" content=\"Trouvez du Seconal Sodium de qualit\u00e9 sup\u00e9rieure \u00e0 vendre dans notre boutique en ligne, offrant une plate-forme s\u00e9curis\u00e9e pour acheter du Seconal Sodium en ligne en toute simplicit\u00e9, r\u00e9pondant \u00e0 vos besoins de recherche.\" \/>\n<meta name=\"robots\" content=\"index, follow, max-snippet:-1, max-image-preview:large, max-video-preview:-1\" \/>\n<link rel=\"canonical\" href=\"https:\/\/nembutalboutique.com\/pl\/produkt\/seconal-sodium-na-sprzedaz\/\" \/>\n<meta property=\"og:locale\" content=\"pl_PL\" \/>\n<meta property=\"og:type\" content=\"article\" \/>\n<meta property=\"og:title\" content=\"Achetez du Seconal Sodium en ligne - Seconal Sodium \u00e0 vendre\" \/>\n<meta property=\"og:description\" content=\"Trouvez du Seconal Sodium de qualit\u00e9 sup\u00e9rieure \u00e0 vendre dans notre boutique en ligne, offrant une plate-forme s\u00e9curis\u00e9e pour acheter du Seconal Sodium en ligne en toute simplicit\u00e9, r\u00e9pondant \u00e0 vos besoins de recherche.\" \/>\n<meta property=\"og:url\" content=\"https:\/\/nembutalboutique.com\/pl\/produkt\/seconal-sodium-na-sprzedaz\/\" \/>\n<meta property=\"og:site_name\" content=\"Nembutal Boutique\" \/>\n<meta property=\"article:modified_time\" content=\"2024-09-20T05:13:41+00:00\" \/>\n<meta property=\"og:image\" content=\"https:\/\/nembutalboutique.com\/wp-content\/uploads\/2024\/01\/seconal-sodium.jpg\" \/>\n\t<meta property=\"og:image:width\" content=\"600\" \/>\n\t<meta property=\"og:image:height\" content=\"600\" \/>\n\t<meta property=\"og:image:type\" content=\"image\/jpeg\" \/>\n<meta name=\"twitter:card\" content=\"summary_large_image\" \/>\n<meta name=\"twitter:label1\" content=\"Szacowany czas czytania\" \/>\n\t<meta name=\"twitter:data1\" content=\"2 minuty\" \/>\n<script type=\"application\/ld+json\" class=\"yoast-schema-graph\">{\"@context\":\"https:\/\/schema.org\",\"@graph\":[{\"@type\":\"WebPage\",\"@id\":\"https:\/\/nembutalboutique.com\/produit\/sodium-seconal-a-vendre\/\",\"url\":\"https:\/\/nembutalboutique.com\/produit\/sodium-seconal-a-vendre\/\",\"name\":\"Achetez du Seconal Sodium en ligne - Seconal Sodium \u00e0 vendre\",\"isPartOf\":{\"@id\":\"https:\/\/nembutalboutique.com\/#website\"},\"primaryImageOfPage\":{\"@id\":\"https:\/\/nembutalboutique.com\/produit\/sodium-seconal-a-vendre\/#primaryimage\"},\"image\":{\"@id\":\"https:\/\/nembutalboutique.com\/produit\/sodium-seconal-a-vendre\/#primaryimage\"},\"thumbnailUrl\":\"https:\/\/nembutalboutique.com\/wp-content\/uploads\/2024\/01\/seconal-sodium.jpg\",\"datePublished\":\"2024-01-16T06:05:30+00:00\",\"dateModified\":\"2024-09-20T05:13:41+00:00\",\"description\":\"Trouvez du Seconal Sodium de qualit\u00e9 sup\u00e9rieure \u00e0 vendre dans notre boutique en ligne, offrant une plate-forme s\u00e9curis\u00e9e pour acheter du Seconal Sodium en ligne en toute simplicit\u00e9, r\u00e9pondant \u00e0 vos besoins de recherche.\",\"breadcrumb\":{\"@id\":\"https:\/\/nembutalboutique.com\/produit\/sodium-seconal-a-vendre\/#breadcrumb\"},\"inLanguage\":\"pl-PL\",\"potentialAction\":[{\"@type\":\"ReadAction\",\"target\":[\"https:\/\/nembutalboutique.com\/produit\/sodium-seconal-a-vendre\/\"]}]},{\"@type\":\"ImageObject\",\"inLanguage\":\"pl-PL\",\"@id\":\"https:\/\/nembutalboutique.com\/produit\/sodium-seconal-a-vendre\/#primaryimage\",\"url\":\"https:\/\/nembutalboutique.com\/wp-content\/uploads\/2024\/01\/seconal-sodium.jpg\",\"contentUrl\":\"https:\/\/nembutalboutique.com\/wp-content\/uploads\/2024\/01\/seconal-sodium.jpg\",\"width\":600,\"height\":600,\"caption\":\"Sodium Seconal \u00e0 vendre\"},{\"@type\":\"BreadcrumbList\",\"@id\":\"https:\/\/nembutalboutique.com\/produit\/sodium-seconal-a-vendre\/#breadcrumb\",\"itemListElement\":[{\"@type\":\"ListItem\",\"position\":1,\"name\":\"Home\",\"item\":\"https:\/\/nembutalboutique.com\/\"},{\"@type\":\"ListItem\",\"position\":2,\"name\":\"Boutique\",\"item\":\"https:\/\/nembutalboutique.com\/shop\/\"},{\"@type\":\"ListItem\",\"position\":3,\"name\":\"Sodium Seconal \u00e0 vendre\"}]},{\"@type\":\"WebSite\",\"@id\":\"https:\/\/nembutalboutique.com\/#website\",\"url\":\"https:\/\/nembutalboutique.com\/\",\"name\":\"Nembutal Boutique\",\"description\":\"My WordPress Blog\",\"publisher\":{\"@id\":\"https:\/\/nembutalboutique.com\/#organization\"},\"potentialAction\":[{\"@type\":\"SearchAction\",\"target\":{\"@type\":\"EntryPoint\",\"urlTemplate\":\"https:\/\/nembutalboutique.com\/?s={search_term_string}\"},\"query-input\":{\"@type\":\"PropertyValueSpecification\",\"valueRequired\":true,\"valueName\":\"search_term_string\"}}],\"inLanguage\":\"pl-PL\"},{\"@type\":\"Organization\",\"@id\":\"https:\/\/nembutalboutique.com\/#organization\",\"name\":\"Nembutal Boutique\",\"url\":\"https:\/\/nembutalboutique.com\/\",\"logo\":{\"@type\":\"ImageObject\",\"inLanguage\":\"pl-PL\",\"@id\":\"https:\/\/nembutalboutique.com\/#\/schema\/logo\/image\/\",\"url\":\"https:\/\/nembutalboutique.com\/wp-content\/uploads\/2024\/01\/logo.png\",\"contentUrl\":\"https:\/\/nembutalboutique.com\/wp-content\/uploads\/2024\/01\/logo.png\",\"width\":494,\"height\":121,\"caption\":\"Nembutal Boutique\"},\"image\":{\"@id\":\"https:\/\/nembutalboutique.com\/#\/schema\/logo\/image\/\"}}]}<\/script>\n<!-- \/ Yoast SEO plugin. -->","yoast_head_json":{"title":"Achetez du Seconal Sodium en ligne - Seconal Sodium \u00e0 vendre","description":"Trouvez du Seconal Sodium de qualit\u00e9 sup\u00e9rieure \u00e0 vendre dans notre boutique en ligne, offrant une plate-forme s\u00e9curis\u00e9e pour acheter du Seconal Sodium en ligne en toute simplicit\u00e9, r\u00e9pondant \u00e0 vos besoins de recherche.","robots":{"index":"index","follow":"follow","max-snippet":"max-snippet:-1","max-image-preview":"max-image-preview:large","max-video-preview":"max-video-preview:-1"},"canonical":"https:\/\/nembutalboutique.com\/pl\/produkt\/seconal-sodium-na-sprzedaz\/","og_locale":"pl_PL","og_type":"article","og_title":"Achetez du Seconal Sodium en ligne - Seconal Sodium \u00e0 vendre","og_description":"Trouvez du Seconal Sodium de qualit\u00e9 sup\u00e9rieure \u00e0 vendre dans notre boutique en ligne, offrant une plate-forme s\u00e9curis\u00e9e pour acheter du Seconal Sodium en ligne en toute simplicit\u00e9, r\u00e9pondant \u00e0 vos besoins de recherche.","og_url":"https:\/\/nembutalboutique.com\/pl\/produkt\/seconal-sodium-na-sprzedaz\/","og_site_name":"Nembutal Boutique","article_modified_time":"2024-09-20T05:13:41+00:00","og_image":[{"width":600,"height":600,"url":"https:\/\/nembutalboutique.com\/wp-content\/uploads\/2024\/01\/seconal-sodium.jpg","type":"image\/jpeg"}],"twitter_card":"summary_large_image","twitter_misc":{"Szacowany czas czytania":"2 minuty"},"schema":{"@context":"https:\/\/schema.org","@graph":[{"@type":"WebPage","@id":"https:\/\/nembutalboutique.com\/produit\/sodium-seconal-a-vendre\/","url":"https:\/\/nembutalboutique.com\/produit\/sodium-seconal-a-vendre\/","name":"Achetez du Seconal Sodium en ligne - Seconal Sodium \u00e0 vendre","isPartOf":{"@id":"https:\/\/nembutalboutique.com\/#website"},"primaryImageOfPage":{"@id":"https:\/\/nembutalboutique.com\/produit\/sodium-seconal-a-vendre\/#primaryimage"},"image":{"@id":"https:\/\/nembutalboutique.com\/produit\/sodium-seconal-a-vendre\/#primaryimage"},"thumbnailUrl":"https:\/\/nembutalboutique.com\/wp-content\/uploads\/2024\/01\/seconal-sodium.jpg","datePublished":"2024-01-16T06:05:30+00:00","dateModified":"2024-09-20T05:13:41+00:00","description":"Trouvez du Seconal Sodium de qualit\u00e9 sup\u00e9rieure \u00e0 vendre dans notre boutique en ligne, offrant une plate-forme s\u00e9curis\u00e9e pour acheter du Seconal Sodium en ligne en toute simplicit\u00e9, r\u00e9pondant \u00e0 vos besoins de recherche.","breadcrumb":{"@id":"https:\/\/nembutalboutique.com\/produit\/sodium-seconal-a-vendre\/#breadcrumb"},"inLanguage":"pl-PL","potentialAction":[{"@type":"ReadAction","target":["https:\/\/nembutalboutique.com\/produit\/sodium-seconal-a-vendre\/"]}]},{"@type":"ImageObject","inLanguage":"pl-PL","@id":"https:\/\/nembutalboutique.com\/produit\/sodium-seconal-a-vendre\/#primaryimage","url":"https:\/\/nembutalboutique.com\/wp-content\/uploads\/2024\/01\/seconal-sodium.jpg","contentUrl":"https:\/\/nembutalboutique.com\/wp-content\/uploads\/2024\/01\/seconal-sodium.jpg","width":600,"height":600,"caption":"Sodium Seconal \u00e0 vendre"},{"@type":"BreadcrumbList","@id":"https:\/\/nembutalboutique.com\/produit\/sodium-seconal-a-vendre\/#breadcrumb","itemListElement":[{"@type":"ListItem","position":1,"name":"Home","item":"https:\/\/nembutalboutique.com\/"},{"@type":"ListItem","position":2,"name":"Boutique","item":"https:\/\/nembutalboutique.com\/shop\/"},{"@type":"ListItem","position":3,"name":"Sodium Seconal \u00e0 vendre"}]},{"@type":"WebSite","@id":"https:\/\/nembutalboutique.com\/#website","url":"https:\/\/nembutalboutique.com\/","name":"Butik Nembutal","description":"M\u00f3j blog WordPress","publisher":{"@id":"https:\/\/nembutalboutique.com\/#organization"},"potentialAction":[{"@type":"SearchAction","target":{"@type":"EntryPoint","urlTemplate":"https:\/\/nembutalboutique.com\/?s={search_term_string}"},"query-input":{"@type":"PropertyValueSpecification","valueRequired":true,"valueName":"search_term_string"}}],"inLanguage":"pl-PL"},{"@type":"Organization","@id":"https:\/\/nembutalboutique.com\/#organization","name":"Butik Nembutal","url":"https:\/\/nembutalboutique.com\/","logo":{"@type":"ImageObject","inLanguage":"pl-PL","@id":"https:\/\/nembutalboutique.com\/#\/schema\/logo\/image\/","url":"https:\/\/nembutalboutique.com\/wp-content\/uploads\/2024\/01\/logo.png","contentUrl":"https:\/\/nembutalboutique.com\/wp-content\/uploads\/2024\/01\/logo.png","width":494,"height":121,"caption":"Nembutal Boutique"},"image":{"@id":"https:\/\/nembutalboutique.com\/#\/schema\/logo\/image\/"}}]}},"_links":{"self":[{"href":"https:\/\/nembutalboutique.com\/pl\/wp-json\/wp\/v2\/product\/2318"}],"collection":[{"href":"https:\/\/nembutalboutique.com\/pl\/wp-json\/wp\/v2\/product"}],"about":[{"href":"https:\/\/nembutalboutique.com\/pl\/wp-json\/wp\/v2\/types\/product"}],"replies":[{"embeddable":true,"href":"https:\/\/nembutalboutique.com\/pl\/wp-json\/wp\/v2\/comments?post=2318"}],"wp:featuredmedia":[{"embeddable":true,"href":"https:\/\/nembutalboutique.com\/pl\/wp-json\/wp\/v2\/media\/2345"}],"wp:attachment":[{"href":"https:\/\/nembutalboutique.com\/pl\/wp-json\/wp\/v2\/media?parent=2318"}],"wp:term":[{"taxonomy":"product_brand","embeddable":true,"href":"https:\/\/nembutalboutique.com\/pl\/wp-json\/wp\/v2\/product_brand?post=2318"},{"taxonomy":"product_cat","embeddable":true,"href":"https:\/\/nembutalboutique.com\/pl\/wp-json\/wp\/v2\/product_cat?post=2318"},{"taxonomy":"product_tag","embeddable":true,"href":"https:\/\/nembutalboutique.com\/pl\/wp-json\/wp\/v2\/product_tag?post=2318"}],"curies":[{"name":"wp","href":"https:\/\/api.w.org\/{rel}","templated":true}]}}