{"id":2316,"date":"2024-01-16T06:05:30","date_gmt":"2024-01-16T06:05:30","guid":{"rendered":"https:\/\/gblexpress.com\/nembu\/?post_type=product&#038;p=2316"},"modified":"2024-09-21T04:13:28","modified_gmt":"2024-09-21T04:13:28","slug":"butabarbital","status":"publish","type":"product","link":"https:\/\/nembutalboutique.com\/pl\/produkt\/kupic-butabarbital-online\/","title":{"rendered":"Butabarbital"},"content":{"rendered":"<h2><strong>Spok\u00f3j ducha na wyci\u0105gni\u0119cie r\u0119ki: kup butabarbital online w NembutalBoutique.com<\/strong><\/h2>\n<p>Dans notre monde en \u00e9volution rapide, trouver une source fiable de m\u00e9dicaments de qualit\u00e9 comme le Butabarbital est crucial pour ceux qui recherchent des nuits paisibles et un soulagement efficace du stress. Chez NembutalBoutique.com, nous comprenons l&rsquo;importance d&rsquo;une bonne nuit de sommeil et nous sommes l\u00e0 pour vous guider sur la fa\u00e7on d&rsquo;acheter du <a href=\"https:\/\/en.wikipedia.org\/wiki\/Butabarbital\">Butabarbital<\/a> en ligne en toute s\u00e9curit\u00e9 et l\u00e9galement.<\/p>\n<h3><strong>Legalny spos\u00f3b zamawiania butabarbitalu<\/strong><\/h3>\n<p>Jeste\u015b <strong>zapyta\u0107 gdzie kupi\u0107 Butabarbital?<\/strong> Nie szukaj dalej ni\u017c NembutalBoutique.com - Tw\u00f3j kompleksowy sklep dla <strong>zaufany sklep Butabarbital.<\/strong> Oferujemy przejrzyst\u0105 i bezpieczn\u0105 platform\u0119 umo\u017cliwiaj\u0105c\u0105 <strong>Zamawianie butabarbitalu<\/strong> z pe\u0142nym zaufaniem. Nasze zaanga\u017cowanie w dostarczanie autentycznych lek\u00f3w gwarantuje spok\u00f3j ducha przy zakupie u nas.<\/p>\n<h3><strong>Kup butabarbital legalnie dla gwarantowanej jako\u015bci<\/strong><\/h3>\n<p>Je\u015bli chodzi o zdrowie, liczy si\u0119 legalno\u015b\u0107. Stawiamy bezpiecze\u0144stwo na pierwszym miejscu, oferuj\u0105c <strong>Butabarbital na sprzeda\u017c<\/strong> za po\u015brednictwem legalnego i zgodnego z prawem procesu. Zapewniamy, \u017ce gdy <a href=\"https:\/\/nembutalboutique.com\/produit\/butabarbital\/\"><strong>kupi\u0107 Butabarbital<\/strong><\/a> na NembutalBoutique.com, dokonujesz prawnie racjonalnego wyboru, kt\u00f3ry dba o Twoje zdrowie.<\/p>\n<h3><strong>Poznaj opcje butabarbitalu na NembutalBoutique.com<\/strong><\/h3>\n<p>We Francji i poza ni\u0105 jeste\u015bmy dumni, \u017ce mo\u017cemy by\u0107 celem podr\u00f3\u017cy dla tych, kt\u00f3rzy szukaj\u0105 Butabarbital. Nasza platforma internetowa pozwala zapozna\u0107 si\u0119 z r\u00f3\u017cnymi opcjami i wybra\u0107 produkt, kt\u00f3ry odpowiada Twoim potrzebom. Z NembutalBoutique.com, <strong>kupi\u0107 Brallobarbital<\/strong> nigdy nie by\u0142o \u0142atwiejsze.<\/p>\n<h3><strong>Zam\u00f3w butabarbital z pewno\u015bci\u0105<\/strong><\/h3>\n<p>W NembutalBoutique.com zadowolenie klienta jest naszym najwy\u017cszym priorytetem. Nasz przyjazny dla u\u017cytkownika interfejs i bezpieczne opcje p\u0142atno\u015bci pozwalaj\u0105 na <strong>zam\u00f3wi\u0107 Butabarbital online<\/strong> bezproblemowo. Zr\u00f3b pierwszy krok w kierunku spokojnych nocy, wybieraj\u0105c NembutalBoutique.com jako zaufane \u017ar\u00f3d\u0142o Butabarbital.<\/p>\n<p>Je\u015bli chcesz <strong>kupi\u0107 Butabarbital online<\/strong>Zapraszamy do zapoznania si\u0119 z ofert\u0105 NembutalBoutique.com. Nasze zaanga\u017cowanie na rzecz legalno\u015bci, jako\u015bci i satysfakcji klienta wyr\u00f3\u017cnia nas jako <strong>pierwszy sklep Butabarbital.<\/strong> Odblokuj klucz do spokojnych nocy z NembutalBoutique.com - Twoim niezawodnym partnerem w dziedzinie zdrowia i dobrego samopoczucia.<\/p>","protected":false},"excerpt":{"rendered":"<p>La s\u00e9r\u00e9nit\u00e9 \u00e0 port\u00e9e de main\u00a0: naviguer dans l&rsquo;achat de butabarbital en ligne avec NembutalBoutique.com Dans notre monde en \u00e9volution rapide, trouver une source fiable de m\u00e9dicaments de qualit\u00e9 comme le Butabarbital est crucial pour ceux qui recherchent des nuits paisibles et un soulagement efficace du stress. Chez NembutalBoutique.com, nous comprenons l&rsquo;importance d&rsquo;une bonne nuit [&hellip;]<\/p>","protected":false},"featured_media":2343,"comment_status":"closed","ping_status":"closed","template":"","meta":{"_joinchat":[]},"product_brand":[],"product_cat":[116],"product_tag":[],"class_list":{"0":"post-2316","1":"product","2":"type-product","3":"status-publish","4":"has-post-thumbnail","6":"product_cat-nembutal","8":"first","9":"instock","10":"shipping-taxable","11":"purchasable","12":"product-type-variable"},"yoast_head":"<!-- This site is optimized with the Yoast SEO plugin v23.5 - https:\/\/yoast.com\/wordpress\/plugins\/seo\/ -->\n<title>Acheter du butabarbital en ligne - Butabarbital \u00e0 vendre<\/title>\n<meta name=\"description\" content=\"Vous souhaitez approfondir vos recherches ? Achetez du Butabarbital en ligne de mani\u00e8re pratique et s\u00e9curis\u00e9e, gr\u00e2ce \u00e0 un processus de commande simple pour la vente de Butabarbital. Explorez les possibilit\u00e9s et achetez du Butabarbital en ligne pour vos recherches d\u00e8s aujourd&#039;hui.\" \/>\n<meta name=\"robots\" content=\"index, follow, max-snippet:-1, max-image-preview:large, max-video-preview:-1\" \/>\n<link rel=\"canonical\" href=\"https:\/\/nembutalboutique.com\/pl\/produkt\/kupic-butabarbital-online\/\" \/>\n<meta property=\"og:locale\" content=\"pl_PL\" \/>\n<meta property=\"og:type\" content=\"article\" \/>\n<meta property=\"og:title\" content=\"Acheter du butabarbital en ligne - Butabarbital \u00e0 vendre\" \/>\n<meta property=\"og:description\" content=\"Vous souhaitez approfondir vos recherches ? Achetez du Butabarbital en ligne de mani\u00e8re pratique et s\u00e9curis\u00e9e, gr\u00e2ce \u00e0 un processus de commande simple pour la vente de Butabarbital. Explorez les possibilit\u00e9s et achetez du Butabarbital en ligne pour vos recherches d\u00e8s aujourd&#039;hui.\" \/>\n<meta property=\"og:url\" content=\"https:\/\/nembutalboutique.com\/pl\/produkt\/kupic-butabarbital-online\/\" \/>\n<meta property=\"og:site_name\" content=\"Nembutal Boutique\" \/>\n<meta property=\"article:modified_time\" content=\"2024-09-21T04:13:28+00:00\" \/>\n<meta property=\"og:image\" content=\"https:\/\/nembutalboutique.com\/wp-content\/uploads\/2024\/01\/Butabarbital-1.jpg\" \/>\n\t<meta property=\"og:image:width\" content=\"600\" \/>\n\t<meta property=\"og:image:height\" content=\"600\" \/>\n\t<meta property=\"og:image:type\" content=\"image\/jpeg\" \/>\n<meta name=\"twitter:card\" content=\"summary_large_image\" \/>\n<meta name=\"twitter:label1\" content=\"Szacowany czas czytania\" \/>\n\t<meta name=\"twitter:data1\" content=\"2 minuty\" \/>\n<script type=\"application\/ld+json\" class=\"yoast-schema-graph\">{\"@context\":\"https:\/\/schema.org\",\"@graph\":[{\"@type\":\"WebPage\",\"@id\":\"https:\/\/nembutalboutique.com\/produit\/butabarbital\/\",\"url\":\"https:\/\/nembutalboutique.com\/produit\/butabarbital\/\",\"name\":\"Acheter du butabarbital en ligne - Butabarbital \u00e0 vendre\",\"isPartOf\":{\"@id\":\"https:\/\/nembutalboutique.com\/#website\"},\"primaryImageOfPage\":{\"@id\":\"https:\/\/nembutalboutique.com\/produit\/butabarbital\/#primaryimage\"},\"image\":{\"@id\":\"https:\/\/nembutalboutique.com\/produit\/butabarbital\/#primaryimage\"},\"thumbnailUrl\":\"https:\/\/nembutalboutique.com\/wp-content\/uploads\/2024\/01\/Butabarbital-1.jpg\",\"datePublished\":\"2024-01-16T06:05:30+00:00\",\"dateModified\":\"2024-09-21T04:13:28+00:00\",\"description\":\"Vous souhaitez approfondir vos recherches ? Achetez du Butabarbital en ligne de mani\u00e8re pratique et s\u00e9curis\u00e9e, gr\u00e2ce \u00e0 un processus de commande simple pour la vente de Butabarbital. Explorez les possibilit\u00e9s et achetez du Butabarbital en ligne pour vos recherches d\u00e8s aujourd'hui.\",\"breadcrumb\":{\"@id\":\"https:\/\/nembutalboutique.com\/produit\/butabarbital\/#breadcrumb\"},\"inLanguage\":\"pl-PL\",\"potentialAction\":[{\"@type\":\"ReadAction\",\"target\":[\"https:\/\/nembutalboutique.com\/produit\/butabarbital\/\"]}]},{\"@type\":\"ImageObject\",\"inLanguage\":\"pl-PL\",\"@id\":\"https:\/\/nembutalboutique.com\/produit\/butabarbital\/#primaryimage\",\"url\":\"https:\/\/nembutalboutique.com\/wp-content\/uploads\/2024\/01\/Butabarbital-1.jpg\",\"contentUrl\":\"https:\/\/nembutalboutique.com\/wp-content\/uploads\/2024\/01\/Butabarbital-1.jpg\",\"width\":600,\"height\":600,\"caption\":\"Acheter Butabarbital en ligne\"},{\"@type\":\"BreadcrumbList\",\"@id\":\"https:\/\/nembutalboutique.com\/produit\/butabarbital\/#breadcrumb\",\"itemListElement\":[{\"@type\":\"ListItem\",\"position\":1,\"name\":\"Home\",\"item\":\"https:\/\/nembutalboutique.com\/\"},{\"@type\":\"ListItem\",\"position\":2,\"name\":\"Boutique\",\"item\":\"https:\/\/nembutalboutique.com\/shop\/\"},{\"@type\":\"ListItem\",\"position\":3,\"name\":\"Butabarbital\"}]},{\"@type\":\"WebSite\",\"@id\":\"https:\/\/nembutalboutique.com\/#website\",\"url\":\"https:\/\/nembutalboutique.com\/\",\"name\":\"Nembutal Boutique\",\"description\":\"My WordPress Blog\",\"publisher\":{\"@id\":\"https:\/\/nembutalboutique.com\/#organization\"},\"potentialAction\":[{\"@type\":\"SearchAction\",\"target\":{\"@type\":\"EntryPoint\",\"urlTemplate\":\"https:\/\/nembutalboutique.com\/?s={search_term_string}\"},\"query-input\":{\"@type\":\"PropertyValueSpecification\",\"valueRequired\":true,\"valueName\":\"search_term_string\"}}],\"inLanguage\":\"pl-PL\"},{\"@type\":\"Organization\",\"@id\":\"https:\/\/nembutalboutique.com\/#organization\",\"name\":\"Nembutal Boutique\",\"url\":\"https:\/\/nembutalboutique.com\/\",\"logo\":{\"@type\":\"ImageObject\",\"inLanguage\":\"pl-PL\",\"@id\":\"https:\/\/nembutalboutique.com\/#\/schema\/logo\/image\/\",\"url\":\"https:\/\/nembutalboutique.com\/wp-content\/uploads\/2024\/01\/logo.png\",\"contentUrl\":\"https:\/\/nembutalboutique.com\/wp-content\/uploads\/2024\/01\/logo.png\",\"width\":494,\"height\":121,\"caption\":\"Nembutal Boutique\"},\"image\":{\"@id\":\"https:\/\/nembutalboutique.com\/#\/schema\/logo\/image\/\"}}]}<\/script>\n<!-- \/ Yoast SEO plugin. -->","yoast_head_json":{"title":"Acheter du butabarbital en ligne - Butabarbital \u00e0 vendre","description":"Vous souhaitez approfondir vos recherches ? Achetez du Butabarbital en ligne de mani\u00e8re pratique et s\u00e9curis\u00e9e, gr\u00e2ce \u00e0 un processus de commande simple pour la vente de Butabarbital. Explorez les possibilit\u00e9s et achetez du Butabarbital en ligne pour vos recherches d\u00e8s aujourd'hui.","robots":{"index":"index","follow":"follow","max-snippet":"max-snippet:-1","max-image-preview":"max-image-preview:large","max-video-preview":"max-video-preview:-1"},"canonical":"https:\/\/nembutalboutique.com\/pl\/produkt\/kupic-butabarbital-online\/","og_locale":"pl_PL","og_type":"article","og_title":"Acheter du butabarbital en ligne - Butabarbital \u00e0 vendre","og_description":"Vous souhaitez approfondir vos recherches ? Achetez du Butabarbital en ligne de mani\u00e8re pratique et s\u00e9curis\u00e9e, gr\u00e2ce \u00e0 un processus de commande simple pour la vente de Butabarbital. Explorez les possibilit\u00e9s et achetez du Butabarbital en ligne pour vos recherches d\u00e8s aujourd'hui.","og_url":"https:\/\/nembutalboutique.com\/pl\/produkt\/kupic-butabarbital-online\/","og_site_name":"Nembutal Boutique","article_modified_time":"2024-09-21T04:13:28+00:00","og_image":[{"width":600,"height":600,"url":"https:\/\/nembutalboutique.com\/wp-content\/uploads\/2024\/01\/Butabarbital-1.jpg","type":"image\/jpeg"}],"twitter_card":"summary_large_image","twitter_misc":{"Szacowany czas czytania":"2 minuty"},"schema":{"@context":"https:\/\/schema.org","@graph":[{"@type":"WebPage","@id":"https:\/\/nembutalboutique.com\/produit\/butabarbital\/","url":"https:\/\/nembutalboutique.com\/produit\/butabarbital\/","name":"Acheter du butabarbital en ligne - Butabarbital \u00e0 vendre","isPartOf":{"@id":"https:\/\/nembutalboutique.com\/#website"},"primaryImageOfPage":{"@id":"https:\/\/nembutalboutique.com\/produit\/butabarbital\/#primaryimage"},"image":{"@id":"https:\/\/nembutalboutique.com\/produit\/butabarbital\/#primaryimage"},"thumbnailUrl":"https:\/\/nembutalboutique.com\/wp-content\/uploads\/2024\/01\/Butabarbital-1.jpg","datePublished":"2024-01-16T06:05:30+00:00","dateModified":"2024-09-21T04:13:28+00:00","description":"Vous souhaitez approfondir vos recherches ? Achetez du Butabarbital en ligne de mani\u00e8re pratique et s\u00e9curis\u00e9e, gr\u00e2ce \u00e0 un processus de commande simple pour la vente de Butabarbital. Explorez les possibilit\u00e9s et achetez du Butabarbital en ligne pour vos recherches d\u00e8s aujourd'hui.","breadcrumb":{"@id":"https:\/\/nembutalboutique.com\/produit\/butabarbital\/#breadcrumb"},"inLanguage":"pl-PL","potentialAction":[{"@type":"ReadAction","target":["https:\/\/nembutalboutique.com\/produit\/butabarbital\/"]}]},{"@type":"ImageObject","inLanguage":"pl-PL","@id":"https:\/\/nembutalboutique.com\/produit\/butabarbital\/#primaryimage","url":"https:\/\/nembutalboutique.com\/wp-content\/uploads\/2024\/01\/Butabarbital-1.jpg","contentUrl":"https:\/\/nembutalboutique.com\/wp-content\/uploads\/2024\/01\/Butabarbital-1.jpg","width":600,"height":600,"caption":"Acheter Butabarbital en ligne"},{"@type":"BreadcrumbList","@id":"https:\/\/nembutalboutique.com\/produit\/butabarbital\/#breadcrumb","itemListElement":[{"@type":"ListItem","position":1,"name":"Home","item":"https:\/\/nembutalboutique.com\/"},{"@type":"ListItem","position":2,"name":"Boutique","item":"https:\/\/nembutalboutique.com\/shop\/"},{"@type":"ListItem","position":3,"name":"Butabarbital"}]},{"@type":"WebSite","@id":"https:\/\/nembutalboutique.com\/#website","url":"https:\/\/nembutalboutique.com\/","name":"Butik Nembutal","description":"M\u00f3j blog WordPress","publisher":{"@id":"https:\/\/nembutalboutique.com\/#organization"},"potentialAction":[{"@type":"SearchAction","target":{"@type":"EntryPoint","urlTemplate":"https:\/\/nembutalboutique.com\/?s={search_term_string}"},"query-input":{"@type":"PropertyValueSpecification","valueRequired":true,"valueName":"search_term_string"}}],"inLanguage":"pl-PL"},{"@type":"Organization","@id":"https:\/\/nembutalboutique.com\/#organization","name":"Butik Nembutal","url":"https:\/\/nembutalboutique.com\/","logo":{"@type":"ImageObject","inLanguage":"pl-PL","@id":"https:\/\/nembutalboutique.com\/#\/schema\/logo\/image\/","url":"https:\/\/nembutalboutique.com\/wp-content\/uploads\/2024\/01\/logo.png","contentUrl":"https:\/\/nembutalboutique.com\/wp-content\/uploads\/2024\/01\/logo.png","width":494,"height":121,"caption":"Nembutal Boutique"},"image":{"@id":"https:\/\/nembutalboutique.com\/#\/schema\/logo\/image\/"}}]}},"_links":{"self":[{"href":"https:\/\/nembutalboutique.com\/pl\/wp-json\/wp\/v2\/product\/2316"}],"collection":[{"href":"https:\/\/nembutalboutique.com\/pl\/wp-json\/wp\/v2\/product"}],"about":[{"href":"https:\/\/nembutalboutique.com\/pl\/wp-json\/wp\/v2\/types\/product"}],"replies":[{"embeddable":true,"href":"https:\/\/nembutalboutique.com\/pl\/wp-json\/wp\/v2\/comments?post=2316"}],"wp:featuredmedia":[{"embeddable":true,"href":"https:\/\/nembutalboutique.com\/pl\/wp-json\/wp\/v2\/media\/2343"}],"wp:attachment":[{"href":"https:\/\/nembutalboutique.com\/pl\/wp-json\/wp\/v2\/media?parent=2316"}],"wp:term":[{"taxonomy":"product_brand","embeddable":true,"href":"https:\/\/nembutalboutique.com\/pl\/wp-json\/wp\/v2\/product_brand?post=2316"},{"taxonomy":"product_cat","embeddable":true,"href":"https:\/\/nembutalboutique.com\/pl\/wp-json\/wp\/v2\/product_cat?post=2316"},{"taxonomy":"product_tag","embeddable":true,"href":"https:\/\/nembutalboutique.com\/pl\/wp-json\/wp\/v2\/product_tag?post=2316"}],"curies":[{"name":"wp","href":"https:\/\/api.w.org\/{rel}","templated":true}]}}