{"id":2308,"date":"2024-01-16T06:05:05","date_gmt":"2024-01-16T06:05:05","guid":{"rendered":"https:\/\/gblexpress.com\/nembu\/?post_type=product&#038;p=2308"},"modified":"2024-09-21T04:20:00","modified_gmt":"2024-09-21T04:20:00","slug":"acheter-brallobarbital-vesparax","status":"publish","type":"product","link":"https:\/\/nembutalboutique.com\/pl\/produkt\/brallobarbital-vesparax\/","title":{"rendered":"Kup Brallobarbital (Vesparax)"},"content":{"rendered":"<h2>Acheter du Brallobarbital en ligne<\/h2>\n<p>Votre source fiable pour acheter du <a href=\"https:\/\/nembutalboutique.com\/produit\/acheter-brallobarbital-vesparax\/\">Brallobarbital<\/a> en ligne l\u00e9galement \u2013 \u200b\u200bD\u00e9couvrez le meilleur magasin de Brallobarbital en France<\/p>\n<p>Chez NembutalBoutique.com, nous sommes fiers d&rsquo;offrir une plateforme s\u00e9curis\u00e9e et fiable pour ceux qui cherchent \u00e0 acheter du Brallobarbital en ligne. En tant que magasin de Brallobarbital r\u00e9put\u00e9, nous accordons la priorit\u00e9 \u00e0 votre s\u00e9curit\u00e9 et \u00e0 votre confort, garantissant une exp\u00e9rience transparente aux clients en France et au-del\u00e0.<\/p>\n<h3>Gdzie kupi\u0107 Brallobarbital :<\/h3>\n<p>Lorsqu&rsquo;il s&rsquo;agit d&rsquo;acheter du Brallobarbital, il est crucial de trouver une source fiable. Nous comprenons l&rsquo;importance d&rsquo;obtenir des produits pharmaceutiques l\u00e9galement et avec le plus grand soin. Chez NembutalBoutique.com, nous proposons une interface conviviale, vous permettant de naviguer et d&rsquo;acheter du <a href=\"https:\/\/en.wikipedia.org\/wiki\/Brallobarbital\">Brallobarbital<\/a> facilement et en toute confiance.<\/p>\n<h3>Commandez du Brallobarbital en toute s\u00e9curit\u00e9\u00a0:<\/h3>\n<p>Chez NembutalBoutique.com, votre s\u00e9curit\u00e9 est notre priorit\u00e9. Nous proposons un processus de commande simplifi\u00e9, garantissant que vous pouvez commander du Brallobarbital en toute s\u00e9curit\u00e9 et en toute discr\u00e9tion. Notre engagement envers des pratiques l\u00e9gales et \u00e9thiques nous distingue en tant que plateforme en ligne de confiance pour l&rsquo;obtention de produits pharmaceutiques.<\/p>\n<h3>Pourquoi choisir NembutalBoutique.com :<\/h3>\n<p>Notre engagement envers la satisfaction du client fait de nous le choix pr\u00e9f\u00e9r\u00e9 de ceux qui cherchent \u00e0 acheter du Brallobarbital en France. Nous garantissons l&rsquo;authenticit\u00e9 et la qualit\u00e9, vous offrant une tranquillit\u00e9 d&rsquo;esprit \u00e0 chaque achat. Notre approche transparente garantit que vous pouvez acheter du Brallobarbital l\u00e9galement, en respectant toutes les normes n\u00e9cessaires.<\/p>\n<h3>Brallobarbital \u00e0 vendre &#8211; Qualit\u00e9 assur\u00e9e :<\/h3>\n<p>D\u00e9couvrez notre gamme de produits Brallobarbital \u00e0 vendre sur NembutalBoutique.com. Nous nous approvisionnons en produits pharmaceutiques aupr\u00e8s de fabricants r\u00e9put\u00e9s, garantissant ainsi que vous recevez un produit de la plus haute qualit\u00e9. Lorsque vous nous choisissez, vous choisissez la fiabilit\u00e9 et l&rsquo;excellence.<\/p>\n<p>En tant que magasin de r\u00e9f\u00e9rence pour le Brallobarbital, NembutalBoutique.com offre une plateforme s\u00fbre et l\u00e9gale pour l&rsquo;achat de produits pharmaceutiques. Faites-nous confiance pour vous offrir une exp\u00e9rience d&rsquo;achat fluide, en adh\u00e9rant aux normes de s\u00e9curit\u00e9 et de qualit\u00e9 les plus \u00e9lev\u00e9es. Achetez du Brallobarbital en toute confiance, sachant que vous avez choisi une source en ligne fiable et r\u00e9put\u00e9e.<\/p>","protected":false},"excerpt":{"rendered":"<p>Acheter du Brallobarbital en ligne Votre source fiable pour acheter du Brallobarbital en ligne l\u00e9galement \u2013 \u200b\u200bD\u00e9couvrez le meilleur magasin de Brallobarbital en France Chez NembutalBoutique.com, nous sommes fiers d&rsquo;offrir une plateforme s\u00e9curis\u00e9e et fiable pour ceux qui cherchent \u00e0 acheter du Brallobarbital en ligne. En tant que magasin de Brallobarbital r\u00e9put\u00e9, nous accordons la [&hellip;]<\/p>","protected":false},"featured_media":2315,"comment_status":"closed","ping_status":"closed","template":"","meta":{"_joinchat":[]},"product_brand":[],"product_cat":[116],"product_tag":[],"class_list":{"0":"post-2308","1":"product","2":"type-product","3":"status-publish","4":"has-post-thumbnail","6":"product_cat-nembutal","8":"first","9":"instock","10":"shipping-taxable","11":"purchasable","12":"product-type-variable"},"yoast_head":"<!-- This site is optimized with the Yoast SEO plugin v23.5 - https:\/\/yoast.com\/wordpress\/plugins\/seo\/ -->\n<title>Acheter du Brallobarbital en ligne - Brallobarbital \u00e0 vendre<\/title>\n<meta name=\"description\" content=\"Si vous souhaitez acheter du Brallobarbital en ligne et recherchez une boutique en ligne fiable, achetez ici. Nous proposons uniquement du Brallobarbital de haute qualit\u00e9 \u00e0 la vente \u00e0 un prix abordable. Commandez du Brallobarbital maintenant !\" \/>\n<meta name=\"robots\" content=\"index, follow, max-snippet:-1, max-image-preview:large, max-video-preview:-1\" \/>\n<link rel=\"canonical\" href=\"https:\/\/nembutalboutique.com\/pl\/produkt\/brallobarbital-vesparax\/\" \/>\n<meta property=\"og:locale\" content=\"pl_PL\" \/>\n<meta property=\"og:type\" content=\"article\" \/>\n<meta property=\"og:title\" content=\"Acheter du Brallobarbital en ligne - Brallobarbital \u00e0 vendre\" \/>\n<meta property=\"og:description\" content=\"Si vous souhaitez acheter du Brallobarbital en ligne et recherchez une boutique en ligne fiable, achetez ici. Nous proposons uniquement du Brallobarbital de haute qualit\u00e9 \u00e0 la vente \u00e0 un prix abordable. Commandez du Brallobarbital maintenant !\" \/>\n<meta property=\"og:url\" content=\"https:\/\/nembutalboutique.com\/pl\/produkt\/brallobarbital-vesparax\/\" \/>\n<meta property=\"og:site_name\" content=\"Nembutal Boutique\" \/>\n<meta property=\"article:modified_time\" content=\"2024-09-21T04:20:00+00:00\" \/>\n<meta property=\"og:image\" content=\"https:\/\/nembutalboutique.com\/wp-content\/uploads\/2024\/01\/brallobarbital-Vesparax-2.jpg\" \/>\n\t<meta property=\"og:image:width\" content=\"600\" \/>\n\t<meta property=\"og:image:height\" content=\"600\" \/>\n\t<meta property=\"og:image:type\" content=\"image\/jpeg\" \/>\n<meta name=\"twitter:card\" content=\"summary_large_image\" \/>\n<meta name=\"twitter:label1\" content=\"Szacowany czas czytania\" \/>\n\t<meta name=\"twitter:data1\" content=\"2 minuty\" \/>\n<script type=\"application\/ld+json\" class=\"yoast-schema-graph\">{\"@context\":\"https:\/\/schema.org\",\"@graph\":[{\"@type\":\"WebPage\",\"@id\":\"https:\/\/nembutalboutique.com\/produit\/acheter-brallobarbital-vesparax\/\",\"url\":\"https:\/\/nembutalboutique.com\/produit\/acheter-brallobarbital-vesparax\/\",\"name\":\"Acheter du Brallobarbital en ligne - Brallobarbital \u00e0 vendre\",\"isPartOf\":{\"@id\":\"https:\/\/nembutalboutique.com\/#website\"},\"primaryImageOfPage\":{\"@id\":\"https:\/\/nembutalboutique.com\/produit\/acheter-brallobarbital-vesparax\/#primaryimage\"},\"image\":{\"@id\":\"https:\/\/nembutalboutique.com\/produit\/acheter-brallobarbital-vesparax\/#primaryimage\"},\"thumbnailUrl\":\"https:\/\/nembutalboutique.com\/wp-content\/uploads\/2024\/01\/brallobarbital-Vesparax-2.jpg\",\"datePublished\":\"2024-01-16T06:05:05+00:00\",\"dateModified\":\"2024-09-21T04:20:00+00:00\",\"description\":\"Si vous souhaitez acheter du Brallobarbital en ligne et recherchez une boutique en ligne fiable, achetez ici. Nous proposons uniquement du Brallobarbital de haute qualit\u00e9 \u00e0 la vente \u00e0 un prix abordable. Commandez du Brallobarbital maintenant !\",\"breadcrumb\":{\"@id\":\"https:\/\/nembutalboutique.com\/produit\/acheter-brallobarbital-vesparax\/#breadcrumb\"},\"inLanguage\":\"pl-PL\",\"potentialAction\":[{\"@type\":\"ReadAction\",\"target\":[\"https:\/\/nembutalboutique.com\/produit\/acheter-brallobarbital-vesparax\/\"]}]},{\"@type\":\"ImageObject\",\"inLanguage\":\"pl-PL\",\"@id\":\"https:\/\/nembutalboutique.com\/produit\/acheter-brallobarbital-vesparax\/#primaryimage\",\"url\":\"https:\/\/nembutalboutique.com\/wp-content\/uploads\/2024\/01\/brallobarbital-Vesparax-2.jpg\",\"contentUrl\":\"https:\/\/nembutalboutique.com\/wp-content\/uploads\/2024\/01\/brallobarbital-Vesparax-2.jpg\",\"width\":600,\"height\":600,\"caption\":\"Acheter Brallobarbital (Vesparax)\"},{\"@type\":\"BreadcrumbList\",\"@id\":\"https:\/\/nembutalboutique.com\/produit\/acheter-brallobarbital-vesparax\/#breadcrumb\",\"itemListElement\":[{\"@type\":\"ListItem\",\"position\":1,\"name\":\"Home\",\"item\":\"https:\/\/nembutalboutique.com\/\"},{\"@type\":\"ListItem\",\"position\":2,\"name\":\"Boutique\",\"item\":\"https:\/\/nembutalboutique.com\/shop\/\"},{\"@type\":\"ListItem\",\"position\":3,\"name\":\"Acheter Brallobarbital (Vesparax)\"}]},{\"@type\":\"WebSite\",\"@id\":\"https:\/\/nembutalboutique.com\/#website\",\"url\":\"https:\/\/nembutalboutique.com\/\",\"name\":\"Nembutal Boutique\",\"description\":\"My WordPress Blog\",\"publisher\":{\"@id\":\"https:\/\/nembutalboutique.com\/#organization\"},\"potentialAction\":[{\"@type\":\"SearchAction\",\"target\":{\"@type\":\"EntryPoint\",\"urlTemplate\":\"https:\/\/nembutalboutique.com\/?s={search_term_string}\"},\"query-input\":{\"@type\":\"PropertyValueSpecification\",\"valueRequired\":true,\"valueName\":\"search_term_string\"}}],\"inLanguage\":\"pl-PL\"},{\"@type\":\"Organization\",\"@id\":\"https:\/\/nembutalboutique.com\/#organization\",\"name\":\"Nembutal Boutique\",\"url\":\"https:\/\/nembutalboutique.com\/\",\"logo\":{\"@type\":\"ImageObject\",\"inLanguage\":\"pl-PL\",\"@id\":\"https:\/\/nembutalboutique.com\/#\/schema\/logo\/image\/\",\"url\":\"https:\/\/nembutalboutique.com\/wp-content\/uploads\/2024\/01\/logo.png\",\"contentUrl\":\"https:\/\/nembutalboutique.com\/wp-content\/uploads\/2024\/01\/logo.png\",\"width\":494,\"height\":121,\"caption\":\"Nembutal Boutique\"},\"image\":{\"@id\":\"https:\/\/nembutalboutique.com\/#\/schema\/logo\/image\/\"}}]}<\/script>\n<!-- \/ Yoast SEO plugin. -->","yoast_head_json":{"title":"Acheter du Brallobarbital en ligne - Brallobarbital \u00e0 vendre","description":"Si vous souhaitez acheter du Brallobarbital en ligne et recherchez une boutique en ligne fiable, achetez ici. Nous proposons uniquement du Brallobarbital de haute qualit\u00e9 \u00e0 la vente \u00e0 un prix abordable. Commandez du Brallobarbital maintenant !","robots":{"index":"index","follow":"follow","max-snippet":"max-snippet:-1","max-image-preview":"max-image-preview:large","max-video-preview":"max-video-preview:-1"},"canonical":"https:\/\/nembutalboutique.com\/pl\/produkt\/brallobarbital-vesparax\/","og_locale":"pl_PL","og_type":"article","og_title":"Acheter du Brallobarbital en ligne - Brallobarbital \u00e0 vendre","og_description":"Si vous souhaitez acheter du Brallobarbital en ligne et recherchez une boutique en ligne fiable, achetez ici. Nous proposons uniquement du Brallobarbital de haute qualit\u00e9 \u00e0 la vente \u00e0 un prix abordable. Commandez du Brallobarbital maintenant !","og_url":"https:\/\/nembutalboutique.com\/pl\/produkt\/brallobarbital-vesparax\/","og_site_name":"Nembutal Boutique","article_modified_time":"2024-09-21T04:20:00+00:00","og_image":[{"width":600,"height":600,"url":"https:\/\/nembutalboutique.com\/wp-content\/uploads\/2024\/01\/brallobarbital-Vesparax-2.jpg","type":"image\/jpeg"}],"twitter_card":"summary_large_image","twitter_misc":{"Szacowany czas czytania":"2 minuty"},"schema":{"@context":"https:\/\/schema.org","@graph":[{"@type":"WebPage","@id":"https:\/\/nembutalboutique.com\/produit\/acheter-brallobarbital-vesparax\/","url":"https:\/\/nembutalboutique.com\/produit\/acheter-brallobarbital-vesparax\/","name":"Acheter du Brallobarbital en ligne - Brallobarbital \u00e0 vendre","isPartOf":{"@id":"https:\/\/nembutalboutique.com\/#website"},"primaryImageOfPage":{"@id":"https:\/\/nembutalboutique.com\/produit\/acheter-brallobarbital-vesparax\/#primaryimage"},"image":{"@id":"https:\/\/nembutalboutique.com\/produit\/acheter-brallobarbital-vesparax\/#primaryimage"},"thumbnailUrl":"https:\/\/nembutalboutique.com\/wp-content\/uploads\/2024\/01\/brallobarbital-Vesparax-2.jpg","datePublished":"2024-01-16T06:05:05+00:00","dateModified":"2024-09-21T04:20:00+00:00","description":"Si vous souhaitez acheter du Brallobarbital en ligne et recherchez une boutique en ligne fiable, achetez ici. Nous proposons uniquement du Brallobarbital de haute qualit\u00e9 \u00e0 la vente \u00e0 un prix abordable. Commandez du Brallobarbital maintenant !","breadcrumb":{"@id":"https:\/\/nembutalboutique.com\/produit\/acheter-brallobarbital-vesparax\/#breadcrumb"},"inLanguage":"pl-PL","potentialAction":[{"@type":"ReadAction","target":["https:\/\/nembutalboutique.com\/produit\/acheter-brallobarbital-vesparax\/"]}]},{"@type":"ImageObject","inLanguage":"pl-PL","@id":"https:\/\/nembutalboutique.com\/produit\/acheter-brallobarbital-vesparax\/#primaryimage","url":"https:\/\/nembutalboutique.com\/wp-content\/uploads\/2024\/01\/brallobarbital-Vesparax-2.jpg","contentUrl":"https:\/\/nembutalboutique.com\/wp-content\/uploads\/2024\/01\/brallobarbital-Vesparax-2.jpg","width":600,"height":600,"caption":"Acheter Brallobarbital (Vesparax)"},{"@type":"BreadcrumbList","@id":"https:\/\/nembutalboutique.com\/produit\/acheter-brallobarbital-vesparax\/#breadcrumb","itemListElement":[{"@type":"ListItem","position":1,"name":"Home","item":"https:\/\/nembutalboutique.com\/"},{"@type":"ListItem","position":2,"name":"Boutique","item":"https:\/\/nembutalboutique.com\/shop\/"},{"@type":"ListItem","position":3,"name":"Acheter Brallobarbital (Vesparax)"}]},{"@type":"WebSite","@id":"https:\/\/nembutalboutique.com\/#website","url":"https:\/\/nembutalboutique.com\/","name":"Butik Nembutal","description":"M\u00f3j blog WordPress","publisher":{"@id":"https:\/\/nembutalboutique.com\/#organization"},"potentialAction":[{"@type":"SearchAction","target":{"@type":"EntryPoint","urlTemplate":"https:\/\/nembutalboutique.com\/?s={search_term_string}"},"query-input":{"@type":"PropertyValueSpecification","valueRequired":true,"valueName":"search_term_string"}}],"inLanguage":"pl-PL"},{"@type":"Organization","@id":"https:\/\/nembutalboutique.com\/#organization","name":"Butik Nembutal","url":"https:\/\/nembutalboutique.com\/","logo":{"@type":"ImageObject","inLanguage":"pl-PL","@id":"https:\/\/nembutalboutique.com\/#\/schema\/logo\/image\/","url":"https:\/\/nembutalboutique.com\/wp-content\/uploads\/2024\/01\/logo.png","contentUrl":"https:\/\/nembutalboutique.com\/wp-content\/uploads\/2024\/01\/logo.png","width":494,"height":121,"caption":"Nembutal Boutique"},"image":{"@id":"https:\/\/nembutalboutique.com\/#\/schema\/logo\/image\/"}}]}},"_links":{"self":[{"href":"https:\/\/nembutalboutique.com\/pl\/wp-json\/wp\/v2\/product\/2308"}],"collection":[{"href":"https:\/\/nembutalboutique.com\/pl\/wp-json\/wp\/v2\/product"}],"about":[{"href":"https:\/\/nembutalboutique.com\/pl\/wp-json\/wp\/v2\/types\/product"}],"replies":[{"embeddable":true,"href":"https:\/\/nembutalboutique.com\/pl\/wp-json\/wp\/v2\/comments?post=2308"}],"wp:featuredmedia":[{"embeddable":true,"href":"https:\/\/nembutalboutique.com\/pl\/wp-json\/wp\/v2\/media\/2315"}],"wp:attachment":[{"href":"https:\/\/nembutalboutique.com\/pl\/wp-json\/wp\/v2\/media?parent=2308"}],"wp:term":[{"taxonomy":"product_brand","embeddable":true,"href":"https:\/\/nembutalboutique.com\/pl\/wp-json\/wp\/v2\/product_brand?post=2308"},{"taxonomy":"product_cat","embeddable":true,"href":"https:\/\/nembutalboutique.com\/pl\/wp-json\/wp\/v2\/product_cat?post=2308"},{"taxonomy":"product_tag","embeddable":true,"href":"https:\/\/nembutalboutique.com\/pl\/wp-json\/wp\/v2\/product_tag?post=2308"}],"curies":[{"name":"wp","href":"https:\/\/api.w.org\/{rel}","templated":true}]}}