{"id":3387,"date":"2024-09-16T08:17:23","date_gmt":"2024-09-16T08:17:23","guid":{"rendered":"https:\/\/nembutalboutique.com\/?post_type=product&#038;p=3387"},"modified":"2024-09-20T08:11:09","modified_gmt":"2024-09-20T08:11:09","slug":"aphp","status":"publish","type":"product","link":"https:\/\/nembutalboutique.com\/nl\/product\/afp-online-kopen\/","title":{"rendered":"APHP"},"content":{"rendered":"<h2>APHP online winkelen<\/h2>\n<p>Koop APHP online met Bitcoin. Amerika's meest gerenommeerde verkoper van sieraden op de zwarte markt, zoals aangeboden door APHP.<\/p>\n<p>Krijg APHP voor Bitcoin via internet. De alkalo\u00efde drug <a href=\"https:\/\/nembutalboutique.com\/produit\/acheter-aphp-en-ligne\/\">APHP<\/a>Alpha-PVP, ook bekend als Alpha-PVP (Crystal), is verkrijgbaar in poeder- of kristalvorm.<\/p>\n<p>De drug en MDPV delen structurele overeenkomsten tot aan een methyleendioxy (benzyldioxyl) groep op de fenyl.<\/p>\n<p>Een andere naam voor de chemische verbinding pyrrolidinopentiofenon is pyrrolidinovalerofenon. Krijg een PVP kristal door deze eenvoudige handeling uit te voeren!<\/p>\n<p>Verkopen : <a href=\"https:\/\/en.wikipedia.org\/wiki\/%CE%91-Pyrrolidinohexiophenone\">APHP<\/a><\/p>\n<p>Het enige bedrijf dat legitieme APHP verkoopt is NembuKauFlog. Het materiaal kan in zijn sterkste vorm snel worden gedistribueerd naar elke locatie.<\/p>\n<p>De geschiedenis van dromedaris Dromedaris werd voor het eerst ge\u00efdentificeerd als een zenuwstimulerend middel in werk dat in 1963 werd gepubliceerd en er werd een patent op verleend in 1967. De tabletversie van Flakka werd in de Verenigde Staten op de markt gebracht.<\/p>\n<p>APHP is online verkrijgbaar bij NembutalBoutique in de volgende kleuren: zwart, kristalwit en blauw. Methylendioxypyrovaleron (MDPV), een krachtig stimulerend middel met soortgelijke eigenschappen als methamfetamine, is de analoog van APHP.<\/p>\n<p>Sinds het begin van de jaren 2000 verkoopt NembutalBoutique online PVP uit de VS in de vorm van onderzoekschemicali\u00ebn of synthetische drugs.<\/p>\n<p>Online retailers van Apvp NembutalBoutique biedt de beste prijzen voor Apvp chemische onderzoekskristallen te koop met gegarandeerde levering.<\/p>\n<p>Als je A-PVP in de Verenigde Staten koopt, kun je rekenen op een nachtelijke verzending en ophalen op de volgende dag.<\/p>\n<p>Koop Apvp-Kristalles bij de beste online verkoper Alpha PVP. Let goed op Alpha-PVP-Kristalle voordat je betaalt.<\/p>\n<p>\u03b1-Pyrrolidinohexanofenon (ook bekend als \u03b1-PHP, alfa-PHP, \u03b1-Pyrrolidinohexanofenon of PV-7) is een chemische stof die behoort tot de catechinongroep.<\/p>\n<p>Het is een homoloog met een langere keten van \u03b1-PVP, ook bekend als alfa-PVP. Het heeft een extra koolstofatoom in de alkylzijketen en is een structureel isosomeer van pyrovaleron.<\/p>\n<h3>Kom meer te weten over alpha-PHP op NembutalBoutique.com.<\/h3>\n<p>Onze alpha-PHP vulstof wordt geleverd in poedervorm en heeft, net als al onze producten, een Reinheit van meer dan 98 %, wat is geverifieerd door onafhankelijke analyses.<br \/>\nDit product is beperkt tot gebruik voor forensische, wetenschappelijke of chemische referentiedoeleinden. Het is niet bedoeld en\/of toegestaan voor menselijke consumptie.<\/p>\n<p>Koop 3 4-Dimethoxy-pro-PHP online van de beste Europese chemische bedrijven Professioneel vervaardigd met een minimum van 98 % + Reinheit gegarandeerd. We leveren een COA van elke lading chemisch geproduceerd tijdens ons onderzoek!<\/p>\n<p><strong>Materialen in 3 4Dimethoxy-pro-PHP<\/strong><\/p>\n<p>Bevat minimaal 98 % reinem 3 + 4-Dimethoxy-pro-PHP per besteleenheid.<\/p>\n<p><strong>Bepaling van 3-(4-Dimethoxy-pro-PHP)<\/strong><\/p>\n<p>Er is geen aanbevolen dosering ge\u00efntroduceerd sinds 3 4-Dimethoxy-pro-PHP Niet voor menselijke consumptie, maar uitsluitend voor wetenschappelijk onderzoek in de chemie.<\/p>\n<p><strong>Effecten van 3- 4-Dimethoxy-pro-PHP :<\/strong><\/p>\n<p>De klinische effecten van de meeste nieuwe synthetische drugs, zoals 3-(4-Dimethoxy-pro-PHP), kunnen worden geclassificeerd als stimulerend, hypnotisch of opio\u00efde-achtig. Bovendien krijg je een combinatie van deze effecten met synthetische sideketensubstitutie.<\/p>\n<p><strong>Ongewenste effecten van 3,4-dimethoxy-PHP<\/strong><\/p>\n<p>Het gebruik van 3-4-Dimethoxy-pro-PHP door andere ontwikkelaars kan sterke bijwerkingen hebben; de stof is op geen enkele manier klinisch getest of goedgekeurd als product voor de behandelaar! 3 4-Dimethoxy-pro-PHP is daarom alleen bedoeld voor wetenschappelijk onderzoek en niet voor menselijke consumptie!<\/p>\n<p><strong>Ontdek hoe je drie 4-Dimethoxy-pro-PHP's kunt opslaan<\/strong><\/p>\n<p>3 4-Dimethoxy-pro-PHP bewaren bij een temperatuur van maximaal 30 graden Celsius. 3 4-Dimethoxy-pro-PHP in de oorspronkelijke verpakking bewaren, uit de buurt van direct zonlicht en vocht.<\/p>","protected":false},"excerpt":{"rendered":"<p>Achats en ligne d&rsquo;APHP achetez de l&rsquo;APHP en ligne en utilisant Bitcoin. Le vendeur de bijoux du march\u00e9 noir le plus r\u00e9put\u00e9 aux \u00c9tats-Unis, tel que propos\u00e9 par APHP. Obtenez de l&rsquo;APHP contre Bitcoin via Internet. Le m\u00e9dicament alcalo\u00efde APHP, \u00e9galement connu sous le nom d&rsquo;Alpha-PVP (Crystal), est disponible sous forme de poudre ou de [&hellip;]<\/p>","protected":false},"featured_media":3415,"comment_status":"open","ping_status":"closed","template":"","meta":{"_joinchat":[]},"product_brand":[],"product_cat":[385],"product_tag":[],"class_list":{"0":"post-3387","1":"product","2":"type-product","3":"status-publish","4":"has-post-thumbnail","6":"product_cat-forschung-schemikalien","8":"first","9":"instock","10":"shipping-taxable","11":"purchasable","12":"product-type-variable"},"yoast_head":"<!-- This site is optimized with the Yoast SEO plugin v23.5 - https:\/\/yoast.com\/wordpress\/plugins\/seo\/ -->\n<title>Acheter Aphp en ligne - Aphp \u00e0 vendre - Commander Aphp en ligne<\/title>\n<meta name=\"description\" content=\"Si vous souhaitez acheter Aphp, nous sommes le bon choix pour vous. Notre personnel vous aidera \u00e0 acheter Aphp en ligne \u00e0 des prix avantageux. Passez votre commande chez nous !\" \/>\n<meta name=\"robots\" content=\"index, follow, max-snippet:-1, max-image-preview:large, max-video-preview:-1\" \/>\n<link rel=\"canonical\" href=\"https:\/\/nembutalboutique.com\/nl\/product\/afp-online-kopen\/\" \/>\n<meta property=\"og:locale\" content=\"nl_BE\" \/>\n<meta property=\"og:type\" content=\"article\" \/>\n<meta property=\"og:title\" content=\"Acheter Aphp en ligne - Aphp \u00e0 vendre - Commander Aphp en ligne\" \/>\n<meta property=\"og:description\" content=\"Si vous souhaitez acheter Aphp, nous sommes le bon choix pour vous. Notre personnel vous aidera \u00e0 acheter Aphp en ligne \u00e0 des prix avantageux. Passez votre commande chez nous !\" \/>\n<meta property=\"og:url\" content=\"https:\/\/nembutalboutique.com\/nl\/product\/afp-online-kopen\/\" \/>\n<meta property=\"og:site_name\" content=\"Nembutal Boutique\" \/>\n<meta property=\"article:modified_time\" content=\"2024-09-20T08:11:09+00:00\" \/>\n<meta property=\"og:image\" content=\"https:\/\/nembutalboutique.com\/wp-content\/uploads\/2024\/09\/APHP.gif\" \/>\n\t<meta property=\"og:image:width\" content=\"600\" \/>\n\t<meta property=\"og:image:height\" content=\"600\" \/>\n\t<meta property=\"og:image:type\" content=\"image\/gif\" \/>\n<meta name=\"twitter:card\" content=\"summary_large_image\" \/>\n<meta name=\"twitter:label1\" content=\"Geschatte leestijd\" \/>\n\t<meta name=\"twitter:data1\" content=\"3 minuten\" \/>\n<script type=\"application\/ld+json\" class=\"yoast-schema-graph\">{\"@context\":\"https:\/\/schema.org\",\"@graph\":[{\"@type\":\"WebPage\",\"@id\":\"https:\/\/nembutalboutique.com\/produit\/aphp\/\",\"url\":\"https:\/\/nembutalboutique.com\/produit\/aphp\/\",\"name\":\"Acheter Aphp en ligne - Aphp \u00e0 vendre - Commander Aphp en ligne\",\"isPartOf\":{\"@id\":\"https:\/\/nembutalboutique.com\/#website\"},\"primaryImageOfPage\":{\"@id\":\"https:\/\/nembutalboutique.com\/produit\/aphp\/#primaryimage\"},\"image\":{\"@id\":\"https:\/\/nembutalboutique.com\/produit\/aphp\/#primaryimage\"},\"thumbnailUrl\":\"https:\/\/nembutalboutique.com\/wp-content\/uploads\/2024\/09\/APHP.gif\",\"datePublished\":\"2024-09-16T08:17:23+00:00\",\"dateModified\":\"2024-09-20T08:11:09+00:00\",\"description\":\"Si vous souhaitez acheter Aphp, nous sommes le bon choix pour vous. Notre personnel vous aidera \u00e0 acheter Aphp en ligne \u00e0 des prix avantageux. Passez votre commande chez nous !\",\"breadcrumb\":{\"@id\":\"https:\/\/nembutalboutique.com\/produit\/aphp\/#breadcrumb\"},\"inLanguage\":\"nl-BE\",\"potentialAction\":[{\"@type\":\"ReadAction\",\"target\":[\"https:\/\/nembutalboutique.com\/produit\/aphp\/\"]}]},{\"@type\":\"ImageObject\",\"inLanguage\":\"nl-BE\",\"@id\":\"https:\/\/nembutalboutique.com\/produit\/aphp\/#primaryimage\",\"url\":\"https:\/\/nembutalboutique.com\/wp-content\/uploads\/2024\/09\/APHP.gif\",\"contentUrl\":\"https:\/\/nembutalboutique.com\/wp-content\/uploads\/2024\/09\/APHP.gif\",\"width\":600,\"height\":600,\"caption\":\"Acheter APHP.gif\"},{\"@type\":\"BreadcrumbList\",\"@id\":\"https:\/\/nembutalboutique.com\/produit\/aphp\/#breadcrumb\",\"itemListElement\":[{\"@type\":\"ListItem\",\"position\":1,\"name\":\"Home\",\"item\":\"https:\/\/nembutalboutique.com\/\"},{\"@type\":\"ListItem\",\"position\":2,\"name\":\"Boutique\",\"item\":\"https:\/\/nembutalboutique.com\/shop\/\"},{\"@type\":\"ListItem\",\"position\":3,\"name\":\"APHP\"}]},{\"@type\":\"WebSite\",\"@id\":\"https:\/\/nembutalboutique.com\/#website\",\"url\":\"https:\/\/nembutalboutique.com\/\",\"name\":\"Nembutal Boutique\",\"description\":\"My WordPress Blog\",\"publisher\":{\"@id\":\"https:\/\/nembutalboutique.com\/#organization\"},\"potentialAction\":[{\"@type\":\"SearchAction\",\"target\":{\"@type\":\"EntryPoint\",\"urlTemplate\":\"https:\/\/nembutalboutique.com\/?s={search_term_string}\"},\"query-input\":{\"@type\":\"PropertyValueSpecification\",\"valueRequired\":true,\"valueName\":\"search_term_string\"}}],\"inLanguage\":\"nl-BE\"},{\"@type\":\"Organization\",\"@id\":\"https:\/\/nembutalboutique.com\/#organization\",\"name\":\"Nembutal Boutique\",\"url\":\"https:\/\/nembutalboutique.com\/\",\"logo\":{\"@type\":\"ImageObject\",\"inLanguage\":\"nl-BE\",\"@id\":\"https:\/\/nembutalboutique.com\/#\/schema\/logo\/image\/\",\"url\":\"https:\/\/nembutalboutique.com\/wp-content\/uploads\/2024\/01\/logo.png\",\"contentUrl\":\"https:\/\/nembutalboutique.com\/wp-content\/uploads\/2024\/01\/logo.png\",\"width\":494,\"height\":121,\"caption\":\"Nembutal Boutique\"},\"image\":{\"@id\":\"https:\/\/nembutalboutique.com\/#\/schema\/logo\/image\/\"}}]}<\/script>\n<!-- \/ Yoast SEO plugin. -->","yoast_head_json":{"title":"Aphp online kopen - Aphp te koop - Aphp online bestellen","description":"Als je Aphp wilt kopen, zijn wij de juiste keuze voor jou. Onze medewerkers helpen je Aphp online te kopen tegen geweldige prijzen. Plaats je bestelling bij ons!","robots":{"index":"index","follow":"follow","max-snippet":"max-snippet:-1","max-image-preview":"max-image-preview:large","max-video-preview":"max-video-preview:-1"},"canonical":"https:\/\/nembutalboutique.com\/nl\/product\/afp-online-kopen\/","og_locale":"nl_BE","og_type":"article","og_title":"Acheter Aphp en ligne - Aphp \u00e0 vendre - Commander Aphp en ligne","og_description":"Si vous souhaitez acheter Aphp, nous sommes le bon choix pour vous. Notre personnel vous aidera \u00e0 acheter Aphp en ligne \u00e0 des prix avantageux. Passez votre commande chez nous !","og_url":"https:\/\/nembutalboutique.com\/nl\/product\/afp-online-kopen\/","og_site_name":"Nembutal Boutique","article_modified_time":"2024-09-20T08:11:09+00:00","og_image":[{"width":600,"height":600,"url":"https:\/\/nembutalboutique.com\/wp-content\/uploads\/2024\/09\/APHP.gif","type":"image\/gif"}],"twitter_card":"summary_large_image","twitter_misc":{"Geschatte leestijd":"3 minuten"},"schema":{"@context":"https:\/\/schema.org","@graph":[{"@type":"WebPage","@id":"https:\/\/nembutalboutique.com\/produit\/aphp\/","url":"https:\/\/nembutalboutique.com\/produit\/aphp\/","name":"Aphp online kopen - Aphp te koop - Aphp online bestellen","isPartOf":{"@id":"https:\/\/nembutalboutique.com\/#website"},"primaryImageOfPage":{"@id":"https:\/\/nembutalboutique.com\/produit\/aphp\/#primaryimage"},"image":{"@id":"https:\/\/nembutalboutique.com\/produit\/aphp\/#primaryimage"},"thumbnailUrl":"https:\/\/nembutalboutique.com\/wp-content\/uploads\/2024\/09\/APHP.gif","datePublished":"2024-09-16T08:17:23+00:00","dateModified":"2024-09-20T08:11:09+00:00","description":"Als je Aphp wilt kopen, zijn wij de juiste keuze voor jou. Onze medewerkers helpen je Aphp online te kopen tegen geweldige prijzen. Plaats je bestelling bij ons!","breadcrumb":{"@id":"https:\/\/nembutalboutique.com\/produit\/aphp\/#breadcrumb"},"inLanguage":"nl-BE","potentialAction":[{"@type":"ReadAction","target":["https:\/\/nembutalboutique.com\/produit\/aphp\/"]}]},{"@type":"ImageObject","inLanguage":"nl-BE","@id":"https:\/\/nembutalboutique.com\/produit\/aphp\/#primaryimage","url":"https:\/\/nembutalboutique.com\/wp-content\/uploads\/2024\/09\/APHP.gif","contentUrl":"https:\/\/nembutalboutique.com\/wp-content\/uploads\/2024\/09\/APHP.gif","width":600,"height":600,"caption":"Acheter APHP.gif"},{"@type":"BreadcrumbList","@id":"https:\/\/nembutalboutique.com\/produit\/aphp\/#breadcrumb","itemListElement":[{"@type":"ListItem","position":1,"name":"Home","item":"https:\/\/nembutalboutique.com\/"},{"@type":"ListItem","position":2,"name":"Boutique","item":"https:\/\/nembutalboutique.com\/shop\/"},{"@type":"ListItem","position":3,"name":"APHP"}]},{"@type":"WebSite","@id":"https:\/\/nembutalboutique.com\/#website","url":"https:\/\/nembutalboutique.com\/","name":"Nembutal winkel","description":"Mijn WordPress Blog","publisher":{"@id":"https:\/\/nembutalboutique.com\/#organization"},"potentialAction":[{"@type":"SearchAction","target":{"@type":"EntryPoint","urlTemplate":"https:\/\/nembutalboutique.com\/?s={search_term_string}"},"query-input":{"@type":"PropertyValueSpecification","valueRequired":true,"valueName":"search_term_string"}}],"inLanguage":"nl-BE"},{"@type":"Organization","@id":"https:\/\/nembutalboutique.com\/#organization","name":"Nembutal winkel","url":"https:\/\/nembutalboutique.com\/","logo":{"@type":"ImageObject","inLanguage":"nl-BE","@id":"https:\/\/nembutalboutique.com\/#\/schema\/logo\/image\/","url":"https:\/\/nembutalboutique.com\/wp-content\/uploads\/2024\/01\/logo.png","contentUrl":"https:\/\/nembutalboutique.com\/wp-content\/uploads\/2024\/01\/logo.png","width":494,"height":121,"caption":"Nembutal Boutique"},"image":{"@id":"https:\/\/nembutalboutique.com\/#\/schema\/logo\/image\/"}}]}},"_links":{"self":[{"href":"https:\/\/nembutalboutique.com\/nl\/wp-json\/wp\/v2\/product\/3387"}],"collection":[{"href":"https:\/\/nembutalboutique.com\/nl\/wp-json\/wp\/v2\/product"}],"about":[{"href":"https:\/\/nembutalboutique.com\/nl\/wp-json\/wp\/v2\/types\/product"}],"replies":[{"embeddable":true,"href":"https:\/\/nembutalboutique.com\/nl\/wp-json\/wp\/v2\/comments?post=3387"}],"wp:featuredmedia":[{"embeddable":true,"href":"https:\/\/nembutalboutique.com\/nl\/wp-json\/wp\/v2\/media\/3415"}],"wp:attachment":[{"href":"https:\/\/nembutalboutique.com\/nl\/wp-json\/wp\/v2\/media?parent=3387"}],"wp:term":[{"taxonomy":"product_brand","embeddable":true,"href":"https:\/\/nembutalboutique.com\/nl\/wp-json\/wp\/v2\/product_brand?post=3387"},{"taxonomy":"product_cat","embeddable":true,"href":"https:\/\/nembutalboutique.com\/nl\/wp-json\/wp\/v2\/product_cat?post=3387"},{"taxonomy":"product_tag","embeddable":true,"href":"https:\/\/nembutalboutique.com\/nl\/wp-json\/wp\/v2\/product_tag?post=3387"}],"curies":[{"name":"wp","href":"https:\/\/api.w.org\/{rel}","templated":true}]}}