{"id":3385,"date":"2024-09-16T08:17:23","date_gmt":"2024-09-16T08:17:23","guid":{"rendered":"https:\/\/nembutalboutique.com\/?post_type=product&#038;p=3385"},"modified":"2024-09-24T08:18:13","modified_gmt":"2024-09-24T08:18:13","slug":"mdphp-free-base","status":"publish","type":"product","link":"https:\/\/nembutalboutique.com\/nl\/product\/mdphp-free-base-online-kopen\/","title":{"rendered":"MDPHP GRATIS BASIS"},"content":{"rendered":"<h2>Informatie over grond MDPHP (FREEBASE).<\/h2>\n<p>MDPHP FreeBase: Methylendioxypyrovaleron, vaak bekend als synthetische ftalin, heeft ongetwijfeld stimulerende en hallucinogene eigenschappen.<a href=\"https:\/\/nembutalboutique.com\/produit\/acheter-mdphp-free-base\/\">.<\/a><br \/>\nEen andere naam voor deze zoekverbinding is \"Apenstof\".<\/p>\n<p>Met name van MDPHP (vrije base) wordt gedacht dat het psychoactieve effecten heeft die vergelijkbaar zijn met die van andere stimulerende middelen zoals amfetamine of kakaine. Daarnaast meldden gebruikers dat ze zich euforisch en minder slaperig voelden, en dat ze meer energie, aandacht en waakzaamheid hadden.<\/p>\n<p>MDPHP KORN DATIERUNG IMPERIALS :<\/p>\n<p>Dit kan leiden tot huiduitslag en oogontstekingen. Gooi de chemicali\u00ebn die gebruikt worden in MDPHP FreeBase onderzoek nooit weg in het milieu.<\/p>\n<p>De MDPHP-KORN variant van K\u00f6rshhinweis<\/p>\n<p>INTERACTIE MET AUGEN: Verwijder indien nodig de lenzen en was ze voorzichtig in water gedurende minstens tien tot vijftien minuten. Als de huid in contact komt met water, spoel met water en droog indien mogelijk. INADEMING: Zoek een positie die het ademen vergemakkelijkt, adem frisse lucht in en koop MDPHP FREE BASE.<a href=\"https:\/\/en.wikipedia.org\/wiki\/MDPHP\">.<\/a><\/p>\n<p>Houd stof uit de buurt van warmtebronnen. Houd het buiten het bereik van kinderen en bewaar het in een goede verpakking bij kamertemperatuur op een droge plaats. Onder de bovenstaande omstandigheden is de MDPHP-pomp tot twee jaar houdbaar.<\/p>\n<h3>Heb je vragen over dit product of je bestelling?<\/h3>\n<p>Neem dan onmiddellijk contact op met ons vriendelijke ondersteuningsteam!<\/p>\n<p>Omdat het nog steeds legaal is in veel delen van Europa, levert Chemical Planet graag laboratoriumkwaliteit MDPHP poeder voor jouw onderzoeksbehoeften. Meer technische details zijn hier beschikbaar als bijlage!<\/p>\n<p>3\u2032,4\u2032-Methyleendioxy-\u03b1-pyrrolidinohexiofenon is de IUPAC-naam.<\/p>\n<p>CAS-NR.: 776994-64-0<\/p>\n<p>Formaat : Freebase<\/p>\n<p>NMR analyse: C17H23NO3<\/p>\n<p>Preventieve maatregelen<\/p>\n<p>Bij het werken met MDPHP-poeder op de werkplek is het raadzaam om handschoenen, een veiligheidsbril en een ademhalingsmasker te dragen, omdat het poeder fijn is en per ongeluk in de luchtwegen terecht kan komen.<\/p>\n<p>In het geval van onvrijwillige blootstelling is het raadzaam om het productetiket (inclusief IUPAC- en CAS-informatie) aan gezondheidsprofessionals te verstrekken.<br \/>\nOnbedoeld contact met de ogen moet onmiddellijk worden behandeld door grondig te wassen met water nadat de contactlenzen zijn ontwikkeld.<\/p>\n<h3>Gevaarlijke maatregelen<\/h3>\n<p>MDPHP kan irritatie van de luchtwegen veroorzaken.<br \/>\nMDPHP kan oogirritatie veroorzaken.<br \/>\nHet vrijkomen van onderzoekschemicali\u00ebn in het milieu is verboden.<\/p>\n<p>MDPHP BIJ CONTACT MET DE OGEN: Spoel de ogen zachtjes met water gedurende vijf minuten. Verwijder contactlenzen indien mogelijk.<\/p>\n<p>MDPHP BIJ CONTACT MET DE HUID: Huid wassen met water en zeep.<\/p>\n<p>NA INADEMING VAN MDPHP : Breng het slachtoffer in de frisse lucht en houd hem\/haar in een houding die het ademen vergemakkelijkt.<\/p>\n<h3>Waar kan ik MDPHP kopen?<\/h3>\n<p>Bij kaufennembutal bieden we de hoogste kwaliteit MDPHP die beschikbaar is op laboratoriumniveau met 100 % van Stolz. De beste plaats voor iedereen die onderzoekschemicali\u00ebn wil kopen is kaufennembutal. Er worden uitgebreide GC MS-tests uitgevoerd voordat we onze inventaris te koop aanbieden.<\/p>\n<p>Houd er rekening mee dat u ten minste achttien jaar oud moet zijn om MDPHP online te kopen bij kaufennembutal. Alle onderzoekschemicali\u00ebn die worden verkocht zijn alleen voor laboratoriumonderzoek en zijn nooit bedoeld voor gebruik bij mensen, MDPHP FreeBase.<\/p>\n<h3>Is MDPHP geautoriseerd?<\/h3>\n<p>Met betrekking tot de rechtmatigheid van de MDPHP raden wij u ten zeerste aan om u op de hoogte te stellen van de geldende wetgeving in het land waar u woont en\/of op het afleveradres.<br \/>\nWe nemen alle redelijke stappen om het risico voor onze klanten als gevolg van onze actieve leveringsbeperkingen te beperken.<\/p>\n<p>De wereldwijde omgeving verandert echter voortdurend en buynembutal kan niet verantwoordelijk worden gehouden voor eventuele complicaties die zich kunnen voordoen. Uiteindelijk is het de verantwoordelijkheid van de koper om ervoor te zorgen dat het product geen wetten of rechten van overpad schendt op de plaats van levering.<\/p>","protected":false},"excerpt":{"rendered":"<p>Informations sur le MDPHP moulu (FREEBASE). MDPHP FreeBase : Le m\u00e9thylendioxypyroval\u00e9ron, souvent connu sous le nom de phtal\u00e9ine synth\u00e9tique, poss\u00e8de des propri\u00e9t\u00e9s indubitablement stimulantes et hallucinog\u00e8nes. Un autre nom pour cette connexion de recherche est \u00a0\u00bb Monkey Dust \u00ab\u00a0. En particulier, on pense que le MDPHP (base libre) a des effets psychoactifs comparables \u00e0 d&rsquo;autres [&hellip;]<\/p>","protected":false},"featured_media":3413,"comment_status":"open","ping_status":"closed","template":"","meta":{"_joinchat":[]},"product_brand":[],"product_cat":[387],"product_tag":[],"class_list":{"0":"post-3385","1":"product","2":"type-product","3":"status-publish","4":"has-post-thumbnail","6":"product_cat-cathinone","8":"first","9":"instock","10":"shipping-taxable","11":"purchasable","12":"product-type-variable"},"yoast_head":"<!-- This site is optimized with the Yoast SEO plugin v23.5 - https:\/\/yoast.com\/wordpress\/plugins\/seo\/ -->\n<title>MDPHP FreeBase - MDPHP FreeBase \u00e0 vendre<\/title>\n<meta name=\"description\" content=\"MDPHP FreeBase sur notre boutique en ligne de confiance pour des produits de qualit\u00e9 sup\u00e9rieure. Obtenez MDPHP FreeBase en vente facilement et en toute s\u00e9curit\u00e9 sur notre plateforme pour une satisfaction client ultime. Commandez maintenant !\" \/>\n<meta name=\"robots\" content=\"index, follow, max-snippet:-1, max-image-preview:large, max-video-preview:-1\" \/>\n<link rel=\"canonical\" href=\"https:\/\/nembutalboutique.com\/nl\/product\/mdphp-free-base-online-kopen\/\" \/>\n<meta property=\"og:locale\" content=\"nl_BE\" \/>\n<meta property=\"og:type\" content=\"article\" \/>\n<meta property=\"og:title\" content=\"MDPHP FreeBase - MDPHP FreeBase \u00e0 vendre\" \/>\n<meta property=\"og:description\" content=\"MDPHP FreeBase sur notre boutique en ligne de confiance pour des produits de qualit\u00e9 sup\u00e9rieure. Obtenez MDPHP FreeBase en vente facilement et en toute s\u00e9curit\u00e9 sur notre plateforme pour une satisfaction client ultime. Commandez maintenant !\" \/>\n<meta property=\"og:url\" content=\"https:\/\/nembutalboutique.com\/nl\/product\/mdphp-free-base-online-kopen\/\" \/>\n<meta property=\"og:site_name\" content=\"Nembutal Boutique\" \/>\n<meta property=\"article:modified_time\" content=\"2024-09-24T08:18:13+00:00\" \/>\n<meta property=\"og:image\" content=\"https:\/\/nembutalboutique.com\/wp-content\/uploads\/2024\/09\/MDPHP-Powder-free-base.gif\" \/>\n\t<meta property=\"og:image:width\" content=\"600\" \/>\n\t<meta property=\"og:image:height\" content=\"600\" \/>\n\t<meta property=\"og:image:type\" content=\"image\/gif\" \/>\n<meta name=\"twitter:card\" content=\"summary_large_image\" \/>\n<meta name=\"twitter:label1\" content=\"Geschatte leestijd\" \/>\n\t<meta name=\"twitter:data1\" content=\"4 minuten\" \/>\n<script type=\"application\/ld+json\" class=\"yoast-schema-graph\">{\"@context\":\"https:\/\/schema.org\",\"@graph\":[{\"@type\":\"WebPage\",\"@id\":\"https:\/\/nembutalboutique.com\/produit\/mdphp-free-base\/\",\"url\":\"https:\/\/nembutalboutique.com\/produit\/mdphp-free-base\/\",\"name\":\"MDPHP FreeBase - MDPHP FreeBase \u00e0 vendre\",\"isPartOf\":{\"@id\":\"https:\/\/nembutalboutique.com\/#website\"},\"primaryImageOfPage\":{\"@id\":\"https:\/\/nembutalboutique.com\/produit\/mdphp-free-base\/#primaryimage\"},\"image\":{\"@id\":\"https:\/\/nembutalboutique.com\/produit\/mdphp-free-base\/#primaryimage\"},\"thumbnailUrl\":\"https:\/\/nembutalboutique.com\/wp-content\/uploads\/2024\/09\/MDPHP-Powder-free-base.gif\",\"datePublished\":\"2024-09-16T08:17:23+00:00\",\"dateModified\":\"2024-09-24T08:18:13+00:00\",\"description\":\"MDPHP FreeBase sur notre boutique en ligne de confiance pour des produits de qualit\u00e9 sup\u00e9rieure. Obtenez MDPHP FreeBase en vente facilement et en toute s\u00e9curit\u00e9 sur notre plateforme pour une satisfaction client ultime. Commandez maintenant !\",\"breadcrumb\":{\"@id\":\"https:\/\/nembutalboutique.com\/produit\/mdphp-free-base\/#breadcrumb\"},\"inLanguage\":\"nl-BE\",\"potentialAction\":[{\"@type\":\"ReadAction\",\"target\":[\"https:\/\/nembutalboutique.com\/produit\/mdphp-free-base\/\"]}]},{\"@type\":\"ImageObject\",\"inLanguage\":\"nl-BE\",\"@id\":\"https:\/\/nembutalboutique.com\/produit\/mdphp-free-base\/#primaryimage\",\"url\":\"https:\/\/nembutalboutique.com\/wp-content\/uploads\/2024\/09\/MDPHP-Powder-free-base.gif\",\"contentUrl\":\"https:\/\/nembutalboutique.com\/wp-content\/uploads\/2024\/09\/MDPHP-Powder-free-base.gif\",\"width\":600,\"height\":600,\"caption\":\"Acheter MDPHP-Powder-free-base.gif\"},{\"@type\":\"BreadcrumbList\",\"@id\":\"https:\/\/nembutalboutique.com\/produit\/mdphp-free-base\/#breadcrumb\",\"itemListElement\":[{\"@type\":\"ListItem\",\"position\":1,\"name\":\"Home\",\"item\":\"https:\/\/nembutalboutique.com\/\"},{\"@type\":\"ListItem\",\"position\":2,\"name\":\"Boutique\",\"item\":\"https:\/\/nembutalboutique.com\/shop\/\"},{\"@type\":\"ListItem\",\"position\":3,\"name\":\"MDPHP FREE BASE\"}]},{\"@type\":\"WebSite\",\"@id\":\"https:\/\/nembutalboutique.com\/#website\",\"url\":\"https:\/\/nembutalboutique.com\/\",\"name\":\"Nembutal Boutique\",\"description\":\"My WordPress Blog\",\"publisher\":{\"@id\":\"https:\/\/nembutalboutique.com\/#organization\"},\"potentialAction\":[{\"@type\":\"SearchAction\",\"target\":{\"@type\":\"EntryPoint\",\"urlTemplate\":\"https:\/\/nembutalboutique.com\/?s={search_term_string}\"},\"query-input\":{\"@type\":\"PropertyValueSpecification\",\"valueRequired\":true,\"valueName\":\"search_term_string\"}}],\"inLanguage\":\"nl-BE\"},{\"@type\":\"Organization\",\"@id\":\"https:\/\/nembutalboutique.com\/#organization\",\"name\":\"Nembutal Boutique\",\"url\":\"https:\/\/nembutalboutique.com\/\",\"logo\":{\"@type\":\"ImageObject\",\"inLanguage\":\"nl-BE\",\"@id\":\"https:\/\/nembutalboutique.com\/#\/schema\/logo\/image\/\",\"url\":\"https:\/\/nembutalboutique.com\/wp-content\/uploads\/2024\/01\/logo.png\",\"contentUrl\":\"https:\/\/nembutalboutique.com\/wp-content\/uploads\/2024\/01\/logo.png\",\"width\":494,\"height\":121,\"caption\":\"Nembutal Boutique\"},\"image\":{\"@id\":\"https:\/\/nembutalboutique.com\/#\/schema\/logo\/image\/\"}}]}<\/script>\n<!-- \/ Yoast SEO plugin. -->","yoast_head_json":{"title":"MDPHP FreeBase - MDPHP FreeBase te koop","description":"MDPHP FreeBase in onze vertrouwde online winkel voor producten van topkwaliteit. Koop MDPHP FreeBase eenvoudig en veilig op ons platform voor ultieme klanttevredenheid. Plaats nu uw bestelling!","robots":{"index":"index","follow":"follow","max-snippet":"max-snippet:-1","max-image-preview":"max-image-preview:large","max-video-preview":"max-video-preview:-1"},"canonical":"https:\/\/nembutalboutique.com\/nl\/product\/mdphp-free-base-online-kopen\/","og_locale":"nl_BE","og_type":"article","og_title":"MDPHP FreeBase - MDPHP FreeBase \u00e0 vendre","og_description":"MDPHP FreeBase sur notre boutique en ligne de confiance pour des produits de qualit\u00e9 sup\u00e9rieure. Obtenez MDPHP FreeBase en vente facilement et en toute s\u00e9curit\u00e9 sur notre plateforme pour une satisfaction client ultime. Commandez maintenant !","og_url":"https:\/\/nembutalboutique.com\/nl\/product\/mdphp-free-base-online-kopen\/","og_site_name":"Nembutal Boutique","article_modified_time":"2024-09-24T08:18:13+00:00","og_image":[{"width":600,"height":600,"url":"https:\/\/nembutalboutique.com\/wp-content\/uploads\/2024\/09\/MDPHP-Powder-free-base.gif","type":"image\/gif"}],"twitter_card":"summary_large_image","twitter_misc":{"Geschatte leestijd":"4 minuten"},"schema":{"@context":"https:\/\/schema.org","@graph":[{"@type":"WebPage","@id":"https:\/\/nembutalboutique.com\/produit\/mdphp-free-base\/","url":"https:\/\/nembutalboutique.com\/produit\/mdphp-free-base\/","name":"MDPHP FreeBase - MDPHP FreeBase te koop","isPartOf":{"@id":"https:\/\/nembutalboutique.com\/#website"},"primaryImageOfPage":{"@id":"https:\/\/nembutalboutique.com\/produit\/mdphp-free-base\/#primaryimage"},"image":{"@id":"https:\/\/nembutalboutique.com\/produit\/mdphp-free-base\/#primaryimage"},"thumbnailUrl":"https:\/\/nembutalboutique.com\/wp-content\/uploads\/2024\/09\/MDPHP-Powder-free-base.gif","datePublished":"2024-09-16T08:17:23+00:00","dateModified":"2024-09-24T08:18:13+00:00","description":"MDPHP FreeBase in onze vertrouwde online winkel voor producten van topkwaliteit. Koop MDPHP FreeBase eenvoudig en veilig op ons platform voor ultieme klanttevredenheid. Plaats nu uw bestelling!","breadcrumb":{"@id":"https:\/\/nembutalboutique.com\/produit\/mdphp-free-base\/#breadcrumb"},"inLanguage":"nl-BE","potentialAction":[{"@type":"ReadAction","target":["https:\/\/nembutalboutique.com\/produit\/mdphp-free-base\/"]}]},{"@type":"ImageObject","inLanguage":"nl-BE","@id":"https:\/\/nembutalboutique.com\/produit\/mdphp-free-base\/#primaryimage","url":"https:\/\/nembutalboutique.com\/wp-content\/uploads\/2024\/09\/MDPHP-Powder-free-base.gif","contentUrl":"https:\/\/nembutalboutique.com\/wp-content\/uploads\/2024\/09\/MDPHP-Powder-free-base.gif","width":600,"height":600,"caption":"Acheter MDPHP-Powder-free-base.gif"},{"@type":"BreadcrumbList","@id":"https:\/\/nembutalboutique.com\/produit\/mdphp-free-base\/#breadcrumb","itemListElement":[{"@type":"ListItem","position":1,"name":"Home","item":"https:\/\/nembutalboutique.com\/"},{"@type":"ListItem","position":2,"name":"Boutique","item":"https:\/\/nembutalboutique.com\/shop\/"},{"@type":"ListItem","position":3,"name":"MDPHP FREE BASE"}]},{"@type":"WebSite","@id":"https:\/\/nembutalboutique.com\/#website","url":"https:\/\/nembutalboutique.com\/","name":"Nembutal winkel","description":"Mijn WordPress Blog","publisher":{"@id":"https:\/\/nembutalboutique.com\/#organization"},"potentialAction":[{"@type":"SearchAction","target":{"@type":"EntryPoint","urlTemplate":"https:\/\/nembutalboutique.com\/?s={search_term_string}"},"query-input":{"@type":"PropertyValueSpecification","valueRequired":true,"valueName":"search_term_string"}}],"inLanguage":"nl-BE"},{"@type":"Organization","@id":"https:\/\/nembutalboutique.com\/#organization","name":"Nembutal winkel","url":"https:\/\/nembutalboutique.com\/","logo":{"@type":"ImageObject","inLanguage":"nl-BE","@id":"https:\/\/nembutalboutique.com\/#\/schema\/logo\/image\/","url":"https:\/\/nembutalboutique.com\/wp-content\/uploads\/2024\/01\/logo.png","contentUrl":"https:\/\/nembutalboutique.com\/wp-content\/uploads\/2024\/01\/logo.png","width":494,"height":121,"caption":"Nembutal Boutique"},"image":{"@id":"https:\/\/nembutalboutique.com\/#\/schema\/logo\/image\/"}}]}},"_links":{"self":[{"href":"https:\/\/nembutalboutique.com\/nl\/wp-json\/wp\/v2\/product\/3385"}],"collection":[{"href":"https:\/\/nembutalboutique.com\/nl\/wp-json\/wp\/v2\/product"}],"about":[{"href":"https:\/\/nembutalboutique.com\/nl\/wp-json\/wp\/v2\/types\/product"}],"replies":[{"embeddable":true,"href":"https:\/\/nembutalboutique.com\/nl\/wp-json\/wp\/v2\/comments?post=3385"}],"wp:featuredmedia":[{"embeddable":true,"href":"https:\/\/nembutalboutique.com\/nl\/wp-json\/wp\/v2\/media\/3413"}],"wp:attachment":[{"href":"https:\/\/nembutalboutique.com\/nl\/wp-json\/wp\/v2\/media?parent=3385"}],"wp:term":[{"taxonomy":"product_brand","embeddable":true,"href":"https:\/\/nembutalboutique.com\/nl\/wp-json\/wp\/v2\/product_brand?post=3385"},{"taxonomy":"product_cat","embeddable":true,"href":"https:\/\/nembutalboutique.com\/nl\/wp-json\/wp\/v2\/product_cat?post=3385"},{"taxonomy":"product_tag","embeddable":true,"href":"https:\/\/nembutalboutique.com\/nl\/wp-json\/wp\/v2\/product_tag?post=3385"}],"curies":[{"name":"wp","href":"https:\/\/api.w.org\/{rel}","templated":true}]}}