{"id":3384,"date":"2024-09-16T08:17:23","date_gmt":"2024-09-16T08:17:23","guid":{"rendered":"https:\/\/nembutalboutique.com\/?post_type=product&#038;p=3384"},"modified":"2024-09-20T05:00:17","modified_gmt":"2024-09-20T05:00:17","slug":"mdphp-hcl","status":"publish","type":"product","link":"https:\/\/nembutalboutique.com\/nl\/product\/mdphp-hcl-kopen\/","title":{"rendered":"MDPHP HCL"},"content":{"rendered":"<h2>MDPHP HCL kopen.<\/h2>\n<p>MDPHP HCL Buy is nauw verwant aan het stimulerende middel MDPV, dat in de jaren 1960 populair werd nadat het was ontdekt door een Duits farmaceutisch bedrijf.<a href=\"https:\/\/nembutalboutique.com\/produit\/mdphp-hcl\/\">.<\/a><\/p>\n<p>MDPHP, ook bekend als 'Affenstaub' of 3\u2032,4\u2032-methylendioxy-\u03b1-pyrrolidinohexiofenon, werkt als een NDRI en ziet eruit als een zeer fijn kristallijn poeder in de vorm van hydrochloride (HCL). Uitgebreide studies en online fora hebben informatie gepubliceerd over MDPHP en de effecten ervan; het is echter nog niet bekend of het in de toekomst legaal zal worden en of het zal worden opgenomen in het Opiumgesetz. Omdat het nog steeds legaal is in veel delen van Europa, levert NembuKauFlog graag laboratoriumkwaliteit MDPHP poeder voor je onderzoeksbehoeften. Je kunt hier een verzameling aanvullende technische details voor evaluatie vinden!<\/p>\n<p><strong>Veiligheidsaanwijzing<\/strong><\/p>\n<p>Aangezien het poeder <a href=\"https:\/\/en.wikipedia.org\/wiki\/MDPHP\">MDPHP<\/a> is een fijn poeder dat gemakkelijk wordt geabsorbeerd in de lucht, is het raadzaam om handschoenen, veiligheidsbrillen en ademhalingsmaskers te dragen bij het hanteren van voorwerpen in de lucht op de werkplek om onopzettelijk letsel te voorkomen. In het geval van onopzettelijke blootstelling wordt beroepsbeoefenaren in de gezondheidszorg ook geadviseerd om het productetiket met IUPAC- en CAS-informatie te laten zien. Aankoop van MDPHP HCL.<\/p>\n<p>Als er per ongeluk deeltjes in de ogen komen, moeten deze onmiddellijk worden verwijderd en moet het getroffen gebied grondig met water worden gewassen.<\/p>\n<h3>Waar kan ik MDPHP HCL kopen?<\/h3>\n<p>Bij Buyen Nembutal zijn we verheugd dat we de beste laboratoriumkwaliteit MDPHP HCL op de markt kunnen leveren. De beste bron voor onderzoekschemicali\u00ebn is Buyen Nembutal. We voeren strenge GC-MS testen uit voordat we onze producten te koop aanbieden.<\/p>\n<p>Houd er rekening mee dat je minstens tien jaar oud moet zijn. Niet alle beschikbare onderzoekschemicali\u00ebn worden in het algemeen aanbevolen voor menselijk gebruik; in plaats daarvan mogen ze alleen worden gebruikt voor laboratoriumonderzoek.<\/p>\n<h3>Is de HCL MDPHP goedgekeurd?<\/h3>\n<p>Wij raden u ten sterkste aan om na te gaan of de HCL MDPHP legaal is door de geldende wetgeving in uw land van herkomst of afleveradres te controleren.<\/p>\n<p>In het licht van onze huidige verzendbeperkingen nemen we alle redelijke stappen om het risico voor onze klanten te beperken.<\/p>\n<p>Omdat de wetgeving over de hele wereld echter voortdurend verandert, kan NembuKauFlog niet verantwoordelijk worden gehouden voor problemen die zich kunnen voordoen. Uiteindelijk is het de verantwoordelijkheid van de koper om ervoor te zorgen dat het product voldoet aan alle toepasselijke regels en voorschriften die zijn opgesteld door de leverancier.<\/p>\n<h3>Waar kan ik MDPHP kopen?<\/h3>\n<p>Bij het kopen van nembutal bieden we de hoogste kwaliteit MDPHP die beschikbaar is op laboratoriumniveau, met alle Stolz. De beste plek voor iedereen die onderzoekschemicali\u00ebn wil kopen is Nembutal kopen. Er worden uitgebreide GC MS-tests uitgevoerd voordat we onze inventaris te koop aanbieden.<\/p>\n<p>Houd er rekening mee dat u ten minste achttien jaar oud moet zijn om MDPHP te gebruiken om nembutal online te kopen. Alle onderzoekschemicali\u00ebn die worden verkocht zijn alleen bedoeld voor gebruik in laboratoriumonderzoek en zijn nooit bedoeld voor gebruik op mensen.<\/p>\n<h3>Is MDPHP geautoriseerd?<\/h3>\n<p>Met betrekking tot de rechtmatigheid van de MDPHP raden wij u ten zeerste aan om u op de hoogte te stellen van de geldende wetgeving in het land waar u woont en\/of op het afleveradres.<\/p>\n<p>We nemen alle redelijke stappen om het risico voor onze klanten te beperken door onze actieve leveringsbeperkingen. De wereldwijde omgeving verandert echter voortdurend en Buyen Nembutal aanvaardt geen verantwoordelijkheid voor eventuele complicaties. Uiteindelijk is het de verantwoordelijkheid van de koper om ervoor te zorgen dat het product geen wetten of doorgangsrechten schendt op de plaats van levering.<\/p>","protected":false},"excerpt":{"rendered":"<p>MD-PHP is een stof die we alleen verkopen voor onderzoeksdoeleinden en is daarom niet bedoeld voor mpt . MD-PHP kan tot 2 jaar worden bestudeerd als het in een geschikte omgeving wordt bewaard.<\/p>\n<p>Omdat MDPHP alleen bedoeld is voor onderzoek en niet voor mpt , is het belangrijk dat MDPHP buiten het bereik van kinderen en huisdieren wordt gehouden.<\/p>","protected":false},"featured_media":3534,"comment_status":"open","ping_status":"closed","template":"","meta":{"_joinchat":[]},"product_brand":[],"product_cat":[387],"product_tag":[],"class_list":{"0":"post-3384","1":"product","2":"type-product","3":"status-publish","4":"has-post-thumbnail","6":"product_cat-cathinone","8":"first","9":"instock","10":"shipping-taxable","11":"purchasable","12":"product-type-variable"},"yoast_head":"<!-- This site is optimized with the Yoast SEO plugin v23.5 - https:\/\/yoast.com\/wordpress\/plugins\/seo\/ -->\n<title>Acheter MDPHP HCL en ligne - MDPHP HCL \u00e0 vendre en ligne<\/title>\n<meta name=\"description\" content=\"Achetez du MDPHP HCL en vente dans l&#039;un des meilleurs magasins en ligne. Nous vous aiderons \u00e0 acheter du MDPHP HCL en ligne de haute qualit\u00e9. Ne tardez pas \u00e0 passer votre commande et profitez des derni\u00e8res r\u00e9ductions !\" \/>\n<meta name=\"robots\" content=\"index, follow, max-snippet:-1, max-image-preview:large, max-video-preview:-1\" \/>\n<link rel=\"canonical\" href=\"https:\/\/nembutalboutique.com\/nl\/product\/mdphp-hcl-kopen\/\" \/>\n<meta property=\"og:locale\" content=\"nl_BE\" \/>\n<meta property=\"og:type\" content=\"article\" \/>\n<meta property=\"og:title\" content=\"Acheter MDPHP HCL en ligne - MDPHP HCL \u00e0 vendre en ligne\" \/>\n<meta property=\"og:description\" content=\"Achetez du MDPHP HCL en vente dans l&#039;un des meilleurs magasins en ligne. Nous vous aiderons \u00e0 acheter du MDPHP HCL en ligne de haute qualit\u00e9. Ne tardez pas \u00e0 passer votre commande et profitez des derni\u00e8res r\u00e9ductions !\" \/>\n<meta property=\"og:url\" content=\"https:\/\/nembutalboutique.com\/nl\/product\/mdphp-hcl-kopen\/\" \/>\n<meta property=\"og:site_name\" content=\"Nembutal Boutique\" \/>\n<meta property=\"article:modified_time\" content=\"2024-09-20T05:00:17+00:00\" \/>\n<meta property=\"og:image\" content=\"https:\/\/nembutalboutique.com\/wp-content\/uploads\/2024\/09\/mdphp-hcl-.jpg\" \/>\n\t<meta property=\"og:image:width\" content=\"1104\" \/>\n\t<meta property=\"og:image:height\" content=\"1108\" \/>\n\t<meta property=\"og:image:type\" content=\"image\/jpeg\" \/>\n<meta name=\"twitter:card\" content=\"summary_large_image\" \/>\n<meta name=\"twitter:label1\" content=\"Geschatte leestijd\" \/>\n\t<meta name=\"twitter:data1\" content=\"3 minuten\" \/>\n<script type=\"application\/ld+json\" class=\"yoast-schema-graph\">{\"@context\":\"https:\/\/schema.org\",\"@graph\":[{\"@type\":\"WebPage\",\"@id\":\"https:\/\/nembutalboutique.com\/produit\/mdphp-hcl\/\",\"url\":\"https:\/\/nembutalboutique.com\/produit\/mdphp-hcl\/\",\"name\":\"Acheter MDPHP HCL en ligne - MDPHP HCL \u00e0 vendre en ligne\",\"isPartOf\":{\"@id\":\"https:\/\/nembutalboutique.com\/#website\"},\"primaryImageOfPage\":{\"@id\":\"https:\/\/nembutalboutique.com\/produit\/mdphp-hcl\/#primaryimage\"},\"image\":{\"@id\":\"https:\/\/nembutalboutique.com\/produit\/mdphp-hcl\/#primaryimage\"},\"thumbnailUrl\":\"https:\/\/nembutalboutique.com\/wp-content\/uploads\/2024\/09\/mdphp-hcl-.jpg\",\"datePublished\":\"2024-09-16T08:17:23+00:00\",\"dateModified\":\"2024-09-20T05:00:17+00:00\",\"description\":\"Achetez du MDPHP HCL en vente dans l'un des meilleurs magasins en ligne. Nous vous aiderons \u00e0 acheter du MDPHP HCL en ligne de haute qualit\u00e9. Ne tardez pas \u00e0 passer votre commande et profitez des derni\u00e8res r\u00e9ductions !\",\"breadcrumb\":{\"@id\":\"https:\/\/nembutalboutique.com\/produit\/mdphp-hcl\/#breadcrumb\"},\"inLanguage\":\"nl-BE\",\"potentialAction\":[{\"@type\":\"ReadAction\",\"target\":[\"https:\/\/nembutalboutique.com\/produit\/mdphp-hcl\/\"]}]},{\"@type\":\"ImageObject\",\"inLanguage\":\"nl-BE\",\"@id\":\"https:\/\/nembutalboutique.com\/produit\/mdphp-hcl\/#primaryimage\",\"url\":\"https:\/\/nembutalboutique.com\/wp-content\/uploads\/2024\/09\/mdphp-hcl-.jpg\",\"contentUrl\":\"https:\/\/nembutalboutique.com\/wp-content\/uploads\/2024\/09\/mdphp-hcl-.jpg\",\"width\":1104,\"height\":1108,\"caption\":\"MDPHP-HCL\"},{\"@type\":\"BreadcrumbList\",\"@id\":\"https:\/\/nembutalboutique.com\/produit\/mdphp-hcl\/#breadcrumb\",\"itemListElement\":[{\"@type\":\"ListItem\",\"position\":1,\"name\":\"Home\",\"item\":\"https:\/\/nembutalboutique.com\/\"},{\"@type\":\"ListItem\",\"position\":2,\"name\":\"Boutique\",\"item\":\"https:\/\/nembutalboutique.com\/shop\/\"},{\"@type\":\"ListItem\",\"position\":3,\"name\":\"MDPHP HCL\"}]},{\"@type\":\"WebSite\",\"@id\":\"https:\/\/nembutalboutique.com\/#website\",\"url\":\"https:\/\/nembutalboutique.com\/\",\"name\":\"Nembutal Boutique\",\"description\":\"My WordPress Blog\",\"publisher\":{\"@id\":\"https:\/\/nembutalboutique.com\/#organization\"},\"potentialAction\":[{\"@type\":\"SearchAction\",\"target\":{\"@type\":\"EntryPoint\",\"urlTemplate\":\"https:\/\/nembutalboutique.com\/?s={search_term_string}\"},\"query-input\":{\"@type\":\"PropertyValueSpecification\",\"valueRequired\":true,\"valueName\":\"search_term_string\"}}],\"inLanguage\":\"nl-BE\"},{\"@type\":\"Organization\",\"@id\":\"https:\/\/nembutalboutique.com\/#organization\",\"name\":\"Nembutal Boutique\",\"url\":\"https:\/\/nembutalboutique.com\/\",\"logo\":{\"@type\":\"ImageObject\",\"inLanguage\":\"nl-BE\",\"@id\":\"https:\/\/nembutalboutique.com\/#\/schema\/logo\/image\/\",\"url\":\"https:\/\/nembutalboutique.com\/wp-content\/uploads\/2024\/01\/logo.png\",\"contentUrl\":\"https:\/\/nembutalboutique.com\/wp-content\/uploads\/2024\/01\/logo.png\",\"width\":494,\"height\":121,\"caption\":\"Nembutal Boutique\"},\"image\":{\"@id\":\"https:\/\/nembutalboutique.com\/#\/schema\/logo\/image\/\"}}]}<\/script>\n<!-- \/ Yoast SEO plugin. -->","yoast_head_json":{"title":"MDPHP HCL online kopen - MDPHP HCL online te koop","description":"Koop MDPHP HCL te koop bij een van de beste online winkels. Wij helpen u bij het online kopen van hoge kwaliteit MDPHP HCL. Wacht niet te lang met het plaatsen van je bestelling en profiteer van de nieuwste kortingen!","robots":{"index":"index","follow":"follow","max-snippet":"max-snippet:-1","max-image-preview":"max-image-preview:large","max-video-preview":"max-video-preview:-1"},"canonical":"https:\/\/nembutalboutique.com\/nl\/product\/mdphp-hcl-kopen\/","og_locale":"nl_BE","og_type":"article","og_title":"Acheter MDPHP HCL en ligne - MDPHP HCL \u00e0 vendre en ligne","og_description":"Achetez du MDPHP HCL en vente dans l'un des meilleurs magasins en ligne. Nous vous aiderons \u00e0 acheter du MDPHP HCL en ligne de haute qualit\u00e9. Ne tardez pas \u00e0 passer votre commande et profitez des derni\u00e8res r\u00e9ductions !","og_url":"https:\/\/nembutalboutique.com\/nl\/product\/mdphp-hcl-kopen\/","og_site_name":"Nembutal Boutique","article_modified_time":"2024-09-20T05:00:17+00:00","og_image":[{"width":1104,"height":1108,"url":"https:\/\/nembutalboutique.com\/wp-content\/uploads\/2024\/09\/mdphp-hcl-.jpg","type":"image\/jpeg"}],"twitter_card":"summary_large_image","twitter_misc":{"Geschatte leestijd":"3 minuten"},"schema":{"@context":"https:\/\/schema.org","@graph":[{"@type":"WebPage","@id":"https:\/\/nembutalboutique.com\/produit\/mdphp-hcl\/","url":"https:\/\/nembutalboutique.com\/produit\/mdphp-hcl\/","name":"MDPHP HCL online kopen - MDPHP HCL online te koop","isPartOf":{"@id":"https:\/\/nembutalboutique.com\/#website"},"primaryImageOfPage":{"@id":"https:\/\/nembutalboutique.com\/produit\/mdphp-hcl\/#primaryimage"},"image":{"@id":"https:\/\/nembutalboutique.com\/produit\/mdphp-hcl\/#primaryimage"},"thumbnailUrl":"https:\/\/nembutalboutique.com\/wp-content\/uploads\/2024\/09\/mdphp-hcl-.jpg","datePublished":"2024-09-16T08:17:23+00:00","dateModified":"2024-09-20T05:00:17+00:00","description":"Koop MDPHP HCL te koop bij een van de beste online winkels. Wij helpen u bij het online kopen van hoge kwaliteit MDPHP HCL. Wacht niet te lang met het plaatsen van je bestelling en profiteer van de nieuwste kortingen!","breadcrumb":{"@id":"https:\/\/nembutalboutique.com\/produit\/mdphp-hcl\/#breadcrumb"},"inLanguage":"nl-BE","potentialAction":[{"@type":"ReadAction","target":["https:\/\/nembutalboutique.com\/produit\/mdphp-hcl\/"]}]},{"@type":"ImageObject","inLanguage":"nl-BE","@id":"https:\/\/nembutalboutique.com\/produit\/mdphp-hcl\/#primaryimage","url":"https:\/\/nembutalboutique.com\/wp-content\/uploads\/2024\/09\/mdphp-hcl-.jpg","contentUrl":"https:\/\/nembutalboutique.com\/wp-content\/uploads\/2024\/09\/mdphp-hcl-.jpg","width":1104,"height":1108,"caption":"MDPHP-HCL"},{"@type":"BreadcrumbList","@id":"https:\/\/nembutalboutique.com\/produit\/mdphp-hcl\/#breadcrumb","itemListElement":[{"@type":"ListItem","position":1,"name":"Home","item":"https:\/\/nembutalboutique.com\/"},{"@type":"ListItem","position":2,"name":"Boutique","item":"https:\/\/nembutalboutique.com\/shop\/"},{"@type":"ListItem","position":3,"name":"MDPHP HCL"}]},{"@type":"WebSite","@id":"https:\/\/nembutalboutique.com\/#website","url":"https:\/\/nembutalboutique.com\/","name":"Nembutal winkel","description":"Mijn WordPress Blog","publisher":{"@id":"https:\/\/nembutalboutique.com\/#organization"},"potentialAction":[{"@type":"SearchAction","target":{"@type":"EntryPoint","urlTemplate":"https:\/\/nembutalboutique.com\/?s={search_term_string}"},"query-input":{"@type":"PropertyValueSpecification","valueRequired":true,"valueName":"search_term_string"}}],"inLanguage":"nl-BE"},{"@type":"Organization","@id":"https:\/\/nembutalboutique.com\/#organization","name":"Nembutal winkel","url":"https:\/\/nembutalboutique.com\/","logo":{"@type":"ImageObject","inLanguage":"nl-BE","@id":"https:\/\/nembutalboutique.com\/#\/schema\/logo\/image\/","url":"https:\/\/nembutalboutique.com\/wp-content\/uploads\/2024\/01\/logo.png","contentUrl":"https:\/\/nembutalboutique.com\/wp-content\/uploads\/2024\/01\/logo.png","width":494,"height":121,"caption":"Nembutal Boutique"},"image":{"@id":"https:\/\/nembutalboutique.com\/#\/schema\/logo\/image\/"}}]}},"_links":{"self":[{"href":"https:\/\/nembutalboutique.com\/nl\/wp-json\/wp\/v2\/product\/3384"}],"collection":[{"href":"https:\/\/nembutalboutique.com\/nl\/wp-json\/wp\/v2\/product"}],"about":[{"href":"https:\/\/nembutalboutique.com\/nl\/wp-json\/wp\/v2\/types\/product"}],"replies":[{"embeddable":true,"href":"https:\/\/nembutalboutique.com\/nl\/wp-json\/wp\/v2\/comments?post=3384"}],"wp:featuredmedia":[{"embeddable":true,"href":"https:\/\/nembutalboutique.com\/nl\/wp-json\/wp\/v2\/media\/3534"}],"wp:attachment":[{"href":"https:\/\/nembutalboutique.com\/nl\/wp-json\/wp\/v2\/media?parent=3384"}],"wp:term":[{"taxonomy":"product_brand","embeddable":true,"href":"https:\/\/nembutalboutique.com\/nl\/wp-json\/wp\/v2\/product_brand?post=3384"},{"taxonomy":"product_cat","embeddable":true,"href":"https:\/\/nembutalboutique.com\/nl\/wp-json\/wp\/v2\/product_cat?post=3384"},{"taxonomy":"product_tag","embeddable":true,"href":"https:\/\/nembutalboutique.com\/nl\/wp-json\/wp\/v2\/product_tag?post=3384"}],"curies":[{"name":"wp","href":"https:\/\/api.w.org\/{rel}","templated":true}]}}