{"id":3375,"date":"2024-09-16T08:17:14","date_gmt":"2024-09-16T08:17:14","guid":{"rendered":"https:\/\/nembutalboutique.com\/?post_type=product&#038;p=3375"},"modified":"2024-09-20T08:09:39","modified_gmt":"2024-09-20T08:09:39","slug":"jwh-250","status":"publish","type":"product","link":"https:\/\/nembutalboutique.com\/nl\/product\/jwh-250-kopen\/","title":{"rendered":"JWH-250"},"content":{"rendered":"<h2>| JWH-250 online kopen JWH-250<\/h2>\n<p>Buy, BuyNembuta is het eerste bedrijf dat JWH-018 levert, een synthetische chemische stof voor cannabisonderzoek die ook bekend staat als 1-pentyl-3-(1-naphthoyl)indol.<\/p>\n<p>Gebaseerd op carbazool en het carbazoolequivalent van <a href=\"https:\/\/nembutalboutique.com\/produit\/acheter-jwh-250\/\">JWH-250<\/a>is een cannabino\u00efde. Dit maakt het nuttig voor onderzoekers die werken in landen waar andere cannabisderivaten gereguleerd zijn. Er is een relatieve CB1\/CB2-activiteit, vergelijkbaar met die van THJ-018 en AB-PINACA, die nu voor onderzoekers interessant is, deze kunst van de meest interessante synthetische cannabino\u00efden. JWH-250 online kopen.<\/p>\n<h3>Beste website om JWH-250 online te kopen<\/h3>\n<p>Onderzoekers kunnen studies uitvoeren om de fundamentele eigenschappen van het materiaal te bepalen, zoals het smelt- en kookpunt, en om te observeren hoe deze eigenschappen verschillen van die van andere stoffen van dezelfde aard.<\/p>\n<p>EG-018 is verkrijgbaar bij EZRC als een cr\u00e8mekleurig poeder met een hoge resolutie.<br \/>\nDe pijnstillende chemische stof JWH-018 1-Pentyl-3-(1-naftoyl)indol behoort tot de naftoyllindol familie, die een matige selectiviteit heeft voor de CB-cannabino\u00efde. Het werkt als een volledige CB- en CB-receptorantagonist. Het heeft bij dieren effecten die vergelijkbaar zijn met die van THC (tetrahydrocannabinol). Een plantaardige cannabino\u00efde in cannabis. Dit leidt tot het gebruik ervan in synthetische cannabisproducten zoals \"legale raucher cannabismengsels\", die legitiem op de markt worden gebracht als \"raucherst\u00e4bchen\" en in sommige landen worden aangeduid als \"niet voor menselijke consumptie\". kopen <a href=\"https:\/\/en.wikipedia.org\/wiki\/JWH-250\">JWH-250<\/a> online.<\/p>\n<h3>Koop JWH250 dus veilig online.<\/h3>\n<p>JWH-018 gaat volledig antagonistische interacties aan met beide CB-receptoren, JWH-250 Buy.<br \/>\nJWH 250 kopen<br \/>\nJWH-250 is een synthetische cannabino\u00efde die in verschillende vormen voorkomt in het mengsel dat ze 'Zest' hebben genoemd. Het gebruik van deze van kruiden afgeleide cannabino\u00efden brengt de psychoactieve effecten met zich mee, die die van \u03949-THC in cannabis nabootsen. Hoewel JWH-250 veel sterker is dan vrijwel identieke maten cannabis, is er nog steeds een significante test voor identificatie door gedeelde \u03949-THC testen.<\/p>\n<p>De Amerikaanse Drug Administration (DEA) heeft JWH-250 in juli 2009 toegevoegd aan de lijst van gevaarlijke farmaceutische en synthetische stoffen. Ondanks de spice fondsen die in Ohio en Florida aan het licht kwamen, hebben een aantal federale staten, waaronder Alabama, Arkansas, Georgia, Kansas, Kentucky, North Dakota en Tennessee, belangrijke wetten ge\u00efmplementeerd die de verkoop of het bezit van JWH-250 beperken.<\/p>\n<p>Elke keer meldden de media een incident van verslaving aan JWH-018. De klant gebruikte JWH-018 zeer lang, dag na dag. De ontwenningsverschijnselen waren ernstiger dan die veroorzaakt door cannabisverslaving. JWH-018 is online te koop om volgens de organisatie significante veranderingen teweeg te brengen in de CB1-Rezeptor-Dicke, waardoor de desensibilisatie van de leden ervan voor een erkende cannabino\u00efde wordt versneld.<\/p>","protected":false},"excerpt":{"rendered":"<p>Vente JWH-250 | Acheter JWH-250 en ligne JWH-250 Acheter, AcheterNembuta est la premi\u00e8re entreprise \u00e0 fournir JWH-018, un produit chimique de recherche synth\u00e9tique sur le cannabis \u00e9galement connu sous le nom de 1-pentyl-3-(1-naphthoyl)indol. Bas\u00e9 sur le carbazole et l&rsquo;\u00e9quivalent carbazole du JWH-250, c&rsquo;est un cannabino\u00efde. Cela le rend utile pour les chercheurs op\u00e9rant dans les [&hellip;]<\/p>","protected":false},"featured_media":3381,"comment_status":"open","ping_status":"closed","template":"","meta":{"_joinchat":[]},"product_brand":[],"product_cat":[385],"product_tag":[],"class_list":{"0":"post-3375","1":"product","2":"type-product","3":"status-publish","4":"has-post-thumbnail","6":"product_cat-forschung-schemikalien","8":"first","9":"instock","10":"shipping-taxable","11":"purchasable","12":"product-type-variable"},"yoast_head":"<!-- This site is optimized with the Yoast SEO plugin v23.5 - https:\/\/yoast.com\/wordpress\/plugins\/seo\/ -->\n<title>Achetez JWH-250 en ligne - JWH-250 \u00e0 vendre<\/title>\n<meta name=\"description\" content=\"D\u00e9couvrez la poudre JWH-250 de qualit\u00e9 sup\u00e9rieure en vente dans notre boutique en ligne - achetez la poudre JWH-250 de mani\u00e8re pratique et s\u00e9curis\u00e9e pour alimenter vos recherches. Explorez et achetez JWH-250 en ligne, pour faire progresser vos efforts scientifiques en toute simplicit\u00e9. Commandez maintenant !\" \/>\n<meta name=\"robots\" content=\"index, follow, max-snippet:-1, max-image-preview:large, max-video-preview:-1\" \/>\n<link rel=\"canonical\" href=\"https:\/\/nembutalboutique.com\/nl\/product\/jwh-250-kopen\/\" \/>\n<meta property=\"og:locale\" content=\"nl_BE\" \/>\n<meta property=\"og:type\" content=\"article\" \/>\n<meta property=\"og:title\" content=\"Achetez JWH-250 en ligne - JWH-250 \u00e0 vendre\" \/>\n<meta property=\"og:description\" content=\"D\u00e9couvrez la poudre JWH-250 de qualit\u00e9 sup\u00e9rieure en vente dans notre boutique en ligne - achetez la poudre JWH-250 de mani\u00e8re pratique et s\u00e9curis\u00e9e pour alimenter vos recherches. Explorez et achetez JWH-250 en ligne, pour faire progresser vos efforts scientifiques en toute simplicit\u00e9. Commandez maintenant !\" \/>\n<meta property=\"og:url\" content=\"https:\/\/nembutalboutique.com\/nl\/product\/jwh-250-kopen\/\" \/>\n<meta property=\"og:site_name\" content=\"Nembutal Boutique\" \/>\n<meta property=\"article:modified_time\" content=\"2024-09-20T08:09:39+00:00\" \/>\n<meta property=\"og:image\" content=\"https:\/\/nembutalboutique.com\/wp-content\/uploads\/2024\/09\/jwh-250.gif\" \/>\n\t<meta property=\"og:image:width\" content=\"600\" \/>\n\t<meta property=\"og:image:height\" content=\"600\" \/>\n\t<meta property=\"og:image:type\" content=\"image\/gif\" \/>\n<meta name=\"twitter:card\" content=\"summary_large_image\" \/>\n<meta name=\"twitter:label1\" content=\"Geschatte leestijd\" \/>\n\t<meta name=\"twitter:data1\" content=\"3 minuten\" \/>\n<script type=\"application\/ld+json\" class=\"yoast-schema-graph\">{\"@context\":\"https:\/\/schema.org\",\"@graph\":[{\"@type\":\"WebPage\",\"@id\":\"https:\/\/nembutalboutique.com\/produit\/jwh-250\/\",\"url\":\"https:\/\/nembutalboutique.com\/produit\/jwh-250\/\",\"name\":\"Achetez JWH-250 en ligne - JWH-250 \u00e0 vendre\",\"isPartOf\":{\"@id\":\"https:\/\/nembutalboutique.com\/#website\"},\"primaryImageOfPage\":{\"@id\":\"https:\/\/nembutalboutique.com\/produit\/jwh-250\/#primaryimage\"},\"image\":{\"@id\":\"https:\/\/nembutalboutique.com\/produit\/jwh-250\/#primaryimage\"},\"thumbnailUrl\":\"https:\/\/nembutalboutique.com\/wp-content\/uploads\/2024\/09\/jwh-250.gif\",\"datePublished\":\"2024-09-16T08:17:14+00:00\",\"dateModified\":\"2024-09-20T08:09:39+00:00\",\"description\":\"D\u00e9couvrez la poudre JWH-250 de qualit\u00e9 sup\u00e9rieure en vente dans notre boutique en ligne - achetez la poudre JWH-250 de mani\u00e8re pratique et s\u00e9curis\u00e9e pour alimenter vos recherches. Explorez et achetez JWH-250 en ligne, pour faire progresser vos efforts scientifiques en toute simplicit\u00e9. Commandez maintenant !\",\"breadcrumb\":{\"@id\":\"https:\/\/nembutalboutique.com\/produit\/jwh-250\/#breadcrumb\"},\"inLanguage\":\"nl-BE\",\"potentialAction\":[{\"@type\":\"ReadAction\",\"target\":[\"https:\/\/nembutalboutique.com\/produit\/jwh-250\/\"]}]},{\"@type\":\"ImageObject\",\"inLanguage\":\"nl-BE\",\"@id\":\"https:\/\/nembutalboutique.com\/produit\/jwh-250\/#primaryimage\",\"url\":\"https:\/\/nembutalboutique.com\/wp-content\/uploads\/2024\/09\/jwh-250.gif\",\"contentUrl\":\"https:\/\/nembutalboutique.com\/wp-content\/uploads\/2024\/09\/jwh-250.gif\",\"width\":600,\"height\":600,\"caption\":\"Acheter jwh-250.gif\"},{\"@type\":\"BreadcrumbList\",\"@id\":\"https:\/\/nembutalboutique.com\/produit\/jwh-250\/#breadcrumb\",\"itemListElement\":[{\"@type\":\"ListItem\",\"position\":1,\"name\":\"Home\",\"item\":\"https:\/\/nembutalboutique.com\/\"},{\"@type\":\"ListItem\",\"position\":2,\"name\":\"Boutique\",\"item\":\"https:\/\/nembutalboutique.com\/shop\/\"},{\"@type\":\"ListItem\",\"position\":3,\"name\":\"JWH-250\"}]},{\"@type\":\"WebSite\",\"@id\":\"https:\/\/nembutalboutique.com\/#website\",\"url\":\"https:\/\/nembutalboutique.com\/\",\"name\":\"Nembutal Boutique\",\"description\":\"My WordPress Blog\",\"publisher\":{\"@id\":\"https:\/\/nembutalboutique.com\/#organization\"},\"potentialAction\":[{\"@type\":\"SearchAction\",\"target\":{\"@type\":\"EntryPoint\",\"urlTemplate\":\"https:\/\/nembutalboutique.com\/?s={search_term_string}\"},\"query-input\":{\"@type\":\"PropertyValueSpecification\",\"valueRequired\":true,\"valueName\":\"search_term_string\"}}],\"inLanguage\":\"nl-BE\"},{\"@type\":\"Organization\",\"@id\":\"https:\/\/nembutalboutique.com\/#organization\",\"name\":\"Nembutal Boutique\",\"url\":\"https:\/\/nembutalboutique.com\/\",\"logo\":{\"@type\":\"ImageObject\",\"inLanguage\":\"nl-BE\",\"@id\":\"https:\/\/nembutalboutique.com\/#\/schema\/logo\/image\/\",\"url\":\"https:\/\/nembutalboutique.com\/wp-content\/uploads\/2024\/01\/logo.png\",\"contentUrl\":\"https:\/\/nembutalboutique.com\/wp-content\/uploads\/2024\/01\/logo.png\",\"width\":494,\"height\":121,\"caption\":\"Nembutal Boutique\"},\"image\":{\"@id\":\"https:\/\/nembutalboutique.com\/#\/schema\/logo\/image\/\"}}]}<\/script>\n<!-- \/ Yoast SEO plugin. -->","yoast_head_json":{"title":"JWH-250 online kopen - JWH-250 te koop","description":"Ontdek JWH-250 poeder van hoge kwaliteit te koop in onze online winkel - JWH-250 poeder gemakkelijk en veilig kopen om je onderzoek te voeden. Ontdek en koop JWH-250 online, om je wetenschappelijke inspanningen met gemak vooruit te helpen. Bestel nu!","robots":{"index":"index","follow":"follow","max-snippet":"max-snippet:-1","max-image-preview":"max-image-preview:large","max-video-preview":"max-video-preview:-1"},"canonical":"https:\/\/nembutalboutique.com\/nl\/product\/jwh-250-kopen\/","og_locale":"nl_BE","og_type":"article","og_title":"Achetez JWH-250 en ligne - JWH-250 \u00e0 vendre","og_description":"D\u00e9couvrez la poudre JWH-250 de qualit\u00e9 sup\u00e9rieure en vente dans notre boutique en ligne - achetez la poudre JWH-250 de mani\u00e8re pratique et s\u00e9curis\u00e9e pour alimenter vos recherches. Explorez et achetez JWH-250 en ligne, pour faire progresser vos efforts scientifiques en toute simplicit\u00e9. Commandez maintenant !","og_url":"https:\/\/nembutalboutique.com\/nl\/product\/jwh-250-kopen\/","og_site_name":"Nembutal Boutique","article_modified_time":"2024-09-20T08:09:39+00:00","og_image":[{"width":600,"height":600,"url":"https:\/\/nembutalboutique.com\/wp-content\/uploads\/2024\/09\/jwh-250.gif","type":"image\/gif"}],"twitter_card":"summary_large_image","twitter_misc":{"Geschatte leestijd":"3 minuten"},"schema":{"@context":"https:\/\/schema.org","@graph":[{"@type":"WebPage","@id":"https:\/\/nembutalboutique.com\/produit\/jwh-250\/","url":"https:\/\/nembutalboutique.com\/produit\/jwh-250\/","name":"JWH-250 online kopen - JWH-250 te koop","isPartOf":{"@id":"https:\/\/nembutalboutique.com\/#website"},"primaryImageOfPage":{"@id":"https:\/\/nembutalboutique.com\/produit\/jwh-250\/#primaryimage"},"image":{"@id":"https:\/\/nembutalboutique.com\/produit\/jwh-250\/#primaryimage"},"thumbnailUrl":"https:\/\/nembutalboutique.com\/wp-content\/uploads\/2024\/09\/jwh-250.gif","datePublished":"2024-09-16T08:17:14+00:00","dateModified":"2024-09-20T08:09:39+00:00","description":"Ontdek JWH-250 poeder van hoge kwaliteit te koop in onze online winkel - JWH-250 poeder gemakkelijk en veilig kopen om je onderzoek te voeden. Ontdek en koop JWH-250 online, om je wetenschappelijke inspanningen met gemak vooruit te helpen. Bestel nu!","breadcrumb":{"@id":"https:\/\/nembutalboutique.com\/produit\/jwh-250\/#breadcrumb"},"inLanguage":"nl-BE","potentialAction":[{"@type":"ReadAction","target":["https:\/\/nembutalboutique.com\/produit\/jwh-250\/"]}]},{"@type":"ImageObject","inLanguage":"nl-BE","@id":"https:\/\/nembutalboutique.com\/produit\/jwh-250\/#primaryimage","url":"https:\/\/nembutalboutique.com\/wp-content\/uploads\/2024\/09\/jwh-250.gif","contentUrl":"https:\/\/nembutalboutique.com\/wp-content\/uploads\/2024\/09\/jwh-250.gif","width":600,"height":600,"caption":"Acheter jwh-250.gif"},{"@type":"BreadcrumbList","@id":"https:\/\/nembutalboutique.com\/produit\/jwh-250\/#breadcrumb","itemListElement":[{"@type":"ListItem","position":1,"name":"Home","item":"https:\/\/nembutalboutique.com\/"},{"@type":"ListItem","position":2,"name":"Boutique","item":"https:\/\/nembutalboutique.com\/shop\/"},{"@type":"ListItem","position":3,"name":"JWH-250"}]},{"@type":"WebSite","@id":"https:\/\/nembutalboutique.com\/#website","url":"https:\/\/nembutalboutique.com\/","name":"Nembutal winkel","description":"Mijn WordPress Blog","publisher":{"@id":"https:\/\/nembutalboutique.com\/#organization"},"potentialAction":[{"@type":"SearchAction","target":{"@type":"EntryPoint","urlTemplate":"https:\/\/nembutalboutique.com\/?s={search_term_string}"},"query-input":{"@type":"PropertyValueSpecification","valueRequired":true,"valueName":"search_term_string"}}],"inLanguage":"nl-BE"},{"@type":"Organization","@id":"https:\/\/nembutalboutique.com\/#organization","name":"Nembutal winkel","url":"https:\/\/nembutalboutique.com\/","logo":{"@type":"ImageObject","inLanguage":"nl-BE","@id":"https:\/\/nembutalboutique.com\/#\/schema\/logo\/image\/","url":"https:\/\/nembutalboutique.com\/wp-content\/uploads\/2024\/01\/logo.png","contentUrl":"https:\/\/nembutalboutique.com\/wp-content\/uploads\/2024\/01\/logo.png","width":494,"height":121,"caption":"Nembutal Boutique"},"image":{"@id":"https:\/\/nembutalboutique.com\/#\/schema\/logo\/image\/"}}]}},"_links":{"self":[{"href":"https:\/\/nembutalboutique.com\/nl\/wp-json\/wp\/v2\/product\/3375"}],"collection":[{"href":"https:\/\/nembutalboutique.com\/nl\/wp-json\/wp\/v2\/product"}],"about":[{"href":"https:\/\/nembutalboutique.com\/nl\/wp-json\/wp\/v2\/types\/product"}],"replies":[{"embeddable":true,"href":"https:\/\/nembutalboutique.com\/nl\/wp-json\/wp\/v2\/comments?post=3375"}],"wp:featuredmedia":[{"embeddable":true,"href":"https:\/\/nembutalboutique.com\/nl\/wp-json\/wp\/v2\/media\/3381"}],"wp:attachment":[{"href":"https:\/\/nembutalboutique.com\/nl\/wp-json\/wp\/v2\/media?parent=3375"}],"wp:term":[{"taxonomy":"product_brand","embeddable":true,"href":"https:\/\/nembutalboutique.com\/nl\/wp-json\/wp\/v2\/product_brand?post=3375"},{"taxonomy":"product_cat","embeddable":true,"href":"https:\/\/nembutalboutique.com\/nl\/wp-json\/wp\/v2\/product_cat?post=3375"},{"taxonomy":"product_tag","embeddable":true,"href":"https:\/\/nembutalboutique.com\/nl\/wp-json\/wp\/v2\/product_tag?post=3375"}],"curies":[{"name":"wp","href":"https:\/\/api.w.org\/{rel}","templated":true}]}}