{"id":3339,"date":"2024-09-16T08:16:54","date_gmt":"2024-09-16T08:16:54","guid":{"rendered":"https:\/\/nembutalboutique.com\/?post_type=product&#038;p=3339"},"modified":"2024-09-20T08:13:00","modified_gmt":"2024-09-20T08:13:00","slug":"ketamine","status":"publish","type":"product","link":"https:\/\/nembutalboutique.com\/nl\/product\/ketamine-online-kopen\/","title":{"rendered":"KETAMINE"},"content":{"rendered":"<h2>Ketamine poeder online kopen<\/h2>\n<p>Nembutalboutique, de grootste online retailer in de VS voor betaalbaar ketaminepoeder, legaal ketaminepoeder online verkopen en zoeken naar <a href=\"https:\/\/nembutalboutique.com\/produit\/acheter-de-la-ketamine\/\">ketaminepoeder<\/a>.<\/p>\n<p>Een van de bekende bedrijven levert eersteklas onderzoekschemicali\u00ebn aan bedrijven zoals apotheken, laboratoria en andere instellingen. Deze organisatie is niet bereid om goederen te leveren aan klanten of personen jonger dan achttien (18) jaar. Klanten die moeite hebben met het vinden van een bron van ketaminepoeder moeten daarom onze Nembutalboutique website gebruiken. Deze website is veilig in gebruik en bereid om de benodigde producten in de juiste formule te leveren.<\/p>\n<h2>Gebruik in dit geval gemalen ketamine.<\/h2>\n<p>De stof <a href=\"https:\/\/en.wikipedia.org\/wiki\/Ketamine\">ketamine<\/a> kan hallucinaties veroorzaken. Erbrechen, Doppelsicht, omkeerbaar bewustzijnsverlies, enz. Hoewel deze drug momenteel verkrijgbaar is bij chemische onderzoeksinstituten, zijn er ook een aantal andere drugs beschikbaar. Perish professionals hebben de nodige vaardigheden om de juiste medicijnen voor te schrijven om de symptomen te verlichten en een volledige behandeling toe te dienen. Het is daarom aan te raden om jezelf vertrouwd te maken met het medicijn voordat je een online aankoop doet. Daarnaast biedt de website gebruikers een schat aan gemakkelijk te volgen instructies om meer te weten te komen over het medicijn en hoe ze het effectiever kunnen gebruiken.<\/p>\n<h3>Waar kan ik ketamine pillen krijgen?<\/h3>\n<p>Deze bekende arts produceert anesthetica en geschikte geneesmiddelen met talrijke onderzoekschemicali\u00ebn. Dit betekent dat je voor het verkrijgen van dit soort medicijnen in grote of kleine hoeveelheden contact moet opnemen met de website. Het online platform reageert snel en stelt de producten snel beschikbaar. Deze organisatie is gecertificeerd, heeft een schat aan kennis en is gemakkelijk toegankelijk. Bij de aankoop van ketamine wordt rekening gehouden met persoonlijke en wetenschappelijke toepassingen.<\/p>","protected":false},"excerpt":{"rendered":"<p>Achetez de la poudre de k\u00e9tamine en ligne Nembutalboutique, le plus grand d\u00e9taillant en ligne aux \u00c9tats-Unis pour de la poudre de k\u00e9tamine abordable, des ventes l\u00e9gales de poudre de k\u00e9tamine en ligne et des recherches de poudre de k\u00e9tamine. L&rsquo;une des entreprises bien connues fournit des produits chimiques de recherche de premier ordre \u00e0 [&hellip;]<\/p>","protected":false},"featured_media":3349,"comment_status":"open","ping_status":"closed","template":"","meta":{"_joinchat":[]},"product_brand":[],"product_cat":[385],"product_tag":[],"class_list":{"0":"post-3339","1":"product","2":"type-product","3":"status-publish","4":"has-post-thumbnail","6":"product_cat-forschung-schemikalien","8":"first","9":"instock","10":"shipping-taxable","11":"purchasable","12":"product-type-variable"},"yoast_head":"<!-- This site is optimized with the Yoast SEO plugin v23.5 - https:\/\/yoast.com\/wordpress\/plugins\/seo\/ -->\n<title>Acheter de la k\u00e9tamine en ligne \u2013 K\u00e9tamine \u00e0 vendre<\/title>\n<meta name=\"description\" content=\"Votre commande de K\u00e9tamine \u00e0 vendre est notre responsabilit\u00e9. Nous prendrons en compte votre commande d&#039;achat de K\u00e9tamine et vous parviendrons dans un d\u00e9lai court. Passez des commandes group\u00e9es d\u00e8s maintenant !\" \/>\n<meta name=\"robots\" content=\"index, follow, max-snippet:-1, max-image-preview:large, max-video-preview:-1\" \/>\n<link rel=\"canonical\" href=\"https:\/\/nembutalboutique.com\/nl\/product\/ketamine-online-kopen\/\" \/>\n<meta property=\"og:locale\" content=\"nl_BE\" \/>\n<meta property=\"og:type\" content=\"article\" \/>\n<meta property=\"og:title\" content=\"Acheter de la k\u00e9tamine en ligne \u2013 K\u00e9tamine \u00e0 vendre\" \/>\n<meta property=\"og:description\" content=\"Votre commande de K\u00e9tamine \u00e0 vendre est notre responsabilit\u00e9. Nous prendrons en compte votre commande d&#039;achat de K\u00e9tamine et vous parviendrons dans un d\u00e9lai court. Passez des commandes group\u00e9es d\u00e8s maintenant !\" \/>\n<meta property=\"og:url\" content=\"https:\/\/nembutalboutique.com\/nl\/product\/ketamine-online-kopen\/\" \/>\n<meta property=\"og:site_name\" content=\"Nembutal Boutique\" \/>\n<meta property=\"article:modified_time\" content=\"2024-09-20T08:13:00+00:00\" \/>\n<meta property=\"og:image\" content=\"https:\/\/nembutalboutique.com\/wp-content\/uploads\/2024\/09\/KTAMINE.gif\" \/>\n\t<meta property=\"og:image:width\" content=\"600\" \/>\n\t<meta property=\"og:image:height\" content=\"600\" \/>\n\t<meta property=\"og:image:type\" content=\"image\/gif\" \/>\n<meta name=\"twitter:card\" content=\"summary_large_image\" \/>\n<meta name=\"twitter:label1\" content=\"Geschatte leestijd\" \/>\n\t<meta name=\"twitter:data1\" content=\"2 minuten\" \/>\n<script type=\"application\/ld+json\" class=\"yoast-schema-graph\">{\"@context\":\"https:\/\/schema.org\",\"@graph\":[{\"@type\":\"WebPage\",\"@id\":\"https:\/\/nembutalboutique.com\/produit\/ketamine\/\",\"url\":\"https:\/\/nembutalboutique.com\/produit\/ketamine\/\",\"name\":\"Acheter de la k\u00e9tamine en ligne \u2013 K\u00e9tamine \u00e0 vendre\",\"isPartOf\":{\"@id\":\"https:\/\/nembutalboutique.com\/#website\"},\"primaryImageOfPage\":{\"@id\":\"https:\/\/nembutalboutique.com\/produit\/ketamine\/#primaryimage\"},\"image\":{\"@id\":\"https:\/\/nembutalboutique.com\/produit\/ketamine\/#primaryimage\"},\"thumbnailUrl\":\"https:\/\/nembutalboutique.com\/wp-content\/uploads\/2024\/09\/KTAMINE.gif\",\"datePublished\":\"2024-09-16T08:16:54+00:00\",\"dateModified\":\"2024-09-20T08:13:00+00:00\",\"description\":\"Votre commande de K\u00e9tamine \u00e0 vendre est notre responsabilit\u00e9. Nous prendrons en compte votre commande d'achat de K\u00e9tamine et vous parviendrons dans un d\u00e9lai court. Passez des commandes group\u00e9es d\u00e8s maintenant !\",\"breadcrumb\":{\"@id\":\"https:\/\/nembutalboutique.com\/produit\/ketamine\/#breadcrumb\"},\"inLanguage\":\"nl-BE\",\"potentialAction\":[{\"@type\":\"ReadAction\",\"target\":[\"https:\/\/nembutalboutique.com\/produit\/ketamine\/\"]}]},{\"@type\":\"ImageObject\",\"inLanguage\":\"nl-BE\",\"@id\":\"https:\/\/nembutalboutique.com\/produit\/ketamine\/#primaryimage\",\"url\":\"https:\/\/nembutalboutique.com\/wp-content\/uploads\/2024\/09\/KTAMINE.gif\",\"contentUrl\":\"https:\/\/nembutalboutique.com\/wp-content\/uploads\/2024\/09\/KTAMINE.gif\",\"width\":600,\"height\":600,\"caption\":\"Acheter KTAMINE.gif\"},{\"@type\":\"BreadcrumbList\",\"@id\":\"https:\/\/nembutalboutique.com\/produit\/ketamine\/#breadcrumb\",\"itemListElement\":[{\"@type\":\"ListItem\",\"position\":1,\"name\":\"Home\",\"item\":\"https:\/\/nembutalboutique.com\/\"},{\"@type\":\"ListItem\",\"position\":2,\"name\":\"Boutique\",\"item\":\"https:\/\/nembutalboutique.com\/shop\/\"},{\"@type\":\"ListItem\",\"position\":3,\"name\":\"K\u00c9TAMINE\"}]},{\"@type\":\"WebSite\",\"@id\":\"https:\/\/nembutalboutique.com\/#website\",\"url\":\"https:\/\/nembutalboutique.com\/\",\"name\":\"Nembutal Boutique\",\"description\":\"My WordPress Blog\",\"publisher\":{\"@id\":\"https:\/\/nembutalboutique.com\/#organization\"},\"potentialAction\":[{\"@type\":\"SearchAction\",\"target\":{\"@type\":\"EntryPoint\",\"urlTemplate\":\"https:\/\/nembutalboutique.com\/?s={search_term_string}\"},\"query-input\":{\"@type\":\"PropertyValueSpecification\",\"valueRequired\":true,\"valueName\":\"search_term_string\"}}],\"inLanguage\":\"nl-BE\"},{\"@type\":\"Organization\",\"@id\":\"https:\/\/nembutalboutique.com\/#organization\",\"name\":\"Nembutal Boutique\",\"url\":\"https:\/\/nembutalboutique.com\/\",\"logo\":{\"@type\":\"ImageObject\",\"inLanguage\":\"nl-BE\",\"@id\":\"https:\/\/nembutalboutique.com\/#\/schema\/logo\/image\/\",\"url\":\"https:\/\/nembutalboutique.com\/wp-content\/uploads\/2024\/01\/logo.png\",\"contentUrl\":\"https:\/\/nembutalboutique.com\/wp-content\/uploads\/2024\/01\/logo.png\",\"width\":494,\"height\":121,\"caption\":\"Nembutal Boutique\"},\"image\":{\"@id\":\"https:\/\/nembutalboutique.com\/#\/schema\/logo\/image\/\"}}]}<\/script>\n<!-- \/ Yoast SEO plugin. -->","yoast_head_json":{"title":"Ketamine online kopen - Ketamine te koop","description":"Uw bestelling van Ketamine te koop is onze verantwoordelijkheid. We houden rekening met uw bestelling van Ketamine en nemen zo snel mogelijk contact met u op. Plaats nu bulkbestellingen!","robots":{"index":"index","follow":"follow","max-snippet":"max-snippet:-1","max-image-preview":"max-image-preview:large","max-video-preview":"max-video-preview:-1"},"canonical":"https:\/\/nembutalboutique.com\/nl\/product\/ketamine-online-kopen\/","og_locale":"nl_BE","og_type":"article","og_title":"Acheter de la k\u00e9tamine en ligne \u2013 K\u00e9tamine \u00e0 vendre","og_description":"Votre commande de K\u00e9tamine \u00e0 vendre est notre responsabilit\u00e9. Nous prendrons en compte votre commande d'achat de K\u00e9tamine et vous parviendrons dans un d\u00e9lai court. Passez des commandes group\u00e9es d\u00e8s maintenant !","og_url":"https:\/\/nembutalboutique.com\/nl\/product\/ketamine-online-kopen\/","og_site_name":"Nembutal Boutique","article_modified_time":"2024-09-20T08:13:00+00:00","og_image":[{"width":600,"height":600,"url":"https:\/\/nembutalboutique.com\/wp-content\/uploads\/2024\/09\/KTAMINE.gif","type":"image\/gif"}],"twitter_card":"summary_large_image","twitter_misc":{"Geschatte leestijd":"2 minuten"},"schema":{"@context":"https:\/\/schema.org","@graph":[{"@type":"WebPage","@id":"https:\/\/nembutalboutique.com\/produit\/ketamine\/","url":"https:\/\/nembutalboutique.com\/produit\/ketamine\/","name":"Ketamine online kopen - Ketamine te koop","isPartOf":{"@id":"https:\/\/nembutalboutique.com\/#website"},"primaryImageOfPage":{"@id":"https:\/\/nembutalboutique.com\/produit\/ketamine\/#primaryimage"},"image":{"@id":"https:\/\/nembutalboutique.com\/produit\/ketamine\/#primaryimage"},"thumbnailUrl":"https:\/\/nembutalboutique.com\/wp-content\/uploads\/2024\/09\/KTAMINE.gif","datePublished":"2024-09-16T08:16:54+00:00","dateModified":"2024-09-20T08:13:00+00:00","description":"Uw bestelling van Ketamine te koop is onze verantwoordelijkheid. We houden rekening met uw bestelling van Ketamine en nemen zo snel mogelijk contact met u op. Plaats nu bulkbestellingen!","breadcrumb":{"@id":"https:\/\/nembutalboutique.com\/produit\/ketamine\/#breadcrumb"},"inLanguage":"nl-BE","potentialAction":[{"@type":"ReadAction","target":["https:\/\/nembutalboutique.com\/produit\/ketamine\/"]}]},{"@type":"ImageObject","inLanguage":"nl-BE","@id":"https:\/\/nembutalboutique.com\/produit\/ketamine\/#primaryimage","url":"https:\/\/nembutalboutique.com\/wp-content\/uploads\/2024\/09\/KTAMINE.gif","contentUrl":"https:\/\/nembutalboutique.com\/wp-content\/uploads\/2024\/09\/KTAMINE.gif","width":600,"height":600,"caption":"Acheter KTAMINE.gif"},{"@type":"BreadcrumbList","@id":"https:\/\/nembutalboutique.com\/produit\/ketamine\/#breadcrumb","itemListElement":[{"@type":"ListItem","position":1,"name":"Home","item":"https:\/\/nembutalboutique.com\/"},{"@type":"ListItem","position":2,"name":"Boutique","item":"https:\/\/nembutalboutique.com\/shop\/"},{"@type":"ListItem","position":3,"name":"K\u00c9TAMINE"}]},{"@type":"WebSite","@id":"https:\/\/nembutalboutique.com\/#website","url":"https:\/\/nembutalboutique.com\/","name":"Nembutal winkel","description":"Mijn WordPress Blog","publisher":{"@id":"https:\/\/nembutalboutique.com\/#organization"},"potentialAction":[{"@type":"SearchAction","target":{"@type":"EntryPoint","urlTemplate":"https:\/\/nembutalboutique.com\/?s={search_term_string}"},"query-input":{"@type":"PropertyValueSpecification","valueRequired":true,"valueName":"search_term_string"}}],"inLanguage":"nl-BE"},{"@type":"Organization","@id":"https:\/\/nembutalboutique.com\/#organization","name":"Nembutal winkel","url":"https:\/\/nembutalboutique.com\/","logo":{"@type":"ImageObject","inLanguage":"nl-BE","@id":"https:\/\/nembutalboutique.com\/#\/schema\/logo\/image\/","url":"https:\/\/nembutalboutique.com\/wp-content\/uploads\/2024\/01\/logo.png","contentUrl":"https:\/\/nembutalboutique.com\/wp-content\/uploads\/2024\/01\/logo.png","width":494,"height":121,"caption":"Nembutal Boutique"},"image":{"@id":"https:\/\/nembutalboutique.com\/#\/schema\/logo\/image\/"}}]}},"_links":{"self":[{"href":"https:\/\/nembutalboutique.com\/nl\/wp-json\/wp\/v2\/product\/3339"}],"collection":[{"href":"https:\/\/nembutalboutique.com\/nl\/wp-json\/wp\/v2\/product"}],"about":[{"href":"https:\/\/nembutalboutique.com\/nl\/wp-json\/wp\/v2\/types\/product"}],"replies":[{"embeddable":true,"href":"https:\/\/nembutalboutique.com\/nl\/wp-json\/wp\/v2\/comments?post=3339"}],"wp:featuredmedia":[{"embeddable":true,"href":"https:\/\/nembutalboutique.com\/nl\/wp-json\/wp\/v2\/media\/3349"}],"wp:attachment":[{"href":"https:\/\/nembutalboutique.com\/nl\/wp-json\/wp\/v2\/media?parent=3339"}],"wp:term":[{"taxonomy":"product_brand","embeddable":true,"href":"https:\/\/nembutalboutique.com\/nl\/wp-json\/wp\/v2\/product_brand?post=3339"},{"taxonomy":"product_cat","embeddable":true,"href":"https:\/\/nembutalboutique.com\/nl\/wp-json\/wp\/v2\/product_cat?post=3339"},{"taxonomy":"product_tag","embeddable":true,"href":"https:\/\/nembutalboutique.com\/nl\/wp-json\/wp\/v2\/product_tag?post=3339"}],"curies":[{"name":"wp","href":"https:\/\/api.w.org\/{rel}","templated":true}]}}