{"id":3337,"date":"2024-09-16T08:16:53","date_gmt":"2024-09-16T08:16:53","guid":{"rendered":"https:\/\/nembutalboutique.com\/?post_type=product&#038;p=3337"},"modified":"2025-11-26T14:45:03","modified_gmt":"2025-11-26T14:45:03","slug":"cocaine","status":"publish","type":"product","link":"https:\/\/nembutalboutique.com\/nl\/product\/online-cocaine-kopen\/","title":{"rendered":"KOOLAINE"},"content":{"rendered":"<h2>Online coca\u00efnepoeder kopen<\/h2>\n<p>kopen <a href=\"https:\/\/nembutalboutique.com\/produit\/cocaine\">coca\u00efne<\/a> Online Poedercoca\u00efne is de meest gebruikte vorm van Nembutal. Daarom wordt het ook wel de straatdrug genoemd. Voor het maken van dit poeder worden cocaplanten gebruikt, die vooral in zuidelijke landen te vinden zijn.<\/p>\n<p>Het is een krachtig stimulerend middel dat verschillende ziekten behandelt door rechtstreeks in te werken op de centrale hersenen. Dit stimulerende middel verhoogt bepaalde moleculen in de hersenen, waardoor het menselijk orgaansysteem naar behoefte kan reageren. Vanwege de vele voordelen wordt deze soort coca\u00efne wereldwijd het meest gebruikt.<\/p>\n<h3>in tegenstelling tot poedercoca\u00efne, een andere variant van de drug. Hoe gebruik je poedercoca\u00efne<\/h3>\n<p>De voordelen van coca\u00efne in poedervorm reiken verder dan het menselijk lichaam. Maar de belangrijkste factor achter de aantrekkingskracht is dat het minder gezondheidsrisico's met zich meebrengt. Het wordt vaak gebruikt in combinatie met andere voorgeschreven drugs, zoals talkpoeder, fentanyl, enz. Het kan echter schadelijk zijn voor de gezondheid als het zonder toezicht wordt ingenomen in combinatie met fentanyl.<\/p>\n<p>Het is dus de moeite waard om twee keer na te denken voordat je zo'n krachtige prodrug gebruikt. Mensen gebruiken deze poederachtige substantie op verschillende manieren, van het roken als een sigaret tot het direct injecteren in een ader. De ideale methode wordt bepaald door iemands specifieke lichamelijke en geestelijke conditie.<\/p>\n<p>Sommige mensen hebben dit poeder ook gebruikt in combinatie met koolzuurhoudende dranken, hoewel dit erg gevaarlijk is.<br \/>\nCoca\u00efnepoeder voor medisch gebruik<\/p>\n<p>Coca\u00efnepoeder versterkt ook het reactiesysteem van de hersenen door meer chemicali\u00ebn in te brengen. Artsen schrijven deze drug voor aan mensen die onverschillig zijn in hun bewegingen en gedrag.<\/p>\n<h3>Coca\u00efnehydrochloride te koop<\/h3>\n<p>Het wordt ook gebruikt door artsen om pijn te verlichten tijdens verschillende chirurgische ingrepen. De korte duur ervan is van groot voordeel voor mensen, omdat het een gevoel van vreugde en vitaliteit in de psyche inboezemt. Vanwege deze kwaliteiten vinden veel mensen over de hele wereld het aantrekkelijk.<\/p>\n<p>De beschikbaarheid van coca\u00efnepoeder op de online markt is voor iedereen gemakkelijk toegankelijk. Bovendien is dit geweldige poeder in onze winkel verkrijgbaar tegen verrassend lage prijzen. We bieden ook de snelste productlevering die er is, rechtstreeks naar jouw deur.<br \/>\nHoe coca\u00efne discreet online kopen: een kort overzicht van het proces<br \/>\nWij maken het je gemakkelijk om coca\u00efne online te bestellen. Onze winkel is zeer overzichtelijk, zodat je gemakkelijk het perfecte artikel kunt selecteren. Je kunt altijd de beste prijs-kwaliteitverhouding kiezen uit verschillende hoeveelheden en kwaliteiten. Bovendien hebben we regelmatig promoties en kortingen, zodat je coca\u00efne goedkoper kunt kopen.<\/p>\n<h3>Koop coca\u00efne online en profiteer van onze brede selectie coca\u00efne producten.<\/h3>\n<p>Ons betalingsproces is eenvoudig en uiterst veilig. Om de anonimiteit en veiligheid van elke transactie te waarborgen, accepteren we alleen betalingen in Bitcoin. Je hoeft je geen zorgen te maken dat je gepakt wordt als je coca\u00efne bij ons koopt, want wij nemen alle nodige maatregelen om jouw gezondheid te beschermen. Ons belangrijkste doel is om ervoor te zorgen dat jij de beste coca\u00efne online kunt kopen. Wij werken uitsluitend met de beste producenten en elk item wordt ge\u00efnspecteerd voordat het aan onze voorraad wordt toegevoegd. We zijn ervan overtuigd dat het kaliber van onze coca\u00efne je zal verbazen.<\/p>\n<p><a href=\"https:\/\/en.wikipedia.org\/wiki\/Cocaine\">Coca\u00efne<\/a> Premium online: in onze coca\u00efneshop kun je de beste coca\u00efne tegen een redelijke prijs kopen.<\/p>\n<p>We zijn er altijd om je te helpen als je vragen of problemen hebt. Aarzel niet om contact met ons op te nemen als je meer informatie nodig hebt. We helpen je graag met al je vragen en problemen.<\/p>\n<p>Coca\u00efne bij ons kopen is over het algemeen eenvoudig en veilig. Wij bieden een brede selectie producten van topkwaliteit tegen redelijke prijzen. Je bent bij ons aan het juiste adres als je online de beste coca\u00efne wilt kopen. We helpen je graag bij het kopen van je volgende coca\u00efne. Koop er nu een voor de beste coca\u00efne-ervaring van je leven!<\/p>\n<h3>De beste plek om online coca\u00efne te kopen is onze gerenommeerde coca\u00efneshop.<\/h3>\n<p>Koop online COCAINE; als je coca\u00efne of andere verdovende middelen hebt gebruikt, rij dan niet. Je kunt bij ons niet alleen coca\u00efne bestellen. Andere drugs kun je ook gewoon online kopen. Hier kun je bijvoorbeeld :<\/p>","protected":false},"excerpt":{"rendered":"<p>Acheter de la poudre de coca\u00efne en ligne Acheter de la coca\u00efne en ligne La poudre de coca\u00efne est la forme la plus couramment utilis\u00e9e de Nembutal. C&rsquo;est pourquoi on l&rsquo;appelle aussi drogue de rue. Ces plantes de coca, que l&rsquo;on trouve principalement dans les pays du Sud, sont utilis\u00e9es pour fabriquer cette poudre. C&rsquo;est [&hellip;]<\/p>","protected":false},"featured_media":3347,"comment_status":"open","ping_status":"closed","template":"","meta":{"_joinchat":[]},"product_brand":[],"product_cat":[571],"product_tag":[],"class_list":{"0":"post-3337","1":"product","2":"type-product","3":"status-publish","4":"has-post-thumbnail","6":"product_cat-cocaine","8":"first","9":"instock","10":"shipping-taxable","11":"purchasable","12":"product-type-variable","13":"has-default-attributes"},"yoast_head":"<!-- This site is optimized with the Yoast SEO plugin v23.5 - https:\/\/yoast.com\/wordpress\/plugins\/seo\/ -->\n<title>Acheter de la poudre de coca\u00efne en ligne - Poudre de coca\u00efne \u00e0 vendre<\/title>\n<meta name=\"description\" content=\"Vous cherchez de la poudre de coca\u00efne \u00e0 vendre en ligne ? Nembutal Boutique est un magasin leader o\u00f9 vous pouvez acheter de la coca\u00efne en ligne au meilleur prix. Commandez maintenant avec une exp\u00e9dition discr\u00e8te !\" \/>\n<meta name=\"robots\" content=\"index, follow, max-snippet:-1, max-image-preview:large, max-video-preview:-1\" \/>\n<link rel=\"canonical\" href=\"https:\/\/nembutalboutique.com\/nl\/product\/online-cocaine-kopen\/\" \/>\n<meta property=\"og:locale\" content=\"nl_BE\" \/>\n<meta property=\"og:type\" content=\"article\" \/>\n<meta property=\"og:title\" content=\"Acheter de la poudre de coca\u00efne en ligne - Poudre de coca\u00efne \u00e0 vendre\" \/>\n<meta property=\"og:description\" content=\"Vous cherchez de la poudre de coca\u00efne \u00e0 vendre en ligne ? Nembutal Boutique est un magasin leader o\u00f9 vous pouvez acheter de la coca\u00efne en ligne au meilleur prix. Commandez maintenant avec une exp\u00e9dition discr\u00e8te !\" \/>\n<meta property=\"og:url\" content=\"https:\/\/nembutalboutique.com\/nl\/product\/online-cocaine-kopen\/\" \/>\n<meta property=\"og:site_name\" content=\"Nembutal Boutique\" \/>\n<meta property=\"article:modified_time\" content=\"2025-11-26T14:45:03+00:00\" \/>\n<meta property=\"og:image\" content=\"https:\/\/nembutalboutique.com\/wp-content\/uploads\/2024\/09\/CoCAINE.gif\" \/>\n\t<meta property=\"og:image:width\" content=\"600\" \/>\n\t<meta property=\"og:image:height\" content=\"600\" \/>\n\t<meta property=\"og:image:type\" content=\"image\/gif\" \/>\n<meta name=\"twitter:card\" content=\"summary_large_image\" \/>\n<meta name=\"twitter:label1\" content=\"Geschatte leestijd\" \/>\n\t<meta name=\"twitter:data1\" content=\"4 minuten\" \/>\n<script type=\"application\/ld+json\" class=\"yoast-schema-graph\">{\"@context\":\"https:\/\/schema.org\",\"@graph\":[{\"@type\":\"WebPage\",\"@id\":\"https:\/\/nembutalboutique.com\/produit\/cocaine\/\",\"url\":\"https:\/\/nembutalboutique.com\/produit\/cocaine\/\",\"name\":\"Acheter de la poudre de coca\u00efne en ligne - Poudre de coca\u00efne \u00e0 vendre\",\"isPartOf\":{\"@id\":\"https:\/\/nembutalboutique.com\/#website\"},\"primaryImageOfPage\":{\"@id\":\"https:\/\/nembutalboutique.com\/produit\/cocaine\/#primaryimage\"},\"image\":{\"@id\":\"https:\/\/nembutalboutique.com\/produit\/cocaine\/#primaryimage\"},\"thumbnailUrl\":\"https:\/\/nembutalboutique.com\/wp-content\/uploads\/2024\/09\/CoCAINE.gif\",\"datePublished\":\"2024-09-16T08:16:53+00:00\",\"dateModified\":\"2025-11-26T14:45:03+00:00\",\"description\":\"Vous cherchez de la poudre de coca\u00efne \u00e0 vendre en ligne ? Nembutal Boutique est un magasin leader o\u00f9 vous pouvez acheter de la coca\u00efne en ligne au meilleur prix. Commandez maintenant avec une exp\u00e9dition discr\u00e8te !\",\"breadcrumb\":{\"@id\":\"https:\/\/nembutalboutique.com\/produit\/cocaine\/#breadcrumb\"},\"inLanguage\":\"nl-BE\",\"potentialAction\":[{\"@type\":\"ReadAction\",\"target\":[\"https:\/\/nembutalboutique.com\/produit\/cocaine\/\"]}]},{\"@type\":\"ImageObject\",\"inLanguage\":\"nl-BE\",\"@id\":\"https:\/\/nembutalboutique.com\/produit\/cocaine\/#primaryimage\",\"url\":\"https:\/\/nembutalboutique.com\/wp-content\/uploads\/2024\/09\/CoCAINE.gif\",\"contentUrl\":\"https:\/\/nembutalboutique.com\/wp-content\/uploads\/2024\/09\/CoCAINE.gif\",\"width\":600,\"height\":600,\"caption\":\"Acheter CoCAINE.gif\"},{\"@type\":\"BreadcrumbList\",\"@id\":\"https:\/\/nembutalboutique.com\/produit\/cocaine\/#breadcrumb\",\"itemListElement\":[{\"@type\":\"ListItem\",\"position\":1,\"name\":\"Home\",\"item\":\"https:\/\/nembutalboutique.com\/\"},{\"@type\":\"ListItem\",\"position\":2,\"name\":\"Boutique\",\"item\":\"https:\/\/nembutalboutique.com\/shop\/\"},{\"@type\":\"ListItem\",\"position\":3,\"name\":\"COCA\u00cfNE\"}]},{\"@type\":\"WebSite\",\"@id\":\"https:\/\/nembutalboutique.com\/#website\",\"url\":\"https:\/\/nembutalboutique.com\/\",\"name\":\"Nembutal Boutique\",\"description\":\"My WordPress Blog\",\"publisher\":{\"@id\":\"https:\/\/nembutalboutique.com\/#organization\"},\"potentialAction\":[{\"@type\":\"SearchAction\",\"target\":{\"@type\":\"EntryPoint\",\"urlTemplate\":\"https:\/\/nembutalboutique.com\/?s={search_term_string}\"},\"query-input\":{\"@type\":\"PropertyValueSpecification\",\"valueRequired\":true,\"valueName\":\"search_term_string\"}}],\"inLanguage\":\"nl-BE\"},{\"@type\":\"Organization\",\"@id\":\"https:\/\/nembutalboutique.com\/#organization\",\"name\":\"Nembutal Boutique\",\"url\":\"https:\/\/nembutalboutique.com\/\",\"logo\":{\"@type\":\"ImageObject\",\"inLanguage\":\"nl-BE\",\"@id\":\"https:\/\/nembutalboutique.com\/#\/schema\/logo\/image\/\",\"url\":\"https:\/\/nembutalboutique.com\/wp-content\/uploads\/2024\/01\/logo.png\",\"contentUrl\":\"https:\/\/nembutalboutique.com\/wp-content\/uploads\/2024\/01\/logo.png\",\"width\":494,\"height\":121,\"caption\":\"Nembutal Boutique\"},\"image\":{\"@id\":\"https:\/\/nembutalboutique.com\/#\/schema\/logo\/image\/\"}}]}<\/script>\n<!-- \/ Yoast SEO plugin. -->","yoast_head_json":{"title":"Coca\u00efnepoeder online kopen - Coca\u00efnepoeder te koop","description":"Op zoek naar coca\u00efnepoeder dat online te koop is? Nembutal Boutique is een toonaangevende winkel waar je online coca\u00efne kunt kopen tegen de beste prijs. Bestel nu met discrete verzending!","robots":{"index":"index","follow":"follow","max-snippet":"max-snippet:-1","max-image-preview":"max-image-preview:large","max-video-preview":"max-video-preview:-1"},"canonical":"https:\/\/nembutalboutique.com\/nl\/product\/online-cocaine-kopen\/","og_locale":"nl_BE","og_type":"article","og_title":"Acheter de la poudre de coca\u00efne en ligne - Poudre de coca\u00efne \u00e0 vendre","og_description":"Vous cherchez de la poudre de coca\u00efne \u00e0 vendre en ligne ? Nembutal Boutique est un magasin leader o\u00f9 vous pouvez acheter de la coca\u00efne en ligne au meilleur prix. Commandez maintenant avec une exp\u00e9dition discr\u00e8te !","og_url":"https:\/\/nembutalboutique.com\/nl\/product\/online-cocaine-kopen\/","og_site_name":"Nembutal Boutique","article_modified_time":"2025-11-26T14:45:03+00:00","og_image":[{"width":600,"height":600,"url":"https:\/\/nembutalboutique.com\/wp-content\/uploads\/2024\/09\/CoCAINE.gif","type":"image\/gif"}],"twitter_card":"summary_large_image","twitter_misc":{"Geschatte leestijd":"4 minuten"},"schema":{"@context":"https:\/\/schema.org","@graph":[{"@type":"WebPage","@id":"https:\/\/nembutalboutique.com\/produit\/cocaine\/","url":"https:\/\/nembutalboutique.com\/produit\/cocaine\/","name":"Coca\u00efnepoeder online kopen - Coca\u00efnepoeder te koop","isPartOf":{"@id":"https:\/\/nembutalboutique.com\/#website"},"primaryImageOfPage":{"@id":"https:\/\/nembutalboutique.com\/produit\/cocaine\/#primaryimage"},"image":{"@id":"https:\/\/nembutalboutique.com\/produit\/cocaine\/#primaryimage"},"thumbnailUrl":"https:\/\/nembutalboutique.com\/wp-content\/uploads\/2024\/09\/CoCAINE.gif","datePublished":"2024-09-16T08:16:53+00:00","dateModified":"2025-11-26T14:45:03+00:00","description":"Op zoek naar coca\u00efnepoeder dat online te koop is? Nembutal Boutique is een toonaangevende winkel waar je online coca\u00efne kunt kopen tegen de beste prijs. Bestel nu met discrete verzending!","breadcrumb":{"@id":"https:\/\/nembutalboutique.com\/produit\/cocaine\/#breadcrumb"},"inLanguage":"nl-BE","potentialAction":[{"@type":"ReadAction","target":["https:\/\/nembutalboutique.com\/produit\/cocaine\/"]}]},{"@type":"ImageObject","inLanguage":"nl-BE","@id":"https:\/\/nembutalboutique.com\/produit\/cocaine\/#primaryimage","url":"https:\/\/nembutalboutique.com\/wp-content\/uploads\/2024\/09\/CoCAINE.gif","contentUrl":"https:\/\/nembutalboutique.com\/wp-content\/uploads\/2024\/09\/CoCAINE.gif","width":600,"height":600,"caption":"Acheter CoCAINE.gif"},{"@type":"BreadcrumbList","@id":"https:\/\/nembutalboutique.com\/produit\/cocaine\/#breadcrumb","itemListElement":[{"@type":"ListItem","position":1,"name":"Home","item":"https:\/\/nembutalboutique.com\/"},{"@type":"ListItem","position":2,"name":"Boutique","item":"https:\/\/nembutalboutique.com\/shop\/"},{"@type":"ListItem","position":3,"name":"COCA\u00cfNE"}]},{"@type":"WebSite","@id":"https:\/\/nembutalboutique.com\/#website","url":"https:\/\/nembutalboutique.com\/","name":"Nembutal winkel","description":"Mijn WordPress Blog","publisher":{"@id":"https:\/\/nembutalboutique.com\/#organization"},"potentialAction":[{"@type":"SearchAction","target":{"@type":"EntryPoint","urlTemplate":"https:\/\/nembutalboutique.com\/?s={search_term_string}"},"query-input":{"@type":"PropertyValueSpecification","valueRequired":true,"valueName":"search_term_string"}}],"inLanguage":"nl-BE"},{"@type":"Organization","@id":"https:\/\/nembutalboutique.com\/#organization","name":"Nembutal winkel","url":"https:\/\/nembutalboutique.com\/","logo":{"@type":"ImageObject","inLanguage":"nl-BE","@id":"https:\/\/nembutalboutique.com\/#\/schema\/logo\/image\/","url":"https:\/\/nembutalboutique.com\/wp-content\/uploads\/2024\/01\/logo.png","contentUrl":"https:\/\/nembutalboutique.com\/wp-content\/uploads\/2024\/01\/logo.png","width":494,"height":121,"caption":"Nembutal Boutique"},"image":{"@id":"https:\/\/nembutalboutique.com\/#\/schema\/logo\/image\/"}}]}},"_links":{"self":[{"href":"https:\/\/nembutalboutique.com\/nl\/wp-json\/wp\/v2\/product\/3337"}],"collection":[{"href":"https:\/\/nembutalboutique.com\/nl\/wp-json\/wp\/v2\/product"}],"about":[{"href":"https:\/\/nembutalboutique.com\/nl\/wp-json\/wp\/v2\/types\/product"}],"replies":[{"embeddable":true,"href":"https:\/\/nembutalboutique.com\/nl\/wp-json\/wp\/v2\/comments?post=3337"}],"wp:featuredmedia":[{"embeddable":true,"href":"https:\/\/nembutalboutique.com\/nl\/wp-json\/wp\/v2\/media\/3347"}],"wp:attachment":[{"href":"https:\/\/nembutalboutique.com\/nl\/wp-json\/wp\/v2\/media?parent=3337"}],"wp:term":[{"taxonomy":"product_brand","embeddable":true,"href":"https:\/\/nembutalboutique.com\/nl\/wp-json\/wp\/v2\/product_brand?post=3337"},{"taxonomy":"product_cat","embeddable":true,"href":"https:\/\/nembutalboutique.com\/nl\/wp-json\/wp\/v2\/product_cat?post=3337"},{"taxonomy":"product_tag","embeddable":true,"href":"https:\/\/nembutalboutique.com\/nl\/wp-json\/wp\/v2\/product_tag?post=3337"}],"curies":[{"name":"wp","href":"https:\/\/api.w.org\/{rel}","templated":true}]}}