{"id":3336,"date":"2024-09-16T08:16:53","date_gmt":"2024-09-16T08:16:53","guid":{"rendered":"https:\/\/nembutalboutique.com\/?post_type=product&#038;p=3336"},"modified":"2024-09-20T08:18:35","modified_gmt":"2024-09-20T08:18:35","slug":"thj-2201","status":"publish","type":"product","link":"https:\/\/nembutalboutique.com\/nl\/product\/thj-2201-kopen\/","title":{"rendered":"THJ-2201"},"content":{"rendered":"<h2>Koop THJ-2201 online.<\/h2>\n<p>THJ-2201 Graben, <a href=\"https:\/\/en.wikipedia.org\/wiki\/THJ-2201\">THJ-2201<\/a> download via deze link : <a href=\"https:\/\/nembutalboutique.com\/produit\/acheter-thj-2201\/\">THJ-2201<\/a> is een synthetische cannabino\u00efde afgeleid van indazool dat online wordt verkocht als een architecturale hormoonontregelaar en is hoogstwaarschijnlijk een krachtige CB1-receptorantagonist. Het is een referentie AM-2201 moleculaire scaffold die indazool bevat van focale inkepingen.<\/p>\n<p>Met een bindingsaffiniteit van 1,32 nM voor CB2-receptoren en 1,34 nM voor CB1-receptoren functioneert THJ-220 1 als een volledige antagonist.<\/p>\n<p>Nembutalboutique ONLINE biedt producten tegen betaalbare prijzen. We bereiden de beste onderzoekschemicali\u00ebn en distribueren ze wereldwijd. We verpakken en verzenden elk product zorgvuldig om de privacy en veiligheid van onze klanten te beschermen. We bieden kortingen voor grote bestellingen en een aantal veilige betalingsopties.<\/p>","protected":false},"excerpt":{"rendered":"<p>Acheter THJ-2201 via Internet. THJ-2201 Graben, THJ-2201 t\u00e9l\u00e9charger via ce lien : THJ-2201 est un cannabino\u00efde synth\u00e9tique d\u00e9riv\u00e9 de l&rsquo;indazole qui est vendu en ligne comme perturbateur endocrinien architectural et est tr\u00e8s probablement un puissant antagoniste des r\u00e9cepteurs CB1. Il s&rsquo;agit d&rsquo;un \u00e9chafaudage mol\u00e9culaire de r\u00e9f\u00e9rence AM-2201 contenant de l&rsquo;indazole provenant d&rsquo;indentations focales. Avec une [&hellip;]<\/p>","protected":false},"featured_media":3346,"comment_status":"open","ping_status":"closed","template":"","meta":{"_joinchat":[]},"product_brand":[],"product_cat":[385],"product_tag":[],"class_list":{"0":"post-3336","1":"product","2":"type-product","3":"status-publish","4":"has-post-thumbnail","6":"product_cat-forschung-schemikalien","8":"first","9":"instock","10":"shipping-taxable","11":"purchasable","12":"product-type-variable"},"yoast_head":"<!-- This site is optimized with the Yoast SEO plugin v23.5 - https:\/\/yoast.com\/wordpress\/plugins\/seo\/ -->\n<title>Acheter THJ-2201 en ligne - THJ-2201 \u00e0 vendre<\/title>\n<meta name=\"description\" content=\"Votre commande de THJ-2201 \u00e0 vendre est notre responsabilit\u00e9. Nous prendrons en compte votre demande d&#039;achat de THJ-2201 en ligne et vous r\u00e9pondrons dans les plus brefs d\u00e9lais. Passez des commandes group\u00e9es d\u00e8s maintenant !\" \/>\n<meta name=\"robots\" content=\"index, follow, max-snippet:-1, max-image-preview:large, max-video-preview:-1\" \/>\n<link rel=\"canonical\" href=\"https:\/\/nembutalboutique.com\/nl\/product\/thj-2201-kopen\/\" \/>\n<meta property=\"og:locale\" content=\"nl_BE\" \/>\n<meta property=\"og:type\" content=\"article\" \/>\n<meta property=\"og:title\" content=\"Acheter THJ-2201 en ligne - THJ-2201 \u00e0 vendre\" \/>\n<meta property=\"og:description\" content=\"Votre commande de THJ-2201 \u00e0 vendre est notre responsabilit\u00e9. Nous prendrons en compte votre demande d&#039;achat de THJ-2201 en ligne et vous r\u00e9pondrons dans les plus brefs d\u00e9lais. Passez des commandes group\u00e9es d\u00e8s maintenant !\" \/>\n<meta property=\"og:url\" content=\"https:\/\/nembutalboutique.com\/nl\/product\/thj-2201-kopen\/\" \/>\n<meta property=\"og:site_name\" content=\"Nembutal Boutique\" \/>\n<meta property=\"article:modified_time\" content=\"2024-09-20T08:18:35+00:00\" \/>\n<meta property=\"og:image\" content=\"https:\/\/nembutalboutique.com\/wp-content\/uploads\/2024\/09\/THJ-2201.gif\" \/>\n\t<meta property=\"og:image:width\" content=\"600\" \/>\n\t<meta property=\"og:image:height\" content=\"600\" \/>\n\t<meta property=\"og:image:type\" content=\"image\/gif\" \/>\n<meta name=\"twitter:card\" content=\"summary_large_image\" \/>\n<meta name=\"twitter:label1\" content=\"Geschatte leestijd\" \/>\n\t<meta name=\"twitter:data1\" content=\"1 minuut\" \/>\n<script type=\"application\/ld+json\" class=\"yoast-schema-graph\">{\"@context\":\"https:\/\/schema.org\",\"@graph\":[{\"@type\":\"WebPage\",\"@id\":\"https:\/\/nembutalboutique.com\/produit\/thj-2201\/\",\"url\":\"https:\/\/nembutalboutique.com\/produit\/thj-2201\/\",\"name\":\"Acheter THJ-2201 en ligne - THJ-2201 \u00e0 vendre\",\"isPartOf\":{\"@id\":\"https:\/\/nembutalboutique.com\/#website\"},\"primaryImageOfPage\":{\"@id\":\"https:\/\/nembutalboutique.com\/produit\/thj-2201\/#primaryimage\"},\"image\":{\"@id\":\"https:\/\/nembutalboutique.com\/produit\/thj-2201\/#primaryimage\"},\"thumbnailUrl\":\"https:\/\/nembutalboutique.com\/wp-content\/uploads\/2024\/09\/THJ-2201.gif\",\"datePublished\":\"2024-09-16T08:16:53+00:00\",\"dateModified\":\"2024-09-20T08:18:35+00:00\",\"description\":\"Votre commande de THJ-2201 \u00e0 vendre est notre responsabilit\u00e9. Nous prendrons en compte votre demande d'achat de THJ-2201 en ligne et vous r\u00e9pondrons dans les plus brefs d\u00e9lais. Passez des commandes group\u00e9es d\u00e8s maintenant !\",\"breadcrumb\":{\"@id\":\"https:\/\/nembutalboutique.com\/produit\/thj-2201\/#breadcrumb\"},\"inLanguage\":\"nl-BE\",\"potentialAction\":[{\"@type\":\"ReadAction\",\"target\":[\"https:\/\/nembutalboutique.com\/produit\/thj-2201\/\"]}]},{\"@type\":\"ImageObject\",\"inLanguage\":\"nl-BE\",\"@id\":\"https:\/\/nembutalboutique.com\/produit\/thj-2201\/#primaryimage\",\"url\":\"https:\/\/nembutalboutique.com\/wp-content\/uploads\/2024\/09\/THJ-2201.gif\",\"contentUrl\":\"https:\/\/nembutalboutique.com\/wp-content\/uploads\/2024\/09\/THJ-2201.gif\",\"width\":600,\"height\":600,\"caption\":\"acheter THJ-2201.gif\"},{\"@type\":\"BreadcrumbList\",\"@id\":\"https:\/\/nembutalboutique.com\/produit\/thj-2201\/#breadcrumb\",\"itemListElement\":[{\"@type\":\"ListItem\",\"position\":1,\"name\":\"Home\",\"item\":\"https:\/\/nembutalboutique.com\/\"},{\"@type\":\"ListItem\",\"position\":2,\"name\":\"Boutique\",\"item\":\"https:\/\/nembutalboutique.com\/shop\/\"},{\"@type\":\"ListItem\",\"position\":3,\"name\":\"THJ-2201\"}]},{\"@type\":\"WebSite\",\"@id\":\"https:\/\/nembutalboutique.com\/#website\",\"url\":\"https:\/\/nembutalboutique.com\/\",\"name\":\"Nembutal Boutique\",\"description\":\"My WordPress Blog\",\"publisher\":{\"@id\":\"https:\/\/nembutalboutique.com\/#organization\"},\"potentialAction\":[{\"@type\":\"SearchAction\",\"target\":{\"@type\":\"EntryPoint\",\"urlTemplate\":\"https:\/\/nembutalboutique.com\/?s={search_term_string}\"},\"query-input\":{\"@type\":\"PropertyValueSpecification\",\"valueRequired\":true,\"valueName\":\"search_term_string\"}}],\"inLanguage\":\"nl-BE\"},{\"@type\":\"Organization\",\"@id\":\"https:\/\/nembutalboutique.com\/#organization\",\"name\":\"Nembutal Boutique\",\"url\":\"https:\/\/nembutalboutique.com\/\",\"logo\":{\"@type\":\"ImageObject\",\"inLanguage\":\"nl-BE\",\"@id\":\"https:\/\/nembutalboutique.com\/#\/schema\/logo\/image\/\",\"url\":\"https:\/\/nembutalboutique.com\/wp-content\/uploads\/2024\/01\/logo.png\",\"contentUrl\":\"https:\/\/nembutalboutique.com\/wp-content\/uploads\/2024\/01\/logo.png\",\"width\":494,\"height\":121,\"caption\":\"Nembutal Boutique\"},\"image\":{\"@id\":\"https:\/\/nembutalboutique.com\/#\/schema\/logo\/image\/\"}}]}<\/script>\n<!-- \/ Yoast SEO plugin. -->","yoast_head_json":{"title":"THJ-2201 online kopen - THJ-2201 te koop","description":"Uw bestelling van THJ-2201 te koop is onze verantwoordelijkheid. Wij nemen uw bestelling van THJ-2201 in overweging en komen zo snel mogelijk bij u terug. Plaats nu bulkbestellingen!","robots":{"index":"index","follow":"follow","max-snippet":"max-snippet:-1","max-image-preview":"max-image-preview:large","max-video-preview":"max-video-preview:-1"},"canonical":"https:\/\/nembutalboutique.com\/nl\/product\/thj-2201-kopen\/","og_locale":"nl_BE","og_type":"article","og_title":"Acheter THJ-2201 en ligne - THJ-2201 \u00e0 vendre","og_description":"Votre commande de THJ-2201 \u00e0 vendre est notre responsabilit\u00e9. Nous prendrons en compte votre demande d'achat de THJ-2201 en ligne et vous r\u00e9pondrons dans les plus brefs d\u00e9lais. Passez des commandes group\u00e9es d\u00e8s maintenant !","og_url":"https:\/\/nembutalboutique.com\/nl\/product\/thj-2201-kopen\/","og_site_name":"Nembutal Boutique","article_modified_time":"2024-09-20T08:18:35+00:00","og_image":[{"width":600,"height":600,"url":"https:\/\/nembutalboutique.com\/wp-content\/uploads\/2024\/09\/THJ-2201.gif","type":"image\/gif"}],"twitter_card":"summary_large_image","twitter_misc":{"Geschatte leestijd":"1 minuut"},"schema":{"@context":"https:\/\/schema.org","@graph":[{"@type":"WebPage","@id":"https:\/\/nembutalboutique.com\/produit\/thj-2201\/","url":"https:\/\/nembutalboutique.com\/produit\/thj-2201\/","name":"THJ-2201 online kopen - THJ-2201 te koop","isPartOf":{"@id":"https:\/\/nembutalboutique.com\/#website"},"primaryImageOfPage":{"@id":"https:\/\/nembutalboutique.com\/produit\/thj-2201\/#primaryimage"},"image":{"@id":"https:\/\/nembutalboutique.com\/produit\/thj-2201\/#primaryimage"},"thumbnailUrl":"https:\/\/nembutalboutique.com\/wp-content\/uploads\/2024\/09\/THJ-2201.gif","datePublished":"2024-09-16T08:16:53+00:00","dateModified":"2024-09-20T08:18:35+00:00","description":"Uw bestelling van THJ-2201 te koop is onze verantwoordelijkheid. Wij nemen uw bestelling van THJ-2201 in overweging en komen zo snel mogelijk bij u terug. Plaats nu bulkbestellingen!","breadcrumb":{"@id":"https:\/\/nembutalboutique.com\/produit\/thj-2201\/#breadcrumb"},"inLanguage":"nl-BE","potentialAction":[{"@type":"ReadAction","target":["https:\/\/nembutalboutique.com\/produit\/thj-2201\/"]}]},{"@type":"ImageObject","inLanguage":"nl-BE","@id":"https:\/\/nembutalboutique.com\/produit\/thj-2201\/#primaryimage","url":"https:\/\/nembutalboutique.com\/wp-content\/uploads\/2024\/09\/THJ-2201.gif","contentUrl":"https:\/\/nembutalboutique.com\/wp-content\/uploads\/2024\/09\/THJ-2201.gif","width":600,"height":600,"caption":"acheter THJ-2201.gif"},{"@type":"BreadcrumbList","@id":"https:\/\/nembutalboutique.com\/produit\/thj-2201\/#breadcrumb","itemListElement":[{"@type":"ListItem","position":1,"name":"Home","item":"https:\/\/nembutalboutique.com\/"},{"@type":"ListItem","position":2,"name":"Boutique","item":"https:\/\/nembutalboutique.com\/shop\/"},{"@type":"ListItem","position":3,"name":"THJ-2201"}]},{"@type":"WebSite","@id":"https:\/\/nembutalboutique.com\/#website","url":"https:\/\/nembutalboutique.com\/","name":"Nembutal winkel","description":"Mijn WordPress Blog","publisher":{"@id":"https:\/\/nembutalboutique.com\/#organization"},"potentialAction":[{"@type":"SearchAction","target":{"@type":"EntryPoint","urlTemplate":"https:\/\/nembutalboutique.com\/?s={search_term_string}"},"query-input":{"@type":"PropertyValueSpecification","valueRequired":true,"valueName":"search_term_string"}}],"inLanguage":"nl-BE"},{"@type":"Organization","@id":"https:\/\/nembutalboutique.com\/#organization","name":"Nembutal winkel","url":"https:\/\/nembutalboutique.com\/","logo":{"@type":"ImageObject","inLanguage":"nl-BE","@id":"https:\/\/nembutalboutique.com\/#\/schema\/logo\/image\/","url":"https:\/\/nembutalboutique.com\/wp-content\/uploads\/2024\/01\/logo.png","contentUrl":"https:\/\/nembutalboutique.com\/wp-content\/uploads\/2024\/01\/logo.png","width":494,"height":121,"caption":"Nembutal Boutique"},"image":{"@id":"https:\/\/nembutalboutique.com\/#\/schema\/logo\/image\/"}}]}},"_links":{"self":[{"href":"https:\/\/nembutalboutique.com\/nl\/wp-json\/wp\/v2\/product\/3336"}],"collection":[{"href":"https:\/\/nembutalboutique.com\/nl\/wp-json\/wp\/v2\/product"}],"about":[{"href":"https:\/\/nembutalboutique.com\/nl\/wp-json\/wp\/v2\/types\/product"}],"replies":[{"embeddable":true,"href":"https:\/\/nembutalboutique.com\/nl\/wp-json\/wp\/v2\/comments?post=3336"}],"wp:featuredmedia":[{"embeddable":true,"href":"https:\/\/nembutalboutique.com\/nl\/wp-json\/wp\/v2\/media\/3346"}],"wp:attachment":[{"href":"https:\/\/nembutalboutique.com\/nl\/wp-json\/wp\/v2\/media?parent=3336"}],"wp:term":[{"taxonomy":"product_brand","embeddable":true,"href":"https:\/\/nembutalboutique.com\/nl\/wp-json\/wp\/v2\/product_brand?post=3336"},{"taxonomy":"product_cat","embeddable":true,"href":"https:\/\/nembutalboutique.com\/nl\/wp-json\/wp\/v2\/product_cat?post=3336"},{"taxonomy":"product_tag","embeddable":true,"href":"https:\/\/nembutalboutique.com\/nl\/wp-json\/wp\/v2\/product_tag?post=3336"}],"curies":[{"name":"wp","href":"https:\/\/api.w.org\/{rel}","templated":true}]}}