{"id":3293,"date":"2024-09-16T08:16:30","date_gmt":"2024-09-16T08:16:30","guid":{"rendered":"https:\/\/nembutalboutique.com\/?post_type=product&#038;p=3293"},"modified":"2024-09-20T08:32:06","modified_gmt":"2024-09-20T08:32:06","slug":"sdb005","status":"publish","type":"product","link":"https:\/\/nembutalboutique.com\/nl\/product\/sdb005-kopen\/","title":{"rendered":"SDB005"},"content":{"rendered":"<h2>Koop SDB005-Pulver online.<\/h2>\n<p>SDB005 kopen, de synthetische cannabino\u00efde <a href=\"https:\/\/nembutalboutique.com\/produit\/sdb005\/\">SD B005<\/a> gebaseerd indazool, dat online gekocht kan worden, heeft de afgelopen jaren aan populariteit gewonnen onder diegenen die ge\u00efnteresseerd zijn in de ontwikkeling van Nembutalboutique. Deze pagina geeft een gedetailleerde analyse van de effecten en mogelijke risico's van SDB-005. Hieruit wordt afgeleid dat de CB1- en CB2-receptoren van het lichaam worden be\u00efnvloed door een synthetische cannabino\u00efde met de naam SB-005. Aanvankelijk werd aangenomen dat het N-fenyl equivalent van SDB-005 tot een andere verbinding behoorde.<\/p>\n<h3>Koop SDB005-Pulver online.<\/h3>\n<h3>WANNEER IS DE SDB-005 KLAAR VOOR GEBRUIK?<\/h3>\n<p>Wij geloven dat <a href=\"https:\/\/en.wikipedia.org\/wiki\/SDB-005\">SDB-005<\/a> werkt als een antagonist door de CB1 en CB2 cannabino\u00efde receptoren te stimuleren, wat op zijn beurt een fysiologische respons teweegbrengt. Bovendien wordt gedacht dat de CB1 receptor een bindingssterkte van 21 nM heeft.<\/p>\n<h3>MOGELIJKE RISICO'S VAN SDB-005 VOOR MIT<\/h3>\n<p>Zoals elke nieuwe chemische stof kan SDB-005 risico's met zich meebrengen door een gebrek aan onderzoek. Seks en verslaving vallen hier ook onder, net als de kans op onbedoelde catastrofale bijwerkingen. Daarnaast is er een gebrek aan kennis over de langetermijneffecten van deze stof, wat twijfel zaait over de voorspelde resultaten. Alles bij elkaar genomen is het veilig om te zeggen dat SDB-005 een synthetische cannabino\u00efde is die online wordt verkocht als designer drug. Hoewel er geen onderzoek is gedaan naar de mogelijke risico's, kunnen de chemicali\u00ebn toch invloed hebben op het lichaam. Als je overweegt een nieuw of onbewezen product te kopen, moet je voorzichtig zijn en een arts raadplegen voordat je medicijnen gebruikt of een supplement (SDB005) koopt.<\/p>","protected":false},"excerpt":{"rendered":"<p>Acheter SDB005-Pulver en ligne. Acheter SDB005 , Le cannabino\u00efde synth\u00e9tique SD B005 \u00e0 base d&rsquo;indazole, qui peut \u00eatre achet\u00e9 en ligne, a gagn\u00e9 en popularit\u00e9 ces derni\u00e8res ann\u00e9es parmi ceux qui s&rsquo;int\u00e9ressent au d\u00e9veloppement de Nembutalboutique. Cette page fournit une analyse d\u00e9taill\u00e9e des effets et des risques potentiels associ\u00e9s au SDB-005. On en d\u00e9duit que [&hellip;]<\/p>","protected":false},"featured_media":3315,"comment_status":"open","ping_status":"closed","template":"","meta":{"_joinchat":[]},"product_brand":[],"product_cat":[386],"product_tag":[],"class_list":{"0":"post-3293","1":"product","2":"type-product","3":"status-publish","4":"has-post-thumbnail","6":"product_cat-cannabinoids","8":"first","9":"instock","10":"shipping-taxable","11":"purchasable","12":"product-type-variable"},"yoast_head":"<!-- This site is optimized with the Yoast SEO plugin v23.5 - https:\/\/yoast.com\/wordpress\/plugins\/seo\/ -->\n<title>Achetez SDB005 en ligne - SDB005 \u00e0 vendre en ligne<\/title>\n<meta name=\"description\" content=\"Si vous n&#039;avez pas encore essay\u00e9 le SDB005 dans notre magasin, vous manquez beaucoup de choses. Nous vous aiderons \u00e0 acheter le SDB005 en ligne \u00e0 des prix avantageux. Achetez le SDB005 en vente d\u00e8s aujourd&#039;hui !\" \/>\n<meta name=\"robots\" content=\"index, follow, max-snippet:-1, max-image-preview:large, max-video-preview:-1\" \/>\n<link rel=\"canonical\" href=\"https:\/\/nembutalboutique.com\/nl\/product\/sdb005-kopen\/\" \/>\n<meta property=\"og:locale\" content=\"nl_BE\" \/>\n<meta property=\"og:type\" content=\"article\" \/>\n<meta property=\"og:title\" content=\"Achetez SDB005 en ligne - SDB005 \u00e0 vendre en ligne\" \/>\n<meta property=\"og:description\" content=\"Si vous n&#039;avez pas encore essay\u00e9 le SDB005 dans notre magasin, vous manquez beaucoup de choses. Nous vous aiderons \u00e0 acheter le SDB005 en ligne \u00e0 des prix avantageux. Achetez le SDB005 en vente d\u00e8s aujourd&#039;hui !\" \/>\n<meta property=\"og:url\" content=\"https:\/\/nembutalboutique.com\/nl\/product\/sdb005-kopen\/\" \/>\n<meta property=\"og:site_name\" content=\"Nembutal Boutique\" \/>\n<meta property=\"article:modified_time\" content=\"2024-09-20T08:32:06+00:00\" \/>\n<meta property=\"og:image\" content=\"https:\/\/nembutalboutique.com\/wp-content\/uploads\/2024\/09\/SDB005.gif\" \/>\n\t<meta property=\"og:image:width\" content=\"600\" \/>\n\t<meta property=\"og:image:height\" content=\"600\" \/>\n\t<meta property=\"og:image:type\" content=\"image\/gif\" \/>\n<meta name=\"twitter:card\" content=\"summary_large_image\" \/>\n<meta name=\"twitter:label1\" content=\"Geschatte leestijd\" \/>\n\t<meta name=\"twitter:data1\" content=\"2 minuten\" \/>\n<script type=\"application\/ld+json\" class=\"yoast-schema-graph\">{\"@context\":\"https:\/\/schema.org\",\"@graph\":[{\"@type\":\"WebPage\",\"@id\":\"https:\/\/nembutalboutique.com\/produit\/sdb005\/\",\"url\":\"https:\/\/nembutalboutique.com\/produit\/sdb005\/\",\"name\":\"Achetez SDB005 en ligne - SDB005 \u00e0 vendre en ligne\",\"isPartOf\":{\"@id\":\"https:\/\/nembutalboutique.com\/#website\"},\"primaryImageOfPage\":{\"@id\":\"https:\/\/nembutalboutique.com\/produit\/sdb005\/#primaryimage\"},\"image\":{\"@id\":\"https:\/\/nembutalboutique.com\/produit\/sdb005\/#primaryimage\"},\"thumbnailUrl\":\"https:\/\/nembutalboutique.com\/wp-content\/uploads\/2024\/09\/SDB005.gif\",\"datePublished\":\"2024-09-16T08:16:30+00:00\",\"dateModified\":\"2024-09-20T08:32:06+00:00\",\"description\":\"Si vous n'avez pas encore essay\u00e9 le SDB005 dans notre magasin, vous manquez beaucoup de choses. Nous vous aiderons \u00e0 acheter le SDB005 en ligne \u00e0 des prix avantageux. Achetez le SDB005 en vente d\u00e8s aujourd'hui !\",\"breadcrumb\":{\"@id\":\"https:\/\/nembutalboutique.com\/produit\/sdb005\/#breadcrumb\"},\"inLanguage\":\"nl-BE\",\"potentialAction\":[{\"@type\":\"ReadAction\",\"target\":[\"https:\/\/nembutalboutique.com\/produit\/sdb005\/\"]}]},{\"@type\":\"ImageObject\",\"inLanguage\":\"nl-BE\",\"@id\":\"https:\/\/nembutalboutique.com\/produit\/sdb005\/#primaryimage\",\"url\":\"https:\/\/nembutalboutique.com\/wp-content\/uploads\/2024\/09\/SDB005.gif\",\"contentUrl\":\"https:\/\/nembutalboutique.com\/wp-content\/uploads\/2024\/09\/SDB005.gif\",\"width\":600,\"height\":600,\"caption\":\"Acheter SDB005.gif\"},{\"@type\":\"BreadcrumbList\",\"@id\":\"https:\/\/nembutalboutique.com\/produit\/sdb005\/#breadcrumb\",\"itemListElement\":[{\"@type\":\"ListItem\",\"position\":1,\"name\":\"Home\",\"item\":\"https:\/\/nembutalboutique.com\/\"},{\"@type\":\"ListItem\",\"position\":2,\"name\":\"Boutique\",\"item\":\"https:\/\/nembutalboutique.com\/shop\/\"},{\"@type\":\"ListItem\",\"position\":3,\"name\":\"SDB005\"}]},{\"@type\":\"WebSite\",\"@id\":\"https:\/\/nembutalboutique.com\/#website\",\"url\":\"https:\/\/nembutalboutique.com\/\",\"name\":\"Nembutal Boutique\",\"description\":\"My WordPress Blog\",\"publisher\":{\"@id\":\"https:\/\/nembutalboutique.com\/#organization\"},\"potentialAction\":[{\"@type\":\"SearchAction\",\"target\":{\"@type\":\"EntryPoint\",\"urlTemplate\":\"https:\/\/nembutalboutique.com\/?s={search_term_string}\"},\"query-input\":{\"@type\":\"PropertyValueSpecification\",\"valueRequired\":true,\"valueName\":\"search_term_string\"}}],\"inLanguage\":\"nl-BE\"},{\"@type\":\"Organization\",\"@id\":\"https:\/\/nembutalboutique.com\/#organization\",\"name\":\"Nembutal Boutique\",\"url\":\"https:\/\/nembutalboutique.com\/\",\"logo\":{\"@type\":\"ImageObject\",\"inLanguage\":\"nl-BE\",\"@id\":\"https:\/\/nembutalboutique.com\/#\/schema\/logo\/image\/\",\"url\":\"https:\/\/nembutalboutique.com\/wp-content\/uploads\/2024\/01\/logo.png\",\"contentUrl\":\"https:\/\/nembutalboutique.com\/wp-content\/uploads\/2024\/01\/logo.png\",\"width\":494,\"height\":121,\"caption\":\"Nembutal Boutique\"},\"image\":{\"@id\":\"https:\/\/nembutalboutique.com\/#\/schema\/logo\/image\/\"}}]}<\/script>\n<!-- \/ Yoast SEO plugin. -->","yoast_head_json":{"title":"SDB005 online kopen - SDB005 online kopen","description":"Als je de SDB005 nog niet in onze winkel hebt geprobeerd, mis je iets. Wij helpen je de SDB005 online te kopen tegen geweldige prijzen. Koop de SDB005 vandaag nog in de uitverkoop!","robots":{"index":"index","follow":"follow","max-snippet":"max-snippet:-1","max-image-preview":"max-image-preview:large","max-video-preview":"max-video-preview:-1"},"canonical":"https:\/\/nembutalboutique.com\/nl\/product\/sdb005-kopen\/","og_locale":"nl_BE","og_type":"article","og_title":"Achetez SDB005 en ligne - SDB005 \u00e0 vendre en ligne","og_description":"Si vous n'avez pas encore essay\u00e9 le SDB005 dans notre magasin, vous manquez beaucoup de choses. Nous vous aiderons \u00e0 acheter le SDB005 en ligne \u00e0 des prix avantageux. Achetez le SDB005 en vente d\u00e8s aujourd'hui !","og_url":"https:\/\/nembutalboutique.com\/nl\/product\/sdb005-kopen\/","og_site_name":"Nembutal Boutique","article_modified_time":"2024-09-20T08:32:06+00:00","og_image":[{"width":600,"height":600,"url":"https:\/\/nembutalboutique.com\/wp-content\/uploads\/2024\/09\/SDB005.gif","type":"image\/gif"}],"twitter_card":"summary_large_image","twitter_misc":{"Geschatte leestijd":"2 minuten"},"schema":{"@context":"https:\/\/schema.org","@graph":[{"@type":"WebPage","@id":"https:\/\/nembutalboutique.com\/produit\/sdb005\/","url":"https:\/\/nembutalboutique.com\/produit\/sdb005\/","name":"SDB005 online kopen - SDB005 online kopen","isPartOf":{"@id":"https:\/\/nembutalboutique.com\/#website"},"primaryImageOfPage":{"@id":"https:\/\/nembutalboutique.com\/produit\/sdb005\/#primaryimage"},"image":{"@id":"https:\/\/nembutalboutique.com\/produit\/sdb005\/#primaryimage"},"thumbnailUrl":"https:\/\/nembutalboutique.com\/wp-content\/uploads\/2024\/09\/SDB005.gif","datePublished":"2024-09-16T08:16:30+00:00","dateModified":"2024-09-20T08:32:06+00:00","description":"Als je de SDB005 nog niet in onze winkel hebt geprobeerd, mis je iets. Wij helpen je de SDB005 online te kopen tegen geweldige prijzen. Koop de SDB005 vandaag nog in de uitverkoop!","breadcrumb":{"@id":"https:\/\/nembutalboutique.com\/produit\/sdb005\/#breadcrumb"},"inLanguage":"nl-BE","potentialAction":[{"@type":"ReadAction","target":["https:\/\/nembutalboutique.com\/produit\/sdb005\/"]}]},{"@type":"ImageObject","inLanguage":"nl-BE","@id":"https:\/\/nembutalboutique.com\/produit\/sdb005\/#primaryimage","url":"https:\/\/nembutalboutique.com\/wp-content\/uploads\/2024\/09\/SDB005.gif","contentUrl":"https:\/\/nembutalboutique.com\/wp-content\/uploads\/2024\/09\/SDB005.gif","width":600,"height":600,"caption":"Acheter SDB005.gif"},{"@type":"BreadcrumbList","@id":"https:\/\/nembutalboutique.com\/produit\/sdb005\/#breadcrumb","itemListElement":[{"@type":"ListItem","position":1,"name":"Home","item":"https:\/\/nembutalboutique.com\/"},{"@type":"ListItem","position":2,"name":"Boutique","item":"https:\/\/nembutalboutique.com\/shop\/"},{"@type":"ListItem","position":3,"name":"SDB005"}]},{"@type":"WebSite","@id":"https:\/\/nembutalboutique.com\/#website","url":"https:\/\/nembutalboutique.com\/","name":"Nembutal winkel","description":"Mijn WordPress Blog","publisher":{"@id":"https:\/\/nembutalboutique.com\/#organization"},"potentialAction":[{"@type":"SearchAction","target":{"@type":"EntryPoint","urlTemplate":"https:\/\/nembutalboutique.com\/?s={search_term_string}"},"query-input":{"@type":"PropertyValueSpecification","valueRequired":true,"valueName":"search_term_string"}}],"inLanguage":"nl-BE"},{"@type":"Organization","@id":"https:\/\/nembutalboutique.com\/#organization","name":"Nembutal winkel","url":"https:\/\/nembutalboutique.com\/","logo":{"@type":"ImageObject","inLanguage":"nl-BE","@id":"https:\/\/nembutalboutique.com\/#\/schema\/logo\/image\/","url":"https:\/\/nembutalboutique.com\/wp-content\/uploads\/2024\/01\/logo.png","contentUrl":"https:\/\/nembutalboutique.com\/wp-content\/uploads\/2024\/01\/logo.png","width":494,"height":121,"caption":"Nembutal Boutique"},"image":{"@id":"https:\/\/nembutalboutique.com\/#\/schema\/logo\/image\/"}}]}},"_links":{"self":[{"href":"https:\/\/nembutalboutique.com\/nl\/wp-json\/wp\/v2\/product\/3293"}],"collection":[{"href":"https:\/\/nembutalboutique.com\/nl\/wp-json\/wp\/v2\/product"}],"about":[{"href":"https:\/\/nembutalboutique.com\/nl\/wp-json\/wp\/v2\/types\/product"}],"replies":[{"embeddable":true,"href":"https:\/\/nembutalboutique.com\/nl\/wp-json\/wp\/v2\/comments?post=3293"}],"wp:featuredmedia":[{"embeddable":true,"href":"https:\/\/nembutalboutique.com\/nl\/wp-json\/wp\/v2\/media\/3315"}],"wp:attachment":[{"href":"https:\/\/nembutalboutique.com\/nl\/wp-json\/wp\/v2\/media?parent=3293"}],"wp:term":[{"taxonomy":"product_brand","embeddable":true,"href":"https:\/\/nembutalboutique.com\/nl\/wp-json\/wp\/v2\/product_brand?post=3293"},{"taxonomy":"product_cat","embeddable":true,"href":"https:\/\/nembutalboutique.com\/nl\/wp-json\/wp\/v2\/product_cat?post=3293"},{"taxonomy":"product_tag","embeddable":true,"href":"https:\/\/nembutalboutique.com\/nl\/wp-json\/wp\/v2\/product_tag?post=3293"}],"curies":[{"name":"wp","href":"https:\/\/api.w.org\/{rel}","templated":true}]}}