{"id":3230,"date":"2024-09-16T08:16:07","date_gmt":"2024-09-16T08:16:07","guid":{"rendered":"https:\/\/nembutalboutique.com\/?post_type=product&#038;p=3230"},"modified":"2024-09-24T07:38:12","modified_gmt":"2024-09-24T07:38:12","slug":"fub-akb48","status":"publish","type":"product","link":"https:\/\/nembutalboutique.com\/nl\/product\/fub-akb48-online-kopen\/","title":{"rendered":"FUB-AKB48"},"content":{"rendered":"<h2>FUB-AKB-48 is verkrijgbaar bij Nembutal omdat kwaliteit telt!<\/h2>\n<p><a href=\"https:\/\/nembutalboutique.com\/produit\/fub-akb48\/\">FUB-AKB48 online<\/a> van de beste Europese chemische bedrijven. Geproduceerd met een gegarandeerde zuiverheid van minstens 98 %. We leveren de COA van elke batch die chemisch geproduceerd is tijdens ons onderzoek!<\/p>\n<h3>FUB-AKB-48 af fabriek gemonteerd<\/h3>\n<p>Bevat ten minste 98 % + FUB-AKB-48 nieren per controle-eenheid.<\/p>\n<p>Dosering van <a href=\"https:\/\/en.wikipedia.org\/wiki\/AKB48\">FUB-AKB-48<\/a><\/p>\n<p>Er is geen aanbevolen dosering omdat FUB-AKB-48 alleen wordt verkocht voor gebruik in wetenschappelijk chemisch onderzoek en niet bedoeld is voor menselijke consumptie.<\/p>\n<h3>Implicaties van FUB-AKB-48 :<\/h3>\n<p>De klinische effecten van de meeste nieuwe synthetische drugs, zoals FUB-AKB-48, kunnen worden geclassificeerd als stimulerend, hypnotiserend of hallucinogeen. Bovendien krijg je een combinatie van deze effecten met synthetische sideketensubstitutie.<br \/>\nBijwerkingen van FUB-AKB-48<\/p>\n<p>Net als andere synthetische geneesmiddelen kan het gebruik van FUB-AKB-48 ernstige bijwerkingen veroorzaken; het product is niet klinisch getest of op enigerlei wijze goedgekeurd als een product bedoeld voor gebruik door een arts! FUB-AKB-48 is daarom alleen bedoeld voor wetenschappelijk onderzoek en mag niet worden gebruikt voor menselijke doeleinden!<\/p>\n<h3>Begrijpen hoe de FUB-AKB-48 moet worden opgeslagen<\/h3>\n<p>Bewaar de FUB-AKB-48 bij een temperatuur onder 30 graden Celsius. Bewaar de FUB-AKB-48 in de originele verpakking, uit de buurt van direct zonlicht en vocht.<\/p>\n<p><strong>FUB-AKB48<\/strong><\/p>\n<p>Er zijn structurele overeenkomsten tussen FUB-AKB48 (art.-nr. 11566) en de synthetische cannabino\u00efden (CB) JWH 018 Adamantylcarboxamid (art.-nr. 9001193) en STS-135 (art.-nr. 11564) die op de markt worden gebracht voor recreatief gebruik. 1. Chinolaten die adantylcarboxamide bevatten, hebben vaak een hoge affiniteit voor de perifere cannabino\u00efdereceptor (CB2) maar een veel lagere affiniteit voor de centrale receptor (CB1). Twee derivaten van AKB48, N-(4-Fluorbenzyl)-Analogon en Analogon, hebben een karakteristieke structuur. De krachtige CB1 modulator AB-FUBINACA (Art.-Nr. 14039) is verbeterd door het pentylketo te vervangen door een 4-fluorbenzylgroep. De fysiologische eigenschappen van deze binding zijn onbekend. Onderzoek en forensische toepassingen zijn de doelmarkten voor dit apparaat.<\/p>\n<p>Sinds onze oprichting zijn we gegroeid om beter aan de behoeften van onze klanten te kunnen voldoen. Onze expertise is uitgebreid met de ontwikkeling van forensische standaarden, preklinische medicijnontwikkeling, contractonderzoeksdiensten, ontwikkeling van farmaceutische materialen, ondersteuning van onderzoeksfinanciering en betrokkenheid bij de gemeenschap. We zullen nooit afwijken van onze grondbeginselen en oorspronkelijke doelstellingen om de onderzoeksgemeenschap te ondersteunen en artikelen van hoge kwaliteit tegen redelijke prijzen te leveren.<\/p>\n<p>De ideale plek om onderzoekschemicali\u00ebn te kopen en jezelf uit te rusten met geavanceerde materialen voor je projecten is nembutal kopen. Als het aankomt op levering, is een zuivere en echte 100 % chemische relatie vereist; je hebt een partner nodig waar je op kunt vertrouwen, en daar kun je bij ons zeker van zijn. We zijn er trots op dat we ons hebben gevestigd als een van de meest gerenommeerde leveranciers in de industrie door onze toewijding aan kwaliteit en wetenschappelijke integriteit.<\/p>\n<p>Als het gaat om wereldwijde chemische adviesdiensten en offshore en internationale levering van chemicali\u00ebn, wordt Kaufnembutal beschouwd als marktleider. Kaufnembutal is een echte wereldwijde leverancier, actief op zes continenten. We worden lokaal en internationaal erkend voor onze kennis, vaardigheden en ervaring, en hebben een internationale reputatie voor het leveren van de hoogste kwaliteit van dienstverlening. FUB-AKB-48 kopen.<\/p>","protected":false},"excerpt":{"rendered":"<p>FUB-AKB-48 est disponible \u00e0 l&rsquo;achat chez Nembutal car la qualit\u00e9 compte ! FUB-AKB48 en ligne aupr\u00e8s des meilleures soci\u00e9t\u00e9s chimiques europ\u00e9ennes. Produit avec une puret\u00e9 garantie d&rsquo;au moins 98 %. Nous fournissons le COA de chaque lot produit chimiquement au cours de nos recherches ! FUB-AKB-48 en usine Contient au moins 98 % + rein [&hellip;]<\/p>","protected":false},"featured_media":3248,"comment_status":"open","ping_status":"closed","template":"","meta":{"_joinchat":[]},"product_brand":[],"product_cat":[386],"product_tag":[],"class_list":{"0":"post-3230","1":"product","2":"type-product","3":"status-publish","4":"has-post-thumbnail","6":"product_cat-cannabinoids","8":"first","9":"instock","10":"shipping-taxable","11":"purchasable","12":"product-type-variable"},"yoast_head":"<!-- This site is optimized with the Yoast SEO plugin v23.5 - https:\/\/yoast.com\/wordpress\/plugins\/seo\/ -->\n<title>Fub AKB48 en ligne - Fub AKB48 \u00e0 vendre<\/title>\n<meta name=\"description\" content=\"Trouvez des Fub AKB48 de qualit\u00e9 sup\u00e9rieure \u00e0 vendre dans notre boutique en ligne, offrant une plate-forme s\u00e9curis\u00e9e pour acheter Fub AKB48 en ligne en toute simplicit\u00e9, r\u00e9pondant \u00e0 vos besoins de recherche. Passez votre commande maintenant !\" \/>\n<meta name=\"robots\" content=\"index, follow, max-snippet:-1, max-image-preview:large, max-video-preview:-1\" \/>\n<link rel=\"canonical\" href=\"https:\/\/nembutalboutique.com\/nl\/product\/fub-akb48-online-kopen\/\" \/>\n<meta property=\"og:locale\" content=\"nl_BE\" \/>\n<meta property=\"og:type\" content=\"article\" \/>\n<meta property=\"og:title\" content=\"Fub AKB48 en ligne - Fub AKB48 \u00e0 vendre\" \/>\n<meta property=\"og:description\" content=\"Trouvez des Fub AKB48 de qualit\u00e9 sup\u00e9rieure \u00e0 vendre dans notre boutique en ligne, offrant une plate-forme s\u00e9curis\u00e9e pour acheter Fub AKB48 en ligne en toute simplicit\u00e9, r\u00e9pondant \u00e0 vos besoins de recherche. Passez votre commande maintenant !\" \/>\n<meta property=\"og:url\" content=\"https:\/\/nembutalboutique.com\/nl\/product\/fub-akb48-online-kopen\/\" \/>\n<meta property=\"og:site_name\" content=\"Nembutal Boutique\" \/>\n<meta property=\"article:modified_time\" content=\"2024-09-24T07:38:12+00:00\" \/>\n<meta property=\"og:image\" content=\"https:\/\/nembutalboutique.com\/wp-content\/uploads\/2024\/09\/FUB-AKB48.gif\" \/>\n\t<meta property=\"og:image:width\" content=\"600\" \/>\n\t<meta property=\"og:image:height\" content=\"600\" \/>\n\t<meta property=\"og:image:type\" content=\"image\/gif\" \/>\n<meta name=\"twitter:card\" content=\"summary_large_image\" \/>\n<meta name=\"twitter:label1\" content=\"Geschatte leestijd\" \/>\n\t<meta name=\"twitter:data1\" content=\"3 minuten\" \/>\n<script type=\"application\/ld+json\" class=\"yoast-schema-graph\">{\"@context\":\"https:\/\/schema.org\",\"@graph\":[{\"@type\":\"WebPage\",\"@id\":\"https:\/\/nembutalboutique.com\/produit\/fub-akb48\/\",\"url\":\"https:\/\/nembutalboutique.com\/produit\/fub-akb48\/\",\"name\":\"Fub AKB48 en ligne - Fub AKB48 \u00e0 vendre\",\"isPartOf\":{\"@id\":\"https:\/\/nembutalboutique.com\/#website\"},\"primaryImageOfPage\":{\"@id\":\"https:\/\/nembutalboutique.com\/produit\/fub-akb48\/#primaryimage\"},\"image\":{\"@id\":\"https:\/\/nembutalboutique.com\/produit\/fub-akb48\/#primaryimage\"},\"thumbnailUrl\":\"https:\/\/nembutalboutique.com\/wp-content\/uploads\/2024\/09\/FUB-AKB48.gif\",\"datePublished\":\"2024-09-16T08:16:07+00:00\",\"dateModified\":\"2024-09-24T07:38:12+00:00\",\"description\":\"Trouvez des Fub AKB48 de qualit\u00e9 sup\u00e9rieure \u00e0 vendre dans notre boutique en ligne, offrant une plate-forme s\u00e9curis\u00e9e pour acheter Fub AKB48 en ligne en toute simplicit\u00e9, r\u00e9pondant \u00e0 vos besoins de recherche. Passez votre commande maintenant !\",\"breadcrumb\":{\"@id\":\"https:\/\/nembutalboutique.com\/produit\/fub-akb48\/#breadcrumb\"},\"inLanguage\":\"nl-BE\",\"potentialAction\":[{\"@type\":\"ReadAction\",\"target\":[\"https:\/\/nembutalboutique.com\/produit\/fub-akb48\/\"]}]},{\"@type\":\"ImageObject\",\"inLanguage\":\"nl-BE\",\"@id\":\"https:\/\/nembutalboutique.com\/produit\/fub-akb48\/#primaryimage\",\"url\":\"https:\/\/nembutalboutique.com\/wp-content\/uploads\/2024\/09\/FUB-AKB48.gif\",\"contentUrl\":\"https:\/\/nembutalboutique.com\/wp-content\/uploads\/2024\/09\/FUB-AKB48.gif\",\"width\":600,\"height\":600,\"caption\":\"Acheter FUB-AKB48.gif\"},{\"@type\":\"BreadcrumbList\",\"@id\":\"https:\/\/nembutalboutique.com\/produit\/fub-akb48\/#breadcrumb\",\"itemListElement\":[{\"@type\":\"ListItem\",\"position\":1,\"name\":\"Home\",\"item\":\"https:\/\/nembutalboutique.com\/\"},{\"@type\":\"ListItem\",\"position\":2,\"name\":\"Boutique\",\"item\":\"https:\/\/nembutalboutique.com\/shop\/\"},{\"@type\":\"ListItem\",\"position\":3,\"name\":\"FUB-AKB48\"}]},{\"@type\":\"WebSite\",\"@id\":\"https:\/\/nembutalboutique.com\/#website\",\"url\":\"https:\/\/nembutalboutique.com\/\",\"name\":\"Nembutal Boutique\",\"description\":\"My WordPress Blog\",\"publisher\":{\"@id\":\"https:\/\/nembutalboutique.com\/#organization\"},\"potentialAction\":[{\"@type\":\"SearchAction\",\"target\":{\"@type\":\"EntryPoint\",\"urlTemplate\":\"https:\/\/nembutalboutique.com\/?s={search_term_string}\"},\"query-input\":{\"@type\":\"PropertyValueSpecification\",\"valueRequired\":true,\"valueName\":\"search_term_string\"}}],\"inLanguage\":\"nl-BE\"},{\"@type\":\"Organization\",\"@id\":\"https:\/\/nembutalboutique.com\/#organization\",\"name\":\"Nembutal Boutique\",\"url\":\"https:\/\/nembutalboutique.com\/\",\"logo\":{\"@type\":\"ImageObject\",\"inLanguage\":\"nl-BE\",\"@id\":\"https:\/\/nembutalboutique.com\/#\/schema\/logo\/image\/\",\"url\":\"https:\/\/nembutalboutique.com\/wp-content\/uploads\/2024\/01\/logo.png\",\"contentUrl\":\"https:\/\/nembutalboutique.com\/wp-content\/uploads\/2024\/01\/logo.png\",\"width\":494,\"height\":121,\"caption\":\"Nembutal Boutique\"},\"image\":{\"@id\":\"https:\/\/nembutalboutique.com\/#\/schema\/logo\/image\/\"}}]}<\/script>\n<!-- \/ Yoast SEO plugin. -->","yoast_head_json":{"title":"Fub AKB48 online - Fub AKB48 te koop","description":"Vind Fub AKB48 van topkwaliteit te koop in onze online winkel, die een veilig platform biedt om Fub AKB48 met gemak online te kopen en aan je onderzoeksbehoeften te voldoen. Plaats nu uw bestelling!","robots":{"index":"index","follow":"follow","max-snippet":"max-snippet:-1","max-image-preview":"max-image-preview:large","max-video-preview":"max-video-preview:-1"},"canonical":"https:\/\/nembutalboutique.com\/nl\/product\/fub-akb48-online-kopen\/","og_locale":"nl_BE","og_type":"article","og_title":"Fub AKB48 en ligne - Fub AKB48 \u00e0 vendre","og_description":"Trouvez des Fub AKB48 de qualit\u00e9 sup\u00e9rieure \u00e0 vendre dans notre boutique en ligne, offrant une plate-forme s\u00e9curis\u00e9e pour acheter Fub AKB48 en ligne en toute simplicit\u00e9, r\u00e9pondant \u00e0 vos besoins de recherche. Passez votre commande maintenant !","og_url":"https:\/\/nembutalboutique.com\/nl\/product\/fub-akb48-online-kopen\/","og_site_name":"Nembutal Boutique","article_modified_time":"2024-09-24T07:38:12+00:00","og_image":[{"width":600,"height":600,"url":"https:\/\/nembutalboutique.com\/wp-content\/uploads\/2024\/09\/FUB-AKB48.gif","type":"image\/gif"}],"twitter_card":"summary_large_image","twitter_misc":{"Geschatte leestijd":"3 minuten"},"schema":{"@context":"https:\/\/schema.org","@graph":[{"@type":"WebPage","@id":"https:\/\/nembutalboutique.com\/produit\/fub-akb48\/","url":"https:\/\/nembutalboutique.com\/produit\/fub-akb48\/","name":"Fub AKB48 online - Fub AKB48 te koop","isPartOf":{"@id":"https:\/\/nembutalboutique.com\/#website"},"primaryImageOfPage":{"@id":"https:\/\/nembutalboutique.com\/produit\/fub-akb48\/#primaryimage"},"image":{"@id":"https:\/\/nembutalboutique.com\/produit\/fub-akb48\/#primaryimage"},"thumbnailUrl":"https:\/\/nembutalboutique.com\/wp-content\/uploads\/2024\/09\/FUB-AKB48.gif","datePublished":"2024-09-16T08:16:07+00:00","dateModified":"2024-09-24T07:38:12+00:00","description":"Vind Fub AKB48 van topkwaliteit te koop in onze online winkel, die een veilig platform biedt om Fub AKB48 met gemak online te kopen en aan je onderzoeksbehoeften te voldoen. Plaats nu uw bestelling!","breadcrumb":{"@id":"https:\/\/nembutalboutique.com\/produit\/fub-akb48\/#breadcrumb"},"inLanguage":"nl-BE","potentialAction":[{"@type":"ReadAction","target":["https:\/\/nembutalboutique.com\/produit\/fub-akb48\/"]}]},{"@type":"ImageObject","inLanguage":"nl-BE","@id":"https:\/\/nembutalboutique.com\/produit\/fub-akb48\/#primaryimage","url":"https:\/\/nembutalboutique.com\/wp-content\/uploads\/2024\/09\/FUB-AKB48.gif","contentUrl":"https:\/\/nembutalboutique.com\/wp-content\/uploads\/2024\/09\/FUB-AKB48.gif","width":600,"height":600,"caption":"Acheter FUB-AKB48.gif"},{"@type":"BreadcrumbList","@id":"https:\/\/nembutalboutique.com\/produit\/fub-akb48\/#breadcrumb","itemListElement":[{"@type":"ListItem","position":1,"name":"Home","item":"https:\/\/nembutalboutique.com\/"},{"@type":"ListItem","position":2,"name":"Boutique","item":"https:\/\/nembutalboutique.com\/shop\/"},{"@type":"ListItem","position":3,"name":"FUB-AKB48"}]},{"@type":"WebSite","@id":"https:\/\/nembutalboutique.com\/#website","url":"https:\/\/nembutalboutique.com\/","name":"Nembutal winkel","description":"Mijn WordPress Blog","publisher":{"@id":"https:\/\/nembutalboutique.com\/#organization"},"potentialAction":[{"@type":"SearchAction","target":{"@type":"EntryPoint","urlTemplate":"https:\/\/nembutalboutique.com\/?s={search_term_string}"},"query-input":{"@type":"PropertyValueSpecification","valueRequired":true,"valueName":"search_term_string"}}],"inLanguage":"nl-BE"},{"@type":"Organization","@id":"https:\/\/nembutalboutique.com\/#organization","name":"Nembutal winkel","url":"https:\/\/nembutalboutique.com\/","logo":{"@type":"ImageObject","inLanguage":"nl-BE","@id":"https:\/\/nembutalboutique.com\/#\/schema\/logo\/image\/","url":"https:\/\/nembutalboutique.com\/wp-content\/uploads\/2024\/01\/logo.png","contentUrl":"https:\/\/nembutalboutique.com\/wp-content\/uploads\/2024\/01\/logo.png","width":494,"height":121,"caption":"Nembutal Boutique"},"image":{"@id":"https:\/\/nembutalboutique.com\/#\/schema\/logo\/image\/"}}]}},"_links":{"self":[{"href":"https:\/\/nembutalboutique.com\/nl\/wp-json\/wp\/v2\/product\/3230"}],"collection":[{"href":"https:\/\/nembutalboutique.com\/nl\/wp-json\/wp\/v2\/product"}],"about":[{"href":"https:\/\/nembutalboutique.com\/nl\/wp-json\/wp\/v2\/types\/product"}],"replies":[{"embeddable":true,"href":"https:\/\/nembutalboutique.com\/nl\/wp-json\/wp\/v2\/comments?post=3230"}],"wp:featuredmedia":[{"embeddable":true,"href":"https:\/\/nembutalboutique.com\/nl\/wp-json\/wp\/v2\/media\/3248"}],"wp:attachment":[{"href":"https:\/\/nembutalboutique.com\/nl\/wp-json\/wp\/v2\/media?parent=3230"}],"wp:term":[{"taxonomy":"product_brand","embeddable":true,"href":"https:\/\/nembutalboutique.com\/nl\/wp-json\/wp\/v2\/product_brand?post=3230"},{"taxonomy":"product_cat","embeddable":true,"href":"https:\/\/nembutalboutique.com\/nl\/wp-json\/wp\/v2\/product_cat?post=3230"},{"taxonomy":"product_tag","embeddable":true,"href":"https:\/\/nembutalboutique.com\/nl\/wp-json\/wp\/v2\/product_tag?post=3230"}],"curies":[{"name":"wp","href":"https:\/\/api.w.org\/{rel}","templated":true}]}}