{"id":3228,"date":"2024-09-16T08:16:06","date_gmt":"2024-09-16T08:16:06","guid":{"rendered":"https:\/\/nembutalboutique.com\/?post_type=product&#038;p=3228"},"modified":"2024-09-20T09:29:16","modified_gmt":"2024-09-20T09:29:16","slug":"fub-amb","status":"publish","type":"product","link":"https:\/\/nembutalboutique.com\/nl\/product\/fub-amb-online-kopen\/","title":{"rendered":"FUB-AMB"},"content":{"rendered":"<h2>FUB-AMB online kopen<\/h2>\n<p>Als je nembutal koopt bij FUB-AMB, koop het dan omdat kwaliteit telt!<br \/>\nkopen <a href=\"https:\/\/nembutalboutique.com\/produit\/fub-amb\/\">FUB-AMB<\/a> online van de beste Europese chemische bedrijven, professioneel vervaardigd met een minimum van 98 % + Reinheit gegarandeerd. We leveren een COA voor elke batch die chemisch geproduceerd is tijdens ons onderzoek!<\/p>\n<p><strong>Materialen in de FUB-AMB<\/strong><\/p>\n<p>Bevat minimaal 98 % + Reinheit FUB-AMB elke besturingseenheid.<\/p>\n<p><strong>Bepaling van FUB-AMB<\/strong><\/p>\n<p>Sinds de <a href=\"https:\/\/en.wikipedia.org\/wiki\/AMB-FUBINACA\">FUB-AMB<\/a> wordt alleen verkocht voor gebruik in wetenschappelijk chemisch onderzoek en is niet bedoeld voor menselijke consumptie. Er is geen aanbevolen dosering.<\/p>\n<p><strong>Effecten van FUB-AMB :<\/strong><\/p>\n<p>De klinische effecten van de meeste nieuwe synthetische drugs, zoals FUB-AMB, kunnen worden geclassificeerd als stimulerend, hallucinogeen of opio\u00efde-achtig. Daarnaast heb je een combinatie van deze effecten door de substitutie van synthetische zijketens.<br \/>\nOngewenste effecten van FUB-AMB Het gebruik van FUB-AMB kan worden uitgevoerd door een ander synthetisch geneesmiddel, wat kan leiden tot ernstige bijwerkingen; het materiaal is ook klinisch getest in verschillende vormen als een product tegen ziekte! Daarom is FUB-AMB alleen bedoeld voor gebruik in wetenschappelijk onderzoek en niet voor menselijk gebruik!<\/p>\n<p>Weet hoe u FUB-AMB moet bewaren. Bewaar de FUB-AMB bij minder dan 30 graden Celsius. Bewaar de FUB-AMB in de originele verpakking, uit de buurt van direct zonlicht en vocht.<\/p>\n<h3>FUB-AMB-Kristalle online kopen.<\/h3>\n<p>Koop FUB-AMB-Kristalle online bij de bekende FUB-AMB leverancier, NembuKauFlog. Een legale peper met dissociatieve eigenschappen is ontwikkeld voor consumenten die verlichting zoeken bij alledaagse kwaaltjes. Je kunt controleren of FUB-AMB aan je behoeften voldoet en effect heeft.<br \/>\nIn eerste instantie levert de leverancier de FUB-AMB onderzoekschemicali\u00ebn direct in de vorm van een wit kristallijn poeder. De zuiverheidsgraad is zeer hoog.<\/p>\n<p>NembutalBoutique gebruikt ook de beste isolatie in combinatie met de beste grondstoffen. Ons bedrijf is erg gelukkig omdat onze klanten ons steunen.<\/p>\n<p>Daarnaast biedt Nembutalboutique een scala aan diensten aan haar klanten. U kunt een FUBAMB sonde of het hele FUB-AMB pakket kopen bij onze online leverancier. Tot slot kunt u bestellen uit een oneindige hoeveelheid producten.<\/p>\n<h3>FUB-AMB premium aanbieding te koop<\/h3>\n<p>Maar als je vandaag koopt, verzenden we je bestelling overal ter wereld. Maar ons belangrijkste doel is om synthetische drugs van hoge kwaliteit te maken. Daarom werken onze werknemers met buitenlandse werknemers. Ons enige doel is om ervoor te zorgen dat uw bedrijf Verzend- en leveringsvoorwaarden: Alles bij elkaar genomen, kunnen we zeggen dat we alles in het werk hebben gesteld om uw bestelling zo aangenaam mogelijk te maken.<\/p>\n<p>1. We verzenden de goederen binnen \u00e9\u00e9n dag na ontvangst van de betaling.<br \/>\n2. We gebruiken FedEx, DHL, TNT, USPS of EMS om het artikel te verzenden. Afhankelijk van het land selecteren we de meest betrouwbare vervoerder en bepalen we de veiligste leveringsmethode voor de goederen.<br \/>\n3. LEVERING: Normale versie en<br \/>\nDe typische levertijd is tussen de vijf en zeven dagen.<\/p>\n<p>- Snelle levering (twee tot drie dagen).<br \/>\n- Express-levering beschikbaar<\/p>\n<p>4. We kunnen een leveringspercentage van 100 % garanderen, zelfs in landen met nul procent, zoals Canada, Australi\u00eb en Rusland.<\/p>\n<p>5. Het is de verantwoordelijkheid van de klant om de zending bij levering te controleren op schade. Controles op productschade moeten bij voorkeur binnen 72 uur na levering worden uitgevoerd.<\/p>\n<p>6. Als de zending zoekraakt of om een andere reden niet aankomt, versturen we de zending opnieuw.<\/p>\n<p>7. Een volledige geld-terug garantie.<\/p>\n<p>Met onze buy-it-now garantie ben je zeker van een probleemloze levering van je artikelen!<br \/>\nAls je om wat voor reden dan ook niet tevreden bent met de kwaliteit van het product, garanderen wij dat we dit zullen herstellen. Als het product van inferieure kwaliteit is, garanderen wij u een product van hoge kwaliteit te leveren tegen 100 % zonder extra kosten.<\/p>\n<p>FUB-AMB kopen .<\/p>","protected":false},"excerpt":{"rendered":"<p>Acheter FUB-AMB en ligne FUB-AMB lorsque vous achetez du nembutal, achetez-le car la qualit\u00e9 compte\u00a0! Achetez FUB-AMB en ligne aupr\u00e8s des meilleures entreprises chimiques europ\u00e9ennes, fabriqu\u00e9 de mani\u00e8re professionnelle avec un minimum de 98\u00a0% + Reinheit garanti. Nous fournissons un COA pour chaque lot produit chimiquement au cours de nos recherches\u00a0! Mat\u00e9riaux dans le FUB-AMB [&hellip;]<\/p>","protected":false},"featured_media":3246,"comment_status":"open","ping_status":"closed","template":"","meta":{"_joinchat":[]},"product_brand":[],"product_cat":[386],"product_tag":[],"class_list":{"0":"post-3228","1":"product","2":"type-product","3":"status-publish","4":"has-post-thumbnail","6":"product_cat-cannabinoids","8":"first","9":"instock","10":"shipping-taxable","11":"purchasable","12":"product-type-variable"},"yoast_head":"<!-- This site is optimized with the Yoast SEO plugin v23.5 - https:\/\/yoast.com\/wordpress\/plugins\/seo\/ -->\n<title>Achetez FUB-AMB en ligne - FUB-AMB \u00e0 vendre<\/title>\n<meta name=\"description\" content=\"Si vous souhaitez acheter FUB-AMB en ligne et recherchez une boutique en ligne fiable, achetez ici. Nous proposons uniquement des FUB-AMB de haute qualit\u00e9 \u00e0 un prix abordable. Commandez FUB-AMB maintenant !\" \/>\n<meta name=\"robots\" content=\"index, follow, max-snippet:-1, max-image-preview:large, max-video-preview:-1\" \/>\n<link rel=\"canonical\" href=\"https:\/\/nembutalboutique.com\/nl\/product\/fub-amb-online-kopen\/\" \/>\n<meta property=\"og:locale\" content=\"nl_BE\" \/>\n<meta property=\"og:type\" content=\"article\" \/>\n<meta property=\"og:title\" content=\"Achetez FUB-AMB en ligne - FUB-AMB \u00e0 vendre\" \/>\n<meta property=\"og:description\" content=\"Si vous souhaitez acheter FUB-AMB en ligne et recherchez une boutique en ligne fiable, achetez ici. Nous proposons uniquement des FUB-AMB de haute qualit\u00e9 \u00e0 un prix abordable. Commandez FUB-AMB maintenant !\" \/>\n<meta property=\"og:url\" content=\"https:\/\/nembutalboutique.com\/nl\/product\/fub-amb-online-kopen\/\" \/>\n<meta property=\"og:site_name\" content=\"Nembutal Boutique\" \/>\n<meta property=\"article:modified_time\" content=\"2024-09-20T09:29:16+00:00\" \/>\n<meta property=\"og:image\" content=\"https:\/\/nembutalboutique.com\/wp-content\/uploads\/2024\/09\/FUB-AMB.gif\" \/>\n\t<meta property=\"og:image:width\" content=\"600\" \/>\n\t<meta property=\"og:image:height\" content=\"600\" \/>\n\t<meta property=\"og:image:type\" content=\"image\/gif\" \/>\n<meta name=\"twitter:card\" content=\"summary_large_image\" \/>\n<meta name=\"twitter:label1\" content=\"Geschatte leestijd\" \/>\n\t<meta name=\"twitter:data1\" content=\"4 minuten\" \/>\n<script type=\"application\/ld+json\" class=\"yoast-schema-graph\">{\"@context\":\"https:\/\/schema.org\",\"@graph\":[{\"@type\":\"WebPage\",\"@id\":\"https:\/\/nembutalboutique.com\/produit\/fub-amb\/\",\"url\":\"https:\/\/nembutalboutique.com\/produit\/fub-amb\/\",\"name\":\"Achetez FUB-AMB en ligne - FUB-AMB \u00e0 vendre\",\"isPartOf\":{\"@id\":\"https:\/\/nembutalboutique.com\/#website\"},\"primaryImageOfPage\":{\"@id\":\"https:\/\/nembutalboutique.com\/produit\/fub-amb\/#primaryimage\"},\"image\":{\"@id\":\"https:\/\/nembutalboutique.com\/produit\/fub-amb\/#primaryimage\"},\"thumbnailUrl\":\"https:\/\/nembutalboutique.com\/wp-content\/uploads\/2024\/09\/FUB-AMB.gif\",\"datePublished\":\"2024-09-16T08:16:06+00:00\",\"dateModified\":\"2024-09-20T09:29:16+00:00\",\"description\":\"Si vous souhaitez acheter FUB-AMB en ligne et recherchez une boutique en ligne fiable, achetez ici. Nous proposons uniquement des FUB-AMB de haute qualit\u00e9 \u00e0 un prix abordable. Commandez FUB-AMB maintenant !\",\"breadcrumb\":{\"@id\":\"https:\/\/nembutalboutique.com\/produit\/fub-amb\/#breadcrumb\"},\"inLanguage\":\"nl-BE\",\"potentialAction\":[{\"@type\":\"ReadAction\",\"target\":[\"https:\/\/nembutalboutique.com\/produit\/fub-amb\/\"]}]},{\"@type\":\"ImageObject\",\"inLanguage\":\"nl-BE\",\"@id\":\"https:\/\/nembutalboutique.com\/produit\/fub-amb\/#primaryimage\",\"url\":\"https:\/\/nembutalboutique.com\/wp-content\/uploads\/2024\/09\/FUB-AMB.gif\",\"contentUrl\":\"https:\/\/nembutalboutique.com\/wp-content\/uploads\/2024\/09\/FUB-AMB.gif\",\"width\":600,\"height\":600,\"caption\":\"Acheter FUB-AMB.gif\"},{\"@type\":\"BreadcrumbList\",\"@id\":\"https:\/\/nembutalboutique.com\/produit\/fub-amb\/#breadcrumb\",\"itemListElement\":[{\"@type\":\"ListItem\",\"position\":1,\"name\":\"Home\",\"item\":\"https:\/\/nembutalboutique.com\/\"},{\"@type\":\"ListItem\",\"position\":2,\"name\":\"Boutique\",\"item\":\"https:\/\/nembutalboutique.com\/shop\/\"},{\"@type\":\"ListItem\",\"position\":3,\"name\":\"FUB-AMB\"}]},{\"@type\":\"WebSite\",\"@id\":\"https:\/\/nembutalboutique.com\/#website\",\"url\":\"https:\/\/nembutalboutique.com\/\",\"name\":\"Nembutal Boutique\",\"description\":\"My WordPress Blog\",\"publisher\":{\"@id\":\"https:\/\/nembutalboutique.com\/#organization\"},\"potentialAction\":[{\"@type\":\"SearchAction\",\"target\":{\"@type\":\"EntryPoint\",\"urlTemplate\":\"https:\/\/nembutalboutique.com\/?s={search_term_string}\"},\"query-input\":{\"@type\":\"PropertyValueSpecification\",\"valueRequired\":true,\"valueName\":\"search_term_string\"}}],\"inLanguage\":\"nl-BE\"},{\"@type\":\"Organization\",\"@id\":\"https:\/\/nembutalboutique.com\/#organization\",\"name\":\"Nembutal Boutique\",\"url\":\"https:\/\/nembutalboutique.com\/\",\"logo\":{\"@type\":\"ImageObject\",\"inLanguage\":\"nl-BE\",\"@id\":\"https:\/\/nembutalboutique.com\/#\/schema\/logo\/image\/\",\"url\":\"https:\/\/nembutalboutique.com\/wp-content\/uploads\/2024\/01\/logo.png\",\"contentUrl\":\"https:\/\/nembutalboutique.com\/wp-content\/uploads\/2024\/01\/logo.png\",\"width\":494,\"height\":121,\"caption\":\"Nembutal Boutique\"},\"image\":{\"@id\":\"https:\/\/nembutalboutique.com\/#\/schema\/logo\/image\/\"}}]}<\/script>\n<!-- \/ Yoast SEO plugin. -->","yoast_head_json":{"title":"FUB-AMB online kopen - FUB-AMB te koop","description":"Als u FUB-AMB online wilt kopen en op zoek bent naar een betrouwbare online winkel, koop dan hier. Wij bieden alleen FUB-AMB van hoge kwaliteit tegen een betaalbare prijs. Bestel FUB-AMB nu!","robots":{"index":"index","follow":"follow","max-snippet":"max-snippet:-1","max-image-preview":"max-image-preview:large","max-video-preview":"max-video-preview:-1"},"canonical":"https:\/\/nembutalboutique.com\/nl\/product\/fub-amb-online-kopen\/","og_locale":"nl_BE","og_type":"article","og_title":"Achetez FUB-AMB en ligne - FUB-AMB \u00e0 vendre","og_description":"Si vous souhaitez acheter FUB-AMB en ligne et recherchez une boutique en ligne fiable, achetez ici. Nous proposons uniquement des FUB-AMB de haute qualit\u00e9 \u00e0 un prix abordable. Commandez FUB-AMB maintenant !","og_url":"https:\/\/nembutalboutique.com\/nl\/product\/fub-amb-online-kopen\/","og_site_name":"Nembutal Boutique","article_modified_time":"2024-09-20T09:29:16+00:00","og_image":[{"width":600,"height":600,"url":"https:\/\/nembutalboutique.com\/wp-content\/uploads\/2024\/09\/FUB-AMB.gif","type":"image\/gif"}],"twitter_card":"summary_large_image","twitter_misc":{"Geschatte leestijd":"4 minuten"},"schema":{"@context":"https:\/\/schema.org","@graph":[{"@type":"WebPage","@id":"https:\/\/nembutalboutique.com\/produit\/fub-amb\/","url":"https:\/\/nembutalboutique.com\/produit\/fub-amb\/","name":"FUB-AMB online kopen - FUB-AMB te koop","isPartOf":{"@id":"https:\/\/nembutalboutique.com\/#website"},"primaryImageOfPage":{"@id":"https:\/\/nembutalboutique.com\/produit\/fub-amb\/#primaryimage"},"image":{"@id":"https:\/\/nembutalboutique.com\/produit\/fub-amb\/#primaryimage"},"thumbnailUrl":"https:\/\/nembutalboutique.com\/wp-content\/uploads\/2024\/09\/FUB-AMB.gif","datePublished":"2024-09-16T08:16:06+00:00","dateModified":"2024-09-20T09:29:16+00:00","description":"Als u FUB-AMB online wilt kopen en op zoek bent naar een betrouwbare online winkel, koop dan hier. Wij bieden alleen FUB-AMB van hoge kwaliteit tegen een betaalbare prijs. Bestel FUB-AMB nu!","breadcrumb":{"@id":"https:\/\/nembutalboutique.com\/produit\/fub-amb\/#breadcrumb"},"inLanguage":"nl-BE","potentialAction":[{"@type":"ReadAction","target":["https:\/\/nembutalboutique.com\/produit\/fub-amb\/"]}]},{"@type":"ImageObject","inLanguage":"nl-BE","@id":"https:\/\/nembutalboutique.com\/produit\/fub-amb\/#primaryimage","url":"https:\/\/nembutalboutique.com\/wp-content\/uploads\/2024\/09\/FUB-AMB.gif","contentUrl":"https:\/\/nembutalboutique.com\/wp-content\/uploads\/2024\/09\/FUB-AMB.gif","width":600,"height":600,"caption":"Acheter FUB-AMB.gif"},{"@type":"BreadcrumbList","@id":"https:\/\/nembutalboutique.com\/produit\/fub-amb\/#breadcrumb","itemListElement":[{"@type":"ListItem","position":1,"name":"Home","item":"https:\/\/nembutalboutique.com\/"},{"@type":"ListItem","position":2,"name":"Boutique","item":"https:\/\/nembutalboutique.com\/shop\/"},{"@type":"ListItem","position":3,"name":"FUB-AMB"}]},{"@type":"WebSite","@id":"https:\/\/nembutalboutique.com\/#website","url":"https:\/\/nembutalboutique.com\/","name":"Nembutal winkel","description":"Mijn WordPress Blog","publisher":{"@id":"https:\/\/nembutalboutique.com\/#organization"},"potentialAction":[{"@type":"SearchAction","target":{"@type":"EntryPoint","urlTemplate":"https:\/\/nembutalboutique.com\/?s={search_term_string}"},"query-input":{"@type":"PropertyValueSpecification","valueRequired":true,"valueName":"search_term_string"}}],"inLanguage":"nl-BE"},{"@type":"Organization","@id":"https:\/\/nembutalboutique.com\/#organization","name":"Nembutal winkel","url":"https:\/\/nembutalboutique.com\/","logo":{"@type":"ImageObject","inLanguage":"nl-BE","@id":"https:\/\/nembutalboutique.com\/#\/schema\/logo\/image\/","url":"https:\/\/nembutalboutique.com\/wp-content\/uploads\/2024\/01\/logo.png","contentUrl":"https:\/\/nembutalboutique.com\/wp-content\/uploads\/2024\/01\/logo.png","width":494,"height":121,"caption":"Nembutal Boutique"},"image":{"@id":"https:\/\/nembutalboutique.com\/#\/schema\/logo\/image\/"}}]}},"_links":{"self":[{"href":"https:\/\/nembutalboutique.com\/nl\/wp-json\/wp\/v2\/product\/3228"}],"collection":[{"href":"https:\/\/nembutalboutique.com\/nl\/wp-json\/wp\/v2\/product"}],"about":[{"href":"https:\/\/nembutalboutique.com\/nl\/wp-json\/wp\/v2\/types\/product"}],"replies":[{"embeddable":true,"href":"https:\/\/nembutalboutique.com\/nl\/wp-json\/wp\/v2\/comments?post=3228"}],"wp:featuredmedia":[{"embeddable":true,"href":"https:\/\/nembutalboutique.com\/nl\/wp-json\/wp\/v2\/media\/3246"}],"wp:attachment":[{"href":"https:\/\/nembutalboutique.com\/nl\/wp-json\/wp\/v2\/media?parent=3228"}],"wp:term":[{"taxonomy":"product_brand","embeddable":true,"href":"https:\/\/nembutalboutique.com\/nl\/wp-json\/wp\/v2\/product_brand?post=3228"},{"taxonomy":"product_cat","embeddable":true,"href":"https:\/\/nembutalboutique.com\/nl\/wp-json\/wp\/v2\/product_cat?post=3228"},{"taxonomy":"product_tag","embeddable":true,"href":"https:\/\/nembutalboutique.com\/nl\/wp-json\/wp\/v2\/product_tag?post=3228"}],"curies":[{"name":"wp","href":"https:\/\/api.w.org\/{rel}","templated":true}]}}