{"id":3181,"date":"2024-09-16T08:15:45","date_gmt":"2024-09-16T08:15:45","guid":{"rendered":"https:\/\/nembutalboutique.com\/?post_type=product&#038;p=3181"},"modified":"2024-09-20T09:26:24","modified_gmt":"2024-09-20T09:26:24","slug":"5f-adb","status":"publish","type":"product","link":"https:\/\/nembutalboutique.com\/nl\/product\/5f-adb-online-kopen\/","title":{"rendered":"5F-ADB"},"content":{"rendered":"<h2>Koop 5F-ADB online.<\/h2>\n<p>kopen <a href=\"https:\/\/en.wikipedia.org\/wiki\/5F-ADB\">5F-ADB<\/a> ook bekend als 5F-MDMB-PINACA. Het is een synthetische cannabino\u00efde afgeleid van indazol en een lid van de indazol-3-carboxamine familie. Deze werden gebruikt als actieve ingredi\u00ebnten in synthetische cannabisproducten en designer drugs. Een opmerkelijk niveau van synthetische cannabino\u00efden werd bereikt vanwege hun intrigerende receptorbindende eigenschappen voor de cannabino\u00efde receptorsubgroep. In de afgelopen twee jaar is er een marihuana beweging geweest in de VS, ondanks decennia van strenge marihuana verboden. Dit heeft de moleculaire en farmacologische kennis van cannabino\u00efden op verbazingwekkende wijze uitgebreid.<\/p>\n<p>Le <a href=\"https:\/\/nembutalboutique.com\/produit\/5f-adb\/\">5F-ADB<\/a>ook bekend als 5F-MDMB-PINACA, 5-Fluor-ADB of 5-Fluor-MDMB-PINACA, is een synthetische cannabino\u00efde die chemische overeenkomsten vertoont met het alom bekende AKB48 of APINACA. Aangezien AKB48 een krachtige cannabino\u00efde receptorantagonist is, wordt gedacht dat 5F-MDMB-PINACA deze eigenschap bezit. Het laatste koolstofatoom in AKB48 derivaten<br \/>\nheeft vaak een extra fluor aan de pentylgroep. Het terminale amide, dat meestal aanwezig is in ADP-PINACA, wordt in 5F-MDMB-PINACA vervangen door een methylester, wat leidt tot een restrictievere variant van dit onderwerp.<\/p>\n<p>Koop 5F-ADB online. Door de EU geleverde onderzoeksverbindingen, zoals 5F-MDMB-PINACA, mogen alleen worden gebruikt in zorgvuldig gecontroleerde in-vitro-experimenten die worden uitgevoerd in goed uitgeruste laboratoria. Onze Algemene Voorwaarden verbieden specifiek het gebruik van onderzoekschemicali\u00ebn door mensen of dieren vanwege de potenti\u00eble risico's. Daarom is de 5F-MDMB-PINACA een geavanceerd apparaat dat geschikt is voor elke goed uitgeruste werkruimte.<\/p>\n<h3>Outlook<\/h3>\n<p>Koop 5F-ADB online. Synthetische cannabino\u00efden hebben een opmerkelijk niveau bereikt vanwege hun intrigerende receptorbindende eigenschappen voor de cannabino\u00efde receptorsubgroep. Ondanks tientallen jaren van beperkingen zijn er de laatste twee jaar strengere beperkingen in de VS.<br \/>\nVoor cannabis is er een marihuanabeweging. Deze heeft de moleculaire en farmacologische kennis van cannabino\u00efden op verbazingwekkende wijze uitgebreid. Daarnaast is 5F-MDMB-PINACA, ook bekend als 5F-ADB, 5-Fluor-ADB of 5-Fluor-MDMB-PINACA, betrokken. continue stroom cannabis waarvan de moleculaire structuur lijkt op die van AKB48 of APINACA, waarnaar uitgebreid onderzoek is gedaan.<\/p>\n<p>Koop 5F-ADB online. 5F-MDMB-PINACA wordt verondersteld de krachtige cannabino\u00efde receptorantagonist eigenschappen van AKB48 te delen. Gewoonlijk is aan het koolstofatoom van AKB48-derivaten een extra fluor verbonden met de pentylgroep. Het eindamide, dat gewoonlijk aanwezig is in ADP-PINACA, wordt vervangen door een methylester in 5F-MDMB-PINACA, wat resulteert in een meer restrictieve variant van dit onderwerp. Hierdoor is 5F-MDMB-PINACA een geavanceerd apparaat dat geschikt is voor elke goed uitgeruste werkruimte. Houd er rekening mee dat dit onderwerp enigszins veranderd is door een terminal die ergens in de 5F-MDMB-PINACA zit.<\/p>\n<h3>Koop 5F-ADB online.<\/h3>\n<p>Door de EU geleverde onderzoekssamenstellingen, zoals 5F-MDMB-PINACA, mogen alleen worden gebruikt in zorgvuldig gecontroleerde in-vitro-experimenten die worden uitgevoerd in goed uitgeruste laboratoria. Onze algemene voorwaarden verbieden specifiek het gebruik van onderzoekschemicali\u00ebn door mensen of dieren vanwege de potenti\u00eble risico's. Controleer lokale bronnen voordat u een online bestelling plaatst om er zeker van te zijn dat 5F-MDMB-PINACA legaal is in uw land.<\/p>","protected":false},"excerpt":{"rendered":"<p>Acheter 5F-ADB en ligne. Acheter 5F-ADB en ligne, \u00e9galement connu sous le nom de 5F-MDMB-PINACA. Il s&rsquo;agit d&rsquo;un cannabino\u00efde synth\u00e9tique d\u00e9riv\u00e9 de l&rsquo;indazole et membre de la famille des indazol-3-carboxamines. Ceux-ci \u00e9taient utilis\u00e9s comme ingr\u00e9dients actifs dans les produits de cannabis synth\u00e9tiques et les drogues de synth\u00e8se. Un taux notable de cannabino\u00efdes synth\u00e9tiques a \u00e9t\u00e9 [&hellip;]<\/p>","protected":false},"featured_media":3211,"comment_status":"open","ping_status":"closed","template":"","meta":{"_joinchat":[]},"product_brand":[],"product_cat":[386],"product_tag":[],"class_list":{"0":"post-3181","1":"product","2":"type-product","3":"status-publish","4":"has-post-thumbnail","6":"product_cat-cannabinoids","8":"first","9":"instock","10":"shipping-taxable","11":"purchasable","12":"product-type-variable"},"yoast_head":"<!-- This site is optimized with the Yoast SEO plugin v23.5 - https:\/\/yoast.com\/wordpress\/plugins\/seo\/ -->\n<title>Achetez 5F-ADB en ligne - 5F-ADB \u00e0 vendre<\/title>\n<meta name=\"description\" content=\"Si vous n&#039;avez pas essay\u00e9 le 5F-ADB dans notre magasin de m\u00e9dicaments, vous manquez beaucoup de choses. Nous vous aiderons \u00e0 acheter du 5F-ADB en ligne \u00e0 des prix avantageux. Obtenez du 5F-ADB en vente d\u00e8s aujourd&#039;hui !\" \/>\n<meta name=\"robots\" content=\"index, follow, max-snippet:-1, max-image-preview:large, max-video-preview:-1\" \/>\n<link rel=\"canonical\" href=\"https:\/\/nembutalboutique.com\/nl\/product\/5f-adb-online-kopen\/\" \/>\n<meta property=\"og:locale\" content=\"nl_BE\" \/>\n<meta property=\"og:type\" content=\"article\" \/>\n<meta property=\"og:title\" content=\"Achetez 5F-ADB en ligne - 5F-ADB \u00e0 vendre\" \/>\n<meta property=\"og:description\" content=\"Si vous n&#039;avez pas essay\u00e9 le 5F-ADB dans notre magasin de m\u00e9dicaments, vous manquez beaucoup de choses. Nous vous aiderons \u00e0 acheter du 5F-ADB en ligne \u00e0 des prix avantageux. Obtenez du 5F-ADB en vente d\u00e8s aujourd&#039;hui !\" \/>\n<meta property=\"og:url\" content=\"https:\/\/nembutalboutique.com\/nl\/product\/5f-adb-online-kopen\/\" \/>\n<meta property=\"og:site_name\" content=\"Nembutal Boutique\" \/>\n<meta property=\"article:modified_time\" content=\"2024-09-20T09:26:24+00:00\" \/>\n<meta property=\"og:image\" content=\"https:\/\/nembutalboutique.com\/wp-content\/uploads\/2024\/09\/5F-ADB.gif\" \/>\n\t<meta property=\"og:image:width\" content=\"600\" \/>\n\t<meta property=\"og:image:height\" content=\"600\" \/>\n\t<meta property=\"og:image:type\" content=\"image\/gif\" \/>\n<meta name=\"twitter:card\" content=\"summary_large_image\" \/>\n<meta name=\"twitter:label1\" content=\"Geschatte leestijd\" \/>\n\t<meta name=\"twitter:data1\" content=\"3 minuten\" \/>\n<script type=\"application\/ld+json\" class=\"yoast-schema-graph\">{\"@context\":\"https:\/\/schema.org\",\"@graph\":[{\"@type\":\"WebPage\",\"@id\":\"https:\/\/nembutalboutique.com\/produit\/5f-adb\/\",\"url\":\"https:\/\/nembutalboutique.com\/produit\/5f-adb\/\",\"name\":\"Achetez 5F-ADB en ligne - 5F-ADB \u00e0 vendre\",\"isPartOf\":{\"@id\":\"https:\/\/nembutalboutique.com\/#website\"},\"primaryImageOfPage\":{\"@id\":\"https:\/\/nembutalboutique.com\/produit\/5f-adb\/#primaryimage\"},\"image\":{\"@id\":\"https:\/\/nembutalboutique.com\/produit\/5f-adb\/#primaryimage\"},\"thumbnailUrl\":\"https:\/\/nembutalboutique.com\/wp-content\/uploads\/2024\/09\/5F-ADB.gif\",\"datePublished\":\"2024-09-16T08:15:45+00:00\",\"dateModified\":\"2024-09-20T09:26:24+00:00\",\"description\":\"Si vous n'avez pas essay\u00e9 le 5F-ADB dans notre magasin de m\u00e9dicaments, vous manquez beaucoup de choses. Nous vous aiderons \u00e0 acheter du 5F-ADB en ligne \u00e0 des prix avantageux. Obtenez du 5F-ADB en vente d\u00e8s aujourd'hui !\",\"breadcrumb\":{\"@id\":\"https:\/\/nembutalboutique.com\/produit\/5f-adb\/#breadcrumb\"},\"inLanguage\":\"nl-BE\",\"potentialAction\":[{\"@type\":\"ReadAction\",\"target\":[\"https:\/\/nembutalboutique.com\/produit\/5f-adb\/\"]}]},{\"@type\":\"ImageObject\",\"inLanguage\":\"nl-BE\",\"@id\":\"https:\/\/nembutalboutique.com\/produit\/5f-adb\/#primaryimage\",\"url\":\"https:\/\/nembutalboutique.com\/wp-content\/uploads\/2024\/09\/5F-ADB.gif\",\"contentUrl\":\"https:\/\/nembutalboutique.com\/wp-content\/uploads\/2024\/09\/5F-ADB.gif\",\"width\":600,\"height\":600,\"caption\":\"Acheter 5F-ADB\"},{\"@type\":\"BreadcrumbList\",\"@id\":\"https:\/\/nembutalboutique.com\/produit\/5f-adb\/#breadcrumb\",\"itemListElement\":[{\"@type\":\"ListItem\",\"position\":1,\"name\":\"Home\",\"item\":\"https:\/\/nembutalboutique.com\/\"},{\"@type\":\"ListItem\",\"position\":2,\"name\":\"Boutique\",\"item\":\"https:\/\/nembutalboutique.com\/shop\/\"},{\"@type\":\"ListItem\",\"position\":3,\"name\":\"5F-ADB\"}]},{\"@type\":\"WebSite\",\"@id\":\"https:\/\/nembutalboutique.com\/#website\",\"url\":\"https:\/\/nembutalboutique.com\/\",\"name\":\"Nembutal Boutique\",\"description\":\"My WordPress Blog\",\"publisher\":{\"@id\":\"https:\/\/nembutalboutique.com\/#organization\"},\"potentialAction\":[{\"@type\":\"SearchAction\",\"target\":{\"@type\":\"EntryPoint\",\"urlTemplate\":\"https:\/\/nembutalboutique.com\/?s={search_term_string}\"},\"query-input\":{\"@type\":\"PropertyValueSpecification\",\"valueRequired\":true,\"valueName\":\"search_term_string\"}}],\"inLanguage\":\"nl-BE\"},{\"@type\":\"Organization\",\"@id\":\"https:\/\/nembutalboutique.com\/#organization\",\"name\":\"Nembutal Boutique\",\"url\":\"https:\/\/nembutalboutique.com\/\",\"logo\":{\"@type\":\"ImageObject\",\"inLanguage\":\"nl-BE\",\"@id\":\"https:\/\/nembutalboutique.com\/#\/schema\/logo\/image\/\",\"url\":\"https:\/\/nembutalboutique.com\/wp-content\/uploads\/2024\/01\/logo.png\",\"contentUrl\":\"https:\/\/nembutalboutique.com\/wp-content\/uploads\/2024\/01\/logo.png\",\"width\":494,\"height\":121,\"caption\":\"Nembutal Boutique\"},\"image\":{\"@id\":\"https:\/\/nembutalboutique.com\/#\/schema\/logo\/image\/\"}}]}<\/script>\n<!-- \/ Yoast SEO plugin. -->","yoast_head_json":{"title":"5F-ADB online kopen - 5F-ADB te koop","description":"Als je 5F-ADB nog niet hebt geprobeerd in onze drogisterij, dan mis je iets. We helpen je 5F-ADB online te kopen tegen geweldige prijzen. Haal 5F-ADB vandaag nog in huis!","robots":{"index":"index","follow":"follow","max-snippet":"max-snippet:-1","max-image-preview":"max-image-preview:large","max-video-preview":"max-video-preview:-1"},"canonical":"https:\/\/nembutalboutique.com\/nl\/product\/5f-adb-online-kopen\/","og_locale":"nl_BE","og_type":"article","og_title":"Achetez 5F-ADB en ligne - 5F-ADB \u00e0 vendre","og_description":"Si vous n'avez pas essay\u00e9 le 5F-ADB dans notre magasin de m\u00e9dicaments, vous manquez beaucoup de choses. Nous vous aiderons \u00e0 acheter du 5F-ADB en ligne \u00e0 des prix avantageux. Obtenez du 5F-ADB en vente d\u00e8s aujourd'hui !","og_url":"https:\/\/nembutalboutique.com\/nl\/product\/5f-adb-online-kopen\/","og_site_name":"Nembutal Boutique","article_modified_time":"2024-09-20T09:26:24+00:00","og_image":[{"width":600,"height":600,"url":"https:\/\/nembutalboutique.com\/wp-content\/uploads\/2024\/09\/5F-ADB.gif","type":"image\/gif"}],"twitter_card":"summary_large_image","twitter_misc":{"Geschatte leestijd":"3 minuten"},"schema":{"@context":"https:\/\/schema.org","@graph":[{"@type":"WebPage","@id":"https:\/\/nembutalboutique.com\/produit\/5f-adb\/","url":"https:\/\/nembutalboutique.com\/produit\/5f-adb\/","name":"5F-ADB online kopen - 5F-ADB te koop","isPartOf":{"@id":"https:\/\/nembutalboutique.com\/#website"},"primaryImageOfPage":{"@id":"https:\/\/nembutalboutique.com\/produit\/5f-adb\/#primaryimage"},"image":{"@id":"https:\/\/nembutalboutique.com\/produit\/5f-adb\/#primaryimage"},"thumbnailUrl":"https:\/\/nembutalboutique.com\/wp-content\/uploads\/2024\/09\/5F-ADB.gif","datePublished":"2024-09-16T08:15:45+00:00","dateModified":"2024-09-20T09:26:24+00:00","description":"Als je 5F-ADB nog niet hebt geprobeerd in onze drogisterij, dan mis je iets. We helpen je 5F-ADB online te kopen tegen geweldige prijzen. Haal 5F-ADB vandaag nog in huis!","breadcrumb":{"@id":"https:\/\/nembutalboutique.com\/produit\/5f-adb\/#breadcrumb"},"inLanguage":"nl-BE","potentialAction":[{"@type":"ReadAction","target":["https:\/\/nembutalboutique.com\/produit\/5f-adb\/"]}]},{"@type":"ImageObject","inLanguage":"nl-BE","@id":"https:\/\/nembutalboutique.com\/produit\/5f-adb\/#primaryimage","url":"https:\/\/nembutalboutique.com\/wp-content\/uploads\/2024\/09\/5F-ADB.gif","contentUrl":"https:\/\/nembutalboutique.com\/wp-content\/uploads\/2024\/09\/5F-ADB.gif","width":600,"height":600,"caption":"Acheter 5F-ADB"},{"@type":"BreadcrumbList","@id":"https:\/\/nembutalboutique.com\/produit\/5f-adb\/#breadcrumb","itemListElement":[{"@type":"ListItem","position":1,"name":"Home","item":"https:\/\/nembutalboutique.com\/"},{"@type":"ListItem","position":2,"name":"Boutique","item":"https:\/\/nembutalboutique.com\/shop\/"},{"@type":"ListItem","position":3,"name":"5F-ADB"}]},{"@type":"WebSite","@id":"https:\/\/nembutalboutique.com\/#website","url":"https:\/\/nembutalboutique.com\/","name":"Nembutal winkel","description":"Mijn WordPress Blog","publisher":{"@id":"https:\/\/nembutalboutique.com\/#organization"},"potentialAction":[{"@type":"SearchAction","target":{"@type":"EntryPoint","urlTemplate":"https:\/\/nembutalboutique.com\/?s={search_term_string}"},"query-input":{"@type":"PropertyValueSpecification","valueRequired":true,"valueName":"search_term_string"}}],"inLanguage":"nl-BE"},{"@type":"Organization","@id":"https:\/\/nembutalboutique.com\/#organization","name":"Nembutal winkel","url":"https:\/\/nembutalboutique.com\/","logo":{"@type":"ImageObject","inLanguage":"nl-BE","@id":"https:\/\/nembutalboutique.com\/#\/schema\/logo\/image\/","url":"https:\/\/nembutalboutique.com\/wp-content\/uploads\/2024\/01\/logo.png","contentUrl":"https:\/\/nembutalboutique.com\/wp-content\/uploads\/2024\/01\/logo.png","width":494,"height":121,"caption":"Nembutal Boutique"},"image":{"@id":"https:\/\/nembutalboutique.com\/#\/schema\/logo\/image\/"}}]}},"_links":{"self":[{"href":"https:\/\/nembutalboutique.com\/nl\/wp-json\/wp\/v2\/product\/3181"}],"collection":[{"href":"https:\/\/nembutalboutique.com\/nl\/wp-json\/wp\/v2\/product"}],"about":[{"href":"https:\/\/nembutalboutique.com\/nl\/wp-json\/wp\/v2\/types\/product"}],"replies":[{"embeddable":true,"href":"https:\/\/nembutalboutique.com\/nl\/wp-json\/wp\/v2\/comments?post=3181"}],"wp:featuredmedia":[{"embeddable":true,"href":"https:\/\/nembutalboutique.com\/nl\/wp-json\/wp\/v2\/media\/3211"}],"wp:attachment":[{"href":"https:\/\/nembutalboutique.com\/nl\/wp-json\/wp\/v2\/media?parent=3181"}],"wp:term":[{"taxonomy":"product_brand","embeddable":true,"href":"https:\/\/nembutalboutique.com\/nl\/wp-json\/wp\/v2\/product_brand?post=3181"},{"taxonomy":"product_cat","embeddable":true,"href":"https:\/\/nembutalboutique.com\/nl\/wp-json\/wp\/v2\/product_cat?post=3181"},{"taxonomy":"product_tag","embeddable":true,"href":"https:\/\/nembutalboutique.com\/nl\/wp-json\/wp\/v2\/product_tag?post=3181"}],"curies":[{"name":"wp","href":"https:\/\/api.w.org\/{rel}","templated":true}]}}