{"id":3179,"date":"2024-09-16T08:15:44","date_gmt":"2024-09-16T08:15:44","guid":{"rendered":"https:\/\/nembutalboutique.com\/?post_type=product&#038;p=3179"},"modified":"2024-09-22T07:13:51","modified_gmt":"2024-09-22T07:13:51","slug":"5f-amb","status":"publish","type":"product","link":"https:\/\/nembutalboutique.com\/nl\/product\/5f-amb-online-kopen\/","title":{"rendered":"5F-AMB"},"content":{"rendered":"<h2>5F-AMB online kopen.<\/h2>\n<p>Koop 5F-AMB; wederverkopers van Nembutal Premium producten bieden 5F-AMB tegen een gestandaardiseerde prijs voor grotere aankopen. Beveiligde levering van <a href=\"https:\/\/nembutalboutique.com\/produit\/5f-amb\/\">5F-AMB<\/a> in de Verenigde Staten, de Europese Unie, het Verenigd Koninkrijk en andere landen. 5F-AMB-Pulver, ook bekend als 5F-MMB-PINACA en 5F-AMB-PINACA, is een synthetische cannabino\u00efde afgeleid van indazool en een lid van de indazol-3-carboxamide familie. Het wordt gebruikt als actief ingredi\u00ebnt in cosmetica op basis van cannabis. De stof werd begin 2014 voor het eerst ontdekt in Japan. Hoewel er niet veel farmacologische details beschikbaar zijn voor 5F-AMB, bleek de 4-cyanobutyl-analoog, in plaats van 5-fluoropentyl, een krachtige CB1-receptoragonist te zijn (KI = 0,7 nM).<\/p>\n<p>Koop 5F-AMB online. 5F-AMB is een nieuw analoog van AB-PINACA, waarvan de systematische naam is (R)-methyl-2-(1-(5-fluoropentyl)-1H-indazool-3-carboxamido)-3-methylbutanoaat. De chemische formule van 5F-AMB is C19H26FN3O3. C19H26FN3O3 heeft een exacte massa van 363,20 en een smeltgewicht van 363,43.<\/p>\n<p>5F-AMB is een nieuw analoog van AB-PINACA, waarvan de systematische naam (R)-methyl-2-(1-(5-fluoropentyl)-1H-indazool-3-carboxamido)-3-methylbutanoaat is. 5F-AMB heeft een precieze massa van 363,20 en een molecuulgewicht van 363,43. De chemische formule is C19H26FN3O3.<\/p>\n<p>5F-AMB is een nieuw analoog van AB-PINACA, waarvan de systematische naam (R)-methyl-2-(1-(5-fluorpentyl)-1H-indazool-3-carboxamido)-3-methylbutanoaat is. De chemische formule van 5F-AMB is C19H26FN3O3 en de exacte massa is 363,20, met een molecuulgewicht van 363,43.<\/p>\n<p>5F-AMB online kopen. Een op indolen gebaseerde synthetische cannabino\u00efde uit de indazol-3-carboxamide familie heet 5F-AMB[1]. Het wordt gebruikt als grondstof in synthetische cannabisproducten. Het staat ook bekend als 5F-MMB-PINACA en 5F-AMB-PINACA. Het werd voor het eerst ontdekt in Japan in het begin van 2014[2][3] Ondanks het feit dat er zeer weinig farmaceutische gegevens beschikbaar zijn<br \/>\nMet betrekking tot 5F-AMB zelf, werd opgemerkt dat zijn analoog 4-cyanobutyl is en niet 5-fluorpentyl, dat een krachtige CB1 receptorantagonist is (KI = 0,7 nM).<\/p>\n<p>5F-AMB is een nieuw analoog van AB-PINACA, waarvan de systematische naam (R)-methyl-2-(1-(5-fluorpentyl)-1H-indazool-3-carboxamido)-3-methylbutanoaat is. De chemische formule van 5F-AMB is C19H26FN3O3, met een molecuulgewicht van 363,43 en een exacte massa van 363,20.<\/p>\n<p>kopen <a href=\"https:\/\/en.wikipedia.org\/wiki\/5F-AMB\">5F-AMB<\/a> online 5F-AMB, ook bekend als 5F-MMB-PINACA en 5F-AMB-PINACA, is een synthetische cannabino\u00efde afgeleid van indazool dat behoort tot de indazol-3-carboxamide familie. Het wordt gebruikt als actief ingredi\u00ebnt in op cannabis gebaseerde producten voor menselijke consumptie. De verbinding werd begin 2014 voor het eerst ontdekt in Japan. Hoewel er niet veel farmacologische details zijn over 5F-AMB zelf, is aangetoond dat het 4-cyanobutyl analon, in plaats van 5-fluorpentyl, een krachtige agonist van de CB1 receptor is.<\/p>","protected":false},"excerpt":{"rendered":"<p>Acheter 5F-AMB en ligne. Acheter 5F-AMB\u00a0; Les revendeurs de produits Nembutal Premium proposent 5F-AMB \u00e0 un prix standardis\u00e9 pour les achats plus importants. Livraison s\u00e9curis\u00e9e de 5F-AMB aux \u00c9tats-Unis, dans l&rsquo;Union europ\u00e9enne, au Royaume-Uni et dans d&rsquo;autres pays. Le 5F-AMB-Pulver, \u00e9galement connu sous le nom de 5F-MMB-PINACA et 5F-AMB-PINACA, est un cannabino\u00efde synth\u00e9tique d\u00e9riv\u00e9 de [&hellip;]<\/p>","protected":false},"featured_media":3209,"comment_status":"open","ping_status":"closed","template":"","meta":{"_joinchat":[]},"product_brand":[],"product_cat":[386],"product_tag":[],"class_list":{"0":"post-3179","1":"product","2":"type-product","3":"status-publish","4":"has-post-thumbnail","6":"product_cat-cannabinoids","8":"first","9":"instock","10":"shipping-taxable","11":"purchasable","12":"product-type-variable"},"yoast_head":"<!-- This site is optimized with the Yoast SEO plugin v23.5 - https:\/\/yoast.com\/wordpress\/plugins\/seo\/ -->\n<title>Acheter 5F-AMB en ligne - 5F-AMB \u00e0 vendre | NembutalBoutique<\/title>\n<meta name=\"description\" content=\"Achetez 5F-AMB en vente en ligne dans notre magasin NB \u00e0 des prix abordables. Notre \u00e9quipe vous aidera \u00e0 acheter 5F-AMB en ligne. Passez votre commande et profitez des derni\u00e8res offres d\u00e8s maintenant !\" \/>\n<meta name=\"robots\" content=\"index, follow, max-snippet:-1, max-image-preview:large, max-video-preview:-1\" \/>\n<link rel=\"canonical\" href=\"https:\/\/nembutalboutique.com\/nl\/product\/5f-amb-online-kopen\/\" \/>\n<meta property=\"og:locale\" content=\"nl_BE\" \/>\n<meta property=\"og:type\" content=\"article\" \/>\n<meta property=\"og:title\" content=\"Acheter 5F-AMB en ligne - 5F-AMB \u00e0 vendre | NembutalBoutique\" \/>\n<meta property=\"og:description\" content=\"Achetez 5F-AMB en vente en ligne dans notre magasin NB \u00e0 des prix abordables. Notre \u00e9quipe vous aidera \u00e0 acheter 5F-AMB en ligne. Passez votre commande et profitez des derni\u00e8res offres d\u00e8s maintenant !\" \/>\n<meta property=\"og:url\" content=\"https:\/\/nembutalboutique.com\/nl\/product\/5f-amb-online-kopen\/\" \/>\n<meta property=\"og:site_name\" content=\"Nembutal Boutique\" \/>\n<meta property=\"article:modified_time\" content=\"2024-09-22T07:13:51+00:00\" \/>\n<meta property=\"og:image\" content=\"https:\/\/nembutalboutique.com\/wp-content\/uploads\/2024\/09\/5F-AMB.gif\" \/>\n\t<meta property=\"og:image:width\" content=\"600\" \/>\n\t<meta property=\"og:image:height\" content=\"600\" \/>\n\t<meta property=\"og:image:type\" content=\"image\/gif\" \/>\n<meta name=\"twitter:card\" content=\"summary_large_image\" \/>\n<meta name=\"twitter:label1\" content=\"Geschatte leestijd\" \/>\n\t<meta name=\"twitter:data1\" content=\"3 minuten\" \/>\n<script type=\"application\/ld+json\" class=\"yoast-schema-graph\">{\"@context\":\"https:\/\/schema.org\",\"@graph\":[{\"@type\":\"WebPage\",\"@id\":\"https:\/\/nembutalboutique.com\/produit\/5f-amb\/\",\"url\":\"https:\/\/nembutalboutique.com\/produit\/5f-amb\/\",\"name\":\"Acheter 5F-AMB en ligne - 5F-AMB \u00e0 vendre | NembutalBoutique\",\"isPartOf\":{\"@id\":\"https:\/\/nembutalboutique.com\/#website\"},\"primaryImageOfPage\":{\"@id\":\"https:\/\/nembutalboutique.com\/produit\/5f-amb\/#primaryimage\"},\"image\":{\"@id\":\"https:\/\/nembutalboutique.com\/produit\/5f-amb\/#primaryimage\"},\"thumbnailUrl\":\"https:\/\/nembutalboutique.com\/wp-content\/uploads\/2024\/09\/5F-AMB.gif\",\"datePublished\":\"2024-09-16T08:15:44+00:00\",\"dateModified\":\"2024-09-22T07:13:51+00:00\",\"description\":\"Achetez 5F-AMB en vente en ligne dans notre magasin NB \u00e0 des prix abordables. Notre \u00e9quipe vous aidera \u00e0 acheter 5F-AMB en ligne. Passez votre commande et profitez des derni\u00e8res offres d\u00e8s maintenant !\",\"breadcrumb\":{\"@id\":\"https:\/\/nembutalboutique.com\/produit\/5f-amb\/#breadcrumb\"},\"inLanguage\":\"nl-BE\",\"potentialAction\":[{\"@type\":\"ReadAction\",\"target\":[\"https:\/\/nembutalboutique.com\/produit\/5f-amb\/\"]}]},{\"@type\":\"ImageObject\",\"inLanguage\":\"nl-BE\",\"@id\":\"https:\/\/nembutalboutique.com\/produit\/5f-amb\/#primaryimage\",\"url\":\"https:\/\/nembutalboutique.com\/wp-content\/uploads\/2024\/09\/5F-AMB.gif\",\"contentUrl\":\"https:\/\/nembutalboutique.com\/wp-content\/uploads\/2024\/09\/5F-AMB.gif\",\"width\":600,\"height\":600,\"caption\":\"Acheter 5F-AMB\"},{\"@type\":\"BreadcrumbList\",\"@id\":\"https:\/\/nembutalboutique.com\/produit\/5f-amb\/#breadcrumb\",\"itemListElement\":[{\"@type\":\"ListItem\",\"position\":1,\"name\":\"Home\",\"item\":\"https:\/\/nembutalboutique.com\/\"},{\"@type\":\"ListItem\",\"position\":2,\"name\":\"Boutique\",\"item\":\"https:\/\/nembutalboutique.com\/shop\/\"},{\"@type\":\"ListItem\",\"position\":3,\"name\":\"5F-AMB\"}]},{\"@type\":\"WebSite\",\"@id\":\"https:\/\/nembutalboutique.com\/#website\",\"url\":\"https:\/\/nembutalboutique.com\/\",\"name\":\"Nembutal Boutique\",\"description\":\"My WordPress Blog\",\"publisher\":{\"@id\":\"https:\/\/nembutalboutique.com\/#organization\"},\"potentialAction\":[{\"@type\":\"SearchAction\",\"target\":{\"@type\":\"EntryPoint\",\"urlTemplate\":\"https:\/\/nembutalboutique.com\/?s={search_term_string}\"},\"query-input\":{\"@type\":\"PropertyValueSpecification\",\"valueRequired\":true,\"valueName\":\"search_term_string\"}}],\"inLanguage\":\"nl-BE\"},{\"@type\":\"Organization\",\"@id\":\"https:\/\/nembutalboutique.com\/#organization\",\"name\":\"Nembutal Boutique\",\"url\":\"https:\/\/nembutalboutique.com\/\",\"logo\":{\"@type\":\"ImageObject\",\"inLanguage\":\"nl-BE\",\"@id\":\"https:\/\/nembutalboutique.com\/#\/schema\/logo\/image\/\",\"url\":\"https:\/\/nembutalboutique.com\/wp-content\/uploads\/2024\/01\/logo.png\",\"contentUrl\":\"https:\/\/nembutalboutique.com\/wp-content\/uploads\/2024\/01\/logo.png\",\"width\":494,\"height\":121,\"caption\":\"Nembutal Boutique\"},\"image\":{\"@id\":\"https:\/\/nembutalboutique.com\/#\/schema\/logo\/image\/\"}}]}<\/script>\n<!-- \/ Yoast SEO plugin. -->","yoast_head_json":{"title":"Online 5F-AMB kopen - 5F-AMB te koop | NembutalBoutique","description":"Koop 5F-AMB online in onze NB winkel tegen betaalbare prijzen. Ons team helpt je om 5F-AMB online te kopen. Plaats je bestelling en profiteer nu van de nieuwste aanbiedingen!","robots":{"index":"index","follow":"follow","max-snippet":"max-snippet:-1","max-image-preview":"max-image-preview:large","max-video-preview":"max-video-preview:-1"},"canonical":"https:\/\/nembutalboutique.com\/nl\/product\/5f-amb-online-kopen\/","og_locale":"nl_BE","og_type":"article","og_title":"Acheter 5F-AMB en ligne - 5F-AMB \u00e0 vendre | NembutalBoutique","og_description":"Achetez 5F-AMB en vente en ligne dans notre magasin NB \u00e0 des prix abordables. Notre \u00e9quipe vous aidera \u00e0 acheter 5F-AMB en ligne. Passez votre commande et profitez des derni\u00e8res offres d\u00e8s maintenant !","og_url":"https:\/\/nembutalboutique.com\/nl\/product\/5f-amb-online-kopen\/","og_site_name":"Nembutal Boutique","article_modified_time":"2024-09-22T07:13:51+00:00","og_image":[{"width":600,"height":600,"url":"https:\/\/nembutalboutique.com\/wp-content\/uploads\/2024\/09\/5F-AMB.gif","type":"image\/gif"}],"twitter_card":"summary_large_image","twitter_misc":{"Geschatte leestijd":"3 minuten"},"schema":{"@context":"https:\/\/schema.org","@graph":[{"@type":"WebPage","@id":"https:\/\/nembutalboutique.com\/produit\/5f-amb\/","url":"https:\/\/nembutalboutique.com\/produit\/5f-amb\/","name":"Online 5F-AMB kopen - 5F-AMB te koop | NembutalBoutique","isPartOf":{"@id":"https:\/\/nembutalboutique.com\/#website"},"primaryImageOfPage":{"@id":"https:\/\/nembutalboutique.com\/produit\/5f-amb\/#primaryimage"},"image":{"@id":"https:\/\/nembutalboutique.com\/produit\/5f-amb\/#primaryimage"},"thumbnailUrl":"https:\/\/nembutalboutique.com\/wp-content\/uploads\/2024\/09\/5F-AMB.gif","datePublished":"2024-09-16T08:15:44+00:00","dateModified":"2024-09-22T07:13:51+00:00","description":"Koop 5F-AMB online in onze NB winkel tegen betaalbare prijzen. Ons team helpt je om 5F-AMB online te kopen. Plaats je bestelling en profiteer nu van de nieuwste aanbiedingen!","breadcrumb":{"@id":"https:\/\/nembutalboutique.com\/produit\/5f-amb\/#breadcrumb"},"inLanguage":"nl-BE","potentialAction":[{"@type":"ReadAction","target":["https:\/\/nembutalboutique.com\/produit\/5f-amb\/"]}]},{"@type":"ImageObject","inLanguage":"nl-BE","@id":"https:\/\/nembutalboutique.com\/produit\/5f-amb\/#primaryimage","url":"https:\/\/nembutalboutique.com\/wp-content\/uploads\/2024\/09\/5F-AMB.gif","contentUrl":"https:\/\/nembutalboutique.com\/wp-content\/uploads\/2024\/09\/5F-AMB.gif","width":600,"height":600,"caption":"Acheter 5F-AMB"},{"@type":"BreadcrumbList","@id":"https:\/\/nembutalboutique.com\/produit\/5f-amb\/#breadcrumb","itemListElement":[{"@type":"ListItem","position":1,"name":"Home","item":"https:\/\/nembutalboutique.com\/"},{"@type":"ListItem","position":2,"name":"Boutique","item":"https:\/\/nembutalboutique.com\/shop\/"},{"@type":"ListItem","position":3,"name":"5F-AMB"}]},{"@type":"WebSite","@id":"https:\/\/nembutalboutique.com\/#website","url":"https:\/\/nembutalboutique.com\/","name":"Nembutal winkel","description":"Mijn WordPress Blog","publisher":{"@id":"https:\/\/nembutalboutique.com\/#organization"},"potentialAction":[{"@type":"SearchAction","target":{"@type":"EntryPoint","urlTemplate":"https:\/\/nembutalboutique.com\/?s={search_term_string}"},"query-input":{"@type":"PropertyValueSpecification","valueRequired":true,"valueName":"search_term_string"}}],"inLanguage":"nl-BE"},{"@type":"Organization","@id":"https:\/\/nembutalboutique.com\/#organization","name":"Nembutal winkel","url":"https:\/\/nembutalboutique.com\/","logo":{"@type":"ImageObject","inLanguage":"nl-BE","@id":"https:\/\/nembutalboutique.com\/#\/schema\/logo\/image\/","url":"https:\/\/nembutalboutique.com\/wp-content\/uploads\/2024\/01\/logo.png","contentUrl":"https:\/\/nembutalboutique.com\/wp-content\/uploads\/2024\/01\/logo.png","width":494,"height":121,"caption":"Nembutal Boutique"},"image":{"@id":"https:\/\/nembutalboutique.com\/#\/schema\/logo\/image\/"}}]}},"_links":{"self":[{"href":"https:\/\/nembutalboutique.com\/nl\/wp-json\/wp\/v2\/product\/3179"}],"collection":[{"href":"https:\/\/nembutalboutique.com\/nl\/wp-json\/wp\/v2\/product"}],"about":[{"href":"https:\/\/nembutalboutique.com\/nl\/wp-json\/wp\/v2\/types\/product"}],"replies":[{"embeddable":true,"href":"https:\/\/nembutalboutique.com\/nl\/wp-json\/wp\/v2\/comments?post=3179"}],"wp:featuredmedia":[{"embeddable":true,"href":"https:\/\/nembutalboutique.com\/nl\/wp-json\/wp\/v2\/media\/3209"}],"wp:attachment":[{"href":"https:\/\/nembutalboutique.com\/nl\/wp-json\/wp\/v2\/media?parent=3179"}],"wp:term":[{"taxonomy":"product_brand","embeddable":true,"href":"https:\/\/nembutalboutique.com\/nl\/wp-json\/wp\/v2\/product_brand?post=3179"},{"taxonomy":"product_cat","embeddable":true,"href":"https:\/\/nembutalboutique.com\/nl\/wp-json\/wp\/v2\/product_cat?post=3179"},{"taxonomy":"product_tag","embeddable":true,"href":"https:\/\/nembutalboutique.com\/nl\/wp-json\/wp\/v2\/product_tag?post=3179"}],"curies":[{"name":"wp","href":"https:\/\/api.w.org\/{rel}","templated":true}]}}