{"id":3178,"date":"2024-09-16T08:15:44","date_gmt":"2024-09-16T08:15:44","guid":{"rendered":"https:\/\/nembutalboutique.com\/?post_type=product&#038;p=3178"},"modified":"2024-09-20T09:22:57","modified_gmt":"2024-09-20T09:22:57","slug":"5f-pb-22","status":"publish","type":"product","link":"https:\/\/nembutalboutique.com\/nl\/product\/koop-5f-pb-22\/","title":{"rendered":"5F-PB-22"},"content":{"rendered":"<h2>5F-PB-22 online kopen.<\/h2>\n<p>Het product 5F-PB22 is vervaardigd en getest in overeenstemming met ISO17025:2005 en Guide 34:2009.<\/p>\n<p>Dit product is bedoeld voor gebruik als analytische referentiestandaard. De massa-inhoud is verkrijgbaar bij de juiste instellingen voor academische studies; neem contact op met onze verkoopafdeling als u vragen hebt over prijzen.<\/p>\n<p>Andere woorden.<\/p>\n<h3>5. Fluor-QUPIC<\/h3>\n<p>De structurele classificatie van het analytische referentiemonster 5-Fluor PB-22 (art.-nr. 14095) is die van de synthetische cannabino\u00efde (CB). Het is een volledige antagonist met pEC50-waarden van 8,55 of 7,97 voor CB1- of CB1-mannelijk. CB2-Rezeptoren.1,2 <a href=\"https:\/\/nembutalboutique.com\/produit\/5f-pb-22\/\">5-fluor-PB-22<\/a> komt overeen met de in vivo effecten van \u03949-THC door het effectief induceren van hypothermie en het verlagen van de hartslag bij ratten op een dosis-afhankelijke manier (Art.-Nr. 12068 | ISO60157).1. De doelmarkten voor dit apparaat zijn forensische en onderzoekstoepassingen.<\/p>\n<p>Deze producten voldoen aan de productie- en testvereisten van ISO 17025. Dit product voldoet aan de productie- en testvereisten van ISO 17025 en Guide 34, waardoor het een gekwalificeerd referentiemateriaal (RM) is. Deze materialen worden geanalyseerd met behulp van goedgekeurde analytische technieken met gecertificeerde apparatuur om de reproduceerbaarheid van metingen te garanderen. Hier kunnen alle herleidbare RM's worden teruggevonden met behulp van het batchnummer op het productlabel en kan hun CofA worden geverifieerd. Neem contact op met onze technische ondersteuning voor een offici\u00eble kopie van de CofA.<\/p>\n<h3>Nembutalboutique is een Europees bedrijf dat gespecialiseerd is in de detail- en groothandel van de beste Nembutalboutique producten.<\/h3>\n<p>Sinds onze oprichting zijn we gegroeid om beter aan de behoeften van onze klanten te kunnen voldoen. Onze expertise is uitgebreid met het maken van forensische analysenormen, preklinische medicijnontwikkeling, contractonderzoeksdiensten en het maken van farmaceutische materialen.<\/p>\n<p>Dit product voldoet aan de productie- en testvereisten van ISO 17025 en Guide 34, waardoor het een gekwalificeerd referentiemateriaal (RM) is. Aan deze lijst voegen we ontwikkeling, ondersteuning van onderzoekssubsidies en maatschappelijke betrokkenheid toe. We zullen nooit afwijken van onze oprichtingsprincipes en oorspronkelijke doelstellingen, die bestonden uit het ondersteunen van de onderzoeksgemeenschap en het leveren van artikelen van hoge kwaliteit tegen redelijke prijzen.<\/p>\n<p>De beste plek om onderzoekschemicali\u00ebn te krijgen en jezelf uit te rusten met geavanceerde materialen voor je projecten is Nembutalboutique. Je hebt een leverancier nodig die je kunt vertrouwen om je te voorzien van echte en zuivere 100 % chemicali\u00ebn. Werken met ons garandeert dat. We zijn er erg trots op om erkend te worden als een van de toonaangevende leveranciers op het internet vanwege onze toewijding aan kwaliteit en wetenschappelijke integriteit.<br \/>\nNembutalboutique heeft een leidende positie in wereldwijde chemische adviesdiensten en offshore en internationale chemische toelevering. Als een echte wereldwijde leverancier is Nembutalboutique actief op zes continenten. We hebben een wereldwijde reputatie voor het leveren van de hoogste kwaliteit van dienstverlening en onze kennis, vaardigheden en ervaring zijn zowel lokaal als internationaal goed bekend.<\/p>\n<h3>5F-PB-22 bij het kopen van nembutal - kwaliteit telt!<\/h3>\n<p>Koop 5F-PB-22 online van de beste Europese chemische bedrijven Professioneel vervaardigd met een minimum van 98 % + Reinheit gegarandeerd. We leveren de COA van elke chemisch geproduceerde batch tijdens ons onderzoek!<\/p>\n<p>5F-PB-22 inhoud: Bevat minimaal 98 % van <a href=\"https:\/\/en.wikipedia.org\/wiki\/5F-PB-22\">5F-PB-22<\/a> zuiver per besturingseenheid.<\/p>\n<p>Bepaling van 5F-PB-22<\/p>\n<p>Omdat 5F-PB-22 uitsluitend wordt verkocht voor gebruik in wetenschappelijk chemisch onderzoek en niet bedoeld is voor menselijke consumptie, is er geen aanbevolen dosering.<\/p>\n<p>Effecten van 5F-PB-22<\/p>\n<p>De klinische effecten van de meeste nieuwe synthetische drugs, zoals 5F-PB-22, kunnen worden geclassificeerd als stimulerend, hallucinogeen of opio\u00efde-achtig. Daarnaast heb je een combinatie van deze effecten met de substitutie van de secundaire synthetische stof.<\/p>\n<h3>Ongewenste effecten van 5F-PB-22<\/h3>\n<p>Net als andere synthetische medicijnen kan 5F-PB-22 ernstige bijwerkingen hebben. Daarom is het niet klinisch getest of goedgekeurd als product voor de behandeling van welk type ziekte dan ook. Daarom is 5F-PB-22 alleen bedoeld voor gebruik in wetenschappelijk onderzoek en niet voor menselijk gebruik!<\/p>\n<h3>Hoe bewaar ik 5F-PB-22<\/h3>\n<p>5F-PB-22 moet worden bewaard bij een temperatuur onder de dertig graden Celsius. Bewaar de 5F-PB-22 in de originele verpakking, uit de buurt van direct zonlicht en vocht.<\/p>","protected":false},"excerpt":{"rendered":"<p>Acheter 5F-PB-22 en ligne. Le produit 5F-PB22 est fabriqu\u00e9 et test\u00e9 conform\u00e9ment aux sp\u00e9cifications ISO17025:2005 et Guide 34:2009. Ce produit est destin\u00e9 \u00e0 servir de norme de r\u00e9f\u00e9rence analytique. La teneur en masse est disponible aupr\u00e8s des institutions appropri\u00e9es pour des \u00e9tudes universitaires ; veuillez contacter notre service commercial pour toute question concernant les prix. [&hellip;]<\/p>","protected":false},"featured_media":3208,"comment_status":"open","ping_status":"closed","template":"","meta":{"_joinchat":[]},"product_brand":[],"product_cat":[386],"product_tag":[],"class_list":{"0":"post-3178","1":"product","2":"type-product","3":"status-publish","4":"has-post-thumbnail","6":"product_cat-cannabinoids","8":"first","9":"instock","10":"shipping-taxable","11":"purchasable","12":"product-type-variable"},"yoast_head":"<!-- This site is optimized with the Yoast SEO plugin v23.5 - https:\/\/yoast.com\/wordpress\/plugins\/seo\/ -->\n<title>Achetez 5F-PB 22 en ligne - 5F-PB 22 \u00e0 vendre - Commandez 5F-PB 22<\/title>\n<meta name=\"description\" content=\"Vous souhaitez approfondir vos recherches ? Achetez 5F-PB 22 en ligne de mani\u00e8re pratique et s\u00e9curis\u00e9e, gr\u00e2ce \u00e0 un processus de commande simple pour la vente de 5F-PB 22. Explorez les possibilit\u00e9s et achetez 5F-PB 22 en ligne pour vos recherches d\u00e8s aujourd&#039;hui.\" \/>\n<meta name=\"robots\" content=\"index, follow, max-snippet:-1, max-image-preview:large, max-video-preview:-1\" \/>\n<link rel=\"canonical\" href=\"https:\/\/nembutalboutique.com\/nl\/product\/koop-5f-pb-22\/\" \/>\n<meta property=\"og:locale\" content=\"nl_BE\" \/>\n<meta property=\"og:type\" content=\"article\" \/>\n<meta property=\"og:title\" content=\"Achetez 5F-PB 22 en ligne - 5F-PB 22 \u00e0 vendre - Commandez 5F-PB 22\" \/>\n<meta property=\"og:description\" content=\"Vous souhaitez approfondir vos recherches ? Achetez 5F-PB 22 en ligne de mani\u00e8re pratique et s\u00e9curis\u00e9e, gr\u00e2ce \u00e0 un processus de commande simple pour la vente de 5F-PB 22. Explorez les possibilit\u00e9s et achetez 5F-PB 22 en ligne pour vos recherches d\u00e8s aujourd&#039;hui.\" \/>\n<meta property=\"og:url\" content=\"https:\/\/nembutalboutique.com\/nl\/product\/koop-5f-pb-22\/\" \/>\n<meta property=\"og:site_name\" content=\"Nembutal Boutique\" \/>\n<meta property=\"article:modified_time\" content=\"2024-09-20T09:22:57+00:00\" \/>\n<meta property=\"og:image\" content=\"https:\/\/nembutalboutique.com\/wp-content\/uploads\/2024\/09\/5F-PB-22.gif\" \/>\n\t<meta property=\"og:image:width\" content=\"600\" \/>\n\t<meta property=\"og:image:height\" content=\"600\" \/>\n\t<meta property=\"og:image:type\" content=\"image\/gif\" \/>\n<meta name=\"twitter:card\" content=\"summary_large_image\" \/>\n<meta name=\"twitter:label1\" content=\"Geschatte leestijd\" \/>\n\t<meta name=\"twitter:data1\" content=\"4 minuten\" \/>\n<script type=\"application\/ld+json\" class=\"yoast-schema-graph\">{\"@context\":\"https:\/\/schema.org\",\"@graph\":[{\"@type\":\"WebPage\",\"@id\":\"https:\/\/nembutalboutique.com\/produit\/5f-pb-22\/\",\"url\":\"https:\/\/nembutalboutique.com\/produit\/5f-pb-22\/\",\"name\":\"Achetez 5F-PB 22 en ligne - 5F-PB 22 \u00e0 vendre - Commandez 5F-PB 22\",\"isPartOf\":{\"@id\":\"https:\/\/nembutalboutique.com\/#website\"},\"primaryImageOfPage\":{\"@id\":\"https:\/\/nembutalboutique.com\/produit\/5f-pb-22\/#primaryimage\"},\"image\":{\"@id\":\"https:\/\/nembutalboutique.com\/produit\/5f-pb-22\/#primaryimage\"},\"thumbnailUrl\":\"https:\/\/nembutalboutique.com\/wp-content\/uploads\/2024\/09\/5F-PB-22.gif\",\"datePublished\":\"2024-09-16T08:15:44+00:00\",\"dateModified\":\"2024-09-20T09:22:57+00:00\",\"description\":\"Vous souhaitez approfondir vos recherches ? Achetez 5F-PB 22 en ligne de mani\u00e8re pratique et s\u00e9curis\u00e9e, gr\u00e2ce \u00e0 un processus de commande simple pour la vente de 5F-PB 22. Explorez les possibilit\u00e9s et achetez 5F-PB 22 en ligne pour vos recherches d\u00e8s aujourd'hui.\",\"breadcrumb\":{\"@id\":\"https:\/\/nembutalboutique.com\/produit\/5f-pb-22\/#breadcrumb\"},\"inLanguage\":\"nl-BE\",\"potentialAction\":[{\"@type\":\"ReadAction\",\"target\":[\"https:\/\/nembutalboutique.com\/produit\/5f-pb-22\/\"]}]},{\"@type\":\"ImageObject\",\"inLanguage\":\"nl-BE\",\"@id\":\"https:\/\/nembutalboutique.com\/produit\/5f-pb-22\/#primaryimage\",\"url\":\"https:\/\/nembutalboutique.com\/wp-content\/uploads\/2024\/09\/5F-PB-22.gif\",\"contentUrl\":\"https:\/\/nembutalboutique.com\/wp-content\/uploads\/2024\/09\/5F-PB-22.gif\",\"width\":600,\"height\":600,\"caption\":\"Acheter 5F-PB-22.gif\"},{\"@type\":\"BreadcrumbList\",\"@id\":\"https:\/\/nembutalboutique.com\/produit\/5f-pb-22\/#breadcrumb\",\"itemListElement\":[{\"@type\":\"ListItem\",\"position\":1,\"name\":\"Home\",\"item\":\"https:\/\/nembutalboutique.com\/\"},{\"@type\":\"ListItem\",\"position\":2,\"name\":\"Boutique\",\"item\":\"https:\/\/nembutalboutique.com\/shop\/\"},{\"@type\":\"ListItem\",\"position\":3,\"name\":\"5F-PB-22\"}]},{\"@type\":\"WebSite\",\"@id\":\"https:\/\/nembutalboutique.com\/#website\",\"url\":\"https:\/\/nembutalboutique.com\/\",\"name\":\"Nembutal Boutique\",\"description\":\"My WordPress Blog\",\"publisher\":{\"@id\":\"https:\/\/nembutalboutique.com\/#organization\"},\"potentialAction\":[{\"@type\":\"SearchAction\",\"target\":{\"@type\":\"EntryPoint\",\"urlTemplate\":\"https:\/\/nembutalboutique.com\/?s={search_term_string}\"},\"query-input\":{\"@type\":\"PropertyValueSpecification\",\"valueRequired\":true,\"valueName\":\"search_term_string\"}}],\"inLanguage\":\"nl-BE\"},{\"@type\":\"Organization\",\"@id\":\"https:\/\/nembutalboutique.com\/#organization\",\"name\":\"Nembutal Boutique\",\"url\":\"https:\/\/nembutalboutique.com\/\",\"logo\":{\"@type\":\"ImageObject\",\"inLanguage\":\"nl-BE\",\"@id\":\"https:\/\/nembutalboutique.com\/#\/schema\/logo\/image\/\",\"url\":\"https:\/\/nembutalboutique.com\/wp-content\/uploads\/2024\/01\/logo.png\",\"contentUrl\":\"https:\/\/nembutalboutique.com\/wp-content\/uploads\/2024\/01\/logo.png\",\"width\":494,\"height\":121,\"caption\":\"Nembutal Boutique\"},\"image\":{\"@id\":\"https:\/\/nembutalboutique.com\/#\/schema\/logo\/image\/\"}}]}<\/script>\n<!-- \/ Yoast SEO plugin. -->","yoast_head_json":{"title":"Online 5F-PB 22 kopen - 5F-PB 22 kopen - 5F-PB 22 bestellen","description":"Meer weten? Koop 5F-PB 22 gemakkelijk en veilig online dankzij een eenvoudig bestelproces voor de verkoop van 5F-PB 22. Ontdek de mogelijkheden en koop vandaag nog 5F-PB 22 online voor je onderzoek.","robots":{"index":"index","follow":"follow","max-snippet":"max-snippet:-1","max-image-preview":"max-image-preview:large","max-video-preview":"max-video-preview:-1"},"canonical":"https:\/\/nembutalboutique.com\/nl\/product\/koop-5f-pb-22\/","og_locale":"nl_BE","og_type":"article","og_title":"Achetez 5F-PB 22 en ligne - 5F-PB 22 \u00e0 vendre - Commandez 5F-PB 22","og_description":"Vous souhaitez approfondir vos recherches ? Achetez 5F-PB 22 en ligne de mani\u00e8re pratique et s\u00e9curis\u00e9e, gr\u00e2ce \u00e0 un processus de commande simple pour la vente de 5F-PB 22. Explorez les possibilit\u00e9s et achetez 5F-PB 22 en ligne pour vos recherches d\u00e8s aujourd'hui.","og_url":"https:\/\/nembutalboutique.com\/nl\/product\/koop-5f-pb-22\/","og_site_name":"Nembutal Boutique","article_modified_time":"2024-09-20T09:22:57+00:00","og_image":[{"width":600,"height":600,"url":"https:\/\/nembutalboutique.com\/wp-content\/uploads\/2024\/09\/5F-PB-22.gif","type":"image\/gif"}],"twitter_card":"summary_large_image","twitter_misc":{"Geschatte leestijd":"4 minuten"},"schema":{"@context":"https:\/\/schema.org","@graph":[{"@type":"WebPage","@id":"https:\/\/nembutalboutique.com\/produit\/5f-pb-22\/","url":"https:\/\/nembutalboutique.com\/produit\/5f-pb-22\/","name":"Online 5F-PB 22 kopen - 5F-PB 22 kopen - 5F-PB 22 bestellen","isPartOf":{"@id":"https:\/\/nembutalboutique.com\/#website"},"primaryImageOfPage":{"@id":"https:\/\/nembutalboutique.com\/produit\/5f-pb-22\/#primaryimage"},"image":{"@id":"https:\/\/nembutalboutique.com\/produit\/5f-pb-22\/#primaryimage"},"thumbnailUrl":"https:\/\/nembutalboutique.com\/wp-content\/uploads\/2024\/09\/5F-PB-22.gif","datePublished":"2024-09-16T08:15:44+00:00","dateModified":"2024-09-20T09:22:57+00:00","description":"Meer weten? Koop 5F-PB 22 gemakkelijk en veilig online dankzij een eenvoudig bestelproces voor de verkoop van 5F-PB 22. Ontdek de mogelijkheden en koop vandaag nog 5F-PB 22 online voor je onderzoek.","breadcrumb":{"@id":"https:\/\/nembutalboutique.com\/produit\/5f-pb-22\/#breadcrumb"},"inLanguage":"nl-BE","potentialAction":[{"@type":"ReadAction","target":["https:\/\/nembutalboutique.com\/produit\/5f-pb-22\/"]}]},{"@type":"ImageObject","inLanguage":"nl-BE","@id":"https:\/\/nembutalboutique.com\/produit\/5f-pb-22\/#primaryimage","url":"https:\/\/nembutalboutique.com\/wp-content\/uploads\/2024\/09\/5F-PB-22.gif","contentUrl":"https:\/\/nembutalboutique.com\/wp-content\/uploads\/2024\/09\/5F-PB-22.gif","width":600,"height":600,"caption":"Acheter 5F-PB-22.gif"},{"@type":"BreadcrumbList","@id":"https:\/\/nembutalboutique.com\/produit\/5f-pb-22\/#breadcrumb","itemListElement":[{"@type":"ListItem","position":1,"name":"Home","item":"https:\/\/nembutalboutique.com\/"},{"@type":"ListItem","position":2,"name":"Boutique","item":"https:\/\/nembutalboutique.com\/shop\/"},{"@type":"ListItem","position":3,"name":"5F-PB-22"}]},{"@type":"WebSite","@id":"https:\/\/nembutalboutique.com\/#website","url":"https:\/\/nembutalboutique.com\/","name":"Nembutal winkel","description":"Mijn WordPress Blog","publisher":{"@id":"https:\/\/nembutalboutique.com\/#organization"},"potentialAction":[{"@type":"SearchAction","target":{"@type":"EntryPoint","urlTemplate":"https:\/\/nembutalboutique.com\/?s={search_term_string}"},"query-input":{"@type":"PropertyValueSpecification","valueRequired":true,"valueName":"search_term_string"}}],"inLanguage":"nl-BE"},{"@type":"Organization","@id":"https:\/\/nembutalboutique.com\/#organization","name":"Nembutal winkel","url":"https:\/\/nembutalboutique.com\/","logo":{"@type":"ImageObject","inLanguage":"nl-BE","@id":"https:\/\/nembutalboutique.com\/#\/schema\/logo\/image\/","url":"https:\/\/nembutalboutique.com\/wp-content\/uploads\/2024\/01\/logo.png","contentUrl":"https:\/\/nembutalboutique.com\/wp-content\/uploads\/2024\/01\/logo.png","width":494,"height":121,"caption":"Nembutal Boutique"},"image":{"@id":"https:\/\/nembutalboutique.com\/#\/schema\/logo\/image\/"}}]}},"_links":{"self":[{"href":"https:\/\/nembutalboutique.com\/nl\/wp-json\/wp\/v2\/product\/3178"}],"collection":[{"href":"https:\/\/nembutalboutique.com\/nl\/wp-json\/wp\/v2\/product"}],"about":[{"href":"https:\/\/nembutalboutique.com\/nl\/wp-json\/wp\/v2\/types\/product"}],"replies":[{"embeddable":true,"href":"https:\/\/nembutalboutique.com\/nl\/wp-json\/wp\/v2\/comments?post=3178"}],"wp:featuredmedia":[{"embeddable":true,"href":"https:\/\/nembutalboutique.com\/nl\/wp-json\/wp\/v2\/media\/3208"}],"wp:attachment":[{"href":"https:\/\/nembutalboutique.com\/nl\/wp-json\/wp\/v2\/media?parent=3178"}],"wp:term":[{"taxonomy":"product_brand","embeddable":true,"href":"https:\/\/nembutalboutique.com\/nl\/wp-json\/wp\/v2\/product_brand?post=3178"},{"taxonomy":"product_cat","embeddable":true,"href":"https:\/\/nembutalboutique.com\/nl\/wp-json\/wp\/v2\/product_cat?post=3178"},{"taxonomy":"product_tag","embeddable":true,"href":"https:\/\/nembutalboutique.com\/nl\/wp-json\/wp\/v2\/product_tag?post=3178"}],"curies":[{"name":"wp","href":"https:\/\/api.w.org\/{rel}","templated":true}]}}