{"id":3177,"date":"2024-09-16T08:15:44","date_gmt":"2024-09-16T08:15:44","guid":{"rendered":"https:\/\/nembutalboutique.com\/?post_type=product&#038;p=3177"},"modified":"2024-09-20T09:24:27","modified_gmt":"2024-09-20T09:24:27","slug":"5f-ur-144","status":"publish","type":"product","link":"https:\/\/nembutalboutique.com\/nl\/product\/5fur-144-kopen\/","title":{"rendered":"5F-ur-144"},"content":{"rendered":"<h2>5Fur-144 online kopen<\/h2>\n<p>5F-ur-144, Nembutalboutique, uw one-stop-shop voor eersteklas onderzoeksbenodigdheden. We zijn er trots op dat we een breed scala aan producten kunnen aanbieden, en <a href=\"https:\/\/nembutalboutique.com\/produit\/5f-ur-144\/\">5F-ur-144<\/a> is een van onze best verkopende producten. Terwijl we de unieke eigenschappen van deze opmerkelijke chemische stof onderzoeken, nemen we je mee naar een wereld van eindeloze onderzoeksmogelijkheden.<\/p>\n<h3>Ontdek de voordelen van 5Fur-144.<\/h3>\n<p>Bij Nembutalboutique erkennen we de waarde van betrouwbare onderzoeksmaterialen. Als je 5F-ur-144 online bij ons koopt, heb je toegang tot een stof die veelbelovende resultaten heeft laten zien in tal van onderzoeken. De unieke eigenschappen zijn bestudeerd door onderzoekers, waardoor het een nuttige aanvulling is op je werk.<\/p>\n<p>NembutalBoutique: Waarom heb je voor Vertrauen gekozen? Vertrauen speelt een cruciale rol bij het maken van chemicali\u00ebn voor wetenschappelijk onderzoek. Als u op zoek bent naar 5Fur-144 online van Wij zijn het bedrijf om contact op te nemen als u een hands-free product nodig hebt. We verkopen niet alleen producten. Van Nembutalboutique, uw bron voor eersteklas onderzoeksmaterialen, groeten. We zijn er erg trots op dat we een breed scala aan producten kunnen aanbieden, en de <a href=\"https:\/\/en.wikipedia.org\/wiki\/FUB-144\">5F-ur-144<\/a> is een van onze best verkopende artikelen. Terwijl we de specifieke kenmerken van deze opmerkelijke chemische stof onderzoeken, kun je jezelf vinden in een overvloed aan onderzoeksmogelijkheden en een veilig bestelproces. Als een toegewijd bedrijf waarderen we je tevredenheid en bieden we je de beste plek voor de veilige aankoop van 5Fur-144.<\/p>\n<h3>Sla je voorspellingen veilig online op met 5F-ur-144.<\/h3>\n<p>Navigeren door het verwarrende doolhof van referentiemateriaal voor 5F-ur-144 kan moeilijk zijn. U kunt ontspannen in de wetenschap dat NembuKauFlog een betrouwbare partner is. Met slechts een paar klikken op onze gebruiksvriendelijke website, kunt u snel en discreet 5F-ur-144 online verkrijgen en het rechtstreeks bij u thuis laten bezorgen.<\/p>\n<h3>Koop dan een 5Fur-144.<\/h3>\n<p>5F-ur-144 kopen: een eenvoudig, probleemloos proces<\/p>\n<p>We hebben het aankoopproces geoptimaliseerd omdat we begrijpen hoe waardevol jouw tijd is. Wil je 5Fur-144 kopen? Je hoeft niet verder te zoeken want het gestroomlijnde koopproces van buynembutal zorgt voor een probleemloze koopervaring van selectie tot bestelling.<\/p>\n<h3>Krijg onge\u00ebvenaarde kwaliteit wanneer je 5Fur-144 online koopt.<\/h3>\n<p>Krijg de beste onderzoekschemicali\u00ebn online bij kaufennembutal. door een bestelling te plaatsen voor 5Fur-144. Ons niet-aflatende streven naar uitmuntendheid positioneert ons als een vertrouwde wereldwijde bron voor wetenschappers. U kunt op ons rekenen om de hoogste kwaliteit te leveren en u te voorzien van de producten die u nodig hebt om uw wetenschappelijke inspanningen vooruit te helpen.<\/p>\n<p>Buynembutal is uw toegewijde partner in het vinden van premium onderzoekschemicali\u00ebn. Koop 5Fur-144 van ons en ontdek de eenvoud van zakendoen met de beste in de industrie. Het is het beste om te doen wat uw studies verdienen, en dat doen wij ook.<\/p>","protected":false},"excerpt":{"rendered":"<table id=\"details-table\">\n<tbody>\n<tr>\n<th id=\"label-names\">Naam :<\/th>\n<td id=\"details-names\"><span id=\"full-name\">5F-UR-144 indazool<\/span><br \/>\n<span id=\"alternate-name\">FAB-144, (1-(5-fluoropentyl)-1H-indazol-3-yl)(2,2,3,3-tetramethylcyclopropyl)methanon<\/span><\/td>\n<\/tr>\n<tr>\n<th><label class=\"details-label\"><abbr title=\"Internationale Unie voor Zuivere en Toegepaste Chemie\">IUPAC<\/abbr> namen:<\/label><\/th>\n<td><span id=\"iupac-name\">(1-(5-fluoropentyl)-1H-indazol-3-yl)(2,2,3,3-tetramethylcyclopropyl)methanon<\/span><\/td>\n<\/tr>\n<tr>\n<th><label class=\"details-label\">Groep stoffen:<\/label><\/th>\n<td><span id=\"substance-group\">Synthetische cannabino\u00efden<\/span><\/td>\n<\/tr>\n<tr>\n<th><label class=\"details-label\">Effectgroep:<\/label><\/th>\n<td><span id=\"substance-group\">Synthetische cannabino\u00efde receptoragonisten<\/span><\/td>\n<\/tr>\n<tr>\n<th><label class=\"details-label\">Structuur:<\/label><\/th>\n<td>\n<div id=\"structure-image\"><\/div>\n<\/td>\n<\/tr>\n<tr>\n<th><label class=\"details-label\" for=\"cas-number\"><abbr title=\"Chemical Abstracts Service\">CASE<\/abbr>\u00a0Aantal:<\/label><\/th>\n<td><\/td>\n<\/tr>\n<tr>\n<th id=\"inchi-head\"><label class=\"details-label\"><abbr title=\"Internationale Chemische Identificatiecode IUPAC\">InChI<\/abbr>:<\/label><\/th>\n<td>\n<div id=\"inchi-box\"><span id=\"inchi\">InChI=1S\/C20H27FN2O\/c1-19(2)18(20(19,3)4)17(24)16-14-10-6-7-11-15(14)23(22-16)13-9-5-8-12-21\/h6-7,10-11,18H,5,8-9,12-13H2,1-4H3\u00a0<button id=\"copy-inchi-button\" class=\"copy-button zeroclipboard-is-hover\" title=\"InChI kopi\u00ebren\" data-clipboard-target=\"inchi\"><\/button><\/span><\/div>\n<\/td>\n<\/tr>\n<tr>\n<th><label class=\"details-label\"><abbr title=\"Internationale Chemische Identificatiecode IUPAC\">InChI<\/abbr>\u00a0Sleutel:<\/label><\/th>\n<td>\n<div><span id=\"inchi-key\">LVJQJRUAYXVEGN-UHFFFAOYSA-N<\/span>\u00a0<button id=\"copy-inchi-key-button\" class=\"copy-button zeroclipboard-is-hover\" title=\"InChI-sleutel kopi\u00ebren\" data-clipboard-target=\"inchi-key\"><\/button><\/div>\n<\/td>\n<\/tr>\n<tr>\n<th><label class=\"details-label\"><abbr title=\"Vereenvoudigd systeem voor het invoeren van moleculaire inputlijnen\">SMILES<\/abbr>:<\/label><\/th>\n<td>\n<div><span id=\"smiles-notation\">FCCCCCN1C2=C(C(C(C3C(C)(C(C)3C)C)=O)=N1)C=CC=C2<\/span>\u00a0<button id=\"copy-smiles-button\" class=\"copy-button zeroclipboard-is-hover\" title=\"SMILES kopi\u00ebren\" data-clipboard-target=\"smiles-notation\"><\/button><\/div>\n<\/td>\n<\/tr>\n<tr>\n<th><label class=\"details-label\">Molecuulformule:<\/label><\/th>\n<td><span id=\"molecular-formula\">C<sub>20<\/sub>H<sub>27<\/sub>FN<sub>2<\/sub>O<\/span><\/td>\n<\/tr>\n<tr>\n<th><label class=\"details-label\">Molecuulgewicht:<\/label><\/th>\n<td><span id=\"molecular-weight\">330,4396 g\/mol<\/span><\/td>\n<\/tr>\n<\/tbody>\n<\/table>","protected":false},"featured_media":3207,"comment_status":"open","ping_status":"closed","template":"","meta":{"_joinchat":[]},"product_brand":[],"product_cat":[386,447],"product_tag":[],"class_list":{"0":"post-3177","1":"product","2":"type-product","3":"status-publish","4":"has-post-thumbnail","6":"product_cat-cannabinoids","7":"product_cat-stimulants","9":"first","10":"instock","11":"shipping-taxable","12":"purchasable","13":"product-type-variable"},"yoast_head":"<!-- This site is optimized with the Yoast SEO plugin v23.5 - https:\/\/yoast.com\/wordpress\/plugins\/seo\/ -->\n<title>Acheter 5F-UR-144 en ligne - 5F-UR-144 \u00e0 vendre<\/title>\n<meta name=\"description\" content=\"Vous souhaitez acheter du 5F-UR-144 en ligne \u00e0 un prix raisonnable ? Visitez notre boutique en ligne r\u00e9put\u00e9e NB et obtenez le 5F-UR-144 en vente d\u00e8s aujourd&#039;hui. Passez une commande maintenant et obtenez le meilleur tarif dans notre magasin.\" \/>\n<meta name=\"robots\" content=\"index, follow, max-snippet:-1, max-image-preview:large, max-video-preview:-1\" \/>\n<link rel=\"canonical\" href=\"https:\/\/nembutalboutique.com\/nl\/product\/5fur-144-kopen\/\" \/>\n<meta property=\"og:locale\" content=\"nl_BE\" \/>\n<meta property=\"og:type\" content=\"article\" \/>\n<meta property=\"og:title\" content=\"Acheter 5F-UR-144 en ligne - 5F-UR-144 \u00e0 vendre\" \/>\n<meta property=\"og:description\" content=\"Vous souhaitez acheter du 5F-UR-144 en ligne \u00e0 un prix raisonnable ? Visitez notre boutique en ligne r\u00e9put\u00e9e NB et obtenez le 5F-UR-144 en vente d\u00e8s aujourd&#039;hui. Passez une commande maintenant et obtenez le meilleur tarif dans notre magasin.\" \/>\n<meta property=\"og:url\" content=\"https:\/\/nembutalboutique.com\/nl\/product\/5fur-144-kopen\/\" \/>\n<meta property=\"og:site_name\" content=\"Nembutal Boutique\" \/>\n<meta property=\"article:modified_time\" content=\"2024-09-20T09:24:27+00:00\" \/>\n<meta property=\"og:image\" content=\"https:\/\/nembutalboutique.com\/wp-content\/uploads\/2024\/09\/5Fur-144.gif\" \/>\n\t<meta property=\"og:image:width\" content=\"600\" \/>\n\t<meta property=\"og:image:height\" content=\"600\" \/>\n\t<meta property=\"og:image:type\" content=\"image\/gif\" \/>\n<meta name=\"twitter:card\" content=\"summary_large_image\" \/>\n<meta name=\"twitter:label1\" content=\"Geschatte leestijd\" \/>\n\t<meta name=\"twitter:data1\" content=\"3 minuten\" \/>\n<script type=\"application\/ld+json\" class=\"yoast-schema-graph\">{\"@context\":\"https:\/\/schema.org\",\"@graph\":[{\"@type\":\"WebPage\",\"@id\":\"https:\/\/nembutalboutique.com\/produit\/5f-ur-144\/\",\"url\":\"https:\/\/nembutalboutique.com\/produit\/5f-ur-144\/\",\"name\":\"Acheter 5F-UR-144 en ligne - 5F-UR-144 \u00e0 vendre\",\"isPartOf\":{\"@id\":\"https:\/\/nembutalboutique.com\/#website\"},\"primaryImageOfPage\":{\"@id\":\"https:\/\/nembutalboutique.com\/produit\/5f-ur-144\/#primaryimage\"},\"image\":{\"@id\":\"https:\/\/nembutalboutique.com\/produit\/5f-ur-144\/#primaryimage\"},\"thumbnailUrl\":\"https:\/\/nembutalboutique.com\/wp-content\/uploads\/2024\/09\/5Fur-144.gif\",\"datePublished\":\"2024-09-16T08:15:44+00:00\",\"dateModified\":\"2024-09-20T09:24:27+00:00\",\"description\":\"Vous souhaitez acheter du 5F-UR-144 en ligne \u00e0 un prix raisonnable ? Visitez notre boutique en ligne r\u00e9put\u00e9e NB et obtenez le 5F-UR-144 en vente d\u00e8s aujourd'hui. Passez une commande maintenant et obtenez le meilleur tarif dans notre magasin.\",\"breadcrumb\":{\"@id\":\"https:\/\/nembutalboutique.com\/produit\/5f-ur-144\/#breadcrumb\"},\"inLanguage\":\"nl-BE\",\"potentialAction\":[{\"@type\":\"ReadAction\",\"target\":[\"https:\/\/nembutalboutique.com\/produit\/5f-ur-144\/\"]}]},{\"@type\":\"ImageObject\",\"inLanguage\":\"nl-BE\",\"@id\":\"https:\/\/nembutalboutique.com\/produit\/5f-ur-144\/#primaryimage\",\"url\":\"https:\/\/nembutalboutique.com\/wp-content\/uploads\/2024\/09\/5Fur-144.gif\",\"contentUrl\":\"https:\/\/nembutalboutique.com\/wp-content\/uploads\/2024\/09\/5Fur-144.gif\",\"width\":600,\"height\":600,\"caption\":\"Acheter 5Fur-144.gif\"},{\"@type\":\"BreadcrumbList\",\"@id\":\"https:\/\/nembutalboutique.com\/produit\/5f-ur-144\/#breadcrumb\",\"itemListElement\":[{\"@type\":\"ListItem\",\"position\":1,\"name\":\"Home\",\"item\":\"https:\/\/nembutalboutique.com\/\"},{\"@type\":\"ListItem\",\"position\":2,\"name\":\"Boutique\",\"item\":\"https:\/\/nembutalboutique.com\/shop\/\"},{\"@type\":\"ListItem\",\"position\":3,\"name\":\"5F-ur-144\"}]},{\"@type\":\"WebSite\",\"@id\":\"https:\/\/nembutalboutique.com\/#website\",\"url\":\"https:\/\/nembutalboutique.com\/\",\"name\":\"Nembutal Boutique\",\"description\":\"My WordPress Blog\",\"publisher\":{\"@id\":\"https:\/\/nembutalboutique.com\/#organization\"},\"potentialAction\":[{\"@type\":\"SearchAction\",\"target\":{\"@type\":\"EntryPoint\",\"urlTemplate\":\"https:\/\/nembutalboutique.com\/?s={search_term_string}\"},\"query-input\":{\"@type\":\"PropertyValueSpecification\",\"valueRequired\":true,\"valueName\":\"search_term_string\"}}],\"inLanguage\":\"nl-BE\"},{\"@type\":\"Organization\",\"@id\":\"https:\/\/nembutalboutique.com\/#organization\",\"name\":\"Nembutal Boutique\",\"url\":\"https:\/\/nembutalboutique.com\/\",\"logo\":{\"@type\":\"ImageObject\",\"inLanguage\":\"nl-BE\",\"@id\":\"https:\/\/nembutalboutique.com\/#\/schema\/logo\/image\/\",\"url\":\"https:\/\/nembutalboutique.com\/wp-content\/uploads\/2024\/01\/logo.png\",\"contentUrl\":\"https:\/\/nembutalboutique.com\/wp-content\/uploads\/2024\/01\/logo.png\",\"width\":494,\"height\":121,\"caption\":\"Nembutal Boutique\"},\"image\":{\"@id\":\"https:\/\/nembutalboutique.com\/#\/schema\/logo\/image\/\"}}]}<\/script>\n<!-- \/ Yoast SEO plugin. -->","yoast_head_json":{"title":"5F-UR-144 online kopen - 5F-UR-144 te koop","description":"Wil je 5F-UR-144 online kopen tegen een redelijke prijs? Bezoek onze gerenommeerde NB online shop en koop vandaag nog 5F-UR-144 in de uitverkoop. Plaats nu een bestelling en krijg de beste prijs in onze winkel.","robots":{"index":"index","follow":"follow","max-snippet":"max-snippet:-1","max-image-preview":"max-image-preview:large","max-video-preview":"max-video-preview:-1"},"canonical":"https:\/\/nembutalboutique.com\/nl\/product\/5fur-144-kopen\/","og_locale":"nl_BE","og_type":"article","og_title":"Acheter 5F-UR-144 en ligne - 5F-UR-144 \u00e0 vendre","og_description":"Vous souhaitez acheter du 5F-UR-144 en ligne \u00e0 un prix raisonnable ? Visitez notre boutique en ligne r\u00e9put\u00e9e NB et obtenez le 5F-UR-144 en vente d\u00e8s aujourd'hui. Passez une commande maintenant et obtenez le meilleur tarif dans notre magasin.","og_url":"https:\/\/nembutalboutique.com\/nl\/product\/5fur-144-kopen\/","og_site_name":"Nembutal Boutique","article_modified_time":"2024-09-20T09:24:27+00:00","og_image":[{"width":600,"height":600,"url":"https:\/\/nembutalboutique.com\/wp-content\/uploads\/2024\/09\/5Fur-144.gif","type":"image\/gif"}],"twitter_card":"summary_large_image","twitter_misc":{"Geschatte leestijd":"3 minuten"},"schema":{"@context":"https:\/\/schema.org","@graph":[{"@type":"WebPage","@id":"https:\/\/nembutalboutique.com\/produit\/5f-ur-144\/","url":"https:\/\/nembutalboutique.com\/produit\/5f-ur-144\/","name":"5F-UR-144 online kopen - 5F-UR-144 te koop","isPartOf":{"@id":"https:\/\/nembutalboutique.com\/#website"},"primaryImageOfPage":{"@id":"https:\/\/nembutalboutique.com\/produit\/5f-ur-144\/#primaryimage"},"image":{"@id":"https:\/\/nembutalboutique.com\/produit\/5f-ur-144\/#primaryimage"},"thumbnailUrl":"https:\/\/nembutalboutique.com\/wp-content\/uploads\/2024\/09\/5Fur-144.gif","datePublished":"2024-09-16T08:15:44+00:00","dateModified":"2024-09-20T09:24:27+00:00","description":"Wil je 5F-UR-144 online kopen tegen een redelijke prijs? Bezoek onze gerenommeerde NB online shop en koop vandaag nog 5F-UR-144 in de uitverkoop. Plaats nu een bestelling en krijg de beste prijs in onze winkel.","breadcrumb":{"@id":"https:\/\/nembutalboutique.com\/produit\/5f-ur-144\/#breadcrumb"},"inLanguage":"nl-BE","potentialAction":[{"@type":"ReadAction","target":["https:\/\/nembutalboutique.com\/produit\/5f-ur-144\/"]}]},{"@type":"ImageObject","inLanguage":"nl-BE","@id":"https:\/\/nembutalboutique.com\/produit\/5f-ur-144\/#primaryimage","url":"https:\/\/nembutalboutique.com\/wp-content\/uploads\/2024\/09\/5Fur-144.gif","contentUrl":"https:\/\/nembutalboutique.com\/wp-content\/uploads\/2024\/09\/5Fur-144.gif","width":600,"height":600,"caption":"Acheter 5Fur-144.gif"},{"@type":"BreadcrumbList","@id":"https:\/\/nembutalboutique.com\/produit\/5f-ur-144\/#breadcrumb","itemListElement":[{"@type":"ListItem","position":1,"name":"Home","item":"https:\/\/nembutalboutique.com\/"},{"@type":"ListItem","position":2,"name":"Boutique","item":"https:\/\/nembutalboutique.com\/shop\/"},{"@type":"ListItem","position":3,"name":"5F-ur-144"}]},{"@type":"WebSite","@id":"https:\/\/nembutalboutique.com\/#website","url":"https:\/\/nembutalboutique.com\/","name":"Nembutal winkel","description":"Mijn WordPress Blog","publisher":{"@id":"https:\/\/nembutalboutique.com\/#organization"},"potentialAction":[{"@type":"SearchAction","target":{"@type":"EntryPoint","urlTemplate":"https:\/\/nembutalboutique.com\/?s={search_term_string}"},"query-input":{"@type":"PropertyValueSpecification","valueRequired":true,"valueName":"search_term_string"}}],"inLanguage":"nl-BE"},{"@type":"Organization","@id":"https:\/\/nembutalboutique.com\/#organization","name":"Nembutal winkel","url":"https:\/\/nembutalboutique.com\/","logo":{"@type":"ImageObject","inLanguage":"nl-BE","@id":"https:\/\/nembutalboutique.com\/#\/schema\/logo\/image\/","url":"https:\/\/nembutalboutique.com\/wp-content\/uploads\/2024\/01\/logo.png","contentUrl":"https:\/\/nembutalboutique.com\/wp-content\/uploads\/2024\/01\/logo.png","width":494,"height":121,"caption":"Nembutal Boutique"},"image":{"@id":"https:\/\/nembutalboutique.com\/#\/schema\/logo\/image\/"}}]}},"_links":{"self":[{"href":"https:\/\/nembutalboutique.com\/nl\/wp-json\/wp\/v2\/product\/3177"}],"collection":[{"href":"https:\/\/nembutalboutique.com\/nl\/wp-json\/wp\/v2\/product"}],"about":[{"href":"https:\/\/nembutalboutique.com\/nl\/wp-json\/wp\/v2\/types\/product"}],"replies":[{"embeddable":true,"href":"https:\/\/nembutalboutique.com\/nl\/wp-json\/wp\/v2\/comments?post=3177"}],"wp:featuredmedia":[{"embeddable":true,"href":"https:\/\/nembutalboutique.com\/nl\/wp-json\/wp\/v2\/media\/3207"}],"wp:attachment":[{"href":"https:\/\/nembutalboutique.com\/nl\/wp-json\/wp\/v2\/media?parent=3177"}],"wp:term":[{"taxonomy":"product_brand","embeddable":true,"href":"https:\/\/nembutalboutique.com\/nl\/wp-json\/wp\/v2\/product_brand?post=3177"},{"taxonomy":"product_cat","embeddable":true,"href":"https:\/\/nembutalboutique.com\/nl\/wp-json\/wp\/v2\/product_cat?post=3177"},{"taxonomy":"product_tag","embeddable":true,"href":"https:\/\/nembutalboutique.com\/nl\/wp-json\/wp\/v2\/product_tag?post=3177"}],"curies":[{"name":"wp","href":"https:\/\/api.w.org\/{rel}","templated":true}]}}