{"id":3176,"date":"2024-09-16T08:15:44","date_gmt":"2024-09-16T08:15:44","guid":{"rendered":"https:\/\/nembutalboutique.com\/?post_type=product&#038;p=3176"},"modified":"2024-09-20T09:25:48","modified_gmt":"2024-09-20T09:25:48","slug":"u-48800","status":"publish","type":"product","link":"https:\/\/nembutalboutique.com\/nl\/product\/kopen-48800\/","title":{"rendered":"U-48800"},"content":{"rendered":"<h2>Koop U-48800 hydrochloride (CAS 2749298-67-5) online.<\/h2>\n<p><a href=\"https:\/\/nembutalboutique.com\/produit\/u-48800\/\">Kopen, U-48800<\/a> De analytische referentiestof, Koop U-48800 (hydrochloride), heeft een structuur die lijkt op die van bekende opio\u00efden. Onderzoek en forensische toepassingen zijn de doelmarkten voor dit apparaat.<\/p>\n<p>Dit product voldoet aan de productie- en testvereisten van ISO\/IEC 17025 en ISO Guide 34, waardoor het een Qualified Reference Material (QRM) is. Deze materialen worden geanalyseerd met behulp van goedgekeurde analytische technieken met gecertificeerde apparatuur om de reproduceerbaarheid van de metingen te garanderen.<\/p>\n<h3>Leverancier U-48800<\/h3>\n<p>Hier kunnen alle MR's die getraceerd kunnen worden, opgevraagd worden met behulp van het laadnummer op het productlabel en kan hun CofA gecontroleerd worden. Voor een offici\u00eble kopie van de CofA kunt u contact opnemen met onze technische ondersteuning.<\/p>\n<h3>Waarschuwing: gebruik dit product niet op mensen of dieren.<\/h3>\n<p>Leverancier U-48800 : <a href=\"https:\/\/en.wikipedia.org\/wiki\/U-48800\">U-48800<\/a> is een extreem krachtige opio\u00efde agonist die leidt tot opio\u00efde overdoses en bijwerkingen. Het is structureel niet verwant aan fentanyl. Nieuwe synthetische opio\u00efden (NSO), die illegaal worden geproduceerd en verkocht op het Dark Web via traditionele kanalen, zijn synthetische opio\u00efden zonder bekend medisch nut die zijn gemaakt om drugsbestrijdingswetten te omzeilen, zoals U-48800. Deze gecertificeerde Spiking\u00ae-oplossing is geschikt voor gebruik in klinische toxicologie, forensische analyse door LC-MS\/MS of GC\/MS en screening van urinedrugs.<\/p>\n<h3>Koop hier fentanyl (U-47700, U-48800).<\/h3>\n<p>Dit Cerilliant-product maakt deel uit van de Opioid-CRM-kits van de Centers for Disease Control and Prevention (CDC), die meer dan 40 CRM's bevatten voor laboratoriumgebruik in reactie op de opio\u00efdencrisis. Toegang tot de kits is gratis voor drugstestcentra in de Verenigde Staten.<\/p>","protected":false},"excerpt":{"rendered":"<p>Acheter du chlorhydrate (CAS 2749298-67-5) U-48800 en ligne. Acheter, U-48800 La substance de r\u00e9f\u00e9rence analytique, Buy U-48800 (chlorhydrate), a une structure ressemblant \u00e0 celle des opio\u00efdes bien connus. Les applications dans la recherche et la criminalistique sont les march\u00e9s cibles de cet appareil. Ce produit satisfait aux exigences de fabrication et de test de la [&hellip;]<\/p>","protected":false},"featured_media":3206,"comment_status":"open","ping_status":"closed","template":"","meta":{"_joinchat":[]},"product_brand":[],"product_cat":[529],"product_tag":[],"class_list":{"0":"post-3176","1":"product","2":"type-product","3":"status-publish","4":"has-post-thumbnail","6":"product_cat-opioids","8":"first","9":"instock","10":"shipping-taxable","11":"purchasable","12":"product-type-variable"},"yoast_head":"<!-- This site is optimized with the Yoast SEO plugin v23.5 - https:\/\/yoast.com\/wordpress\/plugins\/seo\/ -->\n<title>Achetez U-48800 en ligne - Poudre U-48800 \u00e0 vendre<\/title>\n<meta name=\"description\" content=\"Voici l&#039;occasion de vous procurer de la poudre U-48800 \u00e0 bas prix. La boutique en ligne Nembutal Boutique vend de la poudre U-48800 dans le monde entier. Commandez bient\u00f4t pour acheter de la poudre U-48800 en ligne !\" \/>\n<meta name=\"robots\" content=\"index, follow, max-snippet:-1, max-image-preview:large, max-video-preview:-1\" \/>\n<link rel=\"canonical\" href=\"https:\/\/nembutalboutique.com\/nl\/product\/kopen-48800\/\" \/>\n<meta property=\"og:locale\" content=\"nl_BE\" \/>\n<meta property=\"og:type\" content=\"article\" \/>\n<meta property=\"og:title\" content=\"Achetez U-48800 en ligne - Poudre U-48800 \u00e0 vendre\" \/>\n<meta property=\"og:description\" content=\"Voici l&#039;occasion de vous procurer de la poudre U-48800 \u00e0 bas prix. La boutique en ligne Nembutal Boutique vend de la poudre U-48800 dans le monde entier. Commandez bient\u00f4t pour acheter de la poudre U-48800 en ligne !\" \/>\n<meta property=\"og:url\" content=\"https:\/\/nembutalboutique.com\/nl\/product\/kopen-48800\/\" \/>\n<meta property=\"og:site_name\" content=\"Nembutal Boutique\" \/>\n<meta property=\"article:modified_time\" content=\"2024-09-20T09:25:48+00:00\" \/>\n<meta property=\"og:image\" content=\"https:\/\/nembutalboutique.com\/wp-content\/uploads\/2024\/09\/U-48800.gif\" \/>\n\t<meta property=\"og:image:width\" content=\"600\" \/>\n\t<meta property=\"og:image:height\" content=\"600\" \/>\n\t<meta property=\"og:image:type\" content=\"image\/gif\" \/>\n<meta name=\"twitter:card\" content=\"summary_large_image\" \/>\n<meta name=\"twitter:label1\" content=\"Geschatte leestijd\" \/>\n\t<meta name=\"twitter:data1\" content=\"2 minuten\" \/>\n<script type=\"application\/ld+json\" class=\"yoast-schema-graph\">{\"@context\":\"https:\/\/schema.org\",\"@graph\":[{\"@type\":\"WebPage\",\"@id\":\"https:\/\/nembutalboutique.com\/produit\/u-48800\/\",\"url\":\"https:\/\/nembutalboutique.com\/produit\/u-48800\/\",\"name\":\"Achetez U-48800 en ligne - Poudre U-48800 \u00e0 vendre\",\"isPartOf\":{\"@id\":\"https:\/\/nembutalboutique.com\/#website\"},\"primaryImageOfPage\":{\"@id\":\"https:\/\/nembutalboutique.com\/produit\/u-48800\/#primaryimage\"},\"image\":{\"@id\":\"https:\/\/nembutalboutique.com\/produit\/u-48800\/#primaryimage\"},\"thumbnailUrl\":\"https:\/\/nembutalboutique.com\/wp-content\/uploads\/2024\/09\/U-48800.gif\",\"datePublished\":\"2024-09-16T08:15:44+00:00\",\"dateModified\":\"2024-09-20T09:25:48+00:00\",\"description\":\"Voici l'occasion de vous procurer de la poudre U-48800 \u00e0 bas prix. La boutique en ligne Nembutal Boutique vend de la poudre U-48800 dans le monde entier. Commandez bient\u00f4t pour acheter de la poudre U-48800 en ligne !\",\"breadcrumb\":{\"@id\":\"https:\/\/nembutalboutique.com\/produit\/u-48800\/#breadcrumb\"},\"inLanguage\":\"nl-BE\",\"potentialAction\":[{\"@type\":\"ReadAction\",\"target\":[\"https:\/\/nembutalboutique.com\/produit\/u-48800\/\"]}]},{\"@type\":\"ImageObject\",\"inLanguage\":\"nl-BE\",\"@id\":\"https:\/\/nembutalboutique.com\/produit\/u-48800\/#primaryimage\",\"url\":\"https:\/\/nembutalboutique.com\/wp-content\/uploads\/2024\/09\/U-48800.gif\",\"contentUrl\":\"https:\/\/nembutalboutique.com\/wp-content\/uploads\/2024\/09\/U-48800.gif\",\"width\":600,\"height\":600,\"caption\":\"Acheter U-48800.gif\"},{\"@type\":\"BreadcrumbList\",\"@id\":\"https:\/\/nembutalboutique.com\/produit\/u-48800\/#breadcrumb\",\"itemListElement\":[{\"@type\":\"ListItem\",\"position\":1,\"name\":\"Home\",\"item\":\"https:\/\/nembutalboutique.com\/\"},{\"@type\":\"ListItem\",\"position\":2,\"name\":\"Boutique\",\"item\":\"https:\/\/nembutalboutique.com\/shop\/\"},{\"@type\":\"ListItem\",\"position\":3,\"name\":\"U-48800\"}]},{\"@type\":\"WebSite\",\"@id\":\"https:\/\/nembutalboutique.com\/#website\",\"url\":\"https:\/\/nembutalboutique.com\/\",\"name\":\"Nembutal Boutique\",\"description\":\"My WordPress Blog\",\"publisher\":{\"@id\":\"https:\/\/nembutalboutique.com\/#organization\"},\"potentialAction\":[{\"@type\":\"SearchAction\",\"target\":{\"@type\":\"EntryPoint\",\"urlTemplate\":\"https:\/\/nembutalboutique.com\/?s={search_term_string}\"},\"query-input\":{\"@type\":\"PropertyValueSpecification\",\"valueRequired\":true,\"valueName\":\"search_term_string\"}}],\"inLanguage\":\"nl-BE\"},{\"@type\":\"Organization\",\"@id\":\"https:\/\/nembutalboutique.com\/#organization\",\"name\":\"Nembutal Boutique\",\"url\":\"https:\/\/nembutalboutique.com\/\",\"logo\":{\"@type\":\"ImageObject\",\"inLanguage\":\"nl-BE\",\"@id\":\"https:\/\/nembutalboutique.com\/#\/schema\/logo\/image\/\",\"url\":\"https:\/\/nembutalboutique.com\/wp-content\/uploads\/2024\/01\/logo.png\",\"contentUrl\":\"https:\/\/nembutalboutique.com\/wp-content\/uploads\/2024\/01\/logo.png\",\"width\":494,\"height\":121,\"caption\":\"Nembutal Boutique\"},\"image\":{\"@id\":\"https:\/\/nembutalboutique.com\/#\/schema\/logo\/image\/\"}}]}<\/script>\n<!-- \/ Yoast SEO plugin. -->","yoast_head_json":{"title":"U-48800 online kopen - U-48800 poeder te koop","description":"Dit is je kans om U-48800 poeder te kopen tegen een lage prijs. Nembutal Boutique verkoopt U-48800 poeder wereldwijd. Bestel snel om U-48800 poeder online te kopen!","robots":{"index":"index","follow":"follow","max-snippet":"max-snippet:-1","max-image-preview":"max-image-preview:large","max-video-preview":"max-video-preview:-1"},"canonical":"https:\/\/nembutalboutique.com\/nl\/product\/kopen-48800\/","og_locale":"nl_BE","og_type":"article","og_title":"Achetez U-48800 en ligne - Poudre U-48800 \u00e0 vendre","og_description":"Voici l'occasion de vous procurer de la poudre U-48800 \u00e0 bas prix. La boutique en ligne Nembutal Boutique vend de la poudre U-48800 dans le monde entier. Commandez bient\u00f4t pour acheter de la poudre U-48800 en ligne !","og_url":"https:\/\/nembutalboutique.com\/nl\/product\/kopen-48800\/","og_site_name":"Nembutal Boutique","article_modified_time":"2024-09-20T09:25:48+00:00","og_image":[{"width":600,"height":600,"url":"https:\/\/nembutalboutique.com\/wp-content\/uploads\/2024\/09\/U-48800.gif","type":"image\/gif"}],"twitter_card":"summary_large_image","twitter_misc":{"Geschatte leestijd":"2 minuten"},"schema":{"@context":"https:\/\/schema.org","@graph":[{"@type":"WebPage","@id":"https:\/\/nembutalboutique.com\/produit\/u-48800\/","url":"https:\/\/nembutalboutique.com\/produit\/u-48800\/","name":"U-48800 online kopen - U-48800 poeder te koop","isPartOf":{"@id":"https:\/\/nembutalboutique.com\/#website"},"primaryImageOfPage":{"@id":"https:\/\/nembutalboutique.com\/produit\/u-48800\/#primaryimage"},"image":{"@id":"https:\/\/nembutalboutique.com\/produit\/u-48800\/#primaryimage"},"thumbnailUrl":"https:\/\/nembutalboutique.com\/wp-content\/uploads\/2024\/09\/U-48800.gif","datePublished":"2024-09-16T08:15:44+00:00","dateModified":"2024-09-20T09:25:48+00:00","description":"Dit is je kans om U-48800 poeder te kopen tegen een lage prijs. Nembutal Boutique verkoopt U-48800 poeder wereldwijd. Bestel snel om U-48800 poeder online te kopen!","breadcrumb":{"@id":"https:\/\/nembutalboutique.com\/produit\/u-48800\/#breadcrumb"},"inLanguage":"nl-BE","potentialAction":[{"@type":"ReadAction","target":["https:\/\/nembutalboutique.com\/produit\/u-48800\/"]}]},{"@type":"ImageObject","inLanguage":"nl-BE","@id":"https:\/\/nembutalboutique.com\/produit\/u-48800\/#primaryimage","url":"https:\/\/nembutalboutique.com\/wp-content\/uploads\/2024\/09\/U-48800.gif","contentUrl":"https:\/\/nembutalboutique.com\/wp-content\/uploads\/2024\/09\/U-48800.gif","width":600,"height":600,"caption":"Acheter U-48800.gif"},{"@type":"BreadcrumbList","@id":"https:\/\/nembutalboutique.com\/produit\/u-48800\/#breadcrumb","itemListElement":[{"@type":"ListItem","position":1,"name":"Home","item":"https:\/\/nembutalboutique.com\/"},{"@type":"ListItem","position":2,"name":"Boutique","item":"https:\/\/nembutalboutique.com\/shop\/"},{"@type":"ListItem","position":3,"name":"U-48800"}]},{"@type":"WebSite","@id":"https:\/\/nembutalboutique.com\/#website","url":"https:\/\/nembutalboutique.com\/","name":"Nembutal winkel","description":"Mijn WordPress Blog","publisher":{"@id":"https:\/\/nembutalboutique.com\/#organization"},"potentialAction":[{"@type":"SearchAction","target":{"@type":"EntryPoint","urlTemplate":"https:\/\/nembutalboutique.com\/?s={search_term_string}"},"query-input":{"@type":"PropertyValueSpecification","valueRequired":true,"valueName":"search_term_string"}}],"inLanguage":"nl-BE"},{"@type":"Organization","@id":"https:\/\/nembutalboutique.com\/#organization","name":"Nembutal winkel","url":"https:\/\/nembutalboutique.com\/","logo":{"@type":"ImageObject","inLanguage":"nl-BE","@id":"https:\/\/nembutalboutique.com\/#\/schema\/logo\/image\/","url":"https:\/\/nembutalboutique.com\/wp-content\/uploads\/2024\/01\/logo.png","contentUrl":"https:\/\/nembutalboutique.com\/wp-content\/uploads\/2024\/01\/logo.png","width":494,"height":121,"caption":"Nembutal Boutique"},"image":{"@id":"https:\/\/nembutalboutique.com\/#\/schema\/logo\/image\/"}}]}},"_links":{"self":[{"href":"https:\/\/nembutalboutique.com\/nl\/wp-json\/wp\/v2\/product\/3176"}],"collection":[{"href":"https:\/\/nembutalboutique.com\/nl\/wp-json\/wp\/v2\/product"}],"about":[{"href":"https:\/\/nembutalboutique.com\/nl\/wp-json\/wp\/v2\/types\/product"}],"replies":[{"embeddable":true,"href":"https:\/\/nembutalboutique.com\/nl\/wp-json\/wp\/v2\/comments?post=3176"}],"wp:featuredmedia":[{"embeddable":true,"href":"https:\/\/nembutalboutique.com\/nl\/wp-json\/wp\/v2\/media\/3206"}],"wp:attachment":[{"href":"https:\/\/nembutalboutique.com\/nl\/wp-json\/wp\/v2\/media?parent=3176"}],"wp:term":[{"taxonomy":"product_brand","embeddable":true,"href":"https:\/\/nembutalboutique.com\/nl\/wp-json\/wp\/v2\/product_brand?post=3176"},{"taxonomy":"product_cat","embeddable":true,"href":"https:\/\/nembutalboutique.com\/nl\/wp-json\/wp\/v2\/product_cat?post=3176"},{"taxonomy":"product_tag","embeddable":true,"href":"https:\/\/nembutalboutique.com\/nl\/wp-json\/wp\/v2\/product_tag?post=3176"}],"curies":[{"name":"wp","href":"https:\/\/api.w.org\/{rel}","templated":true}]}}