{"id":3126,"date":"2024-09-16T08:15:14","date_gmt":"2024-09-16T08:15:14","guid":{"rendered":"https:\/\/nembutalboutique.com\/?post_type=product&#038;p=3126"},"modified":"2024-09-20T09:45:00","modified_gmt":"2024-09-20T09:45:00","slug":"u-49900","status":"publish","type":"product","link":"https:\/\/nembutalboutique.com\/nl\/product\/u-49900-online-kopen\/","title":{"rendered":"U-49900"},"content":{"rendered":"<h2>U-49900-Pulver online kopen.<\/h2>\n<p>Deze gecertificeerde spiking solutionTM kan worden gebruikt als startpunt voor kalibratoren of controles in uiteenlopende LC\/MS- of GC\/MS-toepassingen, zoals klinische toxicologie, urinetests en forensische analyse.<\/p>\n<p>Dit Cerilliant-product maakt deel uit van de Opioid-CRM-kits van de Centers for Disease Control and Prevention (CDC), die meer dan 40 CRM's bevatten voor laboratoriumgebruik als onderdeel van de reactie van de CDC op de opio\u00efde-epidemie. Deze chemische stof heeft een Reinheitsgrad groter dan 98 %. Het gewicht van <a href=\"https:\/\/en.wikipedia.org\/wiki\/U-48800\">U-49900<\/a> is 357,3 g\/mol. In de farmaceutische industrie worden nieuwe psychoactieve verbindingen steeds populairder als aanvaardbare vervangers. De laatste jaren zijn er meer klachten over het gebruik van synthetische hero\u00efnevervangers.<\/p>\n<h2>U-49900-Pulver online kopen.<\/h2>\n<p>De enige gebieden waar de synthetische drug U-49900 wordt gebruikt zijn forensische geneeskunde en onderzoek. Je kunt <a href=\"https:\/\/nembutalboutique.com\/produit\/u-49900\/\">U-49900 kopen<\/a> voor je cursussen op onze website. Volgens diermodellen is dit opio\u00efde analgeticum 7,5 keer krachtiger dan morfine en werkt het via een andere opio\u00efde receptor. Als u U-49900 wilt verkopen, moet u de volledige verantwoordelijkheid aanvaarden voor eventuele problemen die kunnen voortvloeien uit het gebruik van dit materiaal. Het wordt sterk aangeraden om deze onderzoekstechnieken te gebruiken voor forensische of onderzoeksdoeleinden.<\/p>\n<p>Aangezien dit geneesmiddel nieuw is, zijn de fysiologische, toxicologische en bedradingsmechanismen onbekend. Houd er rekening mee dat het equivalent van U-47700 in sommige landen verboden is, wat ook kan gelden voor beperkingen op U-49900. Daarom moeten klanten er zeker van zijn dat U-47700 legaal is in hun land of staat.<\/p>","protected":false},"excerpt":{"rendered":"<p>Achetez U-49900-Pulver en ligne. Cette solution de dopage certifi\u00e9eTM peut \u00eatre utilis\u00e9e comme point de d\u00e9part pour les calibrateurs ou les contr\u00f4les dans une vari\u00e9t\u00e9 d&rsquo;applications LC\/MS ou GC\/MS, telles que la toxicologie clinique, les tests d&rsquo;urine et les analyses m\u00e9dico-l\u00e9gales. Ce produit Cerilliant fait partie des kits Opioid-CRM des Centers for Disease Control and [&hellip;]<\/p>","protected":false},"featured_media":3145,"comment_status":"open","ping_status":"closed","template":"","meta":{"_joinchat":[]},"product_brand":[],"product_cat":[385],"product_tag":[],"class_list":{"0":"post-3126","1":"product","2":"type-product","3":"status-publish","4":"has-post-thumbnail","6":"product_cat-forschung-schemikalien","8":"first","9":"instock","10":"shipping-taxable","11":"purchasable","12":"product-type-variable"},"yoast_head":"<!-- This site is optimized with the Yoast SEO plugin v23.5 - https:\/\/yoast.com\/wordpress\/plugins\/seo\/ -->\n<title>Achetez U-49900 en ligne - Poudre U-49900 \u00e0 vendre - Commandez U-49900<\/title>\n<meta name=\"description\" content=\"Notre magasin propose \u00e0 la vente la poudre U-49900 de qualit\u00e9 sup\u00e9rieure. Vous ne pourrez jamais vous passer de la qualit\u00e9 de nos produits. Si vous en avez besoin, vous pouvez acheter de la poudre U-49900 en ligne imm\u00e9diatement. Commandez maintenant !\" \/>\n<meta name=\"robots\" content=\"index, follow, max-snippet:-1, max-image-preview:large, max-video-preview:-1\" \/>\n<link rel=\"canonical\" href=\"https:\/\/nembutalboutique.com\/nl\/product\/u-49900-online-kopen\/\" \/>\n<meta property=\"og:locale\" content=\"nl_BE\" \/>\n<meta property=\"og:type\" content=\"article\" \/>\n<meta property=\"og:title\" content=\"Achetez U-49900 en ligne - Poudre U-49900 \u00e0 vendre - Commandez U-49900\" \/>\n<meta property=\"og:description\" content=\"Notre magasin propose \u00e0 la vente la poudre U-49900 de qualit\u00e9 sup\u00e9rieure. Vous ne pourrez jamais vous passer de la qualit\u00e9 de nos produits. Si vous en avez besoin, vous pouvez acheter de la poudre U-49900 en ligne imm\u00e9diatement. Commandez maintenant !\" \/>\n<meta property=\"og:url\" content=\"https:\/\/nembutalboutique.com\/nl\/product\/u-49900-online-kopen\/\" \/>\n<meta property=\"og:site_name\" content=\"Nembutal Boutique\" \/>\n<meta property=\"article:modified_time\" content=\"2024-09-20T09:45:00+00:00\" \/>\n<meta property=\"og:image\" content=\"https:\/\/nembutalboutique.com\/wp-content\/uploads\/2024\/09\/U-49900.gif\" \/>\n\t<meta property=\"og:image:width\" content=\"600\" \/>\n\t<meta property=\"og:image:height\" content=\"600\" \/>\n\t<meta property=\"og:image:type\" content=\"image\/gif\" \/>\n<meta name=\"twitter:card\" content=\"summary_large_image\" \/>\n<meta name=\"twitter:label1\" content=\"Geschatte leestijd\" \/>\n\t<meta name=\"twitter:data1\" content=\"2 minuten\" \/>\n<script type=\"application\/ld+json\" class=\"yoast-schema-graph\">{\"@context\":\"https:\/\/schema.org\",\"@graph\":[{\"@type\":\"WebPage\",\"@id\":\"https:\/\/nembutalboutique.com\/produit\/u-49900\/\",\"url\":\"https:\/\/nembutalboutique.com\/produit\/u-49900\/\",\"name\":\"Achetez U-49900 en ligne - Poudre U-49900 \u00e0 vendre - Commandez U-49900\",\"isPartOf\":{\"@id\":\"https:\/\/nembutalboutique.com\/#website\"},\"primaryImageOfPage\":{\"@id\":\"https:\/\/nembutalboutique.com\/produit\/u-49900\/#primaryimage\"},\"image\":{\"@id\":\"https:\/\/nembutalboutique.com\/produit\/u-49900\/#primaryimage\"},\"thumbnailUrl\":\"https:\/\/nembutalboutique.com\/wp-content\/uploads\/2024\/09\/U-49900.gif\",\"datePublished\":\"2024-09-16T08:15:14+00:00\",\"dateModified\":\"2024-09-20T09:45:00+00:00\",\"description\":\"Notre magasin propose \u00e0 la vente la poudre U-49900 de qualit\u00e9 sup\u00e9rieure. Vous ne pourrez jamais vous passer de la qualit\u00e9 de nos produits. Si vous en avez besoin, vous pouvez acheter de la poudre U-49900 en ligne imm\u00e9diatement. Commandez maintenant !\",\"breadcrumb\":{\"@id\":\"https:\/\/nembutalboutique.com\/produit\/u-49900\/#breadcrumb\"},\"inLanguage\":\"nl-BE\",\"potentialAction\":[{\"@type\":\"ReadAction\",\"target\":[\"https:\/\/nembutalboutique.com\/produit\/u-49900\/\"]}]},{\"@type\":\"ImageObject\",\"inLanguage\":\"nl-BE\",\"@id\":\"https:\/\/nembutalboutique.com\/produit\/u-49900\/#primaryimage\",\"url\":\"https:\/\/nembutalboutique.com\/wp-content\/uploads\/2024\/09\/U-49900.gif\",\"contentUrl\":\"https:\/\/nembutalboutique.com\/wp-content\/uploads\/2024\/09\/U-49900.gif\",\"width\":600,\"height\":600,\"caption\":\"acheter U-49900.gif\"},{\"@type\":\"BreadcrumbList\",\"@id\":\"https:\/\/nembutalboutique.com\/produit\/u-49900\/#breadcrumb\",\"itemListElement\":[{\"@type\":\"ListItem\",\"position\":1,\"name\":\"Home\",\"item\":\"https:\/\/nembutalboutique.com\/\"},{\"@type\":\"ListItem\",\"position\":2,\"name\":\"Boutique\",\"item\":\"https:\/\/nembutalboutique.com\/shop\/\"},{\"@type\":\"ListItem\",\"position\":3,\"name\":\"U-49900\"}]},{\"@type\":\"WebSite\",\"@id\":\"https:\/\/nembutalboutique.com\/#website\",\"url\":\"https:\/\/nembutalboutique.com\/\",\"name\":\"Nembutal Boutique\",\"description\":\"My WordPress Blog\",\"publisher\":{\"@id\":\"https:\/\/nembutalboutique.com\/#organization\"},\"potentialAction\":[{\"@type\":\"SearchAction\",\"target\":{\"@type\":\"EntryPoint\",\"urlTemplate\":\"https:\/\/nembutalboutique.com\/?s={search_term_string}\"},\"query-input\":{\"@type\":\"PropertyValueSpecification\",\"valueRequired\":true,\"valueName\":\"search_term_string\"}}],\"inLanguage\":\"nl-BE\"},{\"@type\":\"Organization\",\"@id\":\"https:\/\/nembutalboutique.com\/#organization\",\"name\":\"Nembutal Boutique\",\"url\":\"https:\/\/nembutalboutique.com\/\",\"logo\":{\"@type\":\"ImageObject\",\"inLanguage\":\"nl-BE\",\"@id\":\"https:\/\/nembutalboutique.com\/#\/schema\/logo\/image\/\",\"url\":\"https:\/\/nembutalboutique.com\/wp-content\/uploads\/2024\/01\/logo.png\",\"contentUrl\":\"https:\/\/nembutalboutique.com\/wp-content\/uploads\/2024\/01\/logo.png\",\"width\":494,\"height\":121,\"caption\":\"Nembutal Boutique\"},\"image\":{\"@id\":\"https:\/\/nembutalboutique.com\/#\/schema\/logo\/image\/\"}}]}<\/script>\n<!-- \/ Yoast SEO plugin. -->","yoast_head_json":{"title":"U-49900 online kopen - U-49900 poeder te koop - U-49900 bestellen","description":"Onze winkel verkoopt U-49900 poeder van topkwaliteit. Je zult nooit zonder de kwaliteit van onze producten kunnen. Als je het nodig hebt, kun je U-49900 poeder meteen online kopen. Bestel nu!","robots":{"index":"index","follow":"follow","max-snippet":"max-snippet:-1","max-image-preview":"max-image-preview:large","max-video-preview":"max-video-preview:-1"},"canonical":"https:\/\/nembutalboutique.com\/nl\/product\/u-49900-online-kopen\/","og_locale":"nl_BE","og_type":"article","og_title":"Achetez U-49900 en ligne - Poudre U-49900 \u00e0 vendre - Commandez U-49900","og_description":"Notre magasin propose \u00e0 la vente la poudre U-49900 de qualit\u00e9 sup\u00e9rieure. Vous ne pourrez jamais vous passer de la qualit\u00e9 de nos produits. Si vous en avez besoin, vous pouvez acheter de la poudre U-49900 en ligne imm\u00e9diatement. Commandez maintenant !","og_url":"https:\/\/nembutalboutique.com\/nl\/product\/u-49900-online-kopen\/","og_site_name":"Nembutal Boutique","article_modified_time":"2024-09-20T09:45:00+00:00","og_image":[{"width":600,"height":600,"url":"https:\/\/nembutalboutique.com\/wp-content\/uploads\/2024\/09\/U-49900.gif","type":"image\/gif"}],"twitter_card":"summary_large_image","twitter_misc":{"Geschatte leestijd":"2 minuten"},"schema":{"@context":"https:\/\/schema.org","@graph":[{"@type":"WebPage","@id":"https:\/\/nembutalboutique.com\/produit\/u-49900\/","url":"https:\/\/nembutalboutique.com\/produit\/u-49900\/","name":"U-49900 online kopen - U-49900 poeder te koop - U-49900 bestellen","isPartOf":{"@id":"https:\/\/nembutalboutique.com\/#website"},"primaryImageOfPage":{"@id":"https:\/\/nembutalboutique.com\/produit\/u-49900\/#primaryimage"},"image":{"@id":"https:\/\/nembutalboutique.com\/produit\/u-49900\/#primaryimage"},"thumbnailUrl":"https:\/\/nembutalboutique.com\/wp-content\/uploads\/2024\/09\/U-49900.gif","datePublished":"2024-09-16T08:15:14+00:00","dateModified":"2024-09-20T09:45:00+00:00","description":"Onze winkel verkoopt U-49900 poeder van topkwaliteit. Je zult nooit zonder de kwaliteit van onze producten kunnen. Als je het nodig hebt, kun je U-49900 poeder meteen online kopen. Bestel nu!","breadcrumb":{"@id":"https:\/\/nembutalboutique.com\/produit\/u-49900\/#breadcrumb"},"inLanguage":"nl-BE","potentialAction":[{"@type":"ReadAction","target":["https:\/\/nembutalboutique.com\/produit\/u-49900\/"]}]},{"@type":"ImageObject","inLanguage":"nl-BE","@id":"https:\/\/nembutalboutique.com\/produit\/u-49900\/#primaryimage","url":"https:\/\/nembutalboutique.com\/wp-content\/uploads\/2024\/09\/U-49900.gif","contentUrl":"https:\/\/nembutalboutique.com\/wp-content\/uploads\/2024\/09\/U-49900.gif","width":600,"height":600,"caption":"acheter U-49900.gif"},{"@type":"BreadcrumbList","@id":"https:\/\/nembutalboutique.com\/produit\/u-49900\/#breadcrumb","itemListElement":[{"@type":"ListItem","position":1,"name":"Home","item":"https:\/\/nembutalboutique.com\/"},{"@type":"ListItem","position":2,"name":"Boutique","item":"https:\/\/nembutalboutique.com\/shop\/"},{"@type":"ListItem","position":3,"name":"U-49900"}]},{"@type":"WebSite","@id":"https:\/\/nembutalboutique.com\/#website","url":"https:\/\/nembutalboutique.com\/","name":"Nembutal winkel","description":"Mijn WordPress Blog","publisher":{"@id":"https:\/\/nembutalboutique.com\/#organization"},"potentialAction":[{"@type":"SearchAction","target":{"@type":"EntryPoint","urlTemplate":"https:\/\/nembutalboutique.com\/?s={search_term_string}"},"query-input":{"@type":"PropertyValueSpecification","valueRequired":true,"valueName":"search_term_string"}}],"inLanguage":"nl-BE"},{"@type":"Organization","@id":"https:\/\/nembutalboutique.com\/#organization","name":"Nembutal winkel","url":"https:\/\/nembutalboutique.com\/","logo":{"@type":"ImageObject","inLanguage":"nl-BE","@id":"https:\/\/nembutalboutique.com\/#\/schema\/logo\/image\/","url":"https:\/\/nembutalboutique.com\/wp-content\/uploads\/2024\/01\/logo.png","contentUrl":"https:\/\/nembutalboutique.com\/wp-content\/uploads\/2024\/01\/logo.png","width":494,"height":121,"caption":"Nembutal Boutique"},"image":{"@id":"https:\/\/nembutalboutique.com\/#\/schema\/logo\/image\/"}}]}},"_links":{"self":[{"href":"https:\/\/nembutalboutique.com\/nl\/wp-json\/wp\/v2\/product\/3126"}],"collection":[{"href":"https:\/\/nembutalboutique.com\/nl\/wp-json\/wp\/v2\/product"}],"about":[{"href":"https:\/\/nembutalboutique.com\/nl\/wp-json\/wp\/v2\/types\/product"}],"replies":[{"embeddable":true,"href":"https:\/\/nembutalboutique.com\/nl\/wp-json\/wp\/v2\/comments?post=3126"}],"wp:featuredmedia":[{"embeddable":true,"href":"https:\/\/nembutalboutique.com\/nl\/wp-json\/wp\/v2\/media\/3145"}],"wp:attachment":[{"href":"https:\/\/nembutalboutique.com\/nl\/wp-json\/wp\/v2\/media?parent=3126"}],"wp:term":[{"taxonomy":"product_brand","embeddable":true,"href":"https:\/\/nembutalboutique.com\/nl\/wp-json\/wp\/v2\/product_brand?post=3126"},{"taxonomy":"product_cat","embeddable":true,"href":"https:\/\/nembutalboutique.com\/nl\/wp-json\/wp\/v2\/product_cat?post=3126"},{"taxonomy":"product_tag","embeddable":true,"href":"https:\/\/nembutalboutique.com\/nl\/wp-json\/wp\/v2\/product_tag?post=3126"}],"curies":[{"name":"wp","href":"https:\/\/api.w.org\/{rel}","templated":true}]}}