{"id":3125,"date":"2024-09-16T08:15:14","date_gmt":"2024-09-16T08:15:14","guid":{"rendered":"https:\/\/nembutalboutique.com\/?post_type=product&#038;p=3125"},"modified":"2024-09-20T09:37:51","modified_gmt":"2024-09-20T09:37:51","slug":"rti-111","status":"publish","type":"product","link":"https:\/\/nembutalboutique.com\/nl\/product\/rti-111-online-kopen\/","title":{"rendered":"RTI-111"},"content":{"rendered":"<h2>RTI-111 online kopen<\/h2>\n<p><a href=\"https:\/\/www.wikidata.org\/wiki\/Q82245189\">RTI-111<\/a> DICHLORPAN RTI-111 Purchase, ook bekend als (-)-2\u03b2-Carbomethoxy-3\u03b2-(3,4-dichloorfenyl of O-401), is een krachtig stimulerend middel dat moleculaire overeenkomsten en effecten deelt met kakaine.<\/p>\n<p>Wij zijn een van de weinige zorgvuldig geselecteerde leveranciers van dit product in de Europese Unie. In het verleden verkochten andere verkopers vaak namaak- en inferieure producten. Je kunt er zeker van zijn dat dit <a href=\"https:\/\/nembutalboutique.com\/produit\/rti-111\/\">RTI-111<\/a> (Dichlorpan) is authentiek.<\/p>\n<p>Om aan de behoeften van onze klanten te voldoen, hebben we sinds onze oprichting een breed scala aan producten ontwikkeld. Onze expertise is uitgebreid met farmaceutische productie, forensische normen en inbedrijfstelling. Public relations, financiering van onderzoekssubsidies en preklinische geneesmiddelenontwikkeling. We zullen nooit afwijken van onze oprichtingsprincipes en oorspronkelijke doelstellingen om de onderzoeksgemeenschap te ondersteunen en publicaties van hoge kwaliteit te produceren.<\/p>\n<p>Bij Finest Research Chemicals kun je terecht voor onderzoekschemicali\u00ebn en geavanceerde materialen voor je projecten. U hebt een leverancier nodig die u kunt vertrouwen om u te voorzien van echte, zuivere 100 % chemicali\u00ebn. Werken met ons zal u daarvan overtuigen. We zijn er trots op dat we ons hebben gevestigd als een van de meest gerenommeerde leveranciers in de industrie door onze toewijding aan kwaliteit en wetenschappelijke integriteit.<\/p>\n<p>Finest Research Chemical wordt beschouwd als een marktleider in wereldwijde en offshore chemische leveringen en chemische adviesdiensten. Finest Research Chemical is de marktleider in wereldwijde chemische adviesdiensten en offshore en internationale chemische leveringen. Als een echte wereldwijde leverancier, is Finest Research Chemical actief op zes continenten. We hebben een wereldwijde reputatie voor het leveren van de best mogelijke service en staan bekend om onze kennis, vaardigheden en ervaring in lokale en internationale markten. Elk nieuw product of trend wordt gevalideerd door onze gemeenschap van early adopters; onze producten worden gecertificeerd met behulp van een 'bottom-up' benadering, waardoor we een zeer betrouwbare zakenpartner zijn.<\/p>\n<p>Onze klanten kunnen profiteren van onze uitgebreide betalingsmogelijkheden, betrouwbare levering en de grootste selectie onderzoekschemicali\u00ebn. Op deze manier kunnen we onderzoekers op verschillende continenten helpen bij het vinden van ongebruikelijke en weinig bestudeerde onderzoeksbronnen die een belangrijke blijvende invloed kunnen hebben op onderzoek in de natuurkunde, scheikunde, biologie of farmacologie. We zijn voortdurend op zoek naar manieren om ons aanbod uit te breiden en waar mogelijk nieuwe onderzoekschemicali\u00ebn aan onze productlijst toe te voegen om dit doel volledig te bereiken.<br \/>\nOns doel is om je de beste producten te leveren tegen de meest betaalbare prijzen. Wij geloven dat sterke zakelijke partnerschappen worden gebouwd op uitzonderlijke service en vertrouwen, RTI-111 Inkoop.<\/p>","protected":false},"excerpt":{"rendered":"<p>Achetez RTI-111 en ligne RTI-111 DICHLORPAN RTI-111 Achat, \u00e9galement connu sous le nom de (\u2212)-2\u03b2-Carbomethoxy-3\u03b2-(3,4-dichlorph\u00e9nyle ou O-401), est un stimulant puissant qui partage des similitudes mol\u00e9culaires et des effets avec la kaka\u00efne. Nous sommes l&rsquo;un des rares fournisseurs soigneusement s\u00e9lectionn\u00e9s de ce produit dans l&rsquo;Union europ\u00e9enne. Dans le pass\u00e9, d&rsquo;autres vendeurs vendaient fr\u00e9quemment des produits [&hellip;]<\/p>","protected":false},"featured_media":3144,"comment_status":"open","ping_status":"closed","template":"","meta":{"_joinchat":[]},"product_brand":[],"product_cat":[385],"product_tag":[],"class_list":{"0":"post-3125","1":"product","2":"type-product","3":"status-publish","4":"has-post-thumbnail","6":"product_cat-forschung-schemikalien","8":"first","9":"instock","10":"shipping-taxable","11":"purchasable","12":"product-type-variable"},"yoast_head":"<!-- This site is optimized with the Yoast SEO plugin v23.5 - https:\/\/yoast.com\/wordpress\/plugins\/seo\/ -->\n<title>Achetez RTI-111 en ligne - RTI-111 \u00e0 vendre | Boutique Nembutal<\/title>\n<meta name=\"description\" content=\"Vous souhaitez acheter du RTI-111 en ligne \u00e0 un prix raisonnable ? Visitez notre magasin de produits chimiques en ligne r\u00e9put\u00e9 et obtenez du RTI-111 en vente d\u00e8s aujourd&#039;hui. Passez une commande maintenant et obtenez le meilleur tarif dans notre magasin.\" \/>\n<meta name=\"robots\" content=\"index, follow, max-snippet:-1, max-image-preview:large, max-video-preview:-1\" \/>\n<link rel=\"canonical\" href=\"https:\/\/nembutalboutique.com\/nl\/product\/rti-111-online-kopen\/\" \/>\n<meta property=\"og:locale\" content=\"nl_BE\" \/>\n<meta property=\"og:type\" content=\"article\" \/>\n<meta property=\"og:title\" content=\"Achetez RTI-111 en ligne - RTI-111 \u00e0 vendre | Boutique Nembutal\" \/>\n<meta property=\"og:description\" content=\"Vous souhaitez acheter du RTI-111 en ligne \u00e0 un prix raisonnable ? Visitez notre magasin de produits chimiques en ligne r\u00e9put\u00e9 et obtenez du RTI-111 en vente d\u00e8s aujourd&#039;hui. Passez une commande maintenant et obtenez le meilleur tarif dans notre magasin.\" \/>\n<meta property=\"og:url\" content=\"https:\/\/nembutalboutique.com\/nl\/product\/rti-111-online-kopen\/\" \/>\n<meta property=\"og:site_name\" content=\"Nembutal Boutique\" \/>\n<meta property=\"article:modified_time\" content=\"2024-09-20T09:37:51+00:00\" \/>\n<meta property=\"og:image\" content=\"https:\/\/nembutalboutique.com\/wp-content\/uploads\/2024\/09\/RTI-111.gif\" \/>\n\t<meta property=\"og:image:width\" content=\"600\" \/>\n\t<meta property=\"og:image:height\" content=\"600\" \/>\n\t<meta property=\"og:image:type\" content=\"image\/gif\" \/>\n<meta name=\"twitter:card\" content=\"summary_large_image\" \/>\n<meta name=\"twitter:label1\" content=\"Geschatte leestijd\" \/>\n\t<meta name=\"twitter:data1\" content=\"3 minuten\" \/>\n<script type=\"application\/ld+json\" class=\"yoast-schema-graph\">{\"@context\":\"https:\/\/schema.org\",\"@graph\":[{\"@type\":\"WebPage\",\"@id\":\"https:\/\/nembutalboutique.com\/produit\/rti-111\/\",\"url\":\"https:\/\/nembutalboutique.com\/produit\/rti-111\/\",\"name\":\"Achetez RTI-111 en ligne - RTI-111 \u00e0 vendre | Boutique Nembutal\",\"isPartOf\":{\"@id\":\"https:\/\/nembutalboutique.com\/#website\"},\"primaryImageOfPage\":{\"@id\":\"https:\/\/nembutalboutique.com\/produit\/rti-111\/#primaryimage\"},\"image\":{\"@id\":\"https:\/\/nembutalboutique.com\/produit\/rti-111\/#primaryimage\"},\"thumbnailUrl\":\"https:\/\/nembutalboutique.com\/wp-content\/uploads\/2024\/09\/RTI-111.gif\",\"datePublished\":\"2024-09-16T08:15:14+00:00\",\"dateModified\":\"2024-09-20T09:37:51+00:00\",\"description\":\"Vous souhaitez acheter du RTI-111 en ligne \u00e0 un prix raisonnable ? Visitez notre magasin de produits chimiques en ligne r\u00e9put\u00e9 et obtenez du RTI-111 en vente d\u00e8s aujourd'hui. Passez une commande maintenant et obtenez le meilleur tarif dans notre magasin.\",\"breadcrumb\":{\"@id\":\"https:\/\/nembutalboutique.com\/produit\/rti-111\/#breadcrumb\"},\"inLanguage\":\"nl-BE\",\"potentialAction\":[{\"@type\":\"ReadAction\",\"target\":[\"https:\/\/nembutalboutique.com\/produit\/rti-111\/\"]}]},{\"@type\":\"ImageObject\",\"inLanguage\":\"nl-BE\",\"@id\":\"https:\/\/nembutalboutique.com\/produit\/rti-111\/#primaryimage\",\"url\":\"https:\/\/nembutalboutique.com\/wp-content\/uploads\/2024\/09\/RTI-111.gif\",\"contentUrl\":\"https:\/\/nembutalboutique.com\/wp-content\/uploads\/2024\/09\/RTI-111.gif\",\"width\":600,\"height\":600,\"caption\":\"Acheter RTI-111.gif\"},{\"@type\":\"BreadcrumbList\",\"@id\":\"https:\/\/nembutalboutique.com\/produit\/rti-111\/#breadcrumb\",\"itemListElement\":[{\"@type\":\"ListItem\",\"position\":1,\"name\":\"Home\",\"item\":\"https:\/\/nembutalboutique.com\/\"},{\"@type\":\"ListItem\",\"position\":2,\"name\":\"Boutique\",\"item\":\"https:\/\/nembutalboutique.com\/shop\/\"},{\"@type\":\"ListItem\",\"position\":3,\"name\":\"RTI-111\"}]},{\"@type\":\"WebSite\",\"@id\":\"https:\/\/nembutalboutique.com\/#website\",\"url\":\"https:\/\/nembutalboutique.com\/\",\"name\":\"Nembutal Boutique\",\"description\":\"My WordPress Blog\",\"publisher\":{\"@id\":\"https:\/\/nembutalboutique.com\/#organization\"},\"potentialAction\":[{\"@type\":\"SearchAction\",\"target\":{\"@type\":\"EntryPoint\",\"urlTemplate\":\"https:\/\/nembutalboutique.com\/?s={search_term_string}\"},\"query-input\":{\"@type\":\"PropertyValueSpecification\",\"valueRequired\":true,\"valueName\":\"search_term_string\"}}],\"inLanguage\":\"nl-BE\"},{\"@type\":\"Organization\",\"@id\":\"https:\/\/nembutalboutique.com\/#organization\",\"name\":\"Nembutal Boutique\",\"url\":\"https:\/\/nembutalboutique.com\/\",\"logo\":{\"@type\":\"ImageObject\",\"inLanguage\":\"nl-BE\",\"@id\":\"https:\/\/nembutalboutique.com\/#\/schema\/logo\/image\/\",\"url\":\"https:\/\/nembutalboutique.com\/wp-content\/uploads\/2024\/01\/logo.png\",\"contentUrl\":\"https:\/\/nembutalboutique.com\/wp-content\/uploads\/2024\/01\/logo.png\",\"width\":494,\"height\":121,\"caption\":\"Nembutal Boutique\"},\"image\":{\"@id\":\"https:\/\/nembutalboutique.com\/#\/schema\/logo\/image\/\"}}]}<\/script>\n<!-- \/ Yoast SEO plugin. -->","yoast_head_json":{"title":"RTI-111 online kopen - RTI-111 te koop | Boutique Nembutal","description":"Wil je RTI-111 online kopen tegen een redelijke prijs? Bezoek onze gerenommeerde online chemiewinkel en koop vandaag nog RTI-111. Plaats nu een bestelling en krijg het beste tarief van onze winkel.","robots":{"index":"index","follow":"follow","max-snippet":"max-snippet:-1","max-image-preview":"max-image-preview:large","max-video-preview":"max-video-preview:-1"},"canonical":"https:\/\/nembutalboutique.com\/nl\/product\/rti-111-online-kopen\/","og_locale":"nl_BE","og_type":"article","og_title":"Achetez RTI-111 en ligne - RTI-111 \u00e0 vendre | Boutique Nembutal","og_description":"Vous souhaitez acheter du RTI-111 en ligne \u00e0 un prix raisonnable ? Visitez notre magasin de produits chimiques en ligne r\u00e9put\u00e9 et obtenez du RTI-111 en vente d\u00e8s aujourd'hui. Passez une commande maintenant et obtenez le meilleur tarif dans notre magasin.","og_url":"https:\/\/nembutalboutique.com\/nl\/product\/rti-111-online-kopen\/","og_site_name":"Nembutal Boutique","article_modified_time":"2024-09-20T09:37:51+00:00","og_image":[{"width":600,"height":600,"url":"https:\/\/nembutalboutique.com\/wp-content\/uploads\/2024\/09\/RTI-111.gif","type":"image\/gif"}],"twitter_card":"summary_large_image","twitter_misc":{"Geschatte leestijd":"3 minuten"},"schema":{"@context":"https:\/\/schema.org","@graph":[{"@type":"WebPage","@id":"https:\/\/nembutalboutique.com\/produit\/rti-111\/","url":"https:\/\/nembutalboutique.com\/produit\/rti-111\/","name":"RTI-111 online kopen - RTI-111 te koop | Boutique Nembutal","isPartOf":{"@id":"https:\/\/nembutalboutique.com\/#website"},"primaryImageOfPage":{"@id":"https:\/\/nembutalboutique.com\/produit\/rti-111\/#primaryimage"},"image":{"@id":"https:\/\/nembutalboutique.com\/produit\/rti-111\/#primaryimage"},"thumbnailUrl":"https:\/\/nembutalboutique.com\/wp-content\/uploads\/2024\/09\/RTI-111.gif","datePublished":"2024-09-16T08:15:14+00:00","dateModified":"2024-09-20T09:37:51+00:00","description":"Wil je RTI-111 online kopen tegen een redelijke prijs? Bezoek onze gerenommeerde online chemiewinkel en koop vandaag nog RTI-111. Plaats nu een bestelling en krijg het beste tarief van onze winkel.","breadcrumb":{"@id":"https:\/\/nembutalboutique.com\/produit\/rti-111\/#breadcrumb"},"inLanguage":"nl-BE","potentialAction":[{"@type":"ReadAction","target":["https:\/\/nembutalboutique.com\/produit\/rti-111\/"]}]},{"@type":"ImageObject","inLanguage":"nl-BE","@id":"https:\/\/nembutalboutique.com\/produit\/rti-111\/#primaryimage","url":"https:\/\/nembutalboutique.com\/wp-content\/uploads\/2024\/09\/RTI-111.gif","contentUrl":"https:\/\/nembutalboutique.com\/wp-content\/uploads\/2024\/09\/RTI-111.gif","width":600,"height":600,"caption":"Acheter RTI-111.gif"},{"@type":"BreadcrumbList","@id":"https:\/\/nembutalboutique.com\/produit\/rti-111\/#breadcrumb","itemListElement":[{"@type":"ListItem","position":1,"name":"Home","item":"https:\/\/nembutalboutique.com\/"},{"@type":"ListItem","position":2,"name":"Boutique","item":"https:\/\/nembutalboutique.com\/shop\/"},{"@type":"ListItem","position":3,"name":"RTI-111"}]},{"@type":"WebSite","@id":"https:\/\/nembutalboutique.com\/#website","url":"https:\/\/nembutalboutique.com\/","name":"Nembutal winkel","description":"Mijn WordPress Blog","publisher":{"@id":"https:\/\/nembutalboutique.com\/#organization"},"potentialAction":[{"@type":"SearchAction","target":{"@type":"EntryPoint","urlTemplate":"https:\/\/nembutalboutique.com\/?s={search_term_string}"},"query-input":{"@type":"PropertyValueSpecification","valueRequired":true,"valueName":"search_term_string"}}],"inLanguage":"nl-BE"},{"@type":"Organization","@id":"https:\/\/nembutalboutique.com\/#organization","name":"Nembutal winkel","url":"https:\/\/nembutalboutique.com\/","logo":{"@type":"ImageObject","inLanguage":"nl-BE","@id":"https:\/\/nembutalboutique.com\/#\/schema\/logo\/image\/","url":"https:\/\/nembutalboutique.com\/wp-content\/uploads\/2024\/01\/logo.png","contentUrl":"https:\/\/nembutalboutique.com\/wp-content\/uploads\/2024\/01\/logo.png","width":494,"height":121,"caption":"Nembutal Boutique"},"image":{"@id":"https:\/\/nembutalboutique.com\/#\/schema\/logo\/image\/"}}]}},"_links":{"self":[{"href":"https:\/\/nembutalboutique.com\/nl\/wp-json\/wp\/v2\/product\/3125"}],"collection":[{"href":"https:\/\/nembutalboutique.com\/nl\/wp-json\/wp\/v2\/product"}],"about":[{"href":"https:\/\/nembutalboutique.com\/nl\/wp-json\/wp\/v2\/types\/product"}],"replies":[{"embeddable":true,"href":"https:\/\/nembutalboutique.com\/nl\/wp-json\/wp\/v2\/comments?post=3125"}],"wp:featuredmedia":[{"embeddable":true,"href":"https:\/\/nembutalboutique.com\/nl\/wp-json\/wp\/v2\/media\/3144"}],"wp:attachment":[{"href":"https:\/\/nembutalboutique.com\/nl\/wp-json\/wp\/v2\/media?parent=3125"}],"wp:term":[{"taxonomy":"product_brand","embeddable":true,"href":"https:\/\/nembutalboutique.com\/nl\/wp-json\/wp\/v2\/product_brand?post=3125"},{"taxonomy":"product_cat","embeddable":true,"href":"https:\/\/nembutalboutique.com\/nl\/wp-json\/wp\/v2\/product_cat?post=3125"},{"taxonomy":"product_tag","embeddable":true,"href":"https:\/\/nembutalboutique.com\/nl\/wp-json\/wp\/v2\/product_tag?post=3125"}],"curies":[{"name":"wp","href":"https:\/\/api.w.org\/{rel}","templated":true}]}}