{"id":3124,"date":"2024-09-16T08:15:14","date_gmt":"2024-09-16T08:15:14","guid":{"rendered":"https:\/\/nembutalboutique.com\/?post_type=product&#038;p=3124"},"modified":"2024-09-20T09:41:17","modified_gmt":"2024-09-20T09:41:17","slug":"lisopropylphenidate","status":"publish","type":"product","link":"https:\/\/nembutalboutique.com\/nl\/product\/isopropylfenidaat-kopen\/","title":{"rendered":"isopropylfenidaat"},"content":{"rendered":"<h2>Isopropylfenidaat online kopen<\/h2>\n<p>Pak wat poeder <a href=\"https:\/\/nembutalboutique.com\/produit\/lisopropylphenidate\/\">isopropylfenidaat<\/a> (soms IPPD en IPH genoemd). Het is een stimulerend middel dat behoort tot de piperidine klasse. Isopropylfenidaat heeft een stimulerend en motiverend effect dat ook de concentratie bevordert. Het is een structureel analoog van methylfenidaat, een middel dat vaak wordt voorgeschreven bij ADHD, en men denkt dat het bijna identieke effecten heeft op cognitie en lichaam, maar met een zwakkere 'Rausch' euforische component en een langere halfwaardetijd.<\/p>\n<h2>Isopropylfenidaat (IPH): wat is het?<\/h2>\n<p>HPI is een onderzoekschemicalie in de piperidine klasse. Dit stimulerende middel is synthetisch van aard. HPI lijkt qua chemie erg op methylfenidaat en levert bijna identieke onderzoeksresultaten op. Handhaaf altijd de juiste veiligheidsprocedures in het laboratorium, omdat hogere doseringen veel effectiever kunnen zijn.<\/p>\n<p>Legaliteit van isopropylfenidaat<\/p>\n<p>HPI is verboden in Duitsland, Nederland en het Verenigd Koninkrijk. In veel andere landen wel, maar het is niet toegestaan en dus volkomen legaal. Het kopen van isopropylfenidaat kan verboden zijn in landen met vergelijkbare strenge wetten, zoals de Verenigde Staten.<\/p>\n<p>Effecten van isopropylfenidaat<\/p>\n<p><a href=\"https:\/\/en.wikipedia.org\/wiki\/Isopropylphenidate\">Isopropylfenidaat<\/a>beter bekend als IPPD of IPH, is een stimulerend middel dat behoort tot de piperidine klasse. Het kan ook de concentratie verhogen. Het heeft een stimulerend en motiverend effect. Het heeft structurele overeenkomsten met methylfenidaat, een ADHD-medicijn, en zou vergelijkbare cognitieve en lichamelijke effecten hebben. Het heeft een kortere werkingsduur en een minder euforische component.<\/p>\n<p>Isopropylfenidaat wordt pas sinds kort door mensen gebruikt als recreatieve drug; het wordt nog niet op de vrije markt verkocht.<\/p>\n<h3>Waar kan ik HPI kopen?<\/h3>\n<p>Je kunt onderzoekschemicali\u00ebn die isopropylfenidaat bevatten van Achemic kopen op onze website. Al onze onderzoekschemicali\u00ebn worden onderzocht en getest voordat ze worden vrijgegeven voor verkoop. We kunnen de uitstekende kwaliteit van onze isopropylfenidaat producten niet garanderen. We beantwoorden graag je vragen en voorzien je van meer informatie.<\/p>\n<p>Dit product is alleen bedoeld voor educatief gebruik. Achemic verkoopt geen HPI voor andere dan educatieve en wetenschappelijke doeleinden. NIET voor gebruik in de diergeneeskunde of menselijke voortplanting. Wij verzenden overal, inclusief de Verenigde Staten.<\/p>","protected":false},"excerpt":{"rendered":"<p>Achetez l&rsquo;isopropylph\u00e9nidate en ligne Procurez-vous de la poudre d&rsquo;isopropylph\u00e9nidate (parfois appel\u00e9e IPPD et IPH). C&rsquo;est un stimulant qui appartient \u00e0 la classe des pip\u00e9ridines. L&rsquo;isopropylph\u00e9nidate a un effet stimulant et motivant qui aide \u00e9galement \u00e0 la concentration. C&rsquo;est un analogue structurel du m\u00e9thylph\u00e9nidate, un m\u00e9dicament couramment prescrit pour le TDAH, et il est cens\u00e9 provoquer [&hellip;]<\/p>","protected":false},"featured_media":3143,"comment_status":"open","ping_status":"closed","template":"","meta":{"_joinchat":[]},"product_brand":[],"product_cat":[385],"product_tag":[],"class_list":{"0":"post-3124","1":"product","2":"type-product","3":"status-publish","4":"has-post-thumbnail","6":"product_cat-forschung-schemikalien","8":"first","9":"instock","10":"shipping-taxable","11":"purchasable","12":"product-type-variable"},"yoast_head":"<!-- This site is optimized with the Yoast SEO plugin v23.5 - https:\/\/yoast.com\/wordpress\/plugins\/seo\/ -->\n<title>Acheter de l&#039;isopropylph\u00e9nidate en ligne - isopropylph\u00e9nidate \u00e0 vendre<\/title>\n<meta name=\"description\" content=\"Si vous souhaitez acheter de l&#039;isopropylph\u00e9nidate en ligne, visitez notre boutique en ligne Nembutal Boutique. Nous proposons \u00e0 la vente des produits de haute qualit\u00e9 comme l&#039;isopropylph\u00e9nidate. Passez votre commande maintenant !\" \/>\n<meta name=\"robots\" content=\"index, follow, max-snippet:-1, max-image-preview:large, max-video-preview:-1\" \/>\n<link rel=\"canonical\" href=\"https:\/\/nembutalboutique.com\/nl\/product\/isopropylfenidaat-kopen\/\" \/>\n<meta property=\"og:locale\" content=\"nl_BE\" \/>\n<meta property=\"og:type\" content=\"article\" \/>\n<meta property=\"og:title\" content=\"Acheter de l&#039;isopropylph\u00e9nidate en ligne - isopropylph\u00e9nidate \u00e0 vendre\" \/>\n<meta property=\"og:description\" content=\"Si vous souhaitez acheter de l&#039;isopropylph\u00e9nidate en ligne, visitez notre boutique en ligne Nembutal Boutique. Nous proposons \u00e0 la vente des produits de haute qualit\u00e9 comme l&#039;isopropylph\u00e9nidate. Passez votre commande maintenant !\" \/>\n<meta property=\"og:url\" content=\"https:\/\/nembutalboutique.com\/nl\/product\/isopropylfenidaat-kopen\/\" \/>\n<meta property=\"og:site_name\" content=\"Nembutal Boutique\" \/>\n<meta property=\"article:modified_time\" content=\"2024-09-20T09:41:17+00:00\" \/>\n<meta property=\"og:image\" content=\"https:\/\/nembutalboutique.com\/wp-content\/uploads\/2024\/09\/Isopropylphenidate.gif\" \/>\n\t<meta property=\"og:image:width\" content=\"600\" \/>\n\t<meta property=\"og:image:height\" content=\"600\" \/>\n\t<meta property=\"og:image:type\" content=\"image\/gif\" \/>\n<meta name=\"twitter:card\" content=\"summary_large_image\" \/>\n<meta name=\"twitter:label1\" content=\"Geschatte leestijd\" \/>\n\t<meta name=\"twitter:data1\" content=\"2 minuten\" \/>\n<script type=\"application\/ld+json\" class=\"yoast-schema-graph\">{\"@context\":\"https:\/\/schema.org\",\"@graph\":[{\"@type\":\"WebPage\",\"@id\":\"https:\/\/nembutalboutique.com\/produit\/lisopropylphenidate\/\",\"url\":\"https:\/\/nembutalboutique.com\/produit\/lisopropylphenidate\/\",\"name\":\"Acheter de l'isopropylph\u00e9nidate en ligne - isopropylph\u00e9nidate \u00e0 vendre\",\"isPartOf\":{\"@id\":\"https:\/\/nembutalboutique.com\/#website\"},\"primaryImageOfPage\":{\"@id\":\"https:\/\/nembutalboutique.com\/produit\/lisopropylphenidate\/#primaryimage\"},\"image\":{\"@id\":\"https:\/\/nembutalboutique.com\/produit\/lisopropylphenidate\/#primaryimage\"},\"thumbnailUrl\":\"https:\/\/nembutalboutique.com\/wp-content\/uploads\/2024\/09\/Isopropylphenidate.gif\",\"datePublished\":\"2024-09-16T08:15:14+00:00\",\"dateModified\":\"2024-09-20T09:41:17+00:00\",\"description\":\"Si vous souhaitez acheter de l'isopropylph\u00e9nidate en ligne, visitez notre boutique en ligne Nembutal Boutique. Nous proposons \u00e0 la vente des produits de haute qualit\u00e9 comme l'isopropylph\u00e9nidate. Passez votre commande maintenant !\",\"breadcrumb\":{\"@id\":\"https:\/\/nembutalboutique.com\/produit\/lisopropylphenidate\/#breadcrumb\"},\"inLanguage\":\"nl-BE\",\"potentialAction\":[{\"@type\":\"ReadAction\",\"target\":[\"https:\/\/nembutalboutique.com\/produit\/lisopropylphenidate\/\"]}]},{\"@type\":\"ImageObject\",\"inLanguage\":\"nl-BE\",\"@id\":\"https:\/\/nembutalboutique.com\/produit\/lisopropylphenidate\/#primaryimage\",\"url\":\"https:\/\/nembutalboutique.com\/wp-content\/uploads\/2024\/09\/Isopropylphenidate.gif\",\"contentUrl\":\"https:\/\/nembutalboutique.com\/wp-content\/uploads\/2024\/09\/Isopropylphenidate.gif\",\"width\":600,\"height\":600,\"caption\":\"Acheter Isopropylphenidate.gif\"},{\"@type\":\"BreadcrumbList\",\"@id\":\"https:\/\/nembutalboutique.com\/produit\/lisopropylphenidate\/#breadcrumb\",\"itemListElement\":[{\"@type\":\"ListItem\",\"position\":1,\"name\":\"Home\",\"item\":\"https:\/\/nembutalboutique.com\/\"},{\"@type\":\"ListItem\",\"position\":2,\"name\":\"Boutique\",\"item\":\"https:\/\/nembutalboutique.com\/shop\/\"},{\"@type\":\"ListItem\",\"position\":3,\"name\":\"l&#8217;isopropylph\u00e9nidate\"}]},{\"@type\":\"WebSite\",\"@id\":\"https:\/\/nembutalboutique.com\/#website\",\"url\":\"https:\/\/nembutalboutique.com\/\",\"name\":\"Nembutal Boutique\",\"description\":\"My WordPress Blog\",\"publisher\":{\"@id\":\"https:\/\/nembutalboutique.com\/#organization\"},\"potentialAction\":[{\"@type\":\"SearchAction\",\"target\":{\"@type\":\"EntryPoint\",\"urlTemplate\":\"https:\/\/nembutalboutique.com\/?s={search_term_string}\"},\"query-input\":{\"@type\":\"PropertyValueSpecification\",\"valueRequired\":true,\"valueName\":\"search_term_string\"}}],\"inLanguage\":\"nl-BE\"},{\"@type\":\"Organization\",\"@id\":\"https:\/\/nembutalboutique.com\/#organization\",\"name\":\"Nembutal Boutique\",\"url\":\"https:\/\/nembutalboutique.com\/\",\"logo\":{\"@type\":\"ImageObject\",\"inLanguage\":\"nl-BE\",\"@id\":\"https:\/\/nembutalboutique.com\/#\/schema\/logo\/image\/\",\"url\":\"https:\/\/nembutalboutique.com\/wp-content\/uploads\/2024\/01\/logo.png\",\"contentUrl\":\"https:\/\/nembutalboutique.com\/wp-content\/uploads\/2024\/01\/logo.png\",\"width\":494,\"height\":121,\"caption\":\"Nembutal Boutique\"},\"image\":{\"@id\":\"https:\/\/nembutalboutique.com\/#\/schema\/logo\/image\/\"}}]}<\/script>\n<!-- \/ Yoast SEO plugin. -->","yoast_head_json":{"title":"Isopropylfenidaat online kopen - isopropylfenidaat te koop","description":"Als je isopropylfenidaat online wilt kopen, bezoek dan onze online winkel Nembutal Boutique. Wij bieden hoogwaardige producten zoals isopropylfenidaat te koop aan. Plaats nu je bestelling!","robots":{"index":"index","follow":"follow","max-snippet":"max-snippet:-1","max-image-preview":"max-image-preview:large","max-video-preview":"max-video-preview:-1"},"canonical":"https:\/\/nembutalboutique.com\/nl\/product\/isopropylfenidaat-kopen\/","og_locale":"nl_BE","og_type":"article","og_title":"Acheter de l'isopropylph\u00e9nidate en ligne - isopropylph\u00e9nidate \u00e0 vendre","og_description":"Si vous souhaitez acheter de l'isopropylph\u00e9nidate en ligne, visitez notre boutique en ligne Nembutal Boutique. Nous proposons \u00e0 la vente des produits de haute qualit\u00e9 comme l'isopropylph\u00e9nidate. Passez votre commande maintenant !","og_url":"https:\/\/nembutalboutique.com\/nl\/product\/isopropylfenidaat-kopen\/","og_site_name":"Nembutal Boutique","article_modified_time":"2024-09-20T09:41:17+00:00","og_image":[{"width":600,"height":600,"url":"https:\/\/nembutalboutique.com\/wp-content\/uploads\/2024\/09\/Isopropylphenidate.gif","type":"image\/gif"}],"twitter_card":"summary_large_image","twitter_misc":{"Geschatte leestijd":"2 minuten"},"schema":{"@context":"https:\/\/schema.org","@graph":[{"@type":"WebPage","@id":"https:\/\/nembutalboutique.com\/produit\/lisopropylphenidate\/","url":"https:\/\/nembutalboutique.com\/produit\/lisopropylphenidate\/","name":"Isopropylfenidaat online kopen - isopropylfenidaat te koop","isPartOf":{"@id":"https:\/\/nembutalboutique.com\/#website"},"primaryImageOfPage":{"@id":"https:\/\/nembutalboutique.com\/produit\/lisopropylphenidate\/#primaryimage"},"image":{"@id":"https:\/\/nembutalboutique.com\/produit\/lisopropylphenidate\/#primaryimage"},"thumbnailUrl":"https:\/\/nembutalboutique.com\/wp-content\/uploads\/2024\/09\/Isopropylphenidate.gif","datePublished":"2024-09-16T08:15:14+00:00","dateModified":"2024-09-20T09:41:17+00:00","description":"Als je isopropylfenidaat online wilt kopen, bezoek dan onze online winkel Nembutal Boutique. Wij bieden hoogwaardige producten zoals isopropylfenidaat te koop aan. Plaats nu je bestelling!","breadcrumb":{"@id":"https:\/\/nembutalboutique.com\/produit\/lisopropylphenidate\/#breadcrumb"},"inLanguage":"nl-BE","potentialAction":[{"@type":"ReadAction","target":["https:\/\/nembutalboutique.com\/produit\/lisopropylphenidate\/"]}]},{"@type":"ImageObject","inLanguage":"nl-BE","@id":"https:\/\/nembutalboutique.com\/produit\/lisopropylphenidate\/#primaryimage","url":"https:\/\/nembutalboutique.com\/wp-content\/uploads\/2024\/09\/Isopropylphenidate.gif","contentUrl":"https:\/\/nembutalboutique.com\/wp-content\/uploads\/2024\/09\/Isopropylphenidate.gif","width":600,"height":600,"caption":"Acheter Isopropylphenidate.gif"},{"@type":"BreadcrumbList","@id":"https:\/\/nembutalboutique.com\/produit\/lisopropylphenidate\/#breadcrumb","itemListElement":[{"@type":"ListItem","position":1,"name":"Home","item":"https:\/\/nembutalboutique.com\/"},{"@type":"ListItem","position":2,"name":"Boutique","item":"https:\/\/nembutalboutique.com\/shop\/"},{"@type":"ListItem","position":3,"name":"l&#8217;isopropylph\u00e9nidate"}]},{"@type":"WebSite","@id":"https:\/\/nembutalboutique.com\/#website","url":"https:\/\/nembutalboutique.com\/","name":"Nembutal winkel","description":"Mijn WordPress Blog","publisher":{"@id":"https:\/\/nembutalboutique.com\/#organization"},"potentialAction":[{"@type":"SearchAction","target":{"@type":"EntryPoint","urlTemplate":"https:\/\/nembutalboutique.com\/?s={search_term_string}"},"query-input":{"@type":"PropertyValueSpecification","valueRequired":true,"valueName":"search_term_string"}}],"inLanguage":"nl-BE"},{"@type":"Organization","@id":"https:\/\/nembutalboutique.com\/#organization","name":"Nembutal winkel","url":"https:\/\/nembutalboutique.com\/","logo":{"@type":"ImageObject","inLanguage":"nl-BE","@id":"https:\/\/nembutalboutique.com\/#\/schema\/logo\/image\/","url":"https:\/\/nembutalboutique.com\/wp-content\/uploads\/2024\/01\/logo.png","contentUrl":"https:\/\/nembutalboutique.com\/wp-content\/uploads\/2024\/01\/logo.png","width":494,"height":121,"caption":"Nembutal Boutique"},"image":{"@id":"https:\/\/nembutalboutique.com\/#\/schema\/logo\/image\/"}}]}},"_links":{"self":[{"href":"https:\/\/nembutalboutique.com\/nl\/wp-json\/wp\/v2\/product\/3124"}],"collection":[{"href":"https:\/\/nembutalboutique.com\/nl\/wp-json\/wp\/v2\/product"}],"about":[{"href":"https:\/\/nembutalboutique.com\/nl\/wp-json\/wp\/v2\/types\/product"}],"replies":[{"embeddable":true,"href":"https:\/\/nembutalboutique.com\/nl\/wp-json\/wp\/v2\/comments?post=3124"}],"wp:featuredmedia":[{"embeddable":true,"href":"https:\/\/nembutalboutique.com\/nl\/wp-json\/wp\/v2\/media\/3143"}],"wp:attachment":[{"href":"https:\/\/nembutalboutique.com\/nl\/wp-json\/wp\/v2\/media?parent=3124"}],"wp:term":[{"taxonomy":"product_brand","embeddable":true,"href":"https:\/\/nembutalboutique.com\/nl\/wp-json\/wp\/v2\/product_brand?post=3124"},{"taxonomy":"product_cat","embeddable":true,"href":"https:\/\/nembutalboutique.com\/nl\/wp-json\/wp\/v2\/product_cat?post=3124"},{"taxonomy":"product_tag","embeddable":true,"href":"https:\/\/nembutalboutique.com\/nl\/wp-json\/wp\/v2\/product_tag?post=3124"}],"curies":[{"name":"wp","href":"https:\/\/api.w.org\/{rel}","templated":true}]}}