{"id":3123,"date":"2024-09-16T08:15:14","date_gmt":"2024-09-16T08:15:14","guid":{"rendered":"https:\/\/nembutalboutique.com\/?post_type=product&#038;p=3123"},"modified":"2024-09-20T09:39:46","modified_gmt":"2024-09-20T09:39:46","slug":"eth-lad","status":"publish","type":"product","link":"https:\/\/nembutalboutique.com\/nl\/product\/eth-lad-online-kopen\/","title":{"rendered":"ETH LAD"},"content":{"rendered":"<h2>ETH-LAD-PULVER online kopen<\/h2>\n<p>ETH-LAD kopen, 1 (6aR,9R)-N,N-diethyl-7-ethyl-4,6,6a,7,8,9- is een andere naam voor ETH-LAD-PULVER.<\/p>\n<p>Hexahydro[4,3-fg]indolo-chinolin-9-carboxamide is een stof die behoort tot de lysergamidegroep.<\/p>\n<p>Gegeven dat <a href=\"https:\/\/nembutalboutique.com\/produit\/eth-lad\/\">ETH-LAD<\/a>een analoog van LSD, voorheen niet beschikbaar was voor de wetenschappelijke gemeenschap, zijn er nu talloze mogelijkheden om de eigenschappen ervan te bestuderen.<\/p>\n<p>In de jaren 1970 synthetiseerde een Japans onderzoeksteam voor het eerst ETH-LAD, dat Alexander Shulgin vervolgens publiceerde in zijn boek TiHKAL.<\/p>\n<p>Dit product is uitsluitend bedoeld voor gebruik in laboratoriumonderzoeksomgevingen. Iedereen die dit product gebruikt, wordt geadviseerd een ETH-LAD aan te schaffen, de juiste beschermingsmiddelen te gebruiken en de standaard veiligheidsprocedures te volgen.<\/p>\n<p>We raden sterk af om het te gebruiken voor menselijke consumptie; raadpleeg onmiddellijk een arts als je problemen hebt. 6-Ethyl-6-nor-Lysergs\u00e4urediethylamid, ook bekend als<a href=\"https:\/\/en.wikipedia.org\/wiki\/ETH-LAD\">ETH-LAD<\/a>.<br \/>\nINFORMATIE OVER AL-LAD 150MCG BLOTTERS<br \/>\nAL-LAD blotters zijn onderzoekschemicali\u00ebn die vergeleken worden met LSD. De lysergamide met psychedelische eigenschappen is AL-LAD (Lysergs\u00e4urediethylamid). RC wordt vergeleken met LSD<\/p>\n<p>Blotters kopen? Deze mogen alleen voor onderzoeksdoeleinden worden gebruikt.<\/p>\n<p><strong>OPMERKINGEN VAN WEISSZETTEL:<\/strong><\/p>\n<p>Koop blotters van 100 mcg met ETH-LAD. Ademhalings- en oogreacties kunnen het gevolg zijn. Laat nooit onderzoekschemicali\u00ebn vrij in het milieu.<\/p>","protected":false},"excerpt":{"rendered":"<p>Achetez ETH-LAD-PULVER en ligne Achetez ETH-LAD, 1 (6aR,9R)-N,N-di\u00e9thyl-7-\u00e9thyl-4,6,6a,7,8,9- est un autre nom pour ETH-LAD-PULVER. L&rsquo;hexahydro[4,3-fg]indolo-chinolin-9-carboxamide est un mat\u00e9riau qui fait partie du groupe des lysergamides. \u00c9tant donn\u00e9 que l&rsquo;ETH-LAD, un analogue du LSD, n&rsquo;\u00e9tait pas auparavant disponible pour la communaut\u00e9 scientifique, il existe d\u00e9sormais de nombreuses possibilit\u00e9s d&rsquo;\u00e9tudier ses propri\u00e9t\u00e9s. Dans les ann\u00e9es 1970, une [&hellip;]<\/p>","protected":false},"featured_media":3142,"comment_status":"open","ping_status":"closed","template":"","meta":{"_joinchat":[]},"product_brand":[],"product_cat":[385],"product_tag":[],"class_list":{"0":"post-3123","1":"product","2":"type-product","3":"status-publish","4":"has-post-thumbnail","6":"product_cat-forschung-schemikalien","8":"first","9":"instock","10":"shipping-taxable","11":"purchasable","12":"product-type-variable"},"yoast_head":"<!-- This site is optimized with the Yoast SEO plugin v23.5 - https:\/\/yoast.com\/wordpress\/plugins\/seo\/ -->\n<title>Acheter ETH Lad en ligne - ETH Lad \u00e0 vendre<\/title>\n<meta name=\"description\" content=\"Vous souhaitez approfondir vos recherches ? Achetez ETH Lad de mani\u00e8re pratique et s\u00e9curis\u00e9e en ligne, avec un processus de commande simple pour ETH Lad \u00e0 vendre. Explorez les possibilit\u00e9s et achetez ETH Lad en ligne pour vos efforts de recherche d\u00e8s aujourd&#039;hui.\" \/>\n<meta name=\"robots\" content=\"index, follow, max-snippet:-1, max-image-preview:large, max-video-preview:-1\" \/>\n<link rel=\"canonical\" href=\"https:\/\/nembutalboutique.com\/nl\/product\/eth-lad-online-kopen\/\" \/>\n<meta property=\"og:locale\" content=\"nl_BE\" \/>\n<meta property=\"og:type\" content=\"article\" \/>\n<meta property=\"og:title\" content=\"Acheter ETH Lad en ligne - ETH Lad \u00e0 vendre\" \/>\n<meta property=\"og:description\" content=\"Vous souhaitez approfondir vos recherches ? Achetez ETH Lad de mani\u00e8re pratique et s\u00e9curis\u00e9e en ligne, avec un processus de commande simple pour ETH Lad \u00e0 vendre. Explorez les possibilit\u00e9s et achetez ETH Lad en ligne pour vos efforts de recherche d\u00e8s aujourd&#039;hui.\" \/>\n<meta property=\"og:url\" content=\"https:\/\/nembutalboutique.com\/nl\/product\/eth-lad-online-kopen\/\" \/>\n<meta property=\"og:site_name\" content=\"Nembutal Boutique\" \/>\n<meta property=\"article:modified_time\" content=\"2024-09-20T09:39:46+00:00\" \/>\n<meta property=\"og:image\" content=\"https:\/\/nembutalboutique.com\/wp-content\/uploads\/2024\/09\/ETH-LAD.gif\" \/>\n\t<meta property=\"og:image:width\" content=\"600\" \/>\n\t<meta property=\"og:image:height\" content=\"600\" \/>\n\t<meta property=\"og:image:type\" content=\"image\/gif\" \/>\n<meta name=\"twitter:card\" content=\"summary_large_image\" \/>\n<meta name=\"twitter:label1\" content=\"Geschatte leestijd\" \/>\n\t<meta name=\"twitter:data1\" content=\"2 minuten\" \/>\n<script type=\"application\/ld+json\" class=\"yoast-schema-graph\">{\"@context\":\"https:\/\/schema.org\",\"@graph\":[{\"@type\":\"WebPage\",\"@id\":\"https:\/\/nembutalboutique.com\/produit\/eth-lad\/\",\"url\":\"https:\/\/nembutalboutique.com\/produit\/eth-lad\/\",\"name\":\"Acheter ETH Lad en ligne - ETH Lad \u00e0 vendre\",\"isPartOf\":{\"@id\":\"https:\/\/nembutalboutique.com\/#website\"},\"primaryImageOfPage\":{\"@id\":\"https:\/\/nembutalboutique.com\/produit\/eth-lad\/#primaryimage\"},\"image\":{\"@id\":\"https:\/\/nembutalboutique.com\/produit\/eth-lad\/#primaryimage\"},\"thumbnailUrl\":\"https:\/\/nembutalboutique.com\/wp-content\/uploads\/2024\/09\/ETH-LAD.gif\",\"datePublished\":\"2024-09-16T08:15:14+00:00\",\"dateModified\":\"2024-09-20T09:39:46+00:00\",\"description\":\"Vous souhaitez approfondir vos recherches ? Achetez ETH Lad de mani\u00e8re pratique et s\u00e9curis\u00e9e en ligne, avec un processus de commande simple pour ETH Lad \u00e0 vendre. Explorez les possibilit\u00e9s et achetez ETH Lad en ligne pour vos efforts de recherche d\u00e8s aujourd'hui.\",\"breadcrumb\":{\"@id\":\"https:\/\/nembutalboutique.com\/produit\/eth-lad\/#breadcrumb\"},\"inLanguage\":\"nl-BE\",\"potentialAction\":[{\"@type\":\"ReadAction\",\"target\":[\"https:\/\/nembutalboutique.com\/produit\/eth-lad\/\"]}]},{\"@type\":\"ImageObject\",\"inLanguage\":\"nl-BE\",\"@id\":\"https:\/\/nembutalboutique.com\/produit\/eth-lad\/#primaryimage\",\"url\":\"https:\/\/nembutalboutique.com\/wp-content\/uploads\/2024\/09\/ETH-LAD.gif\",\"contentUrl\":\"https:\/\/nembutalboutique.com\/wp-content\/uploads\/2024\/09\/ETH-LAD.gif\",\"width\":600,\"height\":600,\"caption\":\"Acheter ETH-LAD.gif\"},{\"@type\":\"BreadcrumbList\",\"@id\":\"https:\/\/nembutalboutique.com\/produit\/eth-lad\/#breadcrumb\",\"itemListElement\":[{\"@type\":\"ListItem\",\"position\":1,\"name\":\"Home\",\"item\":\"https:\/\/nembutalboutique.com\/\"},{\"@type\":\"ListItem\",\"position\":2,\"name\":\"Boutique\",\"item\":\"https:\/\/nembutalboutique.com\/shop\/\"},{\"@type\":\"ListItem\",\"position\":3,\"name\":\"ETH LAD\"}]},{\"@type\":\"WebSite\",\"@id\":\"https:\/\/nembutalboutique.com\/#website\",\"url\":\"https:\/\/nembutalboutique.com\/\",\"name\":\"Nembutal Boutique\",\"description\":\"My WordPress Blog\",\"publisher\":{\"@id\":\"https:\/\/nembutalboutique.com\/#organization\"},\"potentialAction\":[{\"@type\":\"SearchAction\",\"target\":{\"@type\":\"EntryPoint\",\"urlTemplate\":\"https:\/\/nembutalboutique.com\/?s={search_term_string}\"},\"query-input\":{\"@type\":\"PropertyValueSpecification\",\"valueRequired\":true,\"valueName\":\"search_term_string\"}}],\"inLanguage\":\"nl-BE\"},{\"@type\":\"Organization\",\"@id\":\"https:\/\/nembutalboutique.com\/#organization\",\"name\":\"Nembutal Boutique\",\"url\":\"https:\/\/nembutalboutique.com\/\",\"logo\":{\"@type\":\"ImageObject\",\"inLanguage\":\"nl-BE\",\"@id\":\"https:\/\/nembutalboutique.com\/#\/schema\/logo\/image\/\",\"url\":\"https:\/\/nembutalboutique.com\/wp-content\/uploads\/2024\/01\/logo.png\",\"contentUrl\":\"https:\/\/nembutalboutique.com\/wp-content\/uploads\/2024\/01\/logo.png\",\"width\":494,\"height\":121,\"caption\":\"Nembutal Boutique\"},\"image\":{\"@id\":\"https:\/\/nembutalboutique.com\/#\/schema\/logo\/image\/\"}}]}<\/script>\n<!-- \/ Yoast SEO plugin. -->","yoast_head_json":{"title":"ETH Lad online kopen - ETH Lad te koop","description":"Wil je meer weten? Koop ETH Lad gemakkelijk en veilig online, met een eenvoudig bestelproces voor ETH Lad te koop. Ontdek de mogelijkheden en koop vandaag nog ETH Lad online voor je onderzoeksinspanningen.","robots":{"index":"index","follow":"follow","max-snippet":"max-snippet:-1","max-image-preview":"max-image-preview:large","max-video-preview":"max-video-preview:-1"},"canonical":"https:\/\/nembutalboutique.com\/nl\/product\/eth-lad-online-kopen\/","og_locale":"nl_BE","og_type":"article","og_title":"Acheter ETH Lad en ligne - ETH Lad \u00e0 vendre","og_description":"Vous souhaitez approfondir vos recherches ? Achetez ETH Lad de mani\u00e8re pratique et s\u00e9curis\u00e9e en ligne, avec un processus de commande simple pour ETH Lad \u00e0 vendre. Explorez les possibilit\u00e9s et achetez ETH Lad en ligne pour vos efforts de recherche d\u00e8s aujourd'hui.","og_url":"https:\/\/nembutalboutique.com\/nl\/product\/eth-lad-online-kopen\/","og_site_name":"Nembutal Boutique","article_modified_time":"2024-09-20T09:39:46+00:00","og_image":[{"width":600,"height":600,"url":"https:\/\/nembutalboutique.com\/wp-content\/uploads\/2024\/09\/ETH-LAD.gif","type":"image\/gif"}],"twitter_card":"summary_large_image","twitter_misc":{"Geschatte leestijd":"2 minuten"},"schema":{"@context":"https:\/\/schema.org","@graph":[{"@type":"WebPage","@id":"https:\/\/nembutalboutique.com\/produit\/eth-lad\/","url":"https:\/\/nembutalboutique.com\/produit\/eth-lad\/","name":"ETH Lad online kopen - ETH Lad te koop","isPartOf":{"@id":"https:\/\/nembutalboutique.com\/#website"},"primaryImageOfPage":{"@id":"https:\/\/nembutalboutique.com\/produit\/eth-lad\/#primaryimage"},"image":{"@id":"https:\/\/nembutalboutique.com\/produit\/eth-lad\/#primaryimage"},"thumbnailUrl":"https:\/\/nembutalboutique.com\/wp-content\/uploads\/2024\/09\/ETH-LAD.gif","datePublished":"2024-09-16T08:15:14+00:00","dateModified":"2024-09-20T09:39:46+00:00","description":"Wil je meer weten? Koop ETH Lad gemakkelijk en veilig online, met een eenvoudig bestelproces voor ETH Lad te koop. Ontdek de mogelijkheden en koop vandaag nog ETH Lad online voor je onderzoeksinspanningen.","breadcrumb":{"@id":"https:\/\/nembutalboutique.com\/produit\/eth-lad\/#breadcrumb"},"inLanguage":"nl-BE","potentialAction":[{"@type":"ReadAction","target":["https:\/\/nembutalboutique.com\/produit\/eth-lad\/"]}]},{"@type":"ImageObject","inLanguage":"nl-BE","@id":"https:\/\/nembutalboutique.com\/produit\/eth-lad\/#primaryimage","url":"https:\/\/nembutalboutique.com\/wp-content\/uploads\/2024\/09\/ETH-LAD.gif","contentUrl":"https:\/\/nembutalboutique.com\/wp-content\/uploads\/2024\/09\/ETH-LAD.gif","width":600,"height":600,"caption":"Acheter ETH-LAD.gif"},{"@type":"BreadcrumbList","@id":"https:\/\/nembutalboutique.com\/produit\/eth-lad\/#breadcrumb","itemListElement":[{"@type":"ListItem","position":1,"name":"Home","item":"https:\/\/nembutalboutique.com\/"},{"@type":"ListItem","position":2,"name":"Boutique","item":"https:\/\/nembutalboutique.com\/shop\/"},{"@type":"ListItem","position":3,"name":"ETH LAD"}]},{"@type":"WebSite","@id":"https:\/\/nembutalboutique.com\/#website","url":"https:\/\/nembutalboutique.com\/","name":"Nembutal winkel","description":"Mijn WordPress Blog","publisher":{"@id":"https:\/\/nembutalboutique.com\/#organization"},"potentialAction":[{"@type":"SearchAction","target":{"@type":"EntryPoint","urlTemplate":"https:\/\/nembutalboutique.com\/?s={search_term_string}"},"query-input":{"@type":"PropertyValueSpecification","valueRequired":true,"valueName":"search_term_string"}}],"inLanguage":"nl-BE"},{"@type":"Organization","@id":"https:\/\/nembutalboutique.com\/#organization","name":"Nembutal winkel","url":"https:\/\/nembutalboutique.com\/","logo":{"@type":"ImageObject","inLanguage":"nl-BE","@id":"https:\/\/nembutalboutique.com\/#\/schema\/logo\/image\/","url":"https:\/\/nembutalboutique.com\/wp-content\/uploads\/2024\/01\/logo.png","contentUrl":"https:\/\/nembutalboutique.com\/wp-content\/uploads\/2024\/01\/logo.png","width":494,"height":121,"caption":"Nembutal Boutique"},"image":{"@id":"https:\/\/nembutalboutique.com\/#\/schema\/logo\/image\/"}}]}},"_links":{"self":[{"href":"https:\/\/nembutalboutique.com\/nl\/wp-json\/wp\/v2\/product\/3123"}],"collection":[{"href":"https:\/\/nembutalboutique.com\/nl\/wp-json\/wp\/v2\/product"}],"about":[{"href":"https:\/\/nembutalboutique.com\/nl\/wp-json\/wp\/v2\/types\/product"}],"replies":[{"embeddable":true,"href":"https:\/\/nembutalboutique.com\/nl\/wp-json\/wp\/v2\/comments?post=3123"}],"wp:featuredmedia":[{"embeddable":true,"href":"https:\/\/nembutalboutique.com\/nl\/wp-json\/wp\/v2\/media\/3142"}],"wp:attachment":[{"href":"https:\/\/nembutalboutique.com\/nl\/wp-json\/wp\/v2\/media?parent=3123"}],"wp:term":[{"taxonomy":"product_brand","embeddable":true,"href":"https:\/\/nembutalboutique.com\/nl\/wp-json\/wp\/v2\/product_brand?post=3123"},{"taxonomy":"product_cat","embeddable":true,"href":"https:\/\/nembutalboutique.com\/nl\/wp-json\/wp\/v2\/product_cat?post=3123"},{"taxonomy":"product_tag","embeddable":true,"href":"https:\/\/nembutalboutique.com\/nl\/wp-json\/wp\/v2\/product_tag?post=3123"}],"curies":[{"name":"wp","href":"https:\/\/api.w.org\/{rel}","templated":true}]}}