{"id":3120,"date":"2024-09-16T08:15:14","date_gmt":"2024-09-16T08:15:14","guid":{"rendered":"https:\/\/nembutalboutique.com\/?post_type=product&#038;p=3120"},"modified":"2024-09-20T07:45:57","modified_gmt":"2024-09-20T07:45:57","slug":"25b-nbome","status":"publish","type":"product","link":"https:\/\/nembutalboutique.com\/nl\/product\/25b-nbome-kopen\/","title":{"rendered":"25B-NBOMe"},"content":{"rendered":"<h2>25B-NBOMe online kopen<\/h2>\n<p>Klik op deze link en volg de stappen. De bron van 25B-NBOMe is de psychedelische fenethylamine 2C-B, in 2004 ontdekt door Ralf Heim aan de Vrije Universiteit van Berlijn. Kopen <a href=\"https:\/\/nembutalboutique.com\/produit\/acheter-25b-nbome\/\">25B-NBOMe<\/a> online, volg dan deze stappen.<\/p>\n<p>Cimbi-36, ook bekend als 2C-B-NBOMe of 25B-NBOMe, is een nieuw gesynthetiseerde psychedelische drug die behoort tot de chemische klasse van de fenethylamine. Bij gebruik heeft het een verscheidenheid aan desori\u00ebnterende en visueel overweldigende psychedelische effecten.<\/p>\n<p>25b Nbome voor online aankopen :<\/p>\n<p>2C-B, een psychedelisch middel dat wordt ge\u00efnduceerd door fenethylamine, is de bron van de afkorting 25B-NBOMe, wat staat voor 2C-B-NBOMe.<\/p>\n<p>Het heeft krachtige parti\u00eble agonistische effecten op de 5-HT2A receptor.<\/p>\n<p>Omdat het onschadelijk is voor de menselijke gezondheid, is de dosering slechts \u00e9\u00e9n microgram.<\/p>\n<p>Anekdotische gebruikersrapporten suggereren dat 25B-NBOMe betrouwbaar is. Met een werkzame dosis van slechts 250-500 mcg is Bromo-DragonFLY vergelijkbaar met andere hallucinogenen die fenethylamine bevatten.<\/p>\n<p>Geschiedenis van menselijk gebruik voordat het online te koop werd aangeboden.<\/p>\n<p>Talrijke studies hebben ook de onvoorspelbare effecten en de ongelooflijk gevoelige verhouding tussen dosis en gevoeligheid aangetoond.<\/p>\n<p>Als je daarom besluit om deze weinig bekende en potentieel dodelijke psychedelische chemische stof te consumeren, wordt je sterk aangeraden om voorzichtig te werk te gaan en de instructies op te volgen om de risico's te minimaliseren.<\/p>\n<p>25b-nbome, ook bekend als cimbi-36 en 2c-b-nbome, is een nieuwe synthetische psychedelische stof die is afgeleid van de chemische klasse van fenethylamines en die, wanneer toegediend, een verscheidenheid aan visueel dominante en stimulerende psychedelische effecten produceert.<\/p>\n<p>De term 25b-nbome, een afkorting van 2c-b-nbome, is een derivaat van de psychedelische fenethylamine 2c-b. In 2004 werd Ralph Heim geboren. ontdekt aan de Vrije Universiteit van Berlijn. Het werkt als een krachtige parti\u00eble agonist van de 5-HT2a receptor. Het is gebruikt om de menselijke veiligheid te meten in klinische studies bij een dosis van slechts \u00e9\u00e9n microgram. Het bleek dat deze dosis slechts 1\/300 is van de dosis waarbij hallucinogenen bij mensen werken en dat de dosis die veilig wordt geacht voor mensen door recreatieve gebruikers enorm zou worden overschreden.<\/p>\n<p>Anekdotische rapporten van gebruikers suggereren dat de <a href=\"https:\/\/en.wikipedia.org\/wiki\/25B-NBOMe\">25b-Nbome<\/a> is al een actief hormoon in een dosis van 250 tot 500 mcg, waardoor het even krachtig is als andere hormonen die uit fenethylamine worden ge\u00ebxtraheerd, zoals bromlibella. Opgemerkt moet worden dat verbindingen uit de Nbome-klasse niet oraal actief zijn en in plaats daarvan sublinguaal moeten worden ingenomen, waardoor de stof geleidelijk in de mond wordt opgenomen en binnen 15 tot 30 minuten wordt opgenomen.<\/p>\n<p>Deze stof werd niet gebruikt door mensen tot 2010, toen het online werd verkocht als een synthetische drug. Er is heel weinig bekend over de farmacologische eigenschappen, de uitwisseling van drugs en de toxiciteit van 25b-Nbome bij mensen. Veel leden van de 25x-Nbome epidemie zijn in het ziekenhuis opgenomen en er zijn sterfgevallen in verband gebracht met de epidemie. Gecombineerd met de zeer gevoelige dosering en onvoorspelbare bijwerkingen, suggereren veel rapporten ook dat het erg moeilijk kan zijn om deze stof veilig te gebruiken. Als je besluit om deze onbegrepen en potentieel dodelijke psychedelische stof te gebruiken, is het daarom ten zeerste aan te raden om dit met de nodige voorzichtigheid en risicobeperkende technieken te doen.<br \/>\nScheikunde<\/p>\n<p>25b-nbome, ook bekend als 2c-b-nbome, is een van serotonine afgeleid n-benzylderivaat van de bekende psychedelische gesubstitueerde fenethylamines, 2c-b. 25b-nbome is een gesubstitueerde fenethylamine met een bromatoom aan koolstofatoom r4 en twee methoxygroepen ch3o aan de koolstoffen r2 en r5. De structuur verschilt van die van 2c-b door de substitutie van een 2-methylbenzylgroep (bome) voor een van de aminozuren (nh2). Deze 2-methoxybenzyl substitutie wordt gedeeld door 25b-nbome met andere leden van de nbome chemische familie. Deze nbome-additie bestaat uit een ch3o-methoxyether, Kaufen 25B-NBOMe, die is verbonden aan een r2 benzolring.<\/p>\n<h3>farmaceutische producten<\/h3>\n<p>Werkzaam op de 5-HT2A receptor, functioneert 25b-nbome als een krachtige parti\u00eble agonist. De rol van deze interacties en hoe ze bijdragen aan de psychedelische ervaring blijft echter onduidelijk.<\/p>","protected":false},"excerpt":{"rendered":"<p>Pour acheter du 25B-NBOMe en ligne Cliquez sur ce lien et suivez les \u00e9tapes. La source de l&rsquo;achat en ligne de 25B-NBOMe est la ph\u00e9n\u00e9thylamine psych\u00e9d\u00e9lique 2C-B, d\u00e9couverte en 2004 par Ralf Heim \u00e0 l&rsquo;Universit\u00e9 libre de Berlin. Pour acheter du 25B-NBOMe en ligne, suivez ces \u00e9tapes. Le Cimbi-36, \u00e9galement connu sous le nom de [&hellip;]<\/p>","protected":false},"featured_media":3139,"comment_status":"open","ping_status":"closed","template":"","meta":{"_joinchat":[]},"product_brand":[],"product_cat":[385],"product_tag":[514,522,523,524,525,526,527,528],"class_list":{"0":"post-3120","1":"product","2":"type-product","3":"status-publish","4":"has-post-thumbnail","6":"product_cat-forschung-schemikalien","7":"product_tag-25b-nbome","8":"product_tag-25b-nbome-derivat","9":"product_tag-25b-nbome-gefahren","10":"product_tag-25b-nbome-todesfalle","11":"product_tag-25b-nbome-todliche-dosis","12":"product_tag-25b-nbome-vergiftung","13":"product_tag-25b-nbome-vorlaufer","14":"product_tag-ist-25b-nbome-todlich","16":"first","17":"instock","18":"shipping-taxable","19":"purchasable","20":"product-type-variable"},"yoast_head":"<!-- This site is optimized with the Yoast SEO plugin v23.5 - https:\/\/yoast.com\/wordpress\/plugins\/seo\/ -->\n<title>Achetez 25B-NBOME en ligne - 25B-NBOME \u00e0 vendre<\/title>\n<meta name=\"description\" content=\"Trouvez du 25B-NBOME premium \u00e0 vendre dans notre boutique en ligne, offrant une plate-forme s\u00e9curis\u00e9e pour acheter du 25B-NBOME en ligne en toute simplicit\u00e9, r\u00e9pondant \u00e0 vos besoins de recherche.\" \/>\n<meta name=\"robots\" content=\"index, follow, max-snippet:-1, max-image-preview:large, max-video-preview:-1\" \/>\n<link rel=\"canonical\" href=\"https:\/\/nembutalboutique.com\/nl\/product\/25b-nbome-kopen\/\" \/>\n<meta property=\"og:locale\" content=\"nl_BE\" \/>\n<meta property=\"og:type\" content=\"article\" \/>\n<meta property=\"og:title\" content=\"Achetez 25B-NBOME en ligne - 25B-NBOME \u00e0 vendre\" \/>\n<meta property=\"og:description\" content=\"Trouvez du 25B-NBOME premium \u00e0 vendre dans notre boutique en ligne, offrant une plate-forme s\u00e9curis\u00e9e pour acheter du 25B-NBOME en ligne en toute simplicit\u00e9, r\u00e9pondant \u00e0 vos besoins de recherche.\" \/>\n<meta property=\"og:url\" content=\"https:\/\/nembutalboutique.com\/nl\/product\/25b-nbome-kopen\/\" \/>\n<meta property=\"og:site_name\" content=\"Nembutal Boutique\" \/>\n<meta property=\"article:modified_time\" content=\"2024-09-20T07:45:57+00:00\" \/>\n<meta property=\"og:image\" content=\"https:\/\/nembutalboutique.com\/wp-content\/uploads\/2024\/09\/25B-NBOMe.gif\" \/>\n\t<meta property=\"og:image:width\" content=\"600\" \/>\n\t<meta property=\"og:image:height\" content=\"600\" \/>\n\t<meta property=\"og:image:type\" content=\"image\/gif\" \/>\n<meta name=\"twitter:card\" content=\"summary_large_image\" \/>\n<meta name=\"twitter:label1\" content=\"Geschatte leestijd\" \/>\n\t<meta name=\"twitter:data1\" content=\"4 minuten\" \/>\n<script type=\"application\/ld+json\" class=\"yoast-schema-graph\">{\"@context\":\"https:\/\/schema.org\",\"@graph\":[{\"@type\":\"WebPage\",\"@id\":\"https:\/\/nembutalboutique.com\/produit\/25b-nbome\/\",\"url\":\"https:\/\/nembutalboutique.com\/produit\/25b-nbome\/\",\"name\":\"Achetez 25B-NBOME en ligne - 25B-NBOME \u00e0 vendre\",\"isPartOf\":{\"@id\":\"https:\/\/nembutalboutique.com\/#website\"},\"primaryImageOfPage\":{\"@id\":\"https:\/\/nembutalboutique.com\/produit\/25b-nbome\/#primaryimage\"},\"image\":{\"@id\":\"https:\/\/nembutalboutique.com\/produit\/25b-nbome\/#primaryimage\"},\"thumbnailUrl\":\"https:\/\/nembutalboutique.com\/wp-content\/uploads\/2024\/09\/25B-NBOMe.gif\",\"datePublished\":\"2024-09-16T08:15:14+00:00\",\"dateModified\":\"2024-09-20T07:45:57+00:00\",\"description\":\"Trouvez du 25B-NBOME premium \u00e0 vendre dans notre boutique en ligne, offrant une plate-forme s\u00e9curis\u00e9e pour acheter du 25B-NBOME en ligne en toute simplicit\u00e9, r\u00e9pondant \u00e0 vos besoins de recherche.\",\"breadcrumb\":{\"@id\":\"https:\/\/nembutalboutique.com\/produit\/25b-nbome\/#breadcrumb\"},\"inLanguage\":\"nl-BE\",\"potentialAction\":[{\"@type\":\"ReadAction\",\"target\":[\"https:\/\/nembutalboutique.com\/produit\/25b-nbome\/\"]}]},{\"@type\":\"ImageObject\",\"inLanguage\":\"nl-BE\",\"@id\":\"https:\/\/nembutalboutique.com\/produit\/25b-nbome\/#primaryimage\",\"url\":\"https:\/\/nembutalboutique.com\/wp-content\/uploads\/2024\/09\/25B-NBOMe.gif\",\"contentUrl\":\"https:\/\/nembutalboutique.com\/wp-content\/uploads\/2024\/09\/25B-NBOMe.gif\",\"width\":600,\"height\":600,\"caption\":\"Achetez 25B-NBOME\"},{\"@type\":\"BreadcrumbList\",\"@id\":\"https:\/\/nembutalboutique.com\/produit\/25b-nbome\/#breadcrumb\",\"itemListElement\":[{\"@type\":\"ListItem\",\"position\":1,\"name\":\"Home\",\"item\":\"https:\/\/nembutalboutique.com\/\"},{\"@type\":\"ListItem\",\"position\":2,\"name\":\"Boutique\",\"item\":\"https:\/\/nembutalboutique.com\/shop\/\"},{\"@type\":\"ListItem\",\"position\":3,\"name\":\"25B-NBOMe\"}]},{\"@type\":\"WebSite\",\"@id\":\"https:\/\/nembutalboutique.com\/#website\",\"url\":\"https:\/\/nembutalboutique.com\/\",\"name\":\"Nembutal Boutique\",\"description\":\"My WordPress Blog\",\"publisher\":{\"@id\":\"https:\/\/nembutalboutique.com\/#organization\"},\"potentialAction\":[{\"@type\":\"SearchAction\",\"target\":{\"@type\":\"EntryPoint\",\"urlTemplate\":\"https:\/\/nembutalboutique.com\/?s={search_term_string}\"},\"query-input\":{\"@type\":\"PropertyValueSpecification\",\"valueRequired\":true,\"valueName\":\"search_term_string\"}}],\"inLanguage\":\"nl-BE\"},{\"@type\":\"Organization\",\"@id\":\"https:\/\/nembutalboutique.com\/#organization\",\"name\":\"Nembutal Boutique\",\"url\":\"https:\/\/nembutalboutique.com\/\",\"logo\":{\"@type\":\"ImageObject\",\"inLanguage\":\"nl-BE\",\"@id\":\"https:\/\/nembutalboutique.com\/#\/schema\/logo\/image\/\",\"url\":\"https:\/\/nembutalboutique.com\/wp-content\/uploads\/2024\/01\/logo.png\",\"contentUrl\":\"https:\/\/nembutalboutique.com\/wp-content\/uploads\/2024\/01\/logo.png\",\"width\":494,\"height\":121,\"caption\":\"Nembutal Boutique\"},\"image\":{\"@id\":\"https:\/\/nembutalboutique.com\/#\/schema\/logo\/image\/\"}}]}<\/script>\n<!-- \/ Yoast SEO plugin. -->","yoast_head_json":{"title":"25B-NBOME online kopen - 25B-NBOME te koop","description":"Vind eersteklas 25B-NBOME te koop in onze online winkel, die een veilig platform biedt om online 25B-NBOME te kopen met gemak, zodat u klaar bent met zoeken.","robots":{"index":"index","follow":"follow","max-snippet":"max-snippet:-1","max-image-preview":"max-image-preview:large","max-video-preview":"max-video-preview:-1"},"canonical":"https:\/\/nembutalboutique.com\/nl\/product\/25b-nbome-kopen\/","og_locale":"nl_BE","og_type":"article","og_title":"Achetez 25B-NBOME en ligne - 25B-NBOME \u00e0 vendre","og_description":"Trouvez du 25B-NBOME premium \u00e0 vendre dans notre boutique en ligne, offrant une plate-forme s\u00e9curis\u00e9e pour acheter du 25B-NBOME en ligne en toute simplicit\u00e9, r\u00e9pondant \u00e0 vos besoins de recherche.","og_url":"https:\/\/nembutalboutique.com\/nl\/product\/25b-nbome-kopen\/","og_site_name":"Nembutal Boutique","article_modified_time":"2024-09-20T07:45:57+00:00","og_image":[{"width":600,"height":600,"url":"https:\/\/nembutalboutique.com\/wp-content\/uploads\/2024\/09\/25B-NBOMe.gif","type":"image\/gif"}],"twitter_card":"summary_large_image","twitter_misc":{"Geschatte leestijd":"4 minuten"},"schema":{"@context":"https:\/\/schema.org","@graph":[{"@type":"WebPage","@id":"https:\/\/nembutalboutique.com\/produit\/25b-nbome\/","url":"https:\/\/nembutalboutique.com\/produit\/25b-nbome\/","name":"25B-NBOME online kopen - 25B-NBOME te koop","isPartOf":{"@id":"https:\/\/nembutalboutique.com\/#website"},"primaryImageOfPage":{"@id":"https:\/\/nembutalboutique.com\/produit\/25b-nbome\/#primaryimage"},"image":{"@id":"https:\/\/nembutalboutique.com\/produit\/25b-nbome\/#primaryimage"},"thumbnailUrl":"https:\/\/nembutalboutique.com\/wp-content\/uploads\/2024\/09\/25B-NBOMe.gif","datePublished":"2024-09-16T08:15:14+00:00","dateModified":"2024-09-20T07:45:57+00:00","description":"Vind eersteklas 25B-NBOME te koop in onze online winkel, die een veilig platform biedt om online 25B-NBOME te kopen met gemak, zodat u klaar bent met zoeken.","breadcrumb":{"@id":"https:\/\/nembutalboutique.com\/produit\/25b-nbome\/#breadcrumb"},"inLanguage":"nl-BE","potentialAction":[{"@type":"ReadAction","target":["https:\/\/nembutalboutique.com\/produit\/25b-nbome\/"]}]},{"@type":"ImageObject","inLanguage":"nl-BE","@id":"https:\/\/nembutalboutique.com\/produit\/25b-nbome\/#primaryimage","url":"https:\/\/nembutalboutique.com\/wp-content\/uploads\/2024\/09\/25B-NBOMe.gif","contentUrl":"https:\/\/nembutalboutique.com\/wp-content\/uploads\/2024\/09\/25B-NBOMe.gif","width":600,"height":600,"caption":"Achetez 25B-NBOME"},{"@type":"BreadcrumbList","@id":"https:\/\/nembutalboutique.com\/produit\/25b-nbome\/#breadcrumb","itemListElement":[{"@type":"ListItem","position":1,"name":"Home","item":"https:\/\/nembutalboutique.com\/"},{"@type":"ListItem","position":2,"name":"Boutique","item":"https:\/\/nembutalboutique.com\/shop\/"},{"@type":"ListItem","position":3,"name":"25B-NBOMe"}]},{"@type":"WebSite","@id":"https:\/\/nembutalboutique.com\/#website","url":"https:\/\/nembutalboutique.com\/","name":"Nembutal winkel","description":"Mijn WordPress Blog","publisher":{"@id":"https:\/\/nembutalboutique.com\/#organization"},"potentialAction":[{"@type":"SearchAction","target":{"@type":"EntryPoint","urlTemplate":"https:\/\/nembutalboutique.com\/?s={search_term_string}"},"query-input":{"@type":"PropertyValueSpecification","valueRequired":true,"valueName":"search_term_string"}}],"inLanguage":"nl-BE"},{"@type":"Organization","@id":"https:\/\/nembutalboutique.com\/#organization","name":"Nembutal winkel","url":"https:\/\/nembutalboutique.com\/","logo":{"@type":"ImageObject","inLanguage":"nl-BE","@id":"https:\/\/nembutalboutique.com\/#\/schema\/logo\/image\/","url":"https:\/\/nembutalboutique.com\/wp-content\/uploads\/2024\/01\/logo.png","contentUrl":"https:\/\/nembutalboutique.com\/wp-content\/uploads\/2024\/01\/logo.png","width":494,"height":121,"caption":"Nembutal Boutique"},"image":{"@id":"https:\/\/nembutalboutique.com\/#\/schema\/logo\/image\/"}}]}},"_links":{"self":[{"href":"https:\/\/nembutalboutique.com\/nl\/wp-json\/wp\/v2\/product\/3120"}],"collection":[{"href":"https:\/\/nembutalboutique.com\/nl\/wp-json\/wp\/v2\/product"}],"about":[{"href":"https:\/\/nembutalboutique.com\/nl\/wp-json\/wp\/v2\/types\/product"}],"replies":[{"embeddable":true,"href":"https:\/\/nembutalboutique.com\/nl\/wp-json\/wp\/v2\/comments?post=3120"}],"wp:featuredmedia":[{"embeddable":true,"href":"https:\/\/nembutalboutique.com\/nl\/wp-json\/wp\/v2\/media\/3139"}],"wp:attachment":[{"href":"https:\/\/nembutalboutique.com\/nl\/wp-json\/wp\/v2\/media?parent=3120"}],"wp:term":[{"taxonomy":"product_brand","embeddable":true,"href":"https:\/\/nembutalboutique.com\/nl\/wp-json\/wp\/v2\/product_brand?post=3120"},{"taxonomy":"product_cat","embeddable":true,"href":"https:\/\/nembutalboutique.com\/nl\/wp-json\/wp\/v2\/product_cat?post=3120"},{"taxonomy":"product_tag","embeddable":true,"href":"https:\/\/nembutalboutique.com\/nl\/wp-json\/wp\/v2\/product_tag?post=3120"}],"curies":[{"name":"wp","href":"https:\/\/api.w.org\/{rel}","templated":true}]}}