{"id":3063,"date":"2024-09-16T08:14:39","date_gmt":"2024-09-16T08:14:39","guid":{"rendered":"https:\/\/nembutalboutique.com\/?post_type=product&#038;p=3063"},"modified":"2024-09-20T09:44:33","modified_gmt":"2024-09-20T09:44:33","slug":"25c-nbome","status":"publish","type":"product","link":"https:\/\/nembutalboutique.com\/nl\/product\/25c-nbome-online-kopen\/","title":{"rendered":"25C-NBOMe"},"content":{"rendered":"<h2>25C-NBOMe online kopen<\/h2>\n<p>Koop 25C-NBOMe, inclusief 25I, 25B en 25C-NBOMe. <a href=\"https:\/\/nembutalboutique.com\/produit\/25c-nbome\/\">25C NBOMe<\/a>op papier. Analyse van dimethoxyfenyl-N-[(2-methoxyfenyl)methyl]ethanaminederivaten (beschikbaar om te downloaden in PDF-formaat). De publicatie \"Analyse van 25I-NBOMe, 25B-NBOMe, 25C-NBOMe en andere dimethoxyfenyl-N-[(2-methoxyfenyl)methyl]ethanaminederivaten op vloeipapier\" (281847988) is toegankelijk door op de volgende link te klikken.<\/p>\n<p>Andere woorden<\/p>\n<h3>2C-C-NBOMe<\/h3>\n<p>De structuurclassificatie van de analytische referentiestandaard 2C-NBOMe (art.-nr. 9001096) is fenethylamine. Een 2C-C derivaat met een toevoeging van N-(2-methoxybenzyl) aan het amine is het <a href=\"https:\/\/en.wikipedia.org\/wiki\/25C-NBOMe\">25C-NBOMe<\/a>. 2C-C is een bekend hallucinogeen dat de capaciteit van rattensynaptosomen om serotonine en noradrenaline te herabsorberen vermindert en de activiteit van de monoaminereceptor verhoogt (IC50 = 31 tot 63 \u03bcM).1, 2 N-(2-methoxybenzyl) toegevoegd aan 2C-NBOMe verhoogt de affiniteit en selectiviteit van de 5-HT2A-receptor ten opzichte van andere serotoninereceptoren.3 .Met behulp van radioactief gelabeld 25C-NBOMe zijn 5-HT2A-receptoren in varkens in kaart gebracht met positronemissietomografie.4 De beoogde toepassingen van dit product zijn forensisch onderzoek en onderzoek.<\/p>\n<p>Synthetische verbindingen zoals N-methoxybenzyl-methoxyfenylethylamine (NBOMe)-derivaten hebben de afgelopen jaren aan populariteit gewonnen als medicijnen tegen persoonlijkheidsstoornissen. Deze stoffen hebben zeer ernstige verwondingen en doden veroorzaakt. Ze werken als 5-HT2A-receptorantagonisten en veroorzaken een bekend serotonine-achtig syndroom dat zich uit in ernstige angst, agitatie en episodes die tot drie dagen kunnen duren. 25-(4-Iod-2,5-dimethoxyfenyl)-N-[(2-methoxyfenyl)methyl]ethanamine, N-(2-methoxybenzyl)-2, 5-dimethoxy of 25I-NBOMe, 25B-NBOMe en 25C-NBOMeDe meest genoemde derivaten zijn N-(2-methoxybenzyl)-2,5-dimethoxy-4-chloorfenethylamine en -4-broomfenethylamine. Net als veel hallucinogenen met een lage dosis worden deze chemicali\u00ebn vaak verkocht op l\u00f6schpapier. Het was mogelijk om drie verschillende soorten commercieel verkrijgbaar l\u00f6schpapier te verkrijgen die NBOMe-koppelingen bevatten. Directe real-time analyse AccuTOFTM massaspectrometers werden gebruikt om deze l\u00f6schpapieren en hoogwaardige vloeibare kristallen te filteren.<\/p>\n<p>Chromatografie triple-quadrapol massaspectrometrie. Elk van de drie Blotter-producten (25I-NBOMe, 25C-NBOMe of 25B-NBOMe) bevatte een specifiek primair geneesmiddel. Daarnaast bleken er meerdere hoeveelheden van twee of drie NBOMe-afgeleide-Verunreinigungen van 25H-NBOMe, 25I-NBOMe, 25C-NBOMe, 25B-NBOMe en\/of 25D-NBOMe aanwezig te zijn in de l\u00f6schpapieren.<\/p>\n<p>Finest NembuKauFlog is een Europees bedrijf dat is opgericht en zich richt op individuele en grootschalige verkoop van de beste herontdekte Nembutalbotique producten.<\/p>\n<p>Om aan de behoeften van onze klanten te voldoen, hebben we sinds onze oprichting een breed assortiment producten ontwikkeld.<\/p>\n<p>De psychedelische drug 25C-NBOMe (ook bekend als NBOMe-2C-C, 2C-C-NBOMe en Cimbi-82) is afgeleid van de psychedelische fenethylamine 2C-C. 25C-NBOMe werd op het internet gepubliceerd door Nembutalbotique.<\/p>","protected":false},"excerpt":{"rendered":"<p>Achetez 25C-NBOMe en ligne Achetez du 25C-NBOMe, y compris 25I, 25B et 25C NBOMe, sur papier. Analysez les d\u00e9riv\u00e9s de dim\u00e9thoxyph\u00e9nyl-N-[(2-m\u00e9thoxyph\u00e9nyl)m\u00e9thyl]\u00e9thanamine (disponibles en t\u00e9l\u00e9chargement au format PDF). La publication \u00ab Analyse de 25I-NBOMe, 25B-NBOMe, 25C-NBOMe et d&rsquo;autres d\u00e9riv\u00e9s de dim\u00e9thoxyph\u00e9nyl-N-2-m\u00e9thoxyph\u00e9nyl m\u00e9thyl\u00e9thanamine sur papier buvard \u00bb (281847988) est accessible en cliquant sur le lien suivant. Autres [&hellip;]<\/p>","protected":false},"featured_media":3078,"comment_status":"open","ping_status":"closed","template":"","meta":{"_joinchat":[]},"product_brand":[],"product_cat":[385],"product_tag":[514,515,516,517,518,519,520,521],"class_list":{"0":"post-3063","1":"product","2":"type-product","3":"status-publish","4":"has-post-thumbnail","6":"product_cat-forschung-schemikalien","7":"product_tag-25b-nbome","8":"product_tag-25b-nbome-serum","9":"product_tag-25c-2c-nbome","10":"product_tag-25c-nbome-5ht","11":"product_tag-25c-nbome-chemisch","12":"product_tag-25c-nbome-droge","13":"product_tag-25c-nbome-pulver","14":"product_tag-25c-nbome-zu-verkaufen","16":"first","17":"instock","18":"shipping-taxable","19":"purchasable","20":"product-type-variable"},"yoast_head":"<!-- This site is optimized with the Yoast SEO plugin v23.5 - https:\/\/yoast.com\/wordpress\/plugins\/seo\/ -->\n<title>25C-NBOME \u00e0 vendre - Achetez 25C-NBOME en ligne<\/title>\n<meta name=\"description\" content=\"Vous recherchez une source fiable pour acheter du 25C-NBOME en ligne ? Votre recherche s&#039;arr\u00eate ici. Commandez du 25C-NBOME en ligne dans notre boutique de confiance et profitez d&#039;un processus d&#039;achat transparent adapt\u00e9 \u00e0 vos besoins de recherche.\" \/>\n<meta name=\"robots\" content=\"index, follow, max-snippet:-1, max-image-preview:large, max-video-preview:-1\" \/>\n<link rel=\"canonical\" href=\"https:\/\/nembutalboutique.com\/nl\/product\/25c-nbome-online-kopen\/\" \/>\n<meta property=\"og:locale\" content=\"nl_BE\" \/>\n<meta property=\"og:type\" content=\"article\" \/>\n<meta property=\"og:title\" content=\"25C-NBOME \u00e0 vendre - Achetez 25C-NBOME en ligne\" \/>\n<meta property=\"og:description\" content=\"Vous recherchez une source fiable pour acheter du 25C-NBOME en ligne ? Votre recherche s&#039;arr\u00eate ici. Commandez du 25C-NBOME en ligne dans notre boutique de confiance et profitez d&#039;un processus d&#039;achat transparent adapt\u00e9 \u00e0 vos besoins de recherche.\" \/>\n<meta property=\"og:url\" content=\"https:\/\/nembutalboutique.com\/nl\/product\/25c-nbome-online-kopen\/\" \/>\n<meta property=\"og:site_name\" content=\"Nembutal Boutique\" \/>\n<meta property=\"article:modified_time\" content=\"2024-09-20T09:44:33+00:00\" \/>\n<meta property=\"og:image\" content=\"https:\/\/nembutalboutique.com\/wp-content\/uploads\/2024\/09\/25C-NBOMe.gif\" \/>\n\t<meta property=\"og:image:width\" content=\"600\" \/>\n\t<meta property=\"og:image:height\" content=\"600\" \/>\n\t<meta property=\"og:image:type\" content=\"image\/gif\" \/>\n<meta name=\"twitter:card\" content=\"summary_large_image\" \/>\n<meta name=\"twitter:label1\" content=\"Geschatte leestijd\" \/>\n\t<meta name=\"twitter:data1\" content=\"3 minuten\" \/>\n<script type=\"application\/ld+json\" class=\"yoast-schema-graph\">{\"@context\":\"https:\/\/schema.org\",\"@graph\":[{\"@type\":\"WebPage\",\"@id\":\"https:\/\/nembutalboutique.com\/produit\/25c-nbome\/\",\"url\":\"https:\/\/nembutalboutique.com\/produit\/25c-nbome\/\",\"name\":\"25C-NBOME \u00e0 vendre - Achetez 25C-NBOME en ligne\",\"isPartOf\":{\"@id\":\"https:\/\/nembutalboutique.com\/#website\"},\"primaryImageOfPage\":{\"@id\":\"https:\/\/nembutalboutique.com\/produit\/25c-nbome\/#primaryimage\"},\"image\":{\"@id\":\"https:\/\/nembutalboutique.com\/produit\/25c-nbome\/#primaryimage\"},\"thumbnailUrl\":\"https:\/\/nembutalboutique.com\/wp-content\/uploads\/2024\/09\/25C-NBOMe.gif\",\"datePublished\":\"2024-09-16T08:14:39+00:00\",\"dateModified\":\"2024-09-20T09:44:33+00:00\",\"description\":\"Vous recherchez une source fiable pour acheter du 25C-NBOME en ligne ? Votre recherche s'arr\u00eate ici. Commandez du 25C-NBOME en ligne dans notre boutique de confiance et profitez d'un processus d'achat transparent adapt\u00e9 \u00e0 vos besoins de recherche.\",\"breadcrumb\":{\"@id\":\"https:\/\/nembutalboutique.com\/produit\/25c-nbome\/#breadcrumb\"},\"inLanguage\":\"nl-BE\",\"potentialAction\":[{\"@type\":\"ReadAction\",\"target\":[\"https:\/\/nembutalboutique.com\/produit\/25c-nbome\/\"]}]},{\"@type\":\"ImageObject\",\"inLanguage\":\"nl-BE\",\"@id\":\"https:\/\/nembutalboutique.com\/produit\/25c-nbome\/#primaryimage\",\"url\":\"https:\/\/nembutalboutique.com\/wp-content\/uploads\/2024\/09\/25C-NBOMe.gif\",\"contentUrl\":\"https:\/\/nembutalboutique.com\/wp-content\/uploads\/2024\/09\/25C-NBOMe.gif\",\"width\":600,\"height\":600,\"caption\":\"Achetez 25C-NBOME\"},{\"@type\":\"BreadcrumbList\",\"@id\":\"https:\/\/nembutalboutique.com\/produit\/25c-nbome\/#breadcrumb\",\"itemListElement\":[{\"@type\":\"ListItem\",\"position\":1,\"name\":\"Home\",\"item\":\"https:\/\/nembutalboutique.com\/\"},{\"@type\":\"ListItem\",\"position\":2,\"name\":\"Boutique\",\"item\":\"https:\/\/nembutalboutique.com\/shop\/\"},{\"@type\":\"ListItem\",\"position\":3,\"name\":\"25C-NBOMe\"}]},{\"@type\":\"WebSite\",\"@id\":\"https:\/\/nembutalboutique.com\/#website\",\"url\":\"https:\/\/nembutalboutique.com\/\",\"name\":\"Nembutal Boutique\",\"description\":\"My WordPress Blog\",\"publisher\":{\"@id\":\"https:\/\/nembutalboutique.com\/#organization\"},\"potentialAction\":[{\"@type\":\"SearchAction\",\"target\":{\"@type\":\"EntryPoint\",\"urlTemplate\":\"https:\/\/nembutalboutique.com\/?s={search_term_string}\"},\"query-input\":{\"@type\":\"PropertyValueSpecification\",\"valueRequired\":true,\"valueName\":\"search_term_string\"}}],\"inLanguage\":\"nl-BE\"},{\"@type\":\"Organization\",\"@id\":\"https:\/\/nembutalboutique.com\/#organization\",\"name\":\"Nembutal Boutique\",\"url\":\"https:\/\/nembutalboutique.com\/\",\"logo\":{\"@type\":\"ImageObject\",\"inLanguage\":\"nl-BE\",\"@id\":\"https:\/\/nembutalboutique.com\/#\/schema\/logo\/image\/\",\"url\":\"https:\/\/nembutalboutique.com\/wp-content\/uploads\/2024\/01\/logo.png\",\"contentUrl\":\"https:\/\/nembutalboutique.com\/wp-content\/uploads\/2024\/01\/logo.png\",\"width\":494,\"height\":121,\"caption\":\"Nembutal Boutique\"},\"image\":{\"@id\":\"https:\/\/nembutalboutique.com\/#\/schema\/logo\/image\/\"}}]}<\/script>\n<!-- \/ Yoast SEO plugin. -->","yoast_head_json":{"title":"25C-NBOME te koop - 25C-NBOME online kopen","description":"Op zoek naar een betrouwbare bron om 25C-NBOME online te kopen? Uw zoektocht eindigt hier. Bestel 25C-NBOME online bij onze vertrouwde winkel en geniet van een naadloos koopproces op maat van uw onderzoeksbehoeften.","robots":{"index":"index","follow":"follow","max-snippet":"max-snippet:-1","max-image-preview":"max-image-preview:large","max-video-preview":"max-video-preview:-1"},"canonical":"https:\/\/nembutalboutique.com\/nl\/product\/25c-nbome-online-kopen\/","og_locale":"nl_BE","og_type":"article","og_title":"25C-NBOME \u00e0 vendre - Achetez 25C-NBOME en ligne","og_description":"Vous recherchez une source fiable pour acheter du 25C-NBOME en ligne ? Votre recherche s'arr\u00eate ici. Commandez du 25C-NBOME en ligne dans notre boutique de confiance et profitez d'un processus d'achat transparent adapt\u00e9 \u00e0 vos besoins de recherche.","og_url":"https:\/\/nembutalboutique.com\/nl\/product\/25c-nbome-online-kopen\/","og_site_name":"Nembutal Boutique","article_modified_time":"2024-09-20T09:44:33+00:00","og_image":[{"width":600,"height":600,"url":"https:\/\/nembutalboutique.com\/wp-content\/uploads\/2024\/09\/25C-NBOMe.gif","type":"image\/gif"}],"twitter_card":"summary_large_image","twitter_misc":{"Geschatte leestijd":"3 minuten"},"schema":{"@context":"https:\/\/schema.org","@graph":[{"@type":"WebPage","@id":"https:\/\/nembutalboutique.com\/produit\/25c-nbome\/","url":"https:\/\/nembutalboutique.com\/produit\/25c-nbome\/","name":"25C-NBOME te koop - 25C-NBOME online kopen","isPartOf":{"@id":"https:\/\/nembutalboutique.com\/#website"},"primaryImageOfPage":{"@id":"https:\/\/nembutalboutique.com\/produit\/25c-nbome\/#primaryimage"},"image":{"@id":"https:\/\/nembutalboutique.com\/produit\/25c-nbome\/#primaryimage"},"thumbnailUrl":"https:\/\/nembutalboutique.com\/wp-content\/uploads\/2024\/09\/25C-NBOMe.gif","datePublished":"2024-09-16T08:14:39+00:00","dateModified":"2024-09-20T09:44:33+00:00","description":"Op zoek naar een betrouwbare bron om 25C-NBOME online te kopen? Uw zoektocht eindigt hier. Bestel 25C-NBOME online bij onze vertrouwde winkel en geniet van een naadloos koopproces op maat van uw onderzoeksbehoeften.","breadcrumb":{"@id":"https:\/\/nembutalboutique.com\/produit\/25c-nbome\/#breadcrumb"},"inLanguage":"nl-BE","potentialAction":[{"@type":"ReadAction","target":["https:\/\/nembutalboutique.com\/produit\/25c-nbome\/"]}]},{"@type":"ImageObject","inLanguage":"nl-BE","@id":"https:\/\/nembutalboutique.com\/produit\/25c-nbome\/#primaryimage","url":"https:\/\/nembutalboutique.com\/wp-content\/uploads\/2024\/09\/25C-NBOMe.gif","contentUrl":"https:\/\/nembutalboutique.com\/wp-content\/uploads\/2024\/09\/25C-NBOMe.gif","width":600,"height":600,"caption":"Achetez 25C-NBOME"},{"@type":"BreadcrumbList","@id":"https:\/\/nembutalboutique.com\/produit\/25c-nbome\/#breadcrumb","itemListElement":[{"@type":"ListItem","position":1,"name":"Home","item":"https:\/\/nembutalboutique.com\/"},{"@type":"ListItem","position":2,"name":"Boutique","item":"https:\/\/nembutalboutique.com\/shop\/"},{"@type":"ListItem","position":3,"name":"25C-NBOMe"}]},{"@type":"WebSite","@id":"https:\/\/nembutalboutique.com\/#website","url":"https:\/\/nembutalboutique.com\/","name":"Nembutal winkel","description":"Mijn WordPress Blog","publisher":{"@id":"https:\/\/nembutalboutique.com\/#organization"},"potentialAction":[{"@type":"SearchAction","target":{"@type":"EntryPoint","urlTemplate":"https:\/\/nembutalboutique.com\/?s={search_term_string}"},"query-input":{"@type":"PropertyValueSpecification","valueRequired":true,"valueName":"search_term_string"}}],"inLanguage":"nl-BE"},{"@type":"Organization","@id":"https:\/\/nembutalboutique.com\/#organization","name":"Nembutal winkel","url":"https:\/\/nembutalboutique.com\/","logo":{"@type":"ImageObject","inLanguage":"nl-BE","@id":"https:\/\/nembutalboutique.com\/#\/schema\/logo\/image\/","url":"https:\/\/nembutalboutique.com\/wp-content\/uploads\/2024\/01\/logo.png","contentUrl":"https:\/\/nembutalboutique.com\/wp-content\/uploads\/2024\/01\/logo.png","width":494,"height":121,"caption":"Nembutal Boutique"},"image":{"@id":"https:\/\/nembutalboutique.com\/#\/schema\/logo\/image\/"}}]}},"_links":{"self":[{"href":"https:\/\/nembutalboutique.com\/nl\/wp-json\/wp\/v2\/product\/3063"}],"collection":[{"href":"https:\/\/nembutalboutique.com\/nl\/wp-json\/wp\/v2\/product"}],"about":[{"href":"https:\/\/nembutalboutique.com\/nl\/wp-json\/wp\/v2\/types\/product"}],"replies":[{"embeddable":true,"href":"https:\/\/nembutalboutique.com\/nl\/wp-json\/wp\/v2\/comments?post=3063"}],"wp:featuredmedia":[{"embeddable":true,"href":"https:\/\/nembutalboutique.com\/nl\/wp-json\/wp\/v2\/media\/3078"}],"wp:attachment":[{"href":"https:\/\/nembutalboutique.com\/nl\/wp-json\/wp\/v2\/media?parent=3063"}],"wp:term":[{"taxonomy":"product_brand","embeddable":true,"href":"https:\/\/nembutalboutique.com\/nl\/wp-json\/wp\/v2\/product_brand?post=3063"},{"taxonomy":"product_cat","embeddable":true,"href":"https:\/\/nembutalboutique.com\/nl\/wp-json\/wp\/v2\/product_cat?post=3063"},{"taxonomy":"product_tag","embeddable":true,"href":"https:\/\/nembutalboutique.com\/nl\/wp-json\/wp\/v2\/product_tag?post=3063"}],"curies":[{"name":"wp","href":"https:\/\/api.w.org\/{rel}","templated":true}]}}