{"id":3062,"date":"2024-09-16T08:14:38","date_gmt":"2024-09-16T08:14:38","guid":{"rendered":"https:\/\/nembutalboutique.com\/?post_type=product&#038;p=3062"},"modified":"2024-09-20T09:49:49","modified_gmt":"2024-09-20T09:49:49","slug":"25i-nbome","status":"publish","type":"product","link":"https:\/\/nembutalboutique.com\/nl\/product\/25i-nbome-online-kopen\/","title":{"rendered":"25i-NBOMe"},"content":{"rendered":"<h2>Koop een 25i-NBOMe online.<\/h2>\n<p>Deze hallucinogene draak, de <a href=\"https:\/\/nembutalboutique.com\/produit\/25i-nbome\/\">25i-NBOMe<\/a>Het is volledig legaal, behoort tot de 2C familie van substanties en kan gemakkelijk samen met LSD gebruikt worden. Koop nu 25i-NBOMe. Deze chemische stof heeft maar een kleine hoeveelheid nodig om een ongelooflijk krachtig effect te produceren, en deze kleine hoeveelheid kan worden gebruikt om een breed scala aan doseringen te cre\u00ebren. Probeer te experimenteren met 200 tot 600 microgram; als dat de juiste hoeveelheid voor jou blijkt te zijn, zou dat alles moeten zijn wat je nodig hebt om een reactie te krijgen. De effecten van 25i-NBOMe duren zes tot tien uur en bieden verschillende voordelen. Het kopen van 25i-NBOMe geeft je een aangenaam, gelukkig gevoel door je hele lichaam en zorgt voor hallucinogene beelden die vergelijkbaar zijn met LSD, maar iets minder intens. vrij ernstig. Het kan je stemming drastisch verbeteren en zelfs de manier waarop je kleuren ziet veranderen!<\/p>\n<p>Vanuit dit oogpunt lijkt het een uitstekende behandeling voor milde depressies. Bovendien stimuleert het de mentale en fysieke niveaus en moedigt het analytisch en creatief denken aan. Er wordt zelfs gezegd dat het de manier waarop je muziek waarneemt verandert, waardoor je je op een heel nieuw niveau verbonden voelt met je favoriete nummers. Pluspunten, <a href=\"https:\/\/en.wikipedia.org\/wiki\/25I-NBOMe\">25i-NBOMe<\/a> Verhoogt je gevoel van gevoeligheid en geluk aanzienlijk.<\/p>\n<p>Verrassend genoeg heeft het ook een fysieke halfwaardetijd van ongeveer twee weken. Wees dus voorzichtig met hoeveel je neemt en hoe vaak, anders krijg je niet dezelfde spectaculaire effecten (of moet je veel meer gebruiken). Het is misschien een verrassing of je 25i-NBOMe wilt kopen om je te inspireren of dat je gewoon wat plezier wilt hebben na een stressvolle dag. Hoe dan ook, het is veilig, legaal en vermakelijk voor mensen van alle leeftijden.<\/p>\n<p>Merkmale<\/p>\n<p>Dit product is vervaardigd en getest in overeenstemming met ISO17025:2005 en Guide 34:2009.<\/p>\n<p>Dit product is bedoeld voor gebruik als analytische referentiestandaard.<\/p>\n<p>Basisapparatuur voor universitair onderzoek is beschikbaar op universiteiten die hiervoor in aanmerking komen;<\/p>\n<p>Andere woorden<br \/>\n2C-I-NBOMe Hoewel de expressie van de serotonine-2A (5-HT2A) receptor laag is in veel andere hersengebieden, komt deze sterk tot expressie in de frontale cortex. De receptor wordt in verband gebracht met cognitieve functies, affectieve stoornissen zoals schizofrenie, en het werkgeheugen, en er is aangetoond dat het de belangrijkste bijwerkingen van hallucinatie opwekkende drugs kan matigen. 25I-NBOMe, een derivaat van fenethylamine-halluzinogeen 2C-I, heeft een Ki waarde van 0,0444 nM, waardoor het 16 keer krachtiger is dan 2C-I en een zeer effectieve antagonist van de humane 5-HT2A receptor.1, 2 Het is mogelijk gebleken om de locatie van 5-HT2A receptoren in de hersenen in kaart te brengen met behulp van een radioactief gelabelde versie van 25I-NBOMe.2,3<\/p>\n<p>Dit product voldoet aan de productie- en testvereisten van ISO 17025 en Guide 34, waardoor het een Qualified Reference Material (QRM) is. Er worden geverifieerde analytische technieken gebruikt om deze materialen te onderzoeken. Technieken met gecertificeerde apparatuur om de traceerbaarheid van berichten te vergroten. Met behulp van het batchnummer dat op het product staat vermeld, kunt u alle herstelbare RM's hieronder downloaden. Ze kunnen worden ge\u00efdentificeerd aan de hand van hun CofA. Neem contact op met onze technische ondersteuning voor een representatieve CofA.<\/p>","protected":false},"excerpt":{"rendered":"<p>Achetez un 25i-NBOMe en ligne. Ce dragon hallucinog\u00e8ne, le 25i-NBOMe, est totalement l\u00e9gal, fait partie de la famille des substances 2C et peut \u00eatre facilement utilis\u00e9 avec le LSD. Achetez le 25i-NBOMe maintenant. Ce produit chimique n&rsquo;a besoin que d&rsquo;une petite quantit\u00e9 pour produire un effet incroyablement puissant, et cette petite quantit\u00e9 peut \u00eatre utilis\u00e9e [&hellip;]<\/p>","protected":false},"featured_media":3077,"comment_status":"open","ping_status":"closed","template":"","meta":{"_joinchat":[]},"product_brand":[],"product_cat":[385],"product_tag":[],"class_list":{"0":"post-3062","1":"product","2":"type-product","3":"status-publish","4":"has-post-thumbnail","6":"product_cat-forschung-schemikalien","8":"first","9":"instock","10":"shipping-taxable","11":"purchasable","12":"product-type-variable"},"yoast_head":"<!-- This site is optimized with the Yoast SEO plugin v23.5 - https:\/\/yoast.com\/wordpress\/plugins\/seo\/ -->\n<title>Achetez 25i-NBOME en ligne - 25i-NBOME \u00e0 vendre<\/title>\n<meta name=\"description\" content=\"D\u00e9couvrez le 25i-NBOME de premier ordre en vente dans notre boutique en ligne - achetez le 25i-NBOME de mani\u00e8re pratique et s\u00e9curis\u00e9e pour alimenter vos recherches. Explorez et achetez le 25i-NBOME en ligne, pour faire progresser vos efforts scientifiques en toute simplicit\u00e9. Commandez maintenant !\" \/>\n<meta name=\"robots\" content=\"index, follow, max-snippet:-1, max-image-preview:large, max-video-preview:-1\" \/>\n<link rel=\"canonical\" href=\"https:\/\/nembutalboutique.com\/nl\/product\/25i-nbome-online-kopen\/\" \/>\n<meta property=\"og:locale\" content=\"nl_BE\" \/>\n<meta property=\"og:type\" content=\"article\" \/>\n<meta property=\"og:title\" content=\"Achetez 25i-NBOME en ligne - 25i-NBOME \u00e0 vendre\" \/>\n<meta property=\"og:description\" content=\"D\u00e9couvrez le 25i-NBOME de premier ordre en vente dans notre boutique en ligne - achetez le 25i-NBOME de mani\u00e8re pratique et s\u00e9curis\u00e9e pour alimenter vos recherches. Explorez et achetez le 25i-NBOME en ligne, pour faire progresser vos efforts scientifiques en toute simplicit\u00e9. Commandez maintenant !\" \/>\n<meta property=\"og:url\" content=\"https:\/\/nembutalboutique.com\/nl\/product\/25i-nbome-online-kopen\/\" \/>\n<meta property=\"og:site_name\" content=\"Nembutal Boutique\" \/>\n<meta property=\"article:modified_time\" content=\"2024-09-20T09:49:49+00:00\" \/>\n<meta property=\"og:image\" content=\"https:\/\/nembutalboutique.com\/wp-content\/uploads\/2024\/09\/25i-NBOMe.gif\" \/>\n\t<meta property=\"og:image:width\" content=\"600\" \/>\n\t<meta property=\"og:image:height\" content=\"600\" \/>\n\t<meta property=\"og:image:type\" content=\"image\/gif\" \/>\n<meta name=\"twitter:card\" content=\"summary_large_image\" \/>\n<meta name=\"twitter:label1\" content=\"Geschatte leestijd\" \/>\n\t<meta name=\"twitter:data1\" content=\"3 minuten\" \/>\n<script type=\"application\/ld+json\" class=\"yoast-schema-graph\">{\"@context\":\"https:\/\/schema.org\",\"@graph\":[{\"@type\":\"WebPage\",\"@id\":\"https:\/\/nembutalboutique.com\/produit\/25i-nbome\/\",\"url\":\"https:\/\/nembutalboutique.com\/produit\/25i-nbome\/\",\"name\":\"Achetez 25i-NBOME en ligne - 25i-NBOME \u00e0 vendre\",\"isPartOf\":{\"@id\":\"https:\/\/nembutalboutique.com\/#website\"},\"primaryImageOfPage\":{\"@id\":\"https:\/\/nembutalboutique.com\/produit\/25i-nbome\/#primaryimage\"},\"image\":{\"@id\":\"https:\/\/nembutalboutique.com\/produit\/25i-nbome\/#primaryimage\"},\"thumbnailUrl\":\"https:\/\/nembutalboutique.com\/wp-content\/uploads\/2024\/09\/25i-NBOMe.gif\",\"datePublished\":\"2024-09-16T08:14:38+00:00\",\"dateModified\":\"2024-09-20T09:49:49+00:00\",\"description\":\"D\u00e9couvrez le 25i-NBOME de premier ordre en vente dans notre boutique en ligne - achetez le 25i-NBOME de mani\u00e8re pratique et s\u00e9curis\u00e9e pour alimenter vos recherches. Explorez et achetez le 25i-NBOME en ligne, pour faire progresser vos efforts scientifiques en toute simplicit\u00e9. Commandez maintenant !\",\"breadcrumb\":{\"@id\":\"https:\/\/nembutalboutique.com\/produit\/25i-nbome\/#breadcrumb\"},\"inLanguage\":\"nl-BE\",\"potentialAction\":[{\"@type\":\"ReadAction\",\"target\":[\"https:\/\/nembutalboutique.com\/produit\/25i-nbome\/\"]}]},{\"@type\":\"ImageObject\",\"inLanguage\":\"nl-BE\",\"@id\":\"https:\/\/nembutalboutique.com\/produit\/25i-nbome\/#primaryimage\",\"url\":\"https:\/\/nembutalboutique.com\/wp-content\/uploads\/2024\/09\/25i-NBOMe.gif\",\"contentUrl\":\"https:\/\/nembutalboutique.com\/wp-content\/uploads\/2024\/09\/25i-NBOMe.gif\",\"width\":600,\"height\":600,\"caption\":\"Achetez 25i-NBOME\"},{\"@type\":\"BreadcrumbList\",\"@id\":\"https:\/\/nembutalboutique.com\/produit\/25i-nbome\/#breadcrumb\",\"itemListElement\":[{\"@type\":\"ListItem\",\"position\":1,\"name\":\"Home\",\"item\":\"https:\/\/nembutalboutique.com\/\"},{\"@type\":\"ListItem\",\"position\":2,\"name\":\"Boutique\",\"item\":\"https:\/\/nembutalboutique.com\/shop\/\"},{\"@type\":\"ListItem\",\"position\":3,\"name\":\"25i-NBOMe\"}]},{\"@type\":\"WebSite\",\"@id\":\"https:\/\/nembutalboutique.com\/#website\",\"url\":\"https:\/\/nembutalboutique.com\/\",\"name\":\"Nembutal Boutique\",\"description\":\"My WordPress Blog\",\"publisher\":{\"@id\":\"https:\/\/nembutalboutique.com\/#organization\"},\"potentialAction\":[{\"@type\":\"SearchAction\",\"target\":{\"@type\":\"EntryPoint\",\"urlTemplate\":\"https:\/\/nembutalboutique.com\/?s={search_term_string}\"},\"query-input\":{\"@type\":\"PropertyValueSpecification\",\"valueRequired\":true,\"valueName\":\"search_term_string\"}}],\"inLanguage\":\"nl-BE\"},{\"@type\":\"Organization\",\"@id\":\"https:\/\/nembutalboutique.com\/#organization\",\"name\":\"Nembutal Boutique\",\"url\":\"https:\/\/nembutalboutique.com\/\",\"logo\":{\"@type\":\"ImageObject\",\"inLanguage\":\"nl-BE\",\"@id\":\"https:\/\/nembutalboutique.com\/#\/schema\/logo\/image\/\",\"url\":\"https:\/\/nembutalboutique.com\/wp-content\/uploads\/2024\/01\/logo.png\",\"contentUrl\":\"https:\/\/nembutalboutique.com\/wp-content\/uploads\/2024\/01\/logo.png\",\"width\":494,\"height\":121,\"caption\":\"Nembutal Boutique\"},\"image\":{\"@id\":\"https:\/\/nembutalboutique.com\/#\/schema\/logo\/image\/\"}}]}<\/script>\n<!-- \/ Yoast SEO plugin. -->","yoast_head_json":{"title":"25i-NBOME online kopen - 25i-NBOME te koop","description":"Ontdek de eersteklas 25i-NBOME die te koop is in onze online winkel - koop 25i-NBOME gemakkelijk en veilig als brandstof voor je onderzoek. Ontdek en koop 25i-NBOME online, om je wetenschappelijke inspanningen met gemak vooruit te helpen. Bestel nu!","robots":{"index":"index","follow":"follow","max-snippet":"max-snippet:-1","max-image-preview":"max-image-preview:large","max-video-preview":"max-video-preview:-1"},"canonical":"https:\/\/nembutalboutique.com\/nl\/product\/25i-nbome-online-kopen\/","og_locale":"nl_BE","og_type":"article","og_title":"Achetez 25i-NBOME en ligne - 25i-NBOME \u00e0 vendre","og_description":"D\u00e9couvrez le 25i-NBOME de premier ordre en vente dans notre boutique en ligne - achetez le 25i-NBOME de mani\u00e8re pratique et s\u00e9curis\u00e9e pour alimenter vos recherches. Explorez et achetez le 25i-NBOME en ligne, pour faire progresser vos efforts scientifiques en toute simplicit\u00e9. Commandez maintenant !","og_url":"https:\/\/nembutalboutique.com\/nl\/product\/25i-nbome-online-kopen\/","og_site_name":"Nembutal Boutique","article_modified_time":"2024-09-20T09:49:49+00:00","og_image":[{"width":600,"height":600,"url":"https:\/\/nembutalboutique.com\/wp-content\/uploads\/2024\/09\/25i-NBOMe.gif","type":"image\/gif"}],"twitter_card":"summary_large_image","twitter_misc":{"Geschatte leestijd":"3 minuten"},"schema":{"@context":"https:\/\/schema.org","@graph":[{"@type":"WebPage","@id":"https:\/\/nembutalboutique.com\/produit\/25i-nbome\/","url":"https:\/\/nembutalboutique.com\/produit\/25i-nbome\/","name":"25i-NBOME online kopen - 25i-NBOME te koop","isPartOf":{"@id":"https:\/\/nembutalboutique.com\/#website"},"primaryImageOfPage":{"@id":"https:\/\/nembutalboutique.com\/produit\/25i-nbome\/#primaryimage"},"image":{"@id":"https:\/\/nembutalboutique.com\/produit\/25i-nbome\/#primaryimage"},"thumbnailUrl":"https:\/\/nembutalboutique.com\/wp-content\/uploads\/2024\/09\/25i-NBOMe.gif","datePublished":"2024-09-16T08:14:38+00:00","dateModified":"2024-09-20T09:49:49+00:00","description":"Ontdek de eersteklas 25i-NBOME die te koop is in onze online winkel - koop 25i-NBOME gemakkelijk en veilig als brandstof voor je onderzoek. Ontdek en koop 25i-NBOME online, om je wetenschappelijke inspanningen met gemak vooruit te helpen. Bestel nu!","breadcrumb":{"@id":"https:\/\/nembutalboutique.com\/produit\/25i-nbome\/#breadcrumb"},"inLanguage":"nl-BE","potentialAction":[{"@type":"ReadAction","target":["https:\/\/nembutalboutique.com\/produit\/25i-nbome\/"]}]},{"@type":"ImageObject","inLanguage":"nl-BE","@id":"https:\/\/nembutalboutique.com\/produit\/25i-nbome\/#primaryimage","url":"https:\/\/nembutalboutique.com\/wp-content\/uploads\/2024\/09\/25i-NBOMe.gif","contentUrl":"https:\/\/nembutalboutique.com\/wp-content\/uploads\/2024\/09\/25i-NBOMe.gif","width":600,"height":600,"caption":"Achetez 25i-NBOME"},{"@type":"BreadcrumbList","@id":"https:\/\/nembutalboutique.com\/produit\/25i-nbome\/#breadcrumb","itemListElement":[{"@type":"ListItem","position":1,"name":"Home","item":"https:\/\/nembutalboutique.com\/"},{"@type":"ListItem","position":2,"name":"Boutique","item":"https:\/\/nembutalboutique.com\/shop\/"},{"@type":"ListItem","position":3,"name":"25i-NBOMe"}]},{"@type":"WebSite","@id":"https:\/\/nembutalboutique.com\/#website","url":"https:\/\/nembutalboutique.com\/","name":"Nembutal winkel","description":"Mijn WordPress Blog","publisher":{"@id":"https:\/\/nembutalboutique.com\/#organization"},"potentialAction":[{"@type":"SearchAction","target":{"@type":"EntryPoint","urlTemplate":"https:\/\/nembutalboutique.com\/?s={search_term_string}"},"query-input":{"@type":"PropertyValueSpecification","valueRequired":true,"valueName":"search_term_string"}}],"inLanguage":"nl-BE"},{"@type":"Organization","@id":"https:\/\/nembutalboutique.com\/#organization","name":"Nembutal winkel","url":"https:\/\/nembutalboutique.com\/","logo":{"@type":"ImageObject","inLanguage":"nl-BE","@id":"https:\/\/nembutalboutique.com\/#\/schema\/logo\/image\/","url":"https:\/\/nembutalboutique.com\/wp-content\/uploads\/2024\/01\/logo.png","contentUrl":"https:\/\/nembutalboutique.com\/wp-content\/uploads\/2024\/01\/logo.png","width":494,"height":121,"caption":"Nembutal Boutique"},"image":{"@id":"https:\/\/nembutalboutique.com\/#\/schema\/logo\/image\/"}}]}},"_links":{"self":[{"href":"https:\/\/nembutalboutique.com\/nl\/wp-json\/wp\/v2\/product\/3062"}],"collection":[{"href":"https:\/\/nembutalboutique.com\/nl\/wp-json\/wp\/v2\/product"}],"about":[{"href":"https:\/\/nembutalboutique.com\/nl\/wp-json\/wp\/v2\/types\/product"}],"replies":[{"embeddable":true,"href":"https:\/\/nembutalboutique.com\/nl\/wp-json\/wp\/v2\/comments?post=3062"}],"wp:featuredmedia":[{"embeddable":true,"href":"https:\/\/nembutalboutique.com\/nl\/wp-json\/wp\/v2\/media\/3077"}],"wp:attachment":[{"href":"https:\/\/nembutalboutique.com\/nl\/wp-json\/wp\/v2\/media?parent=3062"}],"wp:term":[{"taxonomy":"product_brand","embeddable":true,"href":"https:\/\/nembutalboutique.com\/nl\/wp-json\/wp\/v2\/product_brand?post=3062"},{"taxonomy":"product_cat","embeddable":true,"href":"https:\/\/nembutalboutique.com\/nl\/wp-json\/wp\/v2\/product_cat?post=3062"},{"taxonomy":"product_tag","embeddable":true,"href":"https:\/\/nembutalboutique.com\/nl\/wp-json\/wp\/v2\/product_tag?post=3062"}],"curies":[{"name":"wp","href":"https:\/\/api.w.org\/{rel}","templated":true}]}}