{"id":3061,"date":"2024-09-16T08:14:38","date_gmt":"2024-09-16T08:14:38","guid":{"rendered":"https:\/\/nembutalboutique.com\/?post_type=product&#038;p=3061"},"modified":"2025-04-13T18:14:54","modified_gmt":"2025-04-13T18:14:54","slug":"5-meo-dalt","status":"publish","type":"product","link":"https:\/\/nembutalboutique.com\/nl\/product\/5-meo-dalt-online-kopen\/","title":{"rendered":"5-MeO-DALT"},"content":{"rendered":"<h2>Koop de 5-MEO-DALT presentatie online.<\/h2>\n<p>Koop je <a href=\"https:\/\/nembutalboutique.com\/produit\/5-meo-dalt\/\">5-MEO-DALT<\/a> hier online : In mei 2004 werd Alexander Shulgin de eerste persoon die 5-MeO-DALT synthetiseerde, ook bekend als N,N-Diallyl-5-methoxytryptamine, een psychedelisch derivaat van tryptamine.<\/p>\n<p>Het is de laatste jaren steeds populairder geworden als ingredi\u00ebnt van 'Badesalzen', die rechtstreeks inwerken op monoaminereceptoren om hun euforische effecten te produceren. Dit is vergelijkbaar met de manier waarop 3,4-methylendioxyamfetamine werkt. De volledige karakterisering van de neurologisch, toxicologisch en toxicologisch ge\u00efnduceerde fysiologische activiteiten van 5-meo-DALT is nog onvolledig.<\/p>\n<h3>5. DALT- of MeO-Tabakonsum<\/h3>\n<p>De halfwaardetijd van vitamine <a href=\"https:\/\/en.wikipedia.org\/wiki\/5-MeO-DALT\">5-MeO-DALT<\/a> is kort. Het is meestal verkrijgbaar in poedervorm, die oraal of uitwendig kan worden ingenomen.<\/p>\n<p>5-Meto-Dalt of dosering (en toepassing) van DALT<br \/>\nDe onderzoeker nam vaak doses vari\u00ebrend van 12 tot 20 mg. De drempel is 4 tot 5 mg, de sensatie is mild bij 5 tot 8 mg, gewoon bij 12 tot 25 mg en sterk bij 25 mg. 5. MeO-DALT of DALT-Begnung (Neutralisatie)<\/p>\n<p>5. MeO-DALT (ook bekend als DALT-Erlebnis): Het bereikt zijn piek zodra het wordt geconsumeerd, net als andere psychoactieve chemicali\u00ebn, en cre\u00ebert een opgewekte emotie. Het is verbazingwekkend hoe het lichaam en de geest op de drug reageren. Je kunt je enorm gelukkig of euforisch voelen. Bovendien geeft het de gebruiker een levendig, energiek gevoel. Het resultaat is dat klanten meer connecties maken en meer ervaringen opdoen. Afhankelijk van de omgeving van de gebruiker kan de drug echter ook verwarring en frustratie veroorzaken.<\/p>\n<p>Koop 5-MEO-DALT online Het effect van DALT piekt na de eerste drie uur na inname en vervaagt daarna. Over het algemeen houdt het effect tot acht uur aan. Als de eerste effecten echter uitgewerkt zijn, treedt er een deprimerend gevoel op dat enkele uren aanhoudt.<\/p>\n<p>5-MEO-DALT online kopen Als 5-MeO-DALT op zijn hoogtepunt is, kan het angst en paranoia veroorzaken bij de koper. Je verhoogde bewustzijn in combinatie met een licht lichamelijk ongemak kan paranoia veroorzaken. Velen hebben gezegd dat ze een dikke nek hebben. Wanneer de hersenen psychoactief worden be\u00efnvloed, wordt er een gefocuste, optimistische en sympathieke mindset weergegeven. De cli\u00ebnt verkeert in een gunstige of neutrale emotionele toestand. Dit kan overgaan in een vroeg stadium van dysforie. Sommige visuele effecten van DALT zijn spookachtige beelden die bestaan uit golvende lijnen met lange, stompe uiteinden.<\/p>\n<p>Het heeft niet de intens euforische ervaring van andere bekende drugs zoals MD-MA. Het is fysiek en emotioneel minder veeleisend dan MD-MA, maar visueel aantrekkelijker.<\/p>\n<h3>5. MeO-DALT- of DALT-analyse<\/h3>\n<p>Voor iemand die regelmatig psychedelica gebruikt, zal het in het begin moeilijk zijn om zich stoned of euforisch te voelen, maar ze zullen snel de 'high' ervaren die MDMA veroorzaakt. Tot nu toe zijn er geen gedocumenteerde gevallen van bijwerkingen zoals misselijkheid.<\/p>\n<h3>5-meO-DALT vs 5-meO-mipt<\/h3>\n<p>Koop 5-MEO-DALT online Steeds meer leden van de grootste forums geven de voorkeur aan 5-meo-mipt boven 5-meo-dalt; beide zijn slechts suggesties en gebruikers kunnen zelf beslissen welke meer geschikt is. In mei 2004 cre\u00eberde Alexander Shulgin 5-MeO-DALT, ook bekend als N,N-Diallyl-5-methoxytryptamine, een hallucinogeen derivaat van tryptamander.<\/p>\n<p>Het wordt nu vaak gebruikt als ingredi\u00ebnt van 'badzout', dat rechtstreeks inwerkt op monoaminereceptoren om een euforisch effect te produceren. De neurologische, toxicologische en fysiologische activiteiten van 5-meo-DALT worden nog steeds volledig gekarakteriseerd.<\/p>\n<h3>5. Tabaksgebruik DALT of MeO<\/h3>\n<p>Vitamine 5-MeO-DALT heeft een korte halfwaardetijd. Het is meestal verkrijgbaar in poedervorm, die oraal of plaatselijk kan worden ingenomen.<\/p>\n<h3>5-Meto-Dalt of dosering (en toepassing) van DALT<\/h3>\n<p>De onderzoeker nam vaak doses vari\u00ebrend van 12 tot 20 mg. De drempel is 4 tot 5 mg, de sensatie is mild bij 5-8 mg, gewoon bij 12-25 mg en sterk bij 25 mg.<\/p>\n<p>Koop 5-MEO-DALT online. Het effect van DALT bereikt zijn piek na de eerste drie uur na inname en zwakt daarna af. Het volledige effect duurt tot acht uur. Het volledige effect houdt tot acht uur aan. Als de eerste effecten echter uitgewerkt zijn, treedt er een deprimerend gevoel op dat enkele uren aanhoudt.<\/p>\n<p>5-MEO-DALT online kopen Als 5-MeO-DALT op zijn hoogtepunt is, kan het angst en paranoia veroorzaken bij de koper. Je verhoogde bewustzijn in combinatie met een licht lichamelijk ongemak kan paranoia veroorzaken. Velen hebben gezegd dat ze een dikke nek hebben. Wanneer de hersenen psychoactief worden be\u00efnvloed, wordt er een gefocuste, optimistische en sympathieke mindset weergegeven. De cli\u00ebnt verkeert in een gunstige of neutrale emotionele toestand. Dit kan evolueren naar een vroegtijdige dysforie. Sommige van de visuele effecten die door DALT worden veroorzaakt zijn spookachtige beelden die bestaan uit goed gedefinieerde lijnen met lange, stompe uiteinden.<br \/>\nHet heeft niet de intens euforische ervaring van andere bekende drugs zoals MD-MA. Het is fysiek en emotioneel minder veeleisend dan MD-MA, maar visueel aantrekkelijker.<\/p>","protected":false},"excerpt":{"rendered":"<p>Achetez la pr\u00e9sentation en ligne de 5-MEO-DALT. Achetez votre 5-MEO-DALT en ligne ici : En mai 2004, Alexander Shulgin est devenu le premier \u00e0 synth\u00e9tiser le 5-MeO-DALT, \u00e9galement connu sous le nom de N,N-Diallyl-5-m\u00e9thoxytryptamine, un d\u00e9riv\u00e9 psych\u00e9d\u00e9lique de la tryptamine. Il est devenu de plus en plus populaire ces derni\u00e8res ann\u00e9es en tant qu&rsquo;ingr\u00e9dient des [&hellip;]<\/p>","protected":false},"featured_media":3076,"comment_status":"open","ping_status":"closed","template":"","meta":{"_joinchat":[]},"product_brand":[],"product_cat":[385],"product_tag":[513],"class_list":{"0":"post-3061","1":"product","2":"type-product","3":"status-publish","4":"has-post-thumbnail","6":"product_cat-forschung-schemikalien","7":"product_tag-foxtrot-online-kaufen","9":"first","10":"instock","11":"shipping-taxable","12":"purchasable","13":"product-type-variable"},"yoast_head":"<!-- This site is optimized with the Yoast SEO plugin v23.5 - https:\/\/yoast.com\/wordpress\/plugins\/seo\/ -->\n<title>Acheter 5-MEO Dalt \u00e0 vendre - Acheter 5-MEO Dalt en ligne<\/title>\n<meta name=\"description\" content=\"You can now get Buy 5-MEO Dalt for sale from our top meds store. Our staff will assist you to buy Buy 5-MEO Dalt online at the best prices. Order 5-MEO Dalt online today with worldwide shipping!\" \/>\n<meta name=\"robots\" content=\"index, follow, max-snippet:-1, max-image-preview:large, max-video-preview:-1\" \/>\n<link rel=\"canonical\" href=\"https:\/\/nembutalboutique.com\/nl\/product\/5-meo-dalt-online-kopen\/\" \/>\n<meta property=\"og:locale\" content=\"nl_BE\" \/>\n<meta property=\"og:type\" content=\"article\" \/>\n<meta property=\"og:title\" content=\"Acheter 5-MEO Dalt \u00e0 vendre - Acheter 5-MEO Dalt en ligne\" \/>\n<meta property=\"og:description\" content=\"You can now get Buy 5-MEO Dalt for sale from our top meds store. Our staff will assist you to buy Buy 5-MEO Dalt online at the best prices. Order 5-MEO Dalt online today with worldwide shipping!\" \/>\n<meta property=\"og:url\" content=\"https:\/\/nembutalboutique.com\/nl\/product\/5-meo-dalt-online-kopen\/\" \/>\n<meta property=\"og:site_name\" content=\"Nembutal Boutique\" \/>\n<meta property=\"article:modified_time\" content=\"2025-04-13T18:14:54+00:00\" \/>\n<meta property=\"og:image\" content=\"https:\/\/nembutalboutique.com\/wp-content\/uploads\/2024\/09\/5-MeO-DALT.gif\" \/>\n\t<meta property=\"og:image:width\" content=\"600\" \/>\n\t<meta property=\"og:image:height\" content=\"600\" \/>\n\t<meta property=\"og:image:type\" content=\"image\/gif\" \/>\n<meta name=\"twitter:card\" content=\"summary_large_image\" \/>\n<meta name=\"twitter:label1\" content=\"Geschatte leestijd\" \/>\n\t<meta name=\"twitter:data1\" content=\"4 minuten\" \/>\n<script type=\"application\/ld+json\" class=\"yoast-schema-graph\">{\"@context\":\"https:\/\/schema.org\",\"@graph\":[{\"@type\":\"WebPage\",\"@id\":\"https:\/\/nembutalboutique.com\/produit\/5-meo-dalt\/\",\"url\":\"https:\/\/nembutalboutique.com\/produit\/5-meo-dalt\/\",\"name\":\"Acheter 5-MEO Dalt \u00e0 vendre - Acheter 5-MEO Dalt en ligne\",\"isPartOf\":{\"@id\":\"https:\/\/nembutalboutique.com\/#website\"},\"primaryImageOfPage\":{\"@id\":\"https:\/\/nembutalboutique.com\/produit\/5-meo-dalt\/#primaryimage\"},\"image\":{\"@id\":\"https:\/\/nembutalboutique.com\/produit\/5-meo-dalt\/#primaryimage\"},\"thumbnailUrl\":\"https:\/\/nembutalboutique.com\/wp-content\/uploads\/2024\/09\/5-MeO-DALT.gif\",\"datePublished\":\"2024-09-16T08:14:38+00:00\",\"dateModified\":\"2025-04-13T18:14:54+00:00\",\"description\":\"You can now get Buy 5-MEO Dalt for sale from our top meds store. Our staff will assist you to buy Buy 5-MEO Dalt online at the best prices. Order 5-MEO Dalt online today with worldwide shipping!\",\"breadcrumb\":{\"@id\":\"https:\/\/nembutalboutique.com\/produit\/5-meo-dalt\/#breadcrumb\"},\"inLanguage\":\"nl-BE\",\"potentialAction\":[{\"@type\":\"ReadAction\",\"target\":[\"https:\/\/nembutalboutique.com\/produit\/5-meo-dalt\/\"]}]},{\"@type\":\"ImageObject\",\"inLanguage\":\"nl-BE\",\"@id\":\"https:\/\/nembutalboutique.com\/produit\/5-meo-dalt\/#primaryimage\",\"url\":\"https:\/\/nembutalboutique.com\/wp-content\/uploads\/2024\/09\/5-MeO-DALT.gif\",\"contentUrl\":\"https:\/\/nembutalboutique.com\/wp-content\/uploads\/2024\/09\/5-MeO-DALT.gif\",\"width\":600,\"height\":600,\"caption\":\"Acheter 5-MeO-DALT\"},{\"@type\":\"BreadcrumbList\",\"@id\":\"https:\/\/nembutalboutique.com\/produit\/5-meo-dalt\/#breadcrumb\",\"itemListElement\":[{\"@type\":\"ListItem\",\"position\":1,\"name\":\"Home\",\"item\":\"https:\/\/nembutalboutique.com\/\"},{\"@type\":\"ListItem\",\"position\":2,\"name\":\"Boutique\",\"item\":\"https:\/\/nembutalboutique.com\/shop\/\"},{\"@type\":\"ListItem\",\"position\":3,\"name\":\"5-MeO-DALT\"}]},{\"@type\":\"WebSite\",\"@id\":\"https:\/\/nembutalboutique.com\/#website\",\"url\":\"https:\/\/nembutalboutique.com\/\",\"name\":\"Nembutal Boutique\",\"description\":\"My WordPress Blog\",\"publisher\":{\"@id\":\"https:\/\/nembutalboutique.com\/#organization\"},\"potentialAction\":[{\"@type\":\"SearchAction\",\"target\":{\"@type\":\"EntryPoint\",\"urlTemplate\":\"https:\/\/nembutalboutique.com\/?s={search_term_string}\"},\"query-input\":{\"@type\":\"PropertyValueSpecification\",\"valueRequired\":true,\"valueName\":\"search_term_string\"}}],\"inLanguage\":\"nl-BE\"},{\"@type\":\"Organization\",\"@id\":\"https:\/\/nembutalboutique.com\/#organization\",\"name\":\"Nembutal Boutique\",\"url\":\"https:\/\/nembutalboutique.com\/\",\"logo\":{\"@type\":\"ImageObject\",\"inLanguage\":\"nl-BE\",\"@id\":\"https:\/\/nembutalboutique.com\/#\/schema\/logo\/image\/\",\"url\":\"https:\/\/nembutalboutique.com\/wp-content\/uploads\/2024\/01\/logo.png\",\"contentUrl\":\"https:\/\/nembutalboutique.com\/wp-content\/uploads\/2024\/01\/logo.png\",\"width\":494,\"height\":121,\"caption\":\"Nembutal Boutique\"},\"image\":{\"@id\":\"https:\/\/nembutalboutique.com\/#\/schema\/logo\/image\/\"}}]}<\/script>\n<!-- \/ Yoast SEO plugin. -->","yoast_head_json":{"title":"Koop 5-MEO Dalt te koop - Koop 5-MEO Dalt online","description":"U kunt nu Koop 5-MEO Dalt te koop bij onze top medicijnen winkel. Onze medewerkers zullen u helpen om te kopen 5-MEO Dalt online tegen de beste prijzen. Bestel 5-MEO Dalt vandaag nog online met wereldwijde verzending!","robots":{"index":"index","follow":"follow","max-snippet":"max-snippet:-1","max-image-preview":"max-image-preview:large","max-video-preview":"max-video-preview:-1"},"canonical":"https:\/\/nembutalboutique.com\/nl\/product\/5-meo-dalt-online-kopen\/","og_locale":"nl_BE","og_type":"article","og_title":"Acheter 5-MEO Dalt \u00e0 vendre - Acheter 5-MEO Dalt en ligne","og_description":"You can now get Buy 5-MEO Dalt for sale from our top meds store. Our staff will assist you to buy Buy 5-MEO Dalt online at the best prices. Order 5-MEO Dalt online today with worldwide shipping!","og_url":"https:\/\/nembutalboutique.com\/nl\/product\/5-meo-dalt-online-kopen\/","og_site_name":"Nembutal Boutique","article_modified_time":"2025-04-13T18:14:54+00:00","og_image":[{"width":600,"height":600,"url":"https:\/\/nembutalboutique.com\/wp-content\/uploads\/2024\/09\/5-MeO-DALT.gif","type":"image\/gif"}],"twitter_card":"summary_large_image","twitter_misc":{"Geschatte leestijd":"4 minuten"},"schema":{"@context":"https:\/\/schema.org","@graph":[{"@type":"WebPage","@id":"https:\/\/nembutalboutique.com\/produit\/5-meo-dalt\/","url":"https:\/\/nembutalboutique.com\/produit\/5-meo-dalt\/","name":"Koop 5-MEO Dalt te koop - Koop 5-MEO Dalt online","isPartOf":{"@id":"https:\/\/nembutalboutique.com\/#website"},"primaryImageOfPage":{"@id":"https:\/\/nembutalboutique.com\/produit\/5-meo-dalt\/#primaryimage"},"image":{"@id":"https:\/\/nembutalboutique.com\/produit\/5-meo-dalt\/#primaryimage"},"thumbnailUrl":"https:\/\/nembutalboutique.com\/wp-content\/uploads\/2024\/09\/5-MeO-DALT.gif","datePublished":"2024-09-16T08:14:38+00:00","dateModified":"2025-04-13T18:14:54+00:00","description":"U kunt nu Koop 5-MEO Dalt te koop bij onze top medicijnen winkel. Onze medewerkers zullen u helpen om te kopen 5-MEO Dalt online tegen de beste prijzen. Bestel 5-MEO Dalt vandaag nog online met wereldwijde verzending!","breadcrumb":{"@id":"https:\/\/nembutalboutique.com\/produit\/5-meo-dalt\/#breadcrumb"},"inLanguage":"nl-BE","potentialAction":[{"@type":"ReadAction","target":["https:\/\/nembutalboutique.com\/produit\/5-meo-dalt\/"]}]},{"@type":"ImageObject","inLanguage":"nl-BE","@id":"https:\/\/nembutalboutique.com\/produit\/5-meo-dalt\/#primaryimage","url":"https:\/\/nembutalboutique.com\/wp-content\/uploads\/2024\/09\/5-MeO-DALT.gif","contentUrl":"https:\/\/nembutalboutique.com\/wp-content\/uploads\/2024\/09\/5-MeO-DALT.gif","width":600,"height":600,"caption":"Acheter 5-MeO-DALT"},{"@type":"BreadcrumbList","@id":"https:\/\/nembutalboutique.com\/produit\/5-meo-dalt\/#breadcrumb","itemListElement":[{"@type":"ListItem","position":1,"name":"Home","item":"https:\/\/nembutalboutique.com\/"},{"@type":"ListItem","position":2,"name":"Boutique","item":"https:\/\/nembutalboutique.com\/shop\/"},{"@type":"ListItem","position":3,"name":"5-MeO-DALT"}]},{"@type":"WebSite","@id":"https:\/\/nembutalboutique.com\/#website","url":"https:\/\/nembutalboutique.com\/","name":"Nembutal winkel","description":"Mijn WordPress Blog","publisher":{"@id":"https:\/\/nembutalboutique.com\/#organization"},"potentialAction":[{"@type":"SearchAction","target":{"@type":"EntryPoint","urlTemplate":"https:\/\/nembutalboutique.com\/?s={search_term_string}"},"query-input":{"@type":"PropertyValueSpecification","valueRequired":true,"valueName":"search_term_string"}}],"inLanguage":"nl-BE"},{"@type":"Organization","@id":"https:\/\/nembutalboutique.com\/#organization","name":"Nembutal winkel","url":"https:\/\/nembutalboutique.com\/","logo":{"@type":"ImageObject","inLanguage":"nl-BE","@id":"https:\/\/nembutalboutique.com\/#\/schema\/logo\/image\/","url":"https:\/\/nembutalboutique.com\/wp-content\/uploads\/2024\/01\/logo.png","contentUrl":"https:\/\/nembutalboutique.com\/wp-content\/uploads\/2024\/01\/logo.png","width":494,"height":121,"caption":"Nembutal Boutique"},"image":{"@id":"https:\/\/nembutalboutique.com\/#\/schema\/logo\/image\/"}}]}},"_links":{"self":[{"href":"https:\/\/nembutalboutique.com\/nl\/wp-json\/wp\/v2\/product\/3061"}],"collection":[{"href":"https:\/\/nembutalboutique.com\/nl\/wp-json\/wp\/v2\/product"}],"about":[{"href":"https:\/\/nembutalboutique.com\/nl\/wp-json\/wp\/v2\/types\/product"}],"replies":[{"embeddable":true,"href":"https:\/\/nembutalboutique.com\/nl\/wp-json\/wp\/v2\/comments?post=3061"}],"wp:featuredmedia":[{"embeddable":true,"href":"https:\/\/nembutalboutique.com\/nl\/wp-json\/wp\/v2\/media\/3076"}],"wp:attachment":[{"href":"https:\/\/nembutalboutique.com\/nl\/wp-json\/wp\/v2\/media?parent=3061"}],"wp:term":[{"taxonomy":"product_brand","embeddable":true,"href":"https:\/\/nembutalboutique.com\/nl\/wp-json\/wp\/v2\/product_brand?post=3061"},{"taxonomy":"product_cat","embeddable":true,"href":"https:\/\/nembutalboutique.com\/nl\/wp-json\/wp\/v2\/product_cat?post=3061"},{"taxonomy":"product_tag","embeddable":true,"href":"https:\/\/nembutalboutique.com\/nl\/wp-json\/wp\/v2\/product_tag?post=3061"}],"curies":[{"name":"wp","href":"https:\/\/api.w.org\/{rel}","templated":true}]}}