{"id":3060,"date":"2024-09-16T08:14:38","date_gmt":"2024-09-16T08:14:38","guid":{"rendered":"https:\/\/nembutalboutique.com\/?post_type=product&#038;p=3060"},"modified":"2024-09-20T09:48:08","modified_gmt":"2024-09-20T09:48:08","slug":"5-meo-mipt","status":"publish","type":"product","link":"https:\/\/nembutalboutique.com\/nl\/product\/5-meo-mipt-online-kopen\/","title":{"rendered":"5-MeO-MiPT"},"content":{"rendered":"<h2>Koop 5-MeO-MiPT online.<\/h2>\n<p>5-MeO-MiPT DIRECT KOPEN<\/p>\n<p><a href=\"https:\/\/nembutalboutique.com\/produit\/5-meo-mipt\/\">5-MeO-MiPT<\/a> BUYER, ook bekend als 5-methoxy-N-methyl-N-isopropyltryptamine, is een tetracycline en hallucinogeen dat behoort tot de familie van stoffen die bekend staan als tryptamines. Het wordt soms 'Moxy' genoemd. Dit verwijst naar de bekende hallucinogene homoloog N-methyl-N-isopropyl van 5-MeO-DMT. De structuur en farmacodynamiek zijn vergelijkbaar met die van de drugs 5-MeO-DiPT, DiPT en MiPT.<\/p>\n<p>Het gebruik van deze drug bij mensen was onbekend totdat de synthese en farmacologie ervan in 1985 werden gepubliceerd in het Journal of Medicinal Chemistry door Repke, Grotjahn en Shulgin. Tegenwoordig wordt het voornamelijk gekocht als een onderzoeksmiddel uit de grijze zone van online verkopers en gebruikt als een recreatieve en entheogene drug. Het wordt zelden op straat verkocht.<\/p>\n<p>Het proces dat iets produceert. Hoewel er andere mechanismen zijn, zoals een afname van MAO, wordt aangenomen dat de belangrijkste oorzaak van de hallucinogene en entactogene effecten van <a href=\"https:\/\/en.wikipedia.org\/wiki\/5-MeO-MiPT\">5-MeO-MiPT<\/a> is agonisme van de 5-HT2A receptor.<\/p>\n<p>Ik zal nu beginnen met het uitsplitsen en bespreken van het complexe en brede scala aan effecten waaruit de 5-MeO-MiPT ervaring bestaat, gebaseerd op de eerder verstrekte index van mogelijk significante subjectieve effecten, die je hier kunt vinden.<\/p>\n<p>Effecten op het lichaam :<\/p>\n<p>De drie verschillende componenten waaruit de fysieke effecten van 5-MeO-MIPT bestaan, worden elk sterker naarmate de dosering hoger is. Deze worden hieronder uitgelegd en bestaan over het algemeen uit :<br \/>\nOnverwachte tactiele ervaringen Het lichamelijke effect van 5-MeO wordt gekenmerkt door een aangenaam, rustgevend, kalmerend en opwekkend briesje. Daarnaast is er een koud, scherp mes dat op verschillende toevallige momenten tijdens het eigen verloop verschijnt. Hoewel er ook andere mechanismen zoals MAO-remming kunnen bestaan, wordt aangenomen dat de entheogene en hallucinogene effecten van 5-MeO-MiPT de belangrijkste oorzaak zijn van het antagonistische effect op de 5-HT2A-receptor.<\/p>\n<p>Sommigen kunnen tijdens de hele reis een constante aanwezigheid blijven voelen, beginnend bij het begin en culminerend wanneer ze de top bereiken.<\/p>\n<p>Zowel stimulerend als ontspannend: 5-MeO-MIPT kan zowel stimulerend als kalmerend werken op het fysieke energieniveau van een tripper. Fysieke energieniveaus lijken een onverwacht golfpatroon te volgen. Dit lijkt vooral af te hangen van de omgeving en kan een stimulerend effect hebben op fysiek veeleisende activiteiten zoals dansen of joggen. Omgekeerd kunnen serene omgevingen zoals schemerige kamers met comfortabel meubilair een kalmerend, ontspannend en zelfs licht kalmerend effect hebben.<br \/>\nNadelen: dit is een veel voorkomende bijwerking die meestal verdwijnt zodra de pati\u00ebnt beter is. Het kan ook worden gezien als een angstopwekkende onderbreking. In tegenstelling tot andere psychedelica zoals psilocine, LSD en 2C-E, kan de werkzaamheid van deze drug als zeer apart worden beschouwd. Er wordt gezegd dat deze drug veel minder fysiek stimulerend is en veel minder snel onaangename lichamelijke reacties veroorzaakt, zoals 5-MeO-DIPT.<\/p>\n<p>Cognitieve effecten: Veel mensen beschouwen het 5-MeO-MIPT hersengebied als compleet, soms rustgevend en soms behoorlijk verontrustend. Deze stof produceert een aanzienlijk deel van de langdurige cognitieve effecten van psychedelica. Over het algemeen zijn de meest opvallende resultaten als volgt: De zelfobservatiecomponent wordt alleen duidelijk wanneer de gebruiker alleen is in een omgeving zonder sociale interactie.<\/p>\n<p>Verbeterde emoties, solidariteit, kracht, gezelligheid en empathie zijn eigenschappen die zich slechts sporadisch manifesteren in sociale relaties. Hoewel deze emoties iets milder en minder intens zijn dan die van drugs als MDMA en 2C-B, zijn ze toch sterk genoeg om een langdurig therapeutisch effect te hebben. Deze emoties omvatten vriendelijkheid, acceptatie en empathie.<\/p>\n<h3>Wat is 5-MeO-MiPT?<\/h3>\n<p>5-Methoxy-N-methyl-N-isopropyltryptamine, ook wel 5-MeO-MiPT of Moxy genoemd, is een psychedelische stof die behoort tot de tryptamine klasse. Omdat de effecten ervan het libido en seksueel genot de laatste jaren hebben verhoogd, is het steeds populairder geworden.<\/p>\n<p>5-MeO-MiPT is chemisch verwant aan de tryptamines 5-MeO-DMT en 5-MeO-DiPT. De psychoactieve effecten worden veroorzaakt door activering van serotoninereceptoren in de hersenen. De eerste beschrijving van de synthese en farmacologie van 5-MeO-MiPT werd gepubliceerd in 1985 door David Repke en Alexander Shulgin. De effecten op mensen werden gedocumenteerd in het boek van Shulung TiHKAL (\"Tryptamine, that I know and find\").<\/p>\n<p>Chemische eigenschappen van 5-MeO-MiPT 5-MeO-MiPT is een synthetische indolalkalo\u00efde molecule van de tryptamine klasse. Tryptamine maakt deel uit van een centrale structuur die bestaat uit een bicycline heterocyclus gekoppeld aan een R3-aminogroep.<\/p>","protected":false},"excerpt":{"rendered":"<p>Achetez 5-MeO-MiPT en ligne. 5-MeO-MiPT ACHETER DIRECTEMENT 5-MeO-MiPT ACHETER, \u00e9galement connu sous le nom de 5-m\u00e9thoxy-N-m\u00e9thyl-N-isopropyltryptamine, est une t\u00e9tracycline et un hallucinog\u00e8ne qui appartient \u00e0 la famille des substances appel\u00e9es tryptamines. On l&rsquo;appelle parfois \u00ab\u00a0Moxy\u00a0\u00bb. Cela fait r\u00e9f\u00e9rence \u00e0 l&rsquo;homologue hallucinog\u00e8ne bien connu N-m\u00e9thyl-N-isopropyl du 5-MeO-DMT. Sa structure et sa pharmacodynamique sont comparables aux m\u00e9dicaments [&hellip;]<\/p>","protected":false},"featured_media":3075,"comment_status":"open","ping_status":"closed","template":"","meta":{"_joinchat":[]},"product_brand":[],"product_cat":[385],"product_tag":[],"class_list":{"0":"post-3060","1":"product","2":"type-product","3":"status-publish","4":"has-post-thumbnail","6":"product_cat-forschung-schemikalien","8":"first","9":"instock","10":"shipping-taxable","11":"purchasable","12":"product-type-variable"},"yoast_head":"<!-- This site is optimized with the Yoast SEO plugin v23.5 - https:\/\/yoast.com\/wordpress\/plugins\/seo\/ -->\n<title>Achetez 5 Meo Mipt en ligne - 5 Meo Mipt \u00e0 vendre<\/title>\n<meta name=\"description\" content=\"Dans notre boutique Nembutal, vous pouvez obtenir 5 Meo Mipt en vente \u00e0 des prix avantageux. Nous ne traitons que des produits de qualit\u00e9 sup\u00e9rieure. Achetez 5 Meo Mipt en ligne dans notre boutique d\u00e8s maintenant. Passez votre commande tout de suite !\" \/>\n<meta name=\"robots\" content=\"index, follow, max-snippet:-1, max-image-preview:large, max-video-preview:-1\" \/>\n<link rel=\"canonical\" href=\"https:\/\/nembutalboutique.com\/nl\/product\/5-meo-mipt-online-kopen\/\" \/>\n<meta property=\"og:locale\" content=\"nl_BE\" \/>\n<meta property=\"og:type\" content=\"article\" \/>\n<meta property=\"og:title\" content=\"Achetez 5 Meo Mipt en ligne - 5 Meo Mipt \u00e0 vendre\" \/>\n<meta property=\"og:description\" content=\"Dans notre boutique Nembutal, vous pouvez obtenir 5 Meo Mipt en vente \u00e0 des prix avantageux. Nous ne traitons que des produits de qualit\u00e9 sup\u00e9rieure. Achetez 5 Meo Mipt en ligne dans notre boutique d\u00e8s maintenant. Passez votre commande tout de suite !\" \/>\n<meta property=\"og:url\" content=\"https:\/\/nembutalboutique.com\/nl\/product\/5-meo-mipt-online-kopen\/\" \/>\n<meta property=\"og:site_name\" content=\"Nembutal Boutique\" \/>\n<meta property=\"article:modified_time\" content=\"2024-09-20T09:48:08+00:00\" \/>\n<meta property=\"og:image\" content=\"https:\/\/nembutalboutique.com\/wp-content\/uploads\/2024\/09\/5-MeO-MiPT.gif\" \/>\n\t<meta property=\"og:image:width\" content=\"600\" \/>\n\t<meta property=\"og:image:height\" content=\"600\" \/>\n\t<meta property=\"og:image:type\" content=\"image\/gif\" \/>\n<meta name=\"twitter:card\" content=\"summary_large_image\" \/>\n<meta name=\"twitter:label1\" content=\"Geschatte leestijd\" \/>\n\t<meta name=\"twitter:data1\" content=\"4 minuten\" \/>\n<script type=\"application\/ld+json\" class=\"yoast-schema-graph\">{\"@context\":\"https:\/\/schema.org\",\"@graph\":[{\"@type\":\"WebPage\",\"@id\":\"https:\/\/nembutalboutique.com\/produit\/5-meo-mipt\/\",\"url\":\"https:\/\/nembutalboutique.com\/produit\/5-meo-mipt\/\",\"name\":\"Achetez 5 Meo Mipt en ligne - 5 Meo Mipt \u00e0 vendre\",\"isPartOf\":{\"@id\":\"https:\/\/nembutalboutique.com\/#website\"},\"primaryImageOfPage\":{\"@id\":\"https:\/\/nembutalboutique.com\/produit\/5-meo-mipt\/#primaryimage\"},\"image\":{\"@id\":\"https:\/\/nembutalboutique.com\/produit\/5-meo-mipt\/#primaryimage\"},\"thumbnailUrl\":\"https:\/\/nembutalboutique.com\/wp-content\/uploads\/2024\/09\/5-MeO-MiPT.gif\",\"datePublished\":\"2024-09-16T08:14:38+00:00\",\"dateModified\":\"2024-09-20T09:48:08+00:00\",\"description\":\"Dans notre boutique Nembutal, vous pouvez obtenir 5 Meo Mipt en vente \u00e0 des prix avantageux. Nous ne traitons que des produits de qualit\u00e9 sup\u00e9rieure. Achetez 5 Meo Mipt en ligne dans notre boutique d\u00e8s maintenant. Passez votre commande tout de suite !\",\"breadcrumb\":{\"@id\":\"https:\/\/nembutalboutique.com\/produit\/5-meo-mipt\/#breadcrumb\"},\"inLanguage\":\"nl-BE\",\"potentialAction\":[{\"@type\":\"ReadAction\",\"target\":[\"https:\/\/nembutalboutique.com\/produit\/5-meo-mipt\/\"]}]},{\"@type\":\"ImageObject\",\"inLanguage\":\"nl-BE\",\"@id\":\"https:\/\/nembutalboutique.com\/produit\/5-meo-mipt\/#primaryimage\",\"url\":\"https:\/\/nembutalboutique.com\/wp-content\/uploads\/2024\/09\/5-MeO-MiPT.gif\",\"contentUrl\":\"https:\/\/nembutalboutique.com\/wp-content\/uploads\/2024\/09\/5-MeO-MiPT.gif\",\"width\":600,\"height\":600,\"caption\":\"Acheter 5-MeO-MiPT\"},{\"@type\":\"BreadcrumbList\",\"@id\":\"https:\/\/nembutalboutique.com\/produit\/5-meo-mipt\/#breadcrumb\",\"itemListElement\":[{\"@type\":\"ListItem\",\"position\":1,\"name\":\"Home\",\"item\":\"https:\/\/nembutalboutique.com\/\"},{\"@type\":\"ListItem\",\"position\":2,\"name\":\"Boutique\",\"item\":\"https:\/\/nembutalboutique.com\/shop\/\"},{\"@type\":\"ListItem\",\"position\":3,\"name\":\"5-MeO-MiPT\"}]},{\"@type\":\"WebSite\",\"@id\":\"https:\/\/nembutalboutique.com\/#website\",\"url\":\"https:\/\/nembutalboutique.com\/\",\"name\":\"Nembutal Boutique\",\"description\":\"My WordPress Blog\",\"publisher\":{\"@id\":\"https:\/\/nembutalboutique.com\/#organization\"},\"potentialAction\":[{\"@type\":\"SearchAction\",\"target\":{\"@type\":\"EntryPoint\",\"urlTemplate\":\"https:\/\/nembutalboutique.com\/?s={search_term_string}\"},\"query-input\":{\"@type\":\"PropertyValueSpecification\",\"valueRequired\":true,\"valueName\":\"search_term_string\"}}],\"inLanguage\":\"nl-BE\"},{\"@type\":\"Organization\",\"@id\":\"https:\/\/nembutalboutique.com\/#organization\",\"name\":\"Nembutal Boutique\",\"url\":\"https:\/\/nembutalboutique.com\/\",\"logo\":{\"@type\":\"ImageObject\",\"inLanguage\":\"nl-BE\",\"@id\":\"https:\/\/nembutalboutique.com\/#\/schema\/logo\/image\/\",\"url\":\"https:\/\/nembutalboutique.com\/wp-content\/uploads\/2024\/01\/logo.png\",\"contentUrl\":\"https:\/\/nembutalboutique.com\/wp-content\/uploads\/2024\/01\/logo.png\",\"width\":494,\"height\":121,\"caption\":\"Nembutal Boutique\"},\"image\":{\"@id\":\"https:\/\/nembutalboutique.com\/#\/schema\/logo\/image\/\"}}]}<\/script>\n<!-- \/ Yoast SEO plugin. -->","yoast_head_json":{"title":"Koop 5 Meo Mipt online - 5 Meo Mipt te koop","description":"In onze Nembutal winkel kun je 5 Meo Mipt kopen tegen voordelige prijzen. Wij verkopen alleen producten van topkwaliteit. Koop nu 5 Meo Mipt online in onze winkel. Plaats nu je bestelling!","robots":{"index":"index","follow":"follow","max-snippet":"max-snippet:-1","max-image-preview":"max-image-preview:large","max-video-preview":"max-video-preview:-1"},"canonical":"https:\/\/nembutalboutique.com\/nl\/product\/5-meo-mipt-online-kopen\/","og_locale":"nl_BE","og_type":"article","og_title":"Achetez 5 Meo Mipt en ligne - 5 Meo Mipt \u00e0 vendre","og_description":"Dans notre boutique Nembutal, vous pouvez obtenir 5 Meo Mipt en vente \u00e0 des prix avantageux. Nous ne traitons que des produits de qualit\u00e9 sup\u00e9rieure. Achetez 5 Meo Mipt en ligne dans notre boutique d\u00e8s maintenant. Passez votre commande tout de suite !","og_url":"https:\/\/nembutalboutique.com\/nl\/product\/5-meo-mipt-online-kopen\/","og_site_name":"Nembutal Boutique","article_modified_time":"2024-09-20T09:48:08+00:00","og_image":[{"width":600,"height":600,"url":"https:\/\/nembutalboutique.com\/wp-content\/uploads\/2024\/09\/5-MeO-MiPT.gif","type":"image\/gif"}],"twitter_card":"summary_large_image","twitter_misc":{"Geschatte leestijd":"4 minuten"},"schema":{"@context":"https:\/\/schema.org","@graph":[{"@type":"WebPage","@id":"https:\/\/nembutalboutique.com\/produit\/5-meo-mipt\/","url":"https:\/\/nembutalboutique.com\/produit\/5-meo-mipt\/","name":"Koop 5 Meo Mipt online - 5 Meo Mipt te koop","isPartOf":{"@id":"https:\/\/nembutalboutique.com\/#website"},"primaryImageOfPage":{"@id":"https:\/\/nembutalboutique.com\/produit\/5-meo-mipt\/#primaryimage"},"image":{"@id":"https:\/\/nembutalboutique.com\/produit\/5-meo-mipt\/#primaryimage"},"thumbnailUrl":"https:\/\/nembutalboutique.com\/wp-content\/uploads\/2024\/09\/5-MeO-MiPT.gif","datePublished":"2024-09-16T08:14:38+00:00","dateModified":"2024-09-20T09:48:08+00:00","description":"In onze Nembutal winkel kun je 5 Meo Mipt kopen tegen voordelige prijzen. Wij verkopen alleen producten van topkwaliteit. Koop nu 5 Meo Mipt online in onze winkel. Plaats nu je bestelling!","breadcrumb":{"@id":"https:\/\/nembutalboutique.com\/produit\/5-meo-mipt\/#breadcrumb"},"inLanguage":"nl-BE","potentialAction":[{"@type":"ReadAction","target":["https:\/\/nembutalboutique.com\/produit\/5-meo-mipt\/"]}]},{"@type":"ImageObject","inLanguage":"nl-BE","@id":"https:\/\/nembutalboutique.com\/produit\/5-meo-mipt\/#primaryimage","url":"https:\/\/nembutalboutique.com\/wp-content\/uploads\/2024\/09\/5-MeO-MiPT.gif","contentUrl":"https:\/\/nembutalboutique.com\/wp-content\/uploads\/2024\/09\/5-MeO-MiPT.gif","width":600,"height":600,"caption":"Acheter 5-MeO-MiPT"},{"@type":"BreadcrumbList","@id":"https:\/\/nembutalboutique.com\/produit\/5-meo-mipt\/#breadcrumb","itemListElement":[{"@type":"ListItem","position":1,"name":"Home","item":"https:\/\/nembutalboutique.com\/"},{"@type":"ListItem","position":2,"name":"Boutique","item":"https:\/\/nembutalboutique.com\/shop\/"},{"@type":"ListItem","position":3,"name":"5-MeO-MiPT"}]},{"@type":"WebSite","@id":"https:\/\/nembutalboutique.com\/#website","url":"https:\/\/nembutalboutique.com\/","name":"Nembutal winkel","description":"Mijn WordPress Blog","publisher":{"@id":"https:\/\/nembutalboutique.com\/#organization"},"potentialAction":[{"@type":"SearchAction","target":{"@type":"EntryPoint","urlTemplate":"https:\/\/nembutalboutique.com\/?s={search_term_string}"},"query-input":{"@type":"PropertyValueSpecification","valueRequired":true,"valueName":"search_term_string"}}],"inLanguage":"nl-BE"},{"@type":"Organization","@id":"https:\/\/nembutalboutique.com\/#organization","name":"Nembutal winkel","url":"https:\/\/nembutalboutique.com\/","logo":{"@type":"ImageObject","inLanguage":"nl-BE","@id":"https:\/\/nembutalboutique.com\/#\/schema\/logo\/image\/","url":"https:\/\/nembutalboutique.com\/wp-content\/uploads\/2024\/01\/logo.png","contentUrl":"https:\/\/nembutalboutique.com\/wp-content\/uploads\/2024\/01\/logo.png","width":494,"height":121,"caption":"Nembutal Boutique"},"image":{"@id":"https:\/\/nembutalboutique.com\/#\/schema\/logo\/image\/"}}]}},"_links":{"self":[{"href":"https:\/\/nembutalboutique.com\/nl\/wp-json\/wp\/v2\/product\/3060"}],"collection":[{"href":"https:\/\/nembutalboutique.com\/nl\/wp-json\/wp\/v2\/product"}],"about":[{"href":"https:\/\/nembutalboutique.com\/nl\/wp-json\/wp\/v2\/types\/product"}],"replies":[{"embeddable":true,"href":"https:\/\/nembutalboutique.com\/nl\/wp-json\/wp\/v2\/comments?post=3060"}],"wp:featuredmedia":[{"embeddable":true,"href":"https:\/\/nembutalboutique.com\/nl\/wp-json\/wp\/v2\/media\/3075"}],"wp:attachment":[{"href":"https:\/\/nembutalboutique.com\/nl\/wp-json\/wp\/v2\/media?parent=3060"}],"wp:term":[{"taxonomy":"product_brand","embeddable":true,"href":"https:\/\/nembutalboutique.com\/nl\/wp-json\/wp\/v2\/product_brand?post=3060"},{"taxonomy":"product_cat","embeddable":true,"href":"https:\/\/nembutalboutique.com\/nl\/wp-json\/wp\/v2\/product_cat?post=3060"},{"taxonomy":"product_tag","embeddable":true,"href":"https:\/\/nembutalboutique.com\/nl\/wp-json\/wp\/v2\/product_tag?post=3060"}],"curies":[{"name":"wp","href":"https:\/\/api.w.org\/{rel}","templated":true}]}}