{"id":3056,"date":"2024-09-16T08:14:37","date_gmt":"2024-09-16T08:14:37","guid":{"rendered":"https:\/\/nembutalboutique.com\/?post_type=product&#038;p=3056"},"modified":"2024-09-20T09:50:41","modified_gmt":"2024-09-20T09:50:41","slug":"2c-b-fly","status":"publish","type":"product","link":"https:\/\/nembutalboutique.com\/nl\/product\/2c-b-fly-kopen\/","title":{"rendered":"2C-B-VLUCHT"},"content":{"rendered":"<h2>Verkoop 2C-B-FLY tabletten online.<\/h2>\n<p><a href=\"https:\/\/nembutalboutique.com\/produit\/2c-b-fly\/\">2C-B-VLUCHT<\/a> : Als je een 2CB-vlieg bij ons koopt, krijg je gratis bezorging op grote bestellingen. 2-dimethoxy-4-broomfenethylamine is een psychedelische drug die behoort tot de 2C familie. Als recreatieve drug wordt 2C-B verkocht in poedervorm, soms samengeperst tot tabletten of capsules, en heeft verschillende andere namen. De drug wordt meestal oraal ingenomen, maar kan ook sublinguaal worden ingenomen of toegediend.<\/p>\n<p>Tucibi staat ook bekend als \"Elitedroge\" vanwege de hoge prijs. Er zijn ook andere namen, om er maar een paar te noemen: Venus, Erox, Nexus, MFT, Pink Cocaine.<\/p>\n<p>De oorspronkelijke naam was 2C-B.<\/p>\n<p>Verbinding 2C-B (2,5-dimethoxy-4-broomfenethylamine) is lid van de amfetaminefamilie.<\/p>\n<p>Elke 2C-B tablet bevat 25 mg. 2C-B<\/p>\n<p>Productnaam: 2C-B-Pellets, 25 mg<\/p>\n<p>CAS-nummer: 66142-81-2<\/p>\n<p>Formule: C10H14BrNO2.<\/p>\n<p>Display: Rood, vierkante punten<\/p>\n<p>Reinheit: meer dan 98,5 %<\/p>\n<h3>Wat is een 2C-B-FLY?<\/h3>\n<p>Le <a href=\"https:\/\/en.wikipedia.org\/wiki\/2C-B-FLY\">2C-B-VLUCHT<\/a>ook bekend als 2-Broom-2,3,6,7-benzo-dihydro-difuran-ethylamine en 2C-B-FLY-Hydrochlorid, is een chemische stof die behoort tot de fenethylamine klasse. Het is nauw verwant aan 2C-B en is een ongebruikelijke fenethylamine die vergelijkbaar functioneert met 2C-B, 3-FEA en 5-MAPB als stimulerend en psychedelisch middel. Er wordt een ideale receptorbindingspositie gecre\u00eberd door de twee methylgroepen in de vijfde ring op te nemen, wat, in tegenstelling tot 2C-B, resulteert in een sterker 2C-B-FLY effect.<\/p>\n<h3>Chemische eigenschappen van 2C-B-FLY<\/h3>\n<p>2C-B-FLY behoort tot een klasse van derivaten die bekend staan als FLY-Verbindungen, zo genoemd vanwege hun insectachtige uiterlijk en de twee 'gevleugelde' tetrahydrofuraanringen die vergroeid zijn aan de tegenoverliggende zijde van de centrale benzoring.<br \/>\nEen moleculair substituut voor de chemische klasse van fenethylamine en dihydrobenzofuraan is 2C-B-FLY. 2C-B-FLY heeft een fenolring die via een etherketen is verbonden met een aminogroep (NH2). Het heeft ook een broomatoom aan koolstof R4 van de fenolring. Hierdoor binden de methoxygroepen aan R2 en R5 van 2C-B zich aan de vijf-glyoxyfuraanringen die versmolten zijn aan de centrale benzoring en ge\u00efncorporeerd zijn.<\/p>\n<h3>Wat zijn de effecten van 2C-B-FLY?<\/h3>\n<p>Van 2C-B-FLY HCL wordt gezegd dat het een veel sterker fysiek effect, sterkere visuele effecten, complexere geometrie en diepere interne hallucinaties heeft dan 2-CB, waardoor het meer vergelijkbaar is met meskaline, 2C-E of MDA bij hogere doseringen. Rapporten over lagere doseringen spreken echter van een meer viscerale en emotionele respons in tegenstelling tot de traditionele psychedelische effecten.<\/p>\n<p>Effecten<\/p>\n<p>De effecten van 2C-B-FLY kunnen vari\u00ebren, maar veel voorkomende ervaringen zijn:<\/p>\n<p>Visuele hallucinaties: levendige kleuren en patronen.<br \/>\nEmotionele openheid: Verhoogde empathie en emotionele expressie.<br \/>\nEuforie: Gevoelens van welzijn en tevredenheid.<br \/>\nTijdsvervorming: Veranderingen in de perceptie van tijd.<\/p>\n<p>Deze effecten zijn sterk afhankelijk van dosering, instelling en aanpassing, en kunnen van persoon tot persoon sterk verschillen.<\/p>\n<p>Dosering van 2C-B-FLY<br \/>\nLichte dosering: 5-10 mg<br \/>\nGebruikelijke dosering: 10-20 mg<br \/>\nHoge dosering: 20-30 mg<br \/>\nDuur van de effecten<\/p>\n<p>De duur van de effecten van 2C-B-FLY varieert:<\/p>\n<p>Begin van de effecten: 20 tot 60 minuten na inname.<br \/>\nMaximaal effect: 2 tot 5 uur na inname.<br \/>\nTotale duur: 6 tot 8 uur.<\/p>\n<p>Deze periode kan per individu verschillen en is afhankelijk van een aantal factoren zoals dosering en metabolisme.<\/p>\n<h3>Hoe kan ik 10 mg 2C-B-FLY pastilles kopen?<\/h3>\n<p>Je kunt 2C-B-FLY 10 mg zuigtabletten en andere fenolethylamines, zoals 3-FEA-HCL en 5-MAPB-HCL, kopen bij Nembutalboutique.com.<\/p>\n<p>Al onze chemicali\u00ebn worden getest in een onafhankelijk laboratorium en zijn alleen bedoeld voor laboratoriumgebruik; ze zijn niet bedoeld voor menselijke consumptie.<\/p>","protected":false},"excerpt":{"rendered":"<p><span style=\"vertical-align: inherit;\"><span style=\"vertical-align: inherit;\">2C-B-FLY is een psychedelische fenethylamine en designer drug van de 2C familie. Het werd voor het eerst gesynthetiseerd in 1996 door Aaron Monte, een professor in de scheikunde aan UW-La Crosse.<\/span><\/span><\/p>","protected":false},"featured_media":3071,"comment_status":"open","ping_status":"closed","template":"","meta":{"_joinchat":[]},"product_brand":[],"product_cat":[385],"product_tag":[],"class_list":{"0":"post-3056","1":"product","2":"type-product","3":"status-publish","4":"has-post-thumbnail","6":"product_cat-forschung-schemikalien","8":"first","9":"instock","10":"shipping-taxable","11":"purchasable","12":"product-type-variable"},"yoast_head":"<!-- This site is optimized with the Yoast SEO plugin v23.5 - https:\/\/yoast.com\/wordpress\/plugins\/seo\/ -->\n<title>Achetez 2C-B Fly en ligne - 2C-B Fly \u00e0 vendre<\/title>\n<meta name=\"description\" content=\"Vous souhaitez acheter de la poudre 2C-B Fly en ligne ? D\u00e9couvrez une plateforme transparente sur notre boutique en ligne o\u00f9 vous pouvez acheter de la poudre 2C-B Fly, garantissant une qualit\u00e9 sup\u00e9rieure pour vos besoins de recherche.\" \/>\n<meta name=\"robots\" content=\"index, follow, max-snippet:-1, max-image-preview:large, max-video-preview:-1\" \/>\n<link rel=\"canonical\" href=\"https:\/\/nembutalboutique.com\/nl\/product\/2c-b-fly-kopen\/\" \/>\n<meta property=\"og:locale\" content=\"nl_BE\" \/>\n<meta property=\"og:type\" content=\"article\" \/>\n<meta property=\"og:title\" content=\"Achetez 2C-B Fly en ligne - 2C-B Fly \u00e0 vendre\" \/>\n<meta property=\"og:description\" content=\"Vous souhaitez acheter de la poudre 2C-B Fly en ligne ? D\u00e9couvrez une plateforme transparente sur notre boutique en ligne o\u00f9 vous pouvez acheter de la poudre 2C-B Fly, garantissant une qualit\u00e9 sup\u00e9rieure pour vos besoins de recherche.\" \/>\n<meta property=\"og:url\" content=\"https:\/\/nembutalboutique.com\/nl\/product\/2c-b-fly-kopen\/\" \/>\n<meta property=\"og:site_name\" content=\"Nembutal Boutique\" \/>\n<meta property=\"article:modified_time\" content=\"2024-09-20T09:50:41+00:00\" \/>\n<meta property=\"og:image\" content=\"https:\/\/nembutalboutique.com\/wp-content\/uploads\/2024\/09\/2C-B-FLY.gif\" \/>\n\t<meta property=\"og:image:width\" content=\"600\" \/>\n\t<meta property=\"og:image:height\" content=\"600\" \/>\n\t<meta property=\"og:image:type\" content=\"image\/gif\" \/>\n<meta name=\"twitter:card\" content=\"summary_large_image\" \/>\n<meta name=\"twitter:label1\" content=\"Geschatte leestijd\" \/>\n\t<meta name=\"twitter:data1\" content=\"3 minuten\" \/>\n<script type=\"application\/ld+json\" class=\"yoast-schema-graph\">{\"@context\":\"https:\/\/schema.org\",\"@graph\":[{\"@type\":\"WebPage\",\"@id\":\"https:\/\/nembutalboutique.com\/produit\/2c-b-fly\/\",\"url\":\"https:\/\/nembutalboutique.com\/produit\/2c-b-fly\/\",\"name\":\"Achetez 2C-B Fly en ligne - 2C-B Fly \u00e0 vendre\",\"isPartOf\":{\"@id\":\"https:\/\/nembutalboutique.com\/#website\"},\"primaryImageOfPage\":{\"@id\":\"https:\/\/nembutalboutique.com\/produit\/2c-b-fly\/#primaryimage\"},\"image\":{\"@id\":\"https:\/\/nembutalboutique.com\/produit\/2c-b-fly\/#primaryimage\"},\"thumbnailUrl\":\"https:\/\/nembutalboutique.com\/wp-content\/uploads\/2024\/09\/2C-B-FLY.gif\",\"datePublished\":\"2024-09-16T08:14:37+00:00\",\"dateModified\":\"2024-09-20T09:50:41+00:00\",\"description\":\"Vous souhaitez acheter de la poudre 2C-B Fly en ligne ? D\u00e9couvrez une plateforme transparente sur notre boutique en ligne o\u00f9 vous pouvez acheter de la poudre 2C-B Fly, garantissant une qualit\u00e9 sup\u00e9rieure pour vos besoins de recherche.\",\"breadcrumb\":{\"@id\":\"https:\/\/nembutalboutique.com\/produit\/2c-b-fly\/#breadcrumb\"},\"inLanguage\":\"nl-BE\",\"potentialAction\":[{\"@type\":\"ReadAction\",\"target\":[\"https:\/\/nembutalboutique.com\/produit\/2c-b-fly\/\"]}]},{\"@type\":\"ImageObject\",\"inLanguage\":\"nl-BE\",\"@id\":\"https:\/\/nembutalboutique.com\/produit\/2c-b-fly\/#primaryimage\",\"url\":\"https:\/\/nembutalboutique.com\/wp-content\/uploads\/2024\/09\/2C-B-FLY.gif\",\"contentUrl\":\"https:\/\/nembutalboutique.com\/wp-content\/uploads\/2024\/09\/2C-B-FLY.gif\",\"width\":600,\"height\":600,\"caption\":\"2C-B-FLY\"},{\"@type\":\"BreadcrumbList\",\"@id\":\"https:\/\/nembutalboutique.com\/produit\/2c-b-fly\/#breadcrumb\",\"itemListElement\":[{\"@type\":\"ListItem\",\"position\":1,\"name\":\"Home\",\"item\":\"https:\/\/nembutalboutique.com\/\"},{\"@type\":\"ListItem\",\"position\":2,\"name\":\"Boutique\",\"item\":\"https:\/\/nembutalboutique.com\/shop\/\"},{\"@type\":\"ListItem\",\"position\":3,\"name\":\"2C-B-FLY\"}]},{\"@type\":\"WebSite\",\"@id\":\"https:\/\/nembutalboutique.com\/#website\",\"url\":\"https:\/\/nembutalboutique.com\/\",\"name\":\"Nembutal Boutique\",\"description\":\"My WordPress Blog\",\"publisher\":{\"@id\":\"https:\/\/nembutalboutique.com\/#organization\"},\"potentialAction\":[{\"@type\":\"SearchAction\",\"target\":{\"@type\":\"EntryPoint\",\"urlTemplate\":\"https:\/\/nembutalboutique.com\/?s={search_term_string}\"},\"query-input\":{\"@type\":\"PropertyValueSpecification\",\"valueRequired\":true,\"valueName\":\"search_term_string\"}}],\"inLanguage\":\"nl-BE\"},{\"@type\":\"Organization\",\"@id\":\"https:\/\/nembutalboutique.com\/#organization\",\"name\":\"Nembutal Boutique\",\"url\":\"https:\/\/nembutalboutique.com\/\",\"logo\":{\"@type\":\"ImageObject\",\"inLanguage\":\"nl-BE\",\"@id\":\"https:\/\/nembutalboutique.com\/#\/schema\/logo\/image\/\",\"url\":\"https:\/\/nembutalboutique.com\/wp-content\/uploads\/2024\/01\/logo.png\",\"contentUrl\":\"https:\/\/nembutalboutique.com\/wp-content\/uploads\/2024\/01\/logo.png\",\"width\":494,\"height\":121,\"caption\":\"Nembutal Boutique\"},\"image\":{\"@id\":\"https:\/\/nembutalboutique.com\/#\/schema\/logo\/image\/\"}}]}<\/script>\n<!-- \/ Yoast SEO plugin. -->","yoast_head_json":{"title":"2C-B vlieg online kopen - 2C-B vlieg te koop","description":"Wil je 2C-B Vliegenpoeder online kopen? Ontdek een transparant platform op onze online winkel waar je 2C-B Vliegenpoeder kunt kopen, met de garantie van topkwaliteit voor jouw onderzoeksbehoeften.","robots":{"index":"index","follow":"follow","max-snippet":"max-snippet:-1","max-image-preview":"max-image-preview:large","max-video-preview":"max-video-preview:-1"},"canonical":"https:\/\/nembutalboutique.com\/nl\/product\/2c-b-fly-kopen\/","og_locale":"nl_BE","og_type":"article","og_title":"Achetez 2C-B Fly en ligne - 2C-B Fly \u00e0 vendre","og_description":"Vous souhaitez acheter de la poudre 2C-B Fly en ligne ? D\u00e9couvrez une plateforme transparente sur notre boutique en ligne o\u00f9 vous pouvez acheter de la poudre 2C-B Fly, garantissant une qualit\u00e9 sup\u00e9rieure pour vos besoins de recherche.","og_url":"https:\/\/nembutalboutique.com\/nl\/product\/2c-b-fly-kopen\/","og_site_name":"Nembutal Boutique","article_modified_time":"2024-09-20T09:50:41+00:00","og_image":[{"width":600,"height":600,"url":"https:\/\/nembutalboutique.com\/wp-content\/uploads\/2024\/09\/2C-B-FLY.gif","type":"image\/gif"}],"twitter_card":"summary_large_image","twitter_misc":{"Geschatte leestijd":"3 minuten"},"schema":{"@context":"https:\/\/schema.org","@graph":[{"@type":"WebPage","@id":"https:\/\/nembutalboutique.com\/produit\/2c-b-fly\/","url":"https:\/\/nembutalboutique.com\/produit\/2c-b-fly\/","name":"2C-B vlieg online kopen - 2C-B vlieg te koop","isPartOf":{"@id":"https:\/\/nembutalboutique.com\/#website"},"primaryImageOfPage":{"@id":"https:\/\/nembutalboutique.com\/produit\/2c-b-fly\/#primaryimage"},"image":{"@id":"https:\/\/nembutalboutique.com\/produit\/2c-b-fly\/#primaryimage"},"thumbnailUrl":"https:\/\/nembutalboutique.com\/wp-content\/uploads\/2024\/09\/2C-B-FLY.gif","datePublished":"2024-09-16T08:14:37+00:00","dateModified":"2024-09-20T09:50:41+00:00","description":"Wil je 2C-B Vliegenpoeder online kopen? Ontdek een transparant platform op onze online winkel waar je 2C-B Vliegenpoeder kunt kopen, met de garantie van topkwaliteit voor jouw onderzoeksbehoeften.","breadcrumb":{"@id":"https:\/\/nembutalboutique.com\/produit\/2c-b-fly\/#breadcrumb"},"inLanguage":"nl-BE","potentialAction":[{"@type":"ReadAction","target":["https:\/\/nembutalboutique.com\/produit\/2c-b-fly\/"]}]},{"@type":"ImageObject","inLanguage":"nl-BE","@id":"https:\/\/nembutalboutique.com\/produit\/2c-b-fly\/#primaryimage","url":"https:\/\/nembutalboutique.com\/wp-content\/uploads\/2024\/09\/2C-B-FLY.gif","contentUrl":"https:\/\/nembutalboutique.com\/wp-content\/uploads\/2024\/09\/2C-B-FLY.gif","width":600,"height":600,"caption":"2C-B-FLY"},{"@type":"BreadcrumbList","@id":"https:\/\/nembutalboutique.com\/produit\/2c-b-fly\/#breadcrumb","itemListElement":[{"@type":"ListItem","position":1,"name":"Home","item":"https:\/\/nembutalboutique.com\/"},{"@type":"ListItem","position":2,"name":"Boutique","item":"https:\/\/nembutalboutique.com\/shop\/"},{"@type":"ListItem","position":3,"name":"2C-B-FLY"}]},{"@type":"WebSite","@id":"https:\/\/nembutalboutique.com\/#website","url":"https:\/\/nembutalboutique.com\/","name":"Nembutal winkel","description":"Mijn WordPress Blog","publisher":{"@id":"https:\/\/nembutalboutique.com\/#organization"},"potentialAction":[{"@type":"SearchAction","target":{"@type":"EntryPoint","urlTemplate":"https:\/\/nembutalboutique.com\/?s={search_term_string}"},"query-input":{"@type":"PropertyValueSpecification","valueRequired":true,"valueName":"search_term_string"}}],"inLanguage":"nl-BE"},{"@type":"Organization","@id":"https:\/\/nembutalboutique.com\/#organization","name":"Nembutal winkel","url":"https:\/\/nembutalboutique.com\/","logo":{"@type":"ImageObject","inLanguage":"nl-BE","@id":"https:\/\/nembutalboutique.com\/#\/schema\/logo\/image\/","url":"https:\/\/nembutalboutique.com\/wp-content\/uploads\/2024\/01\/logo.png","contentUrl":"https:\/\/nembutalboutique.com\/wp-content\/uploads\/2024\/01\/logo.png","width":494,"height":121,"caption":"Nembutal Boutique"},"image":{"@id":"https:\/\/nembutalboutique.com\/#\/schema\/logo\/image\/"}}]}},"_links":{"self":[{"href":"https:\/\/nembutalboutique.com\/nl\/wp-json\/wp\/v2\/product\/3056"}],"collection":[{"href":"https:\/\/nembutalboutique.com\/nl\/wp-json\/wp\/v2\/product"}],"about":[{"href":"https:\/\/nembutalboutique.com\/nl\/wp-json\/wp\/v2\/types\/product"}],"replies":[{"embeddable":true,"href":"https:\/\/nembutalboutique.com\/nl\/wp-json\/wp\/v2\/comments?post=3056"}],"wp:featuredmedia":[{"embeddable":true,"href":"https:\/\/nembutalboutique.com\/nl\/wp-json\/wp\/v2\/media\/3071"}],"wp:attachment":[{"href":"https:\/\/nembutalboutique.com\/nl\/wp-json\/wp\/v2\/media?parent=3056"}],"wp:term":[{"taxonomy":"product_brand","embeddable":true,"href":"https:\/\/nembutalboutique.com\/nl\/wp-json\/wp\/v2\/product_brand?post=3056"},{"taxonomy":"product_cat","embeddable":true,"href":"https:\/\/nembutalboutique.com\/nl\/wp-json\/wp\/v2\/product_cat?post=3056"},{"taxonomy":"product_tag","embeddable":true,"href":"https:\/\/nembutalboutique.com\/nl\/wp-json\/wp\/v2\/product_tag?post=3056"}],"curies":[{"name":"wp","href":"https:\/\/api.w.org\/{rel}","templated":true}]}}