{"id":3014,"date":"2024-09-16T08:14:17","date_gmt":"2024-09-16T08:14:17","guid":{"rendered":"https:\/\/nembutalboutique.com\/?post_type=product&#038;p=3014"},"modified":"2024-09-20T09:53:00","modified_gmt":"2024-09-20T09:53:00","slug":"1p-lsd","status":"publish","type":"product","link":"https:\/\/nembutalboutique.com\/nl\/product\/1p-lsd-online-kopen\/","title":{"rendered":"1P-LSD"},"content":{"rendered":"<h2>Koop hier 1P-LSD vloeipapier.<\/h2>\n<p>Het online kopen van 1P-LSD wordt niet aanbevolen voor menselijke consumptie; het is eerder een chemische stof voor onderzoek. 1P-LSD is verkrijgbaar bij kaufennembutal.com. Als u een bestelling plaatst voor 18:00, wordt deze de volgende dag verwerkt! Zoals altijd kun je bij ons veilig en gemakkelijk betalen met iDEAL, creditcards, bankoverschrijvingen en cryptocurrency. Een andere optie is om een bestelling te plaatsen voor <a href=\"https:\/\/nembutalboutique.com\/produit\/1p-lsd\/\">1P-LSD<\/a> op Lekkergaan.NL. We bieden ook een verscheidenheid aan zoekverbindingen, waaronder 2MMC, Pentedrone (CIP) en 3FMC.<\/p>\n<h3>1P-LSD: wat is het?<\/h3>\n<p>1-propionyl-d-lysergs\u00e4urediethylamid (1P-LSD), een lid van de lysergamideklasse, is een nieuwe psychedelische stof die structurele overeenkomsten vertoont met LSD. Hoewel de precieze datum van de synthese onbekend is, wordt aangenomen dat het een interactie aangaat met serotoninereceptoren in de hersenen. Het werd in 2015 gelanceerd op de online markt voor onderzoeksprogramma's. eingef\u00fchrt. Toch werd het gepresenteerd als een veilige vervanger voor LSD, ook al werd het gebruik ervan niet ondersteund door de onderzoeksliteratuur. Het idee dat het een prodrug is van <a href=\"https:\/\/en.wikipedia.org\/wiki\/1P-LSD\">LSD<\/a> wordt ondersteund door een onderzoek dat laat zien hoe het in ratten wordt omgezet in LSD. Vanwege het gebrek aan kennis over de farmacologie, metabolietuitwisseling en toxiciteit, moet je schadebeperkende strategie\u00ebn gebruiken en voorzichtig zijn met het gebruik van deze stof in je onderzoek.<\/p>\n<h3>De effecten van 1P-LSD<\/h3>\n<p>Naar verluidt zijn de subjectieve effecten van 1P-LSD bijna identiek aan die van LSD, volgens verklaringen van verschillende gebruikers. Wat betreft het unieke type fysiek en cognitief effect, is 1P-LSD veel sneller en stimulerender dan andere psychedelica zoals psilocybine, LSA en ayahuasca. Emotionele stimulatie, verbeterd denken, abstract denken, fysieke stimulatie en visuele voorstellingen. De stimulerende eigenschappen kunnen fysieke activiteiten inhouden zoals lopen, rennen, klimmen of dansen, maar ook gevoelens van warmte, liefde en ontspanning. De tastzin is verbeterd en er is potentieel voor een langere levensduur.<\/p>\n<p>Opmerking: bij het uitvoeren van onderzoek is het belangrijk om bewust te zijn van de potenti\u00eble risico's, die onder andere bestaan uit een verhoogde hartslag, blozen, misselijkheid en de mogelijkheid van afhankelijkheid en ernstige bijwerkingen bij hoge doses. Visuele effecten van 1P-LSD zijn onder andere patroonveranderingen, kleurveranderingen, markeringen en verbeterde kleurwaarneming, patroonherkenning en scherpte. Als u uw bestelling voor 18.00 uur plaatst, wordt deze morgen geleverd!<\/p>\n<p>Als je je bestelling voor 18.00 uur plaatst, wordt deze morgen al bezorgd! Je bestelling wordt discreet en anoniem verzonden door onze betrouwbare partner PostNL. Bancommunication of iDEAL zijn nog sneller en makkelijker over te maken, het geld gaat. Stuur ons een bestelling via onze website of ga met ons in gesprek. Als je vragen of opmerkingen hebt, kun je telefonisch, per e-mail of via onze app contact met ons opnemen. Neem contact met ons op voor grote bestellingen. We zien je bestelling graag tegemoet!<\/p>\n<h3><strong>We doen ook massale leveringen.<\/strong><\/h3>\n<p>1P-LSD is verkrijgbaar in verschillende sterktes. Wilt u 1P-LSD in grotere hoeveelheden kopen? NembuKauFlog.com biedt concurrerende prijzen voor grotere hoeveelheden; praat met ons. Neem nu contact met ons op; aarzel niet - 1P-LSD online kopen.<\/p>","protected":false},"excerpt":{"rendered":"<p>Achetez le buvard 1P-LSD ici. L&rsquo;achat de 1P-LSD en ligne n&rsquo;est pas recommand\u00e9 pour la consommation humaine ; il s&rsquo;agit plut\u00f4t d&rsquo;un produit chimique de recherche. Le 1P-LSD est disponible sur kaufennembutal.com. Si vous passez une commande avant 18h00, elle sera trait\u00e9e le lendemain ! Comme toujours, vous pouvez effectuer des paiements en toute s\u00e9curit\u00e9 [&hellip;]<\/p>","protected":false},"featured_media":3040,"comment_status":"open","ping_status":"closed","template":"","meta":{"_joinchat":[]},"product_brand":[],"product_cat":[385],"product_tag":[467,468,469,470,471,472,473,474,475,476,477,478],"class_list":{"0":"post-3014","1":"product","2":"type-product","3":"status-publish","4":"has-post-thumbnail","6":"product_cat-forschung-schemikalien","7":"product_tag-1p-lsd-blotter","8":"product_tag-1p-lsd-blotters-zu-verkaufen","9":"product_tag-1p-lsd-liquid-zu-verkaufen","10":"product_tag-1p-lsd-online-kaufen","11":"product_tag-1p-lsd-shop","12":"product_tag-1p-lsd-shop-usa","13":"product_tag-1p-lsd-usa-zu-verkaufen","14":"product_tag-acid","15":"product_tag-ist-1p-lsd-legal","16":"product_tag-lad","17":"product_tag-lsd","18":"product_tag-lsd-25","20":"first","21":"instock","22":"shipping-taxable","23":"purchasable","24":"product-type-variable"},"yoast_head":"<!-- This site is optimized with the Yoast SEO plugin v23.5 - https:\/\/yoast.com\/wordpress\/plugins\/seo\/ -->\n<title>Acheter 1P-LSD en ligne - 1P-LSD \u00e0 vendre<\/title>\n<meta name=\"description\" content=\"C&#039;est le meilleur moment pour visiter notre boutique en ligne Nembutal et acheter du 1P-LSD en ligne. Nous avons du 1P-LSD \u00e0 vendre ici. Rencontrez-nous en ligne et passez votre commande d\u00e8s aujourd&#039;hui.\" \/>\n<meta name=\"robots\" content=\"index, follow, max-snippet:-1, max-image-preview:large, max-video-preview:-1\" \/>\n<link rel=\"canonical\" href=\"https:\/\/nembutalboutique.com\/nl\/product\/1p-lsd-online-kopen\/\" \/>\n<meta property=\"og:locale\" content=\"nl_BE\" \/>\n<meta property=\"og:type\" content=\"article\" \/>\n<meta property=\"og:title\" content=\"Acheter 1P-LSD en ligne - 1P-LSD \u00e0 vendre\" \/>\n<meta property=\"og:description\" content=\"C&#039;est le meilleur moment pour visiter notre boutique en ligne Nembutal et acheter du 1P-LSD en ligne. Nous avons du 1P-LSD \u00e0 vendre ici. Rencontrez-nous en ligne et passez votre commande d\u00e8s aujourd&#039;hui.\" \/>\n<meta property=\"og:url\" content=\"https:\/\/nembutalboutique.com\/nl\/product\/1p-lsd-online-kopen\/\" \/>\n<meta property=\"og:site_name\" content=\"Nembutal Boutique\" \/>\n<meta property=\"article:modified_time\" content=\"2024-09-20T09:53:00+00:00\" \/>\n<meta property=\"og:image\" content=\"https:\/\/nembutalboutique.com\/wp-content\/uploads\/2024\/09\/1P-LSD.gif\" \/>\n\t<meta property=\"og:image:width\" content=\"600\" \/>\n\t<meta property=\"og:image:height\" content=\"600\" \/>\n\t<meta property=\"og:image:type\" content=\"image\/gif\" \/>\n<meta name=\"twitter:card\" content=\"summary_large_image\" \/>\n<meta name=\"twitter:label1\" content=\"Geschatte leestijd\" \/>\n\t<meta name=\"twitter:data1\" content=\"3 minuten\" \/>\n<script type=\"application\/ld+json\" class=\"yoast-schema-graph\">{\"@context\":\"https:\/\/schema.org\",\"@graph\":[{\"@type\":\"WebPage\",\"@id\":\"https:\/\/nembutalboutique.com\/produit\/1p-lsd\/\",\"url\":\"https:\/\/nembutalboutique.com\/produit\/1p-lsd\/\",\"name\":\"Acheter 1P-LSD en ligne - 1P-LSD \u00e0 vendre\",\"isPartOf\":{\"@id\":\"https:\/\/nembutalboutique.com\/#website\"},\"primaryImageOfPage\":{\"@id\":\"https:\/\/nembutalboutique.com\/produit\/1p-lsd\/#primaryimage\"},\"image\":{\"@id\":\"https:\/\/nembutalboutique.com\/produit\/1p-lsd\/#primaryimage\"},\"thumbnailUrl\":\"https:\/\/nembutalboutique.com\/wp-content\/uploads\/2024\/09\/1P-LSD.gif\",\"datePublished\":\"2024-09-16T08:14:17+00:00\",\"dateModified\":\"2024-09-20T09:53:00+00:00\",\"description\":\"C'est le meilleur moment pour visiter notre boutique en ligne Nembutal et acheter du 1P-LSD en ligne. Nous avons du 1P-LSD \u00e0 vendre ici. Rencontrez-nous en ligne et passez votre commande d\u00e8s aujourd'hui.\",\"breadcrumb\":{\"@id\":\"https:\/\/nembutalboutique.com\/produit\/1p-lsd\/#breadcrumb\"},\"inLanguage\":\"nl-BE\",\"potentialAction\":[{\"@type\":\"ReadAction\",\"target\":[\"https:\/\/nembutalboutique.com\/produit\/1p-lsd\/\"]}]},{\"@type\":\"ImageObject\",\"inLanguage\":\"nl-BE\",\"@id\":\"https:\/\/nembutalboutique.com\/produit\/1p-lsd\/#primaryimage\",\"url\":\"https:\/\/nembutalboutique.com\/wp-content\/uploads\/2024\/09\/1P-LSD.gif\",\"contentUrl\":\"https:\/\/nembutalboutique.com\/wp-content\/uploads\/2024\/09\/1P-LSD.gif\",\"width\":600,\"height\":600,\"caption\":\"Acheter 1P-LSD.gif\"},{\"@type\":\"BreadcrumbList\",\"@id\":\"https:\/\/nembutalboutique.com\/produit\/1p-lsd\/#breadcrumb\",\"itemListElement\":[{\"@type\":\"ListItem\",\"position\":1,\"name\":\"Home\",\"item\":\"https:\/\/nembutalboutique.com\/\"},{\"@type\":\"ListItem\",\"position\":2,\"name\":\"Boutique\",\"item\":\"https:\/\/nembutalboutique.com\/shop\/\"},{\"@type\":\"ListItem\",\"position\":3,\"name\":\"1P-LSD\"}]},{\"@type\":\"WebSite\",\"@id\":\"https:\/\/nembutalboutique.com\/#website\",\"url\":\"https:\/\/nembutalboutique.com\/\",\"name\":\"Nembutal Boutique\",\"description\":\"My WordPress Blog\",\"publisher\":{\"@id\":\"https:\/\/nembutalboutique.com\/#organization\"},\"potentialAction\":[{\"@type\":\"SearchAction\",\"target\":{\"@type\":\"EntryPoint\",\"urlTemplate\":\"https:\/\/nembutalboutique.com\/?s={search_term_string}\"},\"query-input\":{\"@type\":\"PropertyValueSpecification\",\"valueRequired\":true,\"valueName\":\"search_term_string\"}}],\"inLanguage\":\"nl-BE\"},{\"@type\":\"Organization\",\"@id\":\"https:\/\/nembutalboutique.com\/#organization\",\"name\":\"Nembutal Boutique\",\"url\":\"https:\/\/nembutalboutique.com\/\",\"logo\":{\"@type\":\"ImageObject\",\"inLanguage\":\"nl-BE\",\"@id\":\"https:\/\/nembutalboutique.com\/#\/schema\/logo\/image\/\",\"url\":\"https:\/\/nembutalboutique.com\/wp-content\/uploads\/2024\/01\/logo.png\",\"contentUrl\":\"https:\/\/nembutalboutique.com\/wp-content\/uploads\/2024\/01\/logo.png\",\"width\":494,\"height\":121,\"caption\":\"Nembutal Boutique\"},\"image\":{\"@id\":\"https:\/\/nembutalboutique.com\/#\/schema\/logo\/image\/\"}}]}<\/script>\n<!-- \/ Yoast SEO plugin. -->","yoast_head_json":{"title":"Online 1P-LSD kopen - 1P-LSD te koop","description":"Het is nu de beste tijd om onze Nembutal online winkel te bezoeken en 1P-LSD online te kopen. We hebben 1P-LSD hier te koop. Ontmoet ons online en plaats uw bestelling vandaag.","robots":{"index":"index","follow":"follow","max-snippet":"max-snippet:-1","max-image-preview":"max-image-preview:large","max-video-preview":"max-video-preview:-1"},"canonical":"https:\/\/nembutalboutique.com\/nl\/product\/1p-lsd-online-kopen\/","og_locale":"nl_BE","og_type":"article","og_title":"Acheter 1P-LSD en ligne - 1P-LSD \u00e0 vendre","og_description":"C'est le meilleur moment pour visiter notre boutique en ligne Nembutal et acheter du 1P-LSD en ligne. Nous avons du 1P-LSD \u00e0 vendre ici. Rencontrez-nous en ligne et passez votre commande d\u00e8s aujourd'hui.","og_url":"https:\/\/nembutalboutique.com\/nl\/product\/1p-lsd-online-kopen\/","og_site_name":"Nembutal Boutique","article_modified_time":"2024-09-20T09:53:00+00:00","og_image":[{"width":600,"height":600,"url":"https:\/\/nembutalboutique.com\/wp-content\/uploads\/2024\/09\/1P-LSD.gif","type":"image\/gif"}],"twitter_card":"summary_large_image","twitter_misc":{"Geschatte leestijd":"3 minuten"},"schema":{"@context":"https:\/\/schema.org","@graph":[{"@type":"WebPage","@id":"https:\/\/nembutalboutique.com\/produit\/1p-lsd\/","url":"https:\/\/nembutalboutique.com\/produit\/1p-lsd\/","name":"Online 1P-LSD kopen - 1P-LSD te koop","isPartOf":{"@id":"https:\/\/nembutalboutique.com\/#website"},"primaryImageOfPage":{"@id":"https:\/\/nembutalboutique.com\/produit\/1p-lsd\/#primaryimage"},"image":{"@id":"https:\/\/nembutalboutique.com\/produit\/1p-lsd\/#primaryimage"},"thumbnailUrl":"https:\/\/nembutalboutique.com\/wp-content\/uploads\/2024\/09\/1P-LSD.gif","datePublished":"2024-09-16T08:14:17+00:00","dateModified":"2024-09-20T09:53:00+00:00","description":"Het is nu de beste tijd om onze Nembutal online winkel te bezoeken en 1P-LSD online te kopen. We hebben 1P-LSD hier te koop. Ontmoet ons online en plaats uw bestelling vandaag.","breadcrumb":{"@id":"https:\/\/nembutalboutique.com\/produit\/1p-lsd\/#breadcrumb"},"inLanguage":"nl-BE","potentialAction":[{"@type":"ReadAction","target":["https:\/\/nembutalboutique.com\/produit\/1p-lsd\/"]}]},{"@type":"ImageObject","inLanguage":"nl-BE","@id":"https:\/\/nembutalboutique.com\/produit\/1p-lsd\/#primaryimage","url":"https:\/\/nembutalboutique.com\/wp-content\/uploads\/2024\/09\/1P-LSD.gif","contentUrl":"https:\/\/nembutalboutique.com\/wp-content\/uploads\/2024\/09\/1P-LSD.gif","width":600,"height":600,"caption":"Acheter 1P-LSD.gif"},{"@type":"BreadcrumbList","@id":"https:\/\/nembutalboutique.com\/produit\/1p-lsd\/#breadcrumb","itemListElement":[{"@type":"ListItem","position":1,"name":"Home","item":"https:\/\/nembutalboutique.com\/"},{"@type":"ListItem","position":2,"name":"Boutique","item":"https:\/\/nembutalboutique.com\/shop\/"},{"@type":"ListItem","position":3,"name":"1P-LSD"}]},{"@type":"WebSite","@id":"https:\/\/nembutalboutique.com\/#website","url":"https:\/\/nembutalboutique.com\/","name":"Nembutal winkel","description":"Mijn WordPress Blog","publisher":{"@id":"https:\/\/nembutalboutique.com\/#organization"},"potentialAction":[{"@type":"SearchAction","target":{"@type":"EntryPoint","urlTemplate":"https:\/\/nembutalboutique.com\/?s={search_term_string}"},"query-input":{"@type":"PropertyValueSpecification","valueRequired":true,"valueName":"search_term_string"}}],"inLanguage":"nl-BE"},{"@type":"Organization","@id":"https:\/\/nembutalboutique.com\/#organization","name":"Nembutal winkel","url":"https:\/\/nembutalboutique.com\/","logo":{"@type":"ImageObject","inLanguage":"nl-BE","@id":"https:\/\/nembutalboutique.com\/#\/schema\/logo\/image\/","url":"https:\/\/nembutalboutique.com\/wp-content\/uploads\/2024\/01\/logo.png","contentUrl":"https:\/\/nembutalboutique.com\/wp-content\/uploads\/2024\/01\/logo.png","width":494,"height":121,"caption":"Nembutal Boutique"},"image":{"@id":"https:\/\/nembutalboutique.com\/#\/schema\/logo\/image\/"}}]}},"_links":{"self":[{"href":"https:\/\/nembutalboutique.com\/nl\/wp-json\/wp\/v2\/product\/3014"}],"collection":[{"href":"https:\/\/nembutalboutique.com\/nl\/wp-json\/wp\/v2\/product"}],"about":[{"href":"https:\/\/nembutalboutique.com\/nl\/wp-json\/wp\/v2\/types\/product"}],"replies":[{"embeddable":true,"href":"https:\/\/nembutalboutique.com\/nl\/wp-json\/wp\/v2\/comments?post=3014"}],"wp:featuredmedia":[{"embeddable":true,"href":"https:\/\/nembutalboutique.com\/nl\/wp-json\/wp\/v2\/media\/3040"}],"wp:attachment":[{"href":"https:\/\/nembutalboutique.com\/nl\/wp-json\/wp\/v2\/media?parent=3014"}],"wp:term":[{"taxonomy":"product_brand","embeddable":true,"href":"https:\/\/nembutalboutique.com\/nl\/wp-json\/wp\/v2\/product_brand?post=3014"},{"taxonomy":"product_cat","embeddable":true,"href":"https:\/\/nembutalboutique.com\/nl\/wp-json\/wp\/v2\/product_cat?post=3014"},{"taxonomy":"product_tag","embeddable":true,"href":"https:\/\/nembutalboutique.com\/nl\/wp-json\/wp\/v2\/product_tag?post=3014"}],"curies":[{"name":"wp","href":"https:\/\/api.w.org\/{rel}","templated":true}]}}