{"id":3012,"date":"2024-09-16T08:14:16","date_gmt":"2024-09-16T08:14:16","guid":{"rendered":"https:\/\/nembutalboutique.com\/?post_type=product&#038;p=3012"},"modified":"2024-09-20T09:59:23","modified_gmt":"2024-09-20T09:59:23","slug":"th-pbp","status":"publish","type":"product","link":"https:\/\/nembutalboutique.com\/nl\/product\/pbp-kopen\/","title":{"rendered":"TH-PBP"},"content":{"rendered":"<h2>TH-PBP online kopen<\/h2>\n<p>Leverancier van TH-PBP, <a href=\"https:\/\/nembutalboutique.com\/produit\/th-pbp\/\">TH-PBP<\/a> te koop. TH-PBP Ausf\u00fchrer Gro\u00dfhandel.<\/p>\n<p>Effecten: psychedelisch, hallucinogeen en stimulerend<\/p>\n<p>Productspecificaties :<\/p>\n<p>Plaats van herkomst: China<\/p>\n<p>Titel van het product : TH-PBP-Pulver<\/p>\n<p>Alternatief: PBP-TH<\/p>\n<p>Fluorfenyl-propaanamine (IUPAC)<\/p>\n<p>MF :<\/p>\n<p>Reinheit: groter dan 99,5 %<\/p>\n<h3>Evenement afbeelding: Stof, kristal<\/h3>\n<p>Verpakking : Aluminium of plastic zak<br \/>\nTH- kopen<a href=\"https:\/\/en.wikipedia.org\/wiki\/PBP\">PBP<\/a> tegen een gereduceerde prijs bij Nembutal kopen. We bereiden de beste onderzoekschemicali\u00ebn en distribueren ze wereldwijd. We verpakken en verzenden elk product zorgvuldig om de privacy en veiligheid van onze klanten te beschermen. We bieden kortingen voor grote bestellingen en een aantal veilige betalingsopties. We bieden een breed scala aan producten die tot de beste chemicali\u00ebn ter wereld behoren. Al onze producten zijn 100% originelen en kunnen wereldwijd worden verzonden. We hechten veel waarde aan de kwaliteit van onze service en leveranciersselectie. We streven ernaar om snel te reageren op uw verzoeken. Kortom: Als u op zoek bent naar deze producten online, bent u bij ons aan het juiste adres. Na registratie van het pakket geven we onze klanten de beschikbare trackingnummers, waarmee ze het pakket online kunnen volgen. Veel plezier met winkelen!<\/p>","protected":false},"excerpt":{"rendered":"<p>Acheter TH-PBP en ligne fournisseur TH-PBP, TH-PBP \u00e0 vendre. TH-PBP Ausf\u00fchrer Grosshandel. Effets : psych\u00e9d\u00e9lique, hallucinog\u00e8ne et stimulant Sp\u00e9cifications du produit : Lieu d&rsquo;origine : Chine Titre du produit : TH-PBP-Pulver Alternative : PBP-TH Fluorph\u00e9nyl-propane-amine (IUPAC) MF : Reinheit : sup\u00e9rieur \u00e0 99,5 % Image de manifestation : Poussi\u00e8re, cristal Emballage : Sachet en aluminium [&hellip;]<\/p>","protected":false},"featured_media":3038,"comment_status":"open","ping_status":"closed","template":"","meta":{"_joinchat":[]},"product_brand":[],"product_cat":[385],"product_tag":[],"class_list":{"0":"post-3012","1":"product","2":"type-product","3":"status-publish","4":"has-post-thumbnail","6":"product_cat-forschung-schemikalien","8":"first","9":"instock","10":"shipping-taxable","11":"purchasable","12":"product-type-variable"},"yoast_head":"<!-- This site is optimized with the Yoast SEO plugin v23.5 - https:\/\/yoast.com\/wordpress\/plugins\/seo\/ -->\n<title>Acheter TH-PBP en ligne - TH-PBP \u00e0 vendre - Commander TH-PBP<\/title>\n<meta name=\"description\" content=\"Si vous souhaitez acheter du TH-PBP en ligne, notre boutique en ligne Nembutal peut vous aider. Nous avons du TH-PBP en vente aux meilleurs prix ici. Passez votre commande et profitez des derni\u00e8res offres d\u00e8s aujourd&#039;hui !\" \/>\n<meta name=\"robots\" content=\"index, follow, max-snippet:-1, max-image-preview:large, max-video-preview:-1\" \/>\n<link rel=\"canonical\" href=\"https:\/\/nembutalboutique.com\/nl\/product\/pbp-kopen\/\" \/>\n<meta property=\"og:locale\" content=\"nl_BE\" \/>\n<meta property=\"og:type\" content=\"article\" \/>\n<meta property=\"og:title\" content=\"Acheter TH-PBP en ligne - TH-PBP \u00e0 vendre - Commander TH-PBP\" \/>\n<meta property=\"og:description\" content=\"Si vous souhaitez acheter du TH-PBP en ligne, notre boutique en ligne Nembutal peut vous aider. Nous avons du TH-PBP en vente aux meilleurs prix ici. Passez votre commande et profitez des derni\u00e8res offres d\u00e8s aujourd&#039;hui !\" \/>\n<meta property=\"og:url\" content=\"https:\/\/nembutalboutique.com\/nl\/product\/pbp-kopen\/\" \/>\n<meta property=\"og:site_name\" content=\"Nembutal Boutique\" \/>\n<meta property=\"article:modified_time\" content=\"2024-09-20T09:59:23+00:00\" \/>\n<meta property=\"og:image\" content=\"https:\/\/nembutalboutique.com\/wp-content\/uploads\/2024\/09\/TH-PBP.gif\" \/>\n\t<meta property=\"og:image:width\" content=\"600\" \/>\n\t<meta property=\"og:image:height\" content=\"600\" \/>\n\t<meta property=\"og:image:type\" content=\"image\/gif\" \/>\n<meta name=\"twitter:card\" content=\"summary_large_image\" \/>\n<meta name=\"twitter:label1\" content=\"Geschatte leestijd\" \/>\n\t<meta name=\"twitter:data1\" content=\"2 minuten\" \/>\n<script type=\"application\/ld+json\" class=\"yoast-schema-graph\">{\"@context\":\"https:\/\/schema.org\",\"@graph\":[{\"@type\":\"WebPage\",\"@id\":\"https:\/\/nembutalboutique.com\/produit\/th-pbp\/\",\"url\":\"https:\/\/nembutalboutique.com\/produit\/th-pbp\/\",\"name\":\"Acheter TH-PBP en ligne - TH-PBP \u00e0 vendre - Commander TH-PBP\",\"isPartOf\":{\"@id\":\"https:\/\/nembutalboutique.com\/#website\"},\"primaryImageOfPage\":{\"@id\":\"https:\/\/nembutalboutique.com\/produit\/th-pbp\/#primaryimage\"},\"image\":{\"@id\":\"https:\/\/nembutalboutique.com\/produit\/th-pbp\/#primaryimage\"},\"thumbnailUrl\":\"https:\/\/nembutalboutique.com\/wp-content\/uploads\/2024\/09\/TH-PBP.gif\",\"datePublished\":\"2024-09-16T08:14:16+00:00\",\"dateModified\":\"2024-09-20T09:59:23+00:00\",\"description\":\"Si vous souhaitez acheter du TH-PBP en ligne, notre boutique en ligne Nembutal peut vous aider. Nous avons du TH-PBP en vente aux meilleurs prix ici. Passez votre commande et profitez des derni\u00e8res offres d\u00e8s aujourd'hui !\",\"breadcrumb\":{\"@id\":\"https:\/\/nembutalboutique.com\/produit\/th-pbp\/#breadcrumb\"},\"inLanguage\":\"nl-BE\",\"potentialAction\":[{\"@type\":\"ReadAction\",\"target\":[\"https:\/\/nembutalboutique.com\/produit\/th-pbp\/\"]}]},{\"@type\":\"ImageObject\",\"inLanguage\":\"nl-BE\",\"@id\":\"https:\/\/nembutalboutique.com\/produit\/th-pbp\/#primaryimage\",\"url\":\"https:\/\/nembutalboutique.com\/wp-content\/uploads\/2024\/09\/TH-PBP.gif\",\"contentUrl\":\"https:\/\/nembutalboutique.com\/wp-content\/uploads\/2024\/09\/TH-PBP.gif\",\"width\":600,\"height\":600,\"caption\":\"acheter TH-PBP.gif\"},{\"@type\":\"BreadcrumbList\",\"@id\":\"https:\/\/nembutalboutique.com\/produit\/th-pbp\/#breadcrumb\",\"itemListElement\":[{\"@type\":\"ListItem\",\"position\":1,\"name\":\"Home\",\"item\":\"https:\/\/nembutalboutique.com\/\"},{\"@type\":\"ListItem\",\"position\":2,\"name\":\"Boutique\",\"item\":\"https:\/\/nembutalboutique.com\/shop\/\"},{\"@type\":\"ListItem\",\"position\":3,\"name\":\"TH-PBP\"}]},{\"@type\":\"WebSite\",\"@id\":\"https:\/\/nembutalboutique.com\/#website\",\"url\":\"https:\/\/nembutalboutique.com\/\",\"name\":\"Nembutal Boutique\",\"description\":\"My WordPress Blog\",\"publisher\":{\"@id\":\"https:\/\/nembutalboutique.com\/#organization\"},\"potentialAction\":[{\"@type\":\"SearchAction\",\"target\":{\"@type\":\"EntryPoint\",\"urlTemplate\":\"https:\/\/nembutalboutique.com\/?s={search_term_string}\"},\"query-input\":{\"@type\":\"PropertyValueSpecification\",\"valueRequired\":true,\"valueName\":\"search_term_string\"}}],\"inLanguage\":\"nl-BE\"},{\"@type\":\"Organization\",\"@id\":\"https:\/\/nembutalboutique.com\/#organization\",\"name\":\"Nembutal Boutique\",\"url\":\"https:\/\/nembutalboutique.com\/\",\"logo\":{\"@type\":\"ImageObject\",\"inLanguage\":\"nl-BE\",\"@id\":\"https:\/\/nembutalboutique.com\/#\/schema\/logo\/image\/\",\"url\":\"https:\/\/nembutalboutique.com\/wp-content\/uploads\/2024\/01\/logo.png\",\"contentUrl\":\"https:\/\/nembutalboutique.com\/wp-content\/uploads\/2024\/01\/logo.png\",\"width\":494,\"height\":121,\"caption\":\"Nembutal Boutique\"},\"image\":{\"@id\":\"https:\/\/nembutalboutique.com\/#\/schema\/logo\/image\/\"}}]}<\/script>\n<!-- \/ Yoast SEO plugin. -->","yoast_head_json":{"title":"TH-PBP online kopen - TH-PBP te koop - TH-PBP bestellen","description":"Als je TH-PBP online wilt kopen, kan onze Nembutal online winkel je helpen. We hebben TH-PBP hier te koop tegen de beste prijzen. Plaats je bestelling en profiteer vandaag nog van de nieuwste aanbiedingen!","robots":{"index":"index","follow":"follow","max-snippet":"max-snippet:-1","max-image-preview":"max-image-preview:large","max-video-preview":"max-video-preview:-1"},"canonical":"https:\/\/nembutalboutique.com\/nl\/product\/pbp-kopen\/","og_locale":"nl_BE","og_type":"article","og_title":"Acheter TH-PBP en ligne - TH-PBP \u00e0 vendre - Commander TH-PBP","og_description":"Si vous souhaitez acheter du TH-PBP en ligne, notre boutique en ligne Nembutal peut vous aider. Nous avons du TH-PBP en vente aux meilleurs prix ici. Passez votre commande et profitez des derni\u00e8res offres d\u00e8s aujourd'hui !","og_url":"https:\/\/nembutalboutique.com\/nl\/product\/pbp-kopen\/","og_site_name":"Nembutal Boutique","article_modified_time":"2024-09-20T09:59:23+00:00","og_image":[{"width":600,"height":600,"url":"https:\/\/nembutalboutique.com\/wp-content\/uploads\/2024\/09\/TH-PBP.gif","type":"image\/gif"}],"twitter_card":"summary_large_image","twitter_misc":{"Geschatte leestijd":"2 minuten"},"schema":{"@context":"https:\/\/schema.org","@graph":[{"@type":"WebPage","@id":"https:\/\/nembutalboutique.com\/produit\/th-pbp\/","url":"https:\/\/nembutalboutique.com\/produit\/th-pbp\/","name":"TH-PBP online kopen - TH-PBP te koop - TH-PBP bestellen","isPartOf":{"@id":"https:\/\/nembutalboutique.com\/#website"},"primaryImageOfPage":{"@id":"https:\/\/nembutalboutique.com\/produit\/th-pbp\/#primaryimage"},"image":{"@id":"https:\/\/nembutalboutique.com\/produit\/th-pbp\/#primaryimage"},"thumbnailUrl":"https:\/\/nembutalboutique.com\/wp-content\/uploads\/2024\/09\/TH-PBP.gif","datePublished":"2024-09-16T08:14:16+00:00","dateModified":"2024-09-20T09:59:23+00:00","description":"Als je TH-PBP online wilt kopen, kan onze Nembutal online winkel je helpen. We hebben TH-PBP hier te koop tegen de beste prijzen. Plaats je bestelling en profiteer vandaag nog van de nieuwste aanbiedingen!","breadcrumb":{"@id":"https:\/\/nembutalboutique.com\/produit\/th-pbp\/#breadcrumb"},"inLanguage":"nl-BE","potentialAction":[{"@type":"ReadAction","target":["https:\/\/nembutalboutique.com\/produit\/th-pbp\/"]}]},{"@type":"ImageObject","inLanguage":"nl-BE","@id":"https:\/\/nembutalboutique.com\/produit\/th-pbp\/#primaryimage","url":"https:\/\/nembutalboutique.com\/wp-content\/uploads\/2024\/09\/TH-PBP.gif","contentUrl":"https:\/\/nembutalboutique.com\/wp-content\/uploads\/2024\/09\/TH-PBP.gif","width":600,"height":600,"caption":"acheter TH-PBP.gif"},{"@type":"BreadcrumbList","@id":"https:\/\/nembutalboutique.com\/produit\/th-pbp\/#breadcrumb","itemListElement":[{"@type":"ListItem","position":1,"name":"Home","item":"https:\/\/nembutalboutique.com\/"},{"@type":"ListItem","position":2,"name":"Boutique","item":"https:\/\/nembutalboutique.com\/shop\/"},{"@type":"ListItem","position":3,"name":"TH-PBP"}]},{"@type":"WebSite","@id":"https:\/\/nembutalboutique.com\/#website","url":"https:\/\/nembutalboutique.com\/","name":"Nembutal winkel","description":"Mijn WordPress Blog","publisher":{"@id":"https:\/\/nembutalboutique.com\/#organization"},"potentialAction":[{"@type":"SearchAction","target":{"@type":"EntryPoint","urlTemplate":"https:\/\/nembutalboutique.com\/?s={search_term_string}"},"query-input":{"@type":"PropertyValueSpecification","valueRequired":true,"valueName":"search_term_string"}}],"inLanguage":"nl-BE"},{"@type":"Organization","@id":"https:\/\/nembutalboutique.com\/#organization","name":"Nembutal winkel","url":"https:\/\/nembutalboutique.com\/","logo":{"@type":"ImageObject","inLanguage":"nl-BE","@id":"https:\/\/nembutalboutique.com\/#\/schema\/logo\/image\/","url":"https:\/\/nembutalboutique.com\/wp-content\/uploads\/2024\/01\/logo.png","contentUrl":"https:\/\/nembutalboutique.com\/wp-content\/uploads\/2024\/01\/logo.png","width":494,"height":121,"caption":"Nembutal Boutique"},"image":{"@id":"https:\/\/nembutalboutique.com\/#\/schema\/logo\/image\/"}}]}},"_links":{"self":[{"href":"https:\/\/nembutalboutique.com\/nl\/wp-json\/wp\/v2\/product\/3012"}],"collection":[{"href":"https:\/\/nembutalboutique.com\/nl\/wp-json\/wp\/v2\/product"}],"about":[{"href":"https:\/\/nembutalboutique.com\/nl\/wp-json\/wp\/v2\/types\/product"}],"replies":[{"embeddable":true,"href":"https:\/\/nembutalboutique.com\/nl\/wp-json\/wp\/v2\/comments?post=3012"}],"wp:featuredmedia":[{"embeddable":true,"href":"https:\/\/nembutalboutique.com\/nl\/wp-json\/wp\/v2\/media\/3038"}],"wp:attachment":[{"href":"https:\/\/nembutalboutique.com\/nl\/wp-json\/wp\/v2\/media?parent=3012"}],"wp:term":[{"taxonomy":"product_brand","embeddable":true,"href":"https:\/\/nembutalboutique.com\/nl\/wp-json\/wp\/v2\/product_brand?post=3012"},{"taxonomy":"product_cat","embeddable":true,"href":"https:\/\/nembutalboutique.com\/nl\/wp-json\/wp\/v2\/product_cat?post=3012"},{"taxonomy":"product_tag","embeddable":true,"href":"https:\/\/nembutalboutique.com\/nl\/wp-json\/wp\/v2\/product_tag?post=3012"}],"curies":[{"name":"wp","href":"https:\/\/api.w.org\/{rel}","templated":true}]}}