{"id":3011,"date":"2024-09-16T08:14:16","date_gmt":"2024-09-16T08:14:16","guid":{"rendered":"https:\/\/nembutalboutique.com\/?post_type=product&#038;p=3011"},"modified":"2024-09-20T09:54:26","modified_gmt":"2024-09-20T09:54:26","slug":"th-php","status":"publish","type":"product","link":"https:\/\/nembutalboutique.com\/nl\/product\/php-kopen\/","title":{"rendered":"TH-PHP"},"content":{"rendered":"<h2>TH-PHP online kopen.<\/h2>\n<p><a href=\"https:\/\/nembutalboutique.com\/produit\/th-php\/\">TH-PHP kopen<\/a> via het internet: Omdat precieze informatie over de farmacologie, toxicologische werking en biochemische werking van th-PHP niet direct beschikbaar is, kan de consumptie ervan door mensen schadelijk zijn. Alleen redelijk en wetenschappelijk gebruik is toegestaan voor onderzoek naar synthetische chemicali\u00ebn.<\/p>\n<p>Klanten die th-PHP onlangs hebben gebruikt, hebben verrassende en onverwachte ervaringen gedeeld. Klanten waardeerden het toegenomen enthousiasme en de energie. Ze leek in uitstekende gezondheid en was heel aangenaam. Bijkomende effecten van th-PHP zijn onder andere schw\u00e4chtheit, meer zweten en de mogelijkheid tot verbeterd gezichtsvermogen en mentale beweging.<\/p>\n<p>Koop TH-PHP van Nembutalboutique tegen een redelijke prijs. Wij maken de beste onderzoekschemicali\u00ebn en distribueren ze wereldwijd. Overeengekomen<\/p>\n<p>Elk product wordt zorgvuldig verpakt en verzonden om de privacy en veiligheid van onze klanten te waarborgen. We gebruiken een aantal veilige betaalmethoden en kortingen voor grote aankopen.<\/p>\n<h3>TH-PHP kopen op Nembutal: Koop nu, want kwaliteit is belangrijk!<\/h3>\n<p>Kopen <a href=\"https:\/\/en.wikipedia.org\/wiki\/PHP\">TH-PHP<\/a> online van de beste Europese chemische bedrijven Professioneel vervaardigd met minstens 98 % + Reinheit gegarandeerd. We leveren de COA van elke chemisch geproduceerde lading tijdens ons onderzoek!<\/p>\n<p>Materialen in TH-PHP<\/p>\n<h3>Bevat minimaal 98 % pure TH-PHP per regeleenheid.<\/h3>\n<p>Bepaling van TH-PHP<\/p>\n<p>Er is geen aanbevolen dosering omdat TH-PHP alleen verkocht wordt voor gebruik in wetenschappelijk chemisch onderzoek en niet bedoeld is voor menselijke consumptie.<\/p>\n<p>Effecten van TH-PHP :<\/p>\n<p>De klinische effecten van de meeste nieuwe synthetische drugs, zoals TH-PHP, kunnen worden geclassificeerd als stimulerend, hallucinogeen of opio\u00efde-achtig.<\/p>\n<p>Ongewenste effecten van TH-PHP<br \/>\nNet als andere synthetische drugs kan het gebruik van TH-PHP ernstige bijwerkingen hebben; de stof is niet klinisch getest, maar is wel toegelaten als product voor artsen! Daarom is TH-PHP alleen bedoeld voor wetenschappelijk onderzoek en niet voor menselijk gebruik!<\/p>\n<h3>Begrijpen hoe TH-PHP moet worden opgeslagen<\/h3>\n<p>Opgehangen bij TH-PHP-30 graden Celsius. Bewaar TH-PHP in de originele verpakking, uit de buurt van direct zonlicht en vocht.<\/p>","protected":false},"excerpt":{"rendered":"<p>Acheter du TH-PHP en ligne sur Internet. Acheter du TH-PHP via Internet : \u00c9tant donn\u00e9 que les informations pr\u00e9cises concernant la pharmacologie, l&rsquo;effet toxicologique et l&rsquo;effet biochimique du th-PHP ne sont pas facilement disponibles, sa consommation par l&rsquo;homme peut \u00eatre nocive. Seules les utilisations raisonnables et scientifiques sont autoris\u00e9es pour la recherche sur les produits [&hellip;]<\/p>","protected":false},"featured_media":3037,"comment_status":"open","ping_status":"closed","template":"","meta":{"_joinchat":[]},"product_brand":[],"product_cat":[385],"product_tag":[],"class_list":{"0":"post-3011","1":"product","2":"type-product","3":"status-publish","4":"has-post-thumbnail","6":"product_cat-forschung-schemikalien","8":"first","9":"instock","10":"shipping-taxable","11":"purchasable","12":"product-type-variable"},"yoast_head":"<!-- This site is optimized with the Yoast SEO plugin v23.5 - https:\/\/yoast.com\/wordpress\/plugins\/seo\/ -->\n<title>Acheter TH-PHP en ligne - TH-PHP \u00e0 vendre<\/title>\n<meta name=\"description\" content=\"Nous sommes le magasin leader proposant la vente de TH-PHP. Si vous souhaitez acheter TH-PHP, contactez-nous imm\u00e9diatement et faites livrer votre commande. Commandez maintenant !\" \/>\n<meta name=\"robots\" content=\"index, follow, max-snippet:-1, max-image-preview:large, max-video-preview:-1\" \/>\n<link rel=\"canonical\" href=\"https:\/\/nembutalboutique.com\/nl\/product\/php-kopen\/\" \/>\n<meta property=\"og:locale\" content=\"nl_BE\" \/>\n<meta property=\"og:type\" content=\"article\" \/>\n<meta property=\"og:title\" content=\"Acheter TH-PHP en ligne - TH-PHP \u00e0 vendre\" \/>\n<meta property=\"og:description\" content=\"Nous sommes le magasin leader proposant la vente de TH-PHP. Si vous souhaitez acheter TH-PHP, contactez-nous imm\u00e9diatement et faites livrer votre commande. Commandez maintenant !\" \/>\n<meta property=\"og:url\" content=\"https:\/\/nembutalboutique.com\/nl\/product\/php-kopen\/\" \/>\n<meta property=\"og:site_name\" content=\"Nembutal Boutique\" \/>\n<meta property=\"article:modified_time\" content=\"2024-09-20T09:54:26+00:00\" \/>\n<meta property=\"og:image\" content=\"https:\/\/nembutalboutique.com\/wp-content\/uploads\/2024\/09\/TH-PHP.gif\" \/>\n\t<meta property=\"og:image:width\" content=\"600\" \/>\n\t<meta property=\"og:image:height\" content=\"600\" \/>\n\t<meta property=\"og:image:type\" content=\"image\/gif\" \/>\n<meta name=\"twitter:card\" content=\"summary_large_image\" \/>\n<meta name=\"twitter:label1\" content=\"Geschatte leestijd\" \/>\n\t<meta name=\"twitter:data1\" content=\"2 minuten\" \/>\n<script type=\"application\/ld+json\" class=\"yoast-schema-graph\">{\"@context\":\"https:\/\/schema.org\",\"@graph\":[{\"@type\":\"WebPage\",\"@id\":\"https:\/\/nembutalboutique.com\/produit\/th-php\/\",\"url\":\"https:\/\/nembutalboutique.com\/produit\/th-php\/\",\"name\":\"Acheter TH-PHP en ligne - TH-PHP \u00e0 vendre\",\"isPartOf\":{\"@id\":\"https:\/\/nembutalboutique.com\/#website\"},\"primaryImageOfPage\":{\"@id\":\"https:\/\/nembutalboutique.com\/produit\/th-php\/#primaryimage\"},\"image\":{\"@id\":\"https:\/\/nembutalboutique.com\/produit\/th-php\/#primaryimage\"},\"thumbnailUrl\":\"https:\/\/nembutalboutique.com\/wp-content\/uploads\/2024\/09\/TH-PHP.gif\",\"datePublished\":\"2024-09-16T08:14:16+00:00\",\"dateModified\":\"2024-09-20T09:54:26+00:00\",\"description\":\"Nous sommes le magasin leader proposant la vente de TH-PHP. Si vous souhaitez acheter TH-PHP, contactez-nous imm\u00e9diatement et faites livrer votre commande. Commandez maintenant !\",\"breadcrumb\":{\"@id\":\"https:\/\/nembutalboutique.com\/produit\/th-php\/#breadcrumb\"},\"inLanguage\":\"nl-BE\",\"potentialAction\":[{\"@type\":\"ReadAction\",\"target\":[\"https:\/\/nembutalboutique.com\/produit\/th-php\/\"]}]},{\"@type\":\"ImageObject\",\"inLanguage\":\"nl-BE\",\"@id\":\"https:\/\/nembutalboutique.com\/produit\/th-php\/#primaryimage\",\"url\":\"https:\/\/nembutalboutique.com\/wp-content\/uploads\/2024\/09\/TH-PHP.gif\",\"contentUrl\":\"https:\/\/nembutalboutique.com\/wp-content\/uploads\/2024\/09\/TH-PHP.gif\",\"width\":600,\"height\":600,\"caption\":\"acheter TH-PHP.gif\"},{\"@type\":\"BreadcrumbList\",\"@id\":\"https:\/\/nembutalboutique.com\/produit\/th-php\/#breadcrumb\",\"itemListElement\":[{\"@type\":\"ListItem\",\"position\":1,\"name\":\"Home\",\"item\":\"https:\/\/nembutalboutique.com\/\"},{\"@type\":\"ListItem\",\"position\":2,\"name\":\"Boutique\",\"item\":\"https:\/\/nembutalboutique.com\/shop\/\"},{\"@type\":\"ListItem\",\"position\":3,\"name\":\"TH-PHP\"}]},{\"@type\":\"WebSite\",\"@id\":\"https:\/\/nembutalboutique.com\/#website\",\"url\":\"https:\/\/nembutalboutique.com\/\",\"name\":\"Nembutal Boutique\",\"description\":\"My WordPress Blog\",\"publisher\":{\"@id\":\"https:\/\/nembutalboutique.com\/#organization\"},\"potentialAction\":[{\"@type\":\"SearchAction\",\"target\":{\"@type\":\"EntryPoint\",\"urlTemplate\":\"https:\/\/nembutalboutique.com\/?s={search_term_string}\"},\"query-input\":{\"@type\":\"PropertyValueSpecification\",\"valueRequired\":true,\"valueName\":\"search_term_string\"}}],\"inLanguage\":\"nl-BE\"},{\"@type\":\"Organization\",\"@id\":\"https:\/\/nembutalboutique.com\/#organization\",\"name\":\"Nembutal Boutique\",\"url\":\"https:\/\/nembutalboutique.com\/\",\"logo\":{\"@type\":\"ImageObject\",\"inLanguage\":\"nl-BE\",\"@id\":\"https:\/\/nembutalboutique.com\/#\/schema\/logo\/image\/\",\"url\":\"https:\/\/nembutalboutique.com\/wp-content\/uploads\/2024\/01\/logo.png\",\"contentUrl\":\"https:\/\/nembutalboutique.com\/wp-content\/uploads\/2024\/01\/logo.png\",\"width\":494,\"height\":121,\"caption\":\"Nembutal Boutique\"},\"image\":{\"@id\":\"https:\/\/nembutalboutique.com\/#\/schema\/logo\/image\/\"}}]}<\/script>\n<!-- \/ Yoast SEO plugin. -->","yoast_head_json":{"title":"TH-PHP online kopen - TH-PHP te koop","description":"Wij zijn de toonaangevende winkel in TH-PHP. Als je TH-PHP wilt kopen, neem dan onmiddellijk contact met ons op en laat je bestelling bezorgen. Bestel nu!","robots":{"index":"index","follow":"follow","max-snippet":"max-snippet:-1","max-image-preview":"max-image-preview:large","max-video-preview":"max-video-preview:-1"},"canonical":"https:\/\/nembutalboutique.com\/nl\/product\/php-kopen\/","og_locale":"nl_BE","og_type":"article","og_title":"Acheter TH-PHP en ligne - TH-PHP \u00e0 vendre","og_description":"Nous sommes le magasin leader proposant la vente de TH-PHP. Si vous souhaitez acheter TH-PHP, contactez-nous imm\u00e9diatement et faites livrer votre commande. Commandez maintenant !","og_url":"https:\/\/nembutalboutique.com\/nl\/product\/php-kopen\/","og_site_name":"Nembutal Boutique","article_modified_time":"2024-09-20T09:54:26+00:00","og_image":[{"width":600,"height":600,"url":"https:\/\/nembutalboutique.com\/wp-content\/uploads\/2024\/09\/TH-PHP.gif","type":"image\/gif"}],"twitter_card":"summary_large_image","twitter_misc":{"Geschatte leestijd":"2 minuten"},"schema":{"@context":"https:\/\/schema.org","@graph":[{"@type":"WebPage","@id":"https:\/\/nembutalboutique.com\/produit\/th-php\/","url":"https:\/\/nembutalboutique.com\/produit\/th-php\/","name":"TH-PHP online kopen - TH-PHP te koop","isPartOf":{"@id":"https:\/\/nembutalboutique.com\/#website"},"primaryImageOfPage":{"@id":"https:\/\/nembutalboutique.com\/produit\/th-php\/#primaryimage"},"image":{"@id":"https:\/\/nembutalboutique.com\/produit\/th-php\/#primaryimage"},"thumbnailUrl":"https:\/\/nembutalboutique.com\/wp-content\/uploads\/2024\/09\/TH-PHP.gif","datePublished":"2024-09-16T08:14:16+00:00","dateModified":"2024-09-20T09:54:26+00:00","description":"Wij zijn de toonaangevende winkel in TH-PHP. Als je TH-PHP wilt kopen, neem dan onmiddellijk contact met ons op en laat je bestelling bezorgen. Bestel nu!","breadcrumb":{"@id":"https:\/\/nembutalboutique.com\/produit\/th-php\/#breadcrumb"},"inLanguage":"nl-BE","potentialAction":[{"@type":"ReadAction","target":["https:\/\/nembutalboutique.com\/produit\/th-php\/"]}]},{"@type":"ImageObject","inLanguage":"nl-BE","@id":"https:\/\/nembutalboutique.com\/produit\/th-php\/#primaryimage","url":"https:\/\/nembutalboutique.com\/wp-content\/uploads\/2024\/09\/TH-PHP.gif","contentUrl":"https:\/\/nembutalboutique.com\/wp-content\/uploads\/2024\/09\/TH-PHP.gif","width":600,"height":600,"caption":"acheter TH-PHP.gif"},{"@type":"BreadcrumbList","@id":"https:\/\/nembutalboutique.com\/produit\/th-php\/#breadcrumb","itemListElement":[{"@type":"ListItem","position":1,"name":"Home","item":"https:\/\/nembutalboutique.com\/"},{"@type":"ListItem","position":2,"name":"Boutique","item":"https:\/\/nembutalboutique.com\/shop\/"},{"@type":"ListItem","position":3,"name":"TH-PHP"}]},{"@type":"WebSite","@id":"https:\/\/nembutalboutique.com\/#website","url":"https:\/\/nembutalboutique.com\/","name":"Nembutal winkel","description":"Mijn WordPress Blog","publisher":{"@id":"https:\/\/nembutalboutique.com\/#organization"},"potentialAction":[{"@type":"SearchAction","target":{"@type":"EntryPoint","urlTemplate":"https:\/\/nembutalboutique.com\/?s={search_term_string}"},"query-input":{"@type":"PropertyValueSpecification","valueRequired":true,"valueName":"search_term_string"}}],"inLanguage":"nl-BE"},{"@type":"Organization","@id":"https:\/\/nembutalboutique.com\/#organization","name":"Nembutal winkel","url":"https:\/\/nembutalboutique.com\/","logo":{"@type":"ImageObject","inLanguage":"nl-BE","@id":"https:\/\/nembutalboutique.com\/#\/schema\/logo\/image\/","url":"https:\/\/nembutalboutique.com\/wp-content\/uploads\/2024\/01\/logo.png","contentUrl":"https:\/\/nembutalboutique.com\/wp-content\/uploads\/2024\/01\/logo.png","width":494,"height":121,"caption":"Nembutal Boutique"},"image":{"@id":"https:\/\/nembutalboutique.com\/#\/schema\/logo\/image\/"}}]}},"_links":{"self":[{"href":"https:\/\/nembutalboutique.com\/nl\/wp-json\/wp\/v2\/product\/3011"}],"collection":[{"href":"https:\/\/nembutalboutique.com\/nl\/wp-json\/wp\/v2\/product"}],"about":[{"href":"https:\/\/nembutalboutique.com\/nl\/wp-json\/wp\/v2\/types\/product"}],"replies":[{"embeddable":true,"href":"https:\/\/nembutalboutique.com\/nl\/wp-json\/wp\/v2\/comments?post=3011"}],"wp:featuredmedia":[{"embeddable":true,"href":"https:\/\/nembutalboutique.com\/nl\/wp-json\/wp\/v2\/media\/3037"}],"wp:attachment":[{"href":"https:\/\/nembutalboutique.com\/nl\/wp-json\/wp\/v2\/media?parent=3011"}],"wp:term":[{"taxonomy":"product_brand","embeddable":true,"href":"https:\/\/nembutalboutique.com\/nl\/wp-json\/wp\/v2\/product_brand?post=3011"},{"taxonomy":"product_cat","embeddable":true,"href":"https:\/\/nembutalboutique.com\/nl\/wp-json\/wp\/v2\/product_cat?post=3011"},{"taxonomy":"product_tag","embeddable":true,"href":"https:\/\/nembutalboutique.com\/nl\/wp-json\/wp\/v2\/product_tag?post=3011"}],"curies":[{"name":"wp","href":"https:\/\/api.w.org\/{rel}","templated":true}]}}