{"id":3010,"date":"2024-09-16T08:14:16","date_gmt":"2024-09-16T08:14:16","guid":{"rendered":"https:\/\/nembutalboutique.com\/?post_type=product&#038;p=3010"},"modified":"2024-09-20T09:53:41","modified_gmt":"2024-09-20T09:53:41","slug":"thirtylone","status":"publish","type":"product","link":"https:\/\/nembutalboutique.com\/nl\/product\/eenendertigloon-kopen\/","title":{"rendered":"DERTIGSTE"},"content":{"rendered":"<h2>Kristall-Dertiglon kopen, TIRTYLON-KRISTALL ONLINE UITVERKOOP TIRTYLONE<\/h2>\n<p><a href=\"https:\/\/nembutalboutique.com\/produit\/acheter-thirtylone\/\">Dertiglon kopen<\/a> (groot kristal) wordt soms ook TTE en thylendioxy-N-ethylcathinon genoemd. Het is een van de populairste en meest gebruikte vervangers voor ethyleen en polyester. Deze nieuwe verbinding is ongetwijfeld een van de meest recente chemische stoffen die op de markt is gekomen. TTE is sterker dan zijn equivalent, terwijl het voor het eerst gesynthetiseerd werd uit ethyleen, wat verklaart waarom er zoveel gelijkenissen zijn tussen de twee moleculen.<\/p>\n<p>Positieve reacties kunnen het volgende inhouden:<\/p>\n<p>Innerlijke rust, kalmte, euforie, kleurwaarneming, empathische effecten, interactogene effecten en een gevoel van eenheid met de buitenwereld en andere mensen.<\/p>\n<h3>Enkele van de onwillekeurige reacties zijn:<\/h3>\n<p>Angst, depressie en bloeddruk<\/p>\n<p>hoge lichaamstemperatuur, hartproblemen, paranoia en brachreiz.<\/p>\n<p>Terwijl symptomen van duizeligheid vaker en bijna universeel voorkomen bij gebruikers, zijn milde hallucinaties eigenlijk zeldzamer.<br \/>\nIn tegenstelling tot andere stoffen heeft commercieel verkrijgbare tritylon (groot kristal) een complexere structuur, die in feite zeer ongebruikelijk is. De <a href=\"https:\/\/en.wikipedia.org\/wiki\/Methylone\">Dertiglon<\/a>Het is een groot kristal en wordt momenteel voornamelijk online gekocht voor een breed scala aan toepassingen, hoewel het ook kan worden toegevoegd aan andere behandelplannen en toepassingen. Zelfs met zoveel ingredi\u00ebnten blijft dit ingredi\u00ebnt een van de beste. Het heeft gunstige effecten en verschilt van traditionele preparaten en andere synthetische medicijnen; het kan echter ook ernstigere bijwerkingen hebben dan traditionele medicijnen.<\/p>\n<p>Als je grotere kristallen koopt, zoals Thirtylon, moet je een materiaal kiezen met een zuiverheid van meer dan 90 %. Dit geeft aan dat het materiaal voor elk doel gebruikt kan worden. Als je het product met de hoogste zuiverheidsgraad gebruikt, is er geen reinigingsstap nodig. U kunt het volgende doen<br \/>\nGroeten van Kaufen Nembutal.<\/p>\n<p>Deze website is uitsluitend bedoeld voor volwassen gebruikers. Gebruikers van deze website moeten ten minste achttien jaar oud zijn. Niemand onder de achttien mag een van onze producten kopen. Pharma Source is een deskundige leverancier van farmaceutische en medische tussenproducten.<\/p>\n<h3>Bijwerkingen van Thirtyone<\/h3>\n<p>Thirtylone heeft een breed scala aan fysiologische en cognitieve effecten. Depressie zelf is een van de bijwerkingen, hoewel het kan worden gebruikt om depressie te bestrijden. Extreme spanning en angst kunnen optreden als het middel verkeerd wordt gebruikt. Het is ook bekend dat de drug een stijging van de lichaamstemperatuur en hartproblemen kan veroorzaken; andere bijwerkingen zijn paranoia en misselijkheid. In zeldzame en ernstige gevallen heeft de drug bij inname ook kleine hallucinaties veroorzaakt.<\/p>\n<p>Verschillen in medicatie kunnen schadelijke gevolgen hebben.<\/p>\n<h3>Dosering en overdosering van Thirtylone<\/h3>\n<p>De dosering van dit medicijn is onbekend, omdat het tot nu toe alleen op dieren is getest en het gebruik ervan bij mensen sterk wordt afgeraden.<\/p>\n<p>Een overdosis kan deze bijwerkingen veroorzaken, maar ook andere ongewenste effecten zoals ernstige bloedingen of, in het ergste geval, zelfs de dood.<\/p>\n<h3>Juridische status van Thirtylone<\/h3>\n<p>Vanwege de bekende schadelijke effecten en het misbruik is de productie, distributie en het bezit van dit product in de meeste landen illegaal.<\/p>\n<h3>Waar kan ik Thirtylone kopen?<\/h3>\n<p>Geneesmiddelen van goede kwaliteit zijn wereldwijd verkrijgbaar op onze online apotheekmarktplaats, tegen zeer concurrerende prijzen voor laboratoria, apotheken, onderzoekscentra of individuele consumenten.<\/p>","protected":false},"excerpt":{"rendered":"<p>Acheter Kristall-Thirtylon, TIRTYLON-KRISTALL VENDRE EN LIGNE TIRTYLONE Acheter Thirtylon (gros cristal) est parfois appel\u00e9 TTE et thylendioxy-N-\u00e9thylcathinon. C&rsquo;est l&rsquo;un des substituts les plus appr\u00e9ci\u00e9s et les plus utilis\u00e9s de l&rsquo;\u00e9thyl\u00e8ne et du polyester. Ce nouveau compos\u00e9 fait sans aucun doute partie des produits chimiques les plus r\u00e9cents \u00e0 arriver sur le march\u00e9. Le TTE est [&hellip;]<\/p>","protected":false},"featured_media":3036,"comment_status":"open","ping_status":"closed","template":"","meta":{"_joinchat":[]},"product_brand":[],"product_cat":[386,385],"product_tag":[],"class_list":{"0":"post-3010","1":"product","2":"type-product","3":"status-publish","4":"has-post-thumbnail","6":"product_cat-cannabinoids","7":"product_cat-forschung-schemikalien","9":"first","10":"instock","11":"shipping-taxable","12":"purchasable","13":"product-type-variable"},"yoast_head":"<!-- This site is optimized with the Yoast SEO plugin v23.5 - https:\/\/yoast.com\/wordpress\/plugins\/seo\/ -->\n<title>Achetez THIRTYLONE en ligne - THIRTYLONE \u00e0 vendre<\/title>\n<meta name=\"description\" content=\"C&#039;est le meilleur moment pour visiter notre boutique en ligne et acheter THIRTYLONE en ligne. Nous avons THIRTYLONE de haute qualit\u00e9 \u00e0 vendre ici au prix le plus abordable. Rencontrez-nous en ligne et passez votre commande d\u00e8s aujourd&#039;hui.\" \/>\n<meta name=\"robots\" content=\"index, follow, max-snippet:-1, max-image-preview:large, max-video-preview:-1\" \/>\n<link rel=\"canonical\" href=\"https:\/\/nembutalboutique.com\/nl\/product\/eenendertigloon-kopen\/\" \/>\n<meta property=\"og:locale\" content=\"nl_BE\" \/>\n<meta property=\"og:type\" content=\"article\" \/>\n<meta property=\"og:title\" content=\"Achetez THIRTYLONE en ligne - THIRTYLONE \u00e0 vendre\" \/>\n<meta property=\"og:description\" content=\"C&#039;est le meilleur moment pour visiter notre boutique en ligne et acheter THIRTYLONE en ligne. Nous avons THIRTYLONE de haute qualit\u00e9 \u00e0 vendre ici au prix le plus abordable. Rencontrez-nous en ligne et passez votre commande d\u00e8s aujourd&#039;hui.\" \/>\n<meta property=\"og:url\" content=\"https:\/\/nembutalboutique.com\/nl\/product\/eenendertigloon-kopen\/\" \/>\n<meta property=\"og:site_name\" content=\"Nembutal Boutique\" \/>\n<meta property=\"article:modified_time\" content=\"2024-09-20T09:53:41+00:00\" \/>\n<meta property=\"og:image\" content=\"https:\/\/nembutalboutique.com\/wp-content\/uploads\/2024\/09\/Thirtylone.gif\" \/>\n\t<meta property=\"og:image:width\" content=\"600\" \/>\n\t<meta property=\"og:image:height\" content=\"600\" \/>\n\t<meta property=\"og:image:type\" content=\"image\/gif\" \/>\n<meta name=\"twitter:card\" content=\"summary_large_image\" \/>\n<meta name=\"twitter:label1\" content=\"Geschatte leestijd\" \/>\n\t<meta name=\"twitter:data1\" content=\"3 minuten\" \/>\n<script type=\"application\/ld+json\" class=\"yoast-schema-graph\">{\"@context\":\"https:\/\/schema.org\",\"@graph\":[{\"@type\":\"WebPage\",\"@id\":\"https:\/\/nembutalboutique.com\/produit\/thirtylone\/\",\"url\":\"https:\/\/nembutalboutique.com\/produit\/thirtylone\/\",\"name\":\"Achetez THIRTYLONE en ligne - THIRTYLONE \u00e0 vendre\",\"isPartOf\":{\"@id\":\"https:\/\/nembutalboutique.com\/#website\"},\"primaryImageOfPage\":{\"@id\":\"https:\/\/nembutalboutique.com\/produit\/thirtylone\/#primaryimage\"},\"image\":{\"@id\":\"https:\/\/nembutalboutique.com\/produit\/thirtylone\/#primaryimage\"},\"thumbnailUrl\":\"https:\/\/nembutalboutique.com\/wp-content\/uploads\/2024\/09\/Thirtylone.gif\",\"datePublished\":\"2024-09-16T08:14:16+00:00\",\"dateModified\":\"2024-09-20T09:53:41+00:00\",\"description\":\"C'est le meilleur moment pour visiter notre boutique en ligne et acheter THIRTYLONE en ligne. Nous avons THIRTYLONE de haute qualit\u00e9 \u00e0 vendre ici au prix le plus abordable. Rencontrez-nous en ligne et passez votre commande d\u00e8s aujourd'hui.\",\"breadcrumb\":{\"@id\":\"https:\/\/nembutalboutique.com\/produit\/thirtylone\/#breadcrumb\"},\"inLanguage\":\"nl-BE\",\"potentialAction\":[{\"@type\":\"ReadAction\",\"target\":[\"https:\/\/nembutalboutique.com\/produit\/thirtylone\/\"]}]},{\"@type\":\"ImageObject\",\"inLanguage\":\"nl-BE\",\"@id\":\"https:\/\/nembutalboutique.com\/produit\/thirtylone\/#primaryimage\",\"url\":\"https:\/\/nembutalboutique.com\/wp-content\/uploads\/2024\/09\/Thirtylone.gif\",\"contentUrl\":\"https:\/\/nembutalboutique.com\/wp-content\/uploads\/2024\/09\/Thirtylone.gif\",\"width\":600,\"height\":600,\"caption\":\"acheter Thirtylone.gif\"},{\"@type\":\"BreadcrumbList\",\"@id\":\"https:\/\/nembutalboutique.com\/produit\/thirtylone\/#breadcrumb\",\"itemListElement\":[{\"@type\":\"ListItem\",\"position\":1,\"name\":\"Home\",\"item\":\"https:\/\/nembutalboutique.com\/\"},{\"@type\":\"ListItem\",\"position\":2,\"name\":\"Boutique\",\"item\":\"https:\/\/nembutalboutique.com\/shop\/\"},{\"@type\":\"ListItem\",\"position\":3,\"name\":\"THIRTYLONE\"}]},{\"@type\":\"WebSite\",\"@id\":\"https:\/\/nembutalboutique.com\/#website\",\"url\":\"https:\/\/nembutalboutique.com\/\",\"name\":\"Nembutal Boutique\",\"description\":\"My WordPress Blog\",\"publisher\":{\"@id\":\"https:\/\/nembutalboutique.com\/#organization\"},\"potentialAction\":[{\"@type\":\"SearchAction\",\"target\":{\"@type\":\"EntryPoint\",\"urlTemplate\":\"https:\/\/nembutalboutique.com\/?s={search_term_string}\"},\"query-input\":{\"@type\":\"PropertyValueSpecification\",\"valueRequired\":true,\"valueName\":\"search_term_string\"}}],\"inLanguage\":\"nl-BE\"},{\"@type\":\"Organization\",\"@id\":\"https:\/\/nembutalboutique.com\/#organization\",\"name\":\"Nembutal Boutique\",\"url\":\"https:\/\/nembutalboutique.com\/\",\"logo\":{\"@type\":\"ImageObject\",\"inLanguage\":\"nl-BE\",\"@id\":\"https:\/\/nembutalboutique.com\/#\/schema\/logo\/image\/\",\"url\":\"https:\/\/nembutalboutique.com\/wp-content\/uploads\/2024\/01\/logo.png\",\"contentUrl\":\"https:\/\/nembutalboutique.com\/wp-content\/uploads\/2024\/01\/logo.png\",\"width\":494,\"height\":121,\"caption\":\"Nembutal Boutique\"},\"image\":{\"@id\":\"https:\/\/nembutalboutique.com\/#\/schema\/logo\/image\/\"}}]}<\/script>\n<!-- \/ Yoast SEO plugin. -->","yoast_head_json":{"title":"THIRTYLONE online kopen - THIRTYLONE te koop","description":"Dit is de beste tijd om onze online winkel te bezoeken en THIRTYLONE online te kopen. We hebben hoge kwaliteit THIRTYLONE hier te koop tegen de meest betaalbare prijs. Maak online kennis met ons en plaats je bestelling vandaag nog.","robots":{"index":"index","follow":"follow","max-snippet":"max-snippet:-1","max-image-preview":"max-image-preview:large","max-video-preview":"max-video-preview:-1"},"canonical":"https:\/\/nembutalboutique.com\/nl\/product\/eenendertigloon-kopen\/","og_locale":"nl_BE","og_type":"article","og_title":"Achetez THIRTYLONE en ligne - THIRTYLONE \u00e0 vendre","og_description":"C'est le meilleur moment pour visiter notre boutique en ligne et acheter THIRTYLONE en ligne. Nous avons THIRTYLONE de haute qualit\u00e9 \u00e0 vendre ici au prix le plus abordable. Rencontrez-nous en ligne et passez votre commande d\u00e8s aujourd'hui.","og_url":"https:\/\/nembutalboutique.com\/nl\/product\/eenendertigloon-kopen\/","og_site_name":"Nembutal Boutique","article_modified_time":"2024-09-20T09:53:41+00:00","og_image":[{"width":600,"height":600,"url":"https:\/\/nembutalboutique.com\/wp-content\/uploads\/2024\/09\/Thirtylone.gif","type":"image\/gif"}],"twitter_card":"summary_large_image","twitter_misc":{"Geschatte leestijd":"3 minuten"},"schema":{"@context":"https:\/\/schema.org","@graph":[{"@type":"WebPage","@id":"https:\/\/nembutalboutique.com\/produit\/thirtylone\/","url":"https:\/\/nembutalboutique.com\/produit\/thirtylone\/","name":"THIRTYLONE online kopen - THIRTYLONE te koop","isPartOf":{"@id":"https:\/\/nembutalboutique.com\/#website"},"primaryImageOfPage":{"@id":"https:\/\/nembutalboutique.com\/produit\/thirtylone\/#primaryimage"},"image":{"@id":"https:\/\/nembutalboutique.com\/produit\/thirtylone\/#primaryimage"},"thumbnailUrl":"https:\/\/nembutalboutique.com\/wp-content\/uploads\/2024\/09\/Thirtylone.gif","datePublished":"2024-09-16T08:14:16+00:00","dateModified":"2024-09-20T09:53:41+00:00","description":"Dit is de beste tijd om onze online winkel te bezoeken en THIRTYLONE online te kopen. We hebben hoge kwaliteit THIRTYLONE hier te koop tegen de meest betaalbare prijs. Maak online kennis met ons en plaats je bestelling vandaag nog.","breadcrumb":{"@id":"https:\/\/nembutalboutique.com\/produit\/thirtylone\/#breadcrumb"},"inLanguage":"nl-BE","potentialAction":[{"@type":"ReadAction","target":["https:\/\/nembutalboutique.com\/produit\/thirtylone\/"]}]},{"@type":"ImageObject","inLanguage":"nl-BE","@id":"https:\/\/nembutalboutique.com\/produit\/thirtylone\/#primaryimage","url":"https:\/\/nembutalboutique.com\/wp-content\/uploads\/2024\/09\/Thirtylone.gif","contentUrl":"https:\/\/nembutalboutique.com\/wp-content\/uploads\/2024\/09\/Thirtylone.gif","width":600,"height":600,"caption":"acheter Thirtylone.gif"},{"@type":"BreadcrumbList","@id":"https:\/\/nembutalboutique.com\/produit\/thirtylone\/#breadcrumb","itemListElement":[{"@type":"ListItem","position":1,"name":"Home","item":"https:\/\/nembutalboutique.com\/"},{"@type":"ListItem","position":2,"name":"Boutique","item":"https:\/\/nembutalboutique.com\/shop\/"},{"@type":"ListItem","position":3,"name":"THIRTYLONE"}]},{"@type":"WebSite","@id":"https:\/\/nembutalboutique.com\/#website","url":"https:\/\/nembutalboutique.com\/","name":"Nembutal winkel","description":"Mijn WordPress Blog","publisher":{"@id":"https:\/\/nembutalboutique.com\/#organization"},"potentialAction":[{"@type":"SearchAction","target":{"@type":"EntryPoint","urlTemplate":"https:\/\/nembutalboutique.com\/?s={search_term_string}"},"query-input":{"@type":"PropertyValueSpecification","valueRequired":true,"valueName":"search_term_string"}}],"inLanguage":"nl-BE"},{"@type":"Organization","@id":"https:\/\/nembutalboutique.com\/#organization","name":"Nembutal winkel","url":"https:\/\/nembutalboutique.com\/","logo":{"@type":"ImageObject","inLanguage":"nl-BE","@id":"https:\/\/nembutalboutique.com\/#\/schema\/logo\/image\/","url":"https:\/\/nembutalboutique.com\/wp-content\/uploads\/2024\/01\/logo.png","contentUrl":"https:\/\/nembutalboutique.com\/wp-content\/uploads\/2024\/01\/logo.png","width":494,"height":121,"caption":"Nembutal Boutique"},"image":{"@id":"https:\/\/nembutalboutique.com\/#\/schema\/logo\/image\/"}}]}},"_links":{"self":[{"href":"https:\/\/nembutalboutique.com\/nl\/wp-json\/wp\/v2\/product\/3010"}],"collection":[{"href":"https:\/\/nembutalboutique.com\/nl\/wp-json\/wp\/v2\/product"}],"about":[{"href":"https:\/\/nembutalboutique.com\/nl\/wp-json\/wp\/v2\/types\/product"}],"replies":[{"embeddable":true,"href":"https:\/\/nembutalboutique.com\/nl\/wp-json\/wp\/v2\/comments?post=3010"}],"wp:featuredmedia":[{"embeddable":true,"href":"https:\/\/nembutalboutique.com\/nl\/wp-json\/wp\/v2\/media\/3036"}],"wp:attachment":[{"href":"https:\/\/nembutalboutique.com\/nl\/wp-json\/wp\/v2\/media?parent=3010"}],"wp:term":[{"taxonomy":"product_brand","embeddable":true,"href":"https:\/\/nembutalboutique.com\/nl\/wp-json\/wp\/v2\/product_brand?post=3010"},{"taxonomy":"product_cat","embeddable":true,"href":"https:\/\/nembutalboutique.com\/nl\/wp-json\/wp\/v2\/product_cat?post=3010"},{"taxonomy":"product_tag","embeddable":true,"href":"https:\/\/nembutalboutique.com\/nl\/wp-json\/wp\/v2\/product_tag?post=3010"}],"curies":[{"name":"wp","href":"https:\/\/api.w.org\/{rel}","templated":true}]}}