{"id":3009,"date":"2024-09-16T08:14:15","date_gmt":"2024-09-16T08:14:15","guid":{"rendered":"https:\/\/nembutalboutique.com\/?post_type=product&#038;p=3009"},"modified":"2024-09-20T09:58:33","modified_gmt":"2024-09-20T09:58:33","slug":"pv9","status":"publish","type":"product","link":"https:\/\/nembutalboutique.com\/nl\/product\/pv9-online-kopen\/","title":{"rendered":"PV9"},"content":{"rendered":"<h2>Koop de F-PV9 online.<\/h2>\n<p>F-PV9 online kopen : De 4\u2032-fluoro-\u03b1-pyrrolidinooctanofenon familie van energetische katalysatoren, ook bekend als 4-fluoro-PV-9, FPOP en 4-fluoro-\u03b1-POP, is ge\u00efdentificeerd als een nieuw synthetisch geneesmiddel.<\/p>\n<p>Over het algemeen wordt a-pvp gebruikt om de <a href=\"https:\/\/nembutalboutique.com\/produit\/pv9\/\">4F-PV9<\/a>een kettenverbreitertes homoloog waarvan de lupaciaanse naam 1-(4-fluorfenyl)-2-(pyrrolidin-1-yl)octan-1-on is. De substantieve vorm van 4F-PV9 is C18H26FNO. De eindmassa is 291,20 en het atoomgewicht is 291,40. Het chemische product heeft een zuiverheid van 99,8 % en verschijnt als een wit of grijsachtig poeder in kristallijne vorm.<\/p>\n<p>Een gestabiliseerde homoloog van 4F-PV9 wordt geassocieerd met andere gesubstitueerde carbanen. Het bestaat uit een alkyleen gebonden aan het alfa paraffineatoom van een fenyleen.<\/p>\n<p>De online winkel van Nembutalboutique biedt producten tegen betaalbare prijzen. We bereiden de beste onderzoekschemicali\u00ebn en distribueren ze wereldwijd. Om de vertrouwelijkheid en veiligheid van onze klanten te beschermen, wordt elk product zorgvuldig verpakt en verzonden. Grote bestellingen komen in aanmerking voor kortingen en we bieden een aantal veilige betalingsopties.<\/p>\n<h3>Koop 4F-PV9 bij Nembutalboutique.com, want kwaliteit telt!<\/h3>\n<p>Koop 4F-PV9 online van de beste Europese chemische bedrijven. Gegarandeerd geproduceerd met een zuiverheid van ten minste 98 %. Wij leveren de COA van elke batch die chemisch geproduceerd is tijdens ons onderzoek!<\/p>\n<p>4F-PV9 materialen<\/p>\n<p>Bevat minimaal 98 %+ van <a href=\"https:\/\/en.wikipedia.org\/wiki\/4%27-Fluoro-%CE%B1-pyrrolidinooctanophenone\">4F-PV9<\/a> zuiver per besturingseenheid.<\/p>\n<h3>Bepaling van 4-F-PV9<\/h3>\n<p>Er is geen aanbevolen dosering omdat 4F-PV9 uitsluitend wordt verkocht voor gebruik in wetenschappelijk chemisch onderzoek en niet bedoeld is voor menselijke consumptie.<\/p>\n<h3>De effecten van 4F-PV9 :<\/h3>\n<p>De klinische effecten van de meeste nieuwe synthetische drugs, zoals 4F-PV9, kunnen worden geclassificeerd als stimulerend, hallucinogeen of opio\u00efde-achtig. Daarnaast heb je een combinatie van deze effecten met de vervanging van de synthetische sidekick.<br \/>\nBijwerkingen van 4F-PV9 Net als andere synthetische drugs kan het gebruik van 4F-PV9 ernstige bijwerkingen hebben; hoewel de stof niet klinisch is getest, is het op een bepaalde manier goedgekeurd als een product voor beoefenaars! Dit betekent dat 4F-PV9 alleen bedoeld is voor wetenschappelijk onderzoek en niet voor menselijk gebruik!<\/p>\n<h3>Herkennen hoe: 4F-PV9 opslaan<\/h3>\n<p>4F-PV9 moet worden bewaard bij een temperatuur lager dan 30 graden Celsius. 4F-PV9 moet in de originele verpakking, uit de buurt van direct zonlicht en vochtig worden bewaard.<\/p>","protected":false},"excerpt":{"rendered":"<p>Achetez le F-PV9 en ligne. Acheter le F-PV9 en ligne : La famille de catalyseurs \u00e9nergisants 4\u2032-fluoro-\u03b1-pyrrolidinooctanoph\u00e9none, \u00e9galement connue sous le nom de 4-fluoro-PV-9, FPOP et 4-fluoro-\u03b1-POP, a \u00e9t\u00e9 identifi\u00e9e comme un nouveau m\u00e9dicament synth\u00e9tique. En g\u00e9n\u00e9ral, l&rsquo;a-pvp est utilis\u00e9 pour identifier le 4F-PV9, un homologue kettenverbreitertes dont le nom lupacien est 1-(4-fluoroph\u00e9nyl)-2-(pyrrolidin-1-yl)octan-1-one. La forme [&hellip;]<\/p>","protected":false},"featured_media":3035,"comment_status":"open","ping_status":"closed","template":"","meta":{"_joinchat":[]},"product_brand":[],"product_cat":[385],"product_tag":[],"class_list":{"0":"post-3009","1":"product","2":"type-product","3":"status-publish","4":"has-post-thumbnail","6":"product_cat-forschung-schemikalien","8":"first","9":"instock","10":"shipping-taxable","11":"purchasable","12":"product-type-variable"},"yoast_head":"<!-- This site is optimized with the Yoast SEO plugin v23.5 - https:\/\/yoast.com\/wordpress\/plugins\/seo\/ -->\n<title>Achetez PV9 en ligne - PV9 \u00e0 vendre - Commandez PV9<\/title>\n<meta name=\"description\" content=\"Vous pouvez acheter PV9 dans notre magasin et le recevoir \u00e0 votre porte sans aucun probl\u00e8me. Nous vous aiderons \u00e0 acheter PV9 en ligne. Commandez maintenant !\" \/>\n<meta name=\"robots\" content=\"index, follow, max-snippet:-1, max-image-preview:large, max-video-preview:-1\" \/>\n<link rel=\"canonical\" href=\"https:\/\/nembutalboutique.com\/nl\/product\/pv9-online-kopen\/\" \/>\n<meta property=\"og:locale\" content=\"nl_BE\" \/>\n<meta property=\"og:type\" content=\"article\" \/>\n<meta property=\"og:title\" content=\"Achetez PV9 en ligne - PV9 \u00e0 vendre - Commandez PV9\" \/>\n<meta property=\"og:description\" content=\"Vous pouvez acheter PV9 dans notre magasin et le recevoir \u00e0 votre porte sans aucun probl\u00e8me. Nous vous aiderons \u00e0 acheter PV9 en ligne. Commandez maintenant !\" \/>\n<meta property=\"og:url\" content=\"https:\/\/nembutalboutique.com\/nl\/product\/pv9-online-kopen\/\" \/>\n<meta property=\"og:site_name\" content=\"Nembutal Boutique\" \/>\n<meta property=\"article:modified_time\" content=\"2024-09-20T09:58:33+00:00\" \/>\n<meta property=\"og:image\" content=\"https:\/\/nembutalboutique.com\/wp-content\/uploads\/2024\/09\/PV9.gif\" \/>\n\t<meta property=\"og:image:width\" content=\"600\" \/>\n\t<meta property=\"og:image:height\" content=\"600\" \/>\n\t<meta property=\"og:image:type\" content=\"image\/gif\" \/>\n<meta name=\"twitter:card\" content=\"summary_large_image\" \/>\n<meta name=\"twitter:label1\" content=\"Geschatte leestijd\" \/>\n\t<meta name=\"twitter:data1\" content=\"3 minuten\" \/>\n<script type=\"application\/ld+json\" class=\"yoast-schema-graph\">{\"@context\":\"https:\/\/schema.org\",\"@graph\":[{\"@type\":\"WebPage\",\"@id\":\"https:\/\/nembutalboutique.com\/produit\/pv9\/\",\"url\":\"https:\/\/nembutalboutique.com\/produit\/pv9\/\",\"name\":\"Achetez PV9 en ligne - PV9 \u00e0 vendre - Commandez PV9\",\"isPartOf\":{\"@id\":\"https:\/\/nembutalboutique.com\/#website\"},\"primaryImageOfPage\":{\"@id\":\"https:\/\/nembutalboutique.com\/produit\/pv9\/#primaryimage\"},\"image\":{\"@id\":\"https:\/\/nembutalboutique.com\/produit\/pv9\/#primaryimage\"},\"thumbnailUrl\":\"https:\/\/nembutalboutique.com\/wp-content\/uploads\/2024\/09\/PV9.gif\",\"datePublished\":\"2024-09-16T08:14:15+00:00\",\"dateModified\":\"2024-09-20T09:58:33+00:00\",\"description\":\"Vous pouvez acheter PV9 dans notre magasin et le recevoir \u00e0 votre porte sans aucun probl\u00e8me. Nous vous aiderons \u00e0 acheter PV9 en ligne. Commandez maintenant !\",\"breadcrumb\":{\"@id\":\"https:\/\/nembutalboutique.com\/produit\/pv9\/#breadcrumb\"},\"inLanguage\":\"nl-BE\",\"potentialAction\":[{\"@type\":\"ReadAction\",\"target\":[\"https:\/\/nembutalboutique.com\/produit\/pv9\/\"]}]},{\"@type\":\"ImageObject\",\"inLanguage\":\"nl-BE\",\"@id\":\"https:\/\/nembutalboutique.com\/produit\/pv9\/#primaryimage\",\"url\":\"https:\/\/nembutalboutique.com\/wp-content\/uploads\/2024\/09\/PV9.gif\",\"contentUrl\":\"https:\/\/nembutalboutique.com\/wp-content\/uploads\/2024\/09\/PV9.gif\",\"width\":600,\"height\":600,\"caption\":\"Acheter PV9.gif\"},{\"@type\":\"BreadcrumbList\",\"@id\":\"https:\/\/nembutalboutique.com\/produit\/pv9\/#breadcrumb\",\"itemListElement\":[{\"@type\":\"ListItem\",\"position\":1,\"name\":\"Home\",\"item\":\"https:\/\/nembutalboutique.com\/\"},{\"@type\":\"ListItem\",\"position\":2,\"name\":\"Boutique\",\"item\":\"https:\/\/nembutalboutique.com\/shop\/\"},{\"@type\":\"ListItem\",\"position\":3,\"name\":\"PV9\"}]},{\"@type\":\"WebSite\",\"@id\":\"https:\/\/nembutalboutique.com\/#website\",\"url\":\"https:\/\/nembutalboutique.com\/\",\"name\":\"Nembutal Boutique\",\"description\":\"My WordPress Blog\",\"publisher\":{\"@id\":\"https:\/\/nembutalboutique.com\/#organization\"},\"potentialAction\":[{\"@type\":\"SearchAction\",\"target\":{\"@type\":\"EntryPoint\",\"urlTemplate\":\"https:\/\/nembutalboutique.com\/?s={search_term_string}\"},\"query-input\":{\"@type\":\"PropertyValueSpecification\",\"valueRequired\":true,\"valueName\":\"search_term_string\"}}],\"inLanguage\":\"nl-BE\"},{\"@type\":\"Organization\",\"@id\":\"https:\/\/nembutalboutique.com\/#organization\",\"name\":\"Nembutal Boutique\",\"url\":\"https:\/\/nembutalboutique.com\/\",\"logo\":{\"@type\":\"ImageObject\",\"inLanguage\":\"nl-BE\",\"@id\":\"https:\/\/nembutalboutique.com\/#\/schema\/logo\/image\/\",\"url\":\"https:\/\/nembutalboutique.com\/wp-content\/uploads\/2024\/01\/logo.png\",\"contentUrl\":\"https:\/\/nembutalboutique.com\/wp-content\/uploads\/2024\/01\/logo.png\",\"width\":494,\"height\":121,\"caption\":\"Nembutal Boutique\"},\"image\":{\"@id\":\"https:\/\/nembutalboutique.com\/#\/schema\/logo\/image\/\"}}]}<\/script>\n<!-- \/ Yoast SEO plugin. -->","yoast_head_json":{"title":"PV9 online kopen - PV9 kopen - PV9 bestellen","description":"Je kunt PV9 in onze winkel kopen en zonder problemen thuis laten bezorgen. Wij helpen je PV9 online te kopen. Bestel nu!","robots":{"index":"index","follow":"follow","max-snippet":"max-snippet:-1","max-image-preview":"max-image-preview:large","max-video-preview":"max-video-preview:-1"},"canonical":"https:\/\/nembutalboutique.com\/nl\/product\/pv9-online-kopen\/","og_locale":"nl_BE","og_type":"article","og_title":"Achetez PV9 en ligne - PV9 \u00e0 vendre - Commandez PV9","og_description":"Vous pouvez acheter PV9 dans notre magasin et le recevoir \u00e0 votre porte sans aucun probl\u00e8me. Nous vous aiderons \u00e0 acheter PV9 en ligne. Commandez maintenant !","og_url":"https:\/\/nembutalboutique.com\/nl\/product\/pv9-online-kopen\/","og_site_name":"Nembutal Boutique","article_modified_time":"2024-09-20T09:58:33+00:00","og_image":[{"width":600,"height":600,"url":"https:\/\/nembutalboutique.com\/wp-content\/uploads\/2024\/09\/PV9.gif","type":"image\/gif"}],"twitter_card":"summary_large_image","twitter_misc":{"Geschatte leestijd":"3 minuten"},"schema":{"@context":"https:\/\/schema.org","@graph":[{"@type":"WebPage","@id":"https:\/\/nembutalboutique.com\/produit\/pv9\/","url":"https:\/\/nembutalboutique.com\/produit\/pv9\/","name":"PV9 online kopen - PV9 kopen - PV9 bestellen","isPartOf":{"@id":"https:\/\/nembutalboutique.com\/#website"},"primaryImageOfPage":{"@id":"https:\/\/nembutalboutique.com\/produit\/pv9\/#primaryimage"},"image":{"@id":"https:\/\/nembutalboutique.com\/produit\/pv9\/#primaryimage"},"thumbnailUrl":"https:\/\/nembutalboutique.com\/wp-content\/uploads\/2024\/09\/PV9.gif","datePublished":"2024-09-16T08:14:15+00:00","dateModified":"2024-09-20T09:58:33+00:00","description":"Je kunt PV9 in onze winkel kopen en zonder problemen thuis laten bezorgen. Wij helpen je PV9 online te kopen. Bestel nu!","breadcrumb":{"@id":"https:\/\/nembutalboutique.com\/produit\/pv9\/#breadcrumb"},"inLanguage":"nl-BE","potentialAction":[{"@type":"ReadAction","target":["https:\/\/nembutalboutique.com\/produit\/pv9\/"]}]},{"@type":"ImageObject","inLanguage":"nl-BE","@id":"https:\/\/nembutalboutique.com\/produit\/pv9\/#primaryimage","url":"https:\/\/nembutalboutique.com\/wp-content\/uploads\/2024\/09\/PV9.gif","contentUrl":"https:\/\/nembutalboutique.com\/wp-content\/uploads\/2024\/09\/PV9.gif","width":600,"height":600,"caption":"Acheter PV9.gif"},{"@type":"BreadcrumbList","@id":"https:\/\/nembutalboutique.com\/produit\/pv9\/#breadcrumb","itemListElement":[{"@type":"ListItem","position":1,"name":"Home","item":"https:\/\/nembutalboutique.com\/"},{"@type":"ListItem","position":2,"name":"Boutique","item":"https:\/\/nembutalboutique.com\/shop\/"},{"@type":"ListItem","position":3,"name":"PV9"}]},{"@type":"WebSite","@id":"https:\/\/nembutalboutique.com\/#website","url":"https:\/\/nembutalboutique.com\/","name":"Nembutal winkel","description":"Mijn WordPress Blog","publisher":{"@id":"https:\/\/nembutalboutique.com\/#organization"},"potentialAction":[{"@type":"SearchAction","target":{"@type":"EntryPoint","urlTemplate":"https:\/\/nembutalboutique.com\/?s={search_term_string}"},"query-input":{"@type":"PropertyValueSpecification","valueRequired":true,"valueName":"search_term_string"}}],"inLanguage":"nl-BE"},{"@type":"Organization","@id":"https:\/\/nembutalboutique.com\/#organization","name":"Nembutal winkel","url":"https:\/\/nembutalboutique.com\/","logo":{"@type":"ImageObject","inLanguage":"nl-BE","@id":"https:\/\/nembutalboutique.com\/#\/schema\/logo\/image\/","url":"https:\/\/nembutalboutique.com\/wp-content\/uploads\/2024\/01\/logo.png","contentUrl":"https:\/\/nembutalboutique.com\/wp-content\/uploads\/2024\/01\/logo.png","width":494,"height":121,"caption":"Nembutal Boutique"},"image":{"@id":"https:\/\/nembutalboutique.com\/#\/schema\/logo\/image\/"}}]}},"_links":{"self":[{"href":"https:\/\/nembutalboutique.com\/nl\/wp-json\/wp\/v2\/product\/3009"}],"collection":[{"href":"https:\/\/nembutalboutique.com\/nl\/wp-json\/wp\/v2\/product"}],"about":[{"href":"https:\/\/nembutalboutique.com\/nl\/wp-json\/wp\/v2\/types\/product"}],"replies":[{"embeddable":true,"href":"https:\/\/nembutalboutique.com\/nl\/wp-json\/wp\/v2\/comments?post=3009"}],"wp:featuredmedia":[{"embeddable":true,"href":"https:\/\/nembutalboutique.com\/nl\/wp-json\/wp\/v2\/media\/3035"}],"wp:attachment":[{"href":"https:\/\/nembutalboutique.com\/nl\/wp-json\/wp\/v2\/media?parent=3009"}],"wp:term":[{"taxonomy":"product_brand","embeddable":true,"href":"https:\/\/nembutalboutique.com\/nl\/wp-json\/wp\/v2\/product_brand?post=3009"},{"taxonomy":"product_cat","embeddable":true,"href":"https:\/\/nembutalboutique.com\/nl\/wp-json\/wp\/v2\/product_cat?post=3009"},{"taxonomy":"product_tag","embeddable":true,"href":"https:\/\/nembutalboutique.com\/nl\/wp-json\/wp\/v2\/product_tag?post=3009"}],"curies":[{"name":"wp","href":"https:\/\/api.w.org\/{rel}","templated":true}]}}