{"id":2944,"date":"2024-09-16T08:13:49","date_gmt":"2024-09-16T08:13:49","guid":{"rendered":"https:\/\/nembutalboutique.com\/?post_type=product&#038;p=2944"},"modified":"2024-09-20T10:07:23","modified_gmt":"2024-09-20T10:07:23","slug":"pv8-cristal","status":"publish","type":"product","link":"https:\/\/nembutalboutique.com\/nl\/product\/pv8-kristal-online-kopen\/","title":{"rendered":"PV8 (Kristal)"},"content":{"rendered":"<h2>PV-8-kristal online kopen PV8 (Kristal)<\/h2>\n<p>Achat (ook bekend als \u03b1-Pyrrolidinopentiofenon of \u03b1-PVP) is een analoog van pyrovaleron, een psychoactieve verbinding die in de Verenigde Staten op lijst V staat.<\/p>\n<p>Inhoud<\/p>\n<p>1. PV8-Kristall online kopen<\/p>\n<p>2. Gelijkwaardig<\/p>\n<p>3. Technische gegevens<\/p>\n<p>4. Chi-Code<\/p>\n<p>5. Leverings- en opslagdata<\/p>\n<p>PV8-Kristall online kopen.<\/p>\n<p>Er wordt steeds meer onderzoek gedaan naar synthetische geneesmiddelen op basis van pyrrolidinofenon, zoals \u03b1-PVP. De chemische verbinding <a href=\"https:\/\/en.wikipedia.org\/wiki\/%CE%91-Pyrrolidinoheptaphenone\">PV8<\/a> (hydrochloride) verschilt van \u03b1-PVP doordat het heptafenon bevat in plaats van pentiofenon.<\/p>\n<p>De fysiologische en toxicologische eigenschappen van deze combinatie zijn onbekend. De <a href=\"https:\/\/nembutalboutique.com\/produit\/pv8-cristal\/\">PV8<\/a> is in de Verenigde Staten gereguleerd als een klasse I chemische stof. De beoogde toepassingen voor dit product zijn zowel forensische als onderzoeksdoeleinden.<br \/>\nVerschillende onderzoekers hebben om structurele redenen diethylpropion of diethylftale\u00efne als geschikte modellen voorgesteld. Anderen stellen dat M-PPP (4\u2032-methyl-\u03b1-pyrrolidinopropiofenon) een vergelijkbare verbinding vormt.<\/p>\n<p>Pv-8-Kristall, ook bekend als 1-pentanon, 1-fenyl-2-(1-pyrrolidinyl) en 2-pyrrolidin-1-yl-1-fenylpentan-1-one, is een hoogontwikkelde onderzoeksmolecule die soms vergeleken wordt met de stof \u03b1-PVP.<\/p>\n<p>\u03b1-Pyrrolidinopentiofenon (\u03b1-PVP) is een analoog van pyrovaleron, een psychoactieve stof die in de VS op lijst V staat. Er wordt steeds meer onderzoek gedaan naar synthetische drugs op basis van pyrrolidinofenon, zoals \u03b1-PVP.1,2 PV8 (hydrochloride) verschilt van \u03b1-PVP doordat het heptafenon bevat in plaats van pentiofenon.<\/p>\n<p>Vergelijk en koop PV8-Kristall \u03b1-phpP-Synoniemen.<\/p>\n<p>PV8 bij het kopen van nembutal - koop het omdat kwaliteit telt!<\/p>\n<p>Koop PV8 online van de beste Europese chemische bedrijven Professioneel gegarandeerd geproduceerd met minstens 98 % zuiverheid. Wij leveren de COA van elke lading die chemisch geproduceerd is tijdens ons onderzoek!<br \/>\nSamenstelling PV8: bestaat uit minimaal 98 % pure PV8 per besturingseenheid.<\/p>\n<p>Dosering van PV8<\/p>\n<p>Omdat PV8 alleen wordt verkocht voor gebruik in wetenschappelijk chemisch onderzoek en niet bedoeld is voor menselijke consumptie, is er geen aanbevolen dosering.<\/p>\n<p>Effecten van PV8 :<\/p>\n<p>De klinische effecten van de meeste nieuwe synthetische drugs, zoals PV8, kunnen worden geclassificeerd als stimulerend, hallucinogeen of opio\u00efde-achtig. Daarnaast heb je een combinatie van deze effecten bij substitutie door een synthetische drug.<\/p>\n<p>Bijwerkingen van PV8<\/p>\n<p>Net als andere synthetische drugs kan het gebruik van PV8 ernstige bijwerkingen hebben; de stof is niet klinisch getest of op enigerlei wijze goedgekeurd als product voor behandelaars! PV8 is daarom uitsluitend bedoeld voor wetenschappelijk onderzoek en niet voor menselijk gebruik!<br \/>\nBegrijpen hoe: PV8 houden<\/p>\n<p>Bewaar PV8 bij een temperatuur lager dan 30 graden Celsius. Bewaar PV8 in de originele verpakking, uit de buurt van direct zonlicht en vochtigheid en koop PV8 (Crystal).<\/p>","protected":false},"excerpt":{"rendered":"<p>Acheter PV-8-Crystal en ligne PV8 (Crystal) Achat (\u00e9galement connu sous le nom d&rsquo;\u03b1-Pyrrolidinopentioph\u00e9none ou \u03b1-PVP) est un analogue du pyroval\u00e9rone, un compos\u00e9 psychoactif r\u00e9glement\u00e9 comme annexe V aux \u00c9tats-Unis. Contenu 1. Acheter PV8-Kristall en ligne 2. \u00c9quivalent 3. Donn\u00e9es techniques 4. Chi-Code 5. Dates de livraison et de stockage Acheter PV8-Kristall via Internet. Des recherches [&hellip;]<\/p>","protected":false},"featured_media":2974,"comment_status":"open","ping_status":"closed","template":"","meta":{"_joinchat":[]},"product_brand":[],"product_cat":[386],"product_tag":[],"class_list":{"0":"post-2944","1":"product","2":"type-product","3":"status-publish","4":"has-post-thumbnail","6":"product_cat-cannabinoids","8":"first","9":"instock","10":"shipping-taxable","11":"purchasable","12":"product-type-variable"},"yoast_head":"<!-- This site is optimized with the Yoast SEO plugin v23.5 - https:\/\/yoast.com\/wordpress\/plugins\/seo\/ -->\n<title>Achetez du cristal PV8 en ligne - Cristal PV8 \u00e0 vendre<\/title>\n<meta name=\"description\" content=\"Dans notre boutique Nembutal, vous pouvez obtenir du cristal PV8 \u00e0 des prix avantageux. Ici, vous pouvez acheter du cristal PV8 en ligne avec une qualit\u00e9 sup\u00e9rieure dans notre magasin maintenant avec un service d&#039;exp\u00e9dition rapide et s\u00e9curis\u00e9. Commandez maintenant !\" \/>\n<meta name=\"robots\" content=\"index, follow, max-snippet:-1, max-image-preview:large, max-video-preview:-1\" \/>\n<link rel=\"canonical\" href=\"https:\/\/nembutalboutique.com\/nl\/product\/pv8-kristal-online-kopen\/\" \/>\n<meta property=\"og:locale\" content=\"nl_BE\" \/>\n<meta property=\"og:type\" content=\"article\" \/>\n<meta property=\"og:title\" content=\"Achetez du cristal PV8 en ligne - Cristal PV8 \u00e0 vendre\" \/>\n<meta property=\"og:description\" content=\"Dans notre boutique Nembutal, vous pouvez obtenir du cristal PV8 \u00e0 des prix avantageux. Ici, vous pouvez acheter du cristal PV8 en ligne avec une qualit\u00e9 sup\u00e9rieure dans notre magasin maintenant avec un service d&#039;exp\u00e9dition rapide et s\u00e9curis\u00e9. Commandez maintenant !\" \/>\n<meta property=\"og:url\" content=\"https:\/\/nembutalboutique.com\/nl\/product\/pv8-kristal-online-kopen\/\" \/>\n<meta property=\"og:site_name\" content=\"Nembutal Boutique\" \/>\n<meta property=\"article:modified_time\" content=\"2024-09-20T10:07:23+00:00\" \/>\n<meta property=\"og:image\" content=\"https:\/\/nembutalboutique.com\/wp-content\/uploads\/2024\/09\/PV8-Crystal.gif\" \/>\n\t<meta property=\"og:image:width\" content=\"600\" \/>\n\t<meta property=\"og:image:height\" content=\"600\" \/>\n\t<meta property=\"og:image:type\" content=\"image\/gif\" \/>\n<meta name=\"twitter:card\" content=\"summary_large_image\" \/>\n<meta name=\"twitter:label1\" content=\"Geschatte leestijd\" \/>\n\t<meta name=\"twitter:data1\" content=\"3 minuten\" \/>\n<script type=\"application\/ld+json\" class=\"yoast-schema-graph\">{\"@context\":\"https:\/\/schema.org\",\"@graph\":[{\"@type\":\"WebPage\",\"@id\":\"https:\/\/nembutalboutique.com\/produit\/pv8-cristal\/\",\"url\":\"https:\/\/nembutalboutique.com\/produit\/pv8-cristal\/\",\"name\":\"Achetez du cristal PV8 en ligne - Cristal PV8 \u00e0 vendre\",\"isPartOf\":{\"@id\":\"https:\/\/nembutalboutique.com\/#website\"},\"primaryImageOfPage\":{\"@id\":\"https:\/\/nembutalboutique.com\/produit\/pv8-cristal\/#primaryimage\"},\"image\":{\"@id\":\"https:\/\/nembutalboutique.com\/produit\/pv8-cristal\/#primaryimage\"},\"thumbnailUrl\":\"https:\/\/nembutalboutique.com\/wp-content\/uploads\/2024\/09\/PV8-Crystal.gif\",\"datePublished\":\"2024-09-16T08:13:49+00:00\",\"dateModified\":\"2024-09-20T10:07:23+00:00\",\"description\":\"Dans notre boutique Nembutal, vous pouvez obtenir du cristal PV8 \u00e0 des prix avantageux. Ici, vous pouvez acheter du cristal PV8 en ligne avec une qualit\u00e9 sup\u00e9rieure dans notre magasin maintenant avec un service d'exp\u00e9dition rapide et s\u00e9curis\u00e9. Commandez maintenant !\",\"breadcrumb\":{\"@id\":\"https:\/\/nembutalboutique.com\/produit\/pv8-cristal\/#breadcrumb\"},\"inLanguage\":\"nl-BE\",\"potentialAction\":[{\"@type\":\"ReadAction\",\"target\":[\"https:\/\/nembutalboutique.com\/produit\/pv8-cristal\/\"]}]},{\"@type\":\"ImageObject\",\"inLanguage\":\"nl-BE\",\"@id\":\"https:\/\/nembutalboutique.com\/produit\/pv8-cristal\/#primaryimage\",\"url\":\"https:\/\/nembutalboutique.com\/wp-content\/uploads\/2024\/09\/PV8-Crystal.gif\",\"contentUrl\":\"https:\/\/nembutalboutique.com\/wp-content\/uploads\/2024\/09\/PV8-Crystal.gif\",\"width\":600,\"height\":600,\"caption\":\"acheter PV8-Crystal.gif\"},{\"@type\":\"BreadcrumbList\",\"@id\":\"https:\/\/nembutalboutique.com\/produit\/pv8-cristal\/#breadcrumb\",\"itemListElement\":[{\"@type\":\"ListItem\",\"position\":1,\"name\":\"Home\",\"item\":\"https:\/\/nembutalboutique.com\/\"},{\"@type\":\"ListItem\",\"position\":2,\"name\":\"Boutique\",\"item\":\"https:\/\/nembutalboutique.com\/shop\/\"},{\"@type\":\"ListItem\",\"position\":3,\"name\":\"PV8 (Cristal)\"}]},{\"@type\":\"WebSite\",\"@id\":\"https:\/\/nembutalboutique.com\/#website\",\"url\":\"https:\/\/nembutalboutique.com\/\",\"name\":\"Nembutal Boutique\",\"description\":\"My WordPress Blog\",\"publisher\":{\"@id\":\"https:\/\/nembutalboutique.com\/#organization\"},\"potentialAction\":[{\"@type\":\"SearchAction\",\"target\":{\"@type\":\"EntryPoint\",\"urlTemplate\":\"https:\/\/nembutalboutique.com\/?s={search_term_string}\"},\"query-input\":{\"@type\":\"PropertyValueSpecification\",\"valueRequired\":true,\"valueName\":\"search_term_string\"}}],\"inLanguage\":\"nl-BE\"},{\"@type\":\"Organization\",\"@id\":\"https:\/\/nembutalboutique.com\/#organization\",\"name\":\"Nembutal Boutique\",\"url\":\"https:\/\/nembutalboutique.com\/\",\"logo\":{\"@type\":\"ImageObject\",\"inLanguage\":\"nl-BE\",\"@id\":\"https:\/\/nembutalboutique.com\/#\/schema\/logo\/image\/\",\"url\":\"https:\/\/nembutalboutique.com\/wp-content\/uploads\/2024\/01\/logo.png\",\"contentUrl\":\"https:\/\/nembutalboutique.com\/wp-content\/uploads\/2024\/01\/logo.png\",\"width\":494,\"height\":121,\"caption\":\"Nembutal Boutique\"},\"image\":{\"@id\":\"https:\/\/nembutalboutique.com\/#\/schema\/logo\/image\/\"}}]}<\/script>\n<!-- \/ Yoast SEO plugin. -->","yoast_head_json":{"title":"PV8 kristal online kopen - PV8 kristal te koop","description":"In onze Nembutal winkel kun je PV8 kristal kopen tegen geweldige prijzen. Hier kun je PV8 kristal online kopen met topkwaliteit in onze winkel nu met een snelle en veilige verzendservice. Bestel nu!","robots":{"index":"index","follow":"follow","max-snippet":"max-snippet:-1","max-image-preview":"max-image-preview:large","max-video-preview":"max-video-preview:-1"},"canonical":"https:\/\/nembutalboutique.com\/nl\/product\/pv8-kristal-online-kopen\/","og_locale":"nl_BE","og_type":"article","og_title":"Achetez du cristal PV8 en ligne - Cristal PV8 \u00e0 vendre","og_description":"Dans notre boutique Nembutal, vous pouvez obtenir du cristal PV8 \u00e0 des prix avantageux. Ici, vous pouvez acheter du cristal PV8 en ligne avec une qualit\u00e9 sup\u00e9rieure dans notre magasin maintenant avec un service d'exp\u00e9dition rapide et s\u00e9curis\u00e9. Commandez maintenant !","og_url":"https:\/\/nembutalboutique.com\/nl\/product\/pv8-kristal-online-kopen\/","og_site_name":"Nembutal Boutique","article_modified_time":"2024-09-20T10:07:23+00:00","og_image":[{"width":600,"height":600,"url":"https:\/\/nembutalboutique.com\/wp-content\/uploads\/2024\/09\/PV8-Crystal.gif","type":"image\/gif"}],"twitter_card":"summary_large_image","twitter_misc":{"Geschatte leestijd":"3 minuten"},"schema":{"@context":"https:\/\/schema.org","@graph":[{"@type":"WebPage","@id":"https:\/\/nembutalboutique.com\/produit\/pv8-cristal\/","url":"https:\/\/nembutalboutique.com\/produit\/pv8-cristal\/","name":"PV8 kristal online kopen - PV8 kristal te koop","isPartOf":{"@id":"https:\/\/nembutalboutique.com\/#website"},"primaryImageOfPage":{"@id":"https:\/\/nembutalboutique.com\/produit\/pv8-cristal\/#primaryimage"},"image":{"@id":"https:\/\/nembutalboutique.com\/produit\/pv8-cristal\/#primaryimage"},"thumbnailUrl":"https:\/\/nembutalboutique.com\/wp-content\/uploads\/2024\/09\/PV8-Crystal.gif","datePublished":"2024-09-16T08:13:49+00:00","dateModified":"2024-09-20T10:07:23+00:00","description":"In onze Nembutal winkel kun je PV8 kristal kopen tegen geweldige prijzen. Hier kun je PV8 kristal online kopen met topkwaliteit in onze winkel nu met een snelle en veilige verzendservice. Bestel nu!","breadcrumb":{"@id":"https:\/\/nembutalboutique.com\/produit\/pv8-cristal\/#breadcrumb"},"inLanguage":"nl-BE","potentialAction":[{"@type":"ReadAction","target":["https:\/\/nembutalboutique.com\/produit\/pv8-cristal\/"]}]},{"@type":"ImageObject","inLanguage":"nl-BE","@id":"https:\/\/nembutalboutique.com\/produit\/pv8-cristal\/#primaryimage","url":"https:\/\/nembutalboutique.com\/wp-content\/uploads\/2024\/09\/PV8-Crystal.gif","contentUrl":"https:\/\/nembutalboutique.com\/wp-content\/uploads\/2024\/09\/PV8-Crystal.gif","width":600,"height":600,"caption":"acheter PV8-Crystal.gif"},{"@type":"BreadcrumbList","@id":"https:\/\/nembutalboutique.com\/produit\/pv8-cristal\/#breadcrumb","itemListElement":[{"@type":"ListItem","position":1,"name":"Home","item":"https:\/\/nembutalboutique.com\/"},{"@type":"ListItem","position":2,"name":"Boutique","item":"https:\/\/nembutalboutique.com\/shop\/"},{"@type":"ListItem","position":3,"name":"PV8 (Cristal)"}]},{"@type":"WebSite","@id":"https:\/\/nembutalboutique.com\/#website","url":"https:\/\/nembutalboutique.com\/","name":"Nembutal winkel","description":"Mijn WordPress Blog","publisher":{"@id":"https:\/\/nembutalboutique.com\/#organization"},"potentialAction":[{"@type":"SearchAction","target":{"@type":"EntryPoint","urlTemplate":"https:\/\/nembutalboutique.com\/?s={search_term_string}"},"query-input":{"@type":"PropertyValueSpecification","valueRequired":true,"valueName":"search_term_string"}}],"inLanguage":"nl-BE"},{"@type":"Organization","@id":"https:\/\/nembutalboutique.com\/#organization","name":"Nembutal winkel","url":"https:\/\/nembutalboutique.com\/","logo":{"@type":"ImageObject","inLanguage":"nl-BE","@id":"https:\/\/nembutalboutique.com\/#\/schema\/logo\/image\/","url":"https:\/\/nembutalboutique.com\/wp-content\/uploads\/2024\/01\/logo.png","contentUrl":"https:\/\/nembutalboutique.com\/wp-content\/uploads\/2024\/01\/logo.png","width":494,"height":121,"caption":"Nembutal Boutique"},"image":{"@id":"https:\/\/nembutalboutique.com\/#\/schema\/logo\/image\/"}}]}},"_links":{"self":[{"href":"https:\/\/nembutalboutique.com\/nl\/wp-json\/wp\/v2\/product\/2944"}],"collection":[{"href":"https:\/\/nembutalboutique.com\/nl\/wp-json\/wp\/v2\/product"}],"about":[{"href":"https:\/\/nembutalboutique.com\/nl\/wp-json\/wp\/v2\/types\/product"}],"replies":[{"embeddable":true,"href":"https:\/\/nembutalboutique.com\/nl\/wp-json\/wp\/v2\/comments?post=2944"}],"wp:featuredmedia":[{"embeddable":true,"href":"https:\/\/nembutalboutique.com\/nl\/wp-json\/wp\/v2\/media\/2974"}],"wp:attachment":[{"href":"https:\/\/nembutalboutique.com\/nl\/wp-json\/wp\/v2\/media?parent=2944"}],"wp:term":[{"taxonomy":"product_brand","embeddable":true,"href":"https:\/\/nembutalboutique.com\/nl\/wp-json\/wp\/v2\/product_brand?post=2944"},{"taxonomy":"product_cat","embeddable":true,"href":"https:\/\/nembutalboutique.com\/nl\/wp-json\/wp\/v2\/product_cat?post=2944"},{"taxonomy":"product_tag","embeddable":true,"href":"https:\/\/nembutalboutique.com\/nl\/wp-json\/wp\/v2\/product_tag?post=2944"}],"curies":[{"name":"wp","href":"https:\/\/api.w.org\/{rel}","templated":true}]}}