{"id":2943,"date":"2024-09-16T08:13:49","date_gmt":"2024-09-16T08:13:49","guid":{"rendered":"https:\/\/nembutalboutique.com\/?post_type=product&#038;p=2943"},"modified":"2024-09-20T10:16:13","modified_gmt":"2024-09-20T10:16:13","slug":"pv8","status":"publish","type":"product","link":"https:\/\/nembutalboutique.com\/nl\/product\/meo-pv8-kopen\/","title":{"rendered":"PV8"},"content":{"rendered":"<h2>PV-8-Kristall online kopen.<\/h2>\n<p>kopen <a href=\"https:\/\/nembutalboutique.com\/produit\/pv8\/\">PV-8 kristal<\/a>ook bekend als \u03b1-pyrrolidinopentiofenon (\u03b1-PVP), een psychoactieve analoog van pyrovaleron die in de Verenigde Staten op lijst V staat.<\/p>\n<p>Inhoud<\/p>\n<p>1. PV8-Kristall online kopen<\/p>\n<p>2. Gelijkwaardig<\/p>\n<p>3. Technische gegevens<\/p>\n<p>4. Chi-Code<\/p>\n<p>5. Leverings- en opslagdata<\/p>\n<p>PV8-Kristall online kopen.<\/p>\n<p>Er wordt steeds meer onderzoek gedaan naar synthetische geneesmiddelen op basis van pyrrolidinofenon, zoals \u03b1-PVP. De chemische verbinding <a href=\"https:\/\/en.wikipedia.org\/wiki\/%CE%91-Pyrrolidinoheptaphenone\">PV8<\/a> (hydrochloride) verschilt van \u03b1-PVP doordat het heptafenon bevat in plaats van pentiofenon.<\/p>\n<p>De fysiologische en toxicologische eigenschappen van deze combinatie zijn onbekend. PV8 is gereguleerd als een klasse I chemische stof in de Verenigde Staten. De beoogde toepassingen voor dit product zijn zowel forensische als onderzoeksdoeleinden.<\/p>\n<p>Verschillende onderzoekers hebben om structurele redenen diethylpropion of diethylftale\u00efne als geschikte modellen voorgesteld. Sommigen stellen dat M-PPP (4\u2032-methyl-\u03b1-pyrrolidinopropiofenon) een vergelijkbare verbinding is.<\/p>\n<p>Pv-8-Kristall, ook bekend als 1-pentanon, 1-fenyl-2-(1-pyrrolidinyl) en 2-pyrrolidin-1-yl-1-fenylpentan-1-on, is een hoogontwikkelde onderzoeksmolecule die soms vergeleken wordt met de stof \u03b1-PVP.<\/p>\n<p>\u03b1-Pyrrolidinopentiofenon (\u03b1-PVP) is een analoog van pyrovaleron, een psychoactieve stof die in de Verenigde Staten op lijst V staat. Er wordt steeds meer onderzoek gedaan naar synthetische drugs gemaakt van pyrrolidinofenon, zoals \u03b1-PVP.1,2 PV8 (hydrochloride) verschilt van \u03b1-PVP doordat MEO-PV8 in heptafenon zit in plaats van pentiofenon.<\/p>\n<h3>PV8-Kristall vergelijken en kopen<\/h3>\n<p>\u03b1-phpP-Synoniem<\/p>\n<h3>4-MEO-PV8 online te koop | 4-MEO-PV8 online te koop<\/h3>\n<p>Het leveringsverhaal van Nembutal is er een van onwrikbaar succes in een relatief korte periode. Vanaf ons nederige begin zijn we uitgegroeid tot een van de meest gerenommeerde en vertrouwde leveranciers van researchchemicali\u00ebn en hebben we uitstekende werkrelaties opgebouwd met veel van 's werelds toonaangevende farmaceutische bedrijven, onderzoekslaboratoria en prestigieuze onderwijsinstellingen. aufgebaut. Dit heeft ons in staat gesteld om onze klanten* consequent te voorzien van producten van het hoogste kaliber.<\/p>\n<p>We hebben een toegewijd team van medewerkers wiens enthousiasme voor chemie heeft geleid tot de ontwikkeling van nieuwe referentieproducten die niet alleen erg populair zijn bij onze brede klantenkring, maar ook binnen de industrie.<\/p>\n<p>We streven er voortdurend naar om de industrie te leiden in innovatie; we staan open voor nieuwe concepten en innovatieve bedrijfsstrategie\u00ebn zonder de fundamentele principes waarop we zijn gebouwd op te offeren. We streven ernaar een eerlijk en integer bedrijf te zijn en we doen er alles aan om dit te laten zien in de manier waarop we zaken doen door ethisch verantwoorde partners en klanten te selecteren en hen voor te lichten over elk facet van onze productassortimenten.<br \/>\nOmdat consistentie vaak een probleem is in deze markt, hebben we een volledig functioneel, ultramodern laboratorium om te testen en te garanderen dat de onderzoekschemicali\u00ebn die je ontvangt in de zuiverst mogelijke vorm aanwezig zijn, zodat je elke keer de beste resultaten krijgt. 4-MEO-PV8 voor online aankopen<\/p>","protected":false},"excerpt":{"rendered":"<p>Acheter PV-8-Kristall en ligne. Acheter PV-8 Crystal, \u00e9galement connu sous le nom d&rsquo;\u03b1-Pyrrolidinopentioph\u00e9none (\u03b1-PVP), qui est un analogue psychoactif de la pyroval\u00e9rone r\u00e9glement\u00e9 comme annexe V aux \u00c9tats-Unis. Contenu 1. Acheter PV8-Kristall en ligne 2. \u00c9quivalent 3. Donn\u00e9es techniques 4. Chi-Code 5. Dates de livraison et de stockage Acheter PV8-Kristall en ligne. De plus en [&hellip;]<\/p>","protected":false},"featured_media":2973,"comment_status":"open","ping_status":"closed","template":"","meta":{"_joinchat":[]},"product_brand":[],"product_cat":[385],"product_tag":[],"class_list":{"0":"post-2943","1":"product","2":"type-product","3":"status-publish","4":"has-post-thumbnail","6":"product_cat-forschung-schemikalien","8":"first","9":"instock","10":"shipping-taxable","11":"purchasable","12":"product-type-variable"},"yoast_head":"<!-- This site is optimized with the Yoast SEO plugin v23.5 - https:\/\/yoast.com\/wordpress\/plugins\/seo\/ -->\n<title>Achetez MEO-PV8 en ligne - MEO-PV8 \u00e0 vendre<\/title>\n<meta name=\"description\" content=\"Vous pouvez acheter MEO-PV8 en ligne aux meilleurs prix dans notre boutique en ligne. Nous proposons \u00e0 la vente des MEO-PV8 bon march\u00e9 et de haute qualit\u00e9 et proposons une livraison dans le monde entier. Vous pouvez commander \u00e0 tout moment et en tout lieu.\" \/>\n<meta name=\"robots\" content=\"index, follow, max-snippet:-1, max-image-preview:large, max-video-preview:-1\" \/>\n<link rel=\"canonical\" href=\"https:\/\/nembutalboutique.com\/nl\/product\/meo-pv8-kopen\/\" \/>\n<meta property=\"og:locale\" content=\"nl_BE\" \/>\n<meta property=\"og:type\" content=\"article\" \/>\n<meta property=\"og:title\" content=\"Achetez MEO-PV8 en ligne - MEO-PV8 \u00e0 vendre\" \/>\n<meta property=\"og:description\" content=\"Vous pouvez acheter MEO-PV8 en ligne aux meilleurs prix dans notre boutique en ligne. Nous proposons \u00e0 la vente des MEO-PV8 bon march\u00e9 et de haute qualit\u00e9 et proposons une livraison dans le monde entier. Vous pouvez commander \u00e0 tout moment et en tout lieu.\" \/>\n<meta property=\"og:url\" content=\"https:\/\/nembutalboutique.com\/nl\/product\/meo-pv8-kopen\/\" \/>\n<meta property=\"og:site_name\" content=\"Nembutal Boutique\" \/>\n<meta property=\"article:modified_time\" content=\"2024-09-20T10:16:13+00:00\" \/>\n<meta property=\"og:image\" content=\"https:\/\/nembutalboutique.com\/wp-content\/uploads\/2024\/09\/MEO-PV8.gif\" \/>\n\t<meta property=\"og:image:width\" content=\"600\" \/>\n\t<meta property=\"og:image:height\" content=\"600\" \/>\n\t<meta property=\"og:image:type\" content=\"image\/gif\" \/>\n<meta name=\"twitter:card\" content=\"summary_large_image\" \/>\n<meta name=\"twitter:label1\" content=\"Geschatte leestijd\" \/>\n\t<meta name=\"twitter:data1\" content=\"3 minuten\" \/>\n<script type=\"application\/ld+json\" class=\"yoast-schema-graph\">{\"@context\":\"https:\/\/schema.org\",\"@graph\":[{\"@type\":\"WebPage\",\"@id\":\"https:\/\/nembutalboutique.com\/produit\/pv8\/\",\"url\":\"https:\/\/nembutalboutique.com\/produit\/pv8\/\",\"name\":\"Achetez MEO-PV8 en ligne - MEO-PV8 \u00e0 vendre\",\"isPartOf\":{\"@id\":\"https:\/\/nembutalboutique.com\/#website\"},\"primaryImageOfPage\":{\"@id\":\"https:\/\/nembutalboutique.com\/produit\/pv8\/#primaryimage\"},\"image\":{\"@id\":\"https:\/\/nembutalboutique.com\/produit\/pv8\/#primaryimage\"},\"thumbnailUrl\":\"https:\/\/nembutalboutique.com\/wp-content\/uploads\/2024\/09\/MEO-PV8.gif\",\"datePublished\":\"2024-09-16T08:13:49+00:00\",\"dateModified\":\"2024-09-20T10:16:13+00:00\",\"description\":\"Vous pouvez acheter MEO-PV8 en ligne aux meilleurs prix dans notre boutique en ligne. Nous proposons \u00e0 la vente des MEO-PV8 bon march\u00e9 et de haute qualit\u00e9 et proposons une livraison dans le monde entier. Vous pouvez commander \u00e0 tout moment et en tout lieu.\",\"breadcrumb\":{\"@id\":\"https:\/\/nembutalboutique.com\/produit\/pv8\/#breadcrumb\"},\"inLanguage\":\"nl-BE\",\"potentialAction\":[{\"@type\":\"ReadAction\",\"target\":[\"https:\/\/nembutalboutique.com\/produit\/pv8\/\"]}]},{\"@type\":\"ImageObject\",\"inLanguage\":\"nl-BE\",\"@id\":\"https:\/\/nembutalboutique.com\/produit\/pv8\/#primaryimage\",\"url\":\"https:\/\/nembutalboutique.com\/wp-content\/uploads\/2024\/09\/MEO-PV8.gif\",\"contentUrl\":\"https:\/\/nembutalboutique.com\/wp-content\/uploads\/2024\/09\/MEO-PV8.gif\",\"width\":600,\"height\":600,\"caption\":\"Acheter MEO-PV8.gif\"},{\"@type\":\"BreadcrumbList\",\"@id\":\"https:\/\/nembutalboutique.com\/produit\/pv8\/#breadcrumb\",\"itemListElement\":[{\"@type\":\"ListItem\",\"position\":1,\"name\":\"Home\",\"item\":\"https:\/\/nembutalboutique.com\/\"},{\"@type\":\"ListItem\",\"position\":2,\"name\":\"Boutique\",\"item\":\"https:\/\/nembutalboutique.com\/shop\/\"},{\"@type\":\"ListItem\",\"position\":3,\"name\":\"PV8\"}]},{\"@type\":\"WebSite\",\"@id\":\"https:\/\/nembutalboutique.com\/#website\",\"url\":\"https:\/\/nembutalboutique.com\/\",\"name\":\"Nembutal Boutique\",\"description\":\"My WordPress Blog\",\"publisher\":{\"@id\":\"https:\/\/nembutalboutique.com\/#organization\"},\"potentialAction\":[{\"@type\":\"SearchAction\",\"target\":{\"@type\":\"EntryPoint\",\"urlTemplate\":\"https:\/\/nembutalboutique.com\/?s={search_term_string}\"},\"query-input\":{\"@type\":\"PropertyValueSpecification\",\"valueRequired\":true,\"valueName\":\"search_term_string\"}}],\"inLanguage\":\"nl-BE\"},{\"@type\":\"Organization\",\"@id\":\"https:\/\/nembutalboutique.com\/#organization\",\"name\":\"Nembutal Boutique\",\"url\":\"https:\/\/nembutalboutique.com\/\",\"logo\":{\"@type\":\"ImageObject\",\"inLanguage\":\"nl-BE\",\"@id\":\"https:\/\/nembutalboutique.com\/#\/schema\/logo\/image\/\",\"url\":\"https:\/\/nembutalboutique.com\/wp-content\/uploads\/2024\/01\/logo.png\",\"contentUrl\":\"https:\/\/nembutalboutique.com\/wp-content\/uploads\/2024\/01\/logo.png\",\"width\":494,\"height\":121,\"caption\":\"Nembutal Boutique\"},\"image\":{\"@id\":\"https:\/\/nembutalboutique.com\/#\/schema\/logo\/image\/\"}}]}<\/script>\n<!-- \/ Yoast SEO plugin. -->","yoast_head_json":{"title":"MEO-PV8 online kopen - MEO-PV8 te koop","description":"U kunt MEO-PV8 online kopen tegen de beste prijzen in onze online winkel. Wij bieden goedkope MEO-PV8s van hoge kwaliteit te koop en wereldwijde levering. Je kunt altijd en overal bestellen.","robots":{"index":"index","follow":"follow","max-snippet":"max-snippet:-1","max-image-preview":"max-image-preview:large","max-video-preview":"max-video-preview:-1"},"canonical":"https:\/\/nembutalboutique.com\/nl\/product\/meo-pv8-kopen\/","og_locale":"nl_BE","og_type":"article","og_title":"Achetez MEO-PV8 en ligne - MEO-PV8 \u00e0 vendre","og_description":"Vous pouvez acheter MEO-PV8 en ligne aux meilleurs prix dans notre boutique en ligne. Nous proposons \u00e0 la vente des MEO-PV8 bon march\u00e9 et de haute qualit\u00e9 et proposons une livraison dans le monde entier. Vous pouvez commander \u00e0 tout moment et en tout lieu.","og_url":"https:\/\/nembutalboutique.com\/nl\/product\/meo-pv8-kopen\/","og_site_name":"Nembutal Boutique","article_modified_time":"2024-09-20T10:16:13+00:00","og_image":[{"width":600,"height":600,"url":"https:\/\/nembutalboutique.com\/wp-content\/uploads\/2024\/09\/MEO-PV8.gif","type":"image\/gif"}],"twitter_card":"summary_large_image","twitter_misc":{"Geschatte leestijd":"3 minuten"},"schema":{"@context":"https:\/\/schema.org","@graph":[{"@type":"WebPage","@id":"https:\/\/nembutalboutique.com\/produit\/pv8\/","url":"https:\/\/nembutalboutique.com\/produit\/pv8\/","name":"MEO-PV8 online kopen - MEO-PV8 te koop","isPartOf":{"@id":"https:\/\/nembutalboutique.com\/#website"},"primaryImageOfPage":{"@id":"https:\/\/nembutalboutique.com\/produit\/pv8\/#primaryimage"},"image":{"@id":"https:\/\/nembutalboutique.com\/produit\/pv8\/#primaryimage"},"thumbnailUrl":"https:\/\/nembutalboutique.com\/wp-content\/uploads\/2024\/09\/MEO-PV8.gif","datePublished":"2024-09-16T08:13:49+00:00","dateModified":"2024-09-20T10:16:13+00:00","description":"U kunt MEO-PV8 online kopen tegen de beste prijzen in onze online winkel. Wij bieden goedkope MEO-PV8s van hoge kwaliteit te koop en wereldwijde levering. Je kunt altijd en overal bestellen.","breadcrumb":{"@id":"https:\/\/nembutalboutique.com\/produit\/pv8\/#breadcrumb"},"inLanguage":"nl-BE","potentialAction":[{"@type":"ReadAction","target":["https:\/\/nembutalboutique.com\/produit\/pv8\/"]}]},{"@type":"ImageObject","inLanguage":"nl-BE","@id":"https:\/\/nembutalboutique.com\/produit\/pv8\/#primaryimage","url":"https:\/\/nembutalboutique.com\/wp-content\/uploads\/2024\/09\/MEO-PV8.gif","contentUrl":"https:\/\/nembutalboutique.com\/wp-content\/uploads\/2024\/09\/MEO-PV8.gif","width":600,"height":600,"caption":"Acheter MEO-PV8.gif"},{"@type":"BreadcrumbList","@id":"https:\/\/nembutalboutique.com\/produit\/pv8\/#breadcrumb","itemListElement":[{"@type":"ListItem","position":1,"name":"Home","item":"https:\/\/nembutalboutique.com\/"},{"@type":"ListItem","position":2,"name":"Boutique","item":"https:\/\/nembutalboutique.com\/shop\/"},{"@type":"ListItem","position":3,"name":"PV8"}]},{"@type":"WebSite","@id":"https:\/\/nembutalboutique.com\/#website","url":"https:\/\/nembutalboutique.com\/","name":"Nembutal winkel","description":"Mijn WordPress Blog","publisher":{"@id":"https:\/\/nembutalboutique.com\/#organization"},"potentialAction":[{"@type":"SearchAction","target":{"@type":"EntryPoint","urlTemplate":"https:\/\/nembutalboutique.com\/?s={search_term_string}"},"query-input":{"@type":"PropertyValueSpecification","valueRequired":true,"valueName":"search_term_string"}}],"inLanguage":"nl-BE"},{"@type":"Organization","@id":"https:\/\/nembutalboutique.com\/#organization","name":"Nembutal winkel","url":"https:\/\/nembutalboutique.com\/","logo":{"@type":"ImageObject","inLanguage":"nl-BE","@id":"https:\/\/nembutalboutique.com\/#\/schema\/logo\/image\/","url":"https:\/\/nembutalboutique.com\/wp-content\/uploads\/2024\/01\/logo.png","contentUrl":"https:\/\/nembutalboutique.com\/wp-content\/uploads\/2024\/01\/logo.png","width":494,"height":121,"caption":"Nembutal Boutique"},"image":{"@id":"https:\/\/nembutalboutique.com\/#\/schema\/logo\/image\/"}}]}},"_links":{"self":[{"href":"https:\/\/nembutalboutique.com\/nl\/wp-json\/wp\/v2\/product\/2943"}],"collection":[{"href":"https:\/\/nembutalboutique.com\/nl\/wp-json\/wp\/v2\/product"}],"about":[{"href":"https:\/\/nembutalboutique.com\/nl\/wp-json\/wp\/v2\/types\/product"}],"replies":[{"embeddable":true,"href":"https:\/\/nembutalboutique.com\/nl\/wp-json\/wp\/v2\/comments?post=2943"}],"wp:featuredmedia":[{"embeddable":true,"href":"https:\/\/nembutalboutique.com\/nl\/wp-json\/wp\/v2\/media\/2973"}],"wp:attachment":[{"href":"https:\/\/nembutalboutique.com\/nl\/wp-json\/wp\/v2\/media?parent=2943"}],"wp:term":[{"taxonomy":"product_brand","embeddable":true,"href":"https:\/\/nembutalboutique.com\/nl\/wp-json\/wp\/v2\/product_brand?post=2943"},{"taxonomy":"product_cat","embeddable":true,"href":"https:\/\/nembutalboutique.com\/nl\/wp-json\/wp\/v2\/product_cat?post=2943"},{"taxonomy":"product_tag","embeddable":true,"href":"https:\/\/nembutalboutique.com\/nl\/wp-json\/wp\/v2\/product_tag?post=2943"}],"curies":[{"name":"wp","href":"https:\/\/api.w.org\/{rel}","templated":true}]}}