{"id":2942,"date":"2024-09-16T08:13:49","date_gmt":"2024-09-16T08:13:49","guid":{"rendered":"https:\/\/nembutalboutique.com\/?post_type=product&#038;p=2942"},"modified":"2024-09-20T10:09:08","modified_gmt":"2024-09-20T10:09:08","slug":"meo-pv9","status":"publish","type":"product","link":"https:\/\/nembutalboutique.com\/nl\/product\/meo-pv9-online-kopen\/","title":{"rendered":"MEO-PV9"},"content":{"rendered":"<h2>MeO-PV9 online kopen<\/h2>\n<p>MeO-PV9 4-meo-pv9 is een langgerekte homoloog die structureel geassocieerd is met andere stoffen. De wetenschappelijke naam is 1-(4-fluorfenyl)-2-(pyrrolidin-1-yl)octan-1-one.<\/p>\n<p>De sommatieformule voor 4-meo-pv9 is C19H29NO2.<\/p>\n<p>De exacte massa is 303,22 en het moleculaire gewicht is 303,44.<\/p>\n<p>De stof is een wit kristallijn poeder met een zuiverheidsgraad van 98 %.<\/p>\n<p>In de gebruiksaanwijzing van meo-pv9 staat alleen dat het moet worden bewaard op een koele, droge plaats uit de buurt van warmte en vocht; er staat niet in hoe lang het levensvatbaar blijft.<\/p>\n<p>Studies over <a href=\"https:\/\/en.wikipedia.org\/wiki\/4%27-Fluoro-%CE%B1-pyrrolidinooctanophenone\">4-meo-pv9<\/a> werden uitgevoerd in combinatie met ander onderzoek naar chemische stoffen die in de jaren 1960 werden ontwikkeld.<\/p>\n<p>Hoewel het onderzoek naar 4f-pv9 nog gaande is, zijn er momenteel geen overtuigende gegevens beschikbaar.<\/p>\n<p>De 4-meo-pv9 zoekmodule moet nog bestudeerd worden om de potenti\u00eble toepassingen volledig te begrijpen.<\/p>\n<p>Het wordt NIET aanbevolen voor menselijk gebruik en kan rechtstreeks bij de fabrikant worden verkregen voor wetenschappelijk onderzoek.<\/p>\n<p>Verdere studies naar de chemische verbinding 4-meo-pv9 zullen waarschijnlijk worden uitgevoerd.<\/p>\n<p>2-(pyrrolidin-1-yl)octaan-1-on, ook bekend als Lupac 1-(4-fluorfenyl)-2-(pyrrolidin-1-yl)octaan-1-on, is een langgerekte homoloog die structurele overeenkomsten heeft met andere chemische stoffen.<\/p>\n<p>De chemische formule van 1-(4-fluorfenyl)-2-(pyrrolidin-1-yl)octaan-1-on is C19H29NO2.<\/p>\n<p>De exacte massa is 303,22 en het moleculaire gewicht 303,44.<\/p>\n<p>De stof is een wit kristallijn poeder met een Reinheitsgrad van 98 %.<\/p>\n<p>De gebruiksaanwijzing van 1-(4-fluorfenyl)-2-(pyrrolidin-1-yl)octan-1-one raadt alleen aan om warmte en vochtigheid te vermijden en het product op een koele, droge plaats te bewaren; de houdbaarheid van het product wordt niet gespecificeerd.<\/p>\n<p>Studies naar 1-(4-fluorfenyl)-2-(pyrrolidin-1-yl)octan-1-one werden uitgevoerd in combinatie met andere studies waarbij deze chemische stof werd ontwikkeld in de jaren 1960.<br \/>\nHoewel het onderzoek naar 1-(4-fluorfenyl)-2-(pyrrolidin-1-yl)octan-1-one nog gaande is, zijn er tot op heden geen overtuigende gegevens beschikbaar.<\/p>\n<p>1-(4-fluorfenyl)-2-(pyrrolidin-1-yl)octan-1-one is een moleculaire verbinding voor onderzoek die verder moet worden onderzocht om de mogelijke toepassingen te bepalen.<\/p>\n<p>Het wordt NIET aanbevolen voor menselijk gebruik en kan rechtstreeks bij de fabrikant worden verkregen voor wetenschappelijk onderzoek.<\/p>\n<p>Meer informatie over de chemische verbinding 1-(4-fluorfenyl)-2-(pyrrolidin-1-yl)octan-1-one zou binnenkort beschikbaar moeten zijn.<\/p>\n<h3>4- MEO-PV9 online kopen<\/h3>\n<p>Le 4-<a href=\"https:\/\/nembutalboutique.com\/produit\/meo-pv9\/\">MEO-PV9<\/a>ook bekend als 1-(4-fluorfenyl)-2-(pyrrolidin-1-yl)octaan-1-on, is een langgerekte homoloog met een vergelijkbare structuur en verwante verbindingen. De chemische formule van 4-Meo-pv9 is C19H29NO2. De exacte massa is 303,22 en het molecuulgewicht is 303,44. Het mengsel heeft een Reinheit gehalte van 98 % en is een wit kristallijn poeder. 4- MEO-PV9 online kopen<\/p>\n<p>In de gebruiksaanwijzing van de 4-MEO-PV9 staat dat het apparaat uit de buurt van hitte en vochtigheid moet worden gehouden en dat het op een koele, droge plaats moet worden bewaard, zonder te vermelden dat het apparaat kan worden opgeborgen.<\/p>\n<p>Het 4-meo-pv9-onderzoek werd uitgevoerd in combinatie met andere onderzoeken die hielpen het verband te leggen in de jaren 1960. Momenteel zijn er geen significante gegevens over 4f-pv9, ondanks lopend onderzoek. 4- MEO-PV9 online kopen<\/p>\n<p>Deze onderzoekslink over 4-MEO-PV9 vereist verder onderzoek om meer te weten te komen over de waarde van de chemische stof. Het kan rechtstreeks bij de fabrikant worden gekocht voor wetenschappelijk onderzoek en wordt niet aanbevolen voor menselijke consumptie. Te zijner tijd zouden meer onderzoeksgegevens over de chemische verbinding 4-meo-pv9 beschikbaar moeten komen.<\/p>\n<h3>4-Methoxy-PV9 online winkelen - 4-MEO-PV9 online winkelen<\/h3>\n<p>Het verhaal van de aankoop van Nembutal is er een van onwrikbaar succes in korte tijd. 4-Koop Methoxy-PV9 online<\/p>\n<p>Van een bescheiden begin zijn we uitgegroeid tot een van de meest gewaardeerde en gerenommeerde leveranciers van researchchemicali\u00ebn door uitstekende werkrelaties op te bouwen met vele gerenommeerde farmaceutische bedrijven, internationale onderzoekslaboratoria en academische instellingen. Dit heeft ons in staat gesteld om onze klanten* consequent te voorzien van producten van het hoogste kaliber. 4- MEO-PV9 online kopen<\/p>\n<p>We hebben een toegewijd team van medewerkers wiens enthousiasme voor chemie heeft geleid tot de ontwikkeling van nieuwe benchmarkproducten die niet alleen erg populair zijn bij onze brede klantenkring, maar ook binnen de industrie. 4- MEO-PV9 online kopen<\/p>\n<p>We streven er voortdurend naar om de industrie te leiden in innovatie; we staan open voor nieuwe concepten en benaderingen van bedrijfsstrategie\u00ebn zonder de fundamentele principes waarop we zijn gebouwd op te offeren.<\/p>","protected":false},"excerpt":{"rendered":"<p>Acheter en ligne de MeO-PV9 MeO-PV9 Le 4-meo-pv9 est un homologue allong\u00e9 structurellement associ\u00e9 \u00e0 d&rsquo;autres substances. Son nom scientifique est 1-(4-fluoroph\u00e9nyl)-2-(pyrrolidin-1-yl)octan-1-one. La formule de sommation du 4-meo-pv9 est C19H29NO2. Sa masse exacte est 303,22 et son poids mol\u00e9culaire est 303,44. La substance est une poudre cristalline blanche avec un degr\u00e9 de puret\u00e9 de 98 [&hellip;]<\/p>","protected":false},"featured_media":2972,"comment_status":"open","ping_status":"closed","template":"","meta":{"_joinchat":[]},"product_brand":[],"product_cat":[385],"product_tag":[],"class_list":{"0":"post-2942","1":"product","2":"type-product","3":"status-publish","4":"has-post-thumbnail","6":"product_cat-forschung-schemikalien","8":"first","9":"instock","10":"shipping-taxable","11":"purchasable","12":"product-type-variable"},"yoast_head":"<!-- This site is optimized with the Yoast SEO plugin v23.5 - https:\/\/yoast.com\/wordpress\/plugins\/seo\/ -->\n<title>Achetez Meo PV9 en ligne - Meo PV9 \u00e0 vendre<\/title>\n<meta name=\"description\" content=\"Vous pouvez acheter Meo PV9 en ligne aux meilleurs prix dans notre boutique en ligne. Nous proposons \u00e0 la vente des Meo PV9 bon march\u00e9 et de haute qualit\u00e9 et proposons une livraison dans le monde entier. Vous pouvez commander de n&#039;importe o\u00f9, \u00e0 tout moment.\" \/>\n<meta name=\"robots\" content=\"index, follow, max-snippet:-1, max-image-preview:large, max-video-preview:-1\" \/>\n<link rel=\"canonical\" href=\"https:\/\/nembutalboutique.com\/nl\/product\/meo-pv9-online-kopen\/\" \/>\n<meta property=\"og:locale\" content=\"nl_BE\" \/>\n<meta property=\"og:type\" content=\"article\" \/>\n<meta property=\"og:title\" content=\"Achetez Meo PV9 en ligne - Meo PV9 \u00e0 vendre\" \/>\n<meta property=\"og:description\" content=\"Vous pouvez acheter Meo PV9 en ligne aux meilleurs prix dans notre boutique en ligne. Nous proposons \u00e0 la vente des Meo PV9 bon march\u00e9 et de haute qualit\u00e9 et proposons une livraison dans le monde entier. Vous pouvez commander de n&#039;importe o\u00f9, \u00e0 tout moment.\" \/>\n<meta property=\"og:url\" content=\"https:\/\/nembutalboutique.com\/nl\/product\/meo-pv9-online-kopen\/\" \/>\n<meta property=\"og:site_name\" content=\"Nembutal Boutique\" \/>\n<meta property=\"article:modified_time\" content=\"2024-09-20T10:09:08+00:00\" \/>\n<meta property=\"og:image\" content=\"https:\/\/nembutalboutique.com\/wp-content\/uploads\/2024\/09\/MEO-PV9.gif\" \/>\n\t<meta property=\"og:image:width\" content=\"600\" \/>\n\t<meta property=\"og:image:height\" content=\"600\" \/>\n\t<meta property=\"og:image:type\" content=\"image\/gif\" \/>\n<meta name=\"twitter:card\" content=\"summary_large_image\" \/>\n<meta name=\"twitter:label1\" content=\"Geschatte leestijd\" \/>\n\t<meta name=\"twitter:data1\" content=\"4 minuten\" \/>\n<script type=\"application\/ld+json\" class=\"yoast-schema-graph\">{\"@context\":\"https:\/\/schema.org\",\"@graph\":[{\"@type\":\"WebPage\",\"@id\":\"https:\/\/nembutalboutique.com\/produit\/meo-pv9\/\",\"url\":\"https:\/\/nembutalboutique.com\/produit\/meo-pv9\/\",\"name\":\"Achetez Meo PV9 en ligne - Meo PV9 \u00e0 vendre\",\"isPartOf\":{\"@id\":\"https:\/\/nembutalboutique.com\/#website\"},\"primaryImageOfPage\":{\"@id\":\"https:\/\/nembutalboutique.com\/produit\/meo-pv9\/#primaryimage\"},\"image\":{\"@id\":\"https:\/\/nembutalboutique.com\/produit\/meo-pv9\/#primaryimage\"},\"thumbnailUrl\":\"https:\/\/nembutalboutique.com\/wp-content\/uploads\/2024\/09\/MEO-PV9.gif\",\"datePublished\":\"2024-09-16T08:13:49+00:00\",\"dateModified\":\"2024-09-20T10:09:08+00:00\",\"description\":\"Vous pouvez acheter Meo PV9 en ligne aux meilleurs prix dans notre boutique en ligne. Nous proposons \u00e0 la vente des Meo PV9 bon march\u00e9 et de haute qualit\u00e9 et proposons une livraison dans le monde entier. Vous pouvez commander de n'importe o\u00f9, \u00e0 tout moment.\",\"breadcrumb\":{\"@id\":\"https:\/\/nembutalboutique.com\/produit\/meo-pv9\/#breadcrumb\"},\"inLanguage\":\"nl-BE\",\"potentialAction\":[{\"@type\":\"ReadAction\",\"target\":[\"https:\/\/nembutalboutique.com\/produit\/meo-pv9\/\"]}]},{\"@type\":\"ImageObject\",\"inLanguage\":\"nl-BE\",\"@id\":\"https:\/\/nembutalboutique.com\/produit\/meo-pv9\/#primaryimage\",\"url\":\"https:\/\/nembutalboutique.com\/wp-content\/uploads\/2024\/09\/MEO-PV9.gif\",\"contentUrl\":\"https:\/\/nembutalboutique.com\/wp-content\/uploads\/2024\/09\/MEO-PV9.gif\",\"width\":600,\"height\":600,\"caption\":\"Acheter MEO-PV9.gif\"},{\"@type\":\"BreadcrumbList\",\"@id\":\"https:\/\/nembutalboutique.com\/produit\/meo-pv9\/#breadcrumb\",\"itemListElement\":[{\"@type\":\"ListItem\",\"position\":1,\"name\":\"Home\",\"item\":\"https:\/\/nembutalboutique.com\/\"},{\"@type\":\"ListItem\",\"position\":2,\"name\":\"Boutique\",\"item\":\"https:\/\/nembutalboutique.com\/shop\/\"},{\"@type\":\"ListItem\",\"position\":3,\"name\":\"MEO-PV9\"}]},{\"@type\":\"WebSite\",\"@id\":\"https:\/\/nembutalboutique.com\/#website\",\"url\":\"https:\/\/nembutalboutique.com\/\",\"name\":\"Nembutal Boutique\",\"description\":\"My WordPress Blog\",\"publisher\":{\"@id\":\"https:\/\/nembutalboutique.com\/#organization\"},\"potentialAction\":[{\"@type\":\"SearchAction\",\"target\":{\"@type\":\"EntryPoint\",\"urlTemplate\":\"https:\/\/nembutalboutique.com\/?s={search_term_string}\"},\"query-input\":{\"@type\":\"PropertyValueSpecification\",\"valueRequired\":true,\"valueName\":\"search_term_string\"}}],\"inLanguage\":\"nl-BE\"},{\"@type\":\"Organization\",\"@id\":\"https:\/\/nembutalboutique.com\/#organization\",\"name\":\"Nembutal Boutique\",\"url\":\"https:\/\/nembutalboutique.com\/\",\"logo\":{\"@type\":\"ImageObject\",\"inLanguage\":\"nl-BE\",\"@id\":\"https:\/\/nembutalboutique.com\/#\/schema\/logo\/image\/\",\"url\":\"https:\/\/nembutalboutique.com\/wp-content\/uploads\/2024\/01\/logo.png\",\"contentUrl\":\"https:\/\/nembutalboutique.com\/wp-content\/uploads\/2024\/01\/logo.png\",\"width\":494,\"height\":121,\"caption\":\"Nembutal Boutique\"},\"image\":{\"@id\":\"https:\/\/nembutalboutique.com\/#\/schema\/logo\/image\/\"}}]}<\/script>\n<!-- \/ Yoast SEO plugin. -->","yoast_head_json":{"title":"Meo PV9 online kopen - Meo PV9 te koop","description":"Je kunt Meo PV9 online kopen tegen de beste prijzen in onze online winkel. Wij bieden goedkope Meo PV9 van hoge kwaliteit te koop en wereldwijde levering. Je kunt altijd en overal bestellen.","robots":{"index":"index","follow":"follow","max-snippet":"max-snippet:-1","max-image-preview":"max-image-preview:large","max-video-preview":"max-video-preview:-1"},"canonical":"https:\/\/nembutalboutique.com\/nl\/product\/meo-pv9-online-kopen\/","og_locale":"nl_BE","og_type":"article","og_title":"Achetez Meo PV9 en ligne - Meo PV9 \u00e0 vendre","og_description":"Vous pouvez acheter Meo PV9 en ligne aux meilleurs prix dans notre boutique en ligne. Nous proposons \u00e0 la vente des Meo PV9 bon march\u00e9 et de haute qualit\u00e9 et proposons une livraison dans le monde entier. Vous pouvez commander de n'importe o\u00f9, \u00e0 tout moment.","og_url":"https:\/\/nembutalboutique.com\/nl\/product\/meo-pv9-online-kopen\/","og_site_name":"Nembutal Boutique","article_modified_time":"2024-09-20T10:09:08+00:00","og_image":[{"width":600,"height":600,"url":"https:\/\/nembutalboutique.com\/wp-content\/uploads\/2024\/09\/MEO-PV9.gif","type":"image\/gif"}],"twitter_card":"summary_large_image","twitter_misc":{"Geschatte leestijd":"4 minuten"},"schema":{"@context":"https:\/\/schema.org","@graph":[{"@type":"WebPage","@id":"https:\/\/nembutalboutique.com\/produit\/meo-pv9\/","url":"https:\/\/nembutalboutique.com\/produit\/meo-pv9\/","name":"Meo PV9 online kopen - Meo PV9 te koop","isPartOf":{"@id":"https:\/\/nembutalboutique.com\/#website"},"primaryImageOfPage":{"@id":"https:\/\/nembutalboutique.com\/produit\/meo-pv9\/#primaryimage"},"image":{"@id":"https:\/\/nembutalboutique.com\/produit\/meo-pv9\/#primaryimage"},"thumbnailUrl":"https:\/\/nembutalboutique.com\/wp-content\/uploads\/2024\/09\/MEO-PV9.gif","datePublished":"2024-09-16T08:13:49+00:00","dateModified":"2024-09-20T10:09:08+00:00","description":"Je kunt Meo PV9 online kopen tegen de beste prijzen in onze online winkel. Wij bieden goedkope Meo PV9 van hoge kwaliteit te koop en wereldwijde levering. Je kunt altijd en overal bestellen.","breadcrumb":{"@id":"https:\/\/nembutalboutique.com\/produit\/meo-pv9\/#breadcrumb"},"inLanguage":"nl-BE","potentialAction":[{"@type":"ReadAction","target":["https:\/\/nembutalboutique.com\/produit\/meo-pv9\/"]}]},{"@type":"ImageObject","inLanguage":"nl-BE","@id":"https:\/\/nembutalboutique.com\/produit\/meo-pv9\/#primaryimage","url":"https:\/\/nembutalboutique.com\/wp-content\/uploads\/2024\/09\/MEO-PV9.gif","contentUrl":"https:\/\/nembutalboutique.com\/wp-content\/uploads\/2024\/09\/MEO-PV9.gif","width":600,"height":600,"caption":"Acheter MEO-PV9.gif"},{"@type":"BreadcrumbList","@id":"https:\/\/nembutalboutique.com\/produit\/meo-pv9\/#breadcrumb","itemListElement":[{"@type":"ListItem","position":1,"name":"Home","item":"https:\/\/nembutalboutique.com\/"},{"@type":"ListItem","position":2,"name":"Boutique","item":"https:\/\/nembutalboutique.com\/shop\/"},{"@type":"ListItem","position":3,"name":"MEO-PV9"}]},{"@type":"WebSite","@id":"https:\/\/nembutalboutique.com\/#website","url":"https:\/\/nembutalboutique.com\/","name":"Nembutal winkel","description":"Mijn WordPress Blog","publisher":{"@id":"https:\/\/nembutalboutique.com\/#organization"},"potentialAction":[{"@type":"SearchAction","target":{"@type":"EntryPoint","urlTemplate":"https:\/\/nembutalboutique.com\/?s={search_term_string}"},"query-input":{"@type":"PropertyValueSpecification","valueRequired":true,"valueName":"search_term_string"}}],"inLanguage":"nl-BE"},{"@type":"Organization","@id":"https:\/\/nembutalboutique.com\/#organization","name":"Nembutal winkel","url":"https:\/\/nembutalboutique.com\/","logo":{"@type":"ImageObject","inLanguage":"nl-BE","@id":"https:\/\/nembutalboutique.com\/#\/schema\/logo\/image\/","url":"https:\/\/nembutalboutique.com\/wp-content\/uploads\/2024\/01\/logo.png","contentUrl":"https:\/\/nembutalboutique.com\/wp-content\/uploads\/2024\/01\/logo.png","width":494,"height":121,"caption":"Nembutal Boutique"},"image":{"@id":"https:\/\/nembutalboutique.com\/#\/schema\/logo\/image\/"}}]}},"_links":{"self":[{"href":"https:\/\/nembutalboutique.com\/nl\/wp-json\/wp\/v2\/product\/2942"}],"collection":[{"href":"https:\/\/nembutalboutique.com\/nl\/wp-json\/wp\/v2\/product"}],"about":[{"href":"https:\/\/nembutalboutique.com\/nl\/wp-json\/wp\/v2\/types\/product"}],"replies":[{"embeddable":true,"href":"https:\/\/nembutalboutique.com\/nl\/wp-json\/wp\/v2\/comments?post=2942"}],"wp:featuredmedia":[{"embeddable":true,"href":"https:\/\/nembutalboutique.com\/nl\/wp-json\/wp\/v2\/media\/2972"}],"wp:attachment":[{"href":"https:\/\/nembutalboutique.com\/nl\/wp-json\/wp\/v2\/media?parent=2942"}],"wp:term":[{"taxonomy":"product_brand","embeddable":true,"href":"https:\/\/nembutalboutique.com\/nl\/wp-json\/wp\/v2\/product_brand?post=2942"},{"taxonomy":"product_cat","embeddable":true,"href":"https:\/\/nembutalboutique.com\/nl\/wp-json\/wp\/v2\/product_cat?post=2942"},{"taxonomy":"product_tag","embeddable":true,"href":"https:\/\/nembutalboutique.com\/nl\/wp-json\/wp\/v2\/product_tag?post=2942"}],"curies":[{"name":"wp","href":"https:\/\/api.w.org\/{rel}","templated":true}]}}