{"id":2934,"date":"2024-09-16T08:13:35","date_gmt":"2024-09-16T08:13:35","guid":{"rendered":"https:\/\/nembutalboutique.com\/?post_type=product&#038;p=2934"},"modified":"2024-09-20T10:14:18","modified_gmt":"2024-09-20T10:14:18","slug":"mphp","status":"publish","type":"product","link":"https:\/\/nembutalboutique.com\/nl\/product\/mphp-online-kopen\/","title":{"rendered":"MPHP"},"content":{"rendered":"<h2>Waar kan ik MPHP-2201 online kopen?<br \/>\nWat is de MPHP-2201?<\/h2>\n<p>5-Fluor MPP-PICA is een analytische referentiestandaard die wordt gebruikt in forensische en onderzoekstoepassingen. De structuur is vergelijkbaar met die van bekende synthetische cannabino\u00efden. kopen <a href=\"https:\/\/nembutalboutique.com\/produit\/mphp\/\">MPHP-2201<\/a> nu online.<\/p>\n<p>Technische details : MPHP-2201 online te koop<\/p>\n<p>Naam fabrikant : -<\/p>\n<p>CAS-nummer :<\/p>\n<p>Een andere naam voor dit product is MPHP-2201.<\/p>\n<p>Molecuulformule: -<\/p>\n<p>Gewicht in gram: - g\/mol<\/p>\n<p>Reinheit 98%<\/p>\n<p>Formulering :<\/p>\n<p>Verzending en opslag: MPHP-2201 online kopen<\/p>\n<p>Opslag: -20\u00b0C<\/p>\n<p>Levering: Kamertemperatuur<\/p>\n<p>Stabiliteit: &lt; 2 jaar<\/p>\n<p>Specificaties<br \/>\nKleur gel<br \/>\nZie ook: Poeder<\/p>\n<p>Het wordt soms 5-fluor-MPhP-PICA en 5-fluor-MPP-PICA genoemd. Het is een onderzoeksmethodologie die in veel laboratoria en onderzoeksfaciliteiten wordt gebruikt.<\/p>\n<p>Alles welbeschouwd is de <a href=\"https:\/\/en.wikipedia.org\/wiki\/4%27-Methyl-%CE%B1-pyrrolidinohexiophenone\">MPHP-2201<\/a> heeft een Ki waarde van 1,0 nM voor CB1 cannabino\u00efde receptoren en 2,6 nM voor CB2 cannabino\u00efde receptoren, waardoor het een krachtige antagonist is.<\/p>\n<p>Bovendien is het gebruik op mensen en dieren verboden vanwege de giftigheid. Het heeft de vorm van een groene peper en heeft een Reinheitsgrad van 98 %.<\/p>\n<p>Aard van de MPHP-2201 chemie MPHP-2201 is een nieuw geneesmiddel dat wereldwijd wordt gebruikt als alternatief voor AM-2201. Er kan een enkele chemische seiner worden gebruikt.<\/p>\n<p>De IUPAC-benaming van MPHP-2201 is methyl(1-(5-fluorpentyl)-1H-indol-3-carbonyl)fenylalanine.<\/p>\n<p>Massa en sommatievorm: Deze stof heeft een molecuulgewicht van 410,5 g\/mol en de sommatievorm Reinheitsgrad en Wellenl\u00e4nge: MPHP-2201 heeft een Wellenl\u00e4nge van 216 tot 291 nm en een Reinheitsgrad van 99 %.<\/p>\n<h3>Wat zijn de effecten van MPHP-2201?<\/h3>\n<p>De effecten van MPHP-2201 zijn vergelijkbaar met die van AM-2201, een krachtige variant van synthetische cannabis. Er zijn geen relevante studies uitgevoerd naar de effecten op mensen. Ervaringen van gebruikers suggereren dat het vooral invloed kan hebben op de lichamelijke en geestelijke gezondheid.<\/p>\n<p>Psychologische symptomen zoals angstaanvallen, paniekaanvallen, hallucinaties en paranoia kunnen optreden na de operatie.<\/p>\n<p>MPHP-2201 kan daarom ook lichamelijke effecten hebben. Pati\u00ebnten kunnen last krijgen van branderigheid, stuiptrekkingen, brandend maagzuur en buikpijn.<\/p>\n<h3>Opmerking: dit product is niet bedoeld voor gebruik door mensen of dieren.<\/h3>\n<p>Doseerrichtlijnen voor MPHP-2201 Volgens meldingen van pati\u00ebnten is de typische dosering van MPHP-2201 100 mg. Geen enkele specialist weet dit. Als je meer dan 100 mg neemt, zul je zowel gunstige als ongunstige effecten ervaren.<\/p>\n<p>Er kunnen echter ernstige effecten optreden als je een grotere dosis neemt of als je het combineert met andere drugs, zoals alcohol.<\/p>\n<p>Het kan mogelijk fatale gevolgen hebben voor het menselijk lichaam en schade aan organen veroorzaken.<\/p>\n<h3>Juridische status van de MPHP-2201<\/h3>\n<p>Vooral vanwege de krachtige en schadelijke effecten is AM-2201 in veel landen bij wet verboden. Het feit dat zijn tegenhanger MPHP-2201 niet verboden of gereguleerd is, is een voordeel voor onderzoekers.<\/p>\n<p>Het is in veel landen ook online verkrijgbaar als onderzoekschemicali\u00ebn of synthetische drugs.<\/p>\n<p>Dit geneesmiddel moet echter voldoen aan specifieke beperkingen in landen met een vergelijkbare strenge wetgeving.<\/p>\n<p>Bevestig voordat u een bestelling indient dat dit materiaal<br \/>\nniet verboden of beperkt is in uw land.<\/p>\n<h3>MPHP bij het kopen van nembutal: koop het omdat kwaliteit telt!<\/h3>\n<p>Koop MPHP online van de beste professioneel geproduceerde Europese chemische bedrijven tegen 98 % minimum + Reinheit garantie. Wij leveren de COA van elke batch die chemisch geproduceerd is tijdens ons onderzoek!<\/p>\n<p>Materialen in MPHP<\/p>\n<h3>Bevat ten minste 98 % pure MPHP per regeleenheid.<\/h3>\n<p>Bepaling van MPHP<\/p>\n<p>Omdat MPHP alleen verkocht wordt voor gebruik in wetenschappelijk chemisch onderzoek en niet bedoeld is voor menselijke consumptie, is er geen aanbevolen dosering.<\/p>\n<h3>Effecten van MPHP :<\/h3>\n<p>De klinische effecten van de meeste nieuwe synthetische drugs, zoals MPHP, kunnen worden geclassificeerd als stimulerend, hallucinogeen of opio\u00efde-achtig. Daarnaast heb je een combinatie van deze effecten bij substitutie door synthetische drugs.<\/p>\n<h3>Bijwerkingen van MPHP<\/h3>\n<p>Net als andere synthetische drugs kan het gebruik van MPHP aanzienlijke bijwerkingen hebben. schade veroorzaken; de stof is op geen enkele manier klinisch getest of goedgekeurd als product voor de behandelaar! MPHP is daarom alleen bedoeld voor wetenschappelijk onderzoek en niet voor menselijk gebruik!<\/p>\n<h3>Begrijpen hoe je MPHP kunt behouden<\/h3>\n<p>Bewaar uw MPHP bij een temperatuur onder de 30 graden Celsius. MPHP moet worden bewaard in de originele verpakking, uit de buurt van direct zonlicht en vochtig worden gehouden.<\/p>","protected":false},"excerpt":{"rendered":"<p>O\u00f9 puis-je acheter du MPHP-2201 en ligne\u00a0? Qu&rsquo;est-ce que le MPHP-2201\u00a0? Le 5-Fluorine MPP-PICA est un \u00e9talon de r\u00e9f\u00e9rence analytique utilis\u00e9 dans les applications m\u00e9dico-l\u00e9gales et de recherche. Sa structure est similaire \u00e0 celle des cannabino\u00efdes synth\u00e9tiques connus. Achetez du MPHP-2201 en ligne d\u00e8s maintenant. D\u00e9tails techniques\u00a0: MPHP-2201 disponible \u00e0 l&rsquo;achat en ligne Nom du [&hellip;]<\/p>","protected":false},"featured_media":2940,"comment_status":"open","ping_status":"closed","template":"","meta":{"_joinchat":[]},"product_brand":[],"product_cat":[385],"product_tag":[],"class_list":{"0":"post-2934","1":"product","2":"type-product","3":"status-publish","4":"has-post-thumbnail","6":"product_cat-forschung-schemikalien","8":"first","9":"instock","10":"shipping-taxable","11":"purchasable","12":"product-type-variable"},"yoast_head":"<!-- This site is optimized with the Yoast SEO plugin v23.5 - https:\/\/yoast.com\/wordpress\/plugins\/seo\/ -->\n<title>Achetez du MPHP en ligne - MPHP \u00e0 vendre<\/title>\n<meta name=\"description\" content=\"Vous souhaitez acheter du MPHP en ligne \u00e0 un prix raisonnable ? Visitez notre boutique en ligne r\u00e9put\u00e9e NembutalBoutique et obtenez du MPHP en vente d\u00e8s aujourd&#039;hui. Passez une commande maintenant !\" \/>\n<meta name=\"robots\" content=\"index, follow, max-snippet:-1, max-image-preview:large, max-video-preview:-1\" \/>\n<link rel=\"canonical\" href=\"https:\/\/nembutalboutique.com\/nl\/product\/mphp-online-kopen\/\" \/>\n<meta property=\"og:locale\" content=\"nl_BE\" \/>\n<meta property=\"og:type\" content=\"article\" \/>\n<meta property=\"og:title\" content=\"Achetez du MPHP en ligne - MPHP \u00e0 vendre\" \/>\n<meta property=\"og:description\" content=\"Vous souhaitez acheter du MPHP en ligne \u00e0 un prix raisonnable ? Visitez notre boutique en ligne r\u00e9put\u00e9e NembutalBoutique et obtenez du MPHP en vente d\u00e8s aujourd&#039;hui. Passez une commande maintenant !\" \/>\n<meta property=\"og:url\" content=\"https:\/\/nembutalboutique.com\/nl\/product\/mphp-online-kopen\/\" \/>\n<meta property=\"og:site_name\" content=\"Nembutal Boutique\" \/>\n<meta property=\"article:modified_time\" content=\"2024-09-20T10:14:18+00:00\" \/>\n<meta property=\"og:image\" content=\"https:\/\/nembutalboutique.com\/wp-content\/uploads\/2024\/09\/MPHP.gif\" \/>\n\t<meta property=\"og:image:width\" content=\"600\" \/>\n\t<meta property=\"og:image:height\" content=\"600\" \/>\n\t<meta property=\"og:image:type\" content=\"image\/gif\" \/>\n<meta name=\"twitter:card\" content=\"summary_large_image\" \/>\n<meta name=\"twitter:label1\" content=\"Geschatte leestijd\" \/>\n\t<meta name=\"twitter:data1\" content=\"4 minuten\" \/>\n<script type=\"application\/ld+json\" class=\"yoast-schema-graph\">{\"@context\":\"https:\/\/schema.org\",\"@graph\":[{\"@type\":\"WebPage\",\"@id\":\"https:\/\/nembutalboutique.com\/produit\/mphp\/\",\"url\":\"https:\/\/nembutalboutique.com\/produit\/mphp\/\",\"name\":\"Achetez du MPHP en ligne - MPHP \u00e0 vendre\",\"isPartOf\":{\"@id\":\"https:\/\/nembutalboutique.com\/#website\"},\"primaryImageOfPage\":{\"@id\":\"https:\/\/nembutalboutique.com\/produit\/mphp\/#primaryimage\"},\"image\":{\"@id\":\"https:\/\/nembutalboutique.com\/produit\/mphp\/#primaryimage\"},\"thumbnailUrl\":\"https:\/\/nembutalboutique.com\/wp-content\/uploads\/2024\/09\/MPHP.gif\",\"datePublished\":\"2024-09-16T08:13:35+00:00\",\"dateModified\":\"2024-09-20T10:14:18+00:00\",\"description\":\"Vous souhaitez acheter du MPHP en ligne \u00e0 un prix raisonnable ? Visitez notre boutique en ligne r\u00e9put\u00e9e NembutalBoutique et obtenez du MPHP en vente d\u00e8s aujourd'hui. Passez une commande maintenant !\",\"breadcrumb\":{\"@id\":\"https:\/\/nembutalboutique.com\/produit\/mphp\/#breadcrumb\"},\"inLanguage\":\"nl-BE\",\"potentialAction\":[{\"@type\":\"ReadAction\",\"target\":[\"https:\/\/nembutalboutique.com\/produit\/mphp\/\"]}]},{\"@type\":\"ImageObject\",\"inLanguage\":\"nl-BE\",\"@id\":\"https:\/\/nembutalboutique.com\/produit\/mphp\/#primaryimage\",\"url\":\"https:\/\/nembutalboutique.com\/wp-content\/uploads\/2024\/09\/MPHP.gif\",\"contentUrl\":\"https:\/\/nembutalboutique.com\/wp-content\/uploads\/2024\/09\/MPHP.gif\",\"width\":600,\"height\":600,\"caption\":\"Acheter MPHP.gif\"},{\"@type\":\"BreadcrumbList\",\"@id\":\"https:\/\/nembutalboutique.com\/produit\/mphp\/#breadcrumb\",\"itemListElement\":[{\"@type\":\"ListItem\",\"position\":1,\"name\":\"Home\",\"item\":\"https:\/\/nembutalboutique.com\/\"},{\"@type\":\"ListItem\",\"position\":2,\"name\":\"Boutique\",\"item\":\"https:\/\/nembutalboutique.com\/shop\/\"},{\"@type\":\"ListItem\",\"position\":3,\"name\":\"MPHP\"}]},{\"@type\":\"WebSite\",\"@id\":\"https:\/\/nembutalboutique.com\/#website\",\"url\":\"https:\/\/nembutalboutique.com\/\",\"name\":\"Nembutal Boutique\",\"description\":\"My WordPress Blog\",\"publisher\":{\"@id\":\"https:\/\/nembutalboutique.com\/#organization\"},\"potentialAction\":[{\"@type\":\"SearchAction\",\"target\":{\"@type\":\"EntryPoint\",\"urlTemplate\":\"https:\/\/nembutalboutique.com\/?s={search_term_string}\"},\"query-input\":{\"@type\":\"PropertyValueSpecification\",\"valueRequired\":true,\"valueName\":\"search_term_string\"}}],\"inLanguage\":\"nl-BE\"},{\"@type\":\"Organization\",\"@id\":\"https:\/\/nembutalboutique.com\/#organization\",\"name\":\"Nembutal Boutique\",\"url\":\"https:\/\/nembutalboutique.com\/\",\"logo\":{\"@type\":\"ImageObject\",\"inLanguage\":\"nl-BE\",\"@id\":\"https:\/\/nembutalboutique.com\/#\/schema\/logo\/image\/\",\"url\":\"https:\/\/nembutalboutique.com\/wp-content\/uploads\/2024\/01\/logo.png\",\"contentUrl\":\"https:\/\/nembutalboutique.com\/wp-content\/uploads\/2024\/01\/logo.png\",\"width\":494,\"height\":121,\"caption\":\"Nembutal Boutique\"},\"image\":{\"@id\":\"https:\/\/nembutalboutique.com\/#\/schema\/logo\/image\/\"}}]}<\/script>\n<!-- \/ Yoast SEO plugin. -->","yoast_head_json":{"title":"MPHP online kopen - MPHP te koop","description":"Wil je MPHP online kopen tegen een redelijke prijs? Bezoek onze gerenommeerde online winkel NembutalBoutique en haal MPHP vandaag nog in huis. Plaats nu een bestelling!","robots":{"index":"index","follow":"follow","max-snippet":"max-snippet:-1","max-image-preview":"max-image-preview:large","max-video-preview":"max-video-preview:-1"},"canonical":"https:\/\/nembutalboutique.com\/nl\/product\/mphp-online-kopen\/","og_locale":"nl_BE","og_type":"article","og_title":"Achetez du MPHP en ligne - MPHP \u00e0 vendre","og_description":"Vous souhaitez acheter du MPHP en ligne \u00e0 un prix raisonnable ? Visitez notre boutique en ligne r\u00e9put\u00e9e NembutalBoutique et obtenez du MPHP en vente d\u00e8s aujourd'hui. Passez une commande maintenant !","og_url":"https:\/\/nembutalboutique.com\/nl\/product\/mphp-online-kopen\/","og_site_name":"Nembutal Boutique","article_modified_time":"2024-09-20T10:14:18+00:00","og_image":[{"width":600,"height":600,"url":"https:\/\/nembutalboutique.com\/wp-content\/uploads\/2024\/09\/MPHP.gif","type":"image\/gif"}],"twitter_card":"summary_large_image","twitter_misc":{"Geschatte leestijd":"4 minuten"},"schema":{"@context":"https:\/\/schema.org","@graph":[{"@type":"WebPage","@id":"https:\/\/nembutalboutique.com\/produit\/mphp\/","url":"https:\/\/nembutalboutique.com\/produit\/mphp\/","name":"MPHP online kopen - MPHP te koop","isPartOf":{"@id":"https:\/\/nembutalboutique.com\/#website"},"primaryImageOfPage":{"@id":"https:\/\/nembutalboutique.com\/produit\/mphp\/#primaryimage"},"image":{"@id":"https:\/\/nembutalboutique.com\/produit\/mphp\/#primaryimage"},"thumbnailUrl":"https:\/\/nembutalboutique.com\/wp-content\/uploads\/2024\/09\/MPHP.gif","datePublished":"2024-09-16T08:13:35+00:00","dateModified":"2024-09-20T10:14:18+00:00","description":"Wil je MPHP online kopen tegen een redelijke prijs? Bezoek onze gerenommeerde online winkel NembutalBoutique en haal MPHP vandaag nog in huis. Plaats nu een bestelling!","breadcrumb":{"@id":"https:\/\/nembutalboutique.com\/produit\/mphp\/#breadcrumb"},"inLanguage":"nl-BE","potentialAction":[{"@type":"ReadAction","target":["https:\/\/nembutalboutique.com\/produit\/mphp\/"]}]},{"@type":"ImageObject","inLanguage":"nl-BE","@id":"https:\/\/nembutalboutique.com\/produit\/mphp\/#primaryimage","url":"https:\/\/nembutalboutique.com\/wp-content\/uploads\/2024\/09\/MPHP.gif","contentUrl":"https:\/\/nembutalboutique.com\/wp-content\/uploads\/2024\/09\/MPHP.gif","width":600,"height":600,"caption":"Acheter MPHP.gif"},{"@type":"BreadcrumbList","@id":"https:\/\/nembutalboutique.com\/produit\/mphp\/#breadcrumb","itemListElement":[{"@type":"ListItem","position":1,"name":"Home","item":"https:\/\/nembutalboutique.com\/"},{"@type":"ListItem","position":2,"name":"Boutique","item":"https:\/\/nembutalboutique.com\/shop\/"},{"@type":"ListItem","position":3,"name":"MPHP"}]},{"@type":"WebSite","@id":"https:\/\/nembutalboutique.com\/#website","url":"https:\/\/nembutalboutique.com\/","name":"Nembutal winkel","description":"Mijn WordPress Blog","publisher":{"@id":"https:\/\/nembutalboutique.com\/#organization"},"potentialAction":[{"@type":"SearchAction","target":{"@type":"EntryPoint","urlTemplate":"https:\/\/nembutalboutique.com\/?s={search_term_string}"},"query-input":{"@type":"PropertyValueSpecification","valueRequired":true,"valueName":"search_term_string"}}],"inLanguage":"nl-BE"},{"@type":"Organization","@id":"https:\/\/nembutalboutique.com\/#organization","name":"Nembutal winkel","url":"https:\/\/nembutalboutique.com\/","logo":{"@type":"ImageObject","inLanguage":"nl-BE","@id":"https:\/\/nembutalboutique.com\/#\/schema\/logo\/image\/","url":"https:\/\/nembutalboutique.com\/wp-content\/uploads\/2024\/01\/logo.png","contentUrl":"https:\/\/nembutalboutique.com\/wp-content\/uploads\/2024\/01\/logo.png","width":494,"height":121,"caption":"Nembutal Boutique"},"image":{"@id":"https:\/\/nembutalboutique.com\/#\/schema\/logo\/image\/"}}]}},"_links":{"self":[{"href":"https:\/\/nembutalboutique.com\/nl\/wp-json\/wp\/v2\/product\/2934"}],"collection":[{"href":"https:\/\/nembutalboutique.com\/nl\/wp-json\/wp\/v2\/product"}],"about":[{"href":"https:\/\/nembutalboutique.com\/nl\/wp-json\/wp\/v2\/types\/product"}],"replies":[{"embeddable":true,"href":"https:\/\/nembutalboutique.com\/nl\/wp-json\/wp\/v2\/comments?post=2934"}],"wp:featuredmedia":[{"embeddable":true,"href":"https:\/\/nembutalboutique.com\/nl\/wp-json\/wp\/v2\/media\/2940"}],"wp:attachment":[{"href":"https:\/\/nembutalboutique.com\/nl\/wp-json\/wp\/v2\/media?parent=2934"}],"wp:term":[{"taxonomy":"product_brand","embeddable":true,"href":"https:\/\/nembutalboutique.com\/nl\/wp-json\/wp\/v2\/product_brand?post=2934"},{"taxonomy":"product_cat","embeddable":true,"href":"https:\/\/nembutalboutique.com\/nl\/wp-json\/wp\/v2\/product_cat?post=2934"},{"taxonomy":"product_tag","embeddable":true,"href":"https:\/\/nembutalboutique.com\/nl\/wp-json\/wp\/v2\/product_tag?post=2934"}],"curies":[{"name":"wp","href":"https:\/\/api.w.org\/{rel}","templated":true}]}}