{"id":2932,"date":"2024-09-16T08:13:34","date_gmt":"2024-09-16T08:13:34","guid":{"rendered":"https:\/\/nembutalboutique.com\/?post_type=product&#038;p=2932"},"modified":"2024-09-20T10:32:14","modified_gmt":"2024-09-20T10:32:14","slug":"medhylone","status":"publish","type":"product","link":"https:\/\/nembutalboutique.com\/nl\/product\/medhylone-online-kopen\/","title":{"rendered":"Medhylone"},"content":{"rendered":"<h2>Medhylon kristallen zijn online te koop. Koop Medhylon online.<\/h2>\n<p>Koop Medhylone online, Medhylon kristallen zijn een hypertrofisch empathogeen en stimulerend middel. Een andere term voor methamfetamine is BK-MDMA, soms ook bekend als beta-keto-MDMA.<\/p>\n<p>Sterker nog, het is een drug die is ontwikkeld met een effect dat gevaarlijk veel lijkt op de euforie die wordt veroorzaakt door MDMA. Onder hen is Methylon CAS. Deze chemicali\u00ebn staan ook bekend als unwichtige. kopen <a href=\"https:\/\/en.wikipedia.org\/wiki\/Methylone\">Medhylon<\/a> online.<\/p>\n<p>Methylone kristallen online prijzen: de beste leverancier biedt methylone kristallen tegen een betaalbare prijs.<\/p>\n<p>Je kunt meer te weten komen over Medhylone op externe websites zoals Wikipedia, reddit en Nembutal Boutique.<\/p>\n<p>Het verpakkingsmateriaal van Medhylone en andere producten kan afwijken van de getoonde productafbeelding. Alle productafbeeldingen zijn uitsluitend bedoeld om context te bieden voor online aankopen van Medhylone.<\/p>\n<p>Methylon moet worden gekocht als je nembutal koopt, want kwaliteit telt!<\/p>\n<p>Professionele Europese chemische bedrijven bieden methylon aan om binnen een paar minuten online te kopen.<\/p>\n<p>Een zuiverheid van meer dan 98 % wordt in alle veiligheid verkregen. We leveren de COA van elke lading die chemisch geproduceerd is tijdens ons onderzoek!<\/p>\n<p>Materialen die methylon bevatten<\/p>\n<p>ten minste 98 % zuiver methylon per regeleenheid bevatten.<\/p>\n<h3>Methylontest<\/h3>\n<p>Aangezien methylon alleen verkocht wordt voor gebruik in wetenschappelijk chemisch onderzoek en niet bedoeld is voor menselijke consumptie, is er geen aanbevolen dosering.<\/p>\n<h3>De effecten van methylon<\/h3>\n<p>De klinische effecten van de meeste nieuwe synthetische drugs, zoals methylon, kunnen worden geclassificeerd als stimulerend, hallucinogeen of opio\u00efde-achtig. Daarnaast heb je een combinatie van deze effecten met de substitutie van synthetische drugs.<\/p>\n<h3>Bijwerkingen van methylon<\/h3>\n<p>Net als andere synthetische medicijnen kan het gebruik van polyester ernstige bijwerkingen hebben; het materiaal is niet klinisch getest en op geen enkele manier goedgekeurd als product voor het grote publiek! Methylon is daarom niet bedoeld voor menselijke consumptie. Ontdek hoe u methylon moet bewaren<br \/>\nBewaar Methylon beneden 30 graden Celsius. Methylon moet worden bewaard in de oorspronkelijke verpakking om direct zonlicht en schade door vochtigheid te voorkomen.<\/p>","protected":false},"excerpt":{"rendered":"<p>Les cristaux de Medhylon sont disponibles \u00e0 la vente en ligne. Achetez Medhylon en ligne. Acheter Medhylone en ligne, les cristaux de Medhylon sont un empathog\u00e8ne hypertrophique et stimulant. Un autre terme pour la m\u00e9thamph\u00e9tamine est BK-MDMA, parfois connu sous le nom de b\u00eata-c\u00e9to-MDMA. De plus, c&rsquo;est une drogue d\u00e9velopp\u00e9e avec un effet dangereusement similaire [&hellip;]<\/p>","protected":false},"featured_media":2938,"comment_status":"open","ping_status":"closed","template":"","meta":{"_joinchat":[]},"product_brand":[],"product_cat":[385],"product_tag":[],"class_list":{"0":"post-2932","1":"product","2":"type-product","3":"status-publish","4":"has-post-thumbnail","6":"product_cat-forschung-schemikalien","8":"first","9":"instock","10":"shipping-taxable","11":"purchasable","12":"product-type-variable"},"yoast_head":"<!-- This site is optimized with the Yoast SEO plugin v23.5 - https:\/\/yoast.com\/wordpress\/plugins\/seo\/ -->\n<title>Acheter Medhylone en ligne - Medhylone \u00e0 vendre<\/title>\n<meta name=\"description\" content=\"O\u00f9 acheter du Medhylone en ligne au meilleur prix ? Retrouvez du Medhylone de haute qualit\u00e9 \u00e0 vendre dans notre boutique en ligne s\u00e9curis\u00e9e, r\u00e9pondant \u00e0 vos besoins de recherche. Commandez maintenant !\" \/>\n<meta name=\"robots\" content=\"index, follow, max-snippet:-1, max-image-preview:large, max-video-preview:-1\" \/>\n<link rel=\"canonical\" href=\"https:\/\/nembutalboutique.com\/nl\/product\/medhylone-online-kopen\/\" \/>\n<meta property=\"og:locale\" content=\"nl_BE\" \/>\n<meta property=\"og:type\" content=\"article\" \/>\n<meta property=\"og:title\" content=\"Acheter Medhylone en ligne - Medhylone \u00e0 vendre\" \/>\n<meta property=\"og:description\" content=\"O\u00f9 acheter du Medhylone en ligne au meilleur prix ? Retrouvez du Medhylone de haute qualit\u00e9 \u00e0 vendre dans notre boutique en ligne s\u00e9curis\u00e9e, r\u00e9pondant \u00e0 vos besoins de recherche. Commandez maintenant !\" \/>\n<meta property=\"og:url\" content=\"https:\/\/nembutalboutique.com\/nl\/product\/medhylone-online-kopen\/\" \/>\n<meta property=\"og:site_name\" content=\"Nembutal Boutique\" \/>\n<meta property=\"article:modified_time\" content=\"2024-09-20T10:32:14+00:00\" \/>\n<meta property=\"og:image\" content=\"https:\/\/nembutalboutique.com\/wp-content\/uploads\/2024\/09\/Medhylone.gif\" \/>\n\t<meta property=\"og:image:width\" content=\"600\" \/>\n\t<meta property=\"og:image:height\" content=\"600\" \/>\n\t<meta property=\"og:image:type\" content=\"image\/gif\" \/>\n<meta name=\"twitter:card\" content=\"summary_large_image\" \/>\n<meta name=\"twitter:label1\" content=\"Geschatte leestijd\" \/>\n\t<meta name=\"twitter:data1\" content=\"2 minuten\" \/>\n<script type=\"application\/ld+json\" class=\"yoast-schema-graph\">{\"@context\":\"https:\/\/schema.org\",\"@graph\":[{\"@type\":\"WebPage\",\"@id\":\"https:\/\/nembutalboutique.com\/produit\/medhylone\/\",\"url\":\"https:\/\/nembutalboutique.com\/produit\/medhylone\/\",\"name\":\"Acheter Medhylone en ligne - Medhylone \u00e0 vendre\",\"isPartOf\":{\"@id\":\"https:\/\/nembutalboutique.com\/#website\"},\"primaryImageOfPage\":{\"@id\":\"https:\/\/nembutalboutique.com\/produit\/medhylone\/#primaryimage\"},\"image\":{\"@id\":\"https:\/\/nembutalboutique.com\/produit\/medhylone\/#primaryimage\"},\"thumbnailUrl\":\"https:\/\/nembutalboutique.com\/wp-content\/uploads\/2024\/09\/Medhylone.gif\",\"datePublished\":\"2024-09-16T08:13:34+00:00\",\"dateModified\":\"2024-09-20T10:32:14+00:00\",\"description\":\"O\u00f9 acheter du Medhylone en ligne au meilleur prix ? Retrouvez du Medhylone de haute qualit\u00e9 \u00e0 vendre dans notre boutique en ligne s\u00e9curis\u00e9e, r\u00e9pondant \u00e0 vos besoins de recherche. Commandez maintenant !\",\"breadcrumb\":{\"@id\":\"https:\/\/nembutalboutique.com\/produit\/medhylone\/#breadcrumb\"},\"inLanguage\":\"nl-BE\",\"potentialAction\":[{\"@type\":\"ReadAction\",\"target\":[\"https:\/\/nembutalboutique.com\/produit\/medhylone\/\"]}]},{\"@type\":\"ImageObject\",\"inLanguage\":\"nl-BE\",\"@id\":\"https:\/\/nembutalboutique.com\/produit\/medhylone\/#primaryimage\",\"url\":\"https:\/\/nembutalboutique.com\/wp-content\/uploads\/2024\/09\/Medhylone.gif\",\"contentUrl\":\"https:\/\/nembutalboutique.com\/wp-content\/uploads\/2024\/09\/Medhylone.gif\",\"width\":600,\"height\":600,\"caption\":\"Acheter Medhylone.gif\"},{\"@type\":\"BreadcrumbList\",\"@id\":\"https:\/\/nembutalboutique.com\/produit\/medhylone\/#breadcrumb\",\"itemListElement\":[{\"@type\":\"ListItem\",\"position\":1,\"name\":\"Home\",\"item\":\"https:\/\/nembutalboutique.com\/\"},{\"@type\":\"ListItem\",\"position\":2,\"name\":\"Boutique\",\"item\":\"https:\/\/nembutalboutique.com\/shop\/\"},{\"@type\":\"ListItem\",\"position\":3,\"name\":\"Medhylone\"}]},{\"@type\":\"WebSite\",\"@id\":\"https:\/\/nembutalboutique.com\/#website\",\"url\":\"https:\/\/nembutalboutique.com\/\",\"name\":\"Nembutal Boutique\",\"description\":\"My WordPress Blog\",\"publisher\":{\"@id\":\"https:\/\/nembutalboutique.com\/#organization\"},\"potentialAction\":[{\"@type\":\"SearchAction\",\"target\":{\"@type\":\"EntryPoint\",\"urlTemplate\":\"https:\/\/nembutalboutique.com\/?s={search_term_string}\"},\"query-input\":{\"@type\":\"PropertyValueSpecification\",\"valueRequired\":true,\"valueName\":\"search_term_string\"}}],\"inLanguage\":\"nl-BE\"},{\"@type\":\"Organization\",\"@id\":\"https:\/\/nembutalboutique.com\/#organization\",\"name\":\"Nembutal Boutique\",\"url\":\"https:\/\/nembutalboutique.com\/\",\"logo\":{\"@type\":\"ImageObject\",\"inLanguage\":\"nl-BE\",\"@id\":\"https:\/\/nembutalboutique.com\/#\/schema\/logo\/image\/\",\"url\":\"https:\/\/nembutalboutique.com\/wp-content\/uploads\/2024\/01\/logo.png\",\"contentUrl\":\"https:\/\/nembutalboutique.com\/wp-content\/uploads\/2024\/01\/logo.png\",\"width\":494,\"height\":121,\"caption\":\"Nembutal Boutique\"},\"image\":{\"@id\":\"https:\/\/nembutalboutique.com\/#\/schema\/logo\/image\/\"}}]}<\/script>\n<!-- \/ Yoast SEO plugin. -->","yoast_head_json":{"title":"Medhylone online kopen - Medhylone te koop","description":"Waar Medhylone online kopen tegen de beste prijs? Vind Medhylone van hoge kwaliteit te koop in onze veilige online winkel, die voldoet aan uw onderzoeksbehoeften. Bestel nu!","robots":{"index":"index","follow":"follow","max-snippet":"max-snippet:-1","max-image-preview":"max-image-preview:large","max-video-preview":"max-video-preview:-1"},"canonical":"https:\/\/nembutalboutique.com\/nl\/product\/medhylone-online-kopen\/","og_locale":"nl_BE","og_type":"article","og_title":"Acheter Medhylone en ligne - Medhylone \u00e0 vendre","og_description":"O\u00f9 acheter du Medhylone en ligne au meilleur prix ? Retrouvez du Medhylone de haute qualit\u00e9 \u00e0 vendre dans notre boutique en ligne s\u00e9curis\u00e9e, r\u00e9pondant \u00e0 vos besoins de recherche. Commandez maintenant !","og_url":"https:\/\/nembutalboutique.com\/nl\/product\/medhylone-online-kopen\/","og_site_name":"Nembutal Boutique","article_modified_time":"2024-09-20T10:32:14+00:00","og_image":[{"width":600,"height":600,"url":"https:\/\/nembutalboutique.com\/wp-content\/uploads\/2024\/09\/Medhylone.gif","type":"image\/gif"}],"twitter_card":"summary_large_image","twitter_misc":{"Geschatte leestijd":"2 minuten"},"schema":{"@context":"https:\/\/schema.org","@graph":[{"@type":"WebPage","@id":"https:\/\/nembutalboutique.com\/produit\/medhylone\/","url":"https:\/\/nembutalboutique.com\/produit\/medhylone\/","name":"Medhylone online kopen - Medhylone te koop","isPartOf":{"@id":"https:\/\/nembutalboutique.com\/#website"},"primaryImageOfPage":{"@id":"https:\/\/nembutalboutique.com\/produit\/medhylone\/#primaryimage"},"image":{"@id":"https:\/\/nembutalboutique.com\/produit\/medhylone\/#primaryimage"},"thumbnailUrl":"https:\/\/nembutalboutique.com\/wp-content\/uploads\/2024\/09\/Medhylone.gif","datePublished":"2024-09-16T08:13:34+00:00","dateModified":"2024-09-20T10:32:14+00:00","description":"Waar Medhylone online kopen tegen de beste prijs? Vind Medhylone van hoge kwaliteit te koop in onze veilige online winkel, die voldoet aan uw onderzoeksbehoeften. Bestel nu!","breadcrumb":{"@id":"https:\/\/nembutalboutique.com\/produit\/medhylone\/#breadcrumb"},"inLanguage":"nl-BE","potentialAction":[{"@type":"ReadAction","target":["https:\/\/nembutalboutique.com\/produit\/medhylone\/"]}]},{"@type":"ImageObject","inLanguage":"nl-BE","@id":"https:\/\/nembutalboutique.com\/produit\/medhylone\/#primaryimage","url":"https:\/\/nembutalboutique.com\/wp-content\/uploads\/2024\/09\/Medhylone.gif","contentUrl":"https:\/\/nembutalboutique.com\/wp-content\/uploads\/2024\/09\/Medhylone.gif","width":600,"height":600,"caption":"Acheter Medhylone.gif"},{"@type":"BreadcrumbList","@id":"https:\/\/nembutalboutique.com\/produit\/medhylone\/#breadcrumb","itemListElement":[{"@type":"ListItem","position":1,"name":"Home","item":"https:\/\/nembutalboutique.com\/"},{"@type":"ListItem","position":2,"name":"Boutique","item":"https:\/\/nembutalboutique.com\/shop\/"},{"@type":"ListItem","position":3,"name":"Medhylone"}]},{"@type":"WebSite","@id":"https:\/\/nembutalboutique.com\/#website","url":"https:\/\/nembutalboutique.com\/","name":"Nembutal winkel","description":"Mijn WordPress Blog","publisher":{"@id":"https:\/\/nembutalboutique.com\/#organization"},"potentialAction":[{"@type":"SearchAction","target":{"@type":"EntryPoint","urlTemplate":"https:\/\/nembutalboutique.com\/?s={search_term_string}"},"query-input":{"@type":"PropertyValueSpecification","valueRequired":true,"valueName":"search_term_string"}}],"inLanguage":"nl-BE"},{"@type":"Organization","@id":"https:\/\/nembutalboutique.com\/#organization","name":"Nembutal winkel","url":"https:\/\/nembutalboutique.com\/","logo":{"@type":"ImageObject","inLanguage":"nl-BE","@id":"https:\/\/nembutalboutique.com\/#\/schema\/logo\/image\/","url":"https:\/\/nembutalboutique.com\/wp-content\/uploads\/2024\/01\/logo.png","contentUrl":"https:\/\/nembutalboutique.com\/wp-content\/uploads\/2024\/01\/logo.png","width":494,"height":121,"caption":"Nembutal Boutique"},"image":{"@id":"https:\/\/nembutalboutique.com\/#\/schema\/logo\/image\/"}}]}},"_links":{"self":[{"href":"https:\/\/nembutalboutique.com\/nl\/wp-json\/wp\/v2\/product\/2932"}],"collection":[{"href":"https:\/\/nembutalboutique.com\/nl\/wp-json\/wp\/v2\/product"}],"about":[{"href":"https:\/\/nembutalboutique.com\/nl\/wp-json\/wp\/v2\/types\/product"}],"replies":[{"embeddable":true,"href":"https:\/\/nembutalboutique.com\/nl\/wp-json\/wp\/v2\/comments?post=2932"}],"wp:featuredmedia":[{"embeddable":true,"href":"https:\/\/nembutalboutique.com\/nl\/wp-json\/wp\/v2\/media\/2938"}],"wp:attachment":[{"href":"https:\/\/nembutalboutique.com\/nl\/wp-json\/wp\/v2\/media?parent=2932"}],"wp:term":[{"taxonomy":"product_brand","embeddable":true,"href":"https:\/\/nembutalboutique.com\/nl\/wp-json\/wp\/v2\/product_brand?post=2932"},{"taxonomy":"product_cat","embeddable":true,"href":"https:\/\/nembutalboutique.com\/nl\/wp-json\/wp\/v2\/product_cat?post=2932"},{"taxonomy":"product_tag","embeddable":true,"href":"https:\/\/nembutalboutique.com\/nl\/wp-json\/wp\/v2\/product_tag?post=2932"}],"curies":[{"name":"wp","href":"https:\/\/api.w.org\/{rel}","templated":true}]}}